{"id":3709,"date":"2020-03-27T09:18:46","date_gmt":"2020-03-27T09:18:46","guid":{"rendered":"https:\/\/chemitool.com\/products\/sem%20categoria\/cola-para-madeira-d2-chemiglu\/"},"modified":"2020-09-18T11:19:22","modified_gmt":"2020-09-18T11:19:22","slug":"cola-para-madeira-d2-chemiglu","status":"publish","type":"product","link":"https:\/\/chemitool.com\/pt-pt\/products\/chemicals\/colas\/colas-para-madeira\/cola-para-madeira-d2-chemiglu\/","title":{"rendered":"COLA PARA MADEIRA D2 CHEMIGLU"},"content":{"rendered":"<p><strong>VANTAGENS<\/strong><\/p>\n<ul>\n<li>F\u00e1cil aplica\u00e7\u00e3o<\/li>\n<li>Cura r\u00e1pida e forte<\/li>\n<li>Adequada para madeiras suaves, duras, ex\u00f3ticas e aglomerados<\/li>\n<li>Boa resist\u00eancia \u00e0 \u00e1gua (D2)<\/li>\n<li>Pode ser aplicada por m\u00e9todos manuais ou mec\u00e2nicos<\/li>\n<li>A aplica\u00e7\u00e3o pode ser realizada tanto em prensa fria como quente<\/li>\n<li>Indicada para interiores<\/li>\n<li>N\u00e3o mancha a madeira nem as ferramentas de trabalho<\/li>\n<\/ul>\n<p><strong>INDICA\u00c7\u00d5ES<\/strong><\/p>\n<p>Pode ser realizada uma prensagem a frio como a quente. O tempo de cura varia consoante a temperatura e a humidade.<\/p>\n<p><strong>TEMPERATURA\/TEMPO DE CURA:<\/strong><\/p>\n<table class=\"color-table\">\n<tbody>\n<tr>\n<th>Temperatura<\/th>\n<th>Folha de Madeira<\/th>\n<th>Pavimento Laminado<\/th>\n<\/tr>\n<tr>\n<td>Frio<\/td>\n<td>2 horas<\/td>\n<td>2 horas e 30 minutos<\/td>\n<\/tr>\n<tr>\n<td>80\u00b0C<\/td>\n<td>3 minutos<\/td>\n<td>3 minutos<\/td>\n<\/tr>\n<tr>\n<td>100\u00b0C<\/td>\n<td>1 minuto<\/td>\n<td>1 minuto e 30 segundos<\/td>\n<\/tr>\n<\/tbody>\n<\/table>\n<p style=\"font-size: 12px; line-height: 14px;\">*Estes valores podem variar em fun\u00e7\u00e3o de factores ambientais como temperatura e humidade. O tempo de cura \u00e9 mais elevado quanto mais baixas forem a temperatura e a humidade e quanto maior for a espessura do produto.<\/p>\n","protected":false},"excerpt":{"rendered":"<p><em>Cola para Madeira D2 CHEMIGLU <\/em>\u00e9 uma cola sint\u00e9tica de poliacetato de vinila, indicada para colagem de todo o tipo de madeiras que precisem de uma cura r\u00e1pida e forte.<\/p>\n","protected":false},"featured_media":29945,"template":"","meta":[],"product_cat":[109,1227,3640],"product_tag":[117],"yoast_head":"<!-- This site is optimized with the Yoast SEO plugin v17.4 - https:\/\/yoast.com\/wordpress\/plugins\/seo\/ -->\n<title>COLA PARA MADEIRA D2 CHEMIGLU &ndash; Chemitool<\/title>\n<meta name=\"description\" content=\"Cola para Madeira D2 CHEMIGLU \u00e9 uma cola sint\u00e9tica de poliacetato de vinila, indicada para colagem de todo o tipo de madeiras que precisem de uma cura r\u00e1pida e forte.\" \/>\n<meta name=\"robots\" content=\"index, follow, max-snippet:-1, max-image-preview:large, max-video-preview:-1\" \/>\n<link rel=\"canonical\" href=\"https:\/\/chemitool.com\/pt-pt\/products\/chemicals\/colas\/colas-para-madeira\/cola-para-madeira-d2-chemiglu\/\" \/>\n<meta property=\"og:locale\" content=\"pt_PT\" \/>\n<meta property=\"og:type\" content=\"article\" \/>\n<meta property=\"og:title\" content=\"COLA PARA MADEIRA D2 CHEMIGLU &ndash; Chemitool\" \/>\n<meta property=\"og:description\" content=\"Cola para Madeira D2 CHEMIGLU \u00e9 uma cola sint\u00e9tica de poliacetato de vinila, indicada para colagem de todo o tipo de madeiras que precisem de uma cura r\u00e1pida e forte.\" \/>\n<meta property=\"og:url\" content=\"https:\/\/chemitool.com\/pt-pt\/products\/chemicals\/colas\/colas-para-madeira\/cola-para-madeira-d2-chemiglu\/\" \/>\n<meta property=\"og:site_name\" content=\"Chemitool\" \/>\n<meta property=\"article:publisher\" content=\"https:\/\/www.facebook.com\/chemitool\" \/>\n<meta property=\"article:modified_time\" content=\"2020-09-18T11:19:22+00:00\" \/>\n<meta property=\"og:image\" content=\"https:\/\/chemitool.com\/wp-content\/uploads\/2020\/03\/CH15010005-WOOD-GLUE.png\" \/>\n\t<meta property=\"og:image:width\" content=\"800\" \/>\n\t<meta property=\"og:image:height\" content=\"800\" \/>\n<meta name=\"twitter:card\" content=\"summary_large_image\" \/>\n<meta name=\"twitter:label1\" content=\"Tempo estimado de leitura\" \/>\n\t<meta name=\"twitter:data1\" content=\"1 minuto\" \/>\n<script type=\"application\/ld+json\" class=\"yoast-schema-graph\">{\"@context\":\"https:\/\/schema.org\",\"@graph\":[{\"@type\":\"Organization\",\"@id\":\"https:\/\/chemitool.com\/#organization\",\"name\":\"Chemitool\",\"url\":\"https:\/\/chemitool.com\/\",\"sameAs\":[\"https:\/\/www.facebook.com\/chemitool\",\"https:\/\/www.instagram.com\/chemitool\/\"],\"logo\":{\"@type\":\"ImageObject\",\"@id\":\"https:\/\/chemitool.com\/#logo\",\"inLanguage\":\"pt-PT\",\"url\":\"https:\/\/chemitool.com\/wp-content\/uploads\/2020\/10\/logo_chemitool.png\",\"contentUrl\":\"https:\/\/chemitool.com\/wp-content\/uploads\/2020\/10\/logo_chemitool.png\",\"width\":400,\"height\":400,\"caption\":\"Chemitool\"},\"image\":{\"@id\":\"https:\/\/chemitool.com\/#logo\"}},{\"@type\":\"WebSite\",\"@id\":\"https:\/\/chemitool.com\/#website\",\"url\":\"https:\/\/chemitool.com\/\",\"name\":\"Chemitool\",\"description\":\"Chemitool - hardware and tools\",\"publisher\":{\"@id\":\"https:\/\/chemitool.com\/#organization\"},\"potentialAction\":[{\"@type\":\"SearchAction\",\"target\":{\"@type\":\"EntryPoint\",\"urlTemplate\":\"https:\/\/chemitool.com\/?s={search_term_string}\"},\"query-input\":\"required name=search_term_string\"}],\"inLanguage\":\"pt-PT\"},{\"@type\":\"ImageObject\",\"@id\":\"https:\/\/chemitool.com\/pt-pt\/products\/chemicals\/colas\/colas-para-madeira\/cola-para-madeira-d2-chemiglu\/#primaryimage\",\"inLanguage\":\"pt-PT\",\"url\":\"https:\/\/chemitool.com\/wp-content\/uploads\/2020\/03\/CH15010005.png\",\"contentUrl\":\"https:\/\/chemitool.com\/wp-content\/uploads\/2020\/03\/CH15010005.png\",\"width\":800,\"height\":800},{\"@type\":\"WebPage\",\"@id\":\"https:\/\/chemitool.com\/pt-pt\/products\/chemicals\/colas\/colas-para-madeira\/cola-para-madeira-d2-chemiglu\/#webpage\",\"url\":\"https:\/\/chemitool.com\/pt-pt\/products\/chemicals\/colas\/colas-para-madeira\/cola-para-madeira-d2-chemiglu\/\",\"name\":\"COLA PARA MADEIRA D2 CHEMIGLU &ndash; Chemitool\",\"isPartOf\":{\"@id\":\"https:\/\/chemitool.com\/#website\"},\"primaryImageOfPage\":{\"@id\":\"https:\/\/chemitool.com\/pt-pt\/products\/chemicals\/colas\/colas-para-madeira\/cola-para-madeira-d2-chemiglu\/#primaryimage\"},\"datePublished\":\"2020-03-27T09:18:46+00:00\",\"dateModified\":\"2020-09-18T11:19:22+00:00\",\"description\":\"Cola para Madeira D2 CHEMIGLU \\u00e9 uma cola sint\\u00e9tica de poliacetato de vinila, indicada para colagem de todo o tipo de madeiras que precisem de uma cura r\\u00e1pida e forte.\",\"breadcrumb\":{\"@id\":\"https:\/\/chemitool.com\/pt-pt\/products\/chemicals\/colas\/colas-para-madeira\/cola-para-madeira-d2-chemiglu\/#breadcrumb\"},\"inLanguage\":\"pt-PT\",\"potentialAction\":[{\"@type\":\"ReadAction\",\"target\":[\"https:\/\/chemitool.com\/pt-pt\/products\/chemicals\/colas\/colas-para-madeira\/cola-para-madeira-d2-chemiglu\/\"]}]},{\"@type\":\"BreadcrumbList\",\"@id\":\"https:\/\/chemitool.com\/pt-pt\/products\/chemicals\/colas\/colas-para-madeira\/cola-para-madeira-d2-chemiglu\/#breadcrumb\",\"itemListElement\":[{\"@type\":\"ListItem\",\"position\":1,\"name\":\"Home\",\"item\":\"https:\/\/chemitool.com\/pt-pt\/\"},{\"@type\":\"ListItem\",\"position\":2,\"name\":\"Produtos\",\"item\":\"https:\/\/chemitool.com\/pt-pt\/produtos\/\"},{\"@type\":\"ListItem\",\"position\":3,\"name\":\"Chemicals\",\"item\":\"https:\/\/chemitool.com\/product-category\/chemical-products\/\"},{\"@type\":\"ListItem\",\"position\":4,\"name\":\"COLA PARA MADEIRA D2 CHEMIGLU\"}]}]}<\/script>\n<!-- \/ Yoast SEO plugin. -->","yoast_head_json":{"title":"COLA PARA MADEIRA D2 CHEMIGLU &ndash; Chemitool","description":"Cola para Madeira D2 CHEMIGLU \u00e9 uma cola sint\u00e9tica de poliacetato de vinila, indicada para colagem de todo o tipo de madeiras que precisem de uma cura r\u00e1pida e forte.","robots":{"index":"index","follow":"follow","max-snippet":"max-snippet:-1","max-image-preview":"max-image-preview:large","max-video-preview":"max-video-preview:-1"},"canonical":"https:\/\/chemitool.com\/pt-pt\/products\/chemicals\/colas\/colas-para-madeira\/cola-para-madeira-d2-chemiglu\/","og_locale":"pt_PT","og_type":"article","og_title":"COLA PARA MADEIRA D2 CHEMIGLU &ndash; Chemitool","og_description":"Cola para Madeira D2 CHEMIGLU \u00e9 uma cola sint\u00e9tica de poliacetato de vinila, indicada para colagem de todo o tipo de madeiras que precisem de uma cura r\u00e1pida e forte.","og_url":"https:\/\/chemitool.com\/pt-pt\/products\/chemicals\/colas\/colas-para-madeira\/cola-para-madeira-d2-chemiglu\/","og_site_name":"Chemitool","article_publisher":"https:\/\/www.facebook.com\/chemitool","article_modified_time":"2020-09-18T11:19:22+00:00","og_image":[{"width":800,"height":800,"url":"https:\/\/chemitool.com\/wp-content\/uploads\/2020\/03\/CH15010005-WOOD-GLUE.png","type":"image\/png"}],"twitter_card":"summary_large_image","twitter_misc":{"Tempo estimado de leitura":"1 minuto"},"schema":{"@context":"https:\/\/schema.org","@graph":[{"@type":"Organization","@id":"https:\/\/chemitool.com\/#organization","name":"Chemitool","url":"https:\/\/chemitool.com\/","sameAs":["https:\/\/www.facebook.com\/chemitool","https:\/\/www.instagram.com\/chemitool\/"],"logo":{"@type":"ImageObject","@id":"https:\/\/chemitool.com\/#logo","inLanguage":"pt-PT","url":"https:\/\/chemitool.com\/wp-content\/uploads\/2020\/10\/logo_chemitool.png","contentUrl":"https:\/\/chemitool.com\/wp-content\/uploads\/2020\/10\/logo_chemitool.png","width":400,"height":400,"caption":"Chemitool"},"image":{"@id":"https:\/\/chemitool.com\/#logo"}},{"@type":"WebSite","@id":"https:\/\/chemitool.com\/#website","url":"https:\/\/chemitool.com\/","name":"Chemitool","description":"Chemitool - hardware and tools","publisher":{"@id":"https:\/\/chemitool.com\/#organization"},"potentialAction":[{"@type":"SearchAction","target":{"@type":"EntryPoint","urlTemplate":"https:\/\/chemitool.com\/?s={search_term_string}"},"query-input":"required name=search_term_string"}],"inLanguage":"pt-PT"},{"@type":"ImageObject","@id":"https:\/\/chemitool.com\/pt-pt\/products\/chemicals\/colas\/colas-para-madeira\/cola-para-madeira-d2-chemiglu\/#primaryimage","inLanguage":"pt-PT","url":"https:\/\/chemitool.com\/wp-content\/uploads\/2020\/03\/CH15010005.png","contentUrl":"https:\/\/chemitool.com\/wp-content\/uploads\/2020\/03\/CH15010005.png","width":800,"height":800},{"@type":"WebPage","@id":"https:\/\/chemitool.com\/pt-pt\/products\/chemicals\/colas\/colas-para-madeira\/cola-para-madeira-d2-chemiglu\/#webpage","url":"https:\/\/chemitool.com\/pt-pt\/products\/chemicals\/colas\/colas-para-madeira\/cola-para-madeira-d2-chemiglu\/","name":"COLA PARA MADEIRA D2 CHEMIGLU &ndash; Chemitool","isPartOf":{"@id":"https:\/\/chemitool.com\/#website"},"primaryImageOfPage":{"@id":"https:\/\/chemitool.com\/pt-pt\/products\/chemicals\/colas\/colas-para-madeira\/cola-para-madeira-d2-chemiglu\/#primaryimage"},"datePublished":"2020-03-27T09:18:46+00:00","dateModified":"2020-09-18T11:19:22+00:00","description":"Cola para Madeira D2 CHEMIGLU \u00e9 uma cola sint\u00e9tica de poliacetato de vinila, indicada para colagem de todo o tipo de madeiras que precisem de uma cura r\u00e1pida e forte.","breadcrumb":{"@id":"https:\/\/chemitool.com\/pt-pt\/products\/chemicals\/colas\/colas-para-madeira\/cola-para-madeira-d2-chemiglu\/#breadcrumb"},"inLanguage":"pt-PT","potentialAction":[{"@type":"ReadAction","target":["https:\/\/chemitool.com\/pt-pt\/products\/chemicals\/colas\/colas-para-madeira\/cola-para-madeira-d2-chemiglu\/"]}]},{"@type":"BreadcrumbList","@id":"https:\/\/chemitool.com\/pt-pt\/products\/chemicals\/colas\/colas-para-madeira\/cola-para-madeira-d2-chemiglu\/#breadcrumb","itemListElement":[{"@type":"ListItem","position":1,"name":"Home","item":"https:\/\/chemitool.com\/pt-pt\/"},{"@type":"ListItem","position":2,"name":"Produtos","item":"https:\/\/chemitool.com\/pt-pt\/produtos\/"},{"@type":"ListItem","position":3,"name":"Chemicals","item":"https:\/\/chemitool.com\/product-category\/chemical-products\/"},{"@type":"ListItem","position":4,"name":"COLA PARA MADEIRA D2 CHEMIGLU"}]}]}},"_links":{"self":[{"href":"https:\/\/chemitool.com\/pt-pt\/wp-json\/wp\/v2\/product\/3709"}],"collection":[{"href":"https:\/\/chemitool.com\/pt-pt\/wp-json\/wp\/v2\/product"}],"about":[{"href":"https:\/\/chemitool.com\/pt-pt\/wp-json\/wp\/v2\/types\/product"}],"wp:featuredmedia":[{"embeddable":true,"href":"https:\/\/chemitool.com\/pt-pt\/wp-json\/wp\/v2\/media\/29945"}],"wp:attachment":[{"href":"https:\/\/chemitool.com\/pt-pt\/wp-json\/wp\/v2\/media?parent=3709"}],"wp:term":[{"taxonomy":"product_cat","embeddable":true,"href":"https:\/\/chemitool.com\/pt-pt\/wp-json\/wp\/v2\/product_cat?post=3709"},{"taxonomy":"product_tag","embeddable":true,"href":"https:\/\/chemitool.com\/pt-pt\/wp-json\/wp\/v2\/product_tag?post=3709"}],"curies":[{"name":"wp","href":"https:\/\/api.w.org\/{rel}","templated":true}]}}