{"id":37081,"date":"2024-01-23T11:59:08","date_gmt":"2024-01-23T11:59:10","guid":{"rendered":"https:\/\/chemitool.com\/?post_type=product&#038;p=37081"},"modified":"2024-01-25T17:41:41","modified_gmt":"2024-01-25T17:41:41","slug":"fita-metrica-flex-plus","status":"publish","type":"product","link":"https:\/\/chemitool.com\/pt-pt\/products\/tools\/medicao-e-nivelacao\/fita-metrica-flex-plus\/","title":{"rendered":"FITA M\u00c9TRICA FLEX PLUS"},"content":{"rendered":"<ul>\n<li>Bot\u00e3o de paragem autom\u00e1tica<\/li>\n<li>Molha de alto rendimento com recolha lenta<\/li>\n<li>L\u00e2mina revestida a nylon resistente \u00e0 corros\u00e3o<\/li>\n<li>Espessura da l\u00e2mina 0,14mm<\/li>\n<li>Dupla impress\u00e3o na l\u00e2mina<\/li>\n<li>Gancho magn\u00e9tico duplo<\/li>\n<li>Clip para pendurar no cinto<\/li>\n<\/ul>\n<p><strong>CAMPOS DE APLICA\u00c7\u00c3O<\/strong><\/p>\n<ul>\n<li>Ind\u00fastria e Constru\u00e7\u00e3o Civil<\/li>\n<\/ul>\n","protected":false},"excerpt":{"rendered":"<p><em>Fita M\u00e9trica Flex Plus CHEMITOOL\u00a0<\/em>com caixa em ABS, revestimento em borracha resistente a quedas e impactos, sensa\u00e7\u00e3o confort\u00e1vel para as m\u00e3os. Caixa compacta e\u00a0 design moderno.<\/p>\n","protected":false},"featured_media":37213,"template":"","meta":[],"product_cat":[1455,5169],"product_tag":[],"yoast_head":"<!-- This site is optimized with the Yoast SEO plugin v17.4 - https:\/\/yoast.com\/wordpress\/plugins\/seo\/ -->\n<title>FITA M\u00c9TRICA FLEX PLUS &ndash; Chemitool<\/title>\n<meta name=\"description\" content=\"Fita M\u00e9trica Flex Plus CHEMITOOL\u00a0com caixa em ABS, revestimento em borracha resistente a quedas e impactos, sensa\u00e7\u00e3o confort\u00e1vel para as m\u00e3os. Caixa compacta e\u00a0 design moderno.\" \/>\n<meta name=\"robots\" content=\"index, follow, max-snippet:-1, max-image-preview:large, max-video-preview:-1\" \/>\n<link rel=\"canonical\" href=\"https:\/\/chemitool.com\/pt-pt\/products\/tools\/medicao-e-nivelacao\/fita-metrica-flex-plus\/\" \/>\n<meta property=\"og:locale\" content=\"pt_PT\" \/>\n<meta property=\"og:type\" content=\"article\" \/>\n<meta property=\"og:title\" content=\"FITA M\u00c9TRICA FLEX PLUS &ndash; Chemitool\" \/>\n<meta property=\"og:description\" content=\"Fita M\u00e9trica Flex Plus CHEMITOOL\u00a0com caixa em ABS, revestimento em borracha resistente a quedas e impactos, sensa\u00e7\u00e3o confort\u00e1vel para as m\u00e3os. Caixa compacta e\u00a0 design moderno.\" \/>\n<meta property=\"og:url\" content=\"https:\/\/chemitool.com\/pt-pt\/products\/tools\/medicao-e-nivelacao\/fita-metrica-flex-plus\/\" \/>\n<meta property=\"og:site_name\" content=\"Chemitool\" \/>\n<meta property=\"article:publisher\" content=\"https:\/\/www.facebook.com\/chemitool\" \/>\n<meta property=\"article:modified_time\" content=\"2024-01-25T17:41:41+00:00\" \/>\n<meta property=\"og:image\" content=\"https:\/\/chemitool.com\/wp-content\/uploads\/2024\/01\/CHT201515001608.png\" \/>\n\t<meta property=\"og:image:width\" content=\"800\" \/>\n\t<meta property=\"og:image:height\" content=\"800\" \/>\n<meta name=\"twitter:card\" content=\"summary_large_image\" \/>\n<script type=\"application\/ld+json\" class=\"yoast-schema-graph\">{\"@context\":\"https:\/\/schema.org\",\"@graph\":[{\"@type\":\"Organization\",\"@id\":\"https:\/\/chemitool.com\/#organization\",\"name\":\"Chemitool\",\"url\":\"https:\/\/chemitool.com\/\",\"sameAs\":[\"https:\/\/www.facebook.com\/chemitool\",\"https:\/\/www.instagram.com\/chemitool\/\"],\"logo\":{\"@type\":\"ImageObject\",\"@id\":\"https:\/\/chemitool.com\/#logo\",\"inLanguage\":\"pt-PT\",\"url\":\"https:\/\/chemitool.com\/wp-content\/uploads\/2020\/10\/logo_chemitool.png\",\"contentUrl\":\"https:\/\/chemitool.com\/wp-content\/uploads\/2020\/10\/logo_chemitool.png\",\"width\":400,\"height\":400,\"caption\":\"Chemitool\"},\"image\":{\"@id\":\"https:\/\/chemitool.com\/#logo\"}},{\"@type\":\"WebSite\",\"@id\":\"https:\/\/chemitool.com\/#website\",\"url\":\"https:\/\/chemitool.com\/\",\"name\":\"Chemitool\",\"description\":\"Chemitool - hardware and tools\",\"publisher\":{\"@id\":\"https:\/\/chemitool.com\/#organization\"},\"potentialAction\":[{\"@type\":\"SearchAction\",\"target\":{\"@type\":\"EntryPoint\",\"urlTemplate\":\"https:\/\/chemitool.com\/?s={search_term_string}\"},\"query-input\":\"required name=search_term_string\"}],\"inLanguage\":\"pt-PT\"},{\"@type\":\"ImageObject\",\"@id\":\"https:\/\/chemitool.com\/pt-pt\/products\/tools\/medicao-e-nivelacao\/fita-metrica-flex-plus\/#primaryimage\",\"inLanguage\":\"pt-PT\",\"url\":\"https:\/\/chemitool.com\/wp-content\/uploads\/2024\/01\/CHT201515001608.png\",\"contentUrl\":\"https:\/\/chemitool.com\/wp-content\/uploads\/2024\/01\/CHT201515001608.png\",\"width\":800,\"height\":800},{\"@type\":\"WebPage\",\"@id\":\"https:\/\/chemitool.com\/pt-pt\/products\/tools\/medicao-e-nivelacao\/fita-metrica-flex-plus\/#webpage\",\"url\":\"https:\/\/chemitool.com\/pt-pt\/products\/tools\/medicao-e-nivelacao\/fita-metrica-flex-plus\/\",\"name\":\"FITA M\\u00c9TRICA FLEX PLUS &ndash; Chemitool\",\"isPartOf\":{\"@id\":\"https:\/\/chemitool.com\/#website\"},\"primaryImageOfPage\":{\"@id\":\"https:\/\/chemitool.com\/pt-pt\/products\/tools\/medicao-e-nivelacao\/fita-metrica-flex-plus\/#primaryimage\"},\"datePublished\":\"2024-01-23T11:59:10+00:00\",\"dateModified\":\"2024-01-25T17:41:41+00:00\",\"description\":\"Fita M\\u00e9trica Flex Plus CHEMITOOL\\u00a0com caixa em ABS, revestimento em borracha resistente a quedas e impactos, sensa\\u00e7\\u00e3o confort\\u00e1vel para as m\\u00e3os. Caixa compacta e\\u00a0 design moderno.\",\"breadcrumb\":{\"@id\":\"https:\/\/chemitool.com\/pt-pt\/products\/tools\/medicao-e-nivelacao\/fita-metrica-flex-plus\/#breadcrumb\"},\"inLanguage\":\"pt-PT\",\"potentialAction\":[{\"@type\":\"ReadAction\",\"target\":[\"https:\/\/chemitool.com\/pt-pt\/products\/tools\/medicao-e-nivelacao\/fita-metrica-flex-plus\/\"]}]},{\"@type\":\"BreadcrumbList\",\"@id\":\"https:\/\/chemitool.com\/pt-pt\/products\/tools\/medicao-e-nivelacao\/fita-metrica-flex-plus\/#breadcrumb\",\"itemListElement\":[{\"@type\":\"ListItem\",\"position\":1,\"name\":\"Home\",\"item\":\"https:\/\/chemitool.com\/pt-pt\/\"},{\"@type\":\"ListItem\",\"position\":2,\"name\":\"Produtos\",\"item\":\"https:\/\/chemitool.com\/pt-pt\/produtos\/\"},{\"@type\":\"ListItem\",\"position\":3,\"name\":\"Tools\",\"item\":\"https:\/\/chemitool.com\/pt-pt\/categoria-produto\/tools\/\"},{\"@type\":\"ListItem\",\"position\":4,\"name\":\"Escadas e Escadotes\",\"item\":\"https:\/\/chemitool.com\/pt-pt\/categoria-produto\/tools\/escadas-e-escadotes\/\"},{\"@type\":\"ListItem\",\"position\":5,\"name\":\"FITA M\\u00c9TRICA FLEX PLUS\"}]}]}<\/script>\n<!-- \/ Yoast SEO plugin. -->","yoast_head_json":{"title":"FITA M\u00c9TRICA FLEX PLUS &ndash; Chemitool","description":"Fita M\u00e9trica Flex Plus CHEMITOOL\u00a0com caixa em ABS, revestimento em borracha resistente a quedas e impactos, sensa\u00e7\u00e3o confort\u00e1vel para as m\u00e3os. Caixa compacta e\u00a0 design moderno.","robots":{"index":"index","follow":"follow","max-snippet":"max-snippet:-1","max-image-preview":"max-image-preview:large","max-video-preview":"max-video-preview:-1"},"canonical":"https:\/\/chemitool.com\/pt-pt\/products\/tools\/medicao-e-nivelacao\/fita-metrica-flex-plus\/","og_locale":"pt_PT","og_type":"article","og_title":"FITA M\u00c9TRICA FLEX PLUS &ndash; Chemitool","og_description":"Fita M\u00e9trica Flex Plus CHEMITOOL\u00a0com caixa em ABS, revestimento em borracha resistente a quedas e impactos, sensa\u00e7\u00e3o confort\u00e1vel para as m\u00e3os. Caixa compacta e\u00a0 design moderno.","og_url":"https:\/\/chemitool.com\/pt-pt\/products\/tools\/medicao-e-nivelacao\/fita-metrica-flex-plus\/","og_site_name":"Chemitool","article_publisher":"https:\/\/www.facebook.com\/chemitool","article_modified_time":"2024-01-25T17:41:41+00:00","og_image":[{"width":800,"height":800,"url":"https:\/\/chemitool.com\/wp-content\/uploads\/2024\/01\/CHT201515001608.png","type":"image\/png"}],"twitter_card":"summary_large_image","schema":{"@context":"https:\/\/schema.org","@graph":[{"@type":"Organization","@id":"https:\/\/chemitool.com\/#organization","name":"Chemitool","url":"https:\/\/chemitool.com\/","sameAs":["https:\/\/www.facebook.com\/chemitool","https:\/\/www.instagram.com\/chemitool\/"],"logo":{"@type":"ImageObject","@id":"https:\/\/chemitool.com\/#logo","inLanguage":"pt-PT","url":"https:\/\/chemitool.com\/wp-content\/uploads\/2020\/10\/logo_chemitool.png","contentUrl":"https:\/\/chemitool.com\/wp-content\/uploads\/2020\/10\/logo_chemitool.png","width":400,"height":400,"caption":"Chemitool"},"image":{"@id":"https:\/\/chemitool.com\/#logo"}},{"@type":"WebSite","@id":"https:\/\/chemitool.com\/#website","url":"https:\/\/chemitool.com\/","name":"Chemitool","description":"Chemitool - hardware and tools","publisher":{"@id":"https:\/\/chemitool.com\/#organization"},"potentialAction":[{"@type":"SearchAction","target":{"@type":"EntryPoint","urlTemplate":"https:\/\/chemitool.com\/?s={search_term_string}"},"query-input":"required name=search_term_string"}],"inLanguage":"pt-PT"},{"@type":"ImageObject","@id":"https:\/\/chemitool.com\/pt-pt\/products\/tools\/medicao-e-nivelacao\/fita-metrica-flex-plus\/#primaryimage","inLanguage":"pt-PT","url":"https:\/\/chemitool.com\/wp-content\/uploads\/2024\/01\/CHT201515001608.png","contentUrl":"https:\/\/chemitool.com\/wp-content\/uploads\/2024\/01\/CHT201515001608.png","width":800,"height":800},{"@type":"WebPage","@id":"https:\/\/chemitool.com\/pt-pt\/products\/tools\/medicao-e-nivelacao\/fita-metrica-flex-plus\/#webpage","url":"https:\/\/chemitool.com\/pt-pt\/products\/tools\/medicao-e-nivelacao\/fita-metrica-flex-plus\/","name":"FITA M\u00c9TRICA FLEX PLUS &ndash; Chemitool","isPartOf":{"@id":"https:\/\/chemitool.com\/#website"},"primaryImageOfPage":{"@id":"https:\/\/chemitool.com\/pt-pt\/products\/tools\/medicao-e-nivelacao\/fita-metrica-flex-plus\/#primaryimage"},"datePublished":"2024-01-23T11:59:10+00:00","dateModified":"2024-01-25T17:41:41+00:00","description":"Fita M\u00e9trica Flex Plus CHEMITOOL\u00a0com caixa em ABS, revestimento em borracha resistente a quedas e impactos, sensa\u00e7\u00e3o confort\u00e1vel para as m\u00e3os. Caixa compacta e\u00a0 design moderno.","breadcrumb":{"@id":"https:\/\/chemitool.com\/pt-pt\/products\/tools\/medicao-e-nivelacao\/fita-metrica-flex-plus\/#breadcrumb"},"inLanguage":"pt-PT","potentialAction":[{"@type":"ReadAction","target":["https:\/\/chemitool.com\/pt-pt\/products\/tools\/medicao-e-nivelacao\/fita-metrica-flex-plus\/"]}]},{"@type":"BreadcrumbList","@id":"https:\/\/chemitool.com\/pt-pt\/products\/tools\/medicao-e-nivelacao\/fita-metrica-flex-plus\/#breadcrumb","itemListElement":[{"@type":"ListItem","position":1,"name":"Home","item":"https:\/\/chemitool.com\/pt-pt\/"},{"@type":"ListItem","position":2,"name":"Produtos","item":"https:\/\/chemitool.com\/pt-pt\/produtos\/"},{"@type":"ListItem","position":3,"name":"Tools","item":"https:\/\/chemitool.com\/pt-pt\/categoria-produto\/tools\/"},{"@type":"ListItem","position":4,"name":"Escadas e Escadotes","item":"https:\/\/chemitool.com\/pt-pt\/categoria-produto\/tools\/escadas-e-escadotes\/"},{"@type":"ListItem","position":5,"name":"FITA M\u00c9TRICA FLEX PLUS"}]}]}},"_links":{"self":[{"href":"https:\/\/chemitool.com\/pt-pt\/wp-json\/wp\/v2\/product\/37081"}],"collection":[{"href":"https:\/\/chemitool.com\/pt-pt\/wp-json\/wp\/v2\/product"}],"about":[{"href":"https:\/\/chemitool.com\/pt-pt\/wp-json\/wp\/v2\/types\/product"}],"wp:featuredmedia":[{"embeddable":true,"href":"https:\/\/chemitool.com\/pt-pt\/wp-json\/wp\/v2\/media\/37213"}],"wp:attachment":[{"href":"https:\/\/chemitool.com\/pt-pt\/wp-json\/wp\/v2\/media?parent=37081"}],"wp:term":[{"taxonomy":"product_cat","embeddable":true,"href":"https:\/\/chemitool.com\/pt-pt\/wp-json\/wp\/v2\/product_cat?post=37081"},{"taxonomy":"product_tag","embeddable":true,"href":"https:\/\/chemitool.com\/pt-pt\/wp-json\/wp\/v2\/product_tag?post=37081"}],"curies":[{"name":"wp","href":"https:\/\/api.w.org\/{rel}","templated":true}]}}