{"id":3705,"date":"2020-03-27T09:18:54","date_gmt":"2020-03-27T09:18:54","guid":{"rendered":"https:\/\/chemitool.com\/products\/sem%20categoria\/cola-ciano-acrilato-chemiglu\/"},"modified":"2023-07-21T13:34:01","modified_gmt":"2023-07-21T13:34:01","slug":"cola-cianoacrilato-chemiglu","status":"publish","type":"product","link":"https:\/\/chemitool.com\/pt-pt\/products\/chemicals\/colas\/colas-instantaneas\/cola-cianoacrilato-chemiglu\/","title":{"rendered":"COLA CIANOACRILATO CHEMIGLU"},"content":{"rendered":"<p><strong>VANTAGENS<\/strong><\/p>\n<ul>\n<li>F\u00e1cil aplica\u00e7\u00e3o<\/li>\n<li>Cola instant\u00e2nea<\/li>\n<li>Colagem de quase todo o tipo de materiais<\/li>\n<li>Uni\u00f5es extremamente resistentes<\/li>\n<li>F\u00f3rmula especial tamb\u00e9m para borracha<\/li>\n<\/ul>\n<p><strong>INDICA\u00c7\u00d5ES<\/strong><\/p>\n<p>A humidade ambiental inicia o processo de cura desenvolvendo uma resist\u00eancia em pouco tempo, todavia os benef\u00edcios e as resist\u00eancias finais s\u00e3o obtidos ap\u00f3s 24-48 horas.<br \/>\nA velocidade de cura dependente do tipo de substrato, temperatura e da humidade ambiental pelo que, em algumas situa\u00e7\u00f5es, \u00e9 recomendado a utiliza\u00e7\u00e3o do <em>Activador Cola Cianoacrilato CHEMIGLU<\/em>.<\/p>\n","protected":false},"excerpt":{"rendered":"<p><b class=\"sap-label\">SAP:<\/b> <span class=\"codesap-label\">CH11010002<\/span><\/p>\n<p><em>Cola Cianoacrilato CHEMIGLU <\/em>\u00e9 um adesivo transparente, de m\u00e9dia viscosidade, que proporciona uni\u00f5es extremamente resistentes.<\/p>\n","protected":false},"featured_media":30017,"template":"","meta":[],"product_cat":[109,1227,3637],"product_tag":[117],"yoast_head":"<!-- This site is optimized with the Yoast SEO plugin v17.4 - https:\/\/yoast.com\/wordpress\/plugins\/seo\/ -->\n<title>COLA CIANOACRILATO CHEMIGLU &ndash; Chemitool<\/title>\n<meta name=\"description\" content=\"SAP: CH11010002  Cola Cianoacrilato CHEMIGLU \u00e9 um adesivo transparente, de m\u00e9dia viscosidade, que proporciona uni\u00f5es extremamente resistentes.\" \/>\n<meta name=\"robots\" content=\"index, follow, max-snippet:-1, max-image-preview:large, max-video-preview:-1\" \/>\n<link rel=\"canonical\" href=\"https:\/\/chemitool.com\/pt-pt\/products\/chemicals\/colas\/colas-instantaneas\/cola-cianoacrilato-chemiglu\/\" \/>\n<meta property=\"og:locale\" content=\"pt_PT\" \/>\n<meta property=\"og:type\" content=\"article\" \/>\n<meta property=\"og:title\" content=\"COLA CIANOACRILATO CHEMIGLU &ndash; Chemitool\" \/>\n<meta property=\"og:description\" content=\"SAP: CH11010002  Cola Cianoacrilato CHEMIGLU \u00e9 um adesivo transparente, de m\u00e9dia viscosidade, que proporciona uni\u00f5es extremamente resistentes.\" \/>\n<meta property=\"og:url\" content=\"https:\/\/chemitool.com\/pt-pt\/products\/chemicals\/colas\/colas-instantaneas\/cola-cianoacrilato-chemiglu\/\" \/>\n<meta property=\"og:site_name\" content=\"Chemitool\" \/>\n<meta property=\"article:publisher\" content=\"https:\/\/www.facebook.com\/chemitool\" \/>\n<meta property=\"article:modified_time\" content=\"2023-07-21T13:34:01+00:00\" \/>\n<meta property=\"og:image\" content=\"https:\/\/chemitool.com\/wp-content\/uploads\/2020\/03\/CH11010002.png\" \/>\n\t<meta property=\"og:image:width\" content=\"800\" \/>\n\t<meta property=\"og:image:height\" content=\"800\" \/>\n<meta name=\"twitter:card\" content=\"summary_large_image\" \/>\n<script type=\"application\/ld+json\" class=\"yoast-schema-graph\">{\"@context\":\"https:\/\/schema.org\",\"@graph\":[{\"@type\":\"Organization\",\"@id\":\"https:\/\/chemitool.com\/#organization\",\"name\":\"Chemitool\",\"url\":\"https:\/\/chemitool.com\/\",\"sameAs\":[\"https:\/\/www.facebook.com\/chemitool\",\"https:\/\/www.instagram.com\/chemitool\/\"],\"logo\":{\"@type\":\"ImageObject\",\"@id\":\"https:\/\/chemitool.com\/#logo\",\"inLanguage\":\"pt-PT\",\"url\":\"https:\/\/chemitool.com\/wp-content\/uploads\/2020\/10\/logo_chemitool.png\",\"contentUrl\":\"https:\/\/chemitool.com\/wp-content\/uploads\/2020\/10\/logo_chemitool.png\",\"width\":400,\"height\":400,\"caption\":\"Chemitool\"},\"image\":{\"@id\":\"https:\/\/chemitool.com\/#logo\"}},{\"@type\":\"WebSite\",\"@id\":\"https:\/\/chemitool.com\/#website\",\"url\":\"https:\/\/chemitool.com\/\",\"name\":\"Chemitool\",\"description\":\"Chemitool - hardware and tools\",\"publisher\":{\"@id\":\"https:\/\/chemitool.com\/#organization\"},\"potentialAction\":[{\"@type\":\"SearchAction\",\"target\":{\"@type\":\"EntryPoint\",\"urlTemplate\":\"https:\/\/chemitool.com\/?s={search_term_string}\"},\"query-input\":\"required name=search_term_string\"}],\"inLanguage\":\"pt-PT\"},{\"@type\":\"ImageObject\",\"@id\":\"https:\/\/chemitool.com\/pt-pt\/products\/chemicals\/colas\/colas-instantaneas\/cola-cianoacrilato-chemiglu\/#primaryimage\",\"inLanguage\":\"pt-PT\",\"url\":\"https:\/\/chemitool.com\/wp-content\/uploads\/2020\/03\/CH11010002.png\",\"contentUrl\":\"https:\/\/chemitool.com\/wp-content\/uploads\/2020\/03\/CH11010002.png\",\"width\":800,\"height\":800},{\"@type\":\"WebPage\",\"@id\":\"https:\/\/chemitool.com\/pt-pt\/products\/chemicals\/colas\/colas-instantaneas\/cola-cianoacrilato-chemiglu\/#webpage\",\"url\":\"https:\/\/chemitool.com\/pt-pt\/products\/chemicals\/colas\/colas-instantaneas\/cola-cianoacrilato-chemiglu\/\",\"name\":\"COLA CIANOACRILATO CHEMIGLU &ndash; Chemitool\",\"isPartOf\":{\"@id\":\"https:\/\/chemitool.com\/#website\"},\"primaryImageOfPage\":{\"@id\":\"https:\/\/chemitool.com\/pt-pt\/products\/chemicals\/colas\/colas-instantaneas\/cola-cianoacrilato-chemiglu\/#primaryimage\"},\"datePublished\":\"2020-03-27T09:18:54+00:00\",\"dateModified\":\"2023-07-21T13:34:01+00:00\",\"description\":\"SAP: CH11010002 Cola Cianoacrilato CHEMIGLU \\u00e9 um adesivo transparente, de m\\u00e9dia viscosidade, que proporciona uni\\u00f5es extremamente resistentes.\",\"breadcrumb\":{\"@id\":\"https:\/\/chemitool.com\/pt-pt\/products\/chemicals\/colas\/colas-instantaneas\/cola-cianoacrilato-chemiglu\/#breadcrumb\"},\"inLanguage\":\"pt-PT\",\"potentialAction\":[{\"@type\":\"ReadAction\",\"target\":[\"https:\/\/chemitool.com\/pt-pt\/products\/chemicals\/colas\/colas-instantaneas\/cola-cianoacrilato-chemiglu\/\"]}]},{\"@type\":\"BreadcrumbList\",\"@id\":\"https:\/\/chemitool.com\/pt-pt\/products\/chemicals\/colas\/colas-instantaneas\/cola-cianoacrilato-chemiglu\/#breadcrumb\",\"itemListElement\":[{\"@type\":\"ListItem\",\"position\":1,\"name\":\"Home\",\"item\":\"https:\/\/chemitool.com\/pt-pt\/\"},{\"@type\":\"ListItem\",\"position\":2,\"name\":\"Produtos\",\"item\":\"https:\/\/chemitool.com\/pt-pt\/produtos\/\"},{\"@type\":\"ListItem\",\"position\":3,\"name\":\"Chemicals\",\"item\":\"https:\/\/chemitool.com\/product-category\/chemical-products\/\"},{\"@type\":\"ListItem\",\"position\":4,\"name\":\"COLA CIANOACRILATO CHEMIGLU\"}]}]}<\/script>\n<!-- \/ Yoast SEO plugin. -->","yoast_head_json":{"title":"COLA CIANOACRILATO CHEMIGLU &ndash; Chemitool","description":"SAP: CH11010002  Cola Cianoacrilato CHEMIGLU \u00e9 um adesivo transparente, de m\u00e9dia viscosidade, que proporciona uni\u00f5es extremamente resistentes.","robots":{"index":"index","follow":"follow","max-snippet":"max-snippet:-1","max-image-preview":"max-image-preview:large","max-video-preview":"max-video-preview:-1"},"canonical":"https:\/\/chemitool.com\/pt-pt\/products\/chemicals\/colas\/colas-instantaneas\/cola-cianoacrilato-chemiglu\/","og_locale":"pt_PT","og_type":"article","og_title":"COLA CIANOACRILATO CHEMIGLU &ndash; Chemitool","og_description":"SAP: CH11010002  Cola Cianoacrilato CHEMIGLU \u00e9 um adesivo transparente, de m\u00e9dia viscosidade, que proporciona uni\u00f5es extremamente resistentes.","og_url":"https:\/\/chemitool.com\/pt-pt\/products\/chemicals\/colas\/colas-instantaneas\/cola-cianoacrilato-chemiglu\/","og_site_name":"Chemitool","article_publisher":"https:\/\/www.facebook.com\/chemitool","article_modified_time":"2023-07-21T13:34:01+00:00","og_image":[{"width":800,"height":800,"url":"https:\/\/chemitool.com\/wp-content\/uploads\/2020\/03\/CH11010002.png","type":"image\/png"}],"twitter_card":"summary_large_image","schema":{"@context":"https:\/\/schema.org","@graph":[{"@type":"Organization","@id":"https:\/\/chemitool.com\/#organization","name":"Chemitool","url":"https:\/\/chemitool.com\/","sameAs":["https:\/\/www.facebook.com\/chemitool","https:\/\/www.instagram.com\/chemitool\/"],"logo":{"@type":"ImageObject","@id":"https:\/\/chemitool.com\/#logo","inLanguage":"pt-PT","url":"https:\/\/chemitool.com\/wp-content\/uploads\/2020\/10\/logo_chemitool.png","contentUrl":"https:\/\/chemitool.com\/wp-content\/uploads\/2020\/10\/logo_chemitool.png","width":400,"height":400,"caption":"Chemitool"},"image":{"@id":"https:\/\/chemitool.com\/#logo"}},{"@type":"WebSite","@id":"https:\/\/chemitool.com\/#website","url":"https:\/\/chemitool.com\/","name":"Chemitool","description":"Chemitool - hardware and tools","publisher":{"@id":"https:\/\/chemitool.com\/#organization"},"potentialAction":[{"@type":"SearchAction","target":{"@type":"EntryPoint","urlTemplate":"https:\/\/chemitool.com\/?s={search_term_string}"},"query-input":"required name=search_term_string"}],"inLanguage":"pt-PT"},{"@type":"ImageObject","@id":"https:\/\/chemitool.com\/pt-pt\/products\/chemicals\/colas\/colas-instantaneas\/cola-cianoacrilato-chemiglu\/#primaryimage","inLanguage":"pt-PT","url":"https:\/\/chemitool.com\/wp-content\/uploads\/2020\/03\/CH11010002.png","contentUrl":"https:\/\/chemitool.com\/wp-content\/uploads\/2020\/03\/CH11010002.png","width":800,"height":800},{"@type":"WebPage","@id":"https:\/\/chemitool.com\/pt-pt\/products\/chemicals\/colas\/colas-instantaneas\/cola-cianoacrilato-chemiglu\/#webpage","url":"https:\/\/chemitool.com\/pt-pt\/products\/chemicals\/colas\/colas-instantaneas\/cola-cianoacrilato-chemiglu\/","name":"COLA CIANOACRILATO CHEMIGLU &ndash; Chemitool","isPartOf":{"@id":"https:\/\/chemitool.com\/#website"},"primaryImageOfPage":{"@id":"https:\/\/chemitool.com\/pt-pt\/products\/chemicals\/colas\/colas-instantaneas\/cola-cianoacrilato-chemiglu\/#primaryimage"},"datePublished":"2020-03-27T09:18:54+00:00","dateModified":"2023-07-21T13:34:01+00:00","description":"SAP: CH11010002 Cola Cianoacrilato CHEMIGLU \u00e9 um adesivo transparente, de m\u00e9dia viscosidade, que proporciona uni\u00f5es extremamente resistentes.","breadcrumb":{"@id":"https:\/\/chemitool.com\/pt-pt\/products\/chemicals\/colas\/colas-instantaneas\/cola-cianoacrilato-chemiglu\/#breadcrumb"},"inLanguage":"pt-PT","potentialAction":[{"@type":"ReadAction","target":["https:\/\/chemitool.com\/pt-pt\/products\/chemicals\/colas\/colas-instantaneas\/cola-cianoacrilato-chemiglu\/"]}]},{"@type":"BreadcrumbList","@id":"https:\/\/chemitool.com\/pt-pt\/products\/chemicals\/colas\/colas-instantaneas\/cola-cianoacrilato-chemiglu\/#breadcrumb","itemListElement":[{"@type":"ListItem","position":1,"name":"Home","item":"https:\/\/chemitool.com\/pt-pt\/"},{"@type":"ListItem","position":2,"name":"Produtos","item":"https:\/\/chemitool.com\/pt-pt\/produtos\/"},{"@type":"ListItem","position":3,"name":"Chemicals","item":"https:\/\/chemitool.com\/product-category\/chemical-products\/"},{"@type":"ListItem","position":4,"name":"COLA CIANOACRILATO CHEMIGLU"}]}]}},"_links":{"self":[{"href":"https:\/\/chemitool.com\/pt-pt\/wp-json\/wp\/v2\/product\/3705"}],"collection":[{"href":"https:\/\/chemitool.com\/pt-pt\/wp-json\/wp\/v2\/product"}],"about":[{"href":"https:\/\/chemitool.com\/pt-pt\/wp-json\/wp\/v2\/types\/product"}],"wp:featuredmedia":[{"embeddable":true,"href":"https:\/\/chemitool.com\/pt-pt\/wp-json\/wp\/v2\/media\/30017"}],"wp:attachment":[{"href":"https:\/\/chemitool.com\/pt-pt\/wp-json\/wp\/v2\/media?parent=3705"}],"wp:term":[{"taxonomy":"product_cat","embeddable":true,"href":"https:\/\/chemitool.com\/pt-pt\/wp-json\/wp\/v2\/product_cat?post=3705"},{"taxonomy":"product_tag","embeddable":true,"href":"https:\/\/chemitool.com\/pt-pt\/wp-json\/wp\/v2\/product_tag?post=3705"}],"curies":[{"name":"wp","href":"https:\/\/api.w.org\/{rel}","templated":true}]}}