{"id":3703,"date":"2020-03-27T09:19:04","date_gmt":"2020-03-27T09:19:04","guid":{"rendered":"https:\/\/chemitool.com\/products\/sem%20categoria\/activador-cola-ciano-acrilato-chemiglu-2\/"},"modified":"2024-01-23T17:29:09","modified_gmt":"2024-01-23T17:29:09","slug":"activador-cola-ciano-acrilato-chemiglu","status":"publish","type":"product","link":"https:\/\/chemitool.com\/pt-pt\/products\/chemicals\/colas\/colas-instantaneas\/activador-cola-ciano-acrilato-chemiglu\/","title":{"rendered":"ACTIVADOR COLA CIANOACRILATO CHEMIGLU"},"content":{"rendered":"<p><strong>VANTAGENS<\/strong><\/p>\n<ul>\n<li>F\u00e1cil aplica\u00e7\u00e3o<\/li>\n<li>Colagem de quase todo o tipo de materiais<\/li>\n<li>Uni\u00f5es extremamente resistentes<\/li>\n<\/ul>\n<p><strong>INDICA\u00c7\u00d5ES<\/strong><\/p>\n<p>Nunca misture o l\u00edquido do acelerador com o adesivo de cianoacrilato, uma vez que pode ocorrer uma rea\u00e7\u00e3o exot\u00e9rmica.<br \/>\nRecomendamos testar as superf\u00edcies quanto \u00e0 compatibilidade.<\/p>\n","protected":false},"excerpt":{"rendered":"<p><b class=\"sap-label\">SAP:<\/b> <span class=\"codesap-label\">CH11010000<\/span><\/p>\n<p><em>Activador Cola Cianoacrilato CHEMIGLU <\/em>\u00e9 formulado numa base de solvente para aumentar a velocidade de cura dos cianoacrilatos.<\/p>\n","protected":false},"featured_media":30023,"template":"","meta":[],"product_cat":[109,1227,3637],"product_tag":[117],"yoast_head":"<!-- This site is optimized with the Yoast SEO plugin v17.4 - https:\/\/yoast.com\/wordpress\/plugins\/seo\/ -->\n<title>ACTIVADOR COLA CIANOACRILATO CHEMIGLU &ndash; Chemitool<\/title>\n<meta name=\"description\" content=\"SAP: CH11010000  Activador Cola Cianoacrilato CHEMIGLU \u00e9 formulado numa base de solvente para aumentar a velocidade de cura dos cianoacrilatos.\" \/>\n<meta name=\"robots\" content=\"index, follow, max-snippet:-1, max-image-preview:large, max-video-preview:-1\" \/>\n<link rel=\"canonical\" href=\"https:\/\/chemitool.com\/pt-pt\/products\/chemicals\/colas\/colas-instantaneas\/activador-cola-ciano-acrilato-chemiglu\/\" \/>\n<meta property=\"og:locale\" content=\"pt_PT\" \/>\n<meta property=\"og:type\" content=\"article\" \/>\n<meta property=\"og:title\" content=\"ACTIVADOR COLA CIANOACRILATO CHEMIGLU &ndash; Chemitool\" \/>\n<meta property=\"og:description\" content=\"SAP: CH11010000  Activador Cola Cianoacrilato CHEMIGLU \u00e9 formulado numa base de solvente para aumentar a velocidade de cura dos cianoacrilatos.\" \/>\n<meta property=\"og:url\" content=\"https:\/\/chemitool.com\/pt-pt\/products\/chemicals\/colas\/colas-instantaneas\/activador-cola-ciano-acrilato-chemiglu\/\" \/>\n<meta property=\"og:site_name\" content=\"Chemitool\" \/>\n<meta property=\"article:publisher\" content=\"https:\/\/www.facebook.com\/chemitool\" \/>\n<meta property=\"article:modified_time\" content=\"2024-01-23T17:29:09+00:00\" \/>\n<meta property=\"og:image\" content=\"https:\/\/chemitool.com\/wp-content\/uploads\/2020\/03\/CH11010000.png\" \/>\n\t<meta property=\"og:image:width\" content=\"800\" \/>\n\t<meta property=\"og:image:height\" content=\"800\" \/>\n<meta name=\"twitter:card\" content=\"summary_large_image\" \/>\n<script type=\"application\/ld+json\" class=\"yoast-schema-graph\">{\"@context\":\"https:\/\/schema.org\",\"@graph\":[{\"@type\":\"Organization\",\"@id\":\"https:\/\/chemitool.com\/#organization\",\"name\":\"Chemitool\",\"url\":\"https:\/\/chemitool.com\/\",\"sameAs\":[\"https:\/\/www.facebook.com\/chemitool\",\"https:\/\/www.instagram.com\/chemitool\/\"],\"logo\":{\"@type\":\"ImageObject\",\"@id\":\"https:\/\/chemitool.com\/#logo\",\"inLanguage\":\"pt-PT\",\"url\":\"https:\/\/chemitool.com\/wp-content\/uploads\/2020\/10\/logo_chemitool.png\",\"contentUrl\":\"https:\/\/chemitool.com\/wp-content\/uploads\/2020\/10\/logo_chemitool.png\",\"width\":400,\"height\":400,\"caption\":\"Chemitool\"},\"image\":{\"@id\":\"https:\/\/chemitool.com\/#logo\"}},{\"@type\":\"WebSite\",\"@id\":\"https:\/\/chemitool.com\/#website\",\"url\":\"https:\/\/chemitool.com\/\",\"name\":\"Chemitool\",\"description\":\"Chemitool - hardware and tools\",\"publisher\":{\"@id\":\"https:\/\/chemitool.com\/#organization\"},\"potentialAction\":[{\"@type\":\"SearchAction\",\"target\":{\"@type\":\"EntryPoint\",\"urlTemplate\":\"https:\/\/chemitool.com\/?s={search_term_string}\"},\"query-input\":\"required name=search_term_string\"}],\"inLanguage\":\"pt-PT\"},{\"@type\":\"ImageObject\",\"@id\":\"https:\/\/chemitool.com\/pt-pt\/products\/chemicals\/colas\/colas-instantaneas\/activador-cola-ciano-acrilato-chemiglu\/#primaryimage\",\"inLanguage\":\"pt-PT\",\"url\":\"https:\/\/chemitool.com\/wp-content\/uploads\/2020\/03\/CH11010000.png\",\"contentUrl\":\"https:\/\/chemitool.com\/wp-content\/uploads\/2020\/03\/CH11010000.png\",\"width\":800,\"height\":800},{\"@type\":\"WebPage\",\"@id\":\"https:\/\/chemitool.com\/pt-pt\/products\/chemicals\/colas\/colas-instantaneas\/activador-cola-ciano-acrilato-chemiglu\/#webpage\",\"url\":\"https:\/\/chemitool.com\/pt-pt\/products\/chemicals\/colas\/colas-instantaneas\/activador-cola-ciano-acrilato-chemiglu\/\",\"name\":\"ACTIVADOR COLA CIANOACRILATO CHEMIGLU &ndash; Chemitool\",\"isPartOf\":{\"@id\":\"https:\/\/chemitool.com\/#website\"},\"primaryImageOfPage\":{\"@id\":\"https:\/\/chemitool.com\/pt-pt\/products\/chemicals\/colas\/colas-instantaneas\/activador-cola-ciano-acrilato-chemiglu\/#primaryimage\"},\"datePublished\":\"2020-03-27T09:19:04+00:00\",\"dateModified\":\"2024-01-23T17:29:09+00:00\",\"description\":\"SAP: CH11010000 Activador Cola Cianoacrilato CHEMIGLU \\u00e9 formulado numa base de solvente para aumentar a velocidade de cura dos cianoacrilatos.\",\"breadcrumb\":{\"@id\":\"https:\/\/chemitool.com\/pt-pt\/products\/chemicals\/colas\/colas-instantaneas\/activador-cola-ciano-acrilato-chemiglu\/#breadcrumb\"},\"inLanguage\":\"pt-PT\",\"potentialAction\":[{\"@type\":\"ReadAction\",\"target\":[\"https:\/\/chemitool.com\/pt-pt\/products\/chemicals\/colas\/colas-instantaneas\/activador-cola-ciano-acrilato-chemiglu\/\"]}]},{\"@type\":\"BreadcrumbList\",\"@id\":\"https:\/\/chemitool.com\/pt-pt\/products\/chemicals\/colas\/colas-instantaneas\/activador-cola-ciano-acrilato-chemiglu\/#breadcrumb\",\"itemListElement\":[{\"@type\":\"ListItem\",\"position\":1,\"name\":\"Home\",\"item\":\"https:\/\/chemitool.com\/pt-pt\/\"},{\"@type\":\"ListItem\",\"position\":2,\"name\":\"Produtos\",\"item\":\"https:\/\/chemitool.com\/pt-pt\/produtos\/\"},{\"@type\":\"ListItem\",\"position\":3,\"name\":\"Chemicals\",\"item\":\"https:\/\/chemitool.com\/product-category\/chemical-products\/\"},{\"@type\":\"ListItem\",\"position\":4,\"name\":\"ACTIVADOR COLA CIANOACRILATO CHEMIGLU\"}]}]}<\/script>\n<!-- \/ Yoast SEO plugin. -->","yoast_head_json":{"title":"ACTIVADOR COLA CIANOACRILATO CHEMIGLU &ndash; Chemitool","description":"SAP: CH11010000  Activador Cola Cianoacrilato CHEMIGLU \u00e9 formulado numa base de solvente para aumentar a velocidade de cura dos cianoacrilatos.","robots":{"index":"index","follow":"follow","max-snippet":"max-snippet:-1","max-image-preview":"max-image-preview:large","max-video-preview":"max-video-preview:-1"},"canonical":"https:\/\/chemitool.com\/pt-pt\/products\/chemicals\/colas\/colas-instantaneas\/activador-cola-ciano-acrilato-chemiglu\/","og_locale":"pt_PT","og_type":"article","og_title":"ACTIVADOR COLA CIANOACRILATO CHEMIGLU &ndash; Chemitool","og_description":"SAP: CH11010000  Activador Cola Cianoacrilato CHEMIGLU \u00e9 formulado numa base de solvente para aumentar a velocidade de cura dos cianoacrilatos.","og_url":"https:\/\/chemitool.com\/pt-pt\/products\/chemicals\/colas\/colas-instantaneas\/activador-cola-ciano-acrilato-chemiglu\/","og_site_name":"Chemitool","article_publisher":"https:\/\/www.facebook.com\/chemitool","article_modified_time":"2024-01-23T17:29:09+00:00","og_image":[{"width":800,"height":800,"url":"https:\/\/chemitool.com\/wp-content\/uploads\/2020\/03\/CH11010000.png","type":"image\/png"}],"twitter_card":"summary_large_image","schema":{"@context":"https:\/\/schema.org","@graph":[{"@type":"Organization","@id":"https:\/\/chemitool.com\/#organization","name":"Chemitool","url":"https:\/\/chemitool.com\/","sameAs":["https:\/\/www.facebook.com\/chemitool","https:\/\/www.instagram.com\/chemitool\/"],"logo":{"@type":"ImageObject","@id":"https:\/\/chemitool.com\/#logo","inLanguage":"pt-PT","url":"https:\/\/chemitool.com\/wp-content\/uploads\/2020\/10\/logo_chemitool.png","contentUrl":"https:\/\/chemitool.com\/wp-content\/uploads\/2020\/10\/logo_chemitool.png","width":400,"height":400,"caption":"Chemitool"},"image":{"@id":"https:\/\/chemitool.com\/#logo"}},{"@type":"WebSite","@id":"https:\/\/chemitool.com\/#website","url":"https:\/\/chemitool.com\/","name":"Chemitool","description":"Chemitool - hardware and tools","publisher":{"@id":"https:\/\/chemitool.com\/#organization"},"potentialAction":[{"@type":"SearchAction","target":{"@type":"EntryPoint","urlTemplate":"https:\/\/chemitool.com\/?s={search_term_string}"},"query-input":"required name=search_term_string"}],"inLanguage":"pt-PT"},{"@type":"ImageObject","@id":"https:\/\/chemitool.com\/pt-pt\/products\/chemicals\/colas\/colas-instantaneas\/activador-cola-ciano-acrilato-chemiglu\/#primaryimage","inLanguage":"pt-PT","url":"https:\/\/chemitool.com\/wp-content\/uploads\/2020\/03\/CH11010000.png","contentUrl":"https:\/\/chemitool.com\/wp-content\/uploads\/2020\/03\/CH11010000.png","width":800,"height":800},{"@type":"WebPage","@id":"https:\/\/chemitool.com\/pt-pt\/products\/chemicals\/colas\/colas-instantaneas\/activador-cola-ciano-acrilato-chemiglu\/#webpage","url":"https:\/\/chemitool.com\/pt-pt\/products\/chemicals\/colas\/colas-instantaneas\/activador-cola-ciano-acrilato-chemiglu\/","name":"ACTIVADOR COLA CIANOACRILATO CHEMIGLU &ndash; Chemitool","isPartOf":{"@id":"https:\/\/chemitool.com\/#website"},"primaryImageOfPage":{"@id":"https:\/\/chemitool.com\/pt-pt\/products\/chemicals\/colas\/colas-instantaneas\/activador-cola-ciano-acrilato-chemiglu\/#primaryimage"},"datePublished":"2020-03-27T09:19:04+00:00","dateModified":"2024-01-23T17:29:09+00:00","description":"SAP: CH11010000 Activador Cola Cianoacrilato CHEMIGLU \u00e9 formulado numa base de solvente para aumentar a velocidade de cura dos cianoacrilatos.","breadcrumb":{"@id":"https:\/\/chemitool.com\/pt-pt\/products\/chemicals\/colas\/colas-instantaneas\/activador-cola-ciano-acrilato-chemiglu\/#breadcrumb"},"inLanguage":"pt-PT","potentialAction":[{"@type":"ReadAction","target":["https:\/\/chemitool.com\/pt-pt\/products\/chemicals\/colas\/colas-instantaneas\/activador-cola-ciano-acrilato-chemiglu\/"]}]},{"@type":"BreadcrumbList","@id":"https:\/\/chemitool.com\/pt-pt\/products\/chemicals\/colas\/colas-instantaneas\/activador-cola-ciano-acrilato-chemiglu\/#breadcrumb","itemListElement":[{"@type":"ListItem","position":1,"name":"Home","item":"https:\/\/chemitool.com\/pt-pt\/"},{"@type":"ListItem","position":2,"name":"Produtos","item":"https:\/\/chemitool.com\/pt-pt\/produtos\/"},{"@type":"ListItem","position":3,"name":"Chemicals","item":"https:\/\/chemitool.com\/product-category\/chemical-products\/"},{"@type":"ListItem","position":4,"name":"ACTIVADOR COLA CIANOACRILATO CHEMIGLU"}]}]}},"_links":{"self":[{"href":"https:\/\/chemitool.com\/pt-pt\/wp-json\/wp\/v2\/product\/3703"}],"collection":[{"href":"https:\/\/chemitool.com\/pt-pt\/wp-json\/wp\/v2\/product"}],"about":[{"href":"https:\/\/chemitool.com\/pt-pt\/wp-json\/wp\/v2\/types\/product"}],"wp:featuredmedia":[{"embeddable":true,"href":"https:\/\/chemitool.com\/pt-pt\/wp-json\/wp\/v2\/media\/30023"}],"wp:attachment":[{"href":"https:\/\/chemitool.com\/pt-pt\/wp-json\/wp\/v2\/media?parent=3703"}],"wp:term":[{"taxonomy":"product_cat","embeddable":true,"href":"https:\/\/chemitool.com\/pt-pt\/wp-json\/wp\/v2\/product_cat?post=3703"},{"taxonomy":"product_tag","embeddable":true,"href":"https:\/\/chemitool.com\/pt-pt\/wp-json\/wp\/v2\/product_tag?post=3703"}],"curies":[{"name":"wp","href":"https:\/\/api.w.org\/{rel}","templated":true}]}}