{"id":37001,"date":"2024-01-15T15:27:40","date_gmt":"2024-01-15T15:27:43","guid":{"rendered":"https:\/\/chemitool.com\/?post_type=product&#038;p=37001"},"modified":"2024-02-09T15:25:47","modified_gmt":"2024-02-09T15:25:47","slug":"guincho-electrico","status":"publish","type":"product","link":"https:\/\/chemitool.com\/pt-pt\/products\/tools\/elevacao\/guinchos\/guincho-electrico\/","title":{"rendered":"GUINCHO EL\u00c9CTRICO"},"content":{"rendered":"<ul>\n<li>Cabo de a\u00e7o galvanizado<\/li>\n<li>Velocidade de eleva\u00e7\u00e3o at\u00e9 8m\/min<\/li>\n<li>Gancho rotativo 360\u00ba<\/li>\n<li>Sistema de paragem autom\u00e1tica<\/li>\n<li>Limitador de subida\/descida<\/li>\n<\/ul>\n<p><strong>CAMPOS DE APLICA\u00c7\u00c3O<\/strong><\/p>\n<ul>\n<li>Ind\u00fastria e Constru\u00e7\u00e3o Civil<\/li>\n<\/ul>\n","protected":false},"excerpt":{"rendered":"<p><em>Guincho El\u00e9ctrico CHEMITOOL <\/em>motorizado com tambor de cabo de a\u00e7o, para uma pr\u00e1tica e segura eleva\u00e7\u00e3o de cargas. O diferencial dever\u00e1 ser instalado num bra\u00e7o oscilante, que por sua vez \u00e9 instalado num andaime ou bra\u00e7o articulado. Opera\u00e7\u00e3o segura atrav\u00e9s de uma botoneira com bot\u00f5es de press\u00e3o a paragem de emerg\u00eancia.<\/p>\n","protected":false},"featured_media":37003,"template":"","meta":[],"product_cat":[1455,5139,5142],"product_tag":[],"yoast_head":"<!-- This site is optimized with the Yoast SEO plugin v17.4 - https:\/\/yoast.com\/wordpress\/plugins\/seo\/ -->\n<title>GUINCHO EL\u00c9CTRICO &ndash; Chemitool<\/title>\n<meta name=\"description\" content=\"Guincho El\u00e9ctrico CHEMITOOL motorizado com tambor de cabo de a\u00e7o, para uma pr\u00e1tica e segura eleva\u00e7\u00e3o de cargas. O diferencial dever\u00e1 ser instalado num bra\u00e7o oscilante, que por sua vez \u00e9 instalado num andaime ou bra\u00e7o articulado. Opera\u00e7\u00e3o segura atrav\u00e9s de uma botoneira com bot\u00f5es de press\u00e3o a paragem de emerg\u00eancia.\" \/>\n<meta name=\"robots\" content=\"index, follow, max-snippet:-1, max-image-preview:large, max-video-preview:-1\" \/>\n<link rel=\"canonical\" href=\"https:\/\/chemitool.com\/pt-pt\/products\/tools\/elevacao\/guinchos\/guincho-electrico\/\" \/>\n<meta property=\"og:locale\" content=\"pt_PT\" \/>\n<meta property=\"og:type\" content=\"article\" \/>\n<meta property=\"og:title\" content=\"GUINCHO EL\u00c9CTRICO &ndash; Chemitool\" \/>\n<meta property=\"og:description\" content=\"Guincho El\u00e9ctrico CHEMITOOL motorizado com tambor de cabo de a\u00e7o, para uma pr\u00e1tica e segura eleva\u00e7\u00e3o de cargas. O diferencial dever\u00e1 ser instalado num bra\u00e7o oscilante, que por sua vez \u00e9 instalado num andaime ou bra\u00e7o articulado. Opera\u00e7\u00e3o segura atrav\u00e9s de uma botoneira com bot\u00f5es de press\u00e3o a paragem de emerg\u00eancia.\" \/>\n<meta property=\"og:url\" content=\"https:\/\/chemitool.com\/pt-pt\/products\/tools\/elevacao\/guinchos\/guincho-electrico\/\" \/>\n<meta property=\"og:site_name\" content=\"Chemitool\" \/>\n<meta property=\"article:publisher\" content=\"https:\/\/www.facebook.com\/chemitool\" \/>\n<meta property=\"article:modified_time\" content=\"2024-02-09T15:25:47+00:00\" \/>\n<meta property=\"og:image\" content=\"https:\/\/chemitool.com\/wp-content\/uploads\/2024\/01\/CHT40101.png\" \/>\n\t<meta property=\"og:image:width\" content=\"800\" \/>\n\t<meta property=\"og:image:height\" content=\"800\" \/>\n<meta name=\"twitter:card\" content=\"summary_large_image\" \/>\n<script type=\"application\/ld+json\" class=\"yoast-schema-graph\">{\"@context\":\"https:\/\/schema.org\",\"@graph\":[{\"@type\":\"Organization\",\"@id\":\"https:\/\/chemitool.com\/#organization\",\"name\":\"Chemitool\",\"url\":\"https:\/\/chemitool.com\/\",\"sameAs\":[\"https:\/\/www.facebook.com\/chemitool\",\"https:\/\/www.instagram.com\/chemitool\/\"],\"logo\":{\"@type\":\"ImageObject\",\"@id\":\"https:\/\/chemitool.com\/#logo\",\"inLanguage\":\"pt-PT\",\"url\":\"https:\/\/chemitool.com\/wp-content\/uploads\/2020\/10\/logo_chemitool.png\",\"contentUrl\":\"https:\/\/chemitool.com\/wp-content\/uploads\/2020\/10\/logo_chemitool.png\",\"width\":400,\"height\":400,\"caption\":\"Chemitool\"},\"image\":{\"@id\":\"https:\/\/chemitool.com\/#logo\"}},{\"@type\":\"WebSite\",\"@id\":\"https:\/\/chemitool.com\/#website\",\"url\":\"https:\/\/chemitool.com\/\",\"name\":\"Chemitool\",\"description\":\"Chemitool - hardware and tools\",\"publisher\":{\"@id\":\"https:\/\/chemitool.com\/#organization\"},\"potentialAction\":[{\"@type\":\"SearchAction\",\"target\":{\"@type\":\"EntryPoint\",\"urlTemplate\":\"https:\/\/chemitool.com\/?s={search_term_string}\"},\"query-input\":\"required name=search_term_string\"}],\"inLanguage\":\"pt-PT\"},{\"@type\":\"ImageObject\",\"@id\":\"https:\/\/chemitool.com\/pt-pt\/products\/tools\/elevacao\/guinchos\/guincho-electrico\/#primaryimage\",\"inLanguage\":\"pt-PT\",\"url\":\"https:\/\/chemitool.com\/wp-content\/uploads\/2024\/01\/CHT40101.png\",\"contentUrl\":\"https:\/\/chemitool.com\/wp-content\/uploads\/2024\/01\/CHT40101.png\",\"width\":800,\"height\":800},{\"@type\":\"WebPage\",\"@id\":\"https:\/\/chemitool.com\/pt-pt\/products\/tools\/elevacao\/guinchos\/guincho-electrico\/#webpage\",\"url\":\"https:\/\/chemitool.com\/pt-pt\/products\/tools\/elevacao\/guinchos\/guincho-electrico\/\",\"name\":\"GUINCHO EL\\u00c9CTRICO &ndash; Chemitool\",\"isPartOf\":{\"@id\":\"https:\/\/chemitool.com\/#website\"},\"primaryImageOfPage\":{\"@id\":\"https:\/\/chemitool.com\/pt-pt\/products\/tools\/elevacao\/guinchos\/guincho-electrico\/#primaryimage\"},\"datePublished\":\"2024-01-15T15:27:43+00:00\",\"dateModified\":\"2024-02-09T15:25:47+00:00\",\"description\":\"Guincho El\\u00e9ctrico CHEMITOOL motorizado com tambor de cabo de a\\u00e7o, para uma pr\\u00e1tica e segura eleva\\u00e7\\u00e3o de cargas. O diferencial dever\\u00e1 ser instalado num bra\\u00e7o oscilante, que por sua vez \\u00e9 instalado num andaime ou bra\\u00e7o articulado. Opera\\u00e7\\u00e3o segura atrav\\u00e9s de uma botoneira com bot\\u00f5es de press\\u00e3o a paragem de emerg\\u00eancia.\",\"breadcrumb\":{\"@id\":\"https:\/\/chemitool.com\/pt-pt\/products\/tools\/elevacao\/guinchos\/guincho-electrico\/#breadcrumb\"},\"inLanguage\":\"pt-PT\",\"potentialAction\":[{\"@type\":\"ReadAction\",\"target\":[\"https:\/\/chemitool.com\/pt-pt\/products\/tools\/elevacao\/guinchos\/guincho-electrico\/\"]}]},{\"@type\":\"BreadcrumbList\",\"@id\":\"https:\/\/chemitool.com\/pt-pt\/products\/tools\/elevacao\/guinchos\/guincho-electrico\/#breadcrumb\",\"itemListElement\":[{\"@type\":\"ListItem\",\"position\":1,\"name\":\"Home\",\"item\":\"https:\/\/chemitool.com\/pt-pt\/\"},{\"@type\":\"ListItem\",\"position\":2,\"name\":\"Produtos\",\"item\":\"https:\/\/chemitool.com\/pt-pt\/produtos\/\"},{\"@type\":\"ListItem\",\"position\":3,\"name\":\"Tools\",\"item\":\"https:\/\/chemitool.com\/pt-pt\/categoria-produto\/tools\/\"},{\"@type\":\"ListItem\",\"position\":4,\"name\":\"Escadas e Escadotes\",\"item\":\"https:\/\/chemitool.com\/pt-pt\/categoria-produto\/tools\/escadas-e-escadotes\/\"},{\"@type\":\"ListItem\",\"position\":5,\"name\":\"GUINCHO EL\\u00c9CTRICO\"}]}]}<\/script>\n<!-- \/ Yoast SEO plugin. -->","yoast_head_json":{"title":"GUINCHO EL\u00c9CTRICO &ndash; Chemitool","description":"Guincho El\u00e9ctrico CHEMITOOL motorizado com tambor de cabo de a\u00e7o, para uma pr\u00e1tica e segura eleva\u00e7\u00e3o de cargas. O diferencial dever\u00e1 ser instalado num bra\u00e7o oscilante, que por sua vez \u00e9 instalado num andaime ou bra\u00e7o articulado. Opera\u00e7\u00e3o segura atrav\u00e9s de uma botoneira com bot\u00f5es de press\u00e3o a paragem de emerg\u00eancia.","robots":{"index":"index","follow":"follow","max-snippet":"max-snippet:-1","max-image-preview":"max-image-preview:large","max-video-preview":"max-video-preview:-1"},"canonical":"https:\/\/chemitool.com\/pt-pt\/products\/tools\/elevacao\/guinchos\/guincho-electrico\/","og_locale":"pt_PT","og_type":"article","og_title":"GUINCHO EL\u00c9CTRICO &ndash; Chemitool","og_description":"Guincho El\u00e9ctrico CHEMITOOL motorizado com tambor de cabo de a\u00e7o, para uma pr\u00e1tica e segura eleva\u00e7\u00e3o de cargas. O diferencial dever\u00e1 ser instalado num bra\u00e7o oscilante, que por sua vez \u00e9 instalado num andaime ou bra\u00e7o articulado. Opera\u00e7\u00e3o segura atrav\u00e9s de uma botoneira com bot\u00f5es de press\u00e3o a paragem de emerg\u00eancia.","og_url":"https:\/\/chemitool.com\/pt-pt\/products\/tools\/elevacao\/guinchos\/guincho-electrico\/","og_site_name":"Chemitool","article_publisher":"https:\/\/www.facebook.com\/chemitool","article_modified_time":"2024-02-09T15:25:47+00:00","og_image":[{"width":800,"height":800,"url":"https:\/\/chemitool.com\/wp-content\/uploads\/2024\/01\/CHT40101.png","type":"image\/png"}],"twitter_card":"summary_large_image","schema":{"@context":"https:\/\/schema.org","@graph":[{"@type":"Organization","@id":"https:\/\/chemitool.com\/#organization","name":"Chemitool","url":"https:\/\/chemitool.com\/","sameAs":["https:\/\/www.facebook.com\/chemitool","https:\/\/www.instagram.com\/chemitool\/"],"logo":{"@type":"ImageObject","@id":"https:\/\/chemitool.com\/#logo","inLanguage":"pt-PT","url":"https:\/\/chemitool.com\/wp-content\/uploads\/2020\/10\/logo_chemitool.png","contentUrl":"https:\/\/chemitool.com\/wp-content\/uploads\/2020\/10\/logo_chemitool.png","width":400,"height":400,"caption":"Chemitool"},"image":{"@id":"https:\/\/chemitool.com\/#logo"}},{"@type":"WebSite","@id":"https:\/\/chemitool.com\/#website","url":"https:\/\/chemitool.com\/","name":"Chemitool","description":"Chemitool - hardware and tools","publisher":{"@id":"https:\/\/chemitool.com\/#organization"},"potentialAction":[{"@type":"SearchAction","target":{"@type":"EntryPoint","urlTemplate":"https:\/\/chemitool.com\/?s={search_term_string}"},"query-input":"required name=search_term_string"}],"inLanguage":"pt-PT"},{"@type":"ImageObject","@id":"https:\/\/chemitool.com\/pt-pt\/products\/tools\/elevacao\/guinchos\/guincho-electrico\/#primaryimage","inLanguage":"pt-PT","url":"https:\/\/chemitool.com\/wp-content\/uploads\/2024\/01\/CHT40101.png","contentUrl":"https:\/\/chemitool.com\/wp-content\/uploads\/2024\/01\/CHT40101.png","width":800,"height":800},{"@type":"WebPage","@id":"https:\/\/chemitool.com\/pt-pt\/products\/tools\/elevacao\/guinchos\/guincho-electrico\/#webpage","url":"https:\/\/chemitool.com\/pt-pt\/products\/tools\/elevacao\/guinchos\/guincho-electrico\/","name":"GUINCHO EL\u00c9CTRICO &ndash; Chemitool","isPartOf":{"@id":"https:\/\/chemitool.com\/#website"},"primaryImageOfPage":{"@id":"https:\/\/chemitool.com\/pt-pt\/products\/tools\/elevacao\/guinchos\/guincho-electrico\/#primaryimage"},"datePublished":"2024-01-15T15:27:43+00:00","dateModified":"2024-02-09T15:25:47+00:00","description":"Guincho El\u00e9ctrico CHEMITOOL motorizado com tambor de cabo de a\u00e7o, para uma pr\u00e1tica e segura eleva\u00e7\u00e3o de cargas. O diferencial dever\u00e1 ser instalado num bra\u00e7o oscilante, que por sua vez \u00e9 instalado num andaime ou bra\u00e7o articulado. Opera\u00e7\u00e3o segura atrav\u00e9s de uma botoneira com bot\u00f5es de press\u00e3o a paragem de emerg\u00eancia.","breadcrumb":{"@id":"https:\/\/chemitool.com\/pt-pt\/products\/tools\/elevacao\/guinchos\/guincho-electrico\/#breadcrumb"},"inLanguage":"pt-PT","potentialAction":[{"@type":"ReadAction","target":["https:\/\/chemitool.com\/pt-pt\/products\/tools\/elevacao\/guinchos\/guincho-electrico\/"]}]},{"@type":"BreadcrumbList","@id":"https:\/\/chemitool.com\/pt-pt\/products\/tools\/elevacao\/guinchos\/guincho-electrico\/#breadcrumb","itemListElement":[{"@type":"ListItem","position":1,"name":"Home","item":"https:\/\/chemitool.com\/pt-pt\/"},{"@type":"ListItem","position":2,"name":"Produtos","item":"https:\/\/chemitool.com\/pt-pt\/produtos\/"},{"@type":"ListItem","position":3,"name":"Tools","item":"https:\/\/chemitool.com\/pt-pt\/categoria-produto\/tools\/"},{"@type":"ListItem","position":4,"name":"Escadas e Escadotes","item":"https:\/\/chemitool.com\/pt-pt\/categoria-produto\/tools\/escadas-e-escadotes\/"},{"@type":"ListItem","position":5,"name":"GUINCHO EL\u00c9CTRICO"}]}]}},"_links":{"self":[{"href":"https:\/\/chemitool.com\/pt-pt\/wp-json\/wp\/v2\/product\/37001"}],"collection":[{"href":"https:\/\/chemitool.com\/pt-pt\/wp-json\/wp\/v2\/product"}],"about":[{"href":"https:\/\/chemitool.com\/pt-pt\/wp-json\/wp\/v2\/types\/product"}],"wp:featuredmedia":[{"embeddable":true,"href":"https:\/\/chemitool.com\/pt-pt\/wp-json\/wp\/v2\/media\/37003"}],"wp:attachment":[{"href":"https:\/\/chemitool.com\/pt-pt\/wp-json\/wp\/v2\/media?parent=37001"}],"wp:term":[{"taxonomy":"product_cat","embeddable":true,"href":"https:\/\/chemitool.com\/pt-pt\/wp-json\/wp\/v2\/product_cat?post=37001"},{"taxonomy":"product_tag","embeddable":true,"href":"https:\/\/chemitool.com\/pt-pt\/wp-json\/wp\/v2\/product_tag?post=37001"}],"curies":[{"name":"wp","href":"https:\/\/api.w.org\/{rel}","templated":true}]}}