{"id":36970,"date":"2024-01-15T11:00:03","date_gmt":"2024-01-15T11:00:09","guid":{"rendered":"https:\/\/chemitool.com\/?post_type=product&#038;p=36970"},"modified":"2024-01-15T17:50:36","modified_gmt":"2024-01-15T17:50:36","slug":"tirfor-cabo-para-tirfor","status":"publish","type":"product","link":"https:\/\/chemitool.com\/pt-pt\/products\/tools\/elevacao\/guinchos-de-cabo\/tirfor-cabo-para-tirfor\/","title":{"rendered":"TIRFOR | CABO PARA TIRFOR"},"content":{"rendered":"<ul>\n<li>Corpo em alum\u00ednio<\/li>\n<li>Talhas de avan\u00e7o, retrocesso e desbloqueio<\/li>\n<li>Cavilha de seguran\u00e7a para sobrecargas<\/li>\n<li>Parafuso de ancoragem extra\u00edvel<\/li>\n<\/ul>\n<p><strong>CAMPOS DE APLICA\u00c7\u00c3O<\/strong><\/p>\n<ul>\n<li>Ind\u00fastria e Constru\u00e7\u00e3o Civil<\/li>\n<li>Coloca\u00e7\u00e3o de tubagens<\/li>\n<li>Instala\u00e7\u00e3o de m\u00e1quinas<\/li>\n<li>Carga e descarga de mercadorias<\/li>\n<li>Remo\u00e7\u00e3o de obst\u00e1culos<\/li>\n<\/ul>\n","protected":false},"excerpt":{"rendered":"<p><em>Tirfor (guincho de cabo) CHEMITOOL<\/em> \u00e9 um guincho de tipo pequeno, operado manualmente. \u00c9 compacto na estrutura, pequeno no tamanho, leve no peso, tem uma vida operacional mais longa, menor gasto de energia, e consideravelmente menos desgaste do cabo. \u00c9 operado de acordo com o princ\u00edpio de alavanca, atrav\u00e9s do puxar manual da pega para a frente ou para tr\u00e1s &#8211;\u00a0 para o fazer mover para terminar tr\u00eas desempenhos, tais como elevar, puxar e tensionar com menos for\u00e7a manual para obter a carga de mais tonelagem.<\/p>\n","protected":false},"featured_media":36774,"template":"","meta":[],"product_cat":[1455,5139,5148],"product_tag":[],"yoast_head":"<!-- This site is optimized with the Yoast SEO plugin v17.4 - https:\/\/yoast.com\/wordpress\/plugins\/seo\/ -->\n<title>TIRFOR | CABO PARA TIRFOR &ndash; Chemitool<\/title>\n<meta name=\"description\" content=\"Tirfor (guincho de cabo) CHEMITOOL \u00e9 um guincho de tipo pequeno, operado manualmente. \u00c9 compacto na estrutura, pequeno no tamanho, leve no peso, tem uma vida operacional mais longa, menor gasto de energia, e consideravelmente menos desgaste do cabo. \u00c9 operado de acordo com o princ\u00edpio de alavanca, atrav\u00e9s do puxar manual da pega para a frente ou para tr\u00e1s -\u00a0 para o fazer mover para terminar tr\u00eas desempenhos, tais como elevar, puxar e tensionar com menos for\u00e7a manual para obter a carga de mais tonelagem.\" \/>\n<meta name=\"robots\" content=\"index, follow, max-snippet:-1, max-image-preview:large, max-video-preview:-1\" \/>\n<link rel=\"canonical\" href=\"https:\/\/chemitool.com\/pt-pt\/products\/tools\/elevacao\/guinchos-de-cabo\/tirfor-cabo-para-tirfor\/\" \/>\n<meta property=\"og:locale\" content=\"pt_PT\" \/>\n<meta property=\"og:type\" content=\"article\" \/>\n<meta property=\"og:title\" content=\"TIRFOR | CABO PARA TIRFOR &ndash; Chemitool\" \/>\n<meta property=\"og:description\" content=\"Tirfor (guincho de cabo) CHEMITOOL \u00e9 um guincho de tipo pequeno, operado manualmente. \u00c9 compacto na estrutura, pequeno no tamanho, leve no peso, tem uma vida operacional mais longa, menor gasto de energia, e consideravelmente menos desgaste do cabo. \u00c9 operado de acordo com o princ\u00edpio de alavanca, atrav\u00e9s do puxar manual da pega para a frente ou para tr\u00e1s -\u00a0 para o fazer mover para terminar tr\u00eas desempenhos, tais como elevar, puxar e tensionar com menos for\u00e7a manual para obter a carga de mais tonelagem.\" \/>\n<meta property=\"og:url\" content=\"https:\/\/chemitool.com\/pt-pt\/products\/tools\/elevacao\/guinchos-de-cabo\/tirfor-cabo-para-tirfor\/\" \/>\n<meta property=\"og:site_name\" content=\"Chemitool\" \/>\n<meta property=\"article:publisher\" content=\"https:\/\/www.facebook.com\/chemitool\" \/>\n<meta property=\"article:modified_time\" content=\"2024-01-15T17:50:36+00:00\" \/>\n<meta property=\"og:image\" content=\"https:\/\/chemitool.com\/wp-content\/uploads\/2024\/01\/WIRE-ROPE-PULLER.png\" \/>\n\t<meta property=\"og:image:width\" content=\"800\" \/>\n\t<meta property=\"og:image:height\" content=\"800\" \/>\n<meta name=\"twitter:card\" content=\"summary_large_image\" \/>\n<script type=\"application\/ld+json\" class=\"yoast-schema-graph\">{\"@context\":\"https:\/\/schema.org\",\"@graph\":[{\"@type\":\"Organization\",\"@id\":\"https:\/\/chemitool.com\/#organization\",\"name\":\"Chemitool\",\"url\":\"https:\/\/chemitool.com\/\",\"sameAs\":[\"https:\/\/www.facebook.com\/chemitool\",\"https:\/\/www.instagram.com\/chemitool\/\"],\"logo\":{\"@type\":\"ImageObject\",\"@id\":\"https:\/\/chemitool.com\/#logo\",\"inLanguage\":\"pt-PT\",\"url\":\"https:\/\/chemitool.com\/wp-content\/uploads\/2020\/10\/logo_chemitool.png\",\"contentUrl\":\"https:\/\/chemitool.com\/wp-content\/uploads\/2020\/10\/logo_chemitool.png\",\"width\":400,\"height\":400,\"caption\":\"Chemitool\"},\"image\":{\"@id\":\"https:\/\/chemitool.com\/#logo\"}},{\"@type\":\"WebSite\",\"@id\":\"https:\/\/chemitool.com\/#website\",\"url\":\"https:\/\/chemitool.com\/\",\"name\":\"Chemitool\",\"description\":\"Chemitool - hardware and tools\",\"publisher\":{\"@id\":\"https:\/\/chemitool.com\/#organization\"},\"potentialAction\":[{\"@type\":\"SearchAction\",\"target\":{\"@type\":\"EntryPoint\",\"urlTemplate\":\"https:\/\/chemitool.com\/?s={search_term_string}\"},\"query-input\":\"required name=search_term_string\"}],\"inLanguage\":\"pt-PT\"},{\"@type\":\"ImageObject\",\"@id\":\"https:\/\/chemitool.com\/pt-pt\/products\/tools\/elevacao\/guinchos-de-cabo\/tirfor-cabo-para-tirfor\/#primaryimage\",\"inLanguage\":\"pt-PT\",\"url\":\"https:\/\/chemitool.com\/wp-content\/uploads\/2024\/01\/WIRE-ROPE-PULLER.png\",\"contentUrl\":\"https:\/\/chemitool.com\/wp-content\/uploads\/2024\/01\/WIRE-ROPE-PULLER.png\",\"width\":800,\"height\":800},{\"@type\":\"WebPage\",\"@id\":\"https:\/\/chemitool.com\/pt-pt\/products\/tools\/elevacao\/guinchos-de-cabo\/tirfor-cabo-para-tirfor\/#webpage\",\"url\":\"https:\/\/chemitool.com\/pt-pt\/products\/tools\/elevacao\/guinchos-de-cabo\/tirfor-cabo-para-tirfor\/\",\"name\":\"TIRFOR | CABO PARA TIRFOR &ndash; Chemitool\",\"isPartOf\":{\"@id\":\"https:\/\/chemitool.com\/#website\"},\"primaryImageOfPage\":{\"@id\":\"https:\/\/chemitool.com\/pt-pt\/products\/tools\/elevacao\/guinchos-de-cabo\/tirfor-cabo-para-tirfor\/#primaryimage\"},\"datePublished\":\"2024-01-15T11:00:09+00:00\",\"dateModified\":\"2024-01-15T17:50:36+00:00\",\"description\":\"Tirfor (guincho de cabo) CHEMITOOL \\u00e9 um guincho de tipo pequeno, operado manualmente. \\u00c9 compacto na estrutura, pequeno no tamanho, leve no peso, tem uma vida operacional mais longa, menor gasto de energia, e consideravelmente menos desgaste do cabo. \\u00c9 operado de acordo com o princ\\u00edpio de alavanca, atrav\\u00e9s do puxar manual da pega para a frente ou para tr\\u00e1s -\\u00a0 para o fazer mover para terminar tr\\u00eas desempenhos, tais como elevar, puxar e tensionar com menos for\\u00e7a manual para obter a carga de mais tonelagem.\",\"breadcrumb\":{\"@id\":\"https:\/\/chemitool.com\/pt-pt\/products\/tools\/elevacao\/guinchos-de-cabo\/tirfor-cabo-para-tirfor\/#breadcrumb\"},\"inLanguage\":\"pt-PT\",\"potentialAction\":[{\"@type\":\"ReadAction\",\"target\":[\"https:\/\/chemitool.com\/pt-pt\/products\/tools\/elevacao\/guinchos-de-cabo\/tirfor-cabo-para-tirfor\/\"]}]},{\"@type\":\"BreadcrumbList\",\"@id\":\"https:\/\/chemitool.com\/pt-pt\/products\/tools\/elevacao\/guinchos-de-cabo\/tirfor-cabo-para-tirfor\/#breadcrumb\",\"itemListElement\":[{\"@type\":\"ListItem\",\"position\":1,\"name\":\"Home\",\"item\":\"https:\/\/chemitool.com\/pt-pt\/\"},{\"@type\":\"ListItem\",\"position\":2,\"name\":\"Produtos\",\"item\":\"https:\/\/chemitool.com\/pt-pt\/produtos\/\"},{\"@type\":\"ListItem\",\"position\":3,\"name\":\"Tools\",\"item\":\"https:\/\/chemitool.com\/pt-pt\/categoria-produto\/tools\/\"},{\"@type\":\"ListItem\",\"position\":4,\"name\":\"Escadas e Escadotes\",\"item\":\"https:\/\/chemitool.com\/pt-pt\/categoria-produto\/tools\/escadas-e-escadotes\/\"},{\"@type\":\"ListItem\",\"position\":5,\"name\":\"TIRFOR | CABO PARA TIRFOR\"}]}]}<\/script>\n<!-- \/ Yoast SEO plugin. -->","yoast_head_json":{"title":"TIRFOR | CABO PARA TIRFOR &ndash; Chemitool","description":"Tirfor (guincho de cabo) CHEMITOOL \u00e9 um guincho de tipo pequeno, operado manualmente. \u00c9 compacto na estrutura, pequeno no tamanho, leve no peso, tem uma vida operacional mais longa, menor gasto de energia, e consideravelmente menos desgaste do cabo. \u00c9 operado de acordo com o princ\u00edpio de alavanca, atrav\u00e9s do puxar manual da pega para a frente ou para tr\u00e1s -\u00a0 para o fazer mover para terminar tr\u00eas desempenhos, tais como elevar, puxar e tensionar com menos for\u00e7a manual para obter a carga de mais tonelagem.","robots":{"index":"index","follow":"follow","max-snippet":"max-snippet:-1","max-image-preview":"max-image-preview:large","max-video-preview":"max-video-preview:-1"},"canonical":"https:\/\/chemitool.com\/pt-pt\/products\/tools\/elevacao\/guinchos-de-cabo\/tirfor-cabo-para-tirfor\/","og_locale":"pt_PT","og_type":"article","og_title":"TIRFOR | CABO PARA TIRFOR &ndash; Chemitool","og_description":"Tirfor (guincho de cabo) CHEMITOOL \u00e9 um guincho de tipo pequeno, operado manualmente. \u00c9 compacto na estrutura, pequeno no tamanho, leve no peso, tem uma vida operacional mais longa, menor gasto de energia, e consideravelmente menos desgaste do cabo. \u00c9 operado de acordo com o princ\u00edpio de alavanca, atrav\u00e9s do puxar manual da pega para a frente ou para tr\u00e1s -\u00a0 para o fazer mover para terminar tr\u00eas desempenhos, tais como elevar, puxar e tensionar com menos for\u00e7a manual para obter a carga de mais tonelagem.","og_url":"https:\/\/chemitool.com\/pt-pt\/products\/tools\/elevacao\/guinchos-de-cabo\/tirfor-cabo-para-tirfor\/","og_site_name":"Chemitool","article_publisher":"https:\/\/www.facebook.com\/chemitool","article_modified_time":"2024-01-15T17:50:36+00:00","og_image":[{"width":800,"height":800,"url":"https:\/\/chemitool.com\/wp-content\/uploads\/2024\/01\/WIRE-ROPE-PULLER.png","type":"image\/png"}],"twitter_card":"summary_large_image","schema":{"@context":"https:\/\/schema.org","@graph":[{"@type":"Organization","@id":"https:\/\/chemitool.com\/#organization","name":"Chemitool","url":"https:\/\/chemitool.com\/","sameAs":["https:\/\/www.facebook.com\/chemitool","https:\/\/www.instagram.com\/chemitool\/"],"logo":{"@type":"ImageObject","@id":"https:\/\/chemitool.com\/#logo","inLanguage":"pt-PT","url":"https:\/\/chemitool.com\/wp-content\/uploads\/2020\/10\/logo_chemitool.png","contentUrl":"https:\/\/chemitool.com\/wp-content\/uploads\/2020\/10\/logo_chemitool.png","width":400,"height":400,"caption":"Chemitool"},"image":{"@id":"https:\/\/chemitool.com\/#logo"}},{"@type":"WebSite","@id":"https:\/\/chemitool.com\/#website","url":"https:\/\/chemitool.com\/","name":"Chemitool","description":"Chemitool - hardware and tools","publisher":{"@id":"https:\/\/chemitool.com\/#organization"},"potentialAction":[{"@type":"SearchAction","target":{"@type":"EntryPoint","urlTemplate":"https:\/\/chemitool.com\/?s={search_term_string}"},"query-input":"required name=search_term_string"}],"inLanguage":"pt-PT"},{"@type":"ImageObject","@id":"https:\/\/chemitool.com\/pt-pt\/products\/tools\/elevacao\/guinchos-de-cabo\/tirfor-cabo-para-tirfor\/#primaryimage","inLanguage":"pt-PT","url":"https:\/\/chemitool.com\/wp-content\/uploads\/2024\/01\/WIRE-ROPE-PULLER.png","contentUrl":"https:\/\/chemitool.com\/wp-content\/uploads\/2024\/01\/WIRE-ROPE-PULLER.png","width":800,"height":800},{"@type":"WebPage","@id":"https:\/\/chemitool.com\/pt-pt\/products\/tools\/elevacao\/guinchos-de-cabo\/tirfor-cabo-para-tirfor\/#webpage","url":"https:\/\/chemitool.com\/pt-pt\/products\/tools\/elevacao\/guinchos-de-cabo\/tirfor-cabo-para-tirfor\/","name":"TIRFOR | CABO PARA TIRFOR &ndash; Chemitool","isPartOf":{"@id":"https:\/\/chemitool.com\/#website"},"primaryImageOfPage":{"@id":"https:\/\/chemitool.com\/pt-pt\/products\/tools\/elevacao\/guinchos-de-cabo\/tirfor-cabo-para-tirfor\/#primaryimage"},"datePublished":"2024-01-15T11:00:09+00:00","dateModified":"2024-01-15T17:50:36+00:00","description":"Tirfor (guincho de cabo) CHEMITOOL \u00e9 um guincho de tipo pequeno, operado manualmente. \u00c9 compacto na estrutura, pequeno no tamanho, leve no peso, tem uma vida operacional mais longa, menor gasto de energia, e consideravelmente menos desgaste do cabo. \u00c9 operado de acordo com o princ\u00edpio de alavanca, atrav\u00e9s do puxar manual da pega para a frente ou para tr\u00e1s -\u00a0 para o fazer mover para terminar tr\u00eas desempenhos, tais como elevar, puxar e tensionar com menos for\u00e7a manual para obter a carga de mais tonelagem.","breadcrumb":{"@id":"https:\/\/chemitool.com\/pt-pt\/products\/tools\/elevacao\/guinchos-de-cabo\/tirfor-cabo-para-tirfor\/#breadcrumb"},"inLanguage":"pt-PT","potentialAction":[{"@type":"ReadAction","target":["https:\/\/chemitool.com\/pt-pt\/products\/tools\/elevacao\/guinchos-de-cabo\/tirfor-cabo-para-tirfor\/"]}]},{"@type":"BreadcrumbList","@id":"https:\/\/chemitool.com\/pt-pt\/products\/tools\/elevacao\/guinchos-de-cabo\/tirfor-cabo-para-tirfor\/#breadcrumb","itemListElement":[{"@type":"ListItem","position":1,"name":"Home","item":"https:\/\/chemitool.com\/pt-pt\/"},{"@type":"ListItem","position":2,"name":"Produtos","item":"https:\/\/chemitool.com\/pt-pt\/produtos\/"},{"@type":"ListItem","position":3,"name":"Tools","item":"https:\/\/chemitool.com\/pt-pt\/categoria-produto\/tools\/"},{"@type":"ListItem","position":4,"name":"Escadas e Escadotes","item":"https:\/\/chemitool.com\/pt-pt\/categoria-produto\/tools\/escadas-e-escadotes\/"},{"@type":"ListItem","position":5,"name":"TIRFOR | CABO PARA TIRFOR"}]}]}},"_links":{"self":[{"href":"https:\/\/chemitool.com\/pt-pt\/wp-json\/wp\/v2\/product\/36970"}],"collection":[{"href":"https:\/\/chemitool.com\/pt-pt\/wp-json\/wp\/v2\/product"}],"about":[{"href":"https:\/\/chemitool.com\/pt-pt\/wp-json\/wp\/v2\/types\/product"}],"wp:featuredmedia":[{"embeddable":true,"href":"https:\/\/chemitool.com\/pt-pt\/wp-json\/wp\/v2\/media\/36774"}],"wp:attachment":[{"href":"https:\/\/chemitool.com\/pt-pt\/wp-json\/wp\/v2\/media?parent=36970"}],"wp:term":[{"taxonomy":"product_cat","embeddable":true,"href":"https:\/\/chemitool.com\/pt-pt\/wp-json\/wp\/v2\/product_cat?post=36970"},{"taxonomy":"product_tag","embeddable":true,"href":"https:\/\/chemitool.com\/pt-pt\/wp-json\/wp\/v2\/product_tag?post=36970"}],"curies":[{"name":"wp","href":"https:\/\/api.w.org\/{rel}","templated":true}]}}