{"id":36931,"date":"2024-01-12T15:33:32","date_gmt":"2024-01-12T15:33:35","guid":{"rendered":"https:\/\/chemitool.com\/?post_type=product&#038;p=36931"},"modified":"2024-01-12T17:06:38","modified_gmt":"2024-01-12T17:06:38","slug":"diferencial-de-corrente","status":"publish","type":"product","link":"https:\/\/chemitool.com\/pt-pt\/products\/tools\/elevacao\/diferenciais\/diferencial-de-corrente\/","title":{"rendered":"DIFERENCIAL DE CORRENTE"},"content":{"rendered":"<ul>\n<li>Os ganchos de suspens\u00e3o e carga est\u00e3o forjados em a\u00e7o de alta resist\u00eancia e possuem trincos de seguran\u00e7a, podendo rodar 360\u00b0.<\/li>\n<li>Os discos do trav\u00e3o s\u00e3o de dupla guarni\u00e7\u00e3o e n\u00e3o cont\u00eam part\u00edculas met\u00e1licas, nem materiais t\u00f3xicos.<\/li>\n<li>As correntes de elos est\u00e3o fabricadas em a\u00e7o de alta resist\u00eancia e em conformidade com as normas nacionais e internacionais em vigor.<\/li>\n<\/ul>\n<p><strong>CAMPOS DE APLICA\u00c7\u00c3O<\/strong><\/p>\n<p>Ind\u00fastria e Constru\u00e7\u00e3o Civil.<\/p>\n","protected":false},"excerpt":{"rendered":"<p>Os <em>Diferenciais de Corrente CHEMITOOL<\/em> s\u00e3o sin\u00f3nimo de seguran\u00e7a, qualidade e rendimento. S\u00e3o ferramentas leves e de dimens\u00f5es reduzidas, com uma maneabilidade muito simples.<\/p>\n","protected":false},"featured_media":36942,"template":"","meta":[],"product_cat":[1455,5139,5145],"product_tag":[],"yoast_head":"<!-- This site is optimized with the Yoast SEO plugin v17.4 - https:\/\/yoast.com\/wordpress\/plugins\/seo\/ -->\n<title>DIFERENCIAL DE CORRENTE &ndash; Chemitool<\/title>\n<meta name=\"description\" content=\"Os Diferenciais de Corrente CHEMITOOL s\u00e3o sin\u00f3nimo de seguran\u00e7a, qualidade e rendimento. S\u00e3o ferramentas leves e de dimens\u00f5es reduzidas, com uma maneabilidade muito simples.\" \/>\n<meta name=\"robots\" content=\"index, follow, max-snippet:-1, max-image-preview:large, max-video-preview:-1\" \/>\n<link rel=\"canonical\" href=\"https:\/\/chemitool.com\/pt-pt\/products\/tools\/elevacao\/diferenciais\/diferencial-de-corrente\/\" \/>\n<meta property=\"og:locale\" content=\"pt_PT\" \/>\n<meta property=\"og:type\" content=\"article\" \/>\n<meta property=\"og:title\" content=\"DIFERENCIAL DE CORRENTE &ndash; Chemitool\" \/>\n<meta property=\"og:description\" content=\"Os Diferenciais de Corrente CHEMITOOL s\u00e3o sin\u00f3nimo de seguran\u00e7a, qualidade e rendimento. S\u00e3o ferramentas leves e de dimens\u00f5es reduzidas, com uma maneabilidade muito simples.\" \/>\n<meta property=\"og:url\" content=\"https:\/\/chemitool.com\/pt-pt\/products\/tools\/elevacao\/diferenciais\/diferencial-de-corrente\/\" \/>\n<meta property=\"og:site_name\" content=\"Chemitool\" \/>\n<meta property=\"article:publisher\" content=\"https:\/\/www.facebook.com\/chemitool\" \/>\n<meta property=\"article:modified_time\" content=\"2024-01-12T17:06:38+00:00\" \/>\n<meta property=\"og:image\" content=\"https:\/\/chemitool.com\/wp-content\/uploads\/2024\/01\/CHT40201.png\" \/>\n\t<meta property=\"og:image:width\" content=\"800\" \/>\n\t<meta property=\"og:image:height\" content=\"800\" \/>\n<meta name=\"twitter:card\" content=\"summary_large_image\" \/>\n<script type=\"application\/ld+json\" class=\"yoast-schema-graph\">{\"@context\":\"https:\/\/schema.org\",\"@graph\":[{\"@type\":\"Organization\",\"@id\":\"https:\/\/chemitool.com\/#organization\",\"name\":\"Chemitool\",\"url\":\"https:\/\/chemitool.com\/\",\"sameAs\":[\"https:\/\/www.facebook.com\/chemitool\",\"https:\/\/www.instagram.com\/chemitool\/\"],\"logo\":{\"@type\":\"ImageObject\",\"@id\":\"https:\/\/chemitool.com\/#logo\",\"inLanguage\":\"pt-PT\",\"url\":\"https:\/\/chemitool.com\/wp-content\/uploads\/2020\/10\/logo_chemitool.png\",\"contentUrl\":\"https:\/\/chemitool.com\/wp-content\/uploads\/2020\/10\/logo_chemitool.png\",\"width\":400,\"height\":400,\"caption\":\"Chemitool\"},\"image\":{\"@id\":\"https:\/\/chemitool.com\/#logo\"}},{\"@type\":\"WebSite\",\"@id\":\"https:\/\/chemitool.com\/#website\",\"url\":\"https:\/\/chemitool.com\/\",\"name\":\"Chemitool\",\"description\":\"Chemitool - hardware and tools\",\"publisher\":{\"@id\":\"https:\/\/chemitool.com\/#organization\"},\"potentialAction\":[{\"@type\":\"SearchAction\",\"target\":{\"@type\":\"EntryPoint\",\"urlTemplate\":\"https:\/\/chemitool.com\/?s={search_term_string}\"},\"query-input\":\"required name=search_term_string\"}],\"inLanguage\":\"pt-PT\"},{\"@type\":\"ImageObject\",\"@id\":\"https:\/\/chemitool.com\/pt-pt\/products\/tools\/elevacao\/diferenciais\/diferencial-de-corrente\/#primaryimage\",\"inLanguage\":\"pt-PT\",\"url\":\"https:\/\/chemitool.com\/wp-content\/uploads\/2024\/01\/CHT40201.png\",\"contentUrl\":\"https:\/\/chemitool.com\/wp-content\/uploads\/2024\/01\/CHT40201.png\",\"width\":800,\"height\":800},{\"@type\":\"WebPage\",\"@id\":\"https:\/\/chemitool.com\/pt-pt\/products\/tools\/elevacao\/diferenciais\/diferencial-de-corrente\/#webpage\",\"url\":\"https:\/\/chemitool.com\/pt-pt\/products\/tools\/elevacao\/diferenciais\/diferencial-de-corrente\/\",\"name\":\"DIFERENCIAL DE CORRENTE &ndash; Chemitool\",\"isPartOf\":{\"@id\":\"https:\/\/chemitool.com\/#website\"},\"primaryImageOfPage\":{\"@id\":\"https:\/\/chemitool.com\/pt-pt\/products\/tools\/elevacao\/diferenciais\/diferencial-de-corrente\/#primaryimage\"},\"datePublished\":\"2024-01-12T15:33:35+00:00\",\"dateModified\":\"2024-01-12T17:06:38+00:00\",\"description\":\"Os Diferenciais de Corrente CHEMITOOL s\\u00e3o sin\\u00f3nimo de seguran\\u00e7a, qualidade e rendimento. S\\u00e3o ferramentas leves e de dimens\\u00f5es reduzidas, com uma maneabilidade muito simples.\",\"breadcrumb\":{\"@id\":\"https:\/\/chemitool.com\/pt-pt\/products\/tools\/elevacao\/diferenciais\/diferencial-de-corrente\/#breadcrumb\"},\"inLanguage\":\"pt-PT\",\"potentialAction\":[{\"@type\":\"ReadAction\",\"target\":[\"https:\/\/chemitool.com\/pt-pt\/products\/tools\/elevacao\/diferenciais\/diferencial-de-corrente\/\"]}]},{\"@type\":\"BreadcrumbList\",\"@id\":\"https:\/\/chemitool.com\/pt-pt\/products\/tools\/elevacao\/diferenciais\/diferencial-de-corrente\/#breadcrumb\",\"itemListElement\":[{\"@type\":\"ListItem\",\"position\":1,\"name\":\"Home\",\"item\":\"https:\/\/chemitool.com\/pt-pt\/\"},{\"@type\":\"ListItem\",\"position\":2,\"name\":\"Produtos\",\"item\":\"https:\/\/chemitool.com\/pt-pt\/produtos\/\"},{\"@type\":\"ListItem\",\"position\":3,\"name\":\"Tools\",\"item\":\"https:\/\/chemitool.com\/pt-pt\/categoria-produto\/tools\/\"},{\"@type\":\"ListItem\",\"position\":4,\"name\":\"Escadas e Escadotes\",\"item\":\"https:\/\/chemitool.com\/pt-pt\/categoria-produto\/tools\/escadas-e-escadotes\/\"},{\"@type\":\"ListItem\",\"position\":5,\"name\":\"DIFERENCIAL DE CORRENTE\"}]}]}<\/script>\n<!-- \/ Yoast SEO plugin. -->","yoast_head_json":{"title":"DIFERENCIAL DE CORRENTE &ndash; Chemitool","description":"Os Diferenciais de Corrente CHEMITOOL s\u00e3o sin\u00f3nimo de seguran\u00e7a, qualidade e rendimento. S\u00e3o ferramentas leves e de dimens\u00f5es reduzidas, com uma maneabilidade muito simples.","robots":{"index":"index","follow":"follow","max-snippet":"max-snippet:-1","max-image-preview":"max-image-preview:large","max-video-preview":"max-video-preview:-1"},"canonical":"https:\/\/chemitool.com\/pt-pt\/products\/tools\/elevacao\/diferenciais\/diferencial-de-corrente\/","og_locale":"pt_PT","og_type":"article","og_title":"DIFERENCIAL DE CORRENTE &ndash; Chemitool","og_description":"Os Diferenciais de Corrente CHEMITOOL s\u00e3o sin\u00f3nimo de seguran\u00e7a, qualidade e rendimento. S\u00e3o ferramentas leves e de dimens\u00f5es reduzidas, com uma maneabilidade muito simples.","og_url":"https:\/\/chemitool.com\/pt-pt\/products\/tools\/elevacao\/diferenciais\/diferencial-de-corrente\/","og_site_name":"Chemitool","article_publisher":"https:\/\/www.facebook.com\/chemitool","article_modified_time":"2024-01-12T17:06:38+00:00","og_image":[{"width":800,"height":800,"url":"https:\/\/chemitool.com\/wp-content\/uploads\/2024\/01\/CHT40201.png","type":"image\/png"}],"twitter_card":"summary_large_image","schema":{"@context":"https:\/\/schema.org","@graph":[{"@type":"Organization","@id":"https:\/\/chemitool.com\/#organization","name":"Chemitool","url":"https:\/\/chemitool.com\/","sameAs":["https:\/\/www.facebook.com\/chemitool","https:\/\/www.instagram.com\/chemitool\/"],"logo":{"@type":"ImageObject","@id":"https:\/\/chemitool.com\/#logo","inLanguage":"pt-PT","url":"https:\/\/chemitool.com\/wp-content\/uploads\/2020\/10\/logo_chemitool.png","contentUrl":"https:\/\/chemitool.com\/wp-content\/uploads\/2020\/10\/logo_chemitool.png","width":400,"height":400,"caption":"Chemitool"},"image":{"@id":"https:\/\/chemitool.com\/#logo"}},{"@type":"WebSite","@id":"https:\/\/chemitool.com\/#website","url":"https:\/\/chemitool.com\/","name":"Chemitool","description":"Chemitool - hardware and tools","publisher":{"@id":"https:\/\/chemitool.com\/#organization"},"potentialAction":[{"@type":"SearchAction","target":{"@type":"EntryPoint","urlTemplate":"https:\/\/chemitool.com\/?s={search_term_string}"},"query-input":"required name=search_term_string"}],"inLanguage":"pt-PT"},{"@type":"ImageObject","@id":"https:\/\/chemitool.com\/pt-pt\/products\/tools\/elevacao\/diferenciais\/diferencial-de-corrente\/#primaryimage","inLanguage":"pt-PT","url":"https:\/\/chemitool.com\/wp-content\/uploads\/2024\/01\/CHT40201.png","contentUrl":"https:\/\/chemitool.com\/wp-content\/uploads\/2024\/01\/CHT40201.png","width":800,"height":800},{"@type":"WebPage","@id":"https:\/\/chemitool.com\/pt-pt\/products\/tools\/elevacao\/diferenciais\/diferencial-de-corrente\/#webpage","url":"https:\/\/chemitool.com\/pt-pt\/products\/tools\/elevacao\/diferenciais\/diferencial-de-corrente\/","name":"DIFERENCIAL DE CORRENTE &ndash; Chemitool","isPartOf":{"@id":"https:\/\/chemitool.com\/#website"},"primaryImageOfPage":{"@id":"https:\/\/chemitool.com\/pt-pt\/products\/tools\/elevacao\/diferenciais\/diferencial-de-corrente\/#primaryimage"},"datePublished":"2024-01-12T15:33:35+00:00","dateModified":"2024-01-12T17:06:38+00:00","description":"Os Diferenciais de Corrente CHEMITOOL s\u00e3o sin\u00f3nimo de seguran\u00e7a, qualidade e rendimento. S\u00e3o ferramentas leves e de dimens\u00f5es reduzidas, com uma maneabilidade muito simples.","breadcrumb":{"@id":"https:\/\/chemitool.com\/pt-pt\/products\/tools\/elevacao\/diferenciais\/diferencial-de-corrente\/#breadcrumb"},"inLanguage":"pt-PT","potentialAction":[{"@type":"ReadAction","target":["https:\/\/chemitool.com\/pt-pt\/products\/tools\/elevacao\/diferenciais\/diferencial-de-corrente\/"]}]},{"@type":"BreadcrumbList","@id":"https:\/\/chemitool.com\/pt-pt\/products\/tools\/elevacao\/diferenciais\/diferencial-de-corrente\/#breadcrumb","itemListElement":[{"@type":"ListItem","position":1,"name":"Home","item":"https:\/\/chemitool.com\/pt-pt\/"},{"@type":"ListItem","position":2,"name":"Produtos","item":"https:\/\/chemitool.com\/pt-pt\/produtos\/"},{"@type":"ListItem","position":3,"name":"Tools","item":"https:\/\/chemitool.com\/pt-pt\/categoria-produto\/tools\/"},{"@type":"ListItem","position":4,"name":"Escadas e Escadotes","item":"https:\/\/chemitool.com\/pt-pt\/categoria-produto\/tools\/escadas-e-escadotes\/"},{"@type":"ListItem","position":5,"name":"DIFERENCIAL DE CORRENTE"}]}]}},"_links":{"self":[{"href":"https:\/\/chemitool.com\/pt-pt\/wp-json\/wp\/v2\/product\/36931"}],"collection":[{"href":"https:\/\/chemitool.com\/pt-pt\/wp-json\/wp\/v2\/product"}],"about":[{"href":"https:\/\/chemitool.com\/pt-pt\/wp-json\/wp\/v2\/types\/product"}],"wp:featuredmedia":[{"embeddable":true,"href":"https:\/\/chemitool.com\/pt-pt\/wp-json\/wp\/v2\/media\/36942"}],"wp:attachment":[{"href":"https:\/\/chemitool.com\/pt-pt\/wp-json\/wp\/v2\/media?parent=36931"}],"wp:term":[{"taxonomy":"product_cat","embeddable":true,"href":"https:\/\/chemitool.com\/pt-pt\/wp-json\/wp\/v2\/product_cat?post=36931"},{"taxonomy":"product_tag","embeddable":true,"href":"https:\/\/chemitool.com\/pt-pt\/wp-json\/wp\/v2\/product_tag?post=36931"}],"curies":[{"name":"wp","href":"https:\/\/api.w.org\/{rel}","templated":true}]}}