{"id":36918,"date":"2024-01-12T11:55:46","date_gmt":"2024-01-12T11:56:01","guid":{"rendered":"https:\/\/chemitool.com\/?post_type=product&#038;p=36918"},"modified":"2024-02-08T17:03:29","modified_gmt":"2024-02-08T17:03:29","slug":"diferencial-de-alavanca","status":"publish","type":"product","link":"https:\/\/chemitool.com\/pt-pt\/products\/tools\/elevacao\/diferenciais\/diferencial-de-alavanca\/","title":{"rendered":"DIFERENCIAL DE ALAVANCA"},"content":{"rendered":"<ul>\n<li>\u00c9 leve, robusta e resistente ao desgaste, al\u00e9m de possuir corrente de alta resist\u00eancia.<\/li>\n<li>A sua estrutura de a\u00e7o e a caixa de engrenagens aumentam o tempo de vida \u00fatil do aparelho.<\/li>\n<li>O controlo efetivo da carga est\u00e1 assegurado por um trav\u00e3o mec\u00e2nico que a ret\u00e9m em qualquer ponto e a solta quando necess\u00e1rio.<\/li>\n<li>O seu desenho simples garante a manuten\u00e7\u00e3o econ\u00f3mica, sem que sejam necess\u00e1rias ferramentas especiais.<\/li>\n<\/ul>\n<p><strong>CAMPOS DE APLICA\u00c7\u00c3O<\/strong><\/p>\n<p>Ind\u00fastria e Constru\u00e7\u00e3o Civil.<\/p>\n","protected":false},"excerpt":{"rendered":"<p>O <em>Diferencial de Alavanca CHEMITOOL<\/em> diferencia-se pela sua qualidade e durabilidade. \u00c9 ideal para trabalhos em espa\u00e7os reduzidos, onde imperam a versatilidade e a efic\u00e1cia. Esta ferramenta foi concebida para manusear cargas em eleva\u00e7\u00e3o e arrasto.<\/p>\n","protected":false},"featured_media":36911,"template":"","meta":[],"product_cat":[1455,5139,5145],"product_tag":[],"yoast_head":"<!-- This site is optimized with the Yoast SEO plugin v17.4 - https:\/\/yoast.com\/wordpress\/plugins\/seo\/ -->\n<title>DIFERENCIAL DE ALAVANCA &ndash; Chemitool<\/title>\n<meta name=\"description\" content=\"O Diferencial de Alavanca CHEMITOOL diferencia-se pela sua qualidade e durabilidade. \u00c9 ideal para trabalhos em espa\u00e7os reduzidos, onde imperam a versatilidade e a efic\u00e1cia. Esta ferramenta foi concebida para manusear cargas em eleva\u00e7\u00e3o e arrasto.\" \/>\n<meta name=\"robots\" content=\"index, follow, max-snippet:-1, max-image-preview:large, max-video-preview:-1\" \/>\n<link rel=\"canonical\" href=\"https:\/\/chemitool.com\/pt-pt\/products\/tools\/elevacao\/diferenciais\/diferencial-de-alavanca\/\" \/>\n<meta property=\"og:locale\" content=\"pt_PT\" \/>\n<meta property=\"og:type\" content=\"article\" \/>\n<meta property=\"og:title\" content=\"DIFERENCIAL DE ALAVANCA &ndash; Chemitool\" \/>\n<meta property=\"og:description\" content=\"O Diferencial de Alavanca CHEMITOOL diferencia-se pela sua qualidade e durabilidade. \u00c9 ideal para trabalhos em espa\u00e7os reduzidos, onde imperam a versatilidade e a efic\u00e1cia. Esta ferramenta foi concebida para manusear cargas em eleva\u00e7\u00e3o e arrasto.\" \/>\n<meta property=\"og:url\" content=\"https:\/\/chemitool.com\/pt-pt\/products\/tools\/elevacao\/diferenciais\/diferencial-de-alavanca\/\" \/>\n<meta property=\"og:site_name\" content=\"Chemitool\" \/>\n<meta property=\"article:publisher\" content=\"https:\/\/www.facebook.com\/chemitool\" \/>\n<meta property=\"article:modified_time\" content=\"2024-02-08T17:03:29+00:00\" \/>\n<meta property=\"og:image\" content=\"https:\/\/chemitool.com\/wp-content\/uploads\/2024\/01\/CHT40202.png\" \/>\n\t<meta property=\"og:image:width\" content=\"800\" \/>\n\t<meta property=\"og:image:height\" content=\"800\" \/>\n<meta name=\"twitter:card\" content=\"summary_large_image\" \/>\n<script type=\"application\/ld+json\" class=\"yoast-schema-graph\">{\"@context\":\"https:\/\/schema.org\",\"@graph\":[{\"@type\":\"Organization\",\"@id\":\"https:\/\/chemitool.com\/#organization\",\"name\":\"Chemitool\",\"url\":\"https:\/\/chemitool.com\/\",\"sameAs\":[\"https:\/\/www.facebook.com\/chemitool\",\"https:\/\/www.instagram.com\/chemitool\/\"],\"logo\":{\"@type\":\"ImageObject\",\"@id\":\"https:\/\/chemitool.com\/#logo\",\"inLanguage\":\"pt-PT\",\"url\":\"https:\/\/chemitool.com\/wp-content\/uploads\/2020\/10\/logo_chemitool.png\",\"contentUrl\":\"https:\/\/chemitool.com\/wp-content\/uploads\/2020\/10\/logo_chemitool.png\",\"width\":400,\"height\":400,\"caption\":\"Chemitool\"},\"image\":{\"@id\":\"https:\/\/chemitool.com\/#logo\"}},{\"@type\":\"WebSite\",\"@id\":\"https:\/\/chemitool.com\/#website\",\"url\":\"https:\/\/chemitool.com\/\",\"name\":\"Chemitool\",\"description\":\"Chemitool - hardware and tools\",\"publisher\":{\"@id\":\"https:\/\/chemitool.com\/#organization\"},\"potentialAction\":[{\"@type\":\"SearchAction\",\"target\":{\"@type\":\"EntryPoint\",\"urlTemplate\":\"https:\/\/chemitool.com\/?s={search_term_string}\"},\"query-input\":\"required name=search_term_string\"}],\"inLanguage\":\"pt-PT\"},{\"@type\":\"ImageObject\",\"@id\":\"https:\/\/chemitool.com\/pt-pt\/products\/tools\/elevacao\/diferenciais\/diferencial-de-alavanca\/#primaryimage\",\"inLanguage\":\"pt-PT\",\"url\":\"https:\/\/chemitool.com\/wp-content\/uploads\/2024\/01\/CHT40202.png\",\"contentUrl\":\"https:\/\/chemitool.com\/wp-content\/uploads\/2024\/01\/CHT40202.png\",\"width\":800,\"height\":800},{\"@type\":\"WebPage\",\"@id\":\"https:\/\/chemitool.com\/pt-pt\/products\/tools\/elevacao\/diferenciais\/diferencial-de-alavanca\/#webpage\",\"url\":\"https:\/\/chemitool.com\/pt-pt\/products\/tools\/elevacao\/diferenciais\/diferencial-de-alavanca\/\",\"name\":\"DIFERENCIAL DE ALAVANCA &ndash; Chemitool\",\"isPartOf\":{\"@id\":\"https:\/\/chemitool.com\/#website\"},\"primaryImageOfPage\":{\"@id\":\"https:\/\/chemitool.com\/pt-pt\/products\/tools\/elevacao\/diferenciais\/diferencial-de-alavanca\/#primaryimage\"},\"datePublished\":\"2024-01-12T11:56:01+00:00\",\"dateModified\":\"2024-02-08T17:03:29+00:00\",\"description\":\"O Diferencial de Alavanca CHEMITOOL diferencia-se pela sua qualidade e durabilidade. \\u00c9 ideal para trabalhos em espa\\u00e7os reduzidos, onde imperam a versatilidade e a efic\\u00e1cia. Esta ferramenta foi concebida para manusear cargas em eleva\\u00e7\\u00e3o e arrasto.\",\"breadcrumb\":{\"@id\":\"https:\/\/chemitool.com\/pt-pt\/products\/tools\/elevacao\/diferenciais\/diferencial-de-alavanca\/#breadcrumb\"},\"inLanguage\":\"pt-PT\",\"potentialAction\":[{\"@type\":\"ReadAction\",\"target\":[\"https:\/\/chemitool.com\/pt-pt\/products\/tools\/elevacao\/diferenciais\/diferencial-de-alavanca\/\"]}]},{\"@type\":\"BreadcrumbList\",\"@id\":\"https:\/\/chemitool.com\/pt-pt\/products\/tools\/elevacao\/diferenciais\/diferencial-de-alavanca\/#breadcrumb\",\"itemListElement\":[{\"@type\":\"ListItem\",\"position\":1,\"name\":\"Home\",\"item\":\"https:\/\/chemitool.com\/pt-pt\/\"},{\"@type\":\"ListItem\",\"position\":2,\"name\":\"Produtos\",\"item\":\"https:\/\/chemitool.com\/pt-pt\/produtos\/\"},{\"@type\":\"ListItem\",\"position\":3,\"name\":\"Tools\",\"item\":\"https:\/\/chemitool.com\/pt-pt\/categoria-produto\/tools\/\"},{\"@type\":\"ListItem\",\"position\":4,\"name\":\"Escadas e Escadotes\",\"item\":\"https:\/\/chemitool.com\/pt-pt\/categoria-produto\/tools\/escadas-e-escadotes\/\"},{\"@type\":\"ListItem\",\"position\":5,\"name\":\"DIFERENCIAL DE ALAVANCA\"}]}]}<\/script>\n<!-- \/ Yoast SEO plugin. -->","yoast_head_json":{"title":"DIFERENCIAL DE ALAVANCA &ndash; Chemitool","description":"O Diferencial de Alavanca CHEMITOOL diferencia-se pela sua qualidade e durabilidade. \u00c9 ideal para trabalhos em espa\u00e7os reduzidos, onde imperam a versatilidade e a efic\u00e1cia. Esta ferramenta foi concebida para manusear cargas em eleva\u00e7\u00e3o e arrasto.","robots":{"index":"index","follow":"follow","max-snippet":"max-snippet:-1","max-image-preview":"max-image-preview:large","max-video-preview":"max-video-preview:-1"},"canonical":"https:\/\/chemitool.com\/pt-pt\/products\/tools\/elevacao\/diferenciais\/diferencial-de-alavanca\/","og_locale":"pt_PT","og_type":"article","og_title":"DIFERENCIAL DE ALAVANCA &ndash; Chemitool","og_description":"O Diferencial de Alavanca CHEMITOOL diferencia-se pela sua qualidade e durabilidade. \u00c9 ideal para trabalhos em espa\u00e7os reduzidos, onde imperam a versatilidade e a efic\u00e1cia. Esta ferramenta foi concebida para manusear cargas em eleva\u00e7\u00e3o e arrasto.","og_url":"https:\/\/chemitool.com\/pt-pt\/products\/tools\/elevacao\/diferenciais\/diferencial-de-alavanca\/","og_site_name":"Chemitool","article_publisher":"https:\/\/www.facebook.com\/chemitool","article_modified_time":"2024-02-08T17:03:29+00:00","og_image":[{"width":800,"height":800,"url":"https:\/\/chemitool.com\/wp-content\/uploads\/2024\/01\/CHT40202.png","type":"image\/png"}],"twitter_card":"summary_large_image","schema":{"@context":"https:\/\/schema.org","@graph":[{"@type":"Organization","@id":"https:\/\/chemitool.com\/#organization","name":"Chemitool","url":"https:\/\/chemitool.com\/","sameAs":["https:\/\/www.facebook.com\/chemitool","https:\/\/www.instagram.com\/chemitool\/"],"logo":{"@type":"ImageObject","@id":"https:\/\/chemitool.com\/#logo","inLanguage":"pt-PT","url":"https:\/\/chemitool.com\/wp-content\/uploads\/2020\/10\/logo_chemitool.png","contentUrl":"https:\/\/chemitool.com\/wp-content\/uploads\/2020\/10\/logo_chemitool.png","width":400,"height":400,"caption":"Chemitool"},"image":{"@id":"https:\/\/chemitool.com\/#logo"}},{"@type":"WebSite","@id":"https:\/\/chemitool.com\/#website","url":"https:\/\/chemitool.com\/","name":"Chemitool","description":"Chemitool - hardware and tools","publisher":{"@id":"https:\/\/chemitool.com\/#organization"},"potentialAction":[{"@type":"SearchAction","target":{"@type":"EntryPoint","urlTemplate":"https:\/\/chemitool.com\/?s={search_term_string}"},"query-input":"required name=search_term_string"}],"inLanguage":"pt-PT"},{"@type":"ImageObject","@id":"https:\/\/chemitool.com\/pt-pt\/products\/tools\/elevacao\/diferenciais\/diferencial-de-alavanca\/#primaryimage","inLanguage":"pt-PT","url":"https:\/\/chemitool.com\/wp-content\/uploads\/2024\/01\/CHT40202.png","contentUrl":"https:\/\/chemitool.com\/wp-content\/uploads\/2024\/01\/CHT40202.png","width":800,"height":800},{"@type":"WebPage","@id":"https:\/\/chemitool.com\/pt-pt\/products\/tools\/elevacao\/diferenciais\/diferencial-de-alavanca\/#webpage","url":"https:\/\/chemitool.com\/pt-pt\/products\/tools\/elevacao\/diferenciais\/diferencial-de-alavanca\/","name":"DIFERENCIAL DE ALAVANCA &ndash; Chemitool","isPartOf":{"@id":"https:\/\/chemitool.com\/#website"},"primaryImageOfPage":{"@id":"https:\/\/chemitool.com\/pt-pt\/products\/tools\/elevacao\/diferenciais\/diferencial-de-alavanca\/#primaryimage"},"datePublished":"2024-01-12T11:56:01+00:00","dateModified":"2024-02-08T17:03:29+00:00","description":"O Diferencial de Alavanca CHEMITOOL diferencia-se pela sua qualidade e durabilidade. \u00c9 ideal para trabalhos em espa\u00e7os reduzidos, onde imperam a versatilidade e a efic\u00e1cia. Esta ferramenta foi concebida para manusear cargas em eleva\u00e7\u00e3o e arrasto.","breadcrumb":{"@id":"https:\/\/chemitool.com\/pt-pt\/products\/tools\/elevacao\/diferenciais\/diferencial-de-alavanca\/#breadcrumb"},"inLanguage":"pt-PT","potentialAction":[{"@type":"ReadAction","target":["https:\/\/chemitool.com\/pt-pt\/products\/tools\/elevacao\/diferenciais\/diferencial-de-alavanca\/"]}]},{"@type":"BreadcrumbList","@id":"https:\/\/chemitool.com\/pt-pt\/products\/tools\/elevacao\/diferenciais\/diferencial-de-alavanca\/#breadcrumb","itemListElement":[{"@type":"ListItem","position":1,"name":"Home","item":"https:\/\/chemitool.com\/pt-pt\/"},{"@type":"ListItem","position":2,"name":"Produtos","item":"https:\/\/chemitool.com\/pt-pt\/produtos\/"},{"@type":"ListItem","position":3,"name":"Tools","item":"https:\/\/chemitool.com\/pt-pt\/categoria-produto\/tools\/"},{"@type":"ListItem","position":4,"name":"Escadas e Escadotes","item":"https:\/\/chemitool.com\/pt-pt\/categoria-produto\/tools\/escadas-e-escadotes\/"},{"@type":"ListItem","position":5,"name":"DIFERENCIAL DE ALAVANCA"}]}]}},"_links":{"self":[{"href":"https:\/\/chemitool.com\/pt-pt\/wp-json\/wp\/v2\/product\/36918"}],"collection":[{"href":"https:\/\/chemitool.com\/pt-pt\/wp-json\/wp\/v2\/product"}],"about":[{"href":"https:\/\/chemitool.com\/pt-pt\/wp-json\/wp\/v2\/types\/product"}],"wp:featuredmedia":[{"embeddable":true,"href":"https:\/\/chemitool.com\/pt-pt\/wp-json\/wp\/v2\/media\/36911"}],"wp:attachment":[{"href":"https:\/\/chemitool.com\/pt-pt\/wp-json\/wp\/v2\/media?parent=36918"}],"wp:term":[{"taxonomy":"product_cat","embeddable":true,"href":"https:\/\/chemitool.com\/pt-pt\/wp-json\/wp\/v2\/product_cat?post=36918"},{"taxonomy":"product_tag","embeddable":true,"href":"https:\/\/chemitool.com\/pt-pt\/wp-json\/wp\/v2\/product_tag?post=36918"}],"curies":[{"name":"wp","href":"https:\/\/api.w.org\/{rel}","templated":true}]}}