{"id":3686,"date":"2020-03-27T11:18:48","date_gmt":"2020-03-27T11:18:48","guid":{"rendered":"https:\/\/chemitool.com\/products\/sem%20categoria\/bucha-quimica-vinilica-chemires\/"},"modified":"2023-11-21T12:21:13","modified_gmt":"2023-11-21T12:21:13","slug":"chemires-resina-quimica-vinylester-sem-estireno","status":"publish","type":"product","link":"https:\/\/chemitool.com\/pt-pt\/products\/chemicals\/resina-quimica\/chemires-resina-quimica-vinylester-sem-estireno\/","title":{"rendered":"CHEMIRES RESINA QU\u00cdMICA VINYLESTER SEM ESTIRENO"},"content":{"rendered":"<p><strong>VANTAGENS<\/strong><\/p>\n<ul>\n<li>Qualidade profissional<\/li>\n<li>Aplica\u00e7\u00f5es de carga pesada<\/li>\n<li>Aplica\u00e7\u00f5es f\u00e1cil<\/li>\n<li>Secagem r\u00e1pida<\/li>\n<li>Utiliza\u00e7\u00e3o em furos\u00a0 secos e h\u00famidos<\/li>\n<li>Uso interno e externo<\/li>\n<li>Cargas para instala\u00e7\u00e3o em concreto seco e \u00famido e com furo inundado (furo inundado apenas com haste roscada)<\/li>\n<\/ul>\n","protected":false},"excerpt":{"rendered":"<p><em>CHEMIRES Resina Qu\u00edmica Vinylester<\/em> \u00e9 uma resina qu\u00edmica bicomponente, de formula\u00e7\u00e3o de base vinilester,\u00a0 com alta capacidade de ades\u00e3o e fixa\u00e7\u00e3o, desenvolvida principalmente para utiliza\u00e7\u00e3o em alvenaria, em bet\u00e3o fissurado e n\u00e3o fissurado, com homologa\u00e7\u00e3o ETA-23\/0149 e ETA-23\/0151 Op\u00e7\u00e3o 1 e 7.Qualificado na categoria s\u00edsmica C1 para os di\u00e2metros M12-M16-M20 e na categoria s\u00edsmica C2 para os di\u00e2metros M12-M16.<\/p>\n","protected":false},"featured_media":36037,"template":"","meta":[],"product_cat":[109,1229],"product_tag":[115],"yoast_head":"<!-- This site is optimized with the Yoast SEO plugin v17.4 - https:\/\/yoast.com\/wordpress\/plugins\/seo\/ -->\n<title>CHEMIRES RESINA QU\u00cdMICA VINYLESTER SEM ESTIRENO &ndash; Chemitool<\/title>\n<meta name=\"description\" content=\"CHEMIRES Resina Qu\u00edmica Vinylester \u00e9 uma resina qu\u00edmica bicomponente, de formula\u00e7\u00e3o de base vinilester,\u00a0 com alta capacidade de ades\u00e3o e fixa\u00e7\u00e3o, desenvolvida principalmente para utiliza\u00e7\u00e3o em alvenaria, em bet\u00e3o fissurado e n\u00e3o fissurado, com homologa\u00e7\u00e3o ETA-23\/0149 e ETA-23\/0151 Op\u00e7\u00e3o 1 e 7.Qualificado na categoria s\u00edsmica C1 para os di\u00e2metros M12-M16-M20 e na categoria s\u00edsmica C2 para os di\u00e2metros M12-M16.\" \/>\n<meta name=\"robots\" content=\"index, follow, max-snippet:-1, max-image-preview:large, max-video-preview:-1\" \/>\n<link rel=\"canonical\" href=\"https:\/\/chemitool.com\/pt-pt\/products\/chemicals\/resina-quimica\/chemires-resina-quimica-vinylester-sem-estireno\/\" \/>\n<meta property=\"og:locale\" content=\"pt_PT\" \/>\n<meta property=\"og:type\" content=\"article\" \/>\n<meta property=\"og:title\" content=\"CHEMIRES RESINA QU\u00cdMICA VINYLESTER SEM ESTIRENO &ndash; Chemitool\" \/>\n<meta property=\"og:description\" content=\"CHEMIRES Resina Qu\u00edmica Vinylester \u00e9 uma resina qu\u00edmica bicomponente, de formula\u00e7\u00e3o de base vinilester,\u00a0 com alta capacidade de ades\u00e3o e fixa\u00e7\u00e3o, desenvolvida principalmente para utiliza\u00e7\u00e3o em alvenaria, em bet\u00e3o fissurado e n\u00e3o fissurado, com homologa\u00e7\u00e3o ETA-23\/0149 e ETA-23\/0151 Op\u00e7\u00e3o 1 e 7.Qualificado na categoria s\u00edsmica C1 para os di\u00e2metros M12-M16-M20 e na categoria s\u00edsmica C2 para os di\u00e2metros M12-M16.\" \/>\n<meta property=\"og:url\" content=\"https:\/\/chemitool.com\/pt-pt\/products\/chemicals\/resina-quimica\/chemires-resina-quimica-vinylester-sem-estireno\/\" \/>\n<meta property=\"og:site_name\" content=\"Chemitool\" \/>\n<meta property=\"article:publisher\" content=\"https:\/\/www.facebook.com\/chemitool\" \/>\n<meta property=\"article:modified_time\" content=\"2023-11-21T12:21:13+00:00\" \/>\n<meta property=\"og:image\" content=\"https:\/\/chemitool.com\/wp-content\/uploads\/2020\/03\/CH080008-5.png\" \/>\n\t<meta property=\"og:image:width\" content=\"800\" \/>\n\t<meta property=\"og:image:height\" content=\"800\" \/>\n<meta name=\"twitter:card\" content=\"summary_large_image\" \/>\n<script type=\"application\/ld+json\" class=\"yoast-schema-graph\">{\"@context\":\"https:\/\/schema.org\",\"@graph\":[{\"@type\":\"Organization\",\"@id\":\"https:\/\/chemitool.com\/#organization\",\"name\":\"Chemitool\",\"url\":\"https:\/\/chemitool.com\/\",\"sameAs\":[\"https:\/\/www.facebook.com\/chemitool\",\"https:\/\/www.instagram.com\/chemitool\/\"],\"logo\":{\"@type\":\"ImageObject\",\"@id\":\"https:\/\/chemitool.com\/#logo\",\"inLanguage\":\"pt-PT\",\"url\":\"https:\/\/chemitool.com\/wp-content\/uploads\/2020\/10\/logo_chemitool.png\",\"contentUrl\":\"https:\/\/chemitool.com\/wp-content\/uploads\/2020\/10\/logo_chemitool.png\",\"width\":400,\"height\":400,\"caption\":\"Chemitool\"},\"image\":{\"@id\":\"https:\/\/chemitool.com\/#logo\"}},{\"@type\":\"WebSite\",\"@id\":\"https:\/\/chemitool.com\/#website\",\"url\":\"https:\/\/chemitool.com\/\",\"name\":\"Chemitool\",\"description\":\"Chemitool - hardware and tools\",\"publisher\":{\"@id\":\"https:\/\/chemitool.com\/#organization\"},\"potentialAction\":[{\"@type\":\"SearchAction\",\"target\":{\"@type\":\"EntryPoint\",\"urlTemplate\":\"https:\/\/chemitool.com\/?s={search_term_string}\"},\"query-input\":\"required name=search_term_string\"}],\"inLanguage\":\"pt-PT\"},{\"@type\":\"ImageObject\",\"@id\":\"https:\/\/chemitool.com\/pt-pt\/products\/chemicals\/resina-quimica\/chemires-resina-quimica-vinylester-sem-estireno\/#primaryimage\",\"inLanguage\":\"pt-PT\",\"url\":\"https:\/\/chemitool.com\/wp-content\/uploads\/2020\/03\/CH080008-5.png\",\"contentUrl\":\"https:\/\/chemitool.com\/wp-content\/uploads\/2020\/03\/CH080008-5.png\",\"width\":800,\"height\":800},{\"@type\":\"WebPage\",\"@id\":\"https:\/\/chemitool.com\/pt-pt\/products\/chemicals\/resina-quimica\/chemires-resina-quimica-vinylester-sem-estireno\/#webpage\",\"url\":\"https:\/\/chemitool.com\/pt-pt\/products\/chemicals\/resina-quimica\/chemires-resina-quimica-vinylester-sem-estireno\/\",\"name\":\"CHEMIRES RESINA QU\\u00cdMICA VINYLESTER SEM ESTIRENO &ndash; Chemitool\",\"isPartOf\":{\"@id\":\"https:\/\/chemitool.com\/#website\"},\"primaryImageOfPage\":{\"@id\":\"https:\/\/chemitool.com\/pt-pt\/products\/chemicals\/resina-quimica\/chemires-resina-quimica-vinylester-sem-estireno\/#primaryimage\"},\"datePublished\":\"2020-03-27T11:18:48+00:00\",\"dateModified\":\"2023-11-21T12:21:13+00:00\",\"description\":\"CHEMIRES Resina Qu\\u00edmica Vinylester \\u00e9 uma resina qu\\u00edmica bicomponente, de formula\\u00e7\\u00e3o de base vinilester,\\u00a0 com alta capacidade de ades\\u00e3o e fixa\\u00e7\\u00e3o, desenvolvida principalmente para utiliza\\u00e7\\u00e3o em alvenaria, em bet\\u00e3o fissurado e n\\u00e3o fissurado, com homologa\\u00e7\\u00e3o ETA-23\/0149 e ETA-23\/0151 Op\\u00e7\\u00e3o 1 e 7.Qualificado na categoria s\\u00edsmica C1 para os di\\u00e2metros M12-M16-M20 e na categoria s\\u00edsmica C2 para os di\\u00e2metros M12-M16.\",\"breadcrumb\":{\"@id\":\"https:\/\/chemitool.com\/pt-pt\/products\/chemicals\/resina-quimica\/chemires-resina-quimica-vinylester-sem-estireno\/#breadcrumb\"},\"inLanguage\":\"pt-PT\",\"potentialAction\":[{\"@type\":\"ReadAction\",\"target\":[\"https:\/\/chemitool.com\/pt-pt\/products\/chemicals\/resina-quimica\/chemires-resina-quimica-vinylester-sem-estireno\/\"]}]},{\"@type\":\"BreadcrumbList\",\"@id\":\"https:\/\/chemitool.com\/pt-pt\/products\/chemicals\/resina-quimica\/chemires-resina-quimica-vinylester-sem-estireno\/#breadcrumb\",\"itemListElement\":[{\"@type\":\"ListItem\",\"position\":1,\"name\":\"Home\",\"item\":\"https:\/\/chemitool.com\/pt-pt\/\"},{\"@type\":\"ListItem\",\"position\":2,\"name\":\"Produtos\",\"item\":\"https:\/\/chemitool.com\/pt-pt\/produtos\/\"},{\"@type\":\"ListItem\",\"position\":3,\"name\":\"Chemicals\",\"item\":\"https:\/\/chemitool.com\/product-category\/chemical-products\/\"},{\"@type\":\"ListItem\",\"position\":4,\"name\":\"CHEMIRES RESINA QU\\u00cdMICA VINYLESTER SEM ESTIRENO\"}]}]}<\/script>\n<!-- \/ Yoast SEO plugin. -->","yoast_head_json":{"title":"CHEMIRES RESINA QU\u00cdMICA VINYLESTER SEM ESTIRENO &ndash; Chemitool","description":"CHEMIRES Resina Qu\u00edmica Vinylester \u00e9 uma resina qu\u00edmica bicomponente, de formula\u00e7\u00e3o de base vinilester,\u00a0 com alta capacidade de ades\u00e3o e fixa\u00e7\u00e3o, desenvolvida principalmente para utiliza\u00e7\u00e3o em alvenaria, em bet\u00e3o fissurado e n\u00e3o fissurado, com homologa\u00e7\u00e3o ETA-23\/0149 e ETA-23\/0151 Op\u00e7\u00e3o 1 e 7.Qualificado na categoria s\u00edsmica C1 para os di\u00e2metros M12-M16-M20 e na categoria s\u00edsmica C2 para os di\u00e2metros M12-M16.","robots":{"index":"index","follow":"follow","max-snippet":"max-snippet:-1","max-image-preview":"max-image-preview:large","max-video-preview":"max-video-preview:-1"},"canonical":"https:\/\/chemitool.com\/pt-pt\/products\/chemicals\/resina-quimica\/chemires-resina-quimica-vinylester-sem-estireno\/","og_locale":"pt_PT","og_type":"article","og_title":"CHEMIRES RESINA QU\u00cdMICA VINYLESTER SEM ESTIRENO &ndash; Chemitool","og_description":"CHEMIRES Resina Qu\u00edmica Vinylester \u00e9 uma resina qu\u00edmica bicomponente, de formula\u00e7\u00e3o de base vinilester,\u00a0 com alta capacidade de ades\u00e3o e fixa\u00e7\u00e3o, desenvolvida principalmente para utiliza\u00e7\u00e3o em alvenaria, em bet\u00e3o fissurado e n\u00e3o fissurado, com homologa\u00e7\u00e3o ETA-23\/0149 e ETA-23\/0151 Op\u00e7\u00e3o 1 e 7.Qualificado na categoria s\u00edsmica C1 para os di\u00e2metros M12-M16-M20 e na categoria s\u00edsmica C2 para os di\u00e2metros M12-M16.","og_url":"https:\/\/chemitool.com\/pt-pt\/products\/chemicals\/resina-quimica\/chemires-resina-quimica-vinylester-sem-estireno\/","og_site_name":"Chemitool","article_publisher":"https:\/\/www.facebook.com\/chemitool","article_modified_time":"2023-11-21T12:21:13+00:00","og_image":[{"width":800,"height":800,"url":"https:\/\/chemitool.com\/wp-content\/uploads\/2020\/03\/CH080008-5.png","type":"image\/png"}],"twitter_card":"summary_large_image","schema":{"@context":"https:\/\/schema.org","@graph":[{"@type":"Organization","@id":"https:\/\/chemitool.com\/#organization","name":"Chemitool","url":"https:\/\/chemitool.com\/","sameAs":["https:\/\/www.facebook.com\/chemitool","https:\/\/www.instagram.com\/chemitool\/"],"logo":{"@type":"ImageObject","@id":"https:\/\/chemitool.com\/#logo","inLanguage":"pt-PT","url":"https:\/\/chemitool.com\/wp-content\/uploads\/2020\/10\/logo_chemitool.png","contentUrl":"https:\/\/chemitool.com\/wp-content\/uploads\/2020\/10\/logo_chemitool.png","width":400,"height":400,"caption":"Chemitool"},"image":{"@id":"https:\/\/chemitool.com\/#logo"}},{"@type":"WebSite","@id":"https:\/\/chemitool.com\/#website","url":"https:\/\/chemitool.com\/","name":"Chemitool","description":"Chemitool - hardware and tools","publisher":{"@id":"https:\/\/chemitool.com\/#organization"},"potentialAction":[{"@type":"SearchAction","target":{"@type":"EntryPoint","urlTemplate":"https:\/\/chemitool.com\/?s={search_term_string}"},"query-input":"required name=search_term_string"}],"inLanguage":"pt-PT"},{"@type":"ImageObject","@id":"https:\/\/chemitool.com\/pt-pt\/products\/chemicals\/resina-quimica\/chemires-resina-quimica-vinylester-sem-estireno\/#primaryimage","inLanguage":"pt-PT","url":"https:\/\/chemitool.com\/wp-content\/uploads\/2020\/03\/CH080008-5.png","contentUrl":"https:\/\/chemitool.com\/wp-content\/uploads\/2020\/03\/CH080008-5.png","width":800,"height":800},{"@type":"WebPage","@id":"https:\/\/chemitool.com\/pt-pt\/products\/chemicals\/resina-quimica\/chemires-resina-quimica-vinylester-sem-estireno\/#webpage","url":"https:\/\/chemitool.com\/pt-pt\/products\/chemicals\/resina-quimica\/chemires-resina-quimica-vinylester-sem-estireno\/","name":"CHEMIRES RESINA QU\u00cdMICA VINYLESTER SEM ESTIRENO &ndash; Chemitool","isPartOf":{"@id":"https:\/\/chemitool.com\/#website"},"primaryImageOfPage":{"@id":"https:\/\/chemitool.com\/pt-pt\/products\/chemicals\/resina-quimica\/chemires-resina-quimica-vinylester-sem-estireno\/#primaryimage"},"datePublished":"2020-03-27T11:18:48+00:00","dateModified":"2023-11-21T12:21:13+00:00","description":"CHEMIRES Resina Qu\u00edmica Vinylester \u00e9 uma resina qu\u00edmica bicomponente, de formula\u00e7\u00e3o de base vinilester,\u00a0 com alta capacidade de ades\u00e3o e fixa\u00e7\u00e3o, desenvolvida principalmente para utiliza\u00e7\u00e3o em alvenaria, em bet\u00e3o fissurado e n\u00e3o fissurado, com homologa\u00e7\u00e3o ETA-23\/0149 e ETA-23\/0151 Op\u00e7\u00e3o 1 e 7.Qualificado na categoria s\u00edsmica C1 para os di\u00e2metros M12-M16-M20 e na categoria s\u00edsmica C2 para os di\u00e2metros M12-M16.","breadcrumb":{"@id":"https:\/\/chemitool.com\/pt-pt\/products\/chemicals\/resina-quimica\/chemires-resina-quimica-vinylester-sem-estireno\/#breadcrumb"},"inLanguage":"pt-PT","potentialAction":[{"@type":"ReadAction","target":["https:\/\/chemitool.com\/pt-pt\/products\/chemicals\/resina-quimica\/chemires-resina-quimica-vinylester-sem-estireno\/"]}]},{"@type":"BreadcrumbList","@id":"https:\/\/chemitool.com\/pt-pt\/products\/chemicals\/resina-quimica\/chemires-resina-quimica-vinylester-sem-estireno\/#breadcrumb","itemListElement":[{"@type":"ListItem","position":1,"name":"Home","item":"https:\/\/chemitool.com\/pt-pt\/"},{"@type":"ListItem","position":2,"name":"Produtos","item":"https:\/\/chemitool.com\/pt-pt\/produtos\/"},{"@type":"ListItem","position":3,"name":"Chemicals","item":"https:\/\/chemitool.com\/product-category\/chemical-products\/"},{"@type":"ListItem","position":4,"name":"CHEMIRES RESINA QU\u00cdMICA VINYLESTER SEM ESTIRENO"}]}]}},"_links":{"self":[{"href":"https:\/\/chemitool.com\/pt-pt\/wp-json\/wp\/v2\/product\/3686"}],"collection":[{"href":"https:\/\/chemitool.com\/pt-pt\/wp-json\/wp\/v2\/product"}],"about":[{"href":"https:\/\/chemitool.com\/pt-pt\/wp-json\/wp\/v2\/types\/product"}],"wp:featuredmedia":[{"embeddable":true,"href":"https:\/\/chemitool.com\/pt-pt\/wp-json\/wp\/v2\/media\/36037"}],"wp:attachment":[{"href":"https:\/\/chemitool.com\/pt-pt\/wp-json\/wp\/v2\/media?parent=3686"}],"wp:term":[{"taxonomy":"product_cat","embeddable":true,"href":"https:\/\/chemitool.com\/pt-pt\/wp-json\/wp\/v2\/product_cat?post=3686"},{"taxonomy":"product_tag","embeddable":true,"href":"https:\/\/chemitool.com\/pt-pt\/wp-json\/wp\/v2\/product_tag?post=3686"}],"curies":[{"name":"wp","href":"https:\/\/api.w.org\/{rel}","templated":true}]}}