{"id":3684,"date":"2020-03-27T11:19:02","date_gmt":"2020-03-27T11:19:02","guid":{"rendered":"https:\/\/chemitool.com\/products\/sem%20categoria\/capsula-de-bucha-quimica-chemires\/"},"modified":"2020-09-24T16:56:46","modified_gmt":"2020-09-24T16:56:46","slug":"capsula-de-bucha-quimica-chemires","status":"publish","type":"product","link":"https:\/\/chemitool.com\/pt-pt\/products\/chemicals\/resina-quimica\/capsula-de-bucha-quimica-chemires\/","title":{"rendered":"AMPOLA DE BUCHA QU\u00cdMICA CHEMIRES"},"content":{"rendered":"<p><strong>VANTAGENS<\/strong><\/p>\n<ul>\n<li>Endurecimento r\u00e1pido<\/li>\n<li>Elevada resist\u00eancia mec\u00e2nica<\/li>\n<li>Utiliza\u00e7\u00e3o poss\u00edvel a baixas temperaturas<\/li>\n<\/ul>\n<p><strong>INDICA\u00c7\u00d5ES<\/strong><\/p>\n<p>As ampolas podem ser utilizadas desde que estejam intactas e a resina esteja l\u00edquida (viscosa) \u00e0 temperatura ambiente.<br \/>\nA instala\u00e7\u00e3o num furo molhado duplica o tempo de cura.<\/p>\n","protected":false},"excerpt":{"rendered":"<p><em>Ampola de Bucha Qu\u00edmica Chemires<\/em> \u00e9 uma resina de fixa\u00e7\u00e3o, em ampola, para hastes e var\u00f5es roscados.<\/p>\n","protected":false},"featured_media":6176,"template":"","meta":[],"product_cat":[109,1229],"product_tag":[115],"yoast_head":"<!-- This site is optimized with the Yoast SEO plugin v17.4 - https:\/\/yoast.com\/wordpress\/plugins\/seo\/ -->\n<title>AMPOLA DE BUCHA QU\u00cdMICA CHEMIRES &ndash; Chemitool<\/title>\n<meta name=\"description\" content=\"Ampola de Bucha Qu\u00edmica Chemires \u00e9 uma resina de fixa\u00e7\u00e3o, em ampola, para hastes e var\u00f5es roscados.\" \/>\n<meta name=\"robots\" content=\"index, follow, max-snippet:-1, max-image-preview:large, max-video-preview:-1\" \/>\n<link rel=\"canonical\" href=\"https:\/\/chemitool.com\/pt-pt\/products\/chemicals\/resina-quimica\/capsula-de-bucha-quimica-chemires\/\" \/>\n<meta property=\"og:locale\" content=\"pt_PT\" \/>\n<meta property=\"og:type\" content=\"article\" \/>\n<meta property=\"og:title\" content=\"AMPOLA DE BUCHA QU\u00cdMICA CHEMIRES &ndash; Chemitool\" \/>\n<meta property=\"og:description\" content=\"Ampola de Bucha Qu\u00edmica Chemires \u00e9 uma resina de fixa\u00e7\u00e3o, em ampola, para hastes e var\u00f5es roscados.\" \/>\n<meta property=\"og:url\" content=\"https:\/\/chemitool.com\/pt-pt\/products\/chemicals\/resina-quimica\/capsula-de-bucha-quimica-chemires\/\" \/>\n<meta property=\"og:site_name\" content=\"Chemitool\" \/>\n<meta property=\"article:publisher\" content=\"https:\/\/www.facebook.com\/chemitool\" \/>\n<meta property=\"article:modified_time\" content=\"2020-09-24T16:56:46+00:00\" \/>\n<meta property=\"og:image\" content=\"https:\/\/chemitool.com\/wp-content\/uploads\/2020\/03\/CH09-ampola-quimica.png\" \/>\n\t<meta property=\"og:image:width\" content=\"800\" \/>\n\t<meta property=\"og:image:height\" content=\"800\" \/>\n<meta name=\"twitter:card\" content=\"summary_large_image\" \/>\n<script type=\"application\/ld+json\" class=\"yoast-schema-graph\">{\"@context\":\"https:\/\/schema.org\",\"@graph\":[{\"@type\":\"Organization\",\"@id\":\"https:\/\/chemitool.com\/#organization\",\"name\":\"Chemitool\",\"url\":\"https:\/\/chemitool.com\/\",\"sameAs\":[\"https:\/\/www.facebook.com\/chemitool\",\"https:\/\/www.instagram.com\/chemitool\/\"],\"logo\":{\"@type\":\"ImageObject\",\"@id\":\"https:\/\/chemitool.com\/#logo\",\"inLanguage\":\"pt-PT\",\"url\":\"https:\/\/chemitool.com\/wp-content\/uploads\/2020\/10\/logo_chemitool.png\",\"contentUrl\":\"https:\/\/chemitool.com\/wp-content\/uploads\/2020\/10\/logo_chemitool.png\",\"width\":400,\"height\":400,\"caption\":\"Chemitool\"},\"image\":{\"@id\":\"https:\/\/chemitool.com\/#logo\"}},{\"@type\":\"WebSite\",\"@id\":\"https:\/\/chemitool.com\/#website\",\"url\":\"https:\/\/chemitool.com\/\",\"name\":\"Chemitool\",\"description\":\"Chemitool - hardware and tools\",\"publisher\":{\"@id\":\"https:\/\/chemitool.com\/#organization\"},\"potentialAction\":[{\"@type\":\"SearchAction\",\"target\":{\"@type\":\"EntryPoint\",\"urlTemplate\":\"https:\/\/chemitool.com\/?s={search_term_string}\"},\"query-input\":\"required name=search_term_string\"}],\"inLanguage\":\"pt-PT\"},{\"@type\":\"ImageObject\",\"@id\":\"https:\/\/chemitool.com\/pt-pt\/products\/chemicals\/resina-quimica\/capsula-de-bucha-quimica-chemires\/#primaryimage\",\"inLanguage\":\"pt-PT\",\"url\":\"https:\/\/chemitool.com\/wp-content\/uploads\/2020\/03\/CH09-ampola-quimica.png\",\"contentUrl\":\"https:\/\/chemitool.com\/wp-content\/uploads\/2020\/03\/CH09-ampola-quimica.png\",\"width\":800,\"height\":800},{\"@type\":\"WebPage\",\"@id\":\"https:\/\/chemitool.com\/pt-pt\/products\/chemicals\/resina-quimica\/capsula-de-bucha-quimica-chemires\/#webpage\",\"url\":\"https:\/\/chemitool.com\/pt-pt\/products\/chemicals\/resina-quimica\/capsula-de-bucha-quimica-chemires\/\",\"name\":\"AMPOLA DE BUCHA QU\\u00cdMICA CHEMIRES &ndash; Chemitool\",\"isPartOf\":{\"@id\":\"https:\/\/chemitool.com\/#website\"},\"primaryImageOfPage\":{\"@id\":\"https:\/\/chemitool.com\/pt-pt\/products\/chemicals\/resina-quimica\/capsula-de-bucha-quimica-chemires\/#primaryimage\"},\"datePublished\":\"2020-03-27T11:19:02+00:00\",\"dateModified\":\"2020-09-24T16:56:46+00:00\",\"description\":\"Ampola de Bucha Qu\\u00edmica Chemires \\u00e9 uma resina de fixa\\u00e7\\u00e3o, em ampola, para hastes e var\\u00f5es roscados.\",\"breadcrumb\":{\"@id\":\"https:\/\/chemitool.com\/pt-pt\/products\/chemicals\/resina-quimica\/capsula-de-bucha-quimica-chemires\/#breadcrumb\"},\"inLanguage\":\"pt-PT\",\"potentialAction\":[{\"@type\":\"ReadAction\",\"target\":[\"https:\/\/chemitool.com\/pt-pt\/products\/chemicals\/resina-quimica\/capsula-de-bucha-quimica-chemires\/\"]}]},{\"@type\":\"BreadcrumbList\",\"@id\":\"https:\/\/chemitool.com\/pt-pt\/products\/chemicals\/resina-quimica\/capsula-de-bucha-quimica-chemires\/#breadcrumb\",\"itemListElement\":[{\"@type\":\"ListItem\",\"position\":1,\"name\":\"Home\",\"item\":\"https:\/\/chemitool.com\/pt-pt\/\"},{\"@type\":\"ListItem\",\"position\":2,\"name\":\"Produtos\",\"item\":\"https:\/\/chemitool.com\/pt-pt\/produtos\/\"},{\"@type\":\"ListItem\",\"position\":3,\"name\":\"Chemicals\",\"item\":\"https:\/\/chemitool.com\/product-category\/chemical-products\/\"},{\"@type\":\"ListItem\",\"position\":4,\"name\":\"AMPOLA DE BUCHA QU\\u00cdMICA CHEMIRES\"}]}]}<\/script>\n<!-- \/ Yoast SEO plugin. -->","yoast_head_json":{"title":"AMPOLA DE BUCHA QU\u00cdMICA CHEMIRES &ndash; Chemitool","description":"Ampola de Bucha Qu\u00edmica Chemires \u00e9 uma resina de fixa\u00e7\u00e3o, em ampola, para hastes e var\u00f5es roscados.","robots":{"index":"index","follow":"follow","max-snippet":"max-snippet:-1","max-image-preview":"max-image-preview:large","max-video-preview":"max-video-preview:-1"},"canonical":"https:\/\/chemitool.com\/pt-pt\/products\/chemicals\/resina-quimica\/capsula-de-bucha-quimica-chemires\/","og_locale":"pt_PT","og_type":"article","og_title":"AMPOLA DE BUCHA QU\u00cdMICA CHEMIRES &ndash; Chemitool","og_description":"Ampola de Bucha Qu\u00edmica Chemires \u00e9 uma resina de fixa\u00e7\u00e3o, em ampola, para hastes e var\u00f5es roscados.","og_url":"https:\/\/chemitool.com\/pt-pt\/products\/chemicals\/resina-quimica\/capsula-de-bucha-quimica-chemires\/","og_site_name":"Chemitool","article_publisher":"https:\/\/www.facebook.com\/chemitool","article_modified_time":"2020-09-24T16:56:46+00:00","og_image":[{"width":800,"height":800,"url":"https:\/\/chemitool.com\/wp-content\/uploads\/2020\/03\/CH09-ampola-quimica.png","type":"image\/png"}],"twitter_card":"summary_large_image","schema":{"@context":"https:\/\/schema.org","@graph":[{"@type":"Organization","@id":"https:\/\/chemitool.com\/#organization","name":"Chemitool","url":"https:\/\/chemitool.com\/","sameAs":["https:\/\/www.facebook.com\/chemitool","https:\/\/www.instagram.com\/chemitool\/"],"logo":{"@type":"ImageObject","@id":"https:\/\/chemitool.com\/#logo","inLanguage":"pt-PT","url":"https:\/\/chemitool.com\/wp-content\/uploads\/2020\/10\/logo_chemitool.png","contentUrl":"https:\/\/chemitool.com\/wp-content\/uploads\/2020\/10\/logo_chemitool.png","width":400,"height":400,"caption":"Chemitool"},"image":{"@id":"https:\/\/chemitool.com\/#logo"}},{"@type":"WebSite","@id":"https:\/\/chemitool.com\/#website","url":"https:\/\/chemitool.com\/","name":"Chemitool","description":"Chemitool - hardware and tools","publisher":{"@id":"https:\/\/chemitool.com\/#organization"},"potentialAction":[{"@type":"SearchAction","target":{"@type":"EntryPoint","urlTemplate":"https:\/\/chemitool.com\/?s={search_term_string}"},"query-input":"required name=search_term_string"}],"inLanguage":"pt-PT"},{"@type":"ImageObject","@id":"https:\/\/chemitool.com\/pt-pt\/products\/chemicals\/resina-quimica\/capsula-de-bucha-quimica-chemires\/#primaryimage","inLanguage":"pt-PT","url":"https:\/\/chemitool.com\/wp-content\/uploads\/2020\/03\/CH09-ampola-quimica.png","contentUrl":"https:\/\/chemitool.com\/wp-content\/uploads\/2020\/03\/CH09-ampola-quimica.png","width":800,"height":800},{"@type":"WebPage","@id":"https:\/\/chemitool.com\/pt-pt\/products\/chemicals\/resina-quimica\/capsula-de-bucha-quimica-chemires\/#webpage","url":"https:\/\/chemitool.com\/pt-pt\/products\/chemicals\/resina-quimica\/capsula-de-bucha-quimica-chemires\/","name":"AMPOLA DE BUCHA QU\u00cdMICA CHEMIRES &ndash; Chemitool","isPartOf":{"@id":"https:\/\/chemitool.com\/#website"},"primaryImageOfPage":{"@id":"https:\/\/chemitool.com\/pt-pt\/products\/chemicals\/resina-quimica\/capsula-de-bucha-quimica-chemires\/#primaryimage"},"datePublished":"2020-03-27T11:19:02+00:00","dateModified":"2020-09-24T16:56:46+00:00","description":"Ampola de Bucha Qu\u00edmica Chemires \u00e9 uma resina de fixa\u00e7\u00e3o, em ampola, para hastes e var\u00f5es roscados.","breadcrumb":{"@id":"https:\/\/chemitool.com\/pt-pt\/products\/chemicals\/resina-quimica\/capsula-de-bucha-quimica-chemires\/#breadcrumb"},"inLanguage":"pt-PT","potentialAction":[{"@type":"ReadAction","target":["https:\/\/chemitool.com\/pt-pt\/products\/chemicals\/resina-quimica\/capsula-de-bucha-quimica-chemires\/"]}]},{"@type":"BreadcrumbList","@id":"https:\/\/chemitool.com\/pt-pt\/products\/chemicals\/resina-quimica\/capsula-de-bucha-quimica-chemires\/#breadcrumb","itemListElement":[{"@type":"ListItem","position":1,"name":"Home","item":"https:\/\/chemitool.com\/pt-pt\/"},{"@type":"ListItem","position":2,"name":"Produtos","item":"https:\/\/chemitool.com\/pt-pt\/produtos\/"},{"@type":"ListItem","position":3,"name":"Chemicals","item":"https:\/\/chemitool.com\/product-category\/chemical-products\/"},{"@type":"ListItem","position":4,"name":"AMPOLA DE BUCHA QU\u00cdMICA CHEMIRES"}]}]}},"_links":{"self":[{"href":"https:\/\/chemitool.com\/pt-pt\/wp-json\/wp\/v2\/product\/3684"}],"collection":[{"href":"https:\/\/chemitool.com\/pt-pt\/wp-json\/wp\/v2\/product"}],"about":[{"href":"https:\/\/chemitool.com\/pt-pt\/wp-json\/wp\/v2\/types\/product"}],"wp:featuredmedia":[{"embeddable":true,"href":"https:\/\/chemitool.com\/pt-pt\/wp-json\/wp\/v2\/media\/6176"}],"wp:attachment":[{"href":"https:\/\/chemitool.com\/pt-pt\/wp-json\/wp\/v2\/media?parent=3684"}],"wp:term":[{"taxonomy":"product_cat","embeddable":true,"href":"https:\/\/chemitool.com\/pt-pt\/wp-json\/wp\/v2\/product_cat?post=3684"},{"taxonomy":"product_tag","embeddable":true,"href":"https:\/\/chemitool.com\/pt-pt\/wp-json\/wp\/v2\/product_tag?post=3684"}],"curies":[{"name":"wp","href":"https:\/\/api.w.org\/{rel}","templated":true}]}}