{"id":3672,"date":"2020-03-27T14:38:09","date_gmt":"2020-03-27T14:38:09","guid":{"rendered":"https:\/\/chemitool.com\/products\/sem%20categoria\/limpa-espuma-poliuretano-chemifoam\/"},"modified":"2021-11-03T15:58:30","modified_gmt":"2021-11-03T15:58:30","slug":"limpa-espuma-poliuretano-chemifoam","status":"publish","type":"product","link":"https:\/\/chemitool.com\/pt-pt\/products\/chemicals\/sprays-pt\/limpeza\/limpa-espuma-poliuretano-chemifoam\/","title":{"rendered":"LIMPA ESPUMA POLIURETANO CHEMIFOAM"},"content":{"rendered":"<p><strong>VANTAGENS<\/strong><\/p>\n<ul>\n<li>Limpa todos os produtos qu\u00edmicos \u00e0 base de poliuretano<\/li>\n<li>Limpa as pistolas de espuma<\/li>\n<li>Prolonga a vida da pistola<\/li>\n<li>Pode ser usado em todas as posi\u00e7\u00f5es<\/li>\n<\/ul>\n<p><strong>INDICA\u00c7\u00d5ES<\/strong><\/p>\n<p>Este produto torna-se mais eficaz se for usado antes da cura da espuma de poliuretano.<\/p>\n","protected":false},"excerpt":{"rendered":"<p><b class=\"sap-label\">SAP:<\/b> <span class=\"codesap-label\">CH06010000<\/span><\/p>\n<p><em>Limpa Espuma Poliuretano CHEMIFOAM <\/em>limpa todos os res\u00edduos de produtos qu\u00edmicos \u00e0 base de poliuretano, se usada antes da cura.<\/p>\n","protected":false},"featured_media":29973,"template":"","meta":[],"product_cat":[109,1223,1217,1240],"product_tag":[113],"yoast_head":"<!-- This site is optimized with the Yoast SEO plugin v17.4 - https:\/\/yoast.com\/wordpress\/plugins\/seo\/ -->\n<title>LIMPA ESPUMA POLIURETANO CHEMIFOAM &ndash; Chemitool<\/title>\n<meta name=\"description\" content=\"SAP: CH06010000  Limpa Espuma Poliuretano CHEMIFOAM limpa todos os res\u00edduos de produtos qu\u00edmicos \u00e0 base de poliuretano, se usada antes da cura.\" \/>\n<meta name=\"robots\" content=\"index, follow, max-snippet:-1, max-image-preview:large, max-video-preview:-1\" \/>\n<link rel=\"canonical\" href=\"https:\/\/chemitool.com\/pt-pt\/products\/chemicals\/sprays-pt\/limpeza\/limpa-espuma-poliuretano-chemifoam\/\" \/>\n<meta property=\"og:locale\" content=\"pt_PT\" \/>\n<meta property=\"og:type\" content=\"article\" \/>\n<meta property=\"og:title\" content=\"LIMPA ESPUMA POLIURETANO CHEMIFOAM &ndash; Chemitool\" \/>\n<meta property=\"og:description\" content=\"SAP: CH06010000  Limpa Espuma Poliuretano CHEMIFOAM limpa todos os res\u00edduos de produtos qu\u00edmicos \u00e0 base de poliuretano, se usada antes da cura.\" \/>\n<meta property=\"og:url\" content=\"https:\/\/chemitool.com\/pt-pt\/products\/chemicals\/sprays-pt\/limpeza\/limpa-espuma-poliuretano-chemifoam\/\" \/>\n<meta property=\"og:site_name\" content=\"Chemitool\" \/>\n<meta property=\"article:publisher\" content=\"https:\/\/www.facebook.com\/chemitool\" \/>\n<meta property=\"article:modified_time\" content=\"2021-11-03T15:58:30+00:00\" \/>\n<meta property=\"og:image\" content=\"https:\/\/chemitool.com\/wp-content\/uploads\/2020\/03\/ESPUMA-LIMPEZA.png\" \/>\n\t<meta property=\"og:image:width\" content=\"800\" \/>\n\t<meta property=\"og:image:height\" content=\"800\" \/>\n<meta name=\"twitter:card\" content=\"summary_large_image\" \/>\n<script type=\"application\/ld+json\" class=\"yoast-schema-graph\">{\"@context\":\"https:\/\/schema.org\",\"@graph\":[{\"@type\":\"Organization\",\"@id\":\"https:\/\/chemitool.com\/#organization\",\"name\":\"Chemitool\",\"url\":\"https:\/\/chemitool.com\/\",\"sameAs\":[\"https:\/\/www.facebook.com\/chemitool\",\"https:\/\/www.instagram.com\/chemitool\/\"],\"logo\":{\"@type\":\"ImageObject\",\"@id\":\"https:\/\/chemitool.com\/#logo\",\"inLanguage\":\"pt-PT\",\"url\":\"https:\/\/chemitool.com\/wp-content\/uploads\/2020\/10\/logo_chemitool.png\",\"contentUrl\":\"https:\/\/chemitool.com\/wp-content\/uploads\/2020\/10\/logo_chemitool.png\",\"width\":400,\"height\":400,\"caption\":\"Chemitool\"},\"image\":{\"@id\":\"https:\/\/chemitool.com\/#logo\"}},{\"@type\":\"WebSite\",\"@id\":\"https:\/\/chemitool.com\/#website\",\"url\":\"https:\/\/chemitool.com\/\",\"name\":\"Chemitool\",\"description\":\"Chemitool - hardware and tools\",\"publisher\":{\"@id\":\"https:\/\/chemitool.com\/#organization\"},\"potentialAction\":[{\"@type\":\"SearchAction\",\"target\":{\"@type\":\"EntryPoint\",\"urlTemplate\":\"https:\/\/chemitool.com\/?s={search_term_string}\"},\"query-input\":\"required name=search_term_string\"}],\"inLanguage\":\"pt-PT\"},{\"@type\":\"ImageObject\",\"@id\":\"https:\/\/chemitool.com\/pt-pt\/products\/chemicals\/sprays-pt\/limpeza\/limpa-espuma-poliuretano-chemifoam\/#primaryimage\",\"inLanguage\":\"pt-PT\",\"url\":\"https:\/\/chemitool.com\/wp-content\/uploads\/2020\/03\/CH06010000.png\",\"contentUrl\":\"https:\/\/chemitool.com\/wp-content\/uploads\/2020\/03\/CH06010000.png\",\"width\":800,\"height\":800},{\"@type\":\"WebPage\",\"@id\":\"https:\/\/chemitool.com\/pt-pt\/products\/chemicals\/sprays-pt\/limpeza\/limpa-espuma-poliuretano-chemifoam\/#webpage\",\"url\":\"https:\/\/chemitool.com\/pt-pt\/products\/chemicals\/sprays-pt\/limpeza\/limpa-espuma-poliuretano-chemifoam\/\",\"name\":\"LIMPA ESPUMA POLIURETANO CHEMIFOAM &ndash; Chemitool\",\"isPartOf\":{\"@id\":\"https:\/\/chemitool.com\/#website\"},\"primaryImageOfPage\":{\"@id\":\"https:\/\/chemitool.com\/pt-pt\/products\/chemicals\/sprays-pt\/limpeza\/limpa-espuma-poliuretano-chemifoam\/#primaryimage\"},\"datePublished\":\"2020-03-27T14:38:09+00:00\",\"dateModified\":\"2021-11-03T15:58:30+00:00\",\"description\":\"SAP: CH06010000 Limpa Espuma Poliuretano CHEMIFOAM limpa todos os res\\u00edduos de produtos qu\\u00edmicos \\u00e0 base de poliuretano, se usada antes da cura.\",\"breadcrumb\":{\"@id\":\"https:\/\/chemitool.com\/pt-pt\/products\/chemicals\/sprays-pt\/limpeza\/limpa-espuma-poliuretano-chemifoam\/#breadcrumb\"},\"inLanguage\":\"pt-PT\",\"potentialAction\":[{\"@type\":\"ReadAction\",\"target\":[\"https:\/\/chemitool.com\/pt-pt\/products\/chemicals\/sprays-pt\/limpeza\/limpa-espuma-poliuretano-chemifoam\/\"]}]},{\"@type\":\"BreadcrumbList\",\"@id\":\"https:\/\/chemitool.com\/pt-pt\/products\/chemicals\/sprays-pt\/limpeza\/limpa-espuma-poliuretano-chemifoam\/#breadcrumb\",\"itemListElement\":[{\"@type\":\"ListItem\",\"position\":1,\"name\":\"Home\",\"item\":\"https:\/\/chemitool.com\/pt-pt\/\"},{\"@type\":\"ListItem\",\"position\":2,\"name\":\"Produtos\",\"item\":\"https:\/\/chemitool.com\/pt-pt\/produtos\/\"},{\"@type\":\"ListItem\",\"position\":3,\"name\":\"Chemicals\",\"item\":\"https:\/\/chemitool.com\/product-category\/chemical-products\/\"},{\"@type\":\"ListItem\",\"position\":4,\"name\":\"LIMPA ESPUMA POLIURETANO CHEMIFOAM\"}]}]}<\/script>\n<!-- \/ Yoast SEO plugin. -->","yoast_head_json":{"title":"LIMPA ESPUMA POLIURETANO CHEMIFOAM &ndash; Chemitool","description":"SAP: CH06010000  Limpa Espuma Poliuretano CHEMIFOAM limpa todos os res\u00edduos de produtos qu\u00edmicos \u00e0 base de poliuretano, se usada antes da cura.","robots":{"index":"index","follow":"follow","max-snippet":"max-snippet:-1","max-image-preview":"max-image-preview:large","max-video-preview":"max-video-preview:-1"},"canonical":"https:\/\/chemitool.com\/pt-pt\/products\/chemicals\/sprays-pt\/limpeza\/limpa-espuma-poliuretano-chemifoam\/","og_locale":"pt_PT","og_type":"article","og_title":"LIMPA ESPUMA POLIURETANO CHEMIFOAM &ndash; Chemitool","og_description":"SAP: CH06010000  Limpa Espuma Poliuretano CHEMIFOAM limpa todos os res\u00edduos de produtos qu\u00edmicos \u00e0 base de poliuretano, se usada antes da cura.","og_url":"https:\/\/chemitool.com\/pt-pt\/products\/chemicals\/sprays-pt\/limpeza\/limpa-espuma-poliuretano-chemifoam\/","og_site_name":"Chemitool","article_publisher":"https:\/\/www.facebook.com\/chemitool","article_modified_time":"2021-11-03T15:58:30+00:00","og_image":[{"width":800,"height":800,"url":"https:\/\/chemitool.com\/wp-content\/uploads\/2020\/03\/ESPUMA-LIMPEZA.png","type":"image\/png"}],"twitter_card":"summary_large_image","schema":{"@context":"https:\/\/schema.org","@graph":[{"@type":"Organization","@id":"https:\/\/chemitool.com\/#organization","name":"Chemitool","url":"https:\/\/chemitool.com\/","sameAs":["https:\/\/www.facebook.com\/chemitool","https:\/\/www.instagram.com\/chemitool\/"],"logo":{"@type":"ImageObject","@id":"https:\/\/chemitool.com\/#logo","inLanguage":"pt-PT","url":"https:\/\/chemitool.com\/wp-content\/uploads\/2020\/10\/logo_chemitool.png","contentUrl":"https:\/\/chemitool.com\/wp-content\/uploads\/2020\/10\/logo_chemitool.png","width":400,"height":400,"caption":"Chemitool"},"image":{"@id":"https:\/\/chemitool.com\/#logo"}},{"@type":"WebSite","@id":"https:\/\/chemitool.com\/#website","url":"https:\/\/chemitool.com\/","name":"Chemitool","description":"Chemitool - hardware and tools","publisher":{"@id":"https:\/\/chemitool.com\/#organization"},"potentialAction":[{"@type":"SearchAction","target":{"@type":"EntryPoint","urlTemplate":"https:\/\/chemitool.com\/?s={search_term_string}"},"query-input":"required name=search_term_string"}],"inLanguage":"pt-PT"},{"@type":"ImageObject","@id":"https:\/\/chemitool.com\/pt-pt\/products\/chemicals\/sprays-pt\/limpeza\/limpa-espuma-poliuretano-chemifoam\/#primaryimage","inLanguage":"pt-PT","url":"https:\/\/chemitool.com\/wp-content\/uploads\/2020\/03\/CH06010000.png","contentUrl":"https:\/\/chemitool.com\/wp-content\/uploads\/2020\/03\/CH06010000.png","width":800,"height":800},{"@type":"WebPage","@id":"https:\/\/chemitool.com\/pt-pt\/products\/chemicals\/sprays-pt\/limpeza\/limpa-espuma-poliuretano-chemifoam\/#webpage","url":"https:\/\/chemitool.com\/pt-pt\/products\/chemicals\/sprays-pt\/limpeza\/limpa-espuma-poliuretano-chemifoam\/","name":"LIMPA ESPUMA POLIURETANO CHEMIFOAM &ndash; Chemitool","isPartOf":{"@id":"https:\/\/chemitool.com\/#website"},"primaryImageOfPage":{"@id":"https:\/\/chemitool.com\/pt-pt\/products\/chemicals\/sprays-pt\/limpeza\/limpa-espuma-poliuretano-chemifoam\/#primaryimage"},"datePublished":"2020-03-27T14:38:09+00:00","dateModified":"2021-11-03T15:58:30+00:00","description":"SAP: CH06010000 Limpa Espuma Poliuretano CHEMIFOAM limpa todos os res\u00edduos de produtos qu\u00edmicos \u00e0 base de poliuretano, se usada antes da cura.","breadcrumb":{"@id":"https:\/\/chemitool.com\/pt-pt\/products\/chemicals\/sprays-pt\/limpeza\/limpa-espuma-poliuretano-chemifoam\/#breadcrumb"},"inLanguage":"pt-PT","potentialAction":[{"@type":"ReadAction","target":["https:\/\/chemitool.com\/pt-pt\/products\/chemicals\/sprays-pt\/limpeza\/limpa-espuma-poliuretano-chemifoam\/"]}]},{"@type":"BreadcrumbList","@id":"https:\/\/chemitool.com\/pt-pt\/products\/chemicals\/sprays-pt\/limpeza\/limpa-espuma-poliuretano-chemifoam\/#breadcrumb","itemListElement":[{"@type":"ListItem","position":1,"name":"Home","item":"https:\/\/chemitool.com\/pt-pt\/"},{"@type":"ListItem","position":2,"name":"Produtos","item":"https:\/\/chemitool.com\/pt-pt\/produtos\/"},{"@type":"ListItem","position":3,"name":"Chemicals","item":"https:\/\/chemitool.com\/product-category\/chemical-products\/"},{"@type":"ListItem","position":4,"name":"LIMPA ESPUMA POLIURETANO CHEMIFOAM"}]}]}},"_links":{"self":[{"href":"https:\/\/chemitool.com\/pt-pt\/wp-json\/wp\/v2\/product\/3672"}],"collection":[{"href":"https:\/\/chemitool.com\/pt-pt\/wp-json\/wp\/v2\/product"}],"about":[{"href":"https:\/\/chemitool.com\/pt-pt\/wp-json\/wp\/v2\/types\/product"}],"wp:featuredmedia":[{"embeddable":true,"href":"https:\/\/chemitool.com\/pt-pt\/wp-json\/wp\/v2\/media\/29973"}],"wp:attachment":[{"href":"https:\/\/chemitool.com\/pt-pt\/wp-json\/wp\/v2\/media?parent=3672"}],"wp:term":[{"taxonomy":"product_cat","embeddable":true,"href":"https:\/\/chemitool.com\/pt-pt\/wp-json\/wp\/v2\/product_cat?post=3672"},{"taxonomy":"product_tag","embeddable":true,"href":"https:\/\/chemitool.com\/pt-pt\/wp-json\/wp\/v2\/product_tag?post=3672"}],"curies":[{"name":"wp","href":"https:\/\/api.w.org\/{rel}","templated":true}]}}