{"id":3667,"date":"2020-03-30T10:21:08","date_gmt":"2020-03-30T10:21:08","guid":{"rendered":"https:\/\/chemitool.com\/products\/sem%20categoria\/espuma-poliuretano-chemifoam\/"},"modified":"2025-10-09T10:15:28","modified_gmt":"2025-10-09T10:15:28","slug":"espuma-poliuretano-telha-chemifoam","status":"publish","type":"product","link":"https:\/\/chemitool.com\/pt-pt\/products\/chemicals\/espuma-poliuretano\/espuma-poliuretano-telha-chemifoam\/","title":{"rendered":"ESPUMA POLIURETANO TELHA CHEMIFOAM"},"content":{"rendered":"<p><strong>VANTAGENS<\/strong><\/p>\n<ul>\n<li>Qualidade profissional<\/li>\n<li>Substitui pregos, parafusos e massas<\/li>\n<li>F\u00e1cil aplica\u00e7\u00e3o e reutiliza\u00e7\u00e3o<\/li>\n<li>Baixa expans\u00e3o<\/li>\n<li>Excelente ader\u00eancia sobre qualquer material utilizado em coberturas<\/li>\n<li>Endurece rapidamente<\/li>\n<li>Resistente \u00e0 humidade e \u00e0s baixas temperaturas<\/li>\n<li>Fornece isolamento t\u00e9rmico adicional.<\/li>\n<li>N\u00e3o encolhe<\/li>\n<li>Pint\u00e1vel<\/li>\n<li>Uma lata permite cobrir aproximadamente 7 a 10m2 de telhado<\/li>\n<\/ul>\n<p><strong>INDICA\u00c7\u00d5ES<\/strong><\/p>\n<p>Deve ser armazenado e transportado em posi\u00e7\u00e3o vertical. Armazenar num ambiente fresco, seco e bem ventilado, entre os +5\u00b0C e + 25\u00b0C, afastado de fontes de calor e humidade. O armazenamento fora destas condi\u00e7\u00f5es encurta o prazo de validade. Validade 24 meses.<\/p>\n","protected":false},"excerpt":{"rendered":"<p><em>Espuma Poliuretano Telha CHEMIFOAM<\/em>, de cura em contacto com a humidade ambiente, usado para montagem e fixa\u00e7\u00e3o de telhas. Tem baixa expans\u00e3o e uma excelente ades\u00e3o sobre qualquer material usado em coberturas. \u00c9 usado como substituto para argamassas \u00e0 base de cimento, oferecendo mais qualidade, al\u00e9m de ser mais r\u00e1pido e mais econ\u00f3mico.<\/p>\n","protected":false},"featured_media":32666,"template":"","meta":[],"product_cat":[109,1223],"product_tag":[113],"yoast_head":"<!-- This site is optimized with the Yoast SEO plugin v17.4 - https:\/\/yoast.com\/wordpress\/plugins\/seo\/ -->\n<title>ESPUMA POLIURETANO TELHA CHEMIFOAM &ndash; Chemitool<\/title>\n<meta name=\"description\" content=\"Espuma Poliuretano Telha CHEMIFOAM, de cura em contacto com a humidade ambiente, usado para montagem e fixa\u00e7\u00e3o de telhas. Tem baixa expans\u00e3o e uma excelente ades\u00e3o sobre qualquer material usado em coberturas. \u00c9 usado como substituto para argamassas \u00e0 base de cimento, oferecendo mais qualidade, al\u00e9m de ser mais r\u00e1pido e mais econ\u00f3mico.\" \/>\n<meta name=\"robots\" content=\"index, follow, max-snippet:-1, max-image-preview:large, max-video-preview:-1\" \/>\n<link rel=\"canonical\" href=\"https:\/\/chemitool.com\/pt-pt\/products\/chemical-products\/polyurethane-foam\/chemifoam-polyurethane-foam-tile\/\" \/>\n<meta property=\"og:locale\" content=\"pt_PT\" \/>\n<meta property=\"og:type\" content=\"article\" \/>\n<meta property=\"og:title\" content=\"ESPUMA POLIURETANO TELHA CHEMIFOAM &ndash; Chemitool\" \/>\n<meta property=\"og:description\" content=\"Espuma Poliuretano Telha CHEMIFOAM, de cura em contacto com a humidade ambiente, usado para montagem e fixa\u00e7\u00e3o de telhas. Tem baixa expans\u00e3o e uma excelente ades\u00e3o sobre qualquer material usado em coberturas. \u00c9 usado como substituto para argamassas \u00e0 base de cimento, oferecendo mais qualidade, al\u00e9m de ser mais r\u00e1pido e mais econ\u00f3mico.\" \/>\n<meta property=\"og:url\" content=\"https:\/\/chemitool.com\/products\/chemical-products\/polyurethane-foam\/chemifoam-polyurethane-foam-tile\/\" \/>\n<meta property=\"og:site_name\" content=\"Chemitool\" \/>\n<meta property=\"article:publisher\" content=\"https:\/\/www.facebook.com\/chemitool\" \/>\n<meta property=\"article:modified_time\" content=\"2025-10-09T10:15:28+00:00\" \/>\n<meta property=\"og:image\" content=\"https:\/\/chemitool.com\/wp-content\/uploads\/2020\/03\/CH06011001.png\" \/>\n\t<meta property=\"og:image:width\" content=\"800\" \/>\n\t<meta property=\"og:image:height\" content=\"800\" \/>\n<meta name=\"twitter:card\" content=\"summary_large_image\" \/>\n<script type=\"application\/ld+json\" class=\"yoast-schema-graph\">{\"@context\":\"https:\/\/schema.org\",\"@graph\":[{\"@type\":\"Organization\",\"@id\":\"https:\/\/chemitool.com\/#organization\",\"name\":\"Chemitool\",\"url\":\"https:\/\/chemitool.com\/\",\"sameAs\":[\"https:\/\/www.facebook.com\/chemitool\",\"https:\/\/www.instagram.com\/chemitool\/\"],\"logo\":{\"@type\":\"ImageObject\",\"@id\":\"https:\/\/chemitool.com\/#logo\",\"inLanguage\":\"pt-PT\",\"url\":\"https:\/\/chemitool.com\/wp-content\/uploads\/2020\/10\/logo_chemitool.png\",\"contentUrl\":\"https:\/\/chemitool.com\/wp-content\/uploads\/2020\/10\/logo_chemitool.png\",\"width\":400,\"height\":400,\"caption\":\"Chemitool\"},\"image\":{\"@id\":\"https:\/\/chemitool.com\/#logo\"}},{\"@type\":\"WebSite\",\"@id\":\"https:\/\/chemitool.com\/#website\",\"url\":\"https:\/\/chemitool.com\/\",\"name\":\"Chemitool\",\"description\":\"Chemitool - hardware and tools\",\"publisher\":{\"@id\":\"https:\/\/chemitool.com\/#organization\"},\"potentialAction\":[{\"@type\":\"SearchAction\",\"target\":{\"@type\":\"EntryPoint\",\"urlTemplate\":\"https:\/\/chemitool.com\/?s={search_term_string}\"},\"query-input\":\"required name=search_term_string\"}],\"inLanguage\":\"pt-PT\"},{\"@type\":\"ImageObject\",\"@id\":\"https:\/\/chemitool.com\/products\/chemical-products\/polyurethane-foam\/chemifoam-polyurethane-foam-tile\/#primaryimage\",\"inLanguage\":\"pt-PT\",\"url\":\"https:\/\/chemitool.com\/wp-content\/uploads\/2020\/03\/CH06011001.png\",\"contentUrl\":\"https:\/\/chemitool.com\/wp-content\/uploads\/2020\/03\/CH06011001.png\",\"width\":800,\"height\":800},{\"@type\":\"WebPage\",\"@id\":\"https:\/\/chemitool.com\/products\/chemical-products\/polyurethane-foam\/chemifoam-polyurethane-foam-tile\/#webpage\",\"url\":\"https:\/\/chemitool.com\/products\/chemical-products\/polyurethane-foam\/chemifoam-polyurethane-foam-tile\/\",\"name\":\"ESPUMA POLIURETANO TELHA CHEMIFOAM &ndash; Chemitool\",\"isPartOf\":{\"@id\":\"https:\/\/chemitool.com\/#website\"},\"primaryImageOfPage\":{\"@id\":\"https:\/\/chemitool.com\/products\/chemical-products\/polyurethane-foam\/chemifoam-polyurethane-foam-tile\/#primaryimage\"},\"datePublished\":\"2020-03-30T10:21:08+00:00\",\"dateModified\":\"2025-10-09T10:15:28+00:00\",\"description\":\"Espuma Poliuretano Telha CHEMIFOAM, de cura em contacto com a humidade ambiente, usado para montagem e fixa\\u00e7\\u00e3o de telhas. Tem baixa expans\\u00e3o e uma excelente ades\\u00e3o sobre qualquer material usado em coberturas. \\u00c9 usado como substituto para argamassas \\u00e0 base de cimento, oferecendo mais qualidade, al\\u00e9m de ser mais r\\u00e1pido e mais econ\\u00f3mico.\",\"breadcrumb\":{\"@id\":\"https:\/\/chemitool.com\/products\/chemical-products\/polyurethane-foam\/chemifoam-polyurethane-foam-tile\/#breadcrumb\"},\"inLanguage\":\"pt-PT\",\"potentialAction\":[{\"@type\":\"ReadAction\",\"target\":[\"https:\/\/chemitool.com\/products\/chemical-products\/polyurethane-foam\/chemifoam-polyurethane-foam-tile\/\"]}]},{\"@type\":\"BreadcrumbList\",\"@id\":\"https:\/\/chemitool.com\/products\/chemical-products\/polyurethane-foam\/chemifoam-polyurethane-foam-tile\/#breadcrumb\",\"itemListElement\":[{\"@type\":\"ListItem\",\"position\":1,\"name\":\"Home\",\"item\":\"https:\/\/chemitool.com\/pt-pt\/\"},{\"@type\":\"ListItem\",\"position\":2,\"name\":\"Produtos\",\"item\":\"https:\/\/chemitool.com\/pt-pt\/produtos\/\"},{\"@type\":\"ListItem\",\"position\":3,\"name\":\"Chemicals\",\"item\":\"https:\/\/chemitool.com\/product-category\/chemical-products\/\"},{\"@type\":\"ListItem\",\"position\":4,\"name\":\"ESPUMA POLIURETANO TELHA CHEMIFOAM\"}]}]}<\/script>\n<!-- \/ Yoast SEO plugin. -->","yoast_head_json":{"title":"ESPUMA POLIURETANO TELHA CHEMIFOAM &ndash; Chemitool","description":"Espuma Poliuretano Telha CHEMIFOAM, de cura em contacto com a humidade ambiente, usado para montagem e fixa\u00e7\u00e3o de telhas. Tem baixa expans\u00e3o e uma excelente ades\u00e3o sobre qualquer material usado em coberturas. \u00c9 usado como substituto para argamassas \u00e0 base de cimento, oferecendo mais qualidade, al\u00e9m de ser mais r\u00e1pido e mais econ\u00f3mico.","robots":{"index":"index","follow":"follow","max-snippet":"max-snippet:-1","max-image-preview":"max-image-preview:large","max-video-preview":"max-video-preview:-1"},"canonical":"https:\/\/chemitool.com\/pt-pt\/products\/chemical-products\/polyurethane-foam\/chemifoam-polyurethane-foam-tile\/","og_locale":"pt_PT","og_type":"article","og_title":"ESPUMA POLIURETANO TELHA CHEMIFOAM &ndash; Chemitool","og_description":"Espuma Poliuretano Telha CHEMIFOAM, de cura em contacto com a humidade ambiente, usado para montagem e fixa\u00e7\u00e3o de telhas. Tem baixa expans\u00e3o e uma excelente ades\u00e3o sobre qualquer material usado em coberturas. \u00c9 usado como substituto para argamassas \u00e0 base de cimento, oferecendo mais qualidade, al\u00e9m de ser mais r\u00e1pido e mais econ\u00f3mico.","og_url":"https:\/\/chemitool.com\/products\/chemical-products\/polyurethane-foam\/chemifoam-polyurethane-foam-tile\/","og_site_name":"Chemitool","article_publisher":"https:\/\/www.facebook.com\/chemitool","article_modified_time":"2025-10-09T10:15:28+00:00","og_image":[{"width":800,"height":800,"url":"https:\/\/chemitool.com\/wp-content\/uploads\/2020\/03\/CH06011001.png","type":"image\/png"}],"twitter_card":"summary_large_image","schema":{"@context":"https:\/\/schema.org","@graph":[{"@type":"Organization","@id":"https:\/\/chemitool.com\/#organization","name":"Chemitool","url":"https:\/\/chemitool.com\/","sameAs":["https:\/\/www.facebook.com\/chemitool","https:\/\/www.instagram.com\/chemitool\/"],"logo":{"@type":"ImageObject","@id":"https:\/\/chemitool.com\/#logo","inLanguage":"pt-PT","url":"https:\/\/chemitool.com\/wp-content\/uploads\/2020\/10\/logo_chemitool.png","contentUrl":"https:\/\/chemitool.com\/wp-content\/uploads\/2020\/10\/logo_chemitool.png","width":400,"height":400,"caption":"Chemitool"},"image":{"@id":"https:\/\/chemitool.com\/#logo"}},{"@type":"WebSite","@id":"https:\/\/chemitool.com\/#website","url":"https:\/\/chemitool.com\/","name":"Chemitool","description":"Chemitool - hardware and tools","publisher":{"@id":"https:\/\/chemitool.com\/#organization"},"potentialAction":[{"@type":"SearchAction","target":{"@type":"EntryPoint","urlTemplate":"https:\/\/chemitool.com\/?s={search_term_string}"},"query-input":"required name=search_term_string"}],"inLanguage":"pt-PT"},{"@type":"ImageObject","@id":"https:\/\/chemitool.com\/products\/chemical-products\/polyurethane-foam\/chemifoam-polyurethane-foam-tile\/#primaryimage","inLanguage":"pt-PT","url":"https:\/\/chemitool.com\/wp-content\/uploads\/2020\/03\/CH06011001.png","contentUrl":"https:\/\/chemitool.com\/wp-content\/uploads\/2020\/03\/CH06011001.png","width":800,"height":800},{"@type":"WebPage","@id":"https:\/\/chemitool.com\/products\/chemical-products\/polyurethane-foam\/chemifoam-polyurethane-foam-tile\/#webpage","url":"https:\/\/chemitool.com\/products\/chemical-products\/polyurethane-foam\/chemifoam-polyurethane-foam-tile\/","name":"ESPUMA POLIURETANO TELHA CHEMIFOAM &ndash; Chemitool","isPartOf":{"@id":"https:\/\/chemitool.com\/#website"},"primaryImageOfPage":{"@id":"https:\/\/chemitool.com\/products\/chemical-products\/polyurethane-foam\/chemifoam-polyurethane-foam-tile\/#primaryimage"},"datePublished":"2020-03-30T10:21:08+00:00","dateModified":"2025-10-09T10:15:28+00:00","description":"Espuma Poliuretano Telha CHEMIFOAM, de cura em contacto com a humidade ambiente, usado para montagem e fixa\u00e7\u00e3o de telhas. Tem baixa expans\u00e3o e uma excelente ades\u00e3o sobre qualquer material usado em coberturas. \u00c9 usado como substituto para argamassas \u00e0 base de cimento, oferecendo mais qualidade, al\u00e9m de ser mais r\u00e1pido e mais econ\u00f3mico.","breadcrumb":{"@id":"https:\/\/chemitool.com\/products\/chemical-products\/polyurethane-foam\/chemifoam-polyurethane-foam-tile\/#breadcrumb"},"inLanguage":"pt-PT","potentialAction":[{"@type":"ReadAction","target":["https:\/\/chemitool.com\/products\/chemical-products\/polyurethane-foam\/chemifoam-polyurethane-foam-tile\/"]}]},{"@type":"BreadcrumbList","@id":"https:\/\/chemitool.com\/products\/chemical-products\/polyurethane-foam\/chemifoam-polyurethane-foam-tile\/#breadcrumb","itemListElement":[{"@type":"ListItem","position":1,"name":"Home","item":"https:\/\/chemitool.com\/pt-pt\/"},{"@type":"ListItem","position":2,"name":"Produtos","item":"https:\/\/chemitool.com\/pt-pt\/produtos\/"},{"@type":"ListItem","position":3,"name":"Chemicals","item":"https:\/\/chemitool.com\/product-category\/chemical-products\/"},{"@type":"ListItem","position":4,"name":"ESPUMA POLIURETANO TELHA CHEMIFOAM"}]}]}},"_links":{"self":[{"href":"https:\/\/chemitool.com\/pt-pt\/wp-json\/wp\/v2\/product\/3667"}],"collection":[{"href":"https:\/\/chemitool.com\/pt-pt\/wp-json\/wp\/v2\/product"}],"about":[{"href":"https:\/\/chemitool.com\/pt-pt\/wp-json\/wp\/v2\/types\/product"}],"wp:featuredmedia":[{"embeddable":true,"href":"https:\/\/chemitool.com\/pt-pt\/wp-json\/wp\/v2\/media\/32666"}],"wp:attachment":[{"href":"https:\/\/chemitool.com\/pt-pt\/wp-json\/wp\/v2\/media?parent=3667"}],"wp:term":[{"taxonomy":"product_cat","embeddable":true,"href":"https:\/\/chemitool.com\/pt-pt\/wp-json\/wp\/v2\/product_cat?post=3667"},{"taxonomy":"product_tag","embeddable":true,"href":"https:\/\/chemitool.com\/pt-pt\/wp-json\/wp\/v2\/product_tag?post=3667"}],"curies":[{"name":"wp","href":"https:\/\/api.w.org\/{rel}","templated":true}]}}