{"id":36563,"date":"2023-12-22T11:50:06","date_gmt":"2023-12-22T11:50:22","guid":{"rendered":"https:\/\/chemitool.com\/?post_type=product&#038;p=36563"},"modified":"2024-09-26T11:20:33","modified_gmt":"2024-09-26T11:20:33","slug":"casaco-softshell-acolchoado-creek-pad","status":"publish","type":"product","link":"https:\/\/chemitool.com\/pt-pt\/products\/safety\/vestuario-tecnico\/protecao-contra-o-frio\/casaco-softshell-acolchoado-creek-pad\/","title":{"rendered":"CASACO SOFTSHELL ACOLCHOADO CREEK PAD"},"content":{"rendered":"<ul>\n<li>Isolamento t\u00e9rmico n\u00edvel 3<\/li>\n<li>Certificado para trabalhar em ambientes at\u00e9 -5\u00baC<\/li>\n<li>Imperme\u00e1vel<\/li>\n<li>Isolamento contra o vento<\/li>\n<li>Respir\u00e1vel<\/li>\n<li>Strectch<\/li>\n<li>Colarinho com malha polar<\/li>\n<li>Multi-bolsos<\/li>\n<li>Faixa refletora nas costas e capuz<\/li>\n<\/ul>\n<p><img class=\"alignnone size-full wp-image-15483\" src=\"https:\/\/chemitool.com\/wp-content\/uploads\/2021\/09\/STRETCH.png\" alt=\"\" width=\"85\" height=\"97\" \/><img class=\"alignnone size-full wp-image-15347\" src=\"https:\/\/chemitool.com\/wp-content\/uploads\/2021\/09\/WATERPROOF-FABRIC.png\" alt=\"\" width=\"85\" height=\"97\" \/><img class=\"alignnone size-full wp-image-24600\" src=\"https:\/\/chemitool.com\/wp-content\/uploads\/2022\/07\/WINDPROOF.png\" alt=\"\" width=\"85\" height=\"97\" \/><img class=\"alignnone size-full wp-image-25191\" src=\"https:\/\/chemitool.com\/wp-content\/uploads\/2022\/07\/BREATHABLE-1.png\" alt=\"\" width=\"85\" height=\"97\" \/><img class=\"alignnone size-full wp-image-36657\" src=\"https:\/\/chemitool.com\/wp-content\/uploads\/2023\/12\/INSULATED-3.png\" alt=\"\" width=\"85\" height=\"97\" \/><\/p>\n<p><img class=\"alignnone wp-image-36661 size-full\" src=\"https:\/\/chemitool.com\/wp-content\/uploads\/2023\/12\/3layers_padded-e1704193310745.png\" alt=\"\" width=\"85\" height=\"88\" \/>\u00a0<img class=\"alignnone size-full wp-image-36665\" src=\"https:\/\/chemitool.com\/wp-content\/uploads\/2023\/12\/SBS_Zipper.png\" alt=\"\" width=\"85\" height=\"97\" \/>\u00a0<img class=\"alignnone size-full wp-image-15335\" src=\"https:\/\/chemitool.com\/wp-content\/uploads\/2021\/09\/MODELLO-COMUNITARIO-REGISTRATO-2.png\" alt=\"\" width=\"85\" height=\"97\" \/>\u00a0<img class=\"alignnone wp-image-15160 size-full\" src=\"https:\/\/chemitool.com\/wp-content\/uploads\/2021\/09\/CE_CAT2-1-e1704193399572.png\" alt=\"\" width=\"86\" height=\"97\" \/>\u00a0<img class=\"alignnone wp-image-36672\" src=\"https:\/\/chemitool.com\/wp-content\/uploads\/2023\/12\/249-e1704193869477.png\" alt=\"\" width=\"97\" height=\"97\" \/><\/p>\n","protected":false},"excerpt":{"rendered":"<p><em>Casaco soft-shell acolchoado Creek Pad CHEMITOOL<\/em> com fecho de correr SBS com cursor de metal &#8220;semi-auto lock&#8221; e puxador personalizado.Capuz remov\u00edvel com cord\u00e3o ajust\u00e1vel. Colarinho interior com detalhes laterais em polar. Bandas refletoras na parte inferior das costas e no verso do capuz. Punhos el\u00e1sticos, ajust\u00e1veis com velcro. Dois bolsos laterais com fecho de correr, um bolso no peito com fecho de correr revestido e um bolso no bra\u00e7o esquerdo com porta-caneta integrado, com fecho de correr. Puxadores fluorescentes. Um bolso fechado com velcro. Bainha ajust\u00e1vel com stoppers personalizados.Isolamento t\u00e9rmico de n\u00edvel 3 e certifica\u00e7\u00e3o EN14058 para vestu\u00e1rio de prote\u00e7\u00e3o contra o frio at\u00e9 -5\u00baC. WP 8000 mm H\u2082O, WVT 5000 g\/m\u00b2 24h.<\/p>\n","protected":false},"featured_media":36570,"template":"","meta":[],"product_cat":[1453,5130,3463],"product_tag":[],"yoast_head":"<!-- This site is optimized with the Yoast SEO plugin v17.4 - https:\/\/yoast.com\/wordpress\/plugins\/seo\/ -->\n<title>CASACO SOFTSHELL ACOLCHOADO CREEK PAD &ndash; Chemitool<\/title>\n<meta name=\"description\" content=\"Casaco soft-shell acolchoado Creek Pad CHEMITOOL com fecho de correr SBS com cursor de metal &quot;semi-auto lock&quot; e puxador personalizado.Capuz remov\u00edvel com cord\u00e3o ajust\u00e1vel. Colarinho interior com detalhes laterais em polar. Bandas refletoras na parte inferior das costas e no verso do capuz. Punhos el\u00e1sticos, ajust\u00e1veis com velcro. Dois bolsos laterais com fecho de correr, um bolso no peito com fecho de correr revestido e um bolso no bra\u00e7o esquerdo com porta-caneta integrado, com fecho de correr. Puxadores fluorescentes. Um bolso fechado com velcro. Bainha ajust\u00e1vel com stoppers personalizados.Isolamento t\u00e9rmico de n\u00edvel 3 e certifica\u00e7\u00e3o EN14058 para vestu\u00e1rio de prote\u00e7\u00e3o contra o frio at\u00e9 -5\u00baC. WP 8000 mm H\u2082O, WVT 5000 g\/m\u00b2 24h.\" \/>\n<meta name=\"robots\" content=\"index, follow, max-snippet:-1, max-image-preview:large, max-video-preview:-1\" \/>\n<link rel=\"canonical\" href=\"https:\/\/chemitool.com\/pt-pt\/products\/safety\/vestuario-tecnico\/protecao-contra-o-frio\/casaco-softshell-acolchoado-creek-pad\/\" \/>\n<meta property=\"og:locale\" content=\"pt_PT\" \/>\n<meta property=\"og:type\" content=\"article\" \/>\n<meta property=\"og:title\" content=\"CASACO SOFTSHELL ACOLCHOADO CREEK PAD &ndash; Chemitool\" \/>\n<meta property=\"og:description\" content=\"Casaco soft-shell acolchoado Creek Pad CHEMITOOL com fecho de correr SBS com cursor de metal &quot;semi-auto lock&quot; e puxador personalizado.Capuz remov\u00edvel com cord\u00e3o ajust\u00e1vel. Colarinho interior com detalhes laterais em polar. Bandas refletoras na parte inferior das costas e no verso do capuz. Punhos el\u00e1sticos, ajust\u00e1veis com velcro. Dois bolsos laterais com fecho de correr, um bolso no peito com fecho de correr revestido e um bolso no bra\u00e7o esquerdo com porta-caneta integrado, com fecho de correr. Puxadores fluorescentes. Um bolso fechado com velcro. Bainha ajust\u00e1vel com stoppers personalizados.Isolamento t\u00e9rmico de n\u00edvel 3 e certifica\u00e7\u00e3o EN14058 para vestu\u00e1rio de prote\u00e7\u00e3o contra o frio at\u00e9 -5\u00baC. WP 8000 mm H\u2082O, WVT 5000 g\/m\u00b2 24h.\" \/>\n<meta property=\"og:url\" content=\"https:\/\/chemitool.com\/pt-pt\/products\/safety\/vestuario-tecnico\/protecao-contra-o-frio\/casaco-softshell-acolchoado-creek-pad\/\" \/>\n<meta property=\"og:site_name\" content=\"Chemitool\" \/>\n<meta property=\"article:publisher\" content=\"https:\/\/www.facebook.com\/chemitool\" \/>\n<meta property=\"article:modified_time\" content=\"2024-09-26T11:20:33+00:00\" \/>\n<meta property=\"og:image\" content=\"https:\/\/chemitool.com\/wp-content\/uploads\/2023\/12\/ps3300489_black.png\" \/>\n\t<meta property=\"og:image:width\" content=\"800\" \/>\n\t<meta property=\"og:image:height\" content=\"800\" \/>\n<meta name=\"twitter:card\" content=\"summary_large_image\" \/>\n<script type=\"application\/ld+json\" class=\"yoast-schema-graph\">{\"@context\":\"https:\/\/schema.org\",\"@graph\":[{\"@type\":\"Organization\",\"@id\":\"https:\/\/chemitool.com\/#organization\",\"name\":\"Chemitool\",\"url\":\"https:\/\/chemitool.com\/\",\"sameAs\":[\"https:\/\/www.facebook.com\/chemitool\",\"https:\/\/www.instagram.com\/chemitool\/\"],\"logo\":{\"@type\":\"ImageObject\",\"@id\":\"https:\/\/chemitool.com\/#logo\",\"inLanguage\":\"pt-PT\",\"url\":\"https:\/\/chemitool.com\/wp-content\/uploads\/2020\/10\/logo_chemitool.png\",\"contentUrl\":\"https:\/\/chemitool.com\/wp-content\/uploads\/2020\/10\/logo_chemitool.png\",\"width\":400,\"height\":400,\"caption\":\"Chemitool\"},\"image\":{\"@id\":\"https:\/\/chemitool.com\/#logo\"}},{\"@type\":\"WebSite\",\"@id\":\"https:\/\/chemitool.com\/#website\",\"url\":\"https:\/\/chemitool.com\/\",\"name\":\"Chemitool\",\"description\":\"Chemitool - hardware and tools\",\"publisher\":{\"@id\":\"https:\/\/chemitool.com\/#organization\"},\"potentialAction\":[{\"@type\":\"SearchAction\",\"target\":{\"@type\":\"EntryPoint\",\"urlTemplate\":\"https:\/\/chemitool.com\/?s={search_term_string}\"},\"query-input\":\"required name=search_term_string\"}],\"inLanguage\":\"pt-PT\"},{\"@type\":\"ImageObject\",\"@id\":\"https:\/\/chemitool.com\/pt-pt\/products\/safety\/vestuario-tecnico\/protecao-contra-o-frio\/casaco-softshell-acolchoado-creek-pad\/#primaryimage\",\"inLanguage\":\"pt-PT\",\"url\":\"https:\/\/chemitool.com\/wp-content\/uploads\/2023\/12\/ps3300489_black.png\",\"contentUrl\":\"https:\/\/chemitool.com\/wp-content\/uploads\/2023\/12\/ps3300489_black.png\",\"width\":800,\"height\":800},{\"@type\":\"WebPage\",\"@id\":\"https:\/\/chemitool.com\/pt-pt\/products\/safety\/vestuario-tecnico\/protecao-contra-o-frio\/casaco-softshell-acolchoado-creek-pad\/#webpage\",\"url\":\"https:\/\/chemitool.com\/pt-pt\/products\/safety\/vestuario-tecnico\/protecao-contra-o-frio\/casaco-softshell-acolchoado-creek-pad\/\",\"name\":\"CASACO SOFTSHELL ACOLCHOADO CREEK PAD &ndash; Chemitool\",\"isPartOf\":{\"@id\":\"https:\/\/chemitool.com\/#website\"},\"primaryImageOfPage\":{\"@id\":\"https:\/\/chemitool.com\/pt-pt\/products\/safety\/vestuario-tecnico\/protecao-contra-o-frio\/casaco-softshell-acolchoado-creek-pad\/#primaryimage\"},\"datePublished\":\"2023-12-22T11:50:22+00:00\",\"dateModified\":\"2024-09-26T11:20:33+00:00\",\"description\":\"Casaco soft-shell acolchoado Creek Pad CHEMITOOL com fecho de correr SBS com cursor de metal \\\"semi-auto lock\\\" e puxador personalizado.Capuz remov\\u00edvel com cord\\u00e3o ajust\\u00e1vel. Colarinho interior com detalhes laterais em polar. Bandas refletoras na parte inferior das costas e no verso do capuz. Punhos el\\u00e1sticos, ajust\\u00e1veis com velcro. Dois bolsos laterais com fecho de correr, um bolso no peito com fecho de correr revestido e um bolso no bra\\u00e7o esquerdo com porta-caneta integrado, com fecho de correr. Puxadores fluorescentes. Um bolso fechado com velcro. Bainha ajust\\u00e1vel com stoppers personalizados.Isolamento t\\u00e9rmico de n\\u00edvel 3 e certifica\\u00e7\\u00e3o EN14058 para vestu\\u00e1rio de prote\\u00e7\\u00e3o contra o frio at\\u00e9 -5\\u00baC. WP 8000 mm H\\u2082O, WVT 5000 g\/m\\u00b2 24h.\",\"breadcrumb\":{\"@id\":\"https:\/\/chemitool.com\/pt-pt\/products\/safety\/vestuario-tecnico\/protecao-contra-o-frio\/casaco-softshell-acolchoado-creek-pad\/#breadcrumb\"},\"inLanguage\":\"pt-PT\",\"potentialAction\":[{\"@type\":\"ReadAction\",\"target\":[\"https:\/\/chemitool.com\/pt-pt\/products\/safety\/vestuario-tecnico\/protecao-contra-o-frio\/casaco-softshell-acolchoado-creek-pad\/\"]}]},{\"@type\":\"BreadcrumbList\",\"@id\":\"https:\/\/chemitool.com\/pt-pt\/products\/safety\/vestuario-tecnico\/protecao-contra-o-frio\/casaco-softshell-acolchoado-creek-pad\/#breadcrumb\",\"itemListElement\":[{\"@type\":\"ListItem\",\"position\":1,\"name\":\"Home\",\"item\":\"https:\/\/chemitool.com\/pt-pt\/\"},{\"@type\":\"ListItem\",\"position\":2,\"name\":\"Produtos\",\"item\":\"https:\/\/chemitool.com\/pt-pt\/produtos\/\"},{\"@type\":\"ListItem\",\"position\":3,\"name\":\"Safety\",\"item\":\"https:\/\/chemitool.com\/pt-pt\/categoria-produto\/safety\/\"},{\"@type\":\"ListItem\",\"position\":4,\"name\":\"Vestu\\u00e1rio T\\u00e9cnico\",\"item\":\"https:\/\/chemitool.com\/pt-pt\/categoria-produto\/safety\/vestuario-tecnico\/\"},{\"@type\":\"ListItem\",\"position\":5,\"name\":\"Prote\\u00e7\\u00e3o contra o frio\",\"item\":\"https:\/\/chemitool.com\/pt-pt\/categoria-produto\/safety\/vestuario-tecnico\/protecao-contra-o-frio\/\"},{\"@type\":\"ListItem\",\"position\":6,\"name\":\"CASACO SOFTSHELL ACOLCHOADO CREEK PAD\"}]}]}<\/script>\n<!-- \/ Yoast SEO plugin. -->","yoast_head_json":{"title":"CASACO SOFTSHELL ACOLCHOADO CREEK PAD &ndash; Chemitool","description":"Casaco soft-shell acolchoado Creek Pad CHEMITOOL com fecho de correr SBS com cursor de metal \"semi-auto lock\" e puxador personalizado.Capuz remov\u00edvel com cord\u00e3o ajust\u00e1vel. Colarinho interior com detalhes laterais em polar. Bandas refletoras na parte inferior das costas e no verso do capuz. Punhos el\u00e1sticos, ajust\u00e1veis com velcro. Dois bolsos laterais com fecho de correr, um bolso no peito com fecho de correr revestido e um bolso no bra\u00e7o esquerdo com porta-caneta integrado, com fecho de correr. Puxadores fluorescentes. Um bolso fechado com velcro. Bainha ajust\u00e1vel com stoppers personalizados.Isolamento t\u00e9rmico de n\u00edvel 3 e certifica\u00e7\u00e3o EN14058 para vestu\u00e1rio de prote\u00e7\u00e3o contra o frio at\u00e9 -5\u00baC. WP 8000 mm H\u2082O, WVT 5000 g\/m\u00b2 24h.","robots":{"index":"index","follow":"follow","max-snippet":"max-snippet:-1","max-image-preview":"max-image-preview:large","max-video-preview":"max-video-preview:-1"},"canonical":"https:\/\/chemitool.com\/pt-pt\/products\/safety\/vestuario-tecnico\/protecao-contra-o-frio\/casaco-softshell-acolchoado-creek-pad\/","og_locale":"pt_PT","og_type":"article","og_title":"CASACO SOFTSHELL ACOLCHOADO CREEK PAD &ndash; Chemitool","og_description":"Casaco soft-shell acolchoado Creek Pad CHEMITOOL com fecho de correr SBS com cursor de metal \"semi-auto lock\" e puxador personalizado.Capuz remov\u00edvel com cord\u00e3o ajust\u00e1vel. Colarinho interior com detalhes laterais em polar. Bandas refletoras na parte inferior das costas e no verso do capuz. Punhos el\u00e1sticos, ajust\u00e1veis com velcro. Dois bolsos laterais com fecho de correr, um bolso no peito com fecho de correr revestido e um bolso no bra\u00e7o esquerdo com porta-caneta integrado, com fecho de correr. Puxadores fluorescentes. Um bolso fechado com velcro. Bainha ajust\u00e1vel com stoppers personalizados.Isolamento t\u00e9rmico de n\u00edvel 3 e certifica\u00e7\u00e3o EN14058 para vestu\u00e1rio de prote\u00e7\u00e3o contra o frio at\u00e9 -5\u00baC. WP 8000 mm H\u2082O, WVT 5000 g\/m\u00b2 24h.","og_url":"https:\/\/chemitool.com\/pt-pt\/products\/safety\/vestuario-tecnico\/protecao-contra-o-frio\/casaco-softshell-acolchoado-creek-pad\/","og_site_name":"Chemitool","article_publisher":"https:\/\/www.facebook.com\/chemitool","article_modified_time":"2024-09-26T11:20:33+00:00","og_image":[{"width":800,"height":800,"url":"https:\/\/chemitool.com\/wp-content\/uploads\/2023\/12\/ps3300489_black.png","type":"image\/png"}],"twitter_card":"summary_large_image","schema":{"@context":"https:\/\/schema.org","@graph":[{"@type":"Organization","@id":"https:\/\/chemitool.com\/#organization","name":"Chemitool","url":"https:\/\/chemitool.com\/","sameAs":["https:\/\/www.facebook.com\/chemitool","https:\/\/www.instagram.com\/chemitool\/"],"logo":{"@type":"ImageObject","@id":"https:\/\/chemitool.com\/#logo","inLanguage":"pt-PT","url":"https:\/\/chemitool.com\/wp-content\/uploads\/2020\/10\/logo_chemitool.png","contentUrl":"https:\/\/chemitool.com\/wp-content\/uploads\/2020\/10\/logo_chemitool.png","width":400,"height":400,"caption":"Chemitool"},"image":{"@id":"https:\/\/chemitool.com\/#logo"}},{"@type":"WebSite","@id":"https:\/\/chemitool.com\/#website","url":"https:\/\/chemitool.com\/","name":"Chemitool","description":"Chemitool - hardware and tools","publisher":{"@id":"https:\/\/chemitool.com\/#organization"},"potentialAction":[{"@type":"SearchAction","target":{"@type":"EntryPoint","urlTemplate":"https:\/\/chemitool.com\/?s={search_term_string}"},"query-input":"required name=search_term_string"}],"inLanguage":"pt-PT"},{"@type":"ImageObject","@id":"https:\/\/chemitool.com\/pt-pt\/products\/safety\/vestuario-tecnico\/protecao-contra-o-frio\/casaco-softshell-acolchoado-creek-pad\/#primaryimage","inLanguage":"pt-PT","url":"https:\/\/chemitool.com\/wp-content\/uploads\/2023\/12\/ps3300489_black.png","contentUrl":"https:\/\/chemitool.com\/wp-content\/uploads\/2023\/12\/ps3300489_black.png","width":800,"height":800},{"@type":"WebPage","@id":"https:\/\/chemitool.com\/pt-pt\/products\/safety\/vestuario-tecnico\/protecao-contra-o-frio\/casaco-softshell-acolchoado-creek-pad\/#webpage","url":"https:\/\/chemitool.com\/pt-pt\/products\/safety\/vestuario-tecnico\/protecao-contra-o-frio\/casaco-softshell-acolchoado-creek-pad\/","name":"CASACO SOFTSHELL ACOLCHOADO CREEK PAD &ndash; Chemitool","isPartOf":{"@id":"https:\/\/chemitool.com\/#website"},"primaryImageOfPage":{"@id":"https:\/\/chemitool.com\/pt-pt\/products\/safety\/vestuario-tecnico\/protecao-contra-o-frio\/casaco-softshell-acolchoado-creek-pad\/#primaryimage"},"datePublished":"2023-12-22T11:50:22+00:00","dateModified":"2024-09-26T11:20:33+00:00","description":"Casaco soft-shell acolchoado Creek Pad CHEMITOOL com fecho de correr SBS com cursor de metal \"semi-auto lock\" e puxador personalizado.Capuz remov\u00edvel com cord\u00e3o ajust\u00e1vel. Colarinho interior com detalhes laterais em polar. Bandas refletoras na parte inferior das costas e no verso do capuz. Punhos el\u00e1sticos, ajust\u00e1veis com velcro. Dois bolsos laterais com fecho de correr, um bolso no peito com fecho de correr revestido e um bolso no bra\u00e7o esquerdo com porta-caneta integrado, com fecho de correr. Puxadores fluorescentes. Um bolso fechado com velcro. Bainha ajust\u00e1vel com stoppers personalizados.Isolamento t\u00e9rmico de n\u00edvel 3 e certifica\u00e7\u00e3o EN14058 para vestu\u00e1rio de prote\u00e7\u00e3o contra o frio at\u00e9 -5\u00baC. WP 8000 mm H\u2082O, WVT 5000 g\/m\u00b2 24h.","breadcrumb":{"@id":"https:\/\/chemitool.com\/pt-pt\/products\/safety\/vestuario-tecnico\/protecao-contra-o-frio\/casaco-softshell-acolchoado-creek-pad\/#breadcrumb"},"inLanguage":"pt-PT","potentialAction":[{"@type":"ReadAction","target":["https:\/\/chemitool.com\/pt-pt\/products\/safety\/vestuario-tecnico\/protecao-contra-o-frio\/casaco-softshell-acolchoado-creek-pad\/"]}]},{"@type":"BreadcrumbList","@id":"https:\/\/chemitool.com\/pt-pt\/products\/safety\/vestuario-tecnico\/protecao-contra-o-frio\/casaco-softshell-acolchoado-creek-pad\/#breadcrumb","itemListElement":[{"@type":"ListItem","position":1,"name":"Home","item":"https:\/\/chemitool.com\/pt-pt\/"},{"@type":"ListItem","position":2,"name":"Produtos","item":"https:\/\/chemitool.com\/pt-pt\/produtos\/"},{"@type":"ListItem","position":3,"name":"Safety","item":"https:\/\/chemitool.com\/pt-pt\/categoria-produto\/safety\/"},{"@type":"ListItem","position":4,"name":"Vestu\u00e1rio T\u00e9cnico","item":"https:\/\/chemitool.com\/pt-pt\/categoria-produto\/safety\/vestuario-tecnico\/"},{"@type":"ListItem","position":5,"name":"Prote\u00e7\u00e3o contra o frio","item":"https:\/\/chemitool.com\/pt-pt\/categoria-produto\/safety\/vestuario-tecnico\/protecao-contra-o-frio\/"},{"@type":"ListItem","position":6,"name":"CASACO SOFTSHELL ACOLCHOADO CREEK PAD"}]}]}},"_links":{"self":[{"href":"https:\/\/chemitool.com\/pt-pt\/wp-json\/wp\/v2\/product\/36563"}],"collection":[{"href":"https:\/\/chemitool.com\/pt-pt\/wp-json\/wp\/v2\/product"}],"about":[{"href":"https:\/\/chemitool.com\/pt-pt\/wp-json\/wp\/v2\/types\/product"}],"wp:featuredmedia":[{"embeddable":true,"href":"https:\/\/chemitool.com\/pt-pt\/wp-json\/wp\/v2\/media\/36570"}],"wp:attachment":[{"href":"https:\/\/chemitool.com\/pt-pt\/wp-json\/wp\/v2\/media?parent=36563"}],"wp:term":[{"taxonomy":"product_cat","embeddable":true,"href":"https:\/\/chemitool.com\/pt-pt\/wp-json\/wp\/v2\/product_cat?post=36563"},{"taxonomy":"product_tag","embeddable":true,"href":"https:\/\/chemitool.com\/pt-pt\/wp-json\/wp\/v2\/product_tag?post=36563"}],"curies":[{"name":"wp","href":"https:\/\/api.w.org\/{rel}","templated":true}]}}