{"id":36139,"date":"2023-11-27T10:23:04","date_gmt":"2023-11-27T10:23:19","guid":{"rendered":"https:\/\/chemitool.com\/?post_type=product&#038;p=36139"},"modified":"2023-11-27T11:55:29","modified_gmt":"2023-11-27T11:55:29","slug":"spray-limpeza-alu-pvc-chemiclean","status":"publish","type":"product","link":"https:\/\/chemitool.com\/pt-pt\/products\/chemicals\/sprays-pt\/limpeza\/spray-limpeza-alu-pvc-chemiclean\/","title":{"rendered":"Spray Limpeza ALU\/PVC CHEMICLEAN"},"content":{"rendered":"<p><strong>VANTAGENS<\/strong><\/p>\n<ul>\n<li>O produto n\u00e3o \u00e9 agressivo \u00e0 pintura<\/li>\n<li>Pode ser aplicado em superf\u00edcies horizontais e verticais<\/li>\n<li>N\u00e3o cont\u00e9m Sil\u00edcios e possui propriedades anti est\u00e1ticas<\/li>\n<li>Devido \u00e0 r\u00e1pida degrada\u00e7\u00e3o da espuma, n\u00e3o haver\u00e1 \u201cres\u00edduos de espuma\u201d nas fendas<\/li>\n<\/ul>\n<p><strong>APLICA\u00c7\u00d5ES<\/strong><\/p>\n<p>Especialmente formulado para limpeza de janelas de Alum\u00ednio, PVC, Cromo, Pl\u00e1stico,<br \/>\nVidro e Esmalte.<\/p>\n","protected":false},"excerpt":{"rendered":"<p><b class=\"sap-label\">SAP:<\/b> <span class=\"codesap-label\">CHC030112<\/span><\/p>\n<p><em>Spray de Limpeza ALU\/PVC CHEMICLEAN <\/em>\u00e9 um spray com espuma ativa com efeito muito intensivo sobre part\u00edculas de sujidade, pel\u00edculas de gordura, res\u00edduos de gordura e vest\u00edgios de oxida\u00e7\u00e3o superficial.<\/p>\n","protected":false},"featured_media":36117,"template":"","meta":[],"product_cat":[109,1217,1240],"product_tag":[144],"yoast_head":"<!-- This site is optimized with the Yoast SEO plugin v17.4 - https:\/\/yoast.com\/wordpress\/plugins\/seo\/ -->\n<title>Spray Limpeza ALU\/PVC CHEMICLEAN &ndash; Chemitool<\/title>\n<meta name=\"description\" content=\"SAP: CHC030112  Spray de Limpeza ALU\/PVC CHEMICLEAN \u00e9 um spray com espuma ativa com efeito muito intensivo sobre part\u00edculas de sujidade, pel\u00edculas de gordura, res\u00edduos de gordura e vest\u00edgios de oxida\u00e7\u00e3o superficial.\" \/>\n<meta name=\"robots\" content=\"index, follow, max-snippet:-1, max-image-preview:large, max-video-preview:-1\" \/>\n<link rel=\"canonical\" href=\"https:\/\/chemitool.com\/pt-pt\/products\/chemicals\/sprays-pt\/limpeza\/spray-limpeza-alu-pvc-chemiclean\/\" \/>\n<meta property=\"og:locale\" content=\"pt_PT\" \/>\n<meta property=\"og:type\" content=\"article\" \/>\n<meta property=\"og:title\" content=\"Spray Limpeza ALU\/PVC CHEMICLEAN &ndash; Chemitool\" \/>\n<meta property=\"og:description\" content=\"SAP: CHC030112  Spray de Limpeza ALU\/PVC CHEMICLEAN \u00e9 um spray com espuma ativa com efeito muito intensivo sobre part\u00edculas de sujidade, pel\u00edculas de gordura, res\u00edduos de gordura e vest\u00edgios de oxida\u00e7\u00e3o superficial.\" \/>\n<meta property=\"og:url\" content=\"https:\/\/chemitool.com\/pt-pt\/products\/chemicals\/sprays-pt\/limpeza\/spray-limpeza-alu-pvc-chemiclean\/\" \/>\n<meta property=\"og:site_name\" content=\"Chemitool\" \/>\n<meta property=\"article:publisher\" content=\"https:\/\/www.facebook.com\/chemitool\" \/>\n<meta property=\"article:modified_time\" content=\"2023-11-27T11:55:29+00:00\" \/>\n<meta property=\"og:image\" content=\"https:\/\/chemitool.com\/wp-content\/uploads\/2023\/11\/CHC030112.png\" \/>\n\t<meta property=\"og:image:width\" content=\"800\" \/>\n\t<meta property=\"og:image:height\" content=\"800\" \/>\n<meta name=\"twitter:card\" content=\"summary_large_image\" \/>\n<script type=\"application\/ld+json\" class=\"yoast-schema-graph\">{\"@context\":\"https:\/\/schema.org\",\"@graph\":[{\"@type\":\"Organization\",\"@id\":\"https:\/\/chemitool.com\/#organization\",\"name\":\"Chemitool\",\"url\":\"https:\/\/chemitool.com\/\",\"sameAs\":[\"https:\/\/www.facebook.com\/chemitool\",\"https:\/\/www.instagram.com\/chemitool\/\"],\"logo\":{\"@type\":\"ImageObject\",\"@id\":\"https:\/\/chemitool.com\/#logo\",\"inLanguage\":\"pt-PT\",\"url\":\"https:\/\/chemitool.com\/wp-content\/uploads\/2020\/10\/logo_chemitool.png\",\"contentUrl\":\"https:\/\/chemitool.com\/wp-content\/uploads\/2020\/10\/logo_chemitool.png\",\"width\":400,\"height\":400,\"caption\":\"Chemitool\"},\"image\":{\"@id\":\"https:\/\/chemitool.com\/#logo\"}},{\"@type\":\"WebSite\",\"@id\":\"https:\/\/chemitool.com\/#website\",\"url\":\"https:\/\/chemitool.com\/\",\"name\":\"Chemitool\",\"description\":\"Chemitool - hardware and tools\",\"publisher\":{\"@id\":\"https:\/\/chemitool.com\/#organization\"},\"potentialAction\":[{\"@type\":\"SearchAction\",\"target\":{\"@type\":\"EntryPoint\",\"urlTemplate\":\"https:\/\/chemitool.com\/?s={search_term_string}\"},\"query-input\":\"required name=search_term_string\"}],\"inLanguage\":\"pt-PT\"},{\"@type\":\"ImageObject\",\"@id\":\"https:\/\/chemitool.com\/pt-pt\/products\/chemicals\/sprays-pt\/limpeza\/spray-limpeza-alu-pvc-chemiclean\/#primaryimage\",\"inLanguage\":\"pt-PT\",\"url\":\"https:\/\/chemitool.com\/wp-content\/uploads\/2023\/11\/CHC030112.png\",\"contentUrl\":\"https:\/\/chemitool.com\/wp-content\/uploads\/2023\/11\/CHC030112.png\",\"width\":800,\"height\":800},{\"@type\":\"WebPage\",\"@id\":\"https:\/\/chemitool.com\/pt-pt\/products\/chemicals\/sprays-pt\/limpeza\/spray-limpeza-alu-pvc-chemiclean\/#webpage\",\"url\":\"https:\/\/chemitool.com\/pt-pt\/products\/chemicals\/sprays-pt\/limpeza\/spray-limpeza-alu-pvc-chemiclean\/\",\"name\":\"Spray Limpeza ALU\/PVC CHEMICLEAN &ndash; Chemitool\",\"isPartOf\":{\"@id\":\"https:\/\/chemitool.com\/#website\"},\"primaryImageOfPage\":{\"@id\":\"https:\/\/chemitool.com\/pt-pt\/products\/chemicals\/sprays-pt\/limpeza\/spray-limpeza-alu-pvc-chemiclean\/#primaryimage\"},\"datePublished\":\"2023-11-27T10:23:19+00:00\",\"dateModified\":\"2023-11-27T11:55:29+00:00\",\"description\":\"SAP: CHC030112 Spray de Limpeza ALU\/PVC CHEMICLEAN \\u00e9 um spray com espuma ativa com efeito muito intensivo sobre part\\u00edculas de sujidade, pel\\u00edculas de gordura, res\\u00edduos de gordura e vest\\u00edgios de oxida\\u00e7\\u00e3o superficial.\",\"breadcrumb\":{\"@id\":\"https:\/\/chemitool.com\/pt-pt\/products\/chemicals\/sprays-pt\/limpeza\/spray-limpeza-alu-pvc-chemiclean\/#breadcrumb\"},\"inLanguage\":\"pt-PT\",\"potentialAction\":[{\"@type\":\"ReadAction\",\"target\":[\"https:\/\/chemitool.com\/pt-pt\/products\/chemicals\/sprays-pt\/limpeza\/spray-limpeza-alu-pvc-chemiclean\/\"]}]},{\"@type\":\"BreadcrumbList\",\"@id\":\"https:\/\/chemitool.com\/pt-pt\/products\/chemicals\/sprays-pt\/limpeza\/spray-limpeza-alu-pvc-chemiclean\/#breadcrumb\",\"itemListElement\":[{\"@type\":\"ListItem\",\"position\":1,\"name\":\"Home\",\"item\":\"https:\/\/chemitool.com\/pt-pt\/\"},{\"@type\":\"ListItem\",\"position\":2,\"name\":\"Produtos\",\"item\":\"https:\/\/chemitool.com\/pt-pt\/produtos\/\"},{\"@type\":\"ListItem\",\"position\":3,\"name\":\"Chemicals\",\"item\":\"https:\/\/chemitool.com\/product-category\/chemical-products\/\"},{\"@type\":\"ListItem\",\"position\":4,\"name\":\"Spray Limpeza ALU\/PVC CHEMICLEAN\"}]}]}<\/script>\n<!-- \/ Yoast SEO plugin. -->","yoast_head_json":{"title":"Spray Limpeza ALU\/PVC CHEMICLEAN &ndash; Chemitool","description":"SAP: CHC030112  Spray de Limpeza ALU\/PVC CHEMICLEAN \u00e9 um spray com espuma ativa com efeito muito intensivo sobre part\u00edculas de sujidade, pel\u00edculas de gordura, res\u00edduos de gordura e vest\u00edgios de oxida\u00e7\u00e3o superficial.","robots":{"index":"index","follow":"follow","max-snippet":"max-snippet:-1","max-image-preview":"max-image-preview:large","max-video-preview":"max-video-preview:-1"},"canonical":"https:\/\/chemitool.com\/pt-pt\/products\/chemicals\/sprays-pt\/limpeza\/spray-limpeza-alu-pvc-chemiclean\/","og_locale":"pt_PT","og_type":"article","og_title":"Spray Limpeza ALU\/PVC CHEMICLEAN &ndash; Chemitool","og_description":"SAP: CHC030112  Spray de Limpeza ALU\/PVC CHEMICLEAN \u00e9 um spray com espuma ativa com efeito muito intensivo sobre part\u00edculas de sujidade, pel\u00edculas de gordura, res\u00edduos de gordura e vest\u00edgios de oxida\u00e7\u00e3o superficial.","og_url":"https:\/\/chemitool.com\/pt-pt\/products\/chemicals\/sprays-pt\/limpeza\/spray-limpeza-alu-pvc-chemiclean\/","og_site_name":"Chemitool","article_publisher":"https:\/\/www.facebook.com\/chemitool","article_modified_time":"2023-11-27T11:55:29+00:00","og_image":[{"width":800,"height":800,"url":"https:\/\/chemitool.com\/wp-content\/uploads\/2023\/11\/CHC030112.png","type":"image\/png"}],"twitter_card":"summary_large_image","schema":{"@context":"https:\/\/schema.org","@graph":[{"@type":"Organization","@id":"https:\/\/chemitool.com\/#organization","name":"Chemitool","url":"https:\/\/chemitool.com\/","sameAs":["https:\/\/www.facebook.com\/chemitool","https:\/\/www.instagram.com\/chemitool\/"],"logo":{"@type":"ImageObject","@id":"https:\/\/chemitool.com\/#logo","inLanguage":"pt-PT","url":"https:\/\/chemitool.com\/wp-content\/uploads\/2020\/10\/logo_chemitool.png","contentUrl":"https:\/\/chemitool.com\/wp-content\/uploads\/2020\/10\/logo_chemitool.png","width":400,"height":400,"caption":"Chemitool"},"image":{"@id":"https:\/\/chemitool.com\/#logo"}},{"@type":"WebSite","@id":"https:\/\/chemitool.com\/#website","url":"https:\/\/chemitool.com\/","name":"Chemitool","description":"Chemitool - hardware and tools","publisher":{"@id":"https:\/\/chemitool.com\/#organization"},"potentialAction":[{"@type":"SearchAction","target":{"@type":"EntryPoint","urlTemplate":"https:\/\/chemitool.com\/?s={search_term_string}"},"query-input":"required name=search_term_string"}],"inLanguage":"pt-PT"},{"@type":"ImageObject","@id":"https:\/\/chemitool.com\/pt-pt\/products\/chemicals\/sprays-pt\/limpeza\/spray-limpeza-alu-pvc-chemiclean\/#primaryimage","inLanguage":"pt-PT","url":"https:\/\/chemitool.com\/wp-content\/uploads\/2023\/11\/CHC030112.png","contentUrl":"https:\/\/chemitool.com\/wp-content\/uploads\/2023\/11\/CHC030112.png","width":800,"height":800},{"@type":"WebPage","@id":"https:\/\/chemitool.com\/pt-pt\/products\/chemicals\/sprays-pt\/limpeza\/spray-limpeza-alu-pvc-chemiclean\/#webpage","url":"https:\/\/chemitool.com\/pt-pt\/products\/chemicals\/sprays-pt\/limpeza\/spray-limpeza-alu-pvc-chemiclean\/","name":"Spray Limpeza ALU\/PVC CHEMICLEAN &ndash; Chemitool","isPartOf":{"@id":"https:\/\/chemitool.com\/#website"},"primaryImageOfPage":{"@id":"https:\/\/chemitool.com\/pt-pt\/products\/chemicals\/sprays-pt\/limpeza\/spray-limpeza-alu-pvc-chemiclean\/#primaryimage"},"datePublished":"2023-11-27T10:23:19+00:00","dateModified":"2023-11-27T11:55:29+00:00","description":"SAP: CHC030112 Spray de Limpeza ALU\/PVC CHEMICLEAN \u00e9 um spray com espuma ativa com efeito muito intensivo sobre part\u00edculas de sujidade, pel\u00edculas de gordura, res\u00edduos de gordura e vest\u00edgios de oxida\u00e7\u00e3o superficial.","breadcrumb":{"@id":"https:\/\/chemitool.com\/pt-pt\/products\/chemicals\/sprays-pt\/limpeza\/spray-limpeza-alu-pvc-chemiclean\/#breadcrumb"},"inLanguage":"pt-PT","potentialAction":[{"@type":"ReadAction","target":["https:\/\/chemitool.com\/pt-pt\/products\/chemicals\/sprays-pt\/limpeza\/spray-limpeza-alu-pvc-chemiclean\/"]}]},{"@type":"BreadcrumbList","@id":"https:\/\/chemitool.com\/pt-pt\/products\/chemicals\/sprays-pt\/limpeza\/spray-limpeza-alu-pvc-chemiclean\/#breadcrumb","itemListElement":[{"@type":"ListItem","position":1,"name":"Home","item":"https:\/\/chemitool.com\/pt-pt\/"},{"@type":"ListItem","position":2,"name":"Produtos","item":"https:\/\/chemitool.com\/pt-pt\/produtos\/"},{"@type":"ListItem","position":3,"name":"Chemicals","item":"https:\/\/chemitool.com\/product-category\/chemical-products\/"},{"@type":"ListItem","position":4,"name":"Spray Limpeza ALU\/PVC CHEMICLEAN"}]}]}},"_links":{"self":[{"href":"https:\/\/chemitool.com\/pt-pt\/wp-json\/wp\/v2\/product\/36139"}],"collection":[{"href":"https:\/\/chemitool.com\/pt-pt\/wp-json\/wp\/v2\/product"}],"about":[{"href":"https:\/\/chemitool.com\/pt-pt\/wp-json\/wp\/v2\/types\/product"}],"wp:featuredmedia":[{"embeddable":true,"href":"https:\/\/chemitool.com\/pt-pt\/wp-json\/wp\/v2\/media\/36117"}],"wp:attachment":[{"href":"https:\/\/chemitool.com\/pt-pt\/wp-json\/wp\/v2\/media?parent=36139"}],"wp:term":[{"taxonomy":"product_cat","embeddable":true,"href":"https:\/\/chemitool.com\/pt-pt\/wp-json\/wp\/v2\/product_cat?post=36139"},{"taxonomy":"product_tag","embeddable":true,"href":"https:\/\/chemitool.com\/pt-pt\/wp-json\/wp\/v2\/product_tag?post=36139"}],"curies":[{"name":"wp","href":"https:\/\/api.w.org\/{rel}","templated":true}]}}