{"id":36082,"date":"2023-11-24T15:43:44","date_gmt":"2023-11-24T15:43:59","guid":{"rendered":"https:\/\/chemitool.com\/?post_type=product&#038;p=36082"},"modified":"2023-11-27T11:21:00","modified_gmt":"2023-11-27T11:21:00","slug":"removedor-de-selantes-chemiclean","status":"publish","type":"product","link":"https:\/\/chemitool.com\/pt-pt\/products\/chemicals\/sprays-pt\/limpeza\/removedor-de-selantes-chemiclean\/","title":{"rendered":"REMOVEDOR DE SELANTES CHEMICLEAN"},"content":{"rendered":"<p><strong>VANTAGENS<\/strong><\/p>\n<ul>\n<li>Evapora\u00e7\u00e3o lenta<\/li>\n<li>N\u00e3o agressivo para a maioria dos pl\u00e1sticos e lacagens<\/li>\n<li>Pulveriza\u00e7\u00e3o directa<\/li>\n<\/ul>\n<p><strong>APLICA\u00c7\u00d5ES<\/strong><\/p>\n<p>Indicado para remover silicone e pol\u00edmeros MS na maioria dos substratos, bem como<br \/>\nadesivos, fitas e res\u00edduos de cola.<\/p>\n","protected":false},"excerpt":{"rendered":"<p><b class=\"sap-label\">SAP:<\/b> <span class=\"codesap-label\">CHC030111<\/span><\/p>\n<p><em>Removedor de Selantes CHEMICLEAN <\/em>\u00e9 um spray r\u00e1pido e pronto a usar, \u00e0 base de solventes, para a remo\u00e7\u00e3o de silicone e pol\u00edmeros MS na maioria dos substratos, bem como adesivos, fitas e res\u00edduos de cola.<\/p>\n","protected":false},"featured_media":36079,"template":"","meta":[],"product_cat":[109,1217,1240],"product_tag":[144],"yoast_head":"<!-- This site is optimized with the Yoast SEO plugin v17.4 - https:\/\/yoast.com\/wordpress\/plugins\/seo\/ -->\n<title>REMOVEDOR DE SELANTES CHEMICLEAN &ndash; Chemitool<\/title>\n<meta name=\"description\" content=\"SAP: CHC030111  Removedor de Selantes CHEMICLEAN \u00e9 um spray r\u00e1pido e pronto a usar, \u00e0 base de solventes, para a remo\u00e7\u00e3o de silicone e pol\u00edmeros MS na maioria dos substratos, bem como adesivos, fitas e res\u00edduos de cola.\" \/>\n<meta name=\"robots\" content=\"index, follow, max-snippet:-1, max-image-preview:large, max-video-preview:-1\" \/>\n<link rel=\"canonical\" href=\"https:\/\/chemitool.com\/pt-pt\/products\/chemicals\/sprays-pt\/limpeza\/removedor-de-selantes-chemiclean\/\" \/>\n<meta property=\"og:locale\" content=\"pt_PT\" \/>\n<meta property=\"og:type\" content=\"article\" \/>\n<meta property=\"og:title\" content=\"REMOVEDOR DE SELANTES CHEMICLEAN &ndash; Chemitool\" \/>\n<meta property=\"og:description\" content=\"SAP: CHC030111  Removedor de Selantes CHEMICLEAN \u00e9 um spray r\u00e1pido e pronto a usar, \u00e0 base de solventes, para a remo\u00e7\u00e3o de silicone e pol\u00edmeros MS na maioria dos substratos, bem como adesivos, fitas e res\u00edduos de cola.\" \/>\n<meta property=\"og:url\" content=\"https:\/\/chemitool.com\/pt-pt\/products\/chemicals\/sprays-pt\/limpeza\/removedor-de-selantes-chemiclean\/\" \/>\n<meta property=\"og:site_name\" content=\"Chemitool\" \/>\n<meta property=\"article:publisher\" content=\"https:\/\/www.facebook.com\/chemitool\" \/>\n<meta property=\"article:modified_time\" content=\"2023-11-27T11:21:00+00:00\" \/>\n<meta property=\"og:image\" content=\"https:\/\/chemitool.com\/wp-content\/uploads\/2023\/11\/CHC030111.png\" \/>\n\t<meta property=\"og:image:width\" content=\"800\" \/>\n\t<meta property=\"og:image:height\" content=\"800\" \/>\n<meta name=\"twitter:card\" content=\"summary_large_image\" \/>\n<script type=\"application\/ld+json\" class=\"yoast-schema-graph\">{\"@context\":\"https:\/\/schema.org\",\"@graph\":[{\"@type\":\"Organization\",\"@id\":\"https:\/\/chemitool.com\/#organization\",\"name\":\"Chemitool\",\"url\":\"https:\/\/chemitool.com\/\",\"sameAs\":[\"https:\/\/www.facebook.com\/chemitool\",\"https:\/\/www.instagram.com\/chemitool\/\"],\"logo\":{\"@type\":\"ImageObject\",\"@id\":\"https:\/\/chemitool.com\/#logo\",\"inLanguage\":\"pt-PT\",\"url\":\"https:\/\/chemitool.com\/wp-content\/uploads\/2020\/10\/logo_chemitool.png\",\"contentUrl\":\"https:\/\/chemitool.com\/wp-content\/uploads\/2020\/10\/logo_chemitool.png\",\"width\":400,\"height\":400,\"caption\":\"Chemitool\"},\"image\":{\"@id\":\"https:\/\/chemitool.com\/#logo\"}},{\"@type\":\"WebSite\",\"@id\":\"https:\/\/chemitool.com\/#website\",\"url\":\"https:\/\/chemitool.com\/\",\"name\":\"Chemitool\",\"description\":\"Chemitool - hardware and tools\",\"publisher\":{\"@id\":\"https:\/\/chemitool.com\/#organization\"},\"potentialAction\":[{\"@type\":\"SearchAction\",\"target\":{\"@type\":\"EntryPoint\",\"urlTemplate\":\"https:\/\/chemitool.com\/?s={search_term_string}\"},\"query-input\":\"required name=search_term_string\"}],\"inLanguage\":\"pt-PT\"},{\"@type\":\"ImageObject\",\"@id\":\"https:\/\/chemitool.com\/pt-pt\/products\/chemicals\/sprays-pt\/limpeza\/removedor-de-selantes-chemiclean\/#primaryimage\",\"inLanguage\":\"pt-PT\",\"url\":\"https:\/\/chemitool.com\/wp-content\/uploads\/2023\/11\/CHC030111.png\",\"contentUrl\":\"https:\/\/chemitool.com\/wp-content\/uploads\/2023\/11\/CHC030111.png\",\"width\":800,\"height\":800},{\"@type\":\"WebPage\",\"@id\":\"https:\/\/chemitool.com\/pt-pt\/products\/chemicals\/sprays-pt\/limpeza\/removedor-de-selantes-chemiclean\/#webpage\",\"url\":\"https:\/\/chemitool.com\/pt-pt\/products\/chemicals\/sprays-pt\/limpeza\/removedor-de-selantes-chemiclean\/\",\"name\":\"REMOVEDOR DE SELANTES CHEMICLEAN &ndash; Chemitool\",\"isPartOf\":{\"@id\":\"https:\/\/chemitool.com\/#website\"},\"primaryImageOfPage\":{\"@id\":\"https:\/\/chemitool.com\/pt-pt\/products\/chemicals\/sprays-pt\/limpeza\/removedor-de-selantes-chemiclean\/#primaryimage\"},\"datePublished\":\"2023-11-24T15:43:59+00:00\",\"dateModified\":\"2023-11-27T11:21:00+00:00\",\"description\":\"SAP: CHC030111 Removedor de Selantes CHEMICLEAN \\u00e9 um spray r\\u00e1pido e pronto a usar, \\u00e0 base de solventes, para a remo\\u00e7\\u00e3o de silicone e pol\\u00edmeros MS na maioria dos substratos, bem como adesivos, fitas e res\\u00edduos de cola.\",\"breadcrumb\":{\"@id\":\"https:\/\/chemitool.com\/pt-pt\/products\/chemicals\/sprays-pt\/limpeza\/removedor-de-selantes-chemiclean\/#breadcrumb\"},\"inLanguage\":\"pt-PT\",\"potentialAction\":[{\"@type\":\"ReadAction\",\"target\":[\"https:\/\/chemitool.com\/pt-pt\/products\/chemicals\/sprays-pt\/limpeza\/removedor-de-selantes-chemiclean\/\"]}]},{\"@type\":\"BreadcrumbList\",\"@id\":\"https:\/\/chemitool.com\/pt-pt\/products\/chemicals\/sprays-pt\/limpeza\/removedor-de-selantes-chemiclean\/#breadcrumb\",\"itemListElement\":[{\"@type\":\"ListItem\",\"position\":1,\"name\":\"Home\",\"item\":\"https:\/\/chemitool.com\/pt-pt\/\"},{\"@type\":\"ListItem\",\"position\":2,\"name\":\"Produtos\",\"item\":\"https:\/\/chemitool.com\/pt-pt\/produtos\/\"},{\"@type\":\"ListItem\",\"position\":3,\"name\":\"Chemicals\",\"item\":\"https:\/\/chemitool.com\/product-category\/chemical-products\/\"},{\"@type\":\"ListItem\",\"position\":4,\"name\":\"REMOVEDOR DE SELANTES CHEMICLEAN\"}]}]}<\/script>\n<!-- \/ Yoast SEO plugin. -->","yoast_head_json":{"title":"REMOVEDOR DE SELANTES CHEMICLEAN &ndash; Chemitool","description":"SAP: CHC030111  Removedor de Selantes CHEMICLEAN \u00e9 um spray r\u00e1pido e pronto a usar, \u00e0 base de solventes, para a remo\u00e7\u00e3o de silicone e pol\u00edmeros MS na maioria dos substratos, bem como adesivos, fitas e res\u00edduos de cola.","robots":{"index":"index","follow":"follow","max-snippet":"max-snippet:-1","max-image-preview":"max-image-preview:large","max-video-preview":"max-video-preview:-1"},"canonical":"https:\/\/chemitool.com\/pt-pt\/products\/chemicals\/sprays-pt\/limpeza\/removedor-de-selantes-chemiclean\/","og_locale":"pt_PT","og_type":"article","og_title":"REMOVEDOR DE SELANTES CHEMICLEAN &ndash; Chemitool","og_description":"SAP: CHC030111  Removedor de Selantes CHEMICLEAN \u00e9 um spray r\u00e1pido e pronto a usar, \u00e0 base de solventes, para a remo\u00e7\u00e3o de silicone e pol\u00edmeros MS na maioria dos substratos, bem como adesivos, fitas e res\u00edduos de cola.","og_url":"https:\/\/chemitool.com\/pt-pt\/products\/chemicals\/sprays-pt\/limpeza\/removedor-de-selantes-chemiclean\/","og_site_name":"Chemitool","article_publisher":"https:\/\/www.facebook.com\/chemitool","article_modified_time":"2023-11-27T11:21:00+00:00","og_image":[{"width":800,"height":800,"url":"https:\/\/chemitool.com\/wp-content\/uploads\/2023\/11\/CHC030111.png","type":"image\/png"}],"twitter_card":"summary_large_image","schema":{"@context":"https:\/\/schema.org","@graph":[{"@type":"Organization","@id":"https:\/\/chemitool.com\/#organization","name":"Chemitool","url":"https:\/\/chemitool.com\/","sameAs":["https:\/\/www.facebook.com\/chemitool","https:\/\/www.instagram.com\/chemitool\/"],"logo":{"@type":"ImageObject","@id":"https:\/\/chemitool.com\/#logo","inLanguage":"pt-PT","url":"https:\/\/chemitool.com\/wp-content\/uploads\/2020\/10\/logo_chemitool.png","contentUrl":"https:\/\/chemitool.com\/wp-content\/uploads\/2020\/10\/logo_chemitool.png","width":400,"height":400,"caption":"Chemitool"},"image":{"@id":"https:\/\/chemitool.com\/#logo"}},{"@type":"WebSite","@id":"https:\/\/chemitool.com\/#website","url":"https:\/\/chemitool.com\/","name":"Chemitool","description":"Chemitool - hardware and tools","publisher":{"@id":"https:\/\/chemitool.com\/#organization"},"potentialAction":[{"@type":"SearchAction","target":{"@type":"EntryPoint","urlTemplate":"https:\/\/chemitool.com\/?s={search_term_string}"},"query-input":"required name=search_term_string"}],"inLanguage":"pt-PT"},{"@type":"ImageObject","@id":"https:\/\/chemitool.com\/pt-pt\/products\/chemicals\/sprays-pt\/limpeza\/removedor-de-selantes-chemiclean\/#primaryimage","inLanguage":"pt-PT","url":"https:\/\/chemitool.com\/wp-content\/uploads\/2023\/11\/CHC030111.png","contentUrl":"https:\/\/chemitool.com\/wp-content\/uploads\/2023\/11\/CHC030111.png","width":800,"height":800},{"@type":"WebPage","@id":"https:\/\/chemitool.com\/pt-pt\/products\/chemicals\/sprays-pt\/limpeza\/removedor-de-selantes-chemiclean\/#webpage","url":"https:\/\/chemitool.com\/pt-pt\/products\/chemicals\/sprays-pt\/limpeza\/removedor-de-selantes-chemiclean\/","name":"REMOVEDOR DE SELANTES CHEMICLEAN &ndash; Chemitool","isPartOf":{"@id":"https:\/\/chemitool.com\/#website"},"primaryImageOfPage":{"@id":"https:\/\/chemitool.com\/pt-pt\/products\/chemicals\/sprays-pt\/limpeza\/removedor-de-selantes-chemiclean\/#primaryimage"},"datePublished":"2023-11-24T15:43:59+00:00","dateModified":"2023-11-27T11:21:00+00:00","description":"SAP: CHC030111 Removedor de Selantes CHEMICLEAN \u00e9 um spray r\u00e1pido e pronto a usar, \u00e0 base de solventes, para a remo\u00e7\u00e3o de silicone e pol\u00edmeros MS na maioria dos substratos, bem como adesivos, fitas e res\u00edduos de cola.","breadcrumb":{"@id":"https:\/\/chemitool.com\/pt-pt\/products\/chemicals\/sprays-pt\/limpeza\/removedor-de-selantes-chemiclean\/#breadcrumb"},"inLanguage":"pt-PT","potentialAction":[{"@type":"ReadAction","target":["https:\/\/chemitool.com\/pt-pt\/products\/chemicals\/sprays-pt\/limpeza\/removedor-de-selantes-chemiclean\/"]}]},{"@type":"BreadcrumbList","@id":"https:\/\/chemitool.com\/pt-pt\/products\/chemicals\/sprays-pt\/limpeza\/removedor-de-selantes-chemiclean\/#breadcrumb","itemListElement":[{"@type":"ListItem","position":1,"name":"Home","item":"https:\/\/chemitool.com\/pt-pt\/"},{"@type":"ListItem","position":2,"name":"Produtos","item":"https:\/\/chemitool.com\/pt-pt\/produtos\/"},{"@type":"ListItem","position":3,"name":"Chemicals","item":"https:\/\/chemitool.com\/product-category\/chemical-products\/"},{"@type":"ListItem","position":4,"name":"REMOVEDOR DE SELANTES CHEMICLEAN"}]}]}},"_links":{"self":[{"href":"https:\/\/chemitool.com\/pt-pt\/wp-json\/wp\/v2\/product\/36082"}],"collection":[{"href":"https:\/\/chemitool.com\/pt-pt\/wp-json\/wp\/v2\/product"}],"about":[{"href":"https:\/\/chemitool.com\/pt-pt\/wp-json\/wp\/v2\/types\/product"}],"wp:featuredmedia":[{"embeddable":true,"href":"https:\/\/chemitool.com\/pt-pt\/wp-json\/wp\/v2\/media\/36079"}],"wp:attachment":[{"href":"https:\/\/chemitool.com\/pt-pt\/wp-json\/wp\/v2\/media?parent=36082"}],"wp:term":[{"taxonomy":"product_cat","embeddable":true,"href":"https:\/\/chemitool.com\/pt-pt\/wp-json\/wp\/v2\/product_cat?post=36082"},{"taxonomy":"product_tag","embeddable":true,"href":"https:\/\/chemitool.com\/pt-pt\/wp-json\/wp\/v2\/product_tag?post=36082"}],"curies":[{"name":"wp","href":"https:\/\/api.w.org\/{rel}","templated":true}]}}