{"id":36009,"date":"2023-11-20T16:16:49","date_gmt":"2023-11-20T16:16:51","guid":{"rendered":"https:\/\/chemitool.com\/?post_type=product&#038;p=36009"},"modified":"2024-10-21T13:38:11","modified_gmt":"2024-10-21T13:38:11","slug":"talocha-inox-cabo-madeira","status":"publish","type":"product","link":"https:\/\/chemitool.com\/pt-pt\/products\/tools\/ferramentas-construcao\/talochas\/talocha-inox-cabo-madeira\/","title":{"rendered":"TALOCHA INOX CABO MADEIRA"},"content":{"rendered":"<ul>\n<li>Durar\u00e1 por muito tempo sem desgaste<\/li>\n<li>L\u00e2mina feita de a\u00e7o inoxid\u00e1vel especial, resistente \u00e0 abras\u00e3o<\/li>\n<li>Acabamento perfeito<\/li>\n<li>L\u00e2mina com extraordin\u00e1ria flexibilidade e planicidade<\/li>\n<li>Cabo longo de madeira para um espalhamento confort\u00e1vel e alisamento de cimento ou gesso com ambas as m\u00e3os<\/li>\n<\/ul>\n<p>Uso recomendado:<br \/>\nRealiza\u00e7\u00e3o de trabalhos de acabamento, extens\u00e3o e alisamento de cimento, argamassa, gesso e outros materiais. Punho concebido para pessoas destras e canhotas.<\/p>\n","protected":false},"excerpt":{"rendered":"<p><em>Talocha Inox Cabo Madeira CHEMITOOL <\/em>\u00e9 uma talocha profissional extra-longa em com l\u00e2mina de a\u00e7o inoxid\u00e1vel flex\u00edvel de alta qualidade, m\u00e1xima durabilidade sem deteriora\u00e7\u00e3o. L\u00e2mina perfeitamente plana para garantir um acabamento perfeito e perfeitamente ajustada. Para funcionamento a duas m\u00e3os, esfor\u00e7o optimizado. Cabo ergon\u00f3mico em madeira, leve e agrad\u00e1vel ao toque. Para trabalhos de acabamento e reboco.<\/p>\n","protected":false},"featured_media":36011,"template":"","meta":[],"product_cat":[1455,3836,5058],"product_tag":[],"yoast_head":"<!-- This site is optimized with the Yoast SEO plugin v17.4 - https:\/\/yoast.com\/wordpress\/plugins\/seo\/ -->\n<title>TALOCHA INOX CABO MADEIRA &ndash; Chemitool<\/title>\n<meta name=\"description\" content=\"Talocha Inox Cabo Madeira CHEMITOOL \u00e9 uma talocha profissional extra-longa em com l\u00e2mina de a\u00e7o inoxid\u00e1vel flex\u00edvel de alta qualidade, m\u00e1xima durabilidade sem deteriora\u00e7\u00e3o. L\u00e2mina perfeitamente plana para garantir um acabamento perfeito e perfeitamente ajustada. Para funcionamento a duas m\u00e3os, esfor\u00e7o optimizado. Cabo ergon\u00f3mico em madeira, leve e agrad\u00e1vel ao toque. Para trabalhos de acabamento e reboco.\" \/>\n<meta name=\"robots\" content=\"index, follow, max-snippet:-1, max-image-preview:large, max-video-preview:-1\" \/>\n<link rel=\"canonical\" href=\"https:\/\/chemitool.com\/pt-pt\/products\/tools\/ferramentas-construcao\/talochas\/talocha-inox-cabo-madeira\/\" \/>\n<meta property=\"og:locale\" content=\"pt_PT\" \/>\n<meta property=\"og:type\" content=\"article\" \/>\n<meta property=\"og:title\" content=\"TALOCHA INOX CABO MADEIRA &ndash; Chemitool\" \/>\n<meta property=\"og:description\" content=\"Talocha Inox Cabo Madeira CHEMITOOL \u00e9 uma talocha profissional extra-longa em com l\u00e2mina de a\u00e7o inoxid\u00e1vel flex\u00edvel de alta qualidade, m\u00e1xima durabilidade sem deteriora\u00e7\u00e3o. L\u00e2mina perfeitamente plana para garantir um acabamento perfeito e perfeitamente ajustada. Para funcionamento a duas m\u00e3os, esfor\u00e7o optimizado. Cabo ergon\u00f3mico em madeira, leve e agrad\u00e1vel ao toque. Para trabalhos de acabamento e reboco.\" \/>\n<meta property=\"og:url\" content=\"https:\/\/chemitool.com\/pt-pt\/products\/tools\/ferramentas-construcao\/talochas\/talocha-inox-cabo-madeira\/\" \/>\n<meta property=\"og:site_name\" content=\"Chemitool\" \/>\n<meta property=\"article:publisher\" content=\"https:\/\/www.facebook.com\/chemitool\" \/>\n<meta property=\"article:modified_time\" content=\"2024-10-21T13:38:11+00:00\" \/>\n<meta property=\"og:image\" content=\"https:\/\/chemitool.com\/wp-content\/uploads\/2023\/11\/CHT200801048000.png\" \/>\n\t<meta property=\"og:image:width\" content=\"800\" \/>\n\t<meta property=\"og:image:height\" content=\"800\" \/>\n<meta name=\"twitter:card\" content=\"summary_large_image\" \/>\n<script type=\"application\/ld+json\" class=\"yoast-schema-graph\">{\"@context\":\"https:\/\/schema.org\",\"@graph\":[{\"@type\":\"Organization\",\"@id\":\"https:\/\/chemitool.com\/#organization\",\"name\":\"Chemitool\",\"url\":\"https:\/\/chemitool.com\/\",\"sameAs\":[\"https:\/\/www.facebook.com\/chemitool\",\"https:\/\/www.instagram.com\/chemitool\/\"],\"logo\":{\"@type\":\"ImageObject\",\"@id\":\"https:\/\/chemitool.com\/#logo\",\"inLanguage\":\"pt-PT\",\"url\":\"https:\/\/chemitool.com\/wp-content\/uploads\/2020\/10\/logo_chemitool.png\",\"contentUrl\":\"https:\/\/chemitool.com\/wp-content\/uploads\/2020\/10\/logo_chemitool.png\",\"width\":400,\"height\":400,\"caption\":\"Chemitool\"},\"image\":{\"@id\":\"https:\/\/chemitool.com\/#logo\"}},{\"@type\":\"WebSite\",\"@id\":\"https:\/\/chemitool.com\/#website\",\"url\":\"https:\/\/chemitool.com\/\",\"name\":\"Chemitool\",\"description\":\"Chemitool - hardware and tools\",\"publisher\":{\"@id\":\"https:\/\/chemitool.com\/#organization\"},\"potentialAction\":[{\"@type\":\"SearchAction\",\"target\":{\"@type\":\"EntryPoint\",\"urlTemplate\":\"https:\/\/chemitool.com\/?s={search_term_string}\"},\"query-input\":\"required name=search_term_string\"}],\"inLanguage\":\"pt-PT\"},{\"@type\":\"ImageObject\",\"@id\":\"https:\/\/chemitool.com\/pt-pt\/products\/tools\/ferramentas-construcao\/talochas\/talocha-inox-cabo-madeira\/#primaryimage\",\"inLanguage\":\"pt-PT\",\"url\":\"https:\/\/chemitool.com\/wp-content\/uploads\/2023\/11\/CHT200801048000.png\",\"contentUrl\":\"https:\/\/chemitool.com\/wp-content\/uploads\/2023\/11\/CHT200801048000.png\",\"width\":800,\"height\":800},{\"@type\":\"WebPage\",\"@id\":\"https:\/\/chemitool.com\/pt-pt\/products\/tools\/ferramentas-construcao\/talochas\/talocha-inox-cabo-madeira\/#webpage\",\"url\":\"https:\/\/chemitool.com\/pt-pt\/products\/tools\/ferramentas-construcao\/talochas\/talocha-inox-cabo-madeira\/\",\"name\":\"TALOCHA INOX CABO MADEIRA &ndash; Chemitool\",\"isPartOf\":{\"@id\":\"https:\/\/chemitool.com\/#website\"},\"primaryImageOfPage\":{\"@id\":\"https:\/\/chemitool.com\/pt-pt\/products\/tools\/ferramentas-construcao\/talochas\/talocha-inox-cabo-madeira\/#primaryimage\"},\"datePublished\":\"2023-11-20T16:16:51+00:00\",\"dateModified\":\"2024-10-21T13:38:11+00:00\",\"description\":\"Talocha Inox Cabo Madeira CHEMITOOL \\u00e9 uma talocha profissional extra-longa em com l\\u00e2mina de a\\u00e7o inoxid\\u00e1vel flex\\u00edvel de alta qualidade, m\\u00e1xima durabilidade sem deteriora\\u00e7\\u00e3o. L\\u00e2mina perfeitamente plana para garantir um acabamento perfeito e perfeitamente ajustada. Para funcionamento a duas m\\u00e3os, esfor\\u00e7o optimizado. Cabo ergon\\u00f3mico em madeira, leve e agrad\\u00e1vel ao toque. Para trabalhos de acabamento e reboco.\",\"breadcrumb\":{\"@id\":\"https:\/\/chemitool.com\/pt-pt\/products\/tools\/ferramentas-construcao\/talochas\/talocha-inox-cabo-madeira\/#breadcrumb\"},\"inLanguage\":\"pt-PT\",\"potentialAction\":[{\"@type\":\"ReadAction\",\"target\":[\"https:\/\/chemitool.com\/pt-pt\/products\/tools\/ferramentas-construcao\/talochas\/talocha-inox-cabo-madeira\/\"]}]},{\"@type\":\"BreadcrumbList\",\"@id\":\"https:\/\/chemitool.com\/pt-pt\/products\/tools\/ferramentas-construcao\/talochas\/talocha-inox-cabo-madeira\/#breadcrumb\",\"itemListElement\":[{\"@type\":\"ListItem\",\"position\":1,\"name\":\"Home\",\"item\":\"https:\/\/chemitool.com\/pt-pt\/\"},{\"@type\":\"ListItem\",\"position\":2,\"name\":\"Produtos\",\"item\":\"https:\/\/chemitool.com\/pt-pt\/produtos\/\"},{\"@type\":\"ListItem\",\"position\":3,\"name\":\"Tools\",\"item\":\"https:\/\/chemitool.com\/pt-pt\/categoria-produto\/tools\/\"},{\"@type\":\"ListItem\",\"position\":4,\"name\":\"Escadas e Escadotes\",\"item\":\"https:\/\/chemitool.com\/pt-pt\/categoria-produto\/tools\/escadas-e-escadotes\/\"},{\"@type\":\"ListItem\",\"position\":5,\"name\":\"TALOCHA INOX CABO MADEIRA\"}]}]}<\/script>\n<!-- \/ Yoast SEO plugin. -->","yoast_head_json":{"title":"TALOCHA INOX CABO MADEIRA &ndash; Chemitool","description":"Talocha Inox Cabo Madeira CHEMITOOL \u00e9 uma talocha profissional extra-longa em com l\u00e2mina de a\u00e7o inoxid\u00e1vel flex\u00edvel de alta qualidade, m\u00e1xima durabilidade sem deteriora\u00e7\u00e3o. L\u00e2mina perfeitamente plana para garantir um acabamento perfeito e perfeitamente ajustada. Para funcionamento a duas m\u00e3os, esfor\u00e7o optimizado. Cabo ergon\u00f3mico em madeira, leve e agrad\u00e1vel ao toque. Para trabalhos de acabamento e reboco.","robots":{"index":"index","follow":"follow","max-snippet":"max-snippet:-1","max-image-preview":"max-image-preview:large","max-video-preview":"max-video-preview:-1"},"canonical":"https:\/\/chemitool.com\/pt-pt\/products\/tools\/ferramentas-construcao\/talochas\/talocha-inox-cabo-madeira\/","og_locale":"pt_PT","og_type":"article","og_title":"TALOCHA INOX CABO MADEIRA &ndash; Chemitool","og_description":"Talocha Inox Cabo Madeira CHEMITOOL \u00e9 uma talocha profissional extra-longa em com l\u00e2mina de a\u00e7o inoxid\u00e1vel flex\u00edvel de alta qualidade, m\u00e1xima durabilidade sem deteriora\u00e7\u00e3o. L\u00e2mina perfeitamente plana para garantir um acabamento perfeito e perfeitamente ajustada. Para funcionamento a duas m\u00e3os, esfor\u00e7o optimizado. Cabo ergon\u00f3mico em madeira, leve e agrad\u00e1vel ao toque. Para trabalhos de acabamento e reboco.","og_url":"https:\/\/chemitool.com\/pt-pt\/products\/tools\/ferramentas-construcao\/talochas\/talocha-inox-cabo-madeira\/","og_site_name":"Chemitool","article_publisher":"https:\/\/www.facebook.com\/chemitool","article_modified_time":"2024-10-21T13:38:11+00:00","og_image":[{"width":800,"height":800,"url":"https:\/\/chemitool.com\/wp-content\/uploads\/2023\/11\/CHT200801048000.png","type":"image\/png"}],"twitter_card":"summary_large_image","schema":{"@context":"https:\/\/schema.org","@graph":[{"@type":"Organization","@id":"https:\/\/chemitool.com\/#organization","name":"Chemitool","url":"https:\/\/chemitool.com\/","sameAs":["https:\/\/www.facebook.com\/chemitool","https:\/\/www.instagram.com\/chemitool\/"],"logo":{"@type":"ImageObject","@id":"https:\/\/chemitool.com\/#logo","inLanguage":"pt-PT","url":"https:\/\/chemitool.com\/wp-content\/uploads\/2020\/10\/logo_chemitool.png","contentUrl":"https:\/\/chemitool.com\/wp-content\/uploads\/2020\/10\/logo_chemitool.png","width":400,"height":400,"caption":"Chemitool"},"image":{"@id":"https:\/\/chemitool.com\/#logo"}},{"@type":"WebSite","@id":"https:\/\/chemitool.com\/#website","url":"https:\/\/chemitool.com\/","name":"Chemitool","description":"Chemitool - hardware and tools","publisher":{"@id":"https:\/\/chemitool.com\/#organization"},"potentialAction":[{"@type":"SearchAction","target":{"@type":"EntryPoint","urlTemplate":"https:\/\/chemitool.com\/?s={search_term_string}"},"query-input":"required name=search_term_string"}],"inLanguage":"pt-PT"},{"@type":"ImageObject","@id":"https:\/\/chemitool.com\/pt-pt\/products\/tools\/ferramentas-construcao\/talochas\/talocha-inox-cabo-madeira\/#primaryimage","inLanguage":"pt-PT","url":"https:\/\/chemitool.com\/wp-content\/uploads\/2023\/11\/CHT200801048000.png","contentUrl":"https:\/\/chemitool.com\/wp-content\/uploads\/2023\/11\/CHT200801048000.png","width":800,"height":800},{"@type":"WebPage","@id":"https:\/\/chemitool.com\/pt-pt\/products\/tools\/ferramentas-construcao\/talochas\/talocha-inox-cabo-madeira\/#webpage","url":"https:\/\/chemitool.com\/pt-pt\/products\/tools\/ferramentas-construcao\/talochas\/talocha-inox-cabo-madeira\/","name":"TALOCHA INOX CABO MADEIRA &ndash; Chemitool","isPartOf":{"@id":"https:\/\/chemitool.com\/#website"},"primaryImageOfPage":{"@id":"https:\/\/chemitool.com\/pt-pt\/products\/tools\/ferramentas-construcao\/talochas\/talocha-inox-cabo-madeira\/#primaryimage"},"datePublished":"2023-11-20T16:16:51+00:00","dateModified":"2024-10-21T13:38:11+00:00","description":"Talocha Inox Cabo Madeira CHEMITOOL \u00e9 uma talocha profissional extra-longa em com l\u00e2mina de a\u00e7o inoxid\u00e1vel flex\u00edvel de alta qualidade, m\u00e1xima durabilidade sem deteriora\u00e7\u00e3o. L\u00e2mina perfeitamente plana para garantir um acabamento perfeito e perfeitamente ajustada. Para funcionamento a duas m\u00e3os, esfor\u00e7o optimizado. Cabo ergon\u00f3mico em madeira, leve e agrad\u00e1vel ao toque. Para trabalhos de acabamento e reboco.","breadcrumb":{"@id":"https:\/\/chemitool.com\/pt-pt\/products\/tools\/ferramentas-construcao\/talochas\/talocha-inox-cabo-madeira\/#breadcrumb"},"inLanguage":"pt-PT","potentialAction":[{"@type":"ReadAction","target":["https:\/\/chemitool.com\/pt-pt\/products\/tools\/ferramentas-construcao\/talochas\/talocha-inox-cabo-madeira\/"]}]},{"@type":"BreadcrumbList","@id":"https:\/\/chemitool.com\/pt-pt\/products\/tools\/ferramentas-construcao\/talochas\/talocha-inox-cabo-madeira\/#breadcrumb","itemListElement":[{"@type":"ListItem","position":1,"name":"Home","item":"https:\/\/chemitool.com\/pt-pt\/"},{"@type":"ListItem","position":2,"name":"Produtos","item":"https:\/\/chemitool.com\/pt-pt\/produtos\/"},{"@type":"ListItem","position":3,"name":"Tools","item":"https:\/\/chemitool.com\/pt-pt\/categoria-produto\/tools\/"},{"@type":"ListItem","position":4,"name":"Escadas e Escadotes","item":"https:\/\/chemitool.com\/pt-pt\/categoria-produto\/tools\/escadas-e-escadotes\/"},{"@type":"ListItem","position":5,"name":"TALOCHA INOX CABO MADEIRA"}]}]}},"_links":{"self":[{"href":"https:\/\/chemitool.com\/pt-pt\/wp-json\/wp\/v2\/product\/36009"}],"collection":[{"href":"https:\/\/chemitool.com\/pt-pt\/wp-json\/wp\/v2\/product"}],"about":[{"href":"https:\/\/chemitool.com\/pt-pt\/wp-json\/wp\/v2\/types\/product"}],"wp:featuredmedia":[{"embeddable":true,"href":"https:\/\/chemitool.com\/pt-pt\/wp-json\/wp\/v2\/media\/36011"}],"wp:attachment":[{"href":"https:\/\/chemitool.com\/pt-pt\/wp-json\/wp\/v2\/media?parent=36009"}],"wp:term":[{"taxonomy":"product_cat","embeddable":true,"href":"https:\/\/chemitool.com\/pt-pt\/wp-json\/wp\/v2\/product_cat?post=36009"},{"taxonomy":"product_tag","embeddable":true,"href":"https:\/\/chemitool.com\/pt-pt\/wp-json\/wp\/v2\/product_tag?post=36009"}],"curies":[{"name":"wp","href":"https:\/\/api.w.org\/{rel}","templated":true}]}}