{"id":35920,"date":"2023-11-17T16:26:43","date_gmt":"2023-11-17T16:27:02","guid":{"rendered":"https:\/\/chemitool.com\/?post_type=product&#038;p=35920"},"modified":"2023-11-17T17:56:09","modified_gmt":"2023-11-17T17:56:09","slug":"spray-zinco-98-chemisol-2","status":"publish","type":"product","link":"https:\/\/chemitool.com\/pt-pt\/products\/chemicals\/sprays-pt\/tratamento-de-superficie\/spray-zinco-98-chemisol-2\/","title":{"rendered":"SPRAY ZINCO 98% CHEMISOL"},"content":{"rendered":"<p><strong>VANTAGENS<\/strong><\/p>\n<ul>\n<li>Qualidade profissional<\/li>\n<li>Spray de zinco para galvaniza\u00e7\u00e3o a frio<\/li>\n<li>Alto teor de zinco 98%<\/li>\n<li>Excelente prote\u00e7\u00e3o prolongada contra corros\u00e3o de acordo com DIN 50021 + DIN 53210<\/li>\n<li>Forma uma capa uniforme e resistente que pode ser pintada ou deixada como prote\u00e7\u00e3o final<\/li>\n<li>\u00c9 ideal para retoques em acabamentos e repara\u00e7\u00f5es de pe\u00e7as galvanizadas, soldadas perfuradas ou cortadas<\/li>\n<li>Soldadura permitida<\/li>\n<li>Excelente ades\u00e3o e cobertura<\/li>\n<li>Resistente a temperaturas cerca de 200\u00b0C<\/li>\n<\/ul>\n<p><strong>APLICA\u00c7\u00d5ES<\/strong><\/p>\n<p>Recomendado para prote\u00e7\u00e3o anticorrosiva em todo o tipo de pe\u00e7as met\u00e1licas que estejam expostas a condi\u00e7\u00f5es climat\u00e9ricas, como estruturas met\u00e1licas ferrosas, condutas, beirados, recintos, ferramentas de trabalho.<br \/>\nPode ser utilizado como prim\u00e1rio ou no acabamento final. As aplica\u00e7\u00f5es t\u00edpicas incluem o retoque de pe\u00e7as de metal ferroso ap\u00f3s a soldagem e para fornecer prote\u00e7\u00e3o a longo prazo de montagens de metal.<\/p>\n","protected":false},"excerpt":{"rendered":"<p><b class=\"sap-label\">SAP:<\/b> <span class=\"codesap-label\">CHC070104<\/span><\/p>\n<p><em>Spray Zinco 98% CHEMISOL <\/em>\u00e9 um spray de galvaniza\u00e7\u00e3o a frio, com prote\u00e7\u00e3o duradoura anticorrosiva de alta qualidade, perfeito para revestir, cobrir e proteger pe\u00e7as met\u00e1licas da oxida\u00e7\u00e3o.<\/p>\n","protected":false},"featured_media":35943,"template":"","meta":[],"product_cat":[109,1217,1250],"product_tag":[148],"yoast_head":"<!-- This site is optimized with the Yoast SEO plugin v17.4 - https:\/\/yoast.com\/wordpress\/plugins\/seo\/ -->\n<title>SPRAY ZINCO 98% CHEMISOL &ndash; Chemitool<\/title>\n<meta name=\"description\" content=\"SAP: CHC070104  Spray Zinco 98% CHEMISOL \u00e9 um spray de galvaniza\u00e7\u00e3o a frio, com prote\u00e7\u00e3o duradoura anticorrosiva de alta qualidade, perfeito para revestir, cobrir e proteger pe\u00e7as met\u00e1licas da oxida\u00e7\u00e3o.\" \/>\n<meta name=\"robots\" content=\"index, follow, max-snippet:-1, max-image-preview:large, max-video-preview:-1\" \/>\n<link rel=\"canonical\" href=\"https:\/\/chemitool.com\/pt-pt\/products\/chemicals\/sprays-pt\/tratamento-de-superficie\/spray-zinco-98-chemisol-2\/\" \/>\n<meta property=\"og:locale\" content=\"pt_PT\" \/>\n<meta property=\"og:type\" content=\"article\" \/>\n<meta property=\"og:title\" content=\"SPRAY ZINCO 98% CHEMISOL &ndash; Chemitool\" \/>\n<meta property=\"og:description\" content=\"SAP: CHC070104  Spray Zinco 98% CHEMISOL \u00e9 um spray de galvaniza\u00e7\u00e3o a frio, com prote\u00e7\u00e3o duradoura anticorrosiva de alta qualidade, perfeito para revestir, cobrir e proteger pe\u00e7as met\u00e1licas da oxida\u00e7\u00e3o.\" \/>\n<meta property=\"og:url\" content=\"https:\/\/chemitool.com\/pt-pt\/products\/chemicals\/sprays-pt\/tratamento-de-superficie\/spray-zinco-98-chemisol-2\/\" \/>\n<meta property=\"og:site_name\" content=\"Chemitool\" \/>\n<meta property=\"article:publisher\" content=\"https:\/\/www.facebook.com\/chemitool\" \/>\n<meta property=\"article:modified_time\" content=\"2023-11-17T17:56:09+00:00\" \/>\n<meta property=\"og:image\" content=\"https:\/\/chemitool.com\/wp-content\/uploads\/2023\/11\/CHC070104_ZINC-98_DARK.png\" \/>\n\t<meta property=\"og:image:width\" content=\"800\" \/>\n\t<meta property=\"og:image:height\" content=\"800\" \/>\n<meta name=\"twitter:card\" content=\"summary_large_image\" \/>\n<meta name=\"twitter:label1\" content=\"Tempo estimado de leitura\" \/>\n\t<meta name=\"twitter:data1\" content=\"1 minuto\" \/>\n<script type=\"application\/ld+json\" class=\"yoast-schema-graph\">{\"@context\":\"https:\/\/schema.org\",\"@graph\":[{\"@type\":\"Organization\",\"@id\":\"https:\/\/chemitool.com\/#organization\",\"name\":\"Chemitool\",\"url\":\"https:\/\/chemitool.com\/\",\"sameAs\":[\"https:\/\/www.facebook.com\/chemitool\",\"https:\/\/www.instagram.com\/chemitool\/\"],\"logo\":{\"@type\":\"ImageObject\",\"@id\":\"https:\/\/chemitool.com\/#logo\",\"inLanguage\":\"pt-PT\",\"url\":\"https:\/\/chemitool.com\/wp-content\/uploads\/2020\/10\/logo_chemitool.png\",\"contentUrl\":\"https:\/\/chemitool.com\/wp-content\/uploads\/2020\/10\/logo_chemitool.png\",\"width\":400,\"height\":400,\"caption\":\"Chemitool\"},\"image\":{\"@id\":\"https:\/\/chemitool.com\/#logo\"}},{\"@type\":\"WebSite\",\"@id\":\"https:\/\/chemitool.com\/#website\",\"url\":\"https:\/\/chemitool.com\/\",\"name\":\"Chemitool\",\"description\":\"Chemitool - hardware and tools\",\"publisher\":{\"@id\":\"https:\/\/chemitool.com\/#organization\"},\"potentialAction\":[{\"@type\":\"SearchAction\",\"target\":{\"@type\":\"EntryPoint\",\"urlTemplate\":\"https:\/\/chemitool.com\/?s={search_term_string}\"},\"query-input\":\"required name=search_term_string\"}],\"inLanguage\":\"pt-PT\"},{\"@type\":\"ImageObject\",\"@id\":\"https:\/\/chemitool.com\/pt-pt\/products\/chemicals\/sprays-pt\/tratamento-de-superficie\/spray-zinco-98-chemisol-2\/#primaryimage\",\"inLanguage\":\"pt-PT\",\"url\":\"https:\/\/chemitool.com\/wp-content\/uploads\/2023\/11\/CHC070104_ZINC-98_DARK.png\",\"contentUrl\":\"https:\/\/chemitool.com\/wp-content\/uploads\/2023\/11\/CHC070104_ZINC-98_DARK.png\",\"width\":800,\"height\":800},{\"@type\":\"WebPage\",\"@id\":\"https:\/\/chemitool.com\/pt-pt\/products\/chemicals\/sprays-pt\/tratamento-de-superficie\/spray-zinco-98-chemisol-2\/#webpage\",\"url\":\"https:\/\/chemitool.com\/pt-pt\/products\/chemicals\/sprays-pt\/tratamento-de-superficie\/spray-zinco-98-chemisol-2\/\",\"name\":\"SPRAY ZINCO 98% CHEMISOL &ndash; Chemitool\",\"isPartOf\":{\"@id\":\"https:\/\/chemitool.com\/#website\"},\"primaryImageOfPage\":{\"@id\":\"https:\/\/chemitool.com\/pt-pt\/products\/chemicals\/sprays-pt\/tratamento-de-superficie\/spray-zinco-98-chemisol-2\/#primaryimage\"},\"datePublished\":\"2023-11-17T16:27:02+00:00\",\"dateModified\":\"2023-11-17T17:56:09+00:00\",\"description\":\"SAP: CHC070104 Spray Zinco 98% CHEMISOL \\u00e9 um spray de galvaniza\\u00e7\\u00e3o a frio, com prote\\u00e7\\u00e3o duradoura anticorrosiva de alta qualidade, perfeito para revestir, cobrir e proteger pe\\u00e7as met\\u00e1licas da oxida\\u00e7\\u00e3o.\",\"breadcrumb\":{\"@id\":\"https:\/\/chemitool.com\/pt-pt\/products\/chemicals\/sprays-pt\/tratamento-de-superficie\/spray-zinco-98-chemisol-2\/#breadcrumb\"},\"inLanguage\":\"pt-PT\",\"potentialAction\":[{\"@type\":\"ReadAction\",\"target\":[\"https:\/\/chemitool.com\/pt-pt\/products\/chemicals\/sprays-pt\/tratamento-de-superficie\/spray-zinco-98-chemisol-2\/\"]}]},{\"@type\":\"BreadcrumbList\",\"@id\":\"https:\/\/chemitool.com\/pt-pt\/products\/chemicals\/sprays-pt\/tratamento-de-superficie\/spray-zinco-98-chemisol-2\/#breadcrumb\",\"itemListElement\":[{\"@type\":\"ListItem\",\"position\":1,\"name\":\"Home\",\"item\":\"https:\/\/chemitool.com\/pt-pt\/\"},{\"@type\":\"ListItem\",\"position\":2,\"name\":\"Produtos\",\"item\":\"https:\/\/chemitool.com\/pt-pt\/produtos\/\"},{\"@type\":\"ListItem\",\"position\":3,\"name\":\"Chemicals\",\"item\":\"https:\/\/chemitool.com\/product-category\/chemical-products\/\"},{\"@type\":\"ListItem\",\"position\":4,\"name\":\"SPRAY ZINCO 98% CHEMISOL\"}]}]}<\/script>\n<!-- \/ Yoast SEO plugin. -->","yoast_head_json":{"title":"SPRAY ZINCO 98% CHEMISOL &ndash; Chemitool","description":"SAP: CHC070104  Spray Zinco 98% CHEMISOL \u00e9 um spray de galvaniza\u00e7\u00e3o a frio, com prote\u00e7\u00e3o duradoura anticorrosiva de alta qualidade, perfeito para revestir, cobrir e proteger pe\u00e7as met\u00e1licas da oxida\u00e7\u00e3o.","robots":{"index":"index","follow":"follow","max-snippet":"max-snippet:-1","max-image-preview":"max-image-preview:large","max-video-preview":"max-video-preview:-1"},"canonical":"https:\/\/chemitool.com\/pt-pt\/products\/chemicals\/sprays-pt\/tratamento-de-superficie\/spray-zinco-98-chemisol-2\/","og_locale":"pt_PT","og_type":"article","og_title":"SPRAY ZINCO 98% CHEMISOL &ndash; Chemitool","og_description":"SAP: CHC070104  Spray Zinco 98% CHEMISOL \u00e9 um spray de galvaniza\u00e7\u00e3o a frio, com prote\u00e7\u00e3o duradoura anticorrosiva de alta qualidade, perfeito para revestir, cobrir e proteger pe\u00e7as met\u00e1licas da oxida\u00e7\u00e3o.","og_url":"https:\/\/chemitool.com\/pt-pt\/products\/chemicals\/sprays-pt\/tratamento-de-superficie\/spray-zinco-98-chemisol-2\/","og_site_name":"Chemitool","article_publisher":"https:\/\/www.facebook.com\/chemitool","article_modified_time":"2023-11-17T17:56:09+00:00","og_image":[{"width":800,"height":800,"url":"https:\/\/chemitool.com\/wp-content\/uploads\/2023\/11\/CHC070104_ZINC-98_DARK.png","type":"image\/png"}],"twitter_card":"summary_large_image","twitter_misc":{"Tempo estimado de leitura":"1 minuto"},"schema":{"@context":"https:\/\/schema.org","@graph":[{"@type":"Organization","@id":"https:\/\/chemitool.com\/#organization","name":"Chemitool","url":"https:\/\/chemitool.com\/","sameAs":["https:\/\/www.facebook.com\/chemitool","https:\/\/www.instagram.com\/chemitool\/"],"logo":{"@type":"ImageObject","@id":"https:\/\/chemitool.com\/#logo","inLanguage":"pt-PT","url":"https:\/\/chemitool.com\/wp-content\/uploads\/2020\/10\/logo_chemitool.png","contentUrl":"https:\/\/chemitool.com\/wp-content\/uploads\/2020\/10\/logo_chemitool.png","width":400,"height":400,"caption":"Chemitool"},"image":{"@id":"https:\/\/chemitool.com\/#logo"}},{"@type":"WebSite","@id":"https:\/\/chemitool.com\/#website","url":"https:\/\/chemitool.com\/","name":"Chemitool","description":"Chemitool - hardware and tools","publisher":{"@id":"https:\/\/chemitool.com\/#organization"},"potentialAction":[{"@type":"SearchAction","target":{"@type":"EntryPoint","urlTemplate":"https:\/\/chemitool.com\/?s={search_term_string}"},"query-input":"required name=search_term_string"}],"inLanguage":"pt-PT"},{"@type":"ImageObject","@id":"https:\/\/chemitool.com\/pt-pt\/products\/chemicals\/sprays-pt\/tratamento-de-superficie\/spray-zinco-98-chemisol-2\/#primaryimage","inLanguage":"pt-PT","url":"https:\/\/chemitool.com\/wp-content\/uploads\/2023\/11\/CHC070104_ZINC-98_DARK.png","contentUrl":"https:\/\/chemitool.com\/wp-content\/uploads\/2023\/11\/CHC070104_ZINC-98_DARK.png","width":800,"height":800},{"@type":"WebPage","@id":"https:\/\/chemitool.com\/pt-pt\/products\/chemicals\/sprays-pt\/tratamento-de-superficie\/spray-zinco-98-chemisol-2\/#webpage","url":"https:\/\/chemitool.com\/pt-pt\/products\/chemicals\/sprays-pt\/tratamento-de-superficie\/spray-zinco-98-chemisol-2\/","name":"SPRAY ZINCO 98% CHEMISOL &ndash; Chemitool","isPartOf":{"@id":"https:\/\/chemitool.com\/#website"},"primaryImageOfPage":{"@id":"https:\/\/chemitool.com\/pt-pt\/products\/chemicals\/sprays-pt\/tratamento-de-superficie\/spray-zinco-98-chemisol-2\/#primaryimage"},"datePublished":"2023-11-17T16:27:02+00:00","dateModified":"2023-11-17T17:56:09+00:00","description":"SAP: CHC070104 Spray Zinco 98% CHEMISOL \u00e9 um spray de galvaniza\u00e7\u00e3o a frio, com prote\u00e7\u00e3o duradoura anticorrosiva de alta qualidade, perfeito para revestir, cobrir e proteger pe\u00e7as met\u00e1licas da oxida\u00e7\u00e3o.","breadcrumb":{"@id":"https:\/\/chemitool.com\/pt-pt\/products\/chemicals\/sprays-pt\/tratamento-de-superficie\/spray-zinco-98-chemisol-2\/#breadcrumb"},"inLanguage":"pt-PT","potentialAction":[{"@type":"ReadAction","target":["https:\/\/chemitool.com\/pt-pt\/products\/chemicals\/sprays-pt\/tratamento-de-superficie\/spray-zinco-98-chemisol-2\/"]}]},{"@type":"BreadcrumbList","@id":"https:\/\/chemitool.com\/pt-pt\/products\/chemicals\/sprays-pt\/tratamento-de-superficie\/spray-zinco-98-chemisol-2\/#breadcrumb","itemListElement":[{"@type":"ListItem","position":1,"name":"Home","item":"https:\/\/chemitool.com\/pt-pt\/"},{"@type":"ListItem","position":2,"name":"Produtos","item":"https:\/\/chemitool.com\/pt-pt\/produtos\/"},{"@type":"ListItem","position":3,"name":"Chemicals","item":"https:\/\/chemitool.com\/product-category\/chemical-products\/"},{"@type":"ListItem","position":4,"name":"SPRAY ZINCO 98% CHEMISOL"}]}]}},"_links":{"self":[{"href":"https:\/\/chemitool.com\/pt-pt\/wp-json\/wp\/v2\/product\/35920"}],"collection":[{"href":"https:\/\/chemitool.com\/pt-pt\/wp-json\/wp\/v2\/product"}],"about":[{"href":"https:\/\/chemitool.com\/pt-pt\/wp-json\/wp\/v2\/types\/product"}],"wp:featuredmedia":[{"embeddable":true,"href":"https:\/\/chemitool.com\/pt-pt\/wp-json\/wp\/v2\/media\/35943"}],"wp:attachment":[{"href":"https:\/\/chemitool.com\/pt-pt\/wp-json\/wp\/v2\/media?parent=35920"}],"wp:term":[{"taxonomy":"product_cat","embeddable":true,"href":"https:\/\/chemitool.com\/pt-pt\/wp-json\/wp\/v2\/product_cat?post=35920"},{"taxonomy":"product_tag","embeddable":true,"href":"https:\/\/chemitool.com\/pt-pt\/wp-json\/wp\/v2\/product_tag?post=35920"}],"curies":[{"name":"wp","href":"https:\/\/api.w.org\/{rel}","templated":true}]}}