{"id":35491,"date":"2023-11-08T16:39:49","date_gmt":"2023-11-08T16:39:51","guid":{"rendered":"https:\/\/chemitool.com\/?post_type=product&#038;p=35491"},"modified":"2023-11-08T17:11:13","modified_gmt":"2023-11-08T17:11:13","slug":"talocha-borracha-preta","status":"publish","type":"product","link":"https:\/\/chemitool.com\/pt-pt\/products\/tools\/ferramentas-construcao\/talochas\/talocha-borracha-preta\/","title":{"rendered":"TALOCHA BORRACHA PRETA"},"content":{"rendered":"<ul>\n<li>Ser\u00e1 capaz de trabalhar em qualquer superf\u00edcie, com mais flexibilidade. Gra\u00e7as \u00e0 sua pega, ter\u00e1 este flutuador de argamassa durante muito tempo<\/li>\n<li>Base flex\u00edvel de poliestireno e borracha natural, ultra-resistente \u00e0 abras\u00e3o<\/li>\n<li>Muito leve e ergon\u00f3mica, com uma pega de pl\u00e1stico preto<\/li>\n<\/ul>\n<p>Uso recomendado:<br \/>\nRemove e espalha os materiais utilizados na betuma\u00e7\u00e3o. Ideal para juntas mais largas.<\/p>\n","protected":false},"excerpt":{"rendered":"<p><b class=\"sap-label\">SAP:<\/b> <span class=\"codesap-label\">CHT200304280008 <\/span><br \/>\n<em>Talocha Borracha Preta CHEMITOOL <\/em>\u00e9 uma talocha profissional de betume, feito de borracha, adapt\u00e1vel a todos os tipos de superf\u00edcies, com base de poliestireno e rejunte perfeito, com elevada durabilidade sem deteriora\u00e7\u00e3o. Cabo ergon\u00f3mico e leve. Para trabalhos de juntas, ladrilhos e pavimentos.<\/p>\n","protected":false},"featured_media":35487,"template":"","meta":[],"product_cat":[1455,3836,5058],"product_tag":[],"yoast_head":"<!-- This site is optimized with the Yoast SEO plugin v17.4 - https:\/\/yoast.com\/wordpress\/plugins\/seo\/ -->\n<title>TALOCHA BORRACHA PRETA &ndash; Chemitool<\/title>\n<meta name=\"description\" content=\"SAP: CHT200304280008  Talocha Borracha Preta CHEMITOOL \u00e9 uma talocha profissional de betume, feito de borracha, adapt\u00e1vel a todos os tipos de superf\u00edcies, com base de poliestireno e rejunte perfeito, com elevada durabilidade sem deteriora\u00e7\u00e3o. Cabo ergon\u00f3mico e leve. Para trabalhos de juntas, ladrilhos e pavimentos.\" \/>\n<meta name=\"robots\" content=\"index, follow, max-snippet:-1, max-image-preview:large, max-video-preview:-1\" \/>\n<link rel=\"canonical\" href=\"https:\/\/chemitool.com\/pt-pt\/products\/tools\/ferramentas-construcao\/talochas\/talocha-borracha-preta\/\" \/>\n<meta property=\"og:locale\" content=\"pt_PT\" \/>\n<meta property=\"og:type\" content=\"article\" \/>\n<meta property=\"og:title\" content=\"TALOCHA BORRACHA PRETA &ndash; Chemitool\" \/>\n<meta property=\"og:description\" content=\"SAP: CHT200304280008  Talocha Borracha Preta CHEMITOOL \u00e9 uma talocha profissional de betume, feito de borracha, adapt\u00e1vel a todos os tipos de superf\u00edcies, com base de poliestireno e rejunte perfeito, com elevada durabilidade sem deteriora\u00e7\u00e3o. Cabo ergon\u00f3mico e leve. Para trabalhos de juntas, ladrilhos e pavimentos.\" \/>\n<meta property=\"og:url\" content=\"https:\/\/chemitool.com\/pt-pt\/products\/tools\/ferramentas-construcao\/talochas\/talocha-borracha-preta\/\" \/>\n<meta property=\"og:site_name\" content=\"Chemitool\" \/>\n<meta property=\"article:publisher\" content=\"https:\/\/www.facebook.com\/chemitool\" \/>\n<meta property=\"article:modified_time\" content=\"2023-11-08T17:11:13+00:00\" \/>\n<meta property=\"og:image\" content=\"https:\/\/chemitool.com\/wp-content\/uploads\/2023\/11\/CHT200304280008.png\" \/>\n\t<meta property=\"og:image:width\" content=\"800\" \/>\n\t<meta property=\"og:image:height\" content=\"800\" \/>\n<meta name=\"twitter:card\" content=\"summary_large_image\" \/>\n<script type=\"application\/ld+json\" class=\"yoast-schema-graph\">{\"@context\":\"https:\/\/schema.org\",\"@graph\":[{\"@type\":\"Organization\",\"@id\":\"https:\/\/chemitool.com\/#organization\",\"name\":\"Chemitool\",\"url\":\"https:\/\/chemitool.com\/\",\"sameAs\":[\"https:\/\/www.facebook.com\/chemitool\",\"https:\/\/www.instagram.com\/chemitool\/\"],\"logo\":{\"@type\":\"ImageObject\",\"@id\":\"https:\/\/chemitool.com\/#logo\",\"inLanguage\":\"pt-PT\",\"url\":\"https:\/\/chemitool.com\/wp-content\/uploads\/2020\/10\/logo_chemitool.png\",\"contentUrl\":\"https:\/\/chemitool.com\/wp-content\/uploads\/2020\/10\/logo_chemitool.png\",\"width\":400,\"height\":400,\"caption\":\"Chemitool\"},\"image\":{\"@id\":\"https:\/\/chemitool.com\/#logo\"}},{\"@type\":\"WebSite\",\"@id\":\"https:\/\/chemitool.com\/#website\",\"url\":\"https:\/\/chemitool.com\/\",\"name\":\"Chemitool\",\"description\":\"Chemitool - hardware and tools\",\"publisher\":{\"@id\":\"https:\/\/chemitool.com\/#organization\"},\"potentialAction\":[{\"@type\":\"SearchAction\",\"target\":{\"@type\":\"EntryPoint\",\"urlTemplate\":\"https:\/\/chemitool.com\/?s={search_term_string}\"},\"query-input\":\"required name=search_term_string\"}],\"inLanguage\":\"pt-PT\"},{\"@type\":\"ImageObject\",\"@id\":\"https:\/\/chemitool.com\/pt-pt\/products\/tools\/ferramentas-construcao\/talochas\/talocha-borracha-preta\/#primaryimage\",\"inLanguage\":\"pt-PT\",\"url\":\"https:\/\/chemitool.com\/wp-content\/uploads\/2023\/11\/CHT200304280008.png\",\"contentUrl\":\"https:\/\/chemitool.com\/wp-content\/uploads\/2023\/11\/CHT200304280008.png\",\"width\":800,\"height\":800},{\"@type\":\"WebPage\",\"@id\":\"https:\/\/chemitool.com\/pt-pt\/products\/tools\/ferramentas-construcao\/talochas\/talocha-borracha-preta\/#webpage\",\"url\":\"https:\/\/chemitool.com\/pt-pt\/products\/tools\/ferramentas-construcao\/talochas\/talocha-borracha-preta\/\",\"name\":\"TALOCHA BORRACHA PRETA &ndash; Chemitool\",\"isPartOf\":{\"@id\":\"https:\/\/chemitool.com\/#website\"},\"primaryImageOfPage\":{\"@id\":\"https:\/\/chemitool.com\/pt-pt\/products\/tools\/ferramentas-construcao\/talochas\/talocha-borracha-preta\/#primaryimage\"},\"datePublished\":\"2023-11-08T16:39:51+00:00\",\"dateModified\":\"2023-11-08T17:11:13+00:00\",\"description\":\"SAP: CHT200304280008 Talocha Borracha Preta CHEMITOOL \\u00e9 uma talocha profissional de betume, feito de borracha, adapt\\u00e1vel a todos os tipos de superf\\u00edcies, com base de poliestireno e rejunte perfeito, com elevada durabilidade sem deteriora\\u00e7\\u00e3o. Cabo ergon\\u00f3mico e leve. Para trabalhos de juntas, ladrilhos e pavimentos.\",\"breadcrumb\":{\"@id\":\"https:\/\/chemitool.com\/pt-pt\/products\/tools\/ferramentas-construcao\/talochas\/talocha-borracha-preta\/#breadcrumb\"},\"inLanguage\":\"pt-PT\",\"potentialAction\":[{\"@type\":\"ReadAction\",\"target\":[\"https:\/\/chemitool.com\/pt-pt\/products\/tools\/ferramentas-construcao\/talochas\/talocha-borracha-preta\/\"]}]},{\"@type\":\"BreadcrumbList\",\"@id\":\"https:\/\/chemitool.com\/pt-pt\/products\/tools\/ferramentas-construcao\/talochas\/talocha-borracha-preta\/#breadcrumb\",\"itemListElement\":[{\"@type\":\"ListItem\",\"position\":1,\"name\":\"Home\",\"item\":\"https:\/\/chemitool.com\/pt-pt\/\"},{\"@type\":\"ListItem\",\"position\":2,\"name\":\"Produtos\",\"item\":\"https:\/\/chemitool.com\/pt-pt\/produtos\/\"},{\"@type\":\"ListItem\",\"position\":3,\"name\":\"Tools\",\"item\":\"https:\/\/chemitool.com\/pt-pt\/categoria-produto\/tools\/\"},{\"@type\":\"ListItem\",\"position\":4,\"name\":\"Escadas e Escadotes\",\"item\":\"https:\/\/chemitool.com\/pt-pt\/categoria-produto\/tools\/escadas-e-escadotes\/\"},{\"@type\":\"ListItem\",\"position\":5,\"name\":\"TALOCHA BORRACHA PRETA\"}]}]}<\/script>\n<!-- \/ Yoast SEO plugin. -->","yoast_head_json":{"title":"TALOCHA BORRACHA PRETA &ndash; Chemitool","description":"SAP: CHT200304280008  Talocha Borracha Preta CHEMITOOL \u00e9 uma talocha profissional de betume, feito de borracha, adapt\u00e1vel a todos os tipos de superf\u00edcies, com base de poliestireno e rejunte perfeito, com elevada durabilidade sem deteriora\u00e7\u00e3o. Cabo ergon\u00f3mico e leve. Para trabalhos de juntas, ladrilhos e pavimentos.","robots":{"index":"index","follow":"follow","max-snippet":"max-snippet:-1","max-image-preview":"max-image-preview:large","max-video-preview":"max-video-preview:-1"},"canonical":"https:\/\/chemitool.com\/pt-pt\/products\/tools\/ferramentas-construcao\/talochas\/talocha-borracha-preta\/","og_locale":"pt_PT","og_type":"article","og_title":"TALOCHA BORRACHA PRETA &ndash; Chemitool","og_description":"SAP: CHT200304280008  Talocha Borracha Preta CHEMITOOL \u00e9 uma talocha profissional de betume, feito de borracha, adapt\u00e1vel a todos os tipos de superf\u00edcies, com base de poliestireno e rejunte perfeito, com elevada durabilidade sem deteriora\u00e7\u00e3o. Cabo ergon\u00f3mico e leve. Para trabalhos de juntas, ladrilhos e pavimentos.","og_url":"https:\/\/chemitool.com\/pt-pt\/products\/tools\/ferramentas-construcao\/talochas\/talocha-borracha-preta\/","og_site_name":"Chemitool","article_publisher":"https:\/\/www.facebook.com\/chemitool","article_modified_time":"2023-11-08T17:11:13+00:00","og_image":[{"width":800,"height":800,"url":"https:\/\/chemitool.com\/wp-content\/uploads\/2023\/11\/CHT200304280008.png","type":"image\/png"}],"twitter_card":"summary_large_image","schema":{"@context":"https:\/\/schema.org","@graph":[{"@type":"Organization","@id":"https:\/\/chemitool.com\/#organization","name":"Chemitool","url":"https:\/\/chemitool.com\/","sameAs":["https:\/\/www.facebook.com\/chemitool","https:\/\/www.instagram.com\/chemitool\/"],"logo":{"@type":"ImageObject","@id":"https:\/\/chemitool.com\/#logo","inLanguage":"pt-PT","url":"https:\/\/chemitool.com\/wp-content\/uploads\/2020\/10\/logo_chemitool.png","contentUrl":"https:\/\/chemitool.com\/wp-content\/uploads\/2020\/10\/logo_chemitool.png","width":400,"height":400,"caption":"Chemitool"},"image":{"@id":"https:\/\/chemitool.com\/#logo"}},{"@type":"WebSite","@id":"https:\/\/chemitool.com\/#website","url":"https:\/\/chemitool.com\/","name":"Chemitool","description":"Chemitool - hardware and tools","publisher":{"@id":"https:\/\/chemitool.com\/#organization"},"potentialAction":[{"@type":"SearchAction","target":{"@type":"EntryPoint","urlTemplate":"https:\/\/chemitool.com\/?s={search_term_string}"},"query-input":"required name=search_term_string"}],"inLanguage":"pt-PT"},{"@type":"ImageObject","@id":"https:\/\/chemitool.com\/pt-pt\/products\/tools\/ferramentas-construcao\/talochas\/talocha-borracha-preta\/#primaryimage","inLanguage":"pt-PT","url":"https:\/\/chemitool.com\/wp-content\/uploads\/2023\/11\/CHT200304280008.png","contentUrl":"https:\/\/chemitool.com\/wp-content\/uploads\/2023\/11\/CHT200304280008.png","width":800,"height":800},{"@type":"WebPage","@id":"https:\/\/chemitool.com\/pt-pt\/products\/tools\/ferramentas-construcao\/talochas\/talocha-borracha-preta\/#webpage","url":"https:\/\/chemitool.com\/pt-pt\/products\/tools\/ferramentas-construcao\/talochas\/talocha-borracha-preta\/","name":"TALOCHA BORRACHA PRETA &ndash; Chemitool","isPartOf":{"@id":"https:\/\/chemitool.com\/#website"},"primaryImageOfPage":{"@id":"https:\/\/chemitool.com\/pt-pt\/products\/tools\/ferramentas-construcao\/talochas\/talocha-borracha-preta\/#primaryimage"},"datePublished":"2023-11-08T16:39:51+00:00","dateModified":"2023-11-08T17:11:13+00:00","description":"SAP: CHT200304280008 Talocha Borracha Preta CHEMITOOL \u00e9 uma talocha profissional de betume, feito de borracha, adapt\u00e1vel a todos os tipos de superf\u00edcies, com base de poliestireno e rejunte perfeito, com elevada durabilidade sem deteriora\u00e7\u00e3o. Cabo ergon\u00f3mico e leve. Para trabalhos de juntas, ladrilhos e pavimentos.","breadcrumb":{"@id":"https:\/\/chemitool.com\/pt-pt\/products\/tools\/ferramentas-construcao\/talochas\/talocha-borracha-preta\/#breadcrumb"},"inLanguage":"pt-PT","potentialAction":[{"@type":"ReadAction","target":["https:\/\/chemitool.com\/pt-pt\/products\/tools\/ferramentas-construcao\/talochas\/talocha-borracha-preta\/"]}]},{"@type":"BreadcrumbList","@id":"https:\/\/chemitool.com\/pt-pt\/products\/tools\/ferramentas-construcao\/talochas\/talocha-borracha-preta\/#breadcrumb","itemListElement":[{"@type":"ListItem","position":1,"name":"Home","item":"https:\/\/chemitool.com\/pt-pt\/"},{"@type":"ListItem","position":2,"name":"Produtos","item":"https:\/\/chemitool.com\/pt-pt\/produtos\/"},{"@type":"ListItem","position":3,"name":"Tools","item":"https:\/\/chemitool.com\/pt-pt\/categoria-produto\/tools\/"},{"@type":"ListItem","position":4,"name":"Escadas e Escadotes","item":"https:\/\/chemitool.com\/pt-pt\/categoria-produto\/tools\/escadas-e-escadotes\/"},{"@type":"ListItem","position":5,"name":"TALOCHA BORRACHA PRETA"}]}]}},"_links":{"self":[{"href":"https:\/\/chemitool.com\/pt-pt\/wp-json\/wp\/v2\/product\/35491"}],"collection":[{"href":"https:\/\/chemitool.com\/pt-pt\/wp-json\/wp\/v2\/product"}],"about":[{"href":"https:\/\/chemitool.com\/pt-pt\/wp-json\/wp\/v2\/types\/product"}],"wp:featuredmedia":[{"embeddable":true,"href":"https:\/\/chemitool.com\/pt-pt\/wp-json\/wp\/v2\/media\/35487"}],"wp:attachment":[{"href":"https:\/\/chemitool.com\/pt-pt\/wp-json\/wp\/v2\/media?parent=35491"}],"wp:term":[{"taxonomy":"product_cat","embeddable":true,"href":"https:\/\/chemitool.com\/pt-pt\/wp-json\/wp\/v2\/product_cat?post=35491"},{"taxonomy":"product_tag","embeddable":true,"href":"https:\/\/chemitool.com\/pt-pt\/wp-json\/wp\/v2\/product_tag?post=35491"}],"curies":[{"name":"wp","href":"https:\/\/api.w.org\/{rel}","templated":true}]}}