{"id":35327,"date":"2023-11-06T17:17:16","date_gmt":"2023-11-06T17:17:25","guid":{"rendered":"https:\/\/chemitool.com\/?post_type=product&#038;p=35327"},"modified":"2023-11-06T17:59:37","modified_gmt":"2023-11-06T17:59:37","slug":"fresas-hss-para-aluminio-pvc","status":"publish","type":"product","link":"https:\/\/chemitool.com\/pt-pt\/products\/cutting\/ferramentas-de-fresagem-e-desbaste\/fresas-de-aluminio-pt-pt\/fresas-hss-para-aluminio-pvc\/","title":{"rendered":"FRESAS HSS PARA ALUM\u00cdNIO \/ PVC"},"content":{"rendered":"<p><strong>VANTAGENS<\/strong><\/p>\n<ul>\n<li>Excelente rela\u00e7\u00e3o qualidade\/valor<\/li>\n<li>A\u00e7o R\u00e1pido M35 5% Co e M42 8% Co<\/li>\n<li>Totalmente retificada<\/li>\n<li>Elevada capacidade de remo\u00e7\u00e3o de material<\/li>\n<li>Vers\u00e3o curta e longa<\/li>\n<li>Resistente \u00e0 quebra<\/li>\n<li>Longa vida \u00fatil da ferramenta<\/li>\n<\/ul>\n<p>A fresa para alum\u00ednio HSS CHEMITOOL \u00e9 produzida totalmente em a\u00e7o r\u00e1pido de qualidade M35 5% Cobalto e M42 8% Cobalto, estado preparadas para fura\u00e7\u00e3o e retifica\u00e7\u00f5es\/fresagens especialmente em perfis de alum\u00ednio e PVC, podendo ser utilizada em ligas de metal e pl\u00e1sticos com espessuras at\u00e9 4mm.<\/p>\n<p>Nota importante, a utiliza\u00e7\u00e3o deste tipo de fresa deve respeitar as velocidades recomendadas, que se enquadram entre as 5100rpm (di\u00e2metro de 10mm a 160m\/min) at\u00e9 as 17000rpm (di\u00e2metro de 3mm a 160m\/min).<\/p>\n<p>Embalado em blister com fura\u00e7\u00e3o para exposi\u00e7\u00e3o.<\/p>\n<p><img class=\"alignnone wp-image-23608\" src=\"https:\/\/chemitool.com\/wp-content\/uploads\/2022\/06\/Condutividade-300x300.png\" alt=\"\" width=\"60\" height=\"60\" srcset=\"https:\/\/chemitool.com\/wp-content\/uploads\/2022\/06\/Condutividade-300x300.png 300w, https:\/\/chemitool.com\/wp-content\/uploads\/2022\/06\/Condutividade-150x150.png 150w, https:\/\/chemitool.com\/wp-content\/uploads\/2022\/06\/Condutividade-100x100.png 100w, https:\/\/chemitool.com\/wp-content\/uploads\/2022\/06\/Condutividade.png 377w\" sizes=\"(max-width: 60px) 100vw, 60px\" \/><img class=\"alignnone wp-image-21338\" src=\"https:\/\/chemitool.com\/wp-content\/uploads\/2022\/04\/Artboard-3-1-300x300.png\" alt=\"\" width=\"67\" height=\"67\" srcset=\"https:\/\/chemitool.com\/wp-content\/uploads\/2022\/04\/Artboard-3-1-300x300.png 300w, https:\/\/chemitool.com\/wp-content\/uploads\/2022\/04\/Artboard-3-1-150x150.png 150w, https:\/\/chemitool.com\/wp-content\/uploads\/2022\/04\/Artboard-3-1-768x767.png 768w, https:\/\/chemitool.com\/wp-content\/uploads\/2022\/04\/Artboard-3-1-650x650.png 650w, https:\/\/chemitool.com\/wp-content\/uploads\/2022\/04\/Artboard-3-1-600x599.png 600w, https:\/\/chemitool.com\/wp-content\/uploads\/2022\/04\/Artboard-3-1-100x100.png 100w, https:\/\/chemitool.com\/wp-content\/uploads\/2022\/04\/Artboard-3-1.png 801w\" sizes=\"(max-width: 67px) 100vw, 67px\" \/><img class=\"alignnone wp-image-21344\" src=\"https:\/\/chemitool.com\/wp-content\/uploads\/2022\/04\/Artboard-5-1-300x300.png\" alt=\"\" width=\"68\" height=\"68\" srcset=\"https:\/\/chemitool.com\/wp-content\/uploads\/2022\/04\/Artboard-5-1-300x300.png 300w, https:\/\/chemitool.com\/wp-content\/uploads\/2022\/04\/Artboard-5-1-150x150.png 150w, https:\/\/chemitool.com\/wp-content\/uploads\/2022\/04\/Artboard-5-1-768x767.png 768w, https:\/\/chemitool.com\/wp-content\/uploads\/2022\/04\/Artboard-5-1-650x650.png 650w, https:\/\/chemitool.com\/wp-content\/uploads\/2022\/04\/Artboard-5-1-600x599.png 600w, https:\/\/chemitool.com\/wp-content\/uploads\/2022\/04\/Artboard-5-1-100x100.png 100w, https:\/\/chemitool.com\/wp-content\/uploads\/2022\/04\/Artboard-5-1.png 801w\" sizes=\"(max-width: 68px) 100vw, 68px\" \/><img class=\"alignnone wp-image-21341\" src=\"https:\/\/chemitool.com\/wp-content\/uploads\/2022\/04\/Artboard-4-1-300x300.png\" alt=\"\" width=\"64\" height=\"64\" srcset=\"https:\/\/chemitool.com\/wp-content\/uploads\/2022\/04\/Artboard-4-1-300x300.png 300w, https:\/\/chemitool.com\/wp-content\/uploads\/2022\/04\/Artboard-4-1-150x150.png 150w, https:\/\/chemitool.com\/wp-content\/uploads\/2022\/04\/Artboard-4-1-768x767.png 768w, https:\/\/chemitool.com\/wp-content\/uploads\/2022\/04\/Artboard-4-1-650x650.png 650w, https:\/\/chemitool.com\/wp-content\/uploads\/2022\/04\/Artboard-4-1-600x599.png 600w, https:\/\/chemitool.com\/wp-content\/uploads\/2022\/04\/Artboard-4-1-100x100.png 100w, https:\/\/chemitool.com\/wp-content\/uploads\/2022\/04\/Artboard-4-1.png 801w\" sizes=\"(max-width: 64px) 100vw, 64px\" \/><img class=\"alignnone wp-image-23605\" src=\"https:\/\/chemitool.com\/wp-content\/uploads\/2022\/06\/CorteMao-300x300.png\" alt=\"\" width=\"60\" height=\"60\" srcset=\"https:\/\/chemitool.com\/wp-content\/uploads\/2022\/06\/CorteMao-300x300.png 300w, https:\/\/chemitool.com\/wp-content\/uploads\/2022\/06\/CorteMao-150x150.png 150w, https:\/\/chemitool.com\/wp-content\/uploads\/2022\/06\/CorteMao-100x100.png 100w, https:\/\/chemitool.com\/wp-content\/uploads\/2022\/06\/CorteMao.png 378w\" sizes=\"(max-width: 60px) 100vw, 60px\" \/><\/p>\n","protected":false},"excerpt":{"rendered":"<p><em>As fresas para alum\u00ednio CHEMITOOL<\/em>\u00a0foram desenvolvidas sobre criteriosos processos de fabrico, no sentido de fornecer ao profissional uma excelente rela\u00e7\u00e3o de qualidade e performance na fura\u00e7\u00e3o e fresagem em perfis de alum\u00ednio e PVC.<\/p>\n","protected":false},"featured_media":35321,"template":"","meta":[],"product_cat":[1422,4607,5061],"product_tag":[],"yoast_head":"<!-- This site is optimized with the Yoast SEO plugin v17.4 - https:\/\/yoast.com\/wordpress\/plugins\/seo\/ -->\n<title>FRESAS HSS PARA ALUM\u00cdNIO \/ PVC &ndash; Chemitool<\/title>\n<meta name=\"description\" content=\"As fresas para alum\u00ednio CHEMITOOL\u00a0foram desenvolvidas sobre criteriosos processos de fabrico, no sentido de fornecer ao profissional uma excelente rela\u00e7\u00e3o de qualidade e performance na fura\u00e7\u00e3o e fresagem em perfis de alum\u00ednio e PVC.\" \/>\n<meta name=\"robots\" content=\"index, follow, max-snippet:-1, max-image-preview:large, max-video-preview:-1\" \/>\n<link rel=\"canonical\" href=\"https:\/\/chemitool.com\/pt-pt\/products\/cutting\/ferramentas-de-fresagem-e-desbaste\/fresas-de-aluminio\/fresas-hss-para-aluminio-pvc\/\" \/>\n<meta property=\"og:locale\" content=\"pt_PT\" \/>\n<meta property=\"og:type\" content=\"article\" \/>\n<meta property=\"og:title\" content=\"FRESAS HSS PARA ALUM\u00cdNIO \/ PVC &ndash; Chemitool\" \/>\n<meta property=\"og:description\" content=\"As fresas para alum\u00ednio CHEMITOOL\u00a0foram desenvolvidas sobre criteriosos processos de fabrico, no sentido de fornecer ao profissional uma excelente rela\u00e7\u00e3o de qualidade e performance na fura\u00e7\u00e3o e fresagem em perfis de alum\u00ednio e PVC.\" \/>\n<meta property=\"og:url\" content=\"https:\/\/chemitool.com\/pt-pt\/products\/cutting\/ferramentas-de-fresagem-e-desbaste\/fresas-de-aluminio\/fresas-hss-para-aluminio-pvc\/\" \/>\n<meta property=\"og:site_name\" content=\"Chemitool\" \/>\n<meta property=\"article:publisher\" content=\"https:\/\/www.facebook.com\/chemitool\" \/>\n<meta property=\"article:modified_time\" content=\"2023-11-06T17:59:37+00:00\" \/>\n<meta property=\"og:image\" content=\"https:\/\/chemitool.com\/wp-content\/uploads\/2023\/11\/CHA240.png\" \/>\n\t<meta property=\"og:image:width\" content=\"800\" \/>\n\t<meta property=\"og:image:height\" content=\"800\" \/>\n<meta name=\"twitter:card\" content=\"summary_large_image\" \/>\n<meta name=\"twitter:label1\" content=\"Tempo estimado de leitura\" \/>\n\t<meta name=\"twitter:data1\" content=\"1 minuto\" \/>\n<script type=\"application\/ld+json\" class=\"yoast-schema-graph\">{\"@context\":\"https:\/\/schema.org\",\"@graph\":[{\"@type\":\"Organization\",\"@id\":\"https:\/\/chemitool.com\/#organization\",\"name\":\"Chemitool\",\"url\":\"https:\/\/chemitool.com\/\",\"sameAs\":[\"https:\/\/www.facebook.com\/chemitool\",\"https:\/\/www.instagram.com\/chemitool\/\"],\"logo\":{\"@type\":\"ImageObject\",\"@id\":\"https:\/\/chemitool.com\/#logo\",\"inLanguage\":\"pt-PT\",\"url\":\"https:\/\/chemitool.com\/wp-content\/uploads\/2020\/10\/logo_chemitool.png\",\"contentUrl\":\"https:\/\/chemitool.com\/wp-content\/uploads\/2020\/10\/logo_chemitool.png\",\"width\":400,\"height\":400,\"caption\":\"Chemitool\"},\"image\":{\"@id\":\"https:\/\/chemitool.com\/#logo\"}},{\"@type\":\"WebSite\",\"@id\":\"https:\/\/chemitool.com\/#website\",\"url\":\"https:\/\/chemitool.com\/\",\"name\":\"Chemitool\",\"description\":\"Chemitool - hardware and tools\",\"publisher\":{\"@id\":\"https:\/\/chemitool.com\/#organization\"},\"potentialAction\":[{\"@type\":\"SearchAction\",\"target\":{\"@type\":\"EntryPoint\",\"urlTemplate\":\"https:\/\/chemitool.com\/?s={search_term_string}\"},\"query-input\":\"required name=search_term_string\"}],\"inLanguage\":\"pt-PT\"},{\"@type\":\"ImageObject\",\"@id\":\"https:\/\/chemitool.com\/pt-pt\/products\/cutting\/ferramentas-de-fresagem-e-desbaste\/fresas-de-aluminio\/fresas-hss-para-aluminio-pvc\/#primaryimage\",\"inLanguage\":\"pt-PT\",\"url\":\"https:\/\/chemitool.com\/wp-content\/uploads\/2023\/11\/CHA240.png\",\"contentUrl\":\"https:\/\/chemitool.com\/wp-content\/uploads\/2023\/11\/CHA240.png\",\"width\":800,\"height\":800},{\"@type\":\"WebPage\",\"@id\":\"https:\/\/chemitool.com\/pt-pt\/products\/cutting\/ferramentas-de-fresagem-e-desbaste\/fresas-de-aluminio\/fresas-hss-para-aluminio-pvc\/#webpage\",\"url\":\"https:\/\/chemitool.com\/pt-pt\/products\/cutting\/ferramentas-de-fresagem-e-desbaste\/fresas-de-aluminio\/fresas-hss-para-aluminio-pvc\/\",\"name\":\"FRESAS HSS PARA ALUM\\u00cdNIO \/ PVC &ndash; Chemitool\",\"isPartOf\":{\"@id\":\"https:\/\/chemitool.com\/#website\"},\"primaryImageOfPage\":{\"@id\":\"https:\/\/chemitool.com\/pt-pt\/products\/cutting\/ferramentas-de-fresagem-e-desbaste\/fresas-de-aluminio\/fresas-hss-para-aluminio-pvc\/#primaryimage\"},\"datePublished\":\"2023-11-06T17:17:25+00:00\",\"dateModified\":\"2023-11-06T17:59:37+00:00\",\"description\":\"As fresas para alum\\u00ednio CHEMITOOL\\u00a0foram desenvolvidas sobre criteriosos processos de fabrico, no sentido de fornecer ao profissional uma excelente rela\\u00e7\\u00e3o de qualidade e performance na fura\\u00e7\\u00e3o e fresagem em perfis de alum\\u00ednio e PVC.\",\"breadcrumb\":{\"@id\":\"https:\/\/chemitool.com\/pt-pt\/products\/cutting\/ferramentas-de-fresagem-e-desbaste\/fresas-de-aluminio\/fresas-hss-para-aluminio-pvc\/#breadcrumb\"},\"inLanguage\":\"pt-PT\",\"potentialAction\":[{\"@type\":\"ReadAction\",\"target\":[\"https:\/\/chemitool.com\/pt-pt\/products\/cutting\/ferramentas-de-fresagem-e-desbaste\/fresas-de-aluminio\/fresas-hss-para-aluminio-pvc\/\"]}]},{\"@type\":\"BreadcrumbList\",\"@id\":\"https:\/\/chemitool.com\/pt-pt\/products\/cutting\/ferramentas-de-fresagem-e-desbaste\/fresas-de-aluminio\/fresas-hss-para-aluminio-pvc\/#breadcrumb\",\"itemListElement\":[{\"@type\":\"ListItem\",\"position\":1,\"name\":\"Home\",\"item\":\"https:\/\/chemitool.com\/pt-pt\/\"},{\"@type\":\"ListItem\",\"position\":2,\"name\":\"Produtos\",\"item\":\"https:\/\/chemitool.com\/pt-pt\/produtos\/\"},{\"@type\":\"ListItem\",\"position\":3,\"name\":\"Cutting\",\"item\":\"https:\/\/chemitool.com\/pt-pt\/categoria-produto\/cutting\/\"},{\"@type\":\"ListItem\",\"position\":4,\"name\":\"FERRAMENTAS DE FRESAGEM E DESBASTE\",\"item\":\"https:\/\/chemitool.com\/pt-pt\/categoria-produto\/cutting\/ferramentas-de-fresagem-e-desbaste\/\"},{\"@type\":\"ListItem\",\"position\":5,\"name\":\"FRESAS HSS PARA ALUM\\u00cdNIO \/ PVC\"}]}]}<\/script>\n<!-- \/ Yoast SEO plugin. -->","yoast_head_json":{"title":"FRESAS HSS PARA ALUM\u00cdNIO \/ PVC &ndash; Chemitool","description":"As fresas para alum\u00ednio CHEMITOOL\u00a0foram desenvolvidas sobre criteriosos processos de fabrico, no sentido de fornecer ao profissional uma excelente rela\u00e7\u00e3o de qualidade e performance na fura\u00e7\u00e3o e fresagem em perfis de alum\u00ednio e PVC.","robots":{"index":"index","follow":"follow","max-snippet":"max-snippet:-1","max-image-preview":"max-image-preview:large","max-video-preview":"max-video-preview:-1"},"canonical":"https:\/\/chemitool.com\/pt-pt\/products\/cutting\/ferramentas-de-fresagem-e-desbaste\/fresas-de-aluminio\/fresas-hss-para-aluminio-pvc\/","og_locale":"pt_PT","og_type":"article","og_title":"FRESAS HSS PARA ALUM\u00cdNIO \/ PVC &ndash; Chemitool","og_description":"As fresas para alum\u00ednio CHEMITOOL\u00a0foram desenvolvidas sobre criteriosos processos de fabrico, no sentido de fornecer ao profissional uma excelente rela\u00e7\u00e3o de qualidade e performance na fura\u00e7\u00e3o e fresagem em perfis de alum\u00ednio e PVC.","og_url":"https:\/\/chemitool.com\/pt-pt\/products\/cutting\/ferramentas-de-fresagem-e-desbaste\/fresas-de-aluminio\/fresas-hss-para-aluminio-pvc\/","og_site_name":"Chemitool","article_publisher":"https:\/\/www.facebook.com\/chemitool","article_modified_time":"2023-11-06T17:59:37+00:00","og_image":[{"width":800,"height":800,"url":"https:\/\/chemitool.com\/wp-content\/uploads\/2023\/11\/CHA240.png","type":"image\/png"}],"twitter_card":"summary_large_image","twitter_misc":{"Tempo estimado de leitura":"1 minuto"},"schema":{"@context":"https:\/\/schema.org","@graph":[{"@type":"Organization","@id":"https:\/\/chemitool.com\/#organization","name":"Chemitool","url":"https:\/\/chemitool.com\/","sameAs":["https:\/\/www.facebook.com\/chemitool","https:\/\/www.instagram.com\/chemitool\/"],"logo":{"@type":"ImageObject","@id":"https:\/\/chemitool.com\/#logo","inLanguage":"pt-PT","url":"https:\/\/chemitool.com\/wp-content\/uploads\/2020\/10\/logo_chemitool.png","contentUrl":"https:\/\/chemitool.com\/wp-content\/uploads\/2020\/10\/logo_chemitool.png","width":400,"height":400,"caption":"Chemitool"},"image":{"@id":"https:\/\/chemitool.com\/#logo"}},{"@type":"WebSite","@id":"https:\/\/chemitool.com\/#website","url":"https:\/\/chemitool.com\/","name":"Chemitool","description":"Chemitool - hardware and tools","publisher":{"@id":"https:\/\/chemitool.com\/#organization"},"potentialAction":[{"@type":"SearchAction","target":{"@type":"EntryPoint","urlTemplate":"https:\/\/chemitool.com\/?s={search_term_string}"},"query-input":"required name=search_term_string"}],"inLanguage":"pt-PT"},{"@type":"ImageObject","@id":"https:\/\/chemitool.com\/pt-pt\/products\/cutting\/ferramentas-de-fresagem-e-desbaste\/fresas-de-aluminio\/fresas-hss-para-aluminio-pvc\/#primaryimage","inLanguage":"pt-PT","url":"https:\/\/chemitool.com\/wp-content\/uploads\/2023\/11\/CHA240.png","contentUrl":"https:\/\/chemitool.com\/wp-content\/uploads\/2023\/11\/CHA240.png","width":800,"height":800},{"@type":"WebPage","@id":"https:\/\/chemitool.com\/pt-pt\/products\/cutting\/ferramentas-de-fresagem-e-desbaste\/fresas-de-aluminio\/fresas-hss-para-aluminio-pvc\/#webpage","url":"https:\/\/chemitool.com\/pt-pt\/products\/cutting\/ferramentas-de-fresagem-e-desbaste\/fresas-de-aluminio\/fresas-hss-para-aluminio-pvc\/","name":"FRESAS HSS PARA ALUM\u00cdNIO \/ PVC &ndash; Chemitool","isPartOf":{"@id":"https:\/\/chemitool.com\/#website"},"primaryImageOfPage":{"@id":"https:\/\/chemitool.com\/pt-pt\/products\/cutting\/ferramentas-de-fresagem-e-desbaste\/fresas-de-aluminio\/fresas-hss-para-aluminio-pvc\/#primaryimage"},"datePublished":"2023-11-06T17:17:25+00:00","dateModified":"2023-11-06T17:59:37+00:00","description":"As fresas para alum\u00ednio CHEMITOOL\u00a0foram desenvolvidas sobre criteriosos processos de fabrico, no sentido de fornecer ao profissional uma excelente rela\u00e7\u00e3o de qualidade e performance na fura\u00e7\u00e3o e fresagem em perfis de alum\u00ednio e PVC.","breadcrumb":{"@id":"https:\/\/chemitool.com\/pt-pt\/products\/cutting\/ferramentas-de-fresagem-e-desbaste\/fresas-de-aluminio\/fresas-hss-para-aluminio-pvc\/#breadcrumb"},"inLanguage":"pt-PT","potentialAction":[{"@type":"ReadAction","target":["https:\/\/chemitool.com\/pt-pt\/products\/cutting\/ferramentas-de-fresagem-e-desbaste\/fresas-de-aluminio\/fresas-hss-para-aluminio-pvc\/"]}]},{"@type":"BreadcrumbList","@id":"https:\/\/chemitool.com\/pt-pt\/products\/cutting\/ferramentas-de-fresagem-e-desbaste\/fresas-de-aluminio\/fresas-hss-para-aluminio-pvc\/#breadcrumb","itemListElement":[{"@type":"ListItem","position":1,"name":"Home","item":"https:\/\/chemitool.com\/pt-pt\/"},{"@type":"ListItem","position":2,"name":"Produtos","item":"https:\/\/chemitool.com\/pt-pt\/produtos\/"},{"@type":"ListItem","position":3,"name":"Cutting","item":"https:\/\/chemitool.com\/pt-pt\/categoria-produto\/cutting\/"},{"@type":"ListItem","position":4,"name":"FERRAMENTAS DE FRESAGEM E DESBASTE","item":"https:\/\/chemitool.com\/pt-pt\/categoria-produto\/cutting\/ferramentas-de-fresagem-e-desbaste\/"},{"@type":"ListItem","position":5,"name":"FRESAS HSS PARA ALUM\u00cdNIO \/ PVC"}]}]}},"_links":{"self":[{"href":"https:\/\/chemitool.com\/pt-pt\/wp-json\/wp\/v2\/product\/35327"}],"collection":[{"href":"https:\/\/chemitool.com\/pt-pt\/wp-json\/wp\/v2\/product"}],"about":[{"href":"https:\/\/chemitool.com\/pt-pt\/wp-json\/wp\/v2\/types\/product"}],"wp:featuredmedia":[{"embeddable":true,"href":"https:\/\/chemitool.com\/pt-pt\/wp-json\/wp\/v2\/media\/35321"}],"wp:attachment":[{"href":"https:\/\/chemitool.com\/pt-pt\/wp-json\/wp\/v2\/media?parent=35327"}],"wp:term":[{"taxonomy":"product_cat","embeddable":true,"href":"https:\/\/chemitool.com\/pt-pt\/wp-json\/wp\/v2\/product_cat?post=35327"},{"taxonomy":"product_tag","embeddable":true,"href":"https:\/\/chemitool.com\/pt-pt\/wp-json\/wp\/v2\/product_tag?post=35327"}],"curies":[{"name":"wp","href":"https:\/\/api.w.org\/{rel}","templated":true}]}}