{"id":35134,"date":"2023-10-27T13:35:50","date_gmt":"2023-10-27T13:35:53","guid":{"rendered":"https:\/\/chemitool.com\/?post_type=product&#038;p=35134"},"modified":"2023-10-27T14:07:59","modified_gmt":"2023-10-27T14:07:59","slug":"desandadores-para-caconetes-din-225","status":"publish","type":"product","link":"https:\/\/chemitool.com\/pt-pt\/products\/cutting\/ferramentas-de-roscagem\/roscagem-manual\/desandadores-para-caconetes-din-225\/","title":{"rendered":"DESANDADORES PARA CA\u00c7ONETES \u2013 DIN225"},"content":{"rendered":"<p><strong>VANTAGENS<\/strong><\/p>\n<ul>\n<li>\u00d3tima rela\u00e7\u00e3o qualidade\/valor<\/li>\n<li>Vers\u00e3o ajust\u00e1vel<\/li>\n<li>Medidas compat\u00edveis de M4,5 at\u00e9 M36<\/li>\n<li>F\u00e1cil uso<\/li>\n<li>Resistente \u00e0 quebra<\/li>\n<\/ul>\n<p>O desandador ajust\u00e1vel DIN 225 CHEMITOOL \u00e9 indicado para processos de roscagem exterior de ca\u00e7onetes e em s\u00edtios de acessibilidade reduzida. Possui cinco zonas de aperto, fazendo a tens\u00e3o necess\u00e1ria para que o ca\u00e7onete n\u00e3o se desloque facilmente.<\/p>\n<p>Este desandador ajust\u00e1vel \u00e9 fabricado em zinco fundido, com os mordentes endurecidos e pegas em a\u00e7o polido com pontas antiderrapantes, sendo poss\u00edvel a remo\u00e7\u00e3o de uma pega para facilitar o acesso a zonas de dif\u00edcil acesso.<\/p>\n<p>Embalado em blister com fura\u00e7\u00e3o para exposi\u00e7\u00e3o.<\/p>\n","protected":false},"excerpt":{"rendered":"<p><em>Os desandadores ajust\u00e1veis para ca\u00e7onetes CHEMITOOL <\/em>foram desenvolvidos com o intuito de fornecer ao utilizador um produto de boa qualidade a quando sujeito a press\u00f5es de aperto.<\/p>\n","protected":false},"featured_media":35128,"template":"","meta":[],"product_cat":[1422,5045,5048],"product_tag":[],"yoast_head":"<!-- This site is optimized with the Yoast SEO plugin v17.4 - https:\/\/yoast.com\/wordpress\/plugins\/seo\/ -->\n<title>DESANDADORES PARA CA\u00c7ONETES \u2013 DIN225 &ndash; Chemitool<\/title>\n<meta name=\"description\" content=\"Os desandadores ajust\u00e1veis para ca\u00e7onetes CHEMITOOL foram desenvolvidos com o intuito de fornecer ao utilizador um produto de boa qualidade a quando sujeito a press\u00f5es de aperto.\" \/>\n<meta name=\"robots\" content=\"index, follow, max-snippet:-1, max-image-preview:large, max-video-preview:-1\" \/>\n<link rel=\"canonical\" href=\"https:\/\/chemitool.com\/pt-pt\/products\/cutting\/ferramentas-de-roscagem\/roscagem-manual\/desandadores-para-caconetes-din-225\/\" \/>\n<meta property=\"og:locale\" content=\"pt_PT\" \/>\n<meta property=\"og:type\" content=\"article\" \/>\n<meta property=\"og:title\" content=\"DESANDADORES PARA CA\u00c7ONETES \u2013 DIN225 &ndash; Chemitool\" \/>\n<meta property=\"og:description\" content=\"Os desandadores ajust\u00e1veis para ca\u00e7onetes CHEMITOOL foram desenvolvidos com o intuito de fornecer ao utilizador um produto de boa qualidade a quando sujeito a press\u00f5es de aperto.\" \/>\n<meta property=\"og:url\" content=\"https:\/\/chemitool.com\/pt-pt\/products\/cutting\/ferramentas-de-roscagem\/roscagem-manual\/desandadores-para-caconetes-din-225\/\" \/>\n<meta property=\"og:site_name\" content=\"Chemitool\" \/>\n<meta property=\"article:publisher\" content=\"https:\/\/www.facebook.com\/chemitool\" \/>\n<meta property=\"article:modified_time\" content=\"2023-10-27T14:07:59+00:00\" \/>\n<meta property=\"og:image\" content=\"https:\/\/chemitool.com\/wp-content\/uploads\/2023\/10\/CHA1800.png\" \/>\n\t<meta property=\"og:image:width\" content=\"800\" \/>\n\t<meta property=\"og:image:height\" content=\"800\" \/>\n<meta name=\"twitter:card\" content=\"summary_large_image\" \/>\n<meta name=\"twitter:label1\" content=\"Tempo estimado de leitura\" \/>\n\t<meta name=\"twitter:data1\" content=\"1 minuto\" \/>\n<script type=\"application\/ld+json\" class=\"yoast-schema-graph\">{\"@context\":\"https:\/\/schema.org\",\"@graph\":[{\"@type\":\"Organization\",\"@id\":\"https:\/\/chemitool.com\/#organization\",\"name\":\"Chemitool\",\"url\":\"https:\/\/chemitool.com\/\",\"sameAs\":[\"https:\/\/www.facebook.com\/chemitool\",\"https:\/\/www.instagram.com\/chemitool\/\"],\"logo\":{\"@type\":\"ImageObject\",\"@id\":\"https:\/\/chemitool.com\/#logo\",\"inLanguage\":\"pt-PT\",\"url\":\"https:\/\/chemitool.com\/wp-content\/uploads\/2020\/10\/logo_chemitool.png\",\"contentUrl\":\"https:\/\/chemitool.com\/wp-content\/uploads\/2020\/10\/logo_chemitool.png\",\"width\":400,\"height\":400,\"caption\":\"Chemitool\"},\"image\":{\"@id\":\"https:\/\/chemitool.com\/#logo\"}},{\"@type\":\"WebSite\",\"@id\":\"https:\/\/chemitool.com\/#website\",\"url\":\"https:\/\/chemitool.com\/\",\"name\":\"Chemitool\",\"description\":\"Chemitool - hardware and tools\",\"publisher\":{\"@id\":\"https:\/\/chemitool.com\/#organization\"},\"potentialAction\":[{\"@type\":\"SearchAction\",\"target\":{\"@type\":\"EntryPoint\",\"urlTemplate\":\"https:\/\/chemitool.com\/?s={search_term_string}\"},\"query-input\":\"required name=search_term_string\"}],\"inLanguage\":\"pt-PT\"},{\"@type\":\"ImageObject\",\"@id\":\"https:\/\/chemitool.com\/pt-pt\/products\/cutting\/ferramentas-de-roscagem\/roscagem-manual\/desandadores-para-caconetes-din-225\/#primaryimage\",\"inLanguage\":\"pt-PT\",\"url\":\"https:\/\/chemitool.com\/wp-content\/uploads\/2023\/10\/CHA1800.png\",\"contentUrl\":\"https:\/\/chemitool.com\/wp-content\/uploads\/2023\/10\/CHA1800.png\",\"width\":800,\"height\":800},{\"@type\":\"WebPage\",\"@id\":\"https:\/\/chemitool.com\/pt-pt\/products\/cutting\/ferramentas-de-roscagem\/roscagem-manual\/desandadores-para-caconetes-din-225\/#webpage\",\"url\":\"https:\/\/chemitool.com\/pt-pt\/products\/cutting\/ferramentas-de-roscagem\/roscagem-manual\/desandadores-para-caconetes-din-225\/\",\"name\":\"DESANDADORES PARA CA\\u00c7ONETES \\u2013 DIN225 &ndash; Chemitool\",\"isPartOf\":{\"@id\":\"https:\/\/chemitool.com\/#website\"},\"primaryImageOfPage\":{\"@id\":\"https:\/\/chemitool.com\/pt-pt\/products\/cutting\/ferramentas-de-roscagem\/roscagem-manual\/desandadores-para-caconetes-din-225\/#primaryimage\"},\"datePublished\":\"2023-10-27T13:35:53+00:00\",\"dateModified\":\"2023-10-27T14:07:59+00:00\",\"description\":\"Os desandadores ajust\\u00e1veis para ca\\u00e7onetes CHEMITOOL foram desenvolvidos com o intuito de fornecer ao utilizador um produto de boa qualidade a quando sujeito a press\\u00f5es de aperto.\",\"breadcrumb\":{\"@id\":\"https:\/\/chemitool.com\/pt-pt\/products\/cutting\/ferramentas-de-roscagem\/roscagem-manual\/desandadores-para-caconetes-din-225\/#breadcrumb\"},\"inLanguage\":\"pt-PT\",\"potentialAction\":[{\"@type\":\"ReadAction\",\"target\":[\"https:\/\/chemitool.com\/pt-pt\/products\/cutting\/ferramentas-de-roscagem\/roscagem-manual\/desandadores-para-caconetes-din-225\/\"]}]},{\"@type\":\"BreadcrumbList\",\"@id\":\"https:\/\/chemitool.com\/pt-pt\/products\/cutting\/ferramentas-de-roscagem\/roscagem-manual\/desandadores-para-caconetes-din-225\/#breadcrumb\",\"itemListElement\":[{\"@type\":\"ListItem\",\"position\":1,\"name\":\"Home\",\"item\":\"https:\/\/chemitool.com\/pt-pt\/\"},{\"@type\":\"ListItem\",\"position\":2,\"name\":\"Produtos\",\"item\":\"https:\/\/chemitool.com\/pt-pt\/produtos\/\"},{\"@type\":\"ListItem\",\"position\":3,\"name\":\"Cutting\",\"item\":\"https:\/\/chemitool.com\/pt-pt\/categoria-produto\/cutting\/\"},{\"@type\":\"ListItem\",\"position\":4,\"name\":\"FERRAMENTAS DE ROSCAGEM\",\"item\":\"https:\/\/chemitool.com\/pt-pt\/categoria-produto\/cutting\/ferramentas-de-roscagem\/\"},{\"@type\":\"ListItem\",\"position\":5,\"name\":\"ROSCAGEM MANUAL\",\"item\":\"https:\/\/chemitool.com\/pt-pt\/categoria-produto\/cutting\/ferramentas-de-roscagem\/roscagem-manual\/\"},{\"@type\":\"ListItem\",\"position\":6,\"name\":\"DESANDADORES PARA CA\\u00c7ONETES \\u2013 DIN225\"}]}]}<\/script>\n<!-- \/ Yoast SEO plugin. -->","yoast_head_json":{"title":"DESANDADORES PARA CA\u00c7ONETES \u2013 DIN225 &ndash; Chemitool","description":"Os desandadores ajust\u00e1veis para ca\u00e7onetes CHEMITOOL foram desenvolvidos com o intuito de fornecer ao utilizador um produto de boa qualidade a quando sujeito a press\u00f5es de aperto.","robots":{"index":"index","follow":"follow","max-snippet":"max-snippet:-1","max-image-preview":"max-image-preview:large","max-video-preview":"max-video-preview:-1"},"canonical":"https:\/\/chemitool.com\/pt-pt\/products\/cutting\/ferramentas-de-roscagem\/roscagem-manual\/desandadores-para-caconetes-din-225\/","og_locale":"pt_PT","og_type":"article","og_title":"DESANDADORES PARA CA\u00c7ONETES \u2013 DIN225 &ndash; Chemitool","og_description":"Os desandadores ajust\u00e1veis para ca\u00e7onetes CHEMITOOL foram desenvolvidos com o intuito de fornecer ao utilizador um produto de boa qualidade a quando sujeito a press\u00f5es de aperto.","og_url":"https:\/\/chemitool.com\/pt-pt\/products\/cutting\/ferramentas-de-roscagem\/roscagem-manual\/desandadores-para-caconetes-din-225\/","og_site_name":"Chemitool","article_publisher":"https:\/\/www.facebook.com\/chemitool","article_modified_time":"2023-10-27T14:07:59+00:00","og_image":[{"width":800,"height":800,"url":"https:\/\/chemitool.com\/wp-content\/uploads\/2023\/10\/CHA1800.png","type":"image\/png"}],"twitter_card":"summary_large_image","twitter_misc":{"Tempo estimado de leitura":"1 minuto"},"schema":{"@context":"https:\/\/schema.org","@graph":[{"@type":"Organization","@id":"https:\/\/chemitool.com\/#organization","name":"Chemitool","url":"https:\/\/chemitool.com\/","sameAs":["https:\/\/www.facebook.com\/chemitool","https:\/\/www.instagram.com\/chemitool\/"],"logo":{"@type":"ImageObject","@id":"https:\/\/chemitool.com\/#logo","inLanguage":"pt-PT","url":"https:\/\/chemitool.com\/wp-content\/uploads\/2020\/10\/logo_chemitool.png","contentUrl":"https:\/\/chemitool.com\/wp-content\/uploads\/2020\/10\/logo_chemitool.png","width":400,"height":400,"caption":"Chemitool"},"image":{"@id":"https:\/\/chemitool.com\/#logo"}},{"@type":"WebSite","@id":"https:\/\/chemitool.com\/#website","url":"https:\/\/chemitool.com\/","name":"Chemitool","description":"Chemitool - hardware and tools","publisher":{"@id":"https:\/\/chemitool.com\/#organization"},"potentialAction":[{"@type":"SearchAction","target":{"@type":"EntryPoint","urlTemplate":"https:\/\/chemitool.com\/?s={search_term_string}"},"query-input":"required name=search_term_string"}],"inLanguage":"pt-PT"},{"@type":"ImageObject","@id":"https:\/\/chemitool.com\/pt-pt\/products\/cutting\/ferramentas-de-roscagem\/roscagem-manual\/desandadores-para-caconetes-din-225\/#primaryimage","inLanguage":"pt-PT","url":"https:\/\/chemitool.com\/wp-content\/uploads\/2023\/10\/CHA1800.png","contentUrl":"https:\/\/chemitool.com\/wp-content\/uploads\/2023\/10\/CHA1800.png","width":800,"height":800},{"@type":"WebPage","@id":"https:\/\/chemitool.com\/pt-pt\/products\/cutting\/ferramentas-de-roscagem\/roscagem-manual\/desandadores-para-caconetes-din-225\/#webpage","url":"https:\/\/chemitool.com\/pt-pt\/products\/cutting\/ferramentas-de-roscagem\/roscagem-manual\/desandadores-para-caconetes-din-225\/","name":"DESANDADORES PARA CA\u00c7ONETES \u2013 DIN225 &ndash; Chemitool","isPartOf":{"@id":"https:\/\/chemitool.com\/#website"},"primaryImageOfPage":{"@id":"https:\/\/chemitool.com\/pt-pt\/products\/cutting\/ferramentas-de-roscagem\/roscagem-manual\/desandadores-para-caconetes-din-225\/#primaryimage"},"datePublished":"2023-10-27T13:35:53+00:00","dateModified":"2023-10-27T14:07:59+00:00","description":"Os desandadores ajust\u00e1veis para ca\u00e7onetes CHEMITOOL foram desenvolvidos com o intuito de fornecer ao utilizador um produto de boa qualidade a quando sujeito a press\u00f5es de aperto.","breadcrumb":{"@id":"https:\/\/chemitool.com\/pt-pt\/products\/cutting\/ferramentas-de-roscagem\/roscagem-manual\/desandadores-para-caconetes-din-225\/#breadcrumb"},"inLanguage":"pt-PT","potentialAction":[{"@type":"ReadAction","target":["https:\/\/chemitool.com\/pt-pt\/products\/cutting\/ferramentas-de-roscagem\/roscagem-manual\/desandadores-para-caconetes-din-225\/"]}]},{"@type":"BreadcrumbList","@id":"https:\/\/chemitool.com\/pt-pt\/products\/cutting\/ferramentas-de-roscagem\/roscagem-manual\/desandadores-para-caconetes-din-225\/#breadcrumb","itemListElement":[{"@type":"ListItem","position":1,"name":"Home","item":"https:\/\/chemitool.com\/pt-pt\/"},{"@type":"ListItem","position":2,"name":"Produtos","item":"https:\/\/chemitool.com\/pt-pt\/produtos\/"},{"@type":"ListItem","position":3,"name":"Cutting","item":"https:\/\/chemitool.com\/pt-pt\/categoria-produto\/cutting\/"},{"@type":"ListItem","position":4,"name":"FERRAMENTAS DE ROSCAGEM","item":"https:\/\/chemitool.com\/pt-pt\/categoria-produto\/cutting\/ferramentas-de-roscagem\/"},{"@type":"ListItem","position":5,"name":"ROSCAGEM MANUAL","item":"https:\/\/chemitool.com\/pt-pt\/categoria-produto\/cutting\/ferramentas-de-roscagem\/roscagem-manual\/"},{"@type":"ListItem","position":6,"name":"DESANDADORES PARA CA\u00c7ONETES \u2013 DIN225"}]}]}},"_links":{"self":[{"href":"https:\/\/chemitool.com\/pt-pt\/wp-json\/wp\/v2\/product\/35134"}],"collection":[{"href":"https:\/\/chemitool.com\/pt-pt\/wp-json\/wp\/v2\/product"}],"about":[{"href":"https:\/\/chemitool.com\/pt-pt\/wp-json\/wp\/v2\/types\/product"}],"wp:featuredmedia":[{"embeddable":true,"href":"https:\/\/chemitool.com\/pt-pt\/wp-json\/wp\/v2\/media\/35128"}],"wp:attachment":[{"href":"https:\/\/chemitool.com\/pt-pt\/wp-json\/wp\/v2\/media?parent=35134"}],"wp:term":[{"taxonomy":"product_cat","embeddable":true,"href":"https:\/\/chemitool.com\/pt-pt\/wp-json\/wp\/v2\/product_cat?post=35134"},{"taxonomy":"product_tag","embeddable":true,"href":"https:\/\/chemitool.com\/pt-pt\/wp-json\/wp\/v2\/product_tag?post=35134"}],"curies":[{"name":"wp","href":"https:\/\/api.w.org\/{rel}","templated":true}]}}