{"id":35072,"date":"2023-10-26T14:49:43","date_gmt":"2023-10-26T14:49:46","guid":{"rendered":"https:\/\/chemitool.com\/?post_type=product&#038;p=35072"},"modified":"2024-01-18T18:00:26","modified_gmt":"2024-01-18T18:00:26","slug":"caconetes-metricos-rosca-metrica-din223-din22568b","status":"publish","type":"product","link":"https:\/\/chemitool.com\/pt-pt\/products\/cutting\/ferramentas-de-roscagem\/roscagem-manual\/caconetes-metricos-rosca-metrica-din223-din22568b\/","title":{"rendered":"CA\u00c7ONETES M\u00c9TRICOS ROSCA M\u00c9TRICA \u2013 DIN223 \/ DIN22568B"},"content":{"rendered":"<p><strong>VANTAGENS<\/strong><\/p>\n<ul>\n<li>\u00d3tima rela\u00e7\u00e3o qualidade\/valor<\/li>\n<li>F\u00e1cil uso<\/li>\n<li>Rosca m\u00e9trica<\/li>\n<li>Totalmente retificado<\/li>\n<li>Resistente \u00e0 quebra<\/li>\n<\/ul>\n<p>O ca\u00e7onete m\u00e9trico CHEMITOOL em conformidade com a norma DIN223, DIN EN 22568, \u00e9 usado de forma manual para cria\u00e7\u00e3o de rosca m\u00e9trica exterior. Normalmente t\u00eam tr\u00eas ou mais arestas de corte, sendo usado em desandadores manuais ou at\u00e9 mesmo em tornos.<\/p>\n<p>A geometria interna (furos) do ca\u00e7onete, serve para a r\u00e1pida e constante sa\u00edda das limalhas a quando do processo de roscagem.<\/p>\n<p>Na CHEMITOOL temos a vers\u00e3o\/forma B do ca\u00e7onete, que se define por ser totalmente s\u00f3lido com ranhura lateral, sendo esta a mais comum em termos de utiliza\u00e7\u00e3o.<\/p>\n<p>Estes tipos de ca\u00e7onetes m\u00e9tricos foram fabricados para a produ\u00e7\u00e3o manual de roscas ISO m\u00e9tricas exteriores em conformidade com a norma DIN13, metais n\u00e3o ferrosos com uma dureza de 800 N\/mm2.<\/p>\n<p>Os passos de rosca dos ca\u00e7onetes est\u00e3o de acordo com a classe de toler\u00e2ncia ISO 6g.<\/p>\n<p>Embalado em blister com fura\u00e7\u00e3o para exposi\u00e7\u00e3o.<\/p>\n<p>Dispon\u00edvel em conjunto de 8 pe\u00e7as em caixa met\u00e1lica.<\/p>\n<p><img class=\"alignnone wp-image-23608\" src=\"https:\/\/chemitool.com\/wp-content\/uploads\/2022\/06\/Condutividade-300x300.png\" alt=\"\" width=\"60\" height=\"60\" srcset=\"https:\/\/chemitool.com\/wp-content\/uploads\/2022\/06\/Condutividade-300x300.png 300w, https:\/\/chemitool.com\/wp-content\/uploads\/2022\/06\/Condutividade-150x150.png 150w, https:\/\/chemitool.com\/wp-content\/uploads\/2022\/06\/Condutividade-100x100.png 100w, https:\/\/chemitool.com\/wp-content\/uploads\/2022\/06\/Condutividade.png 377w\" sizes=\"(max-width: 60px) 100vw, 60px\" \/><img class=\"alignnone wp-image-23605\" src=\"https:\/\/chemitool.com\/wp-content\/uploads\/2022\/06\/CorteMao-300x300.png\" alt=\"\" width=\"60\" height=\"60\" srcset=\"https:\/\/chemitool.com\/wp-content\/uploads\/2022\/06\/CorteMao-300x300.png 300w, https:\/\/chemitool.com\/wp-content\/uploads\/2022\/06\/CorteMao-150x150.png 150w, https:\/\/chemitool.com\/wp-content\/uploads\/2022\/06\/CorteMao-100x100.png 100w, https:\/\/chemitool.com\/wp-content\/uploads\/2022\/06\/CorteMao.png 378w\" sizes=\"(max-width: 60px) 100vw, 60px\" \/><img class=\"alignnone wp-image-21338\" src=\"https:\/\/chemitool.com\/wp-content\/uploads\/2022\/04\/Artboard-3-1-300x300.png\" alt=\"\" width=\"67\" height=\"67\" srcset=\"https:\/\/chemitool.com\/wp-content\/uploads\/2022\/04\/Artboard-3-1-300x300.png 300w, https:\/\/chemitool.com\/wp-content\/uploads\/2022\/04\/Artboard-3-1-150x150.png 150w, https:\/\/chemitool.com\/wp-content\/uploads\/2022\/04\/Artboard-3-1-768x767.png 768w, https:\/\/chemitool.com\/wp-content\/uploads\/2022\/04\/Artboard-3-1-650x650.png 650w, https:\/\/chemitool.com\/wp-content\/uploads\/2022\/04\/Artboard-3-1-600x599.png 600w, https:\/\/chemitool.com\/wp-content\/uploads\/2022\/04\/Artboard-3-1-100x100.png 100w, https:\/\/chemitool.com\/wp-content\/uploads\/2022\/04\/Artboard-3-1.png 801w\" sizes=\"(max-width: 67px) 100vw, 67px\" \/><img class=\"alignnone wp-image-21344\" src=\"https:\/\/chemitool.com\/wp-content\/uploads\/2022\/04\/Artboard-5-1-300x300.png\" alt=\"\" width=\"68\" height=\"68\" srcset=\"https:\/\/chemitool.com\/wp-content\/uploads\/2022\/04\/Artboard-5-1-300x300.png 300w, https:\/\/chemitool.com\/wp-content\/uploads\/2022\/04\/Artboard-5-1-150x150.png 150w, https:\/\/chemitool.com\/wp-content\/uploads\/2022\/04\/Artboard-5-1-768x767.png 768w, https:\/\/chemitool.com\/wp-content\/uploads\/2022\/04\/Artboard-5-1-650x650.png 650w, https:\/\/chemitool.com\/wp-content\/uploads\/2022\/04\/Artboard-5-1-600x599.png 600w, https:\/\/chemitool.com\/wp-content\/uploads\/2022\/04\/Artboard-5-1-100x100.png 100w, https:\/\/chemitool.com\/wp-content\/uploads\/2022\/04\/Artboard-5-1.png 801w\" sizes=\"(max-width: 68px) 100vw, 68px\" \/><img class=\"alignnone wp-image-21341\" src=\"https:\/\/chemitool.com\/wp-content\/uploads\/2022\/04\/Artboard-4-1-300x300.png\" alt=\"\" width=\"64\" height=\"64\" srcset=\"https:\/\/chemitool.com\/wp-content\/uploads\/2022\/04\/Artboard-4-1-300x300.png 300w, https:\/\/chemitool.com\/wp-content\/uploads\/2022\/04\/Artboard-4-1-150x150.png 150w, https:\/\/chemitool.com\/wp-content\/uploads\/2022\/04\/Artboard-4-1-768x767.png 768w, https:\/\/chemitool.com\/wp-content\/uploads\/2022\/04\/Artboard-4-1-650x650.png 650w, https:\/\/chemitool.com\/wp-content\/uploads\/2022\/04\/Artboard-4-1-600x599.png 600w, https:\/\/chemitool.com\/wp-content\/uploads\/2022\/04\/Artboard-4-1-100x100.png 100w, https:\/\/chemitool.com\/wp-content\/uploads\/2022\/04\/Artboard-4-1.png 801w\" sizes=\"(max-width: 64px) 100vw, 64px\" \/><\/p>\n","protected":false},"excerpt":{"rendered":"<p><em>Os ca\u00e7onetes m\u00e9tricos CHEMITOOL<\/em> em a\u00e7o r\u00e1pido, formam desenvolvidos com o intuito de fornecer ao utilizador um produto de boa qualidade com um rendimento de trabalho constante durante o processo de abertura de rosca.<\/p>\n","protected":false},"featured_media":35074,"template":"","meta":[],"product_cat":[1422,5045,5048],"product_tag":[],"yoast_head":"<!-- This site is optimized with the Yoast SEO plugin v17.4 - https:\/\/yoast.com\/wordpress\/plugins\/seo\/ -->\n<title>CA\u00c7ONETES M\u00c9TRICOS ROSCA M\u00c9TRICA \u2013 DIN223 \/ DIN22568B &ndash; Chemitool<\/title>\n<meta name=\"description\" content=\"Os ca\u00e7onetes m\u00e9tricos CHEMITOOL em a\u00e7o r\u00e1pido, formam desenvolvidos com o intuito de fornecer ao utilizador um produto de boa qualidade com um rendimento de trabalho constante durante o processo de abertura de rosca.\" \/>\n<meta name=\"robots\" content=\"index, follow, max-snippet:-1, max-image-preview:large, max-video-preview:-1\" \/>\n<link rel=\"canonical\" href=\"https:\/\/chemitool.com\/pt-pt\/products\/cutting\/ferramentas-de-roscagem\/roscagem-manual\/caconetes-metricos-rosca-metrica-din223-din22568b\/\" \/>\n<meta property=\"og:locale\" content=\"pt_PT\" \/>\n<meta property=\"og:type\" content=\"article\" \/>\n<meta property=\"og:title\" content=\"CA\u00c7ONETES M\u00c9TRICOS ROSCA M\u00c9TRICA \u2013 DIN223 \/ DIN22568B &ndash; Chemitool\" \/>\n<meta property=\"og:description\" content=\"Os ca\u00e7onetes m\u00e9tricos CHEMITOOL em a\u00e7o r\u00e1pido, formam desenvolvidos com o intuito de fornecer ao utilizador um produto de boa qualidade com um rendimento de trabalho constante durante o processo de abertura de rosca.\" \/>\n<meta property=\"og:url\" content=\"https:\/\/chemitool.com\/pt-pt\/products\/cutting\/ferramentas-de-roscagem\/roscagem-manual\/caconetes-metricos-rosca-metrica-din223-din22568b\/\" \/>\n<meta property=\"og:site_name\" content=\"Chemitool\" \/>\n<meta property=\"article:publisher\" content=\"https:\/\/www.facebook.com\/chemitool\" \/>\n<meta property=\"article:modified_time\" content=\"2024-01-18T18:00:26+00:00\" \/>\n<meta property=\"og:image\" content=\"https:\/\/chemitool.com\/wp-content\/uploads\/2023\/10\/CHA1809.png\" \/>\n\t<meta property=\"og:image:width\" content=\"800\" \/>\n\t<meta property=\"og:image:height\" content=\"800\" \/>\n<meta name=\"twitter:card\" content=\"summary_large_image\" \/>\n<meta name=\"twitter:label1\" content=\"Tempo estimado de leitura\" \/>\n\t<meta name=\"twitter:data1\" content=\"1 minuto\" \/>\n<script type=\"application\/ld+json\" class=\"yoast-schema-graph\">{\"@context\":\"https:\/\/schema.org\",\"@graph\":[{\"@type\":\"Organization\",\"@id\":\"https:\/\/chemitool.com\/#organization\",\"name\":\"Chemitool\",\"url\":\"https:\/\/chemitool.com\/\",\"sameAs\":[\"https:\/\/www.facebook.com\/chemitool\",\"https:\/\/www.instagram.com\/chemitool\/\"],\"logo\":{\"@type\":\"ImageObject\",\"@id\":\"https:\/\/chemitool.com\/#logo\",\"inLanguage\":\"pt-PT\",\"url\":\"https:\/\/chemitool.com\/wp-content\/uploads\/2020\/10\/logo_chemitool.png\",\"contentUrl\":\"https:\/\/chemitool.com\/wp-content\/uploads\/2020\/10\/logo_chemitool.png\",\"width\":400,\"height\":400,\"caption\":\"Chemitool\"},\"image\":{\"@id\":\"https:\/\/chemitool.com\/#logo\"}},{\"@type\":\"WebSite\",\"@id\":\"https:\/\/chemitool.com\/#website\",\"url\":\"https:\/\/chemitool.com\/\",\"name\":\"Chemitool\",\"description\":\"Chemitool - hardware and tools\",\"publisher\":{\"@id\":\"https:\/\/chemitool.com\/#organization\"},\"potentialAction\":[{\"@type\":\"SearchAction\",\"target\":{\"@type\":\"EntryPoint\",\"urlTemplate\":\"https:\/\/chemitool.com\/?s={search_term_string}\"},\"query-input\":\"required name=search_term_string\"}],\"inLanguage\":\"pt-PT\"},{\"@type\":\"ImageObject\",\"@id\":\"https:\/\/chemitool.com\/pt-pt\/products\/cutting\/ferramentas-de-roscagem\/roscagem-manual\/caconetes-metricos-rosca-metrica-din223-din22568b\/#primaryimage\",\"inLanguage\":\"pt-PT\",\"url\":\"https:\/\/chemitool.com\/wp-content\/uploads\/2023\/10\/CHA1809.png\",\"contentUrl\":\"https:\/\/chemitool.com\/wp-content\/uploads\/2023\/10\/CHA1809.png\",\"width\":800,\"height\":800},{\"@type\":\"WebPage\",\"@id\":\"https:\/\/chemitool.com\/pt-pt\/products\/cutting\/ferramentas-de-roscagem\/roscagem-manual\/caconetes-metricos-rosca-metrica-din223-din22568b\/#webpage\",\"url\":\"https:\/\/chemitool.com\/pt-pt\/products\/cutting\/ferramentas-de-roscagem\/roscagem-manual\/caconetes-metricos-rosca-metrica-din223-din22568b\/\",\"name\":\"CA\\u00c7ONETES M\\u00c9TRICOS ROSCA M\\u00c9TRICA \\u2013 DIN223 \/ DIN22568B &ndash; Chemitool\",\"isPartOf\":{\"@id\":\"https:\/\/chemitool.com\/#website\"},\"primaryImageOfPage\":{\"@id\":\"https:\/\/chemitool.com\/pt-pt\/products\/cutting\/ferramentas-de-roscagem\/roscagem-manual\/caconetes-metricos-rosca-metrica-din223-din22568b\/#primaryimage\"},\"datePublished\":\"2023-10-26T14:49:46+00:00\",\"dateModified\":\"2024-01-18T18:00:26+00:00\",\"description\":\"Os ca\\u00e7onetes m\\u00e9tricos CHEMITOOL em a\\u00e7o r\\u00e1pido, formam desenvolvidos com o intuito de fornecer ao utilizador um produto de boa qualidade com um rendimento de trabalho constante durante o processo de abertura de rosca.\",\"breadcrumb\":{\"@id\":\"https:\/\/chemitool.com\/pt-pt\/products\/cutting\/ferramentas-de-roscagem\/roscagem-manual\/caconetes-metricos-rosca-metrica-din223-din22568b\/#breadcrumb\"},\"inLanguage\":\"pt-PT\",\"potentialAction\":[{\"@type\":\"ReadAction\",\"target\":[\"https:\/\/chemitool.com\/pt-pt\/products\/cutting\/ferramentas-de-roscagem\/roscagem-manual\/caconetes-metricos-rosca-metrica-din223-din22568b\/\"]}]},{\"@type\":\"BreadcrumbList\",\"@id\":\"https:\/\/chemitool.com\/pt-pt\/products\/cutting\/ferramentas-de-roscagem\/roscagem-manual\/caconetes-metricos-rosca-metrica-din223-din22568b\/#breadcrumb\",\"itemListElement\":[{\"@type\":\"ListItem\",\"position\":1,\"name\":\"Home\",\"item\":\"https:\/\/chemitool.com\/pt-pt\/\"},{\"@type\":\"ListItem\",\"position\":2,\"name\":\"Produtos\",\"item\":\"https:\/\/chemitool.com\/pt-pt\/produtos\/\"},{\"@type\":\"ListItem\",\"position\":3,\"name\":\"Cutting\",\"item\":\"https:\/\/chemitool.com\/pt-pt\/categoria-produto\/cutting\/\"},{\"@type\":\"ListItem\",\"position\":4,\"name\":\"FERRAMENTAS DE ROSCAGEM\",\"item\":\"https:\/\/chemitool.com\/pt-pt\/categoria-produto\/cutting\/ferramentas-de-roscagem\/\"},{\"@type\":\"ListItem\",\"position\":5,\"name\":\"ROSCAGEM MANUAL\",\"item\":\"https:\/\/chemitool.com\/pt-pt\/categoria-produto\/cutting\/ferramentas-de-roscagem\/roscagem-manual\/\"},{\"@type\":\"ListItem\",\"position\":6,\"name\":\"CA\\u00c7ONETES M\\u00c9TRICOS ROSCA M\\u00c9TRICA \\u2013 DIN223 \/ DIN22568B\"}]}]}<\/script>\n<!-- \/ Yoast SEO plugin. -->","yoast_head_json":{"title":"CA\u00c7ONETES M\u00c9TRICOS ROSCA M\u00c9TRICA \u2013 DIN223 \/ DIN22568B &ndash; Chemitool","description":"Os ca\u00e7onetes m\u00e9tricos CHEMITOOL em a\u00e7o r\u00e1pido, formam desenvolvidos com o intuito de fornecer ao utilizador um produto de boa qualidade com um rendimento de trabalho constante durante o processo de abertura de rosca.","robots":{"index":"index","follow":"follow","max-snippet":"max-snippet:-1","max-image-preview":"max-image-preview:large","max-video-preview":"max-video-preview:-1"},"canonical":"https:\/\/chemitool.com\/pt-pt\/products\/cutting\/ferramentas-de-roscagem\/roscagem-manual\/caconetes-metricos-rosca-metrica-din223-din22568b\/","og_locale":"pt_PT","og_type":"article","og_title":"CA\u00c7ONETES M\u00c9TRICOS ROSCA M\u00c9TRICA \u2013 DIN223 \/ DIN22568B &ndash; Chemitool","og_description":"Os ca\u00e7onetes m\u00e9tricos CHEMITOOL em a\u00e7o r\u00e1pido, formam desenvolvidos com o intuito de fornecer ao utilizador um produto de boa qualidade com um rendimento de trabalho constante durante o processo de abertura de rosca.","og_url":"https:\/\/chemitool.com\/pt-pt\/products\/cutting\/ferramentas-de-roscagem\/roscagem-manual\/caconetes-metricos-rosca-metrica-din223-din22568b\/","og_site_name":"Chemitool","article_publisher":"https:\/\/www.facebook.com\/chemitool","article_modified_time":"2024-01-18T18:00:26+00:00","og_image":[{"width":800,"height":800,"url":"https:\/\/chemitool.com\/wp-content\/uploads\/2023\/10\/CHA1809.png","type":"image\/png"}],"twitter_card":"summary_large_image","twitter_misc":{"Tempo estimado de leitura":"1 minuto"},"schema":{"@context":"https:\/\/schema.org","@graph":[{"@type":"Organization","@id":"https:\/\/chemitool.com\/#organization","name":"Chemitool","url":"https:\/\/chemitool.com\/","sameAs":["https:\/\/www.facebook.com\/chemitool","https:\/\/www.instagram.com\/chemitool\/"],"logo":{"@type":"ImageObject","@id":"https:\/\/chemitool.com\/#logo","inLanguage":"pt-PT","url":"https:\/\/chemitool.com\/wp-content\/uploads\/2020\/10\/logo_chemitool.png","contentUrl":"https:\/\/chemitool.com\/wp-content\/uploads\/2020\/10\/logo_chemitool.png","width":400,"height":400,"caption":"Chemitool"},"image":{"@id":"https:\/\/chemitool.com\/#logo"}},{"@type":"WebSite","@id":"https:\/\/chemitool.com\/#website","url":"https:\/\/chemitool.com\/","name":"Chemitool","description":"Chemitool - hardware and tools","publisher":{"@id":"https:\/\/chemitool.com\/#organization"},"potentialAction":[{"@type":"SearchAction","target":{"@type":"EntryPoint","urlTemplate":"https:\/\/chemitool.com\/?s={search_term_string}"},"query-input":"required name=search_term_string"}],"inLanguage":"pt-PT"},{"@type":"ImageObject","@id":"https:\/\/chemitool.com\/pt-pt\/products\/cutting\/ferramentas-de-roscagem\/roscagem-manual\/caconetes-metricos-rosca-metrica-din223-din22568b\/#primaryimage","inLanguage":"pt-PT","url":"https:\/\/chemitool.com\/wp-content\/uploads\/2023\/10\/CHA1809.png","contentUrl":"https:\/\/chemitool.com\/wp-content\/uploads\/2023\/10\/CHA1809.png","width":800,"height":800},{"@type":"WebPage","@id":"https:\/\/chemitool.com\/pt-pt\/products\/cutting\/ferramentas-de-roscagem\/roscagem-manual\/caconetes-metricos-rosca-metrica-din223-din22568b\/#webpage","url":"https:\/\/chemitool.com\/pt-pt\/products\/cutting\/ferramentas-de-roscagem\/roscagem-manual\/caconetes-metricos-rosca-metrica-din223-din22568b\/","name":"CA\u00c7ONETES M\u00c9TRICOS ROSCA M\u00c9TRICA \u2013 DIN223 \/ DIN22568B &ndash; Chemitool","isPartOf":{"@id":"https:\/\/chemitool.com\/#website"},"primaryImageOfPage":{"@id":"https:\/\/chemitool.com\/pt-pt\/products\/cutting\/ferramentas-de-roscagem\/roscagem-manual\/caconetes-metricos-rosca-metrica-din223-din22568b\/#primaryimage"},"datePublished":"2023-10-26T14:49:46+00:00","dateModified":"2024-01-18T18:00:26+00:00","description":"Os ca\u00e7onetes m\u00e9tricos CHEMITOOL em a\u00e7o r\u00e1pido, formam desenvolvidos com o intuito de fornecer ao utilizador um produto de boa qualidade com um rendimento de trabalho constante durante o processo de abertura de rosca.","breadcrumb":{"@id":"https:\/\/chemitool.com\/pt-pt\/products\/cutting\/ferramentas-de-roscagem\/roscagem-manual\/caconetes-metricos-rosca-metrica-din223-din22568b\/#breadcrumb"},"inLanguage":"pt-PT","potentialAction":[{"@type":"ReadAction","target":["https:\/\/chemitool.com\/pt-pt\/products\/cutting\/ferramentas-de-roscagem\/roscagem-manual\/caconetes-metricos-rosca-metrica-din223-din22568b\/"]}]},{"@type":"BreadcrumbList","@id":"https:\/\/chemitool.com\/pt-pt\/products\/cutting\/ferramentas-de-roscagem\/roscagem-manual\/caconetes-metricos-rosca-metrica-din223-din22568b\/#breadcrumb","itemListElement":[{"@type":"ListItem","position":1,"name":"Home","item":"https:\/\/chemitool.com\/pt-pt\/"},{"@type":"ListItem","position":2,"name":"Produtos","item":"https:\/\/chemitool.com\/pt-pt\/produtos\/"},{"@type":"ListItem","position":3,"name":"Cutting","item":"https:\/\/chemitool.com\/pt-pt\/categoria-produto\/cutting\/"},{"@type":"ListItem","position":4,"name":"FERRAMENTAS DE ROSCAGEM","item":"https:\/\/chemitool.com\/pt-pt\/categoria-produto\/cutting\/ferramentas-de-roscagem\/"},{"@type":"ListItem","position":5,"name":"ROSCAGEM MANUAL","item":"https:\/\/chemitool.com\/pt-pt\/categoria-produto\/cutting\/ferramentas-de-roscagem\/roscagem-manual\/"},{"@type":"ListItem","position":6,"name":"CA\u00c7ONETES M\u00c9TRICOS ROSCA M\u00c9TRICA \u2013 DIN223 \/ DIN22568B"}]}]}},"_links":{"self":[{"href":"https:\/\/chemitool.com\/pt-pt\/wp-json\/wp\/v2\/product\/35072"}],"collection":[{"href":"https:\/\/chemitool.com\/pt-pt\/wp-json\/wp\/v2\/product"}],"about":[{"href":"https:\/\/chemitool.com\/pt-pt\/wp-json\/wp\/v2\/types\/product"}],"wp:featuredmedia":[{"embeddable":true,"href":"https:\/\/chemitool.com\/pt-pt\/wp-json\/wp\/v2\/media\/35074"}],"wp:attachment":[{"href":"https:\/\/chemitool.com\/pt-pt\/wp-json\/wp\/v2\/media?parent=35072"}],"wp:term":[{"taxonomy":"product_cat","embeddable":true,"href":"https:\/\/chemitool.com\/pt-pt\/wp-json\/wp\/v2\/product_cat?post=35072"},{"taxonomy":"product_tag","embeddable":true,"href":"https:\/\/chemitool.com\/pt-pt\/wp-json\/wp\/v2\/product_tag?post=35072"}],"curies":[{"name":"wp","href":"https:\/\/api.w.org\/{rel}","templated":true}]}}