{"id":34966,"date":"2023-10-20T16:37:49","date_gmt":"2023-10-20T16:37:50","guid":{"rendered":"https:\/\/chemitool.com\/?post_type=product&#038;p=34966"},"modified":"2023-10-20T16:59:20","modified_gmt":"2023-10-20T16:59:20","slug":"colher-mata-juntas-inox","status":"publish","type":"product","link":"https:\/\/chemitool.com\/pt-pt\/products\/tools\/ferramentas-construcao\/colheres\/colher-mata-juntas-inox\/","title":{"rendered":"COLHER MATA JUNTAS INOX"},"content":{"rendered":"<ul>\n<li>Para toda a vida. Colherim inquebr\u00e1vel, em a\u00e7o inoxid\u00e1vel.<\/li>\n<li>Resistente ao desgaste. Adequado para juntas.<\/li>\n<li>Ader\u00eancia confort\u00e1vel. Al\u00e7a de toque suave.<\/li>\n<\/ul>\n<p>Utiliza\u00e7\u00e3o recomendada:<br \/>\nPrepare o cimento e argamassa e aplique-o em suportes de trabalho. Especial para juntas.<\/p>\n","protected":false},"excerpt":{"rendered":"<p><em>Colher Mata Juntas Inox CHEMITOOL <\/em>de a\u00e7o inoxid\u00e1vel, de alta qualidade e m\u00e1xima dura\u00e7\u00e3o. N\u00e3o se quebra, n\u00e3o se deforma e n\u00e3o se desgasta. Perfeita fixa\u00e7\u00e3o cabo-espiga. Cabo de madeira de faia certificado PEFC de toque agrad\u00e1vel com dupla virola. Para juntas e tijolo face \u00e0 vista.<\/p>\n","protected":false},"featured_media":34962,"template":"","meta":[],"product_cat":[1455,3836,5029],"product_tag":[],"yoast_head":"<!-- This site is optimized with the Yoast SEO plugin v17.4 - https:\/\/yoast.com\/wordpress\/plugins\/seo\/ -->\n<title>COLHER MATA JUNTAS INOX &ndash; Chemitool<\/title>\n<meta name=\"description\" content=\"Colher Mata Juntas Inox CHEMITOOL de a\u00e7o inoxid\u00e1vel, de alta qualidade e m\u00e1xima dura\u00e7\u00e3o. N\u00e3o se quebra, n\u00e3o se deforma e n\u00e3o se desgasta. Perfeita fixa\u00e7\u00e3o cabo-espiga. Cabo de madeira de faia certificado PEFC de toque agrad\u00e1vel com dupla virola. Para juntas e tijolo face \u00e0 vista.\" \/>\n<meta name=\"robots\" content=\"index, follow, max-snippet:-1, max-image-preview:large, max-video-preview:-1\" \/>\n<link rel=\"canonical\" href=\"https:\/\/chemitool.com\/pt-pt\/products\/tools\/ferramentas-construcao\/colheres\/colher-mata-juntas-inox\/\" \/>\n<meta property=\"og:locale\" content=\"pt_PT\" \/>\n<meta property=\"og:type\" content=\"article\" \/>\n<meta property=\"og:title\" content=\"COLHER MATA JUNTAS INOX &ndash; Chemitool\" \/>\n<meta property=\"og:description\" content=\"Colher Mata Juntas Inox CHEMITOOL de a\u00e7o inoxid\u00e1vel, de alta qualidade e m\u00e1xima dura\u00e7\u00e3o. N\u00e3o se quebra, n\u00e3o se deforma e n\u00e3o se desgasta. Perfeita fixa\u00e7\u00e3o cabo-espiga. Cabo de madeira de faia certificado PEFC de toque agrad\u00e1vel com dupla virola. Para juntas e tijolo face \u00e0 vista.\" \/>\n<meta property=\"og:url\" content=\"https:\/\/chemitool.com\/pt-pt\/products\/tools\/ferramentas-construcao\/colheres\/colher-mata-juntas-inox\/\" \/>\n<meta property=\"og:site_name\" content=\"Chemitool\" \/>\n<meta property=\"article:publisher\" content=\"https:\/\/www.facebook.com\/chemitool\" \/>\n<meta property=\"article:modified_time\" content=\"2023-10-20T16:59:20+00:00\" \/>\n<meta property=\"og:image\" content=\"https:\/\/chemitool.com\/wp-content\/uploads\/2023\/10\/CHT201201014008_CHT201201014010_CHT201201014012.png\" \/>\n\t<meta property=\"og:image:width\" content=\"800\" \/>\n\t<meta property=\"og:image:height\" content=\"800\" \/>\n<meta name=\"twitter:card\" content=\"summary_large_image\" \/>\n<script type=\"application\/ld+json\" class=\"yoast-schema-graph\">{\"@context\":\"https:\/\/schema.org\",\"@graph\":[{\"@type\":\"Organization\",\"@id\":\"https:\/\/chemitool.com\/#organization\",\"name\":\"Chemitool\",\"url\":\"https:\/\/chemitool.com\/\",\"sameAs\":[\"https:\/\/www.facebook.com\/chemitool\",\"https:\/\/www.instagram.com\/chemitool\/\"],\"logo\":{\"@type\":\"ImageObject\",\"@id\":\"https:\/\/chemitool.com\/#logo\",\"inLanguage\":\"pt-PT\",\"url\":\"https:\/\/chemitool.com\/wp-content\/uploads\/2020\/10\/logo_chemitool.png\",\"contentUrl\":\"https:\/\/chemitool.com\/wp-content\/uploads\/2020\/10\/logo_chemitool.png\",\"width\":400,\"height\":400,\"caption\":\"Chemitool\"},\"image\":{\"@id\":\"https:\/\/chemitool.com\/#logo\"}},{\"@type\":\"WebSite\",\"@id\":\"https:\/\/chemitool.com\/#website\",\"url\":\"https:\/\/chemitool.com\/\",\"name\":\"Chemitool\",\"description\":\"Chemitool - hardware and tools\",\"publisher\":{\"@id\":\"https:\/\/chemitool.com\/#organization\"},\"potentialAction\":[{\"@type\":\"SearchAction\",\"target\":{\"@type\":\"EntryPoint\",\"urlTemplate\":\"https:\/\/chemitool.com\/?s={search_term_string}\"},\"query-input\":\"required name=search_term_string\"}],\"inLanguage\":\"pt-PT\"},{\"@type\":\"ImageObject\",\"@id\":\"https:\/\/chemitool.com\/pt-pt\/products\/tools\/ferramentas-construcao\/colheres\/colher-mata-juntas-inox\/#primaryimage\",\"inLanguage\":\"pt-PT\",\"url\":\"https:\/\/chemitool.com\/wp-content\/uploads\/2023\/10\/CHT201201014008_CHT201201014010_CHT201201014012.png\",\"contentUrl\":\"https:\/\/chemitool.com\/wp-content\/uploads\/2023\/10\/CHT201201014008_CHT201201014010_CHT201201014012.png\",\"width\":800,\"height\":800},{\"@type\":\"WebPage\",\"@id\":\"https:\/\/chemitool.com\/pt-pt\/products\/tools\/ferramentas-construcao\/colheres\/colher-mata-juntas-inox\/#webpage\",\"url\":\"https:\/\/chemitool.com\/pt-pt\/products\/tools\/ferramentas-construcao\/colheres\/colher-mata-juntas-inox\/\",\"name\":\"COLHER MATA JUNTAS INOX &ndash; Chemitool\",\"isPartOf\":{\"@id\":\"https:\/\/chemitool.com\/#website\"},\"primaryImageOfPage\":{\"@id\":\"https:\/\/chemitool.com\/pt-pt\/products\/tools\/ferramentas-construcao\/colheres\/colher-mata-juntas-inox\/#primaryimage\"},\"datePublished\":\"2023-10-20T16:37:50+00:00\",\"dateModified\":\"2023-10-20T16:59:20+00:00\",\"description\":\"Colher Mata Juntas Inox CHEMITOOL de a\\u00e7o inoxid\\u00e1vel, de alta qualidade e m\\u00e1xima dura\\u00e7\\u00e3o. N\\u00e3o se quebra, n\\u00e3o se deforma e n\\u00e3o se desgasta. Perfeita fixa\\u00e7\\u00e3o cabo-espiga. Cabo de madeira de faia certificado PEFC de toque agrad\\u00e1vel com dupla virola. Para juntas e tijolo face \\u00e0 vista.\",\"breadcrumb\":{\"@id\":\"https:\/\/chemitool.com\/pt-pt\/products\/tools\/ferramentas-construcao\/colheres\/colher-mata-juntas-inox\/#breadcrumb\"},\"inLanguage\":\"pt-PT\",\"potentialAction\":[{\"@type\":\"ReadAction\",\"target\":[\"https:\/\/chemitool.com\/pt-pt\/products\/tools\/ferramentas-construcao\/colheres\/colher-mata-juntas-inox\/\"]}]},{\"@type\":\"BreadcrumbList\",\"@id\":\"https:\/\/chemitool.com\/pt-pt\/products\/tools\/ferramentas-construcao\/colheres\/colher-mata-juntas-inox\/#breadcrumb\",\"itemListElement\":[{\"@type\":\"ListItem\",\"position\":1,\"name\":\"Home\",\"item\":\"https:\/\/chemitool.com\/pt-pt\/\"},{\"@type\":\"ListItem\",\"position\":2,\"name\":\"Produtos\",\"item\":\"https:\/\/chemitool.com\/pt-pt\/produtos\/\"},{\"@type\":\"ListItem\",\"position\":3,\"name\":\"Tools\",\"item\":\"https:\/\/chemitool.com\/pt-pt\/categoria-produto\/tools\/\"},{\"@type\":\"ListItem\",\"position\":4,\"name\":\"Escadas e Escadotes\",\"item\":\"https:\/\/chemitool.com\/pt-pt\/categoria-produto\/tools\/escadas-e-escadotes\/\"},{\"@type\":\"ListItem\",\"position\":5,\"name\":\"COLHER MATA JUNTAS INOX\"}]}]}<\/script>\n<!-- \/ Yoast SEO plugin. -->","yoast_head_json":{"title":"COLHER MATA JUNTAS INOX &ndash; Chemitool","description":"Colher Mata Juntas Inox CHEMITOOL de a\u00e7o inoxid\u00e1vel, de alta qualidade e m\u00e1xima dura\u00e7\u00e3o. N\u00e3o se quebra, n\u00e3o se deforma e n\u00e3o se desgasta. Perfeita fixa\u00e7\u00e3o cabo-espiga. Cabo de madeira de faia certificado PEFC de toque agrad\u00e1vel com dupla virola. Para juntas e tijolo face \u00e0 vista.","robots":{"index":"index","follow":"follow","max-snippet":"max-snippet:-1","max-image-preview":"max-image-preview:large","max-video-preview":"max-video-preview:-1"},"canonical":"https:\/\/chemitool.com\/pt-pt\/products\/tools\/ferramentas-construcao\/colheres\/colher-mata-juntas-inox\/","og_locale":"pt_PT","og_type":"article","og_title":"COLHER MATA JUNTAS INOX &ndash; Chemitool","og_description":"Colher Mata Juntas Inox CHEMITOOL de a\u00e7o inoxid\u00e1vel, de alta qualidade e m\u00e1xima dura\u00e7\u00e3o. N\u00e3o se quebra, n\u00e3o se deforma e n\u00e3o se desgasta. Perfeita fixa\u00e7\u00e3o cabo-espiga. Cabo de madeira de faia certificado PEFC de toque agrad\u00e1vel com dupla virola. Para juntas e tijolo face \u00e0 vista.","og_url":"https:\/\/chemitool.com\/pt-pt\/products\/tools\/ferramentas-construcao\/colheres\/colher-mata-juntas-inox\/","og_site_name":"Chemitool","article_publisher":"https:\/\/www.facebook.com\/chemitool","article_modified_time":"2023-10-20T16:59:20+00:00","og_image":[{"width":800,"height":800,"url":"https:\/\/chemitool.com\/wp-content\/uploads\/2023\/10\/CHT201201014008_CHT201201014010_CHT201201014012.png","type":"image\/png"}],"twitter_card":"summary_large_image","schema":{"@context":"https:\/\/schema.org","@graph":[{"@type":"Organization","@id":"https:\/\/chemitool.com\/#organization","name":"Chemitool","url":"https:\/\/chemitool.com\/","sameAs":["https:\/\/www.facebook.com\/chemitool","https:\/\/www.instagram.com\/chemitool\/"],"logo":{"@type":"ImageObject","@id":"https:\/\/chemitool.com\/#logo","inLanguage":"pt-PT","url":"https:\/\/chemitool.com\/wp-content\/uploads\/2020\/10\/logo_chemitool.png","contentUrl":"https:\/\/chemitool.com\/wp-content\/uploads\/2020\/10\/logo_chemitool.png","width":400,"height":400,"caption":"Chemitool"},"image":{"@id":"https:\/\/chemitool.com\/#logo"}},{"@type":"WebSite","@id":"https:\/\/chemitool.com\/#website","url":"https:\/\/chemitool.com\/","name":"Chemitool","description":"Chemitool - hardware and tools","publisher":{"@id":"https:\/\/chemitool.com\/#organization"},"potentialAction":[{"@type":"SearchAction","target":{"@type":"EntryPoint","urlTemplate":"https:\/\/chemitool.com\/?s={search_term_string}"},"query-input":"required name=search_term_string"}],"inLanguage":"pt-PT"},{"@type":"ImageObject","@id":"https:\/\/chemitool.com\/pt-pt\/products\/tools\/ferramentas-construcao\/colheres\/colher-mata-juntas-inox\/#primaryimage","inLanguage":"pt-PT","url":"https:\/\/chemitool.com\/wp-content\/uploads\/2023\/10\/CHT201201014008_CHT201201014010_CHT201201014012.png","contentUrl":"https:\/\/chemitool.com\/wp-content\/uploads\/2023\/10\/CHT201201014008_CHT201201014010_CHT201201014012.png","width":800,"height":800},{"@type":"WebPage","@id":"https:\/\/chemitool.com\/pt-pt\/products\/tools\/ferramentas-construcao\/colheres\/colher-mata-juntas-inox\/#webpage","url":"https:\/\/chemitool.com\/pt-pt\/products\/tools\/ferramentas-construcao\/colheres\/colher-mata-juntas-inox\/","name":"COLHER MATA JUNTAS INOX &ndash; Chemitool","isPartOf":{"@id":"https:\/\/chemitool.com\/#website"},"primaryImageOfPage":{"@id":"https:\/\/chemitool.com\/pt-pt\/products\/tools\/ferramentas-construcao\/colheres\/colher-mata-juntas-inox\/#primaryimage"},"datePublished":"2023-10-20T16:37:50+00:00","dateModified":"2023-10-20T16:59:20+00:00","description":"Colher Mata Juntas Inox CHEMITOOL de a\u00e7o inoxid\u00e1vel, de alta qualidade e m\u00e1xima dura\u00e7\u00e3o. N\u00e3o se quebra, n\u00e3o se deforma e n\u00e3o se desgasta. Perfeita fixa\u00e7\u00e3o cabo-espiga. Cabo de madeira de faia certificado PEFC de toque agrad\u00e1vel com dupla virola. Para juntas e tijolo face \u00e0 vista.","breadcrumb":{"@id":"https:\/\/chemitool.com\/pt-pt\/products\/tools\/ferramentas-construcao\/colheres\/colher-mata-juntas-inox\/#breadcrumb"},"inLanguage":"pt-PT","potentialAction":[{"@type":"ReadAction","target":["https:\/\/chemitool.com\/pt-pt\/products\/tools\/ferramentas-construcao\/colheres\/colher-mata-juntas-inox\/"]}]},{"@type":"BreadcrumbList","@id":"https:\/\/chemitool.com\/pt-pt\/products\/tools\/ferramentas-construcao\/colheres\/colher-mata-juntas-inox\/#breadcrumb","itemListElement":[{"@type":"ListItem","position":1,"name":"Home","item":"https:\/\/chemitool.com\/pt-pt\/"},{"@type":"ListItem","position":2,"name":"Produtos","item":"https:\/\/chemitool.com\/pt-pt\/produtos\/"},{"@type":"ListItem","position":3,"name":"Tools","item":"https:\/\/chemitool.com\/pt-pt\/categoria-produto\/tools\/"},{"@type":"ListItem","position":4,"name":"Escadas e Escadotes","item":"https:\/\/chemitool.com\/pt-pt\/categoria-produto\/tools\/escadas-e-escadotes\/"},{"@type":"ListItem","position":5,"name":"COLHER MATA JUNTAS INOX"}]}]}},"_links":{"self":[{"href":"https:\/\/chemitool.com\/pt-pt\/wp-json\/wp\/v2\/product\/34966"}],"collection":[{"href":"https:\/\/chemitool.com\/pt-pt\/wp-json\/wp\/v2\/product"}],"about":[{"href":"https:\/\/chemitool.com\/pt-pt\/wp-json\/wp\/v2\/types\/product"}],"wp:featuredmedia":[{"embeddable":true,"href":"https:\/\/chemitool.com\/pt-pt\/wp-json\/wp\/v2\/media\/34962"}],"wp:attachment":[{"href":"https:\/\/chemitool.com\/pt-pt\/wp-json\/wp\/v2\/media?parent=34966"}],"wp:term":[{"taxonomy":"product_cat","embeddable":true,"href":"https:\/\/chemitool.com\/pt-pt\/wp-json\/wp\/v2\/product_cat?post=34966"},{"taxonomy":"product_tag","embeddable":true,"href":"https:\/\/chemitool.com\/pt-pt\/wp-json\/wp\/v2\/product_tag?post=34966"}],"curies":[{"name":"wp","href":"https:\/\/api.w.org\/{rel}","templated":true}]}}