{"id":34829,"date":"2023-10-18T08:40:18","date_gmt":"2023-10-18T08:40:22","guid":{"rendered":"https:\/\/chemitool.com\/?post_type=product&#038;p=34829"},"modified":"2023-10-27T14:48:06","modified_gmt":"2023-10-27T14:48:06","slug":"betumadeira","status":"publish","type":"product","link":"https:\/\/chemitool.com\/pt-pt\/products\/tools\/ferramentas-construcao\/espatulas\/betumadeira\/","title":{"rendered":"BETUMADEIRA LISA"},"content":{"rendered":"<ul>\n<li>Resistente ao desgaste. L\u00e2mina de a\u00e7o de carbono de alta qualidade. Angulada, alinhada e polida.<\/li>\n<li>Emplastros, alisa, preenche fendas ou pregos salientes de forma flex\u00edvel e c\u00f3moda.<\/li>\n<li>Vers\u00e1til e leve. Esta faca de massa tem um cabo em faia muito liso.<\/li>\n<\/ul>\n<p>Utiliza\u00e7\u00e3o recomendada:<br \/>\nEmplastros, alisa e preenche fendas.<\/p>\n","protected":false},"excerpt":{"rendered":"<p><b class=\"sap-label\">SAP:<\/b> <span class=\"codesap-label\"> CHT200901017500 <\/span><br \/>\n<i>Betumadeira Lisa CHEMITOOL <\/i>produzida em a\u00e7o-carbono de alta qualidade, m\u00e1xima durabilidade sem deteriora\u00e7\u00e3o. L\u00e2mina rectificada, alinhada e polida, excelente flexibilidade e conforto durante o trabalho (sem folga). Punho pl\u00e1stico muito ergon\u00f3mico. Para trabalhos de acabamento, dois produtos em um.<\/p>\n","protected":false},"featured_media":35018,"template":"","meta":[],"product_cat":[1455,3836,5039],"product_tag":[],"yoast_head":"<!-- This site is optimized with the Yoast SEO plugin v17.4 - https:\/\/yoast.com\/wordpress\/plugins\/seo\/ -->\n<title>BETUMADEIRA LISA &ndash; Chemitool<\/title>\n<meta name=\"description\" content=\"SAP: CHT200901017500  Betumadeira Lisa CHEMITOOL produzida em a\u00e7o-carbono de alta qualidade, m\u00e1xima durabilidade sem deteriora\u00e7\u00e3o. L\u00e2mina rectificada, alinhada e polida, excelente flexibilidade e conforto durante o trabalho (sem folga). Punho pl\u00e1stico muito ergon\u00f3mico. Para trabalhos de acabamento, dois produtos em um.\" \/>\n<meta name=\"robots\" content=\"index, follow, max-snippet:-1, max-image-preview:large, max-video-preview:-1\" \/>\n<link rel=\"canonical\" href=\"https:\/\/chemitool.com\/pt-pt\/products\/tools\/construction-tools\/spatulas\/japanese-steel-spatula\/\" \/>\n<meta property=\"og:locale\" content=\"pt_PT\" \/>\n<meta property=\"og:type\" content=\"article\" \/>\n<meta property=\"og:title\" content=\"BETUMADEIRA LISA &ndash; Chemitool\" \/>\n<meta property=\"og:description\" content=\"SAP: CHT200901017500  Betumadeira Lisa CHEMITOOL produzida em a\u00e7o-carbono de alta qualidade, m\u00e1xima durabilidade sem deteriora\u00e7\u00e3o. L\u00e2mina rectificada, alinhada e polida, excelente flexibilidade e conforto durante o trabalho (sem folga). Punho pl\u00e1stico muito ergon\u00f3mico. Para trabalhos de acabamento, dois produtos em um.\" \/>\n<meta property=\"og:url\" content=\"https:\/\/chemitool.com\/products\/tools\/construction-tools\/spatulas\/japanese-steel-spatula\/\" \/>\n<meta property=\"og:site_name\" content=\"Chemitool\" \/>\n<meta property=\"article:publisher\" content=\"https:\/\/www.facebook.com\/chemitool\" \/>\n<meta property=\"article:modified_time\" content=\"2023-10-27T14:48:06+00:00\" \/>\n<meta property=\"og:image\" content=\"https:\/\/chemitool.com\/wp-content\/uploads\/2023\/10\/CHT200901017500-1.png\" \/>\n\t<meta property=\"og:image:width\" content=\"800\" \/>\n\t<meta property=\"og:image:height\" content=\"800\" \/>\n<meta name=\"twitter:card\" content=\"summary_large_image\" \/>\n<script type=\"application\/ld+json\" class=\"yoast-schema-graph\">{\"@context\":\"https:\/\/schema.org\",\"@graph\":[{\"@type\":\"Organization\",\"@id\":\"https:\/\/chemitool.com\/#organization\",\"name\":\"Chemitool\",\"url\":\"https:\/\/chemitool.com\/\",\"sameAs\":[\"https:\/\/www.facebook.com\/chemitool\",\"https:\/\/www.instagram.com\/chemitool\/\"],\"logo\":{\"@type\":\"ImageObject\",\"@id\":\"https:\/\/chemitool.com\/#logo\",\"inLanguage\":\"pt-PT\",\"url\":\"https:\/\/chemitool.com\/wp-content\/uploads\/2020\/10\/logo_chemitool.png\",\"contentUrl\":\"https:\/\/chemitool.com\/wp-content\/uploads\/2020\/10\/logo_chemitool.png\",\"width\":400,\"height\":400,\"caption\":\"Chemitool\"},\"image\":{\"@id\":\"https:\/\/chemitool.com\/#logo\"}},{\"@type\":\"WebSite\",\"@id\":\"https:\/\/chemitool.com\/#website\",\"url\":\"https:\/\/chemitool.com\/\",\"name\":\"Chemitool\",\"description\":\"Chemitool - hardware and tools\",\"publisher\":{\"@id\":\"https:\/\/chemitool.com\/#organization\"},\"potentialAction\":[{\"@type\":\"SearchAction\",\"target\":{\"@type\":\"EntryPoint\",\"urlTemplate\":\"https:\/\/chemitool.com\/?s={search_term_string}\"},\"query-input\":\"required name=search_term_string\"}],\"inLanguage\":\"pt-PT\"},{\"@type\":\"ImageObject\",\"@id\":\"https:\/\/chemitool.com\/products\/tools\/construction-tools\/spatulas\/japanese-steel-spatula\/#primaryimage\",\"inLanguage\":\"pt-PT\",\"url\":\"https:\/\/chemitool.com\/wp-content\/uploads\/2023\/10\/CHT200901017500-1.png\",\"contentUrl\":\"https:\/\/chemitool.com\/wp-content\/uploads\/2023\/10\/CHT200901017500-1.png\",\"width\":800,\"height\":800},{\"@type\":\"WebPage\",\"@id\":\"https:\/\/chemitool.com\/products\/tools\/construction-tools\/spatulas\/japanese-steel-spatula\/#webpage\",\"url\":\"https:\/\/chemitool.com\/products\/tools\/construction-tools\/spatulas\/japanese-steel-spatula\/\",\"name\":\"BETUMADEIRA LISA &ndash; Chemitool\",\"isPartOf\":{\"@id\":\"https:\/\/chemitool.com\/#website\"},\"primaryImageOfPage\":{\"@id\":\"https:\/\/chemitool.com\/products\/tools\/construction-tools\/spatulas\/japanese-steel-spatula\/#primaryimage\"},\"datePublished\":\"2023-10-18T08:40:22+00:00\",\"dateModified\":\"2023-10-27T14:48:06+00:00\",\"description\":\"SAP: CHT200901017500 Betumadeira Lisa CHEMITOOL produzida em a\\u00e7o-carbono de alta qualidade, m\\u00e1xima durabilidade sem deteriora\\u00e7\\u00e3o. L\\u00e2mina rectificada, alinhada e polida, excelente flexibilidade e conforto durante o trabalho (sem folga). Punho pl\\u00e1stico muito ergon\\u00f3mico. Para trabalhos de acabamento, dois produtos em um.\",\"breadcrumb\":{\"@id\":\"https:\/\/chemitool.com\/products\/tools\/construction-tools\/spatulas\/japanese-steel-spatula\/#breadcrumb\"},\"inLanguage\":\"pt-PT\",\"potentialAction\":[{\"@type\":\"ReadAction\",\"target\":[\"https:\/\/chemitool.com\/products\/tools\/construction-tools\/spatulas\/japanese-steel-spatula\/\"]}]},{\"@type\":\"BreadcrumbList\",\"@id\":\"https:\/\/chemitool.com\/products\/tools\/construction-tools\/spatulas\/japanese-steel-spatula\/#breadcrumb\",\"itemListElement\":[{\"@type\":\"ListItem\",\"position\":1,\"name\":\"Home\",\"item\":\"https:\/\/chemitool.com\/pt-pt\/\"},{\"@type\":\"ListItem\",\"position\":2,\"name\":\"Produtos\",\"item\":\"https:\/\/chemitool.com\/pt-pt\/produtos\/\"},{\"@type\":\"ListItem\",\"position\":3,\"name\":\"Chemicals\",\"item\":\"https:\/\/chemitool.com\/product-category\/chemical-products\/\"},{\"@type\":\"ListItem\",\"position\":4,\"name\":\"BETUMADEIRA LISA\"}]}]}<\/script>\n<!-- \/ Yoast SEO plugin. -->","yoast_head_json":{"title":"BETUMADEIRA LISA &ndash; Chemitool","description":"SAP: CHT200901017500  Betumadeira Lisa CHEMITOOL produzida em a\u00e7o-carbono de alta qualidade, m\u00e1xima durabilidade sem deteriora\u00e7\u00e3o. L\u00e2mina rectificada, alinhada e polida, excelente flexibilidade e conforto durante o trabalho (sem folga). Punho pl\u00e1stico muito ergon\u00f3mico. Para trabalhos de acabamento, dois produtos em um.","robots":{"index":"index","follow":"follow","max-snippet":"max-snippet:-1","max-image-preview":"max-image-preview:large","max-video-preview":"max-video-preview:-1"},"canonical":"https:\/\/chemitool.com\/pt-pt\/products\/tools\/construction-tools\/spatulas\/japanese-steel-spatula\/","og_locale":"pt_PT","og_type":"article","og_title":"BETUMADEIRA LISA &ndash; Chemitool","og_description":"SAP: CHT200901017500  Betumadeira Lisa CHEMITOOL produzida em a\u00e7o-carbono de alta qualidade, m\u00e1xima durabilidade sem deteriora\u00e7\u00e3o. L\u00e2mina rectificada, alinhada e polida, excelente flexibilidade e conforto durante o trabalho (sem folga). Punho pl\u00e1stico muito ergon\u00f3mico. Para trabalhos de acabamento, dois produtos em um.","og_url":"https:\/\/chemitool.com\/products\/tools\/construction-tools\/spatulas\/japanese-steel-spatula\/","og_site_name":"Chemitool","article_publisher":"https:\/\/www.facebook.com\/chemitool","article_modified_time":"2023-10-27T14:48:06+00:00","og_image":[{"width":800,"height":800,"url":"https:\/\/chemitool.com\/wp-content\/uploads\/2023\/10\/CHT200901017500-1.png","type":"image\/png"}],"twitter_card":"summary_large_image","schema":{"@context":"https:\/\/schema.org","@graph":[{"@type":"Organization","@id":"https:\/\/chemitool.com\/#organization","name":"Chemitool","url":"https:\/\/chemitool.com\/","sameAs":["https:\/\/www.facebook.com\/chemitool","https:\/\/www.instagram.com\/chemitool\/"],"logo":{"@type":"ImageObject","@id":"https:\/\/chemitool.com\/#logo","inLanguage":"pt-PT","url":"https:\/\/chemitool.com\/wp-content\/uploads\/2020\/10\/logo_chemitool.png","contentUrl":"https:\/\/chemitool.com\/wp-content\/uploads\/2020\/10\/logo_chemitool.png","width":400,"height":400,"caption":"Chemitool"},"image":{"@id":"https:\/\/chemitool.com\/#logo"}},{"@type":"WebSite","@id":"https:\/\/chemitool.com\/#website","url":"https:\/\/chemitool.com\/","name":"Chemitool","description":"Chemitool - hardware and tools","publisher":{"@id":"https:\/\/chemitool.com\/#organization"},"potentialAction":[{"@type":"SearchAction","target":{"@type":"EntryPoint","urlTemplate":"https:\/\/chemitool.com\/?s={search_term_string}"},"query-input":"required name=search_term_string"}],"inLanguage":"pt-PT"},{"@type":"ImageObject","@id":"https:\/\/chemitool.com\/products\/tools\/construction-tools\/spatulas\/japanese-steel-spatula\/#primaryimage","inLanguage":"pt-PT","url":"https:\/\/chemitool.com\/wp-content\/uploads\/2023\/10\/CHT200901017500-1.png","contentUrl":"https:\/\/chemitool.com\/wp-content\/uploads\/2023\/10\/CHT200901017500-1.png","width":800,"height":800},{"@type":"WebPage","@id":"https:\/\/chemitool.com\/products\/tools\/construction-tools\/spatulas\/japanese-steel-spatula\/#webpage","url":"https:\/\/chemitool.com\/products\/tools\/construction-tools\/spatulas\/japanese-steel-spatula\/","name":"BETUMADEIRA LISA &ndash; Chemitool","isPartOf":{"@id":"https:\/\/chemitool.com\/#website"},"primaryImageOfPage":{"@id":"https:\/\/chemitool.com\/products\/tools\/construction-tools\/spatulas\/japanese-steel-spatula\/#primaryimage"},"datePublished":"2023-10-18T08:40:22+00:00","dateModified":"2023-10-27T14:48:06+00:00","description":"SAP: CHT200901017500 Betumadeira Lisa CHEMITOOL produzida em a\u00e7o-carbono de alta qualidade, m\u00e1xima durabilidade sem deteriora\u00e7\u00e3o. L\u00e2mina rectificada, alinhada e polida, excelente flexibilidade e conforto durante o trabalho (sem folga). Punho pl\u00e1stico muito ergon\u00f3mico. Para trabalhos de acabamento, dois produtos em um.","breadcrumb":{"@id":"https:\/\/chemitool.com\/products\/tools\/construction-tools\/spatulas\/japanese-steel-spatula\/#breadcrumb"},"inLanguage":"pt-PT","potentialAction":[{"@type":"ReadAction","target":["https:\/\/chemitool.com\/products\/tools\/construction-tools\/spatulas\/japanese-steel-spatula\/"]}]},{"@type":"BreadcrumbList","@id":"https:\/\/chemitool.com\/products\/tools\/construction-tools\/spatulas\/japanese-steel-spatula\/#breadcrumb","itemListElement":[{"@type":"ListItem","position":1,"name":"Home","item":"https:\/\/chemitool.com\/pt-pt\/"},{"@type":"ListItem","position":2,"name":"Produtos","item":"https:\/\/chemitool.com\/pt-pt\/produtos\/"},{"@type":"ListItem","position":3,"name":"Chemicals","item":"https:\/\/chemitool.com\/product-category\/chemical-products\/"},{"@type":"ListItem","position":4,"name":"BETUMADEIRA LISA"}]}]}},"_links":{"self":[{"href":"https:\/\/chemitool.com\/pt-pt\/wp-json\/wp\/v2\/product\/34829"}],"collection":[{"href":"https:\/\/chemitool.com\/pt-pt\/wp-json\/wp\/v2\/product"}],"about":[{"href":"https:\/\/chemitool.com\/pt-pt\/wp-json\/wp\/v2\/types\/product"}],"wp:featuredmedia":[{"embeddable":true,"href":"https:\/\/chemitool.com\/pt-pt\/wp-json\/wp\/v2\/media\/35018"}],"wp:attachment":[{"href":"https:\/\/chemitool.com\/pt-pt\/wp-json\/wp\/v2\/media?parent=34829"}],"wp:term":[{"taxonomy":"product_cat","embeddable":true,"href":"https:\/\/chemitool.com\/pt-pt\/wp-json\/wp\/v2\/product_cat?post=34829"},{"taxonomy":"product_tag","embeddable":true,"href":"https:\/\/chemitool.com\/pt-pt\/wp-json\/wp\/v2\/product_tag?post=34829"}],"curies":[{"name":"wp","href":"https:\/\/api.w.org\/{rel}","templated":true}]}}