{"id":34753,"date":"2023-10-17T14:08:16","date_gmt":"2023-10-17T14:08:17","guid":{"rendered":"https:\/\/chemitool.com\/?post_type=product&#038;p=34753"},"modified":"2023-10-17T15:11:13","modified_gmt":"2023-10-17T15:11:13","slug":"espatula-flexivel-expert","status":"publish","type":"product","link":"https:\/\/chemitool.com\/pt-pt\/products\/tools\/ferramentas-construcao\/espatulas\/espatula-flexivel-expert\/","title":{"rendered":"ESP\u00c1TULA FLEX\u00cdVEL EXPERT"},"content":{"rendered":"<ul>\n<li>Inquebr\u00e1vel. L\u00e2mina alinhada e polida, fabricada em a\u00e7o inoxid\u00e1vel.<\/li>\n<li>N\u00e3o oscila. Fixa\u00e7\u00e3o perfeita entre cabo e l\u00e2mina, com grande resist\u00eancia em rela\u00e7\u00e3o \u00e0 batida de parafusos.<\/li>\n<li>A pega mais c\u00f3moda. Cabo ergon\u00f3mico de dois materiais com base e n\u00facleo de alum\u00ednio, muito suave ao toque.<\/li>\n<\/ul>\n<p>Utiliza\u00e7\u00e3o recomendada:<br \/>\nPara cintagem e acabamento das juntas. Para betumagem das cabe\u00e7as dos parafusos.<\/p>\n","protected":false},"excerpt":{"rendered":"<p><em>Esp\u00e1tula Flex\u00edvel Expert CHEMITOOL <\/em>\u00e9 uma esp\u00e1tula profissional em a\u00e7o inoxid\u00e1vel de alta qualidade, m\u00e1xima durabilidade sem deteriora\u00e7\u00e3o. Folhas perfeitamente retificadas, alinhadas e polidas, excelente flexibilidade e comodidade durante o trabalho (sem folga). Cabo soft bimaterial com base e n\u00facleo de polipropileno, excelente uni\u00e3o, muito ergon\u00f3mico e resistente a impactos. Para trabalhos de cintagem, acabamento das juntas de placas de gesso laminado e betumagem das cabe\u00e7as dos parafusos.<\/p>\n","protected":false},"featured_media":34755,"template":"","meta":[],"product_cat":[1455,3836,5039],"product_tag":[],"yoast_head":"<!-- This site is optimized with the Yoast SEO plugin v17.4 - https:\/\/yoast.com\/wordpress\/plugins\/seo\/ -->\n<title>ESP\u00c1TULA FLEX\u00cdVEL EXPERT &ndash; Chemitool<\/title>\n<meta name=\"description\" content=\"Esp\u00e1tula Flex\u00edvel Expert CHEMITOOL \u00e9 uma esp\u00e1tula profissional em a\u00e7o inoxid\u00e1vel de alta qualidade, m\u00e1xima durabilidade sem deteriora\u00e7\u00e3o. Folhas perfeitamente retificadas, alinhadas e polidas, excelente flexibilidade e comodidade durante o trabalho (sem folga). Cabo soft bimaterial com base e n\u00facleo de polipropileno, excelente uni\u00e3o, muito ergon\u00f3mico e resistente a impactos. Para trabalhos de cintagem, acabamento das juntas de placas de gesso laminado e betumagem das cabe\u00e7as dos parafusos.\" \/>\n<meta name=\"robots\" content=\"index, follow, max-snippet:-1, max-image-preview:large, max-video-preview:-1\" \/>\n<link rel=\"canonical\" href=\"https:\/\/chemitool.com\/pt-pt\/products\/tools\/ferramentas-construcao\/espatulas\/espatula-flexivel-expert\/\" \/>\n<meta property=\"og:locale\" content=\"pt_PT\" \/>\n<meta property=\"og:type\" content=\"article\" \/>\n<meta property=\"og:title\" content=\"ESP\u00c1TULA FLEX\u00cdVEL EXPERT &ndash; Chemitool\" \/>\n<meta property=\"og:description\" content=\"Esp\u00e1tula Flex\u00edvel Expert CHEMITOOL \u00e9 uma esp\u00e1tula profissional em a\u00e7o inoxid\u00e1vel de alta qualidade, m\u00e1xima durabilidade sem deteriora\u00e7\u00e3o. Folhas perfeitamente retificadas, alinhadas e polidas, excelente flexibilidade e comodidade durante o trabalho (sem folga). Cabo soft bimaterial com base e n\u00facleo de polipropileno, excelente uni\u00e3o, muito ergon\u00f3mico e resistente a impactos. Para trabalhos de cintagem, acabamento das juntas de placas de gesso laminado e betumagem das cabe\u00e7as dos parafusos.\" \/>\n<meta property=\"og:url\" content=\"https:\/\/chemitool.com\/pt-pt\/products\/tools\/ferramentas-construcao\/espatulas\/espatula-flexivel-expert\/\" \/>\n<meta property=\"og:site_name\" content=\"Chemitool\" \/>\n<meta property=\"article:publisher\" content=\"https:\/\/www.facebook.com\/chemitool\" \/>\n<meta property=\"article:modified_time\" content=\"2023-10-17T15:11:13+00:00\" \/>\n<meta property=\"og:image\" content=\"https:\/\/chemitool.com\/wp-content\/uploads\/2023\/10\/CHT200602001400_CHT200602001600.png\" \/>\n\t<meta property=\"og:image:width\" content=\"800\" \/>\n\t<meta property=\"og:image:height\" content=\"800\" \/>\n<meta name=\"twitter:card\" content=\"summary_large_image\" \/>\n<script type=\"application\/ld+json\" class=\"yoast-schema-graph\">{\"@context\":\"https:\/\/schema.org\",\"@graph\":[{\"@type\":\"Organization\",\"@id\":\"https:\/\/chemitool.com\/#organization\",\"name\":\"Chemitool\",\"url\":\"https:\/\/chemitool.com\/\",\"sameAs\":[\"https:\/\/www.facebook.com\/chemitool\",\"https:\/\/www.instagram.com\/chemitool\/\"],\"logo\":{\"@type\":\"ImageObject\",\"@id\":\"https:\/\/chemitool.com\/#logo\",\"inLanguage\":\"pt-PT\",\"url\":\"https:\/\/chemitool.com\/wp-content\/uploads\/2020\/10\/logo_chemitool.png\",\"contentUrl\":\"https:\/\/chemitool.com\/wp-content\/uploads\/2020\/10\/logo_chemitool.png\",\"width\":400,\"height\":400,\"caption\":\"Chemitool\"},\"image\":{\"@id\":\"https:\/\/chemitool.com\/#logo\"}},{\"@type\":\"WebSite\",\"@id\":\"https:\/\/chemitool.com\/#website\",\"url\":\"https:\/\/chemitool.com\/\",\"name\":\"Chemitool\",\"description\":\"Chemitool - hardware and tools\",\"publisher\":{\"@id\":\"https:\/\/chemitool.com\/#organization\"},\"potentialAction\":[{\"@type\":\"SearchAction\",\"target\":{\"@type\":\"EntryPoint\",\"urlTemplate\":\"https:\/\/chemitool.com\/?s={search_term_string}\"},\"query-input\":\"required name=search_term_string\"}],\"inLanguage\":\"pt-PT\"},{\"@type\":\"ImageObject\",\"@id\":\"https:\/\/chemitool.com\/pt-pt\/products\/tools\/ferramentas-construcao\/espatulas\/espatula-flexivel-expert\/#primaryimage\",\"inLanguage\":\"pt-PT\",\"url\":\"https:\/\/chemitool.com\/wp-content\/uploads\/2023\/10\/CHT200602001400_CHT200602001600.png\",\"contentUrl\":\"https:\/\/chemitool.com\/wp-content\/uploads\/2023\/10\/CHT200602001400_CHT200602001600.png\",\"width\":800,\"height\":800},{\"@type\":\"WebPage\",\"@id\":\"https:\/\/chemitool.com\/pt-pt\/products\/tools\/ferramentas-construcao\/espatulas\/espatula-flexivel-expert\/#webpage\",\"url\":\"https:\/\/chemitool.com\/pt-pt\/products\/tools\/ferramentas-construcao\/espatulas\/espatula-flexivel-expert\/\",\"name\":\"ESP\\u00c1TULA FLEX\\u00cdVEL EXPERT &ndash; Chemitool\",\"isPartOf\":{\"@id\":\"https:\/\/chemitool.com\/#website\"},\"primaryImageOfPage\":{\"@id\":\"https:\/\/chemitool.com\/pt-pt\/products\/tools\/ferramentas-construcao\/espatulas\/espatula-flexivel-expert\/#primaryimage\"},\"datePublished\":\"2023-10-17T14:08:17+00:00\",\"dateModified\":\"2023-10-17T15:11:13+00:00\",\"description\":\"Esp\\u00e1tula Flex\\u00edvel Expert CHEMITOOL \\u00e9 uma esp\\u00e1tula profissional em a\\u00e7o inoxid\\u00e1vel de alta qualidade, m\\u00e1xima durabilidade sem deteriora\\u00e7\\u00e3o. Folhas perfeitamente retificadas, alinhadas e polidas, excelente flexibilidade e comodidade durante o trabalho (sem folga). Cabo soft bimaterial com base e n\\u00facleo de polipropileno, excelente uni\\u00e3o, muito ergon\\u00f3mico e resistente a impactos. Para trabalhos de cintagem, acabamento das juntas de placas de gesso laminado e betumagem das cabe\\u00e7as dos parafusos.\",\"breadcrumb\":{\"@id\":\"https:\/\/chemitool.com\/pt-pt\/products\/tools\/ferramentas-construcao\/espatulas\/espatula-flexivel-expert\/#breadcrumb\"},\"inLanguage\":\"pt-PT\",\"potentialAction\":[{\"@type\":\"ReadAction\",\"target\":[\"https:\/\/chemitool.com\/pt-pt\/products\/tools\/ferramentas-construcao\/espatulas\/espatula-flexivel-expert\/\"]}]},{\"@type\":\"BreadcrumbList\",\"@id\":\"https:\/\/chemitool.com\/pt-pt\/products\/tools\/ferramentas-construcao\/espatulas\/espatula-flexivel-expert\/#breadcrumb\",\"itemListElement\":[{\"@type\":\"ListItem\",\"position\":1,\"name\":\"Home\",\"item\":\"https:\/\/chemitool.com\/pt-pt\/\"},{\"@type\":\"ListItem\",\"position\":2,\"name\":\"Produtos\",\"item\":\"https:\/\/chemitool.com\/pt-pt\/produtos\/\"},{\"@type\":\"ListItem\",\"position\":3,\"name\":\"Tools\",\"item\":\"https:\/\/chemitool.com\/pt-pt\/categoria-produto\/tools\/\"},{\"@type\":\"ListItem\",\"position\":4,\"name\":\"Escadas e Escadotes\",\"item\":\"https:\/\/chemitool.com\/pt-pt\/categoria-produto\/tools\/escadas-e-escadotes\/\"},{\"@type\":\"ListItem\",\"position\":5,\"name\":\"ESP\\u00c1TULA FLEX\\u00cdVEL EXPERT\"}]}]}<\/script>\n<!-- \/ Yoast SEO plugin. -->","yoast_head_json":{"title":"ESP\u00c1TULA FLEX\u00cdVEL EXPERT &ndash; Chemitool","description":"Esp\u00e1tula Flex\u00edvel Expert CHEMITOOL \u00e9 uma esp\u00e1tula profissional em a\u00e7o inoxid\u00e1vel de alta qualidade, m\u00e1xima durabilidade sem deteriora\u00e7\u00e3o. Folhas perfeitamente retificadas, alinhadas e polidas, excelente flexibilidade e comodidade durante o trabalho (sem folga). Cabo soft bimaterial com base e n\u00facleo de polipropileno, excelente uni\u00e3o, muito ergon\u00f3mico e resistente a impactos. Para trabalhos de cintagem, acabamento das juntas de placas de gesso laminado e betumagem das cabe\u00e7as dos parafusos.","robots":{"index":"index","follow":"follow","max-snippet":"max-snippet:-1","max-image-preview":"max-image-preview:large","max-video-preview":"max-video-preview:-1"},"canonical":"https:\/\/chemitool.com\/pt-pt\/products\/tools\/ferramentas-construcao\/espatulas\/espatula-flexivel-expert\/","og_locale":"pt_PT","og_type":"article","og_title":"ESP\u00c1TULA FLEX\u00cdVEL EXPERT &ndash; Chemitool","og_description":"Esp\u00e1tula Flex\u00edvel Expert CHEMITOOL \u00e9 uma esp\u00e1tula profissional em a\u00e7o inoxid\u00e1vel de alta qualidade, m\u00e1xima durabilidade sem deteriora\u00e7\u00e3o. Folhas perfeitamente retificadas, alinhadas e polidas, excelente flexibilidade e comodidade durante o trabalho (sem folga). Cabo soft bimaterial com base e n\u00facleo de polipropileno, excelente uni\u00e3o, muito ergon\u00f3mico e resistente a impactos. Para trabalhos de cintagem, acabamento das juntas de placas de gesso laminado e betumagem das cabe\u00e7as dos parafusos.","og_url":"https:\/\/chemitool.com\/pt-pt\/products\/tools\/ferramentas-construcao\/espatulas\/espatula-flexivel-expert\/","og_site_name":"Chemitool","article_publisher":"https:\/\/www.facebook.com\/chemitool","article_modified_time":"2023-10-17T15:11:13+00:00","og_image":[{"width":800,"height":800,"url":"https:\/\/chemitool.com\/wp-content\/uploads\/2023\/10\/CHT200602001400_CHT200602001600.png","type":"image\/png"}],"twitter_card":"summary_large_image","schema":{"@context":"https:\/\/schema.org","@graph":[{"@type":"Organization","@id":"https:\/\/chemitool.com\/#organization","name":"Chemitool","url":"https:\/\/chemitool.com\/","sameAs":["https:\/\/www.facebook.com\/chemitool","https:\/\/www.instagram.com\/chemitool\/"],"logo":{"@type":"ImageObject","@id":"https:\/\/chemitool.com\/#logo","inLanguage":"pt-PT","url":"https:\/\/chemitool.com\/wp-content\/uploads\/2020\/10\/logo_chemitool.png","contentUrl":"https:\/\/chemitool.com\/wp-content\/uploads\/2020\/10\/logo_chemitool.png","width":400,"height":400,"caption":"Chemitool"},"image":{"@id":"https:\/\/chemitool.com\/#logo"}},{"@type":"WebSite","@id":"https:\/\/chemitool.com\/#website","url":"https:\/\/chemitool.com\/","name":"Chemitool","description":"Chemitool - hardware and tools","publisher":{"@id":"https:\/\/chemitool.com\/#organization"},"potentialAction":[{"@type":"SearchAction","target":{"@type":"EntryPoint","urlTemplate":"https:\/\/chemitool.com\/?s={search_term_string}"},"query-input":"required name=search_term_string"}],"inLanguage":"pt-PT"},{"@type":"ImageObject","@id":"https:\/\/chemitool.com\/pt-pt\/products\/tools\/ferramentas-construcao\/espatulas\/espatula-flexivel-expert\/#primaryimage","inLanguage":"pt-PT","url":"https:\/\/chemitool.com\/wp-content\/uploads\/2023\/10\/CHT200602001400_CHT200602001600.png","contentUrl":"https:\/\/chemitool.com\/wp-content\/uploads\/2023\/10\/CHT200602001400_CHT200602001600.png","width":800,"height":800},{"@type":"WebPage","@id":"https:\/\/chemitool.com\/pt-pt\/products\/tools\/ferramentas-construcao\/espatulas\/espatula-flexivel-expert\/#webpage","url":"https:\/\/chemitool.com\/pt-pt\/products\/tools\/ferramentas-construcao\/espatulas\/espatula-flexivel-expert\/","name":"ESP\u00c1TULA FLEX\u00cdVEL EXPERT &ndash; Chemitool","isPartOf":{"@id":"https:\/\/chemitool.com\/#website"},"primaryImageOfPage":{"@id":"https:\/\/chemitool.com\/pt-pt\/products\/tools\/ferramentas-construcao\/espatulas\/espatula-flexivel-expert\/#primaryimage"},"datePublished":"2023-10-17T14:08:17+00:00","dateModified":"2023-10-17T15:11:13+00:00","description":"Esp\u00e1tula Flex\u00edvel Expert CHEMITOOL \u00e9 uma esp\u00e1tula profissional em a\u00e7o inoxid\u00e1vel de alta qualidade, m\u00e1xima durabilidade sem deteriora\u00e7\u00e3o. Folhas perfeitamente retificadas, alinhadas e polidas, excelente flexibilidade e comodidade durante o trabalho (sem folga). Cabo soft bimaterial com base e n\u00facleo de polipropileno, excelente uni\u00e3o, muito ergon\u00f3mico e resistente a impactos. Para trabalhos de cintagem, acabamento das juntas de placas de gesso laminado e betumagem das cabe\u00e7as dos parafusos.","breadcrumb":{"@id":"https:\/\/chemitool.com\/pt-pt\/products\/tools\/ferramentas-construcao\/espatulas\/espatula-flexivel-expert\/#breadcrumb"},"inLanguage":"pt-PT","potentialAction":[{"@type":"ReadAction","target":["https:\/\/chemitool.com\/pt-pt\/products\/tools\/ferramentas-construcao\/espatulas\/espatula-flexivel-expert\/"]}]},{"@type":"BreadcrumbList","@id":"https:\/\/chemitool.com\/pt-pt\/products\/tools\/ferramentas-construcao\/espatulas\/espatula-flexivel-expert\/#breadcrumb","itemListElement":[{"@type":"ListItem","position":1,"name":"Home","item":"https:\/\/chemitool.com\/pt-pt\/"},{"@type":"ListItem","position":2,"name":"Produtos","item":"https:\/\/chemitool.com\/pt-pt\/produtos\/"},{"@type":"ListItem","position":3,"name":"Tools","item":"https:\/\/chemitool.com\/pt-pt\/categoria-produto\/tools\/"},{"@type":"ListItem","position":4,"name":"Escadas e Escadotes","item":"https:\/\/chemitool.com\/pt-pt\/categoria-produto\/tools\/escadas-e-escadotes\/"},{"@type":"ListItem","position":5,"name":"ESP\u00c1TULA FLEX\u00cdVEL EXPERT"}]}]}},"_links":{"self":[{"href":"https:\/\/chemitool.com\/pt-pt\/wp-json\/wp\/v2\/product\/34753"}],"collection":[{"href":"https:\/\/chemitool.com\/pt-pt\/wp-json\/wp\/v2\/product"}],"about":[{"href":"https:\/\/chemitool.com\/pt-pt\/wp-json\/wp\/v2\/types\/product"}],"wp:featuredmedia":[{"embeddable":true,"href":"https:\/\/chemitool.com\/pt-pt\/wp-json\/wp\/v2\/media\/34755"}],"wp:attachment":[{"href":"https:\/\/chemitool.com\/pt-pt\/wp-json\/wp\/v2\/media?parent=34753"}],"wp:term":[{"taxonomy":"product_cat","embeddable":true,"href":"https:\/\/chemitool.com\/pt-pt\/wp-json\/wp\/v2\/product_cat?post=34753"},{"taxonomy":"product_tag","embeddable":true,"href":"https:\/\/chemitool.com\/pt-pt\/wp-json\/wp\/v2\/product_tag?post=34753"}],"curies":[{"name":"wp","href":"https:\/\/api.w.org\/{rel}","templated":true}]}}