{"id":34686,"date":"2023-10-13T11:03:55","date_gmt":"2023-10-13T11:03:59","guid":{"rendered":"https:\/\/chemitool.com\/?post_type=product&#038;p=34686"},"modified":"2023-10-18T14:55:16","modified_gmt":"2023-10-18T14:55:16","slug":"chemilok-pasta-desoxidante-vedox","status":"publish","type":"product","link":"https:\/\/chemitool.com\/pt-pt\/products\/chemicals\/vedantes-e-bloqueadores\/chemilok-pasta-desoxidante-vedox\/","title":{"rendered":"CHEMILOK PASTA DESOXIDANTE VEDOX"},"content":{"rendered":"<p><strong>VANTAGENS<\/strong><\/p>\n<ul>\n<li>Qualidade profissional<\/li>\n<li>Temperatura m\u00e1xima de utiliza\u00e7\u00e3o \u2013 160\u00ba C<\/li>\n<li>Testada at\u00e9 15 atm. com impossibilidade de secagem com o tempo<\/li>\n<li>Nenhuma perda motivada por endurecimento durante a armazenagem<\/li>\n<li>Resistente aos \u00e1cidos<\/li>\n<li>Resistente \u00e1s vibra\u00e7\u00f5es<\/li>\n<li>Evita a ferrugem<\/li>\n<li>Ap\u00f3s o seu emprego a estanqueidade \u00e9 perfeita<\/li>\n<li>Absor\u00e7\u00e3o de humidade: 2%<\/li>\n<li>Nocividade: Nula<\/li>\n<li>Cor: Verde<\/li>\n<\/ul>\n<p><strong>APLICA\u00c7\u00d5ES<\/strong><\/p>\n<ul>\n<li>Canaliza\u00e7\u00f5es de \u00e1guas quentes e frias<\/li>\n<li>Amon\u00edaco<\/li>\n<li>G\u00e1s butano ou propano<\/li>\n<li>Canaliza\u00e7\u00f5es de ar comprimido<\/li>\n<\/ul>\n","protected":false},"excerpt":{"rendered":"<p><b class=\"sap-label\">SAP:<\/b> <span class=\"codesap-label\"> CHC42010101<\/span><br \/>\n<em>CHEMILOK Pasta Desoxidante Vedox<\/em> \u00e9 uma massa vedante e antioxidante para calafetagem de roscas. O Vedox foi testado at\u00e9 15 atm com impossibilidade de secagem com o tempo e sem perda motivada por endurecimento durante o armazenamento. A Pasta Desoxidante Vedox evita a ferrugem e ap\u00f3s a sua aplica\u00e7\u00e3o a estanqueidade \u00e9 perfeita. Massa especial filerizada por meio de s\u00edlica e aluminia.<\/p>\n","protected":false},"featured_media":34846,"template":"","meta":[],"product_cat":[109,5032],"product_tag":[],"yoast_head":"<!-- This site is optimized with the Yoast SEO plugin v17.4 - https:\/\/yoast.com\/wordpress\/plugins\/seo\/ -->\n<title>CHEMILOK PASTA DESOXIDANTE VEDOX &ndash; Chemitool<\/title>\n<meta name=\"description\" content=\"SAP: CHC42010101 CHEMILOK Pasta Desoxidante Vedox \u00e9 uma massa vedante e antioxidante para calafetagem de roscas. O Vedox foi testado at\u00e9 15 atm com impossibilidade de secagem com o tempo e sem perda motivada por endurecimento durante o armazenamento. A Pasta Desoxidante Vedox evita a ferrugem e ap\u00f3s a sua aplica\u00e7\u00e3o a estanqueidade \u00e9 perfeita. Massa especial filerizada por meio de s\u00edlica e aluminia.\" \/>\n<meta name=\"robots\" content=\"index, follow, max-snippet:-1, max-image-preview:large, max-video-preview:-1\" \/>\n<link rel=\"canonical\" href=\"https:\/\/chemitool.com\/pt-pt\/products\/chemicals\/vedantes-e-bloqueadores\/chemilok-pasta-desoxidante-vedox\/\" \/>\n<meta property=\"og:locale\" content=\"pt_PT\" \/>\n<meta property=\"og:type\" content=\"article\" \/>\n<meta property=\"og:title\" content=\"CHEMILOK PASTA DESOXIDANTE VEDOX &ndash; Chemitool\" \/>\n<meta property=\"og:description\" content=\"SAP: CHC42010101 CHEMILOK Pasta Desoxidante Vedox \u00e9 uma massa vedante e antioxidante para calafetagem de roscas. O Vedox foi testado at\u00e9 15 atm com impossibilidade de secagem com o tempo e sem perda motivada por endurecimento durante o armazenamento. A Pasta Desoxidante Vedox evita a ferrugem e ap\u00f3s a sua aplica\u00e7\u00e3o a estanqueidade \u00e9 perfeita. Massa especial filerizada por meio de s\u00edlica e aluminia.\" \/>\n<meta property=\"og:url\" content=\"https:\/\/chemitool.com\/pt-pt\/products\/chemicals\/vedantes-e-bloqueadores\/chemilok-pasta-desoxidante-vedox\/\" \/>\n<meta property=\"og:site_name\" content=\"Chemitool\" \/>\n<meta property=\"article:publisher\" content=\"https:\/\/www.facebook.com\/chemitool\" \/>\n<meta property=\"article:modified_time\" content=\"2023-10-18T14:55:16+00:00\" \/>\n<meta property=\"og:image\" content=\"https:\/\/chemitool.com\/wp-content\/uploads\/2023\/10\/CHC42010101.png\" \/>\n\t<meta property=\"og:image:width\" content=\"800\" \/>\n\t<meta property=\"og:image:height\" content=\"800\" \/>\n<meta name=\"twitter:card\" content=\"summary_large_image\" \/>\n<script type=\"application\/ld+json\" class=\"yoast-schema-graph\">{\"@context\":\"https:\/\/schema.org\",\"@graph\":[{\"@type\":\"Organization\",\"@id\":\"https:\/\/chemitool.com\/#organization\",\"name\":\"Chemitool\",\"url\":\"https:\/\/chemitool.com\/\",\"sameAs\":[\"https:\/\/www.facebook.com\/chemitool\",\"https:\/\/www.instagram.com\/chemitool\/\"],\"logo\":{\"@type\":\"ImageObject\",\"@id\":\"https:\/\/chemitool.com\/#logo\",\"inLanguage\":\"pt-PT\",\"url\":\"https:\/\/chemitool.com\/wp-content\/uploads\/2020\/10\/logo_chemitool.png\",\"contentUrl\":\"https:\/\/chemitool.com\/wp-content\/uploads\/2020\/10\/logo_chemitool.png\",\"width\":400,\"height\":400,\"caption\":\"Chemitool\"},\"image\":{\"@id\":\"https:\/\/chemitool.com\/#logo\"}},{\"@type\":\"WebSite\",\"@id\":\"https:\/\/chemitool.com\/#website\",\"url\":\"https:\/\/chemitool.com\/\",\"name\":\"Chemitool\",\"description\":\"Chemitool - hardware and tools\",\"publisher\":{\"@id\":\"https:\/\/chemitool.com\/#organization\"},\"potentialAction\":[{\"@type\":\"SearchAction\",\"target\":{\"@type\":\"EntryPoint\",\"urlTemplate\":\"https:\/\/chemitool.com\/?s={search_term_string}\"},\"query-input\":\"required name=search_term_string\"}],\"inLanguage\":\"pt-PT\"},{\"@type\":\"ImageObject\",\"@id\":\"https:\/\/chemitool.com\/pt-pt\/products\/chemicals\/vedantes-e-bloqueadores\/chemilok-pasta-desoxidante-vedox\/#primaryimage\",\"inLanguage\":\"pt-PT\",\"url\":\"https:\/\/chemitool.com\/wp-content\/uploads\/2023\/10\/CHC42010101.png\",\"contentUrl\":\"https:\/\/chemitool.com\/wp-content\/uploads\/2023\/10\/CHC42010101.png\",\"width\":800,\"height\":800},{\"@type\":\"WebPage\",\"@id\":\"https:\/\/chemitool.com\/pt-pt\/products\/chemicals\/vedantes-e-bloqueadores\/chemilok-pasta-desoxidante-vedox\/#webpage\",\"url\":\"https:\/\/chemitool.com\/pt-pt\/products\/chemicals\/vedantes-e-bloqueadores\/chemilok-pasta-desoxidante-vedox\/\",\"name\":\"CHEMILOK PASTA DESOXIDANTE VEDOX &ndash; Chemitool\",\"isPartOf\":{\"@id\":\"https:\/\/chemitool.com\/#website\"},\"primaryImageOfPage\":{\"@id\":\"https:\/\/chemitool.com\/pt-pt\/products\/chemicals\/vedantes-e-bloqueadores\/chemilok-pasta-desoxidante-vedox\/#primaryimage\"},\"datePublished\":\"2023-10-13T11:03:59+00:00\",\"dateModified\":\"2023-10-18T14:55:16+00:00\",\"description\":\"SAP: CHC42010101 CHEMILOK Pasta Desoxidante Vedox \\u00e9 uma massa vedante e antioxidante para calafetagem de roscas. O Vedox foi testado at\\u00e9 15 atm com impossibilidade de secagem com o tempo e sem perda motivada por endurecimento durante o armazenamento. A Pasta Desoxidante Vedox evita a ferrugem e ap\\u00f3s a sua aplica\\u00e7\\u00e3o a estanqueidade \\u00e9 perfeita. Massa especial filerizada por meio de s\\u00edlica e aluminia.\",\"breadcrumb\":{\"@id\":\"https:\/\/chemitool.com\/pt-pt\/products\/chemicals\/vedantes-e-bloqueadores\/chemilok-pasta-desoxidante-vedox\/#breadcrumb\"},\"inLanguage\":\"pt-PT\",\"potentialAction\":[{\"@type\":\"ReadAction\",\"target\":[\"https:\/\/chemitool.com\/pt-pt\/products\/chemicals\/vedantes-e-bloqueadores\/chemilok-pasta-desoxidante-vedox\/\"]}]},{\"@type\":\"BreadcrumbList\",\"@id\":\"https:\/\/chemitool.com\/pt-pt\/products\/chemicals\/vedantes-e-bloqueadores\/chemilok-pasta-desoxidante-vedox\/#breadcrumb\",\"itemListElement\":[{\"@type\":\"ListItem\",\"position\":1,\"name\":\"Home\",\"item\":\"https:\/\/chemitool.com\/pt-pt\/\"},{\"@type\":\"ListItem\",\"position\":2,\"name\":\"Produtos\",\"item\":\"https:\/\/chemitool.com\/pt-pt\/produtos\/\"},{\"@type\":\"ListItem\",\"position\":3,\"name\":\"Chemicals\",\"item\":\"https:\/\/chemitool.com\/product-category\/chemical-products\/\"},{\"@type\":\"ListItem\",\"position\":4,\"name\":\"CHEMILOK PASTA DESOXIDANTE VEDOX\"}]}]}<\/script>\n<!-- \/ Yoast SEO plugin. -->","yoast_head_json":{"title":"CHEMILOK PASTA DESOXIDANTE VEDOX &ndash; Chemitool","description":"SAP: CHC42010101 CHEMILOK Pasta Desoxidante Vedox \u00e9 uma massa vedante e antioxidante para calafetagem de roscas. O Vedox foi testado at\u00e9 15 atm com impossibilidade de secagem com o tempo e sem perda motivada por endurecimento durante o armazenamento. A Pasta Desoxidante Vedox evita a ferrugem e ap\u00f3s a sua aplica\u00e7\u00e3o a estanqueidade \u00e9 perfeita. Massa especial filerizada por meio de s\u00edlica e aluminia.","robots":{"index":"index","follow":"follow","max-snippet":"max-snippet:-1","max-image-preview":"max-image-preview:large","max-video-preview":"max-video-preview:-1"},"canonical":"https:\/\/chemitool.com\/pt-pt\/products\/chemicals\/vedantes-e-bloqueadores\/chemilok-pasta-desoxidante-vedox\/","og_locale":"pt_PT","og_type":"article","og_title":"CHEMILOK PASTA DESOXIDANTE VEDOX &ndash; Chemitool","og_description":"SAP: CHC42010101 CHEMILOK Pasta Desoxidante Vedox \u00e9 uma massa vedante e antioxidante para calafetagem de roscas. O Vedox foi testado at\u00e9 15 atm com impossibilidade de secagem com o tempo e sem perda motivada por endurecimento durante o armazenamento. A Pasta Desoxidante Vedox evita a ferrugem e ap\u00f3s a sua aplica\u00e7\u00e3o a estanqueidade \u00e9 perfeita. Massa especial filerizada por meio de s\u00edlica e aluminia.","og_url":"https:\/\/chemitool.com\/pt-pt\/products\/chemicals\/vedantes-e-bloqueadores\/chemilok-pasta-desoxidante-vedox\/","og_site_name":"Chemitool","article_publisher":"https:\/\/www.facebook.com\/chemitool","article_modified_time":"2023-10-18T14:55:16+00:00","og_image":[{"width":800,"height":800,"url":"https:\/\/chemitool.com\/wp-content\/uploads\/2023\/10\/CHC42010101.png","type":"image\/png"}],"twitter_card":"summary_large_image","schema":{"@context":"https:\/\/schema.org","@graph":[{"@type":"Organization","@id":"https:\/\/chemitool.com\/#organization","name":"Chemitool","url":"https:\/\/chemitool.com\/","sameAs":["https:\/\/www.facebook.com\/chemitool","https:\/\/www.instagram.com\/chemitool\/"],"logo":{"@type":"ImageObject","@id":"https:\/\/chemitool.com\/#logo","inLanguage":"pt-PT","url":"https:\/\/chemitool.com\/wp-content\/uploads\/2020\/10\/logo_chemitool.png","contentUrl":"https:\/\/chemitool.com\/wp-content\/uploads\/2020\/10\/logo_chemitool.png","width":400,"height":400,"caption":"Chemitool"},"image":{"@id":"https:\/\/chemitool.com\/#logo"}},{"@type":"WebSite","@id":"https:\/\/chemitool.com\/#website","url":"https:\/\/chemitool.com\/","name":"Chemitool","description":"Chemitool - hardware and tools","publisher":{"@id":"https:\/\/chemitool.com\/#organization"},"potentialAction":[{"@type":"SearchAction","target":{"@type":"EntryPoint","urlTemplate":"https:\/\/chemitool.com\/?s={search_term_string}"},"query-input":"required name=search_term_string"}],"inLanguage":"pt-PT"},{"@type":"ImageObject","@id":"https:\/\/chemitool.com\/pt-pt\/products\/chemicals\/vedantes-e-bloqueadores\/chemilok-pasta-desoxidante-vedox\/#primaryimage","inLanguage":"pt-PT","url":"https:\/\/chemitool.com\/wp-content\/uploads\/2023\/10\/CHC42010101.png","contentUrl":"https:\/\/chemitool.com\/wp-content\/uploads\/2023\/10\/CHC42010101.png","width":800,"height":800},{"@type":"WebPage","@id":"https:\/\/chemitool.com\/pt-pt\/products\/chemicals\/vedantes-e-bloqueadores\/chemilok-pasta-desoxidante-vedox\/#webpage","url":"https:\/\/chemitool.com\/pt-pt\/products\/chemicals\/vedantes-e-bloqueadores\/chemilok-pasta-desoxidante-vedox\/","name":"CHEMILOK PASTA DESOXIDANTE VEDOX &ndash; Chemitool","isPartOf":{"@id":"https:\/\/chemitool.com\/#website"},"primaryImageOfPage":{"@id":"https:\/\/chemitool.com\/pt-pt\/products\/chemicals\/vedantes-e-bloqueadores\/chemilok-pasta-desoxidante-vedox\/#primaryimage"},"datePublished":"2023-10-13T11:03:59+00:00","dateModified":"2023-10-18T14:55:16+00:00","description":"SAP: CHC42010101 CHEMILOK Pasta Desoxidante Vedox \u00e9 uma massa vedante e antioxidante para calafetagem de roscas. O Vedox foi testado at\u00e9 15 atm com impossibilidade de secagem com o tempo e sem perda motivada por endurecimento durante o armazenamento. A Pasta Desoxidante Vedox evita a ferrugem e ap\u00f3s a sua aplica\u00e7\u00e3o a estanqueidade \u00e9 perfeita. Massa especial filerizada por meio de s\u00edlica e aluminia.","breadcrumb":{"@id":"https:\/\/chemitool.com\/pt-pt\/products\/chemicals\/vedantes-e-bloqueadores\/chemilok-pasta-desoxidante-vedox\/#breadcrumb"},"inLanguage":"pt-PT","potentialAction":[{"@type":"ReadAction","target":["https:\/\/chemitool.com\/pt-pt\/products\/chemicals\/vedantes-e-bloqueadores\/chemilok-pasta-desoxidante-vedox\/"]}]},{"@type":"BreadcrumbList","@id":"https:\/\/chemitool.com\/pt-pt\/products\/chemicals\/vedantes-e-bloqueadores\/chemilok-pasta-desoxidante-vedox\/#breadcrumb","itemListElement":[{"@type":"ListItem","position":1,"name":"Home","item":"https:\/\/chemitool.com\/pt-pt\/"},{"@type":"ListItem","position":2,"name":"Produtos","item":"https:\/\/chemitool.com\/pt-pt\/produtos\/"},{"@type":"ListItem","position":3,"name":"Chemicals","item":"https:\/\/chemitool.com\/product-category\/chemical-products\/"},{"@type":"ListItem","position":4,"name":"CHEMILOK PASTA DESOXIDANTE VEDOX"}]}]}},"_links":{"self":[{"href":"https:\/\/chemitool.com\/pt-pt\/wp-json\/wp\/v2\/product\/34686"}],"collection":[{"href":"https:\/\/chemitool.com\/pt-pt\/wp-json\/wp\/v2\/product"}],"about":[{"href":"https:\/\/chemitool.com\/pt-pt\/wp-json\/wp\/v2\/types\/product"}],"wp:featuredmedia":[{"embeddable":true,"href":"https:\/\/chemitool.com\/pt-pt\/wp-json\/wp\/v2\/media\/34846"}],"wp:attachment":[{"href":"https:\/\/chemitool.com\/pt-pt\/wp-json\/wp\/v2\/media?parent=34686"}],"wp:term":[{"taxonomy":"product_cat","embeddable":true,"href":"https:\/\/chemitool.com\/pt-pt\/wp-json\/wp\/v2\/product_cat?post=34686"},{"taxonomy":"product_tag","embeddable":true,"href":"https:\/\/chemitool.com\/pt-pt\/wp-json\/wp\/v2\/product_tag?post=34686"}],"curies":[{"name":"wp","href":"https:\/\/api.w.org\/{rel}","templated":true}]}}