{"id":34654,"date":"2023-10-09T15:09:38","date_gmt":"2023-10-09T15:09:40","guid":{"rendered":"https:\/\/chemitool.com\/?post_type=product&#038;p=34654"},"modified":"2023-10-11T10:43:00","modified_gmt":"2023-10-11T10:43:00","slug":"vareta-misturadora","status":"publish","type":"product","link":"https:\/\/chemitool.com\/pt-pt\/products\/tools\/ferramentas-construcao\/varetas-misturadoras\/vareta-misturadora\/","title":{"rendered":"VARETA MISTURADORA"},"content":{"rendered":"<ul>\n<li>Durante a mistura, estas p\u00e1s criam um v\u00f3rtice, resultando numa consist\u00eancia suave e uniforme da tinta.<\/li>\n<li>Ao utilizar o agitador, temos a garantia de uma tinta uniforme de cor sem estrias.<\/li>\n<\/ul>\n","protected":false},"excerpt":{"rendered":"<p><b class=\"sap-label\">SAP:<\/b> <span class=\"codesap-label\"> CHT201308040008 <\/span><\/p>\n<p><em>Vareta Misturadora CHEMITOOL\u00a0<\/em>tem um agitador de tinta com uma vareta de a\u00e7o galvanizado que est\u00e1 permanentemente ligada por uma ta\u00e7a. O copo \u00e9 feito de pl\u00e1stico dur\u00e1vel, e \u00e9 concebido com l\u00e2minas curvas. Pode ser montado com um mandril de perfura\u00e7\u00e3o cl\u00e1ssico.<\/p>\n","protected":false},"featured_media":34641,"template":"","meta":[],"product_cat":[1455,3836,5002],"product_tag":[4172],"yoast_head":"<!-- This site is optimized with the Yoast SEO plugin v17.4 - https:\/\/yoast.com\/wordpress\/plugins\/seo\/ -->\n<title>VARETA MISTURADORA &ndash; Chemitool<\/title>\n<meta name=\"description\" content=\"SAP: CHT201308040008   Vareta Misturadora CHEMITOOL\u00a0tem um agitador de tinta com uma vareta de a\u00e7o galvanizado que est\u00e1 permanentemente ligada por uma ta\u00e7a. O copo \u00e9 feito de pl\u00e1stico dur\u00e1vel, e \u00e9 concebido com l\u00e2minas curvas. Pode ser montado com um mandril de perfura\u00e7\u00e3o cl\u00e1ssico.\" \/>\n<meta name=\"robots\" content=\"index, follow, max-snippet:-1, max-image-preview:large, max-video-preview:-1\" \/>\n<link rel=\"canonical\" href=\"https:\/\/chemitool.com\/pt-pt\/products\/tools\/ferramentas-construcao\/varetas-misturadoras\/vareta-misturadora\/\" \/>\n<meta property=\"og:locale\" content=\"pt_PT\" \/>\n<meta property=\"og:type\" content=\"article\" \/>\n<meta property=\"og:title\" content=\"VARETA MISTURADORA &ndash; Chemitool\" \/>\n<meta property=\"og:description\" content=\"SAP: CHT201308040008   Vareta Misturadora CHEMITOOL\u00a0tem um agitador de tinta com uma vareta de a\u00e7o galvanizado que est\u00e1 permanentemente ligada por uma ta\u00e7a. O copo \u00e9 feito de pl\u00e1stico dur\u00e1vel, e \u00e9 concebido com l\u00e2minas curvas. Pode ser montado com um mandril de perfura\u00e7\u00e3o cl\u00e1ssico.\" \/>\n<meta property=\"og:url\" content=\"https:\/\/chemitool.com\/pt-pt\/products\/tools\/ferramentas-construcao\/varetas-misturadoras\/vareta-misturadora\/\" \/>\n<meta property=\"og:site_name\" content=\"Chemitool\" \/>\n<meta property=\"article:publisher\" content=\"https:\/\/www.facebook.com\/chemitool\" \/>\n<meta property=\"article:modified_time\" content=\"2023-10-11T10:43:00+00:00\" \/>\n<meta property=\"og:image\" content=\"https:\/\/chemitool.com\/wp-content\/uploads\/2023\/10\/CHT201308040008.png\" \/>\n\t<meta property=\"og:image:width\" content=\"750\" \/>\n\t<meta property=\"og:image:height\" content=\"750\" \/>\n<meta name=\"twitter:card\" content=\"summary_large_image\" \/>\n<script type=\"application\/ld+json\" class=\"yoast-schema-graph\">{\"@context\":\"https:\/\/schema.org\",\"@graph\":[{\"@type\":\"Organization\",\"@id\":\"https:\/\/chemitool.com\/#organization\",\"name\":\"Chemitool\",\"url\":\"https:\/\/chemitool.com\/\",\"sameAs\":[\"https:\/\/www.facebook.com\/chemitool\",\"https:\/\/www.instagram.com\/chemitool\/\"],\"logo\":{\"@type\":\"ImageObject\",\"@id\":\"https:\/\/chemitool.com\/#logo\",\"inLanguage\":\"pt-PT\",\"url\":\"https:\/\/chemitool.com\/wp-content\/uploads\/2020\/10\/logo_chemitool.png\",\"contentUrl\":\"https:\/\/chemitool.com\/wp-content\/uploads\/2020\/10\/logo_chemitool.png\",\"width\":400,\"height\":400,\"caption\":\"Chemitool\"},\"image\":{\"@id\":\"https:\/\/chemitool.com\/#logo\"}},{\"@type\":\"WebSite\",\"@id\":\"https:\/\/chemitool.com\/#website\",\"url\":\"https:\/\/chemitool.com\/\",\"name\":\"Chemitool\",\"description\":\"Chemitool - hardware and tools\",\"publisher\":{\"@id\":\"https:\/\/chemitool.com\/#organization\"},\"potentialAction\":[{\"@type\":\"SearchAction\",\"target\":{\"@type\":\"EntryPoint\",\"urlTemplate\":\"https:\/\/chemitool.com\/?s={search_term_string}\"},\"query-input\":\"required name=search_term_string\"}],\"inLanguage\":\"pt-PT\"},{\"@type\":\"ImageObject\",\"@id\":\"https:\/\/chemitool.com\/pt-pt\/products\/tools\/ferramentas-construcao\/varetas-misturadoras\/vareta-misturadora\/#primaryimage\",\"inLanguage\":\"pt-PT\",\"url\":\"https:\/\/chemitool.com\/wp-content\/uploads\/2023\/10\/CHT201308040008.png\",\"contentUrl\":\"https:\/\/chemitool.com\/wp-content\/uploads\/2023\/10\/CHT201308040008.png\",\"width\":750,\"height\":750},{\"@type\":\"WebPage\",\"@id\":\"https:\/\/chemitool.com\/pt-pt\/products\/tools\/ferramentas-construcao\/varetas-misturadoras\/vareta-misturadora\/#webpage\",\"url\":\"https:\/\/chemitool.com\/pt-pt\/products\/tools\/ferramentas-construcao\/varetas-misturadoras\/vareta-misturadora\/\",\"name\":\"VARETA MISTURADORA &ndash; Chemitool\",\"isPartOf\":{\"@id\":\"https:\/\/chemitool.com\/#website\"},\"primaryImageOfPage\":{\"@id\":\"https:\/\/chemitool.com\/pt-pt\/products\/tools\/ferramentas-construcao\/varetas-misturadoras\/vareta-misturadora\/#primaryimage\"},\"datePublished\":\"2023-10-09T15:09:40+00:00\",\"dateModified\":\"2023-10-11T10:43:00+00:00\",\"description\":\"SAP: CHT201308040008 Vareta Misturadora CHEMITOOL\\u00a0tem um agitador de tinta com uma vareta de a\\u00e7o galvanizado que est\\u00e1 permanentemente ligada por uma ta\\u00e7a. O copo \\u00e9 feito de pl\\u00e1stico dur\\u00e1vel, e \\u00e9 concebido com l\\u00e2minas curvas. Pode ser montado com um mandril de perfura\\u00e7\\u00e3o cl\\u00e1ssico.\",\"breadcrumb\":{\"@id\":\"https:\/\/chemitool.com\/pt-pt\/products\/tools\/ferramentas-construcao\/varetas-misturadoras\/vareta-misturadora\/#breadcrumb\"},\"inLanguage\":\"pt-PT\",\"potentialAction\":[{\"@type\":\"ReadAction\",\"target\":[\"https:\/\/chemitool.com\/pt-pt\/products\/tools\/ferramentas-construcao\/varetas-misturadoras\/vareta-misturadora\/\"]}]},{\"@type\":\"BreadcrumbList\",\"@id\":\"https:\/\/chemitool.com\/pt-pt\/products\/tools\/ferramentas-construcao\/varetas-misturadoras\/vareta-misturadora\/#breadcrumb\",\"itemListElement\":[{\"@type\":\"ListItem\",\"position\":1,\"name\":\"Home\",\"item\":\"https:\/\/chemitool.com\/pt-pt\/\"},{\"@type\":\"ListItem\",\"position\":2,\"name\":\"Produtos\",\"item\":\"https:\/\/chemitool.com\/pt-pt\/produtos\/\"},{\"@type\":\"ListItem\",\"position\":3,\"name\":\"Tools\",\"item\":\"https:\/\/chemitool.com\/pt-pt\/categoria-produto\/tools\/\"},{\"@type\":\"ListItem\",\"position\":4,\"name\":\"Escadas e Escadotes\",\"item\":\"https:\/\/chemitool.com\/pt-pt\/categoria-produto\/tools\/escadas-e-escadotes\/\"},{\"@type\":\"ListItem\",\"position\":5,\"name\":\"VARETA MISTURADORA\"}]}]}<\/script>\n<!-- \/ Yoast SEO plugin. -->","yoast_head_json":{"title":"VARETA MISTURADORA &ndash; Chemitool","description":"SAP: CHT201308040008   Vareta Misturadora CHEMITOOL\u00a0tem um agitador de tinta com uma vareta de a\u00e7o galvanizado que est\u00e1 permanentemente ligada por uma ta\u00e7a. O copo \u00e9 feito de pl\u00e1stico dur\u00e1vel, e \u00e9 concebido com l\u00e2minas curvas. Pode ser montado com um mandril de perfura\u00e7\u00e3o cl\u00e1ssico.","robots":{"index":"index","follow":"follow","max-snippet":"max-snippet:-1","max-image-preview":"max-image-preview:large","max-video-preview":"max-video-preview:-1"},"canonical":"https:\/\/chemitool.com\/pt-pt\/products\/tools\/ferramentas-construcao\/varetas-misturadoras\/vareta-misturadora\/","og_locale":"pt_PT","og_type":"article","og_title":"VARETA MISTURADORA &ndash; Chemitool","og_description":"SAP: CHT201308040008   Vareta Misturadora CHEMITOOL\u00a0tem um agitador de tinta com uma vareta de a\u00e7o galvanizado que est\u00e1 permanentemente ligada por uma ta\u00e7a. O copo \u00e9 feito de pl\u00e1stico dur\u00e1vel, e \u00e9 concebido com l\u00e2minas curvas. Pode ser montado com um mandril de perfura\u00e7\u00e3o cl\u00e1ssico.","og_url":"https:\/\/chemitool.com\/pt-pt\/products\/tools\/ferramentas-construcao\/varetas-misturadoras\/vareta-misturadora\/","og_site_name":"Chemitool","article_publisher":"https:\/\/www.facebook.com\/chemitool","article_modified_time":"2023-10-11T10:43:00+00:00","og_image":[{"width":750,"height":750,"url":"https:\/\/chemitool.com\/wp-content\/uploads\/2023\/10\/CHT201308040008.png","type":"image\/png"}],"twitter_card":"summary_large_image","schema":{"@context":"https:\/\/schema.org","@graph":[{"@type":"Organization","@id":"https:\/\/chemitool.com\/#organization","name":"Chemitool","url":"https:\/\/chemitool.com\/","sameAs":["https:\/\/www.facebook.com\/chemitool","https:\/\/www.instagram.com\/chemitool\/"],"logo":{"@type":"ImageObject","@id":"https:\/\/chemitool.com\/#logo","inLanguage":"pt-PT","url":"https:\/\/chemitool.com\/wp-content\/uploads\/2020\/10\/logo_chemitool.png","contentUrl":"https:\/\/chemitool.com\/wp-content\/uploads\/2020\/10\/logo_chemitool.png","width":400,"height":400,"caption":"Chemitool"},"image":{"@id":"https:\/\/chemitool.com\/#logo"}},{"@type":"WebSite","@id":"https:\/\/chemitool.com\/#website","url":"https:\/\/chemitool.com\/","name":"Chemitool","description":"Chemitool - hardware and tools","publisher":{"@id":"https:\/\/chemitool.com\/#organization"},"potentialAction":[{"@type":"SearchAction","target":{"@type":"EntryPoint","urlTemplate":"https:\/\/chemitool.com\/?s={search_term_string}"},"query-input":"required name=search_term_string"}],"inLanguage":"pt-PT"},{"@type":"ImageObject","@id":"https:\/\/chemitool.com\/pt-pt\/products\/tools\/ferramentas-construcao\/varetas-misturadoras\/vareta-misturadora\/#primaryimage","inLanguage":"pt-PT","url":"https:\/\/chemitool.com\/wp-content\/uploads\/2023\/10\/CHT201308040008.png","contentUrl":"https:\/\/chemitool.com\/wp-content\/uploads\/2023\/10\/CHT201308040008.png","width":750,"height":750},{"@type":"WebPage","@id":"https:\/\/chemitool.com\/pt-pt\/products\/tools\/ferramentas-construcao\/varetas-misturadoras\/vareta-misturadora\/#webpage","url":"https:\/\/chemitool.com\/pt-pt\/products\/tools\/ferramentas-construcao\/varetas-misturadoras\/vareta-misturadora\/","name":"VARETA MISTURADORA &ndash; Chemitool","isPartOf":{"@id":"https:\/\/chemitool.com\/#website"},"primaryImageOfPage":{"@id":"https:\/\/chemitool.com\/pt-pt\/products\/tools\/ferramentas-construcao\/varetas-misturadoras\/vareta-misturadora\/#primaryimage"},"datePublished":"2023-10-09T15:09:40+00:00","dateModified":"2023-10-11T10:43:00+00:00","description":"SAP: CHT201308040008 Vareta Misturadora CHEMITOOL\u00a0tem um agitador de tinta com uma vareta de a\u00e7o galvanizado que est\u00e1 permanentemente ligada por uma ta\u00e7a. O copo \u00e9 feito de pl\u00e1stico dur\u00e1vel, e \u00e9 concebido com l\u00e2minas curvas. Pode ser montado com um mandril de perfura\u00e7\u00e3o cl\u00e1ssico.","breadcrumb":{"@id":"https:\/\/chemitool.com\/pt-pt\/products\/tools\/ferramentas-construcao\/varetas-misturadoras\/vareta-misturadora\/#breadcrumb"},"inLanguage":"pt-PT","potentialAction":[{"@type":"ReadAction","target":["https:\/\/chemitool.com\/pt-pt\/products\/tools\/ferramentas-construcao\/varetas-misturadoras\/vareta-misturadora\/"]}]},{"@type":"BreadcrumbList","@id":"https:\/\/chemitool.com\/pt-pt\/products\/tools\/ferramentas-construcao\/varetas-misturadoras\/vareta-misturadora\/#breadcrumb","itemListElement":[{"@type":"ListItem","position":1,"name":"Home","item":"https:\/\/chemitool.com\/pt-pt\/"},{"@type":"ListItem","position":2,"name":"Produtos","item":"https:\/\/chemitool.com\/pt-pt\/produtos\/"},{"@type":"ListItem","position":3,"name":"Tools","item":"https:\/\/chemitool.com\/pt-pt\/categoria-produto\/tools\/"},{"@type":"ListItem","position":4,"name":"Escadas e Escadotes","item":"https:\/\/chemitool.com\/pt-pt\/categoria-produto\/tools\/escadas-e-escadotes\/"},{"@type":"ListItem","position":5,"name":"VARETA MISTURADORA"}]}]}},"_links":{"self":[{"href":"https:\/\/chemitool.com\/pt-pt\/wp-json\/wp\/v2\/product\/34654"}],"collection":[{"href":"https:\/\/chemitool.com\/pt-pt\/wp-json\/wp\/v2\/product"}],"about":[{"href":"https:\/\/chemitool.com\/pt-pt\/wp-json\/wp\/v2\/types\/product"}],"wp:featuredmedia":[{"embeddable":true,"href":"https:\/\/chemitool.com\/pt-pt\/wp-json\/wp\/v2\/media\/34641"}],"wp:attachment":[{"href":"https:\/\/chemitool.com\/pt-pt\/wp-json\/wp\/v2\/media?parent=34654"}],"wp:term":[{"taxonomy":"product_cat","embeddable":true,"href":"https:\/\/chemitool.com\/pt-pt\/wp-json\/wp\/v2\/product_cat?post=34654"},{"taxonomy":"product_tag","embeddable":true,"href":"https:\/\/chemitool.com\/pt-pt\/wp-json\/wp\/v2\/product_tag?post=34654"}],"curies":[{"name":"wp","href":"https:\/\/api.w.org\/{rel}","templated":true}]}}