{"id":34624,"date":"2023-10-09T14:48:31","date_gmt":"2023-10-09T14:48:32","guid":{"rendered":"https:\/\/chemitool.com\/?post_type=product&#038;p=34624"},"modified":"2024-10-22T10:14:34","modified_gmt":"2024-10-22T10:14:34","slug":"vareta-misturadora-m14","status":"publish","type":"product","link":"https:\/\/chemitool.com\/pt-pt\/products\/tools\/ferramentas-construcao\/varetas-misturadoras\/vareta-misturadora-m14\/","title":{"rendered":"VARETA MISTURADORA M14"},"content":{"rendered":"<ul>\n<li>Vara refor\u00e7ada de a\u00e7o de alta qualidade para m\u00e1quinas misturadoras.<\/li>\n<li>Para misturar tintas, argamassas adesivas, massas de enchimento de fissuras, cola de cimento, argamassa r\u00e1pida e argamassas de forma r\u00e1pida e f\u00e1cil.<\/li>\n<li>Atinge misturas homog\u00e9neas.<\/li>\n<\/ul>\n","protected":false},"excerpt":{"rendered":"<p><em>Vareta Misturadora M14 CHEMITOOL <\/em>refor\u00e7ada com a\u00e7o de alta qualidade para m\u00e1quina misturadora com M14. Para misturar tintas, argamassas r\u00e1pidas e colantes, massas de enchimento de fissuras e cimento cola.<\/p>\n","protected":false},"featured_media":34579,"template":"","meta":[],"product_cat":[1455,3836,5002],"product_tag":[4172],"yoast_head":"<!-- This site is optimized with the Yoast SEO plugin v17.4 - https:\/\/yoast.com\/wordpress\/plugins\/seo\/ -->\n<title>VARETA MISTURADORA M14 &ndash; Chemitool<\/title>\n<meta name=\"description\" content=\"Vareta Misturadora M14 CHEMITOOL refor\u00e7ada com a\u00e7o de alta qualidade para m\u00e1quina misturadora com M14. Para misturar tintas, argamassas r\u00e1pidas e colantes, massas de enchimento de fissuras e cimento cola.\" \/>\n<meta name=\"robots\" content=\"index, follow, max-snippet:-1, max-image-preview:large, max-video-preview:-1\" \/>\n<link rel=\"canonical\" href=\"https:\/\/chemitool.com\/pt-pt\/products\/tools\/ferramentas-construcao\/varetas-misturadoras\/vareta-misturadora-m14\/\" \/>\n<meta property=\"og:locale\" content=\"pt_PT\" \/>\n<meta property=\"og:type\" content=\"article\" \/>\n<meta property=\"og:title\" content=\"VARETA MISTURADORA M14 &ndash; Chemitool\" \/>\n<meta property=\"og:description\" content=\"Vareta Misturadora M14 CHEMITOOL refor\u00e7ada com a\u00e7o de alta qualidade para m\u00e1quina misturadora com M14. Para misturar tintas, argamassas r\u00e1pidas e colantes, massas de enchimento de fissuras e cimento cola.\" \/>\n<meta property=\"og:url\" content=\"https:\/\/chemitool.com\/pt-pt\/products\/tools\/ferramentas-construcao\/varetas-misturadoras\/vareta-misturadora-m14\/\" \/>\n<meta property=\"og:site_name\" content=\"Chemitool\" \/>\n<meta property=\"article:publisher\" content=\"https:\/\/www.facebook.com\/chemitool\" \/>\n<meta property=\"article:modified_time\" content=\"2024-10-22T10:14:34+00:00\" \/>\n<meta property=\"og:image\" content=\"https:\/\/chemitool.com\/wp-content\/uploads\/2023\/10\/CHT201210060012_CHT201212060014_CHT201214060014.png\" \/>\n\t<meta property=\"og:image:width\" content=\"800\" \/>\n\t<meta property=\"og:image:height\" content=\"800\" \/>\n<meta name=\"twitter:card\" content=\"summary_large_image\" \/>\n<script type=\"application\/ld+json\" class=\"yoast-schema-graph\">{\"@context\":\"https:\/\/schema.org\",\"@graph\":[{\"@type\":\"Organization\",\"@id\":\"https:\/\/chemitool.com\/#organization\",\"name\":\"Chemitool\",\"url\":\"https:\/\/chemitool.com\/\",\"sameAs\":[\"https:\/\/www.facebook.com\/chemitool\",\"https:\/\/www.instagram.com\/chemitool\/\"],\"logo\":{\"@type\":\"ImageObject\",\"@id\":\"https:\/\/chemitool.com\/#logo\",\"inLanguage\":\"pt-PT\",\"url\":\"https:\/\/chemitool.com\/wp-content\/uploads\/2020\/10\/logo_chemitool.png\",\"contentUrl\":\"https:\/\/chemitool.com\/wp-content\/uploads\/2020\/10\/logo_chemitool.png\",\"width\":400,\"height\":400,\"caption\":\"Chemitool\"},\"image\":{\"@id\":\"https:\/\/chemitool.com\/#logo\"}},{\"@type\":\"WebSite\",\"@id\":\"https:\/\/chemitool.com\/#website\",\"url\":\"https:\/\/chemitool.com\/\",\"name\":\"Chemitool\",\"description\":\"Chemitool - hardware and tools\",\"publisher\":{\"@id\":\"https:\/\/chemitool.com\/#organization\"},\"potentialAction\":[{\"@type\":\"SearchAction\",\"target\":{\"@type\":\"EntryPoint\",\"urlTemplate\":\"https:\/\/chemitool.com\/?s={search_term_string}\"},\"query-input\":\"required name=search_term_string\"}],\"inLanguage\":\"pt-PT\"},{\"@type\":\"ImageObject\",\"@id\":\"https:\/\/chemitool.com\/pt-pt\/products\/tools\/ferramentas-construcao\/varetas-misturadoras\/vareta-misturadora-m14\/#primaryimage\",\"inLanguage\":\"pt-PT\",\"url\":\"https:\/\/chemitool.com\/wp-content\/uploads\/2023\/10\/CHT201210060012_CHT201212060014_CHT201214060014.png\",\"contentUrl\":\"https:\/\/chemitool.com\/wp-content\/uploads\/2023\/10\/CHT201210060012_CHT201212060014_CHT201214060014.png\",\"width\":800,\"height\":800},{\"@type\":\"WebPage\",\"@id\":\"https:\/\/chemitool.com\/pt-pt\/products\/tools\/ferramentas-construcao\/varetas-misturadoras\/vareta-misturadora-m14\/#webpage\",\"url\":\"https:\/\/chemitool.com\/pt-pt\/products\/tools\/ferramentas-construcao\/varetas-misturadoras\/vareta-misturadora-m14\/\",\"name\":\"VARETA MISTURADORA M14 &ndash; Chemitool\",\"isPartOf\":{\"@id\":\"https:\/\/chemitool.com\/#website\"},\"primaryImageOfPage\":{\"@id\":\"https:\/\/chemitool.com\/pt-pt\/products\/tools\/ferramentas-construcao\/varetas-misturadoras\/vareta-misturadora-m14\/#primaryimage\"},\"datePublished\":\"2023-10-09T14:48:32+00:00\",\"dateModified\":\"2024-10-22T10:14:34+00:00\",\"description\":\"Vareta Misturadora M14 CHEMITOOL refor\\u00e7ada com a\\u00e7o de alta qualidade para m\\u00e1quina misturadora com M14. Para misturar tintas, argamassas r\\u00e1pidas e colantes, massas de enchimento de fissuras e cimento cola.\",\"breadcrumb\":{\"@id\":\"https:\/\/chemitool.com\/pt-pt\/products\/tools\/ferramentas-construcao\/varetas-misturadoras\/vareta-misturadora-m14\/#breadcrumb\"},\"inLanguage\":\"pt-PT\",\"potentialAction\":[{\"@type\":\"ReadAction\",\"target\":[\"https:\/\/chemitool.com\/pt-pt\/products\/tools\/ferramentas-construcao\/varetas-misturadoras\/vareta-misturadora-m14\/\"]}]},{\"@type\":\"BreadcrumbList\",\"@id\":\"https:\/\/chemitool.com\/pt-pt\/products\/tools\/ferramentas-construcao\/varetas-misturadoras\/vareta-misturadora-m14\/#breadcrumb\",\"itemListElement\":[{\"@type\":\"ListItem\",\"position\":1,\"name\":\"Home\",\"item\":\"https:\/\/chemitool.com\/pt-pt\/\"},{\"@type\":\"ListItem\",\"position\":2,\"name\":\"Produtos\",\"item\":\"https:\/\/chemitool.com\/pt-pt\/produtos\/\"},{\"@type\":\"ListItem\",\"position\":3,\"name\":\"Tools\",\"item\":\"https:\/\/chemitool.com\/pt-pt\/categoria-produto\/tools\/\"},{\"@type\":\"ListItem\",\"position\":4,\"name\":\"Escadas e Escadotes\",\"item\":\"https:\/\/chemitool.com\/pt-pt\/categoria-produto\/tools\/escadas-e-escadotes\/\"},{\"@type\":\"ListItem\",\"position\":5,\"name\":\"VARETA MISTURADORA M14\"}]}]}<\/script>\n<!-- \/ Yoast SEO plugin. -->","yoast_head_json":{"title":"VARETA MISTURADORA M14 &ndash; Chemitool","description":"Vareta Misturadora M14 CHEMITOOL refor\u00e7ada com a\u00e7o de alta qualidade para m\u00e1quina misturadora com M14. Para misturar tintas, argamassas r\u00e1pidas e colantes, massas de enchimento de fissuras e cimento cola.","robots":{"index":"index","follow":"follow","max-snippet":"max-snippet:-1","max-image-preview":"max-image-preview:large","max-video-preview":"max-video-preview:-1"},"canonical":"https:\/\/chemitool.com\/pt-pt\/products\/tools\/ferramentas-construcao\/varetas-misturadoras\/vareta-misturadora-m14\/","og_locale":"pt_PT","og_type":"article","og_title":"VARETA MISTURADORA M14 &ndash; Chemitool","og_description":"Vareta Misturadora M14 CHEMITOOL refor\u00e7ada com a\u00e7o de alta qualidade para m\u00e1quina misturadora com M14. Para misturar tintas, argamassas r\u00e1pidas e colantes, massas de enchimento de fissuras e cimento cola.","og_url":"https:\/\/chemitool.com\/pt-pt\/products\/tools\/ferramentas-construcao\/varetas-misturadoras\/vareta-misturadora-m14\/","og_site_name":"Chemitool","article_publisher":"https:\/\/www.facebook.com\/chemitool","article_modified_time":"2024-10-22T10:14:34+00:00","og_image":[{"width":800,"height":800,"url":"https:\/\/chemitool.com\/wp-content\/uploads\/2023\/10\/CHT201210060012_CHT201212060014_CHT201214060014.png","type":"image\/png"}],"twitter_card":"summary_large_image","schema":{"@context":"https:\/\/schema.org","@graph":[{"@type":"Organization","@id":"https:\/\/chemitool.com\/#organization","name":"Chemitool","url":"https:\/\/chemitool.com\/","sameAs":["https:\/\/www.facebook.com\/chemitool","https:\/\/www.instagram.com\/chemitool\/"],"logo":{"@type":"ImageObject","@id":"https:\/\/chemitool.com\/#logo","inLanguage":"pt-PT","url":"https:\/\/chemitool.com\/wp-content\/uploads\/2020\/10\/logo_chemitool.png","contentUrl":"https:\/\/chemitool.com\/wp-content\/uploads\/2020\/10\/logo_chemitool.png","width":400,"height":400,"caption":"Chemitool"},"image":{"@id":"https:\/\/chemitool.com\/#logo"}},{"@type":"WebSite","@id":"https:\/\/chemitool.com\/#website","url":"https:\/\/chemitool.com\/","name":"Chemitool","description":"Chemitool - hardware and tools","publisher":{"@id":"https:\/\/chemitool.com\/#organization"},"potentialAction":[{"@type":"SearchAction","target":{"@type":"EntryPoint","urlTemplate":"https:\/\/chemitool.com\/?s={search_term_string}"},"query-input":"required name=search_term_string"}],"inLanguage":"pt-PT"},{"@type":"ImageObject","@id":"https:\/\/chemitool.com\/pt-pt\/products\/tools\/ferramentas-construcao\/varetas-misturadoras\/vareta-misturadora-m14\/#primaryimage","inLanguage":"pt-PT","url":"https:\/\/chemitool.com\/wp-content\/uploads\/2023\/10\/CHT201210060012_CHT201212060014_CHT201214060014.png","contentUrl":"https:\/\/chemitool.com\/wp-content\/uploads\/2023\/10\/CHT201210060012_CHT201212060014_CHT201214060014.png","width":800,"height":800},{"@type":"WebPage","@id":"https:\/\/chemitool.com\/pt-pt\/products\/tools\/ferramentas-construcao\/varetas-misturadoras\/vareta-misturadora-m14\/#webpage","url":"https:\/\/chemitool.com\/pt-pt\/products\/tools\/ferramentas-construcao\/varetas-misturadoras\/vareta-misturadora-m14\/","name":"VARETA MISTURADORA M14 &ndash; Chemitool","isPartOf":{"@id":"https:\/\/chemitool.com\/#website"},"primaryImageOfPage":{"@id":"https:\/\/chemitool.com\/pt-pt\/products\/tools\/ferramentas-construcao\/varetas-misturadoras\/vareta-misturadora-m14\/#primaryimage"},"datePublished":"2023-10-09T14:48:32+00:00","dateModified":"2024-10-22T10:14:34+00:00","description":"Vareta Misturadora M14 CHEMITOOL refor\u00e7ada com a\u00e7o de alta qualidade para m\u00e1quina misturadora com M14. Para misturar tintas, argamassas r\u00e1pidas e colantes, massas de enchimento de fissuras e cimento cola.","breadcrumb":{"@id":"https:\/\/chemitool.com\/pt-pt\/products\/tools\/ferramentas-construcao\/varetas-misturadoras\/vareta-misturadora-m14\/#breadcrumb"},"inLanguage":"pt-PT","potentialAction":[{"@type":"ReadAction","target":["https:\/\/chemitool.com\/pt-pt\/products\/tools\/ferramentas-construcao\/varetas-misturadoras\/vareta-misturadora-m14\/"]}]},{"@type":"BreadcrumbList","@id":"https:\/\/chemitool.com\/pt-pt\/products\/tools\/ferramentas-construcao\/varetas-misturadoras\/vareta-misturadora-m14\/#breadcrumb","itemListElement":[{"@type":"ListItem","position":1,"name":"Home","item":"https:\/\/chemitool.com\/pt-pt\/"},{"@type":"ListItem","position":2,"name":"Produtos","item":"https:\/\/chemitool.com\/pt-pt\/produtos\/"},{"@type":"ListItem","position":3,"name":"Tools","item":"https:\/\/chemitool.com\/pt-pt\/categoria-produto\/tools\/"},{"@type":"ListItem","position":4,"name":"Escadas e Escadotes","item":"https:\/\/chemitool.com\/pt-pt\/categoria-produto\/tools\/escadas-e-escadotes\/"},{"@type":"ListItem","position":5,"name":"VARETA MISTURADORA M14"}]}]}},"_links":{"self":[{"href":"https:\/\/chemitool.com\/pt-pt\/wp-json\/wp\/v2\/product\/34624"}],"collection":[{"href":"https:\/\/chemitool.com\/pt-pt\/wp-json\/wp\/v2\/product"}],"about":[{"href":"https:\/\/chemitool.com\/pt-pt\/wp-json\/wp\/v2\/types\/product"}],"wp:featuredmedia":[{"embeddable":true,"href":"https:\/\/chemitool.com\/pt-pt\/wp-json\/wp\/v2\/media\/34579"}],"wp:attachment":[{"href":"https:\/\/chemitool.com\/pt-pt\/wp-json\/wp\/v2\/media?parent=34624"}],"wp:term":[{"taxonomy":"product_cat","embeddable":true,"href":"https:\/\/chemitool.com\/pt-pt\/wp-json\/wp\/v2\/product_cat?post=34624"},{"taxonomy":"product_tag","embeddable":true,"href":"https:\/\/chemitool.com\/pt-pt\/wp-json\/wp\/v2\/product_tag?post=34624"}],"curies":[{"name":"wp","href":"https:\/\/api.w.org\/{rel}","templated":true}]}}