{"id":34201,"date":"2023-08-04T16:02:44","date_gmt":"2023-08-04T16:02:48","guid":{"rendered":"https:\/\/chemitool.com\/?post_type=product&#038;p=34201"},"modified":"2025-10-03T16:30:20","modified_gmt":"2025-10-03T16:30:20","slug":"rolos-de-esfregao-nao-tecido-proweb","status":"publish","type":"product","link":"https:\/\/chemitool.com\/pt-pt\/products\/cutting\/folhas-rolos-abrasivos-de-mao\/rolos-e-folhas-de-esfregao-abrasivo-proweb\/rolos-de-esfregao-nao-tecido-proweb\/","title":{"rendered":"ROLOS DE ESFREG\u00c3O N\u00c3O TECIDO PROWEB"},"content":{"rendered":"<p><strong>VANTAGENS<\/strong><\/p>\n<ul>\n<li>Excelente rela\u00e7\u00e3o qualidade\/valor<\/li>\n<li>F\u00e1cil uso<\/li>\n<li>Tamanho 115x10000mm<\/li>\n<li>Espessura aproximada de 8mm<\/li>\n<li>Acabamento uniforme<\/li>\n<li>Lav\u00e1vel e reutiliz\u00e1vel<\/li>\n<\/ul>\n<p>O rolo de esfreg\u00e3o em forma de teia impregnada, pode ser usada nos mais diversos substratos, como, metal, vernizes, fibra de vidro e revestimentos de madeira.<\/p>\n<p>Este tipo de rolo de esfreg\u00e3o permite que seja utilizado para lixagem mais agressiva, bem como em lixagem de acabamento fino\/ultrafino, em que a flexibilidade \u00e9 importante para adaptar-se aos contornos e a superf\u00edcies curvas.<\/p>\n<p>Para uma maior durabilidade, este rolo de esfreg\u00e3o permite que seja usado com \u00e1gua ou a seco, dependendo do tipo de acabamento que queira efetuar.<\/p>\n","protected":false},"excerpt":{"rendered":"<p>Os<em> rolos de esfreg\u00e3o abrasivo PROWEB CHEMITOOL (n\u00e3o tecido)<\/em> de formato em rolo foram desenvolvidos especialmente para dar uma extraordin\u00e1ria rentabilidade de trabalho, devido \u00e0 sua composi\u00e7\u00e3o em forma de teia, sendo apropriado para lixagem desde retifica\u00e7\u00e3o at\u00e9 acabamento final. A sua composi\u00e7\u00e3o em forma de rolo, faz com que seja poss\u00edvel cortar \u00e0 medida que pretende para adapta\u00e7\u00e3o em ferramenta el\u00e9trica ou manual<\/p>\n","protected":false},"featured_media":43919,"template":"","meta":[],"product_cat":[5280,1422,4943],"product_tag":[],"yoast_head":"<!-- This site is optimized with the Yoast SEO plugin v17.4 - https:\/\/yoast.com\/wordpress\/plugins\/seo\/ -->\n<title>ROLOS DE ESFREG\u00c3O N\u00c3O TECIDO PROWEB &ndash; Chemitool<\/title>\n<meta name=\"description\" content=\"Os rolos de esfreg\u00e3o abrasivo PROWEB CHEMITOOL (n\u00e3o tecido) de formato em rolo foram desenvolvidos especialmente para dar uma extraordin\u00e1ria rentabilidade de trabalho, devido \u00e0 sua composi\u00e7\u00e3o em forma de teia, sendo apropriado para lixagem desde retifica\u00e7\u00e3o at\u00e9 acabamento final. A sua composi\u00e7\u00e3o em forma de rolo, faz com que seja poss\u00edvel cortar \u00e0 medida que pretende para adapta\u00e7\u00e3o em ferramenta el\u00e9trica ou manual\" \/>\n<meta name=\"robots\" content=\"index, follow, max-snippet:-1, max-image-preview:large, max-video-preview:-1\" \/>\n<link rel=\"canonical\" href=\"https:\/\/chemitool.com\/pt-pt\/products\/cutting\/folhas-rolos-abrasivos-de-mao\/rolos-e-folhas-de-esfregao-abrasivo-proweb\/rolos-de-esfregao-nao-tecido-proweb\/\" \/>\n<meta property=\"og:locale\" content=\"pt_PT\" \/>\n<meta property=\"og:type\" content=\"article\" \/>\n<meta property=\"og:title\" content=\"ROLOS DE ESFREG\u00c3O N\u00c3O TECIDO PROWEB &ndash; Chemitool\" \/>\n<meta property=\"og:description\" content=\"Os rolos de esfreg\u00e3o abrasivo PROWEB CHEMITOOL (n\u00e3o tecido) de formato em rolo foram desenvolvidos especialmente para dar uma extraordin\u00e1ria rentabilidade de trabalho, devido \u00e0 sua composi\u00e7\u00e3o em forma de teia, sendo apropriado para lixagem desde retifica\u00e7\u00e3o at\u00e9 acabamento final. A sua composi\u00e7\u00e3o em forma de rolo, faz com que seja poss\u00edvel cortar \u00e0 medida que pretende para adapta\u00e7\u00e3o em ferramenta el\u00e9trica ou manual\" \/>\n<meta property=\"og:url\" content=\"https:\/\/chemitool.com\/pt-pt\/products\/cutting\/folhas-rolos-abrasivos-de-mao\/rolos-e-folhas-de-esfregao-abrasivo-proweb\/rolos-de-esfregao-nao-tecido-proweb\/\" \/>\n<meta property=\"og:site_name\" content=\"Chemitool\" \/>\n<meta property=\"article:publisher\" content=\"https:\/\/www.facebook.com\/chemitool\" \/>\n<meta property=\"article:modified_time\" content=\"2025-10-03T16:30:20+00:00\" \/>\n<meta property=\"og:image\" content=\"https:\/\/chemitool.com\/wp-content\/uploads\/2023\/08\/Conjunto.png\" \/>\n\t<meta property=\"og:image:width\" content=\"800\" \/>\n\t<meta property=\"og:image:height\" content=\"800\" \/>\n<meta name=\"twitter:card\" content=\"summary_large_image\" \/>\n<meta name=\"twitter:label1\" content=\"Tempo estimado de leitura\" \/>\n\t<meta name=\"twitter:data1\" content=\"1 minuto\" \/>\n<script type=\"application\/ld+json\" class=\"yoast-schema-graph\">{\"@context\":\"https:\/\/schema.org\",\"@graph\":[{\"@type\":\"Organization\",\"@id\":\"https:\/\/chemitool.com\/#organization\",\"name\":\"Chemitool\",\"url\":\"https:\/\/chemitool.com\/\",\"sameAs\":[\"https:\/\/www.facebook.com\/chemitool\",\"https:\/\/www.instagram.com\/chemitool\/\"],\"logo\":{\"@type\":\"ImageObject\",\"@id\":\"https:\/\/chemitool.com\/#logo\",\"inLanguage\":\"pt-PT\",\"url\":\"https:\/\/chemitool.com\/wp-content\/uploads\/2020\/10\/logo_chemitool.png\",\"contentUrl\":\"https:\/\/chemitool.com\/wp-content\/uploads\/2020\/10\/logo_chemitool.png\",\"width\":400,\"height\":400,\"caption\":\"Chemitool\"},\"image\":{\"@id\":\"https:\/\/chemitool.com\/#logo\"}},{\"@type\":\"WebSite\",\"@id\":\"https:\/\/chemitool.com\/#website\",\"url\":\"https:\/\/chemitool.com\/\",\"name\":\"Chemitool\",\"description\":\"Chemitool - hardware and tools\",\"publisher\":{\"@id\":\"https:\/\/chemitool.com\/#organization\"},\"potentialAction\":[{\"@type\":\"SearchAction\",\"target\":{\"@type\":\"EntryPoint\",\"urlTemplate\":\"https:\/\/chemitool.com\/?s={search_term_string}\"},\"query-input\":\"required name=search_term_string\"}],\"inLanguage\":\"pt-PT\"},{\"@type\":\"ImageObject\",\"@id\":\"https:\/\/chemitool.com\/pt-pt\/products\/cutting\/folhas-rolos-abrasivos-de-mao\/rolos-e-folhas-de-esfregao-abrasivo-proweb\/rolos-de-esfregao-nao-tecido-proweb\/#primaryimage\",\"inLanguage\":\"pt-PT\",\"url\":\"https:\/\/chemitool.com\/wp-content\/uploads\/2025\/10\/NON-WOVEN_PROWEB_ROLLS.png\",\"contentUrl\":\"https:\/\/chemitool.com\/wp-content\/uploads\/2025\/10\/NON-WOVEN_PROWEB_ROLLS.png\",\"width\":800,\"height\":800},{\"@type\":\"WebPage\",\"@id\":\"https:\/\/chemitool.com\/pt-pt\/products\/cutting\/folhas-rolos-abrasivos-de-mao\/rolos-e-folhas-de-esfregao-abrasivo-proweb\/rolos-de-esfregao-nao-tecido-proweb\/#webpage\",\"url\":\"https:\/\/chemitool.com\/pt-pt\/products\/cutting\/folhas-rolos-abrasivos-de-mao\/rolos-e-folhas-de-esfregao-abrasivo-proweb\/rolos-de-esfregao-nao-tecido-proweb\/\",\"name\":\"ROLOS DE ESFREG\\u00c3O N\\u00c3O TECIDO PROWEB &ndash; Chemitool\",\"isPartOf\":{\"@id\":\"https:\/\/chemitool.com\/#website\"},\"primaryImageOfPage\":{\"@id\":\"https:\/\/chemitool.com\/pt-pt\/products\/cutting\/folhas-rolos-abrasivos-de-mao\/rolos-e-folhas-de-esfregao-abrasivo-proweb\/rolos-de-esfregao-nao-tecido-proweb\/#primaryimage\"},\"datePublished\":\"2023-08-04T16:02:48+00:00\",\"dateModified\":\"2025-10-03T16:30:20+00:00\",\"description\":\"Os rolos de esfreg\\u00e3o abrasivo PROWEB CHEMITOOL (n\\u00e3o tecido) de formato em rolo foram desenvolvidos especialmente para dar uma extraordin\\u00e1ria rentabilidade de trabalho, devido \\u00e0 sua composi\\u00e7\\u00e3o em forma de teia, sendo apropriado para lixagem desde retifica\\u00e7\\u00e3o at\\u00e9 acabamento final. A sua composi\\u00e7\\u00e3o em forma de rolo, faz com que seja poss\\u00edvel cortar \\u00e0 medida que pretende para adapta\\u00e7\\u00e3o em ferramenta el\\u00e9trica ou manual\",\"breadcrumb\":{\"@id\":\"https:\/\/chemitool.com\/pt-pt\/products\/cutting\/folhas-rolos-abrasivos-de-mao\/rolos-e-folhas-de-esfregao-abrasivo-proweb\/rolos-de-esfregao-nao-tecido-proweb\/#breadcrumb\"},\"inLanguage\":\"pt-PT\",\"potentialAction\":[{\"@type\":\"ReadAction\",\"target\":[\"https:\/\/chemitool.com\/pt-pt\/products\/cutting\/folhas-rolos-abrasivos-de-mao\/rolos-e-folhas-de-esfregao-abrasivo-proweb\/rolos-de-esfregao-nao-tecido-proweb\/\"]}]},{\"@type\":\"BreadcrumbList\",\"@id\":\"https:\/\/chemitool.com\/pt-pt\/products\/cutting\/folhas-rolos-abrasivos-de-mao\/rolos-e-folhas-de-esfregao-abrasivo-proweb\/rolos-de-esfregao-nao-tecido-proweb\/#breadcrumb\",\"itemListElement\":[{\"@type\":\"ListItem\",\"position\":1,\"name\":\"Home\",\"item\":\"https:\/\/chemitool.com\/pt-pt\/\"},{\"@type\":\"ListItem\",\"position\":2,\"name\":\"Produtos\",\"item\":\"https:\/\/chemitool.com\/pt-pt\/produtos\/\"},{\"@type\":\"ListItem\",\"position\":3,\"name\":\"Cutting\",\"item\":\"https:\/\/chemitool.com\/product-category\/cutting\/\"},{\"@type\":\"ListItem\",\"position\":4,\"name\":\"ROLOS DE ESFREG\\u00c3O N\\u00c3O TECIDO PROWEB\"}]}]}<\/script>\n<!-- \/ Yoast SEO plugin. -->","yoast_head_json":{"title":"ROLOS DE ESFREG\u00c3O N\u00c3O TECIDO PROWEB &ndash; Chemitool","description":"Os rolos de esfreg\u00e3o abrasivo PROWEB CHEMITOOL (n\u00e3o tecido) de formato em rolo foram desenvolvidos especialmente para dar uma extraordin\u00e1ria rentabilidade de trabalho, devido \u00e0 sua composi\u00e7\u00e3o em forma de teia, sendo apropriado para lixagem desde retifica\u00e7\u00e3o at\u00e9 acabamento final. A sua composi\u00e7\u00e3o em forma de rolo, faz com que seja poss\u00edvel cortar \u00e0 medida que pretende para adapta\u00e7\u00e3o em ferramenta el\u00e9trica ou manual","robots":{"index":"index","follow":"follow","max-snippet":"max-snippet:-1","max-image-preview":"max-image-preview:large","max-video-preview":"max-video-preview:-1"},"canonical":"https:\/\/chemitool.com\/pt-pt\/products\/cutting\/folhas-rolos-abrasivos-de-mao\/rolos-e-folhas-de-esfregao-abrasivo-proweb\/rolos-de-esfregao-nao-tecido-proweb\/","og_locale":"pt_PT","og_type":"article","og_title":"ROLOS DE ESFREG\u00c3O N\u00c3O TECIDO PROWEB &ndash; Chemitool","og_description":"Os rolos de esfreg\u00e3o abrasivo PROWEB CHEMITOOL (n\u00e3o tecido) de formato em rolo foram desenvolvidos especialmente para dar uma extraordin\u00e1ria rentabilidade de trabalho, devido \u00e0 sua composi\u00e7\u00e3o em forma de teia, sendo apropriado para lixagem desde retifica\u00e7\u00e3o at\u00e9 acabamento final. A sua composi\u00e7\u00e3o em forma de rolo, faz com que seja poss\u00edvel cortar \u00e0 medida que pretende para adapta\u00e7\u00e3o em ferramenta el\u00e9trica ou manual","og_url":"https:\/\/chemitool.com\/pt-pt\/products\/cutting\/folhas-rolos-abrasivos-de-mao\/rolos-e-folhas-de-esfregao-abrasivo-proweb\/rolos-de-esfregao-nao-tecido-proweb\/","og_site_name":"Chemitool","article_publisher":"https:\/\/www.facebook.com\/chemitool","article_modified_time":"2025-10-03T16:30:20+00:00","og_image":[{"width":800,"height":800,"url":"https:\/\/chemitool.com\/wp-content\/uploads\/2023\/08\/Conjunto.png","type":"image\/png"}],"twitter_card":"summary_large_image","twitter_misc":{"Tempo estimado de leitura":"1 minuto"},"schema":{"@context":"https:\/\/schema.org","@graph":[{"@type":"Organization","@id":"https:\/\/chemitool.com\/#organization","name":"Chemitool","url":"https:\/\/chemitool.com\/","sameAs":["https:\/\/www.facebook.com\/chemitool","https:\/\/www.instagram.com\/chemitool\/"],"logo":{"@type":"ImageObject","@id":"https:\/\/chemitool.com\/#logo","inLanguage":"pt-PT","url":"https:\/\/chemitool.com\/wp-content\/uploads\/2020\/10\/logo_chemitool.png","contentUrl":"https:\/\/chemitool.com\/wp-content\/uploads\/2020\/10\/logo_chemitool.png","width":400,"height":400,"caption":"Chemitool"},"image":{"@id":"https:\/\/chemitool.com\/#logo"}},{"@type":"WebSite","@id":"https:\/\/chemitool.com\/#website","url":"https:\/\/chemitool.com\/","name":"Chemitool","description":"Chemitool - hardware and tools","publisher":{"@id":"https:\/\/chemitool.com\/#organization"},"potentialAction":[{"@type":"SearchAction","target":{"@type":"EntryPoint","urlTemplate":"https:\/\/chemitool.com\/?s={search_term_string}"},"query-input":"required name=search_term_string"}],"inLanguage":"pt-PT"},{"@type":"ImageObject","@id":"https:\/\/chemitool.com\/pt-pt\/products\/cutting\/folhas-rolos-abrasivos-de-mao\/rolos-e-folhas-de-esfregao-abrasivo-proweb\/rolos-de-esfregao-nao-tecido-proweb\/#primaryimage","inLanguage":"pt-PT","url":"https:\/\/chemitool.com\/wp-content\/uploads\/2025\/10\/NON-WOVEN_PROWEB_ROLLS.png","contentUrl":"https:\/\/chemitool.com\/wp-content\/uploads\/2025\/10\/NON-WOVEN_PROWEB_ROLLS.png","width":800,"height":800},{"@type":"WebPage","@id":"https:\/\/chemitool.com\/pt-pt\/products\/cutting\/folhas-rolos-abrasivos-de-mao\/rolos-e-folhas-de-esfregao-abrasivo-proweb\/rolos-de-esfregao-nao-tecido-proweb\/#webpage","url":"https:\/\/chemitool.com\/pt-pt\/products\/cutting\/folhas-rolos-abrasivos-de-mao\/rolos-e-folhas-de-esfregao-abrasivo-proweb\/rolos-de-esfregao-nao-tecido-proweb\/","name":"ROLOS DE ESFREG\u00c3O N\u00c3O TECIDO PROWEB &ndash; Chemitool","isPartOf":{"@id":"https:\/\/chemitool.com\/#website"},"primaryImageOfPage":{"@id":"https:\/\/chemitool.com\/pt-pt\/products\/cutting\/folhas-rolos-abrasivos-de-mao\/rolos-e-folhas-de-esfregao-abrasivo-proweb\/rolos-de-esfregao-nao-tecido-proweb\/#primaryimage"},"datePublished":"2023-08-04T16:02:48+00:00","dateModified":"2025-10-03T16:30:20+00:00","description":"Os rolos de esfreg\u00e3o abrasivo PROWEB CHEMITOOL (n\u00e3o tecido) de formato em rolo foram desenvolvidos especialmente para dar uma extraordin\u00e1ria rentabilidade de trabalho, devido \u00e0 sua composi\u00e7\u00e3o em forma de teia, sendo apropriado para lixagem desde retifica\u00e7\u00e3o at\u00e9 acabamento final. A sua composi\u00e7\u00e3o em forma de rolo, faz com que seja poss\u00edvel cortar \u00e0 medida que pretende para adapta\u00e7\u00e3o em ferramenta el\u00e9trica ou manual","breadcrumb":{"@id":"https:\/\/chemitool.com\/pt-pt\/products\/cutting\/folhas-rolos-abrasivos-de-mao\/rolos-e-folhas-de-esfregao-abrasivo-proweb\/rolos-de-esfregao-nao-tecido-proweb\/#breadcrumb"},"inLanguage":"pt-PT","potentialAction":[{"@type":"ReadAction","target":["https:\/\/chemitool.com\/pt-pt\/products\/cutting\/folhas-rolos-abrasivos-de-mao\/rolos-e-folhas-de-esfregao-abrasivo-proweb\/rolos-de-esfregao-nao-tecido-proweb\/"]}]},{"@type":"BreadcrumbList","@id":"https:\/\/chemitool.com\/pt-pt\/products\/cutting\/folhas-rolos-abrasivos-de-mao\/rolos-e-folhas-de-esfregao-abrasivo-proweb\/rolos-de-esfregao-nao-tecido-proweb\/#breadcrumb","itemListElement":[{"@type":"ListItem","position":1,"name":"Home","item":"https:\/\/chemitool.com\/pt-pt\/"},{"@type":"ListItem","position":2,"name":"Produtos","item":"https:\/\/chemitool.com\/pt-pt\/produtos\/"},{"@type":"ListItem","position":3,"name":"Cutting","item":"https:\/\/chemitool.com\/product-category\/cutting\/"},{"@type":"ListItem","position":4,"name":"ROLOS DE ESFREG\u00c3O N\u00c3O TECIDO PROWEB"}]}]}},"_links":{"self":[{"href":"https:\/\/chemitool.com\/pt-pt\/wp-json\/wp\/v2\/product\/34201"}],"collection":[{"href":"https:\/\/chemitool.com\/pt-pt\/wp-json\/wp\/v2\/product"}],"about":[{"href":"https:\/\/chemitool.com\/pt-pt\/wp-json\/wp\/v2\/types\/product"}],"wp:featuredmedia":[{"embeddable":true,"href":"https:\/\/chemitool.com\/pt-pt\/wp-json\/wp\/v2\/media\/43919"}],"wp:attachment":[{"href":"https:\/\/chemitool.com\/pt-pt\/wp-json\/wp\/v2\/media?parent=34201"}],"wp:term":[{"taxonomy":"product_cat","embeddable":true,"href":"https:\/\/chemitool.com\/pt-pt\/wp-json\/wp\/v2\/product_cat?post=34201"},{"taxonomy":"product_tag","embeddable":true,"href":"https:\/\/chemitool.com\/pt-pt\/wp-json\/wp\/v2\/product_tag?post=34201"}],"curies":[{"name":"wp","href":"https:\/\/api.w.org\/{rel}","templated":true}]}}