{"id":34165,"date":"2023-08-03T11:21:55","date_gmt":"2023-08-03T11:21:57","guid":{"rendered":"https:\/\/chemitool.com\/?post_type=product&#038;p=34165"},"modified":"2025-11-12T09:27:51","modified_gmt":"2025-11-12T09:27:51","slug":"folhas-de-esfregao-abrasivo-proweb","status":"publish","type":"product","link":"https:\/\/chemitool.com\/pt-pt\/products\/cutting\/folhas-rolos-abrasivos-de-mao\/rolos-e-folhas-de-esfregao-abrasivo-proweb\/folhas-de-esfregao-abrasivo-proweb\/","title":{"rendered":"FOLHAS DE ESFREG\u00c3O ABRASIVO PROWEB"},"content":{"rendered":"<p><strong>VANTAGENS<\/strong><\/p>\n<ul>\n<li>Excelente rela\u00e7\u00e3o qualidade\/valor<\/li>\n<li>F\u00e1cil uso<\/li>\n<li>Tamanho 224x154mm<\/li>\n<li>Espessura aproximada de 8mm<\/li>\n<li>Acabamento uniforme<\/li>\n<li>Lav\u00e1vel e reutiliz\u00e1vel<\/li>\n<\/ul>\n<p>A folha de esfreg\u00e3o em forma de teia impregnada, pode ser usada nos mais diversos substratos, como, metal, vernizes, fibra de vidro e revestimentos de madeira.<\/p>\n<p>Este tipo de folha de esfreg\u00e3o permite que seja utilizada para lixagem mais agressiva, bem como em lixagem de acabamento fino\/ultrafino, em que a flexibilidade \u00e9 importante para adaptar-se aos contornos e a superf\u00edcies curvas.<\/p>\n<p>Para uma maior durabilidade, esta folha de esfreg\u00e3o permite que seja usada com \u00e1gua ou a seco, dependendo do tipo de acabamento que queira efetuar.<\/p>\n","protected":false},"excerpt":{"rendered":"<p>As <em>folhas de esfreg\u00e3o (n\u00e3o tecido) abrasivo PROWEB CHEMITOOL<\/em> de formato retangular foram especialmente desenvolvidas para dar uma extraordin\u00e1ria rentabilidade de trabalho, devido \u00e0 sua composi\u00e7\u00e3o em forma de teia, sendo apropriado para lixagem desde retifica\u00e7\u00e3o at\u00e9 acabamento final.<\/p>\n","protected":false},"featured_media":44456,"template":"","meta":[],"product_cat":[5280,1422,4943],"product_tag":[],"yoast_head":"<!-- This site is optimized with the Yoast SEO plugin v17.4 - https:\/\/yoast.com\/wordpress\/plugins\/seo\/ -->\n<title>FOLHAS DE ESFREG\u00c3O ABRASIVO PROWEB &ndash; Chemitool<\/title>\n<meta name=\"description\" content=\"As folhas de esfreg\u00e3o (n\u00e3o tecido) abrasivo PROWEB CHEMITOOL de formato retangular foram especialmente desenvolvidas para dar uma extraordin\u00e1ria rentabilidade de trabalho, devido \u00e0 sua composi\u00e7\u00e3o em forma de teia, sendo apropriado para lixagem desde retifica\u00e7\u00e3o at\u00e9 acabamento final.\" \/>\n<meta name=\"robots\" content=\"index, follow, max-snippet:-1, max-image-preview:large, max-video-preview:-1\" \/>\n<link rel=\"canonical\" href=\"https:\/\/chemitool.com\/pt-pt\/products\/cutting\/folhas-rolos-abrasivos-de-mao\/rolos-e-folhas-de-esfregao-abrasivo-proweb\/folhas-de-esfregao-abrasivo-proweb\/\" \/>\n<meta property=\"og:locale\" content=\"pt_PT\" \/>\n<meta property=\"og:type\" content=\"article\" \/>\n<meta property=\"og:title\" content=\"FOLHAS DE ESFREG\u00c3O ABRASIVO PROWEB &ndash; Chemitool\" \/>\n<meta property=\"og:description\" content=\"As folhas de esfreg\u00e3o (n\u00e3o tecido) abrasivo PROWEB CHEMITOOL de formato retangular foram especialmente desenvolvidas para dar uma extraordin\u00e1ria rentabilidade de trabalho, devido \u00e0 sua composi\u00e7\u00e3o em forma de teia, sendo apropriado para lixagem desde retifica\u00e7\u00e3o at\u00e9 acabamento final.\" \/>\n<meta property=\"og:url\" content=\"https:\/\/chemitool.com\/pt-pt\/products\/cutting\/folhas-rolos-abrasivos-de-mao\/rolos-e-folhas-de-esfregao-abrasivo-proweb\/folhas-de-esfregao-abrasivo-proweb\/\" \/>\n<meta property=\"og:site_name\" content=\"Chemitool\" \/>\n<meta property=\"article:publisher\" content=\"https:\/\/www.facebook.com\/chemitool\" \/>\n<meta property=\"article:modified_time\" content=\"2025-11-12T09:27:51+00:00\" \/>\n<meta property=\"og:image\" content=\"https:\/\/chemitool.com\/wp-content\/uploads\/2025\/11\/CHA2707224154X.png\" \/>\n\t<meta property=\"og:image:width\" content=\"800\" \/>\n\t<meta property=\"og:image:height\" content=\"800\" \/>\n<meta name=\"twitter:card\" content=\"summary_large_image\" \/>\n<meta name=\"twitter:label1\" content=\"Tempo estimado de leitura\" \/>\n\t<meta name=\"twitter:data1\" content=\"1 minuto\" \/>\n<script type=\"application\/ld+json\" class=\"yoast-schema-graph\">{\"@context\":\"https:\/\/schema.org\",\"@graph\":[{\"@type\":\"Organization\",\"@id\":\"https:\/\/chemitool.com\/#organization\",\"name\":\"Chemitool\",\"url\":\"https:\/\/chemitool.com\/\",\"sameAs\":[\"https:\/\/www.facebook.com\/chemitool\",\"https:\/\/www.instagram.com\/chemitool\/\"],\"logo\":{\"@type\":\"ImageObject\",\"@id\":\"https:\/\/chemitool.com\/#logo\",\"inLanguage\":\"pt-PT\",\"url\":\"https:\/\/chemitool.com\/wp-content\/uploads\/2020\/10\/logo_chemitool.png\",\"contentUrl\":\"https:\/\/chemitool.com\/wp-content\/uploads\/2020\/10\/logo_chemitool.png\",\"width\":400,\"height\":400,\"caption\":\"Chemitool\"},\"image\":{\"@id\":\"https:\/\/chemitool.com\/#logo\"}},{\"@type\":\"WebSite\",\"@id\":\"https:\/\/chemitool.com\/#website\",\"url\":\"https:\/\/chemitool.com\/\",\"name\":\"Chemitool\",\"description\":\"Chemitool - hardware and tools\",\"publisher\":{\"@id\":\"https:\/\/chemitool.com\/#organization\"},\"potentialAction\":[{\"@type\":\"SearchAction\",\"target\":{\"@type\":\"EntryPoint\",\"urlTemplate\":\"https:\/\/chemitool.com\/?s={search_term_string}\"},\"query-input\":\"required name=search_term_string\"}],\"inLanguage\":\"pt-PT\"},{\"@type\":\"ImageObject\",\"@id\":\"https:\/\/chemitool.com\/pt-pt\/products\/cutting\/folhas-rolos-abrasivos-de-mao\/rolos-e-folhas-de-esfregao-abrasivo-proweb\/folhas-de-esfregao-abrasivo-proweb\/#primaryimage\",\"inLanguage\":\"pt-PT\",\"url\":\"https:\/\/chemitool.com\/wp-content\/uploads\/2025\/11\/CHA2707224154X.png\",\"contentUrl\":\"https:\/\/chemitool.com\/wp-content\/uploads\/2025\/11\/CHA2707224154X.png\",\"width\":800,\"height\":800},{\"@type\":\"WebPage\",\"@id\":\"https:\/\/chemitool.com\/pt-pt\/products\/cutting\/folhas-rolos-abrasivos-de-mao\/rolos-e-folhas-de-esfregao-abrasivo-proweb\/folhas-de-esfregao-abrasivo-proweb\/#webpage\",\"url\":\"https:\/\/chemitool.com\/pt-pt\/products\/cutting\/folhas-rolos-abrasivos-de-mao\/rolos-e-folhas-de-esfregao-abrasivo-proweb\/folhas-de-esfregao-abrasivo-proweb\/\",\"name\":\"FOLHAS DE ESFREG\\u00c3O ABRASIVO PROWEB &ndash; Chemitool\",\"isPartOf\":{\"@id\":\"https:\/\/chemitool.com\/#website\"},\"primaryImageOfPage\":{\"@id\":\"https:\/\/chemitool.com\/pt-pt\/products\/cutting\/folhas-rolos-abrasivos-de-mao\/rolos-e-folhas-de-esfregao-abrasivo-proweb\/folhas-de-esfregao-abrasivo-proweb\/#primaryimage\"},\"datePublished\":\"2023-08-03T11:21:57+00:00\",\"dateModified\":\"2025-11-12T09:27:51+00:00\",\"description\":\"As folhas de esfreg\\u00e3o (n\\u00e3o tecido) abrasivo PROWEB CHEMITOOL de formato retangular foram especialmente desenvolvidas para dar uma extraordin\\u00e1ria rentabilidade de trabalho, devido \\u00e0 sua composi\\u00e7\\u00e3o em forma de teia, sendo apropriado para lixagem desde retifica\\u00e7\\u00e3o at\\u00e9 acabamento final.\",\"breadcrumb\":{\"@id\":\"https:\/\/chemitool.com\/pt-pt\/products\/cutting\/folhas-rolos-abrasivos-de-mao\/rolos-e-folhas-de-esfregao-abrasivo-proweb\/folhas-de-esfregao-abrasivo-proweb\/#breadcrumb\"},\"inLanguage\":\"pt-PT\",\"potentialAction\":[{\"@type\":\"ReadAction\",\"target\":[\"https:\/\/chemitool.com\/pt-pt\/products\/cutting\/folhas-rolos-abrasivos-de-mao\/rolos-e-folhas-de-esfregao-abrasivo-proweb\/folhas-de-esfregao-abrasivo-proweb\/\"]}]},{\"@type\":\"BreadcrumbList\",\"@id\":\"https:\/\/chemitool.com\/pt-pt\/products\/cutting\/folhas-rolos-abrasivos-de-mao\/rolos-e-folhas-de-esfregao-abrasivo-proweb\/folhas-de-esfregao-abrasivo-proweb\/#breadcrumb\",\"itemListElement\":[{\"@type\":\"ListItem\",\"position\":1,\"name\":\"Home\",\"item\":\"https:\/\/chemitool.com\/pt-pt\/\"},{\"@type\":\"ListItem\",\"position\":2,\"name\":\"Produtos\",\"item\":\"https:\/\/chemitool.com\/pt-pt\/produtos\/\"},{\"@type\":\"ListItem\",\"position\":3,\"name\":\"Cutting\",\"item\":\"https:\/\/chemitool.com\/product-category\/cutting\/\"},{\"@type\":\"ListItem\",\"position\":4,\"name\":\"FOLHAS DE ESFREG\\u00c3O ABRASIVO PROWEB\"}]}]}<\/script>\n<!-- \/ Yoast SEO plugin. -->","yoast_head_json":{"title":"FOLHAS DE ESFREG\u00c3O ABRASIVO PROWEB &ndash; Chemitool","description":"As folhas de esfreg\u00e3o (n\u00e3o tecido) abrasivo PROWEB CHEMITOOL de formato retangular foram especialmente desenvolvidas para dar uma extraordin\u00e1ria rentabilidade de trabalho, devido \u00e0 sua composi\u00e7\u00e3o em forma de teia, sendo apropriado para lixagem desde retifica\u00e7\u00e3o at\u00e9 acabamento final.","robots":{"index":"index","follow":"follow","max-snippet":"max-snippet:-1","max-image-preview":"max-image-preview:large","max-video-preview":"max-video-preview:-1"},"canonical":"https:\/\/chemitool.com\/pt-pt\/products\/cutting\/folhas-rolos-abrasivos-de-mao\/rolos-e-folhas-de-esfregao-abrasivo-proweb\/folhas-de-esfregao-abrasivo-proweb\/","og_locale":"pt_PT","og_type":"article","og_title":"FOLHAS DE ESFREG\u00c3O ABRASIVO PROWEB &ndash; Chemitool","og_description":"As folhas de esfreg\u00e3o (n\u00e3o tecido) abrasivo PROWEB CHEMITOOL de formato retangular foram especialmente desenvolvidas para dar uma extraordin\u00e1ria rentabilidade de trabalho, devido \u00e0 sua composi\u00e7\u00e3o em forma de teia, sendo apropriado para lixagem desde retifica\u00e7\u00e3o at\u00e9 acabamento final.","og_url":"https:\/\/chemitool.com\/pt-pt\/products\/cutting\/folhas-rolos-abrasivos-de-mao\/rolos-e-folhas-de-esfregao-abrasivo-proweb\/folhas-de-esfregao-abrasivo-proweb\/","og_site_name":"Chemitool","article_publisher":"https:\/\/www.facebook.com\/chemitool","article_modified_time":"2025-11-12T09:27:51+00:00","og_image":[{"width":800,"height":800,"url":"https:\/\/chemitool.com\/wp-content\/uploads\/2025\/11\/CHA2707224154X.png","type":"image\/png"}],"twitter_card":"summary_large_image","twitter_misc":{"Tempo estimado de leitura":"1 minuto"},"schema":{"@context":"https:\/\/schema.org","@graph":[{"@type":"Organization","@id":"https:\/\/chemitool.com\/#organization","name":"Chemitool","url":"https:\/\/chemitool.com\/","sameAs":["https:\/\/www.facebook.com\/chemitool","https:\/\/www.instagram.com\/chemitool\/"],"logo":{"@type":"ImageObject","@id":"https:\/\/chemitool.com\/#logo","inLanguage":"pt-PT","url":"https:\/\/chemitool.com\/wp-content\/uploads\/2020\/10\/logo_chemitool.png","contentUrl":"https:\/\/chemitool.com\/wp-content\/uploads\/2020\/10\/logo_chemitool.png","width":400,"height":400,"caption":"Chemitool"},"image":{"@id":"https:\/\/chemitool.com\/#logo"}},{"@type":"WebSite","@id":"https:\/\/chemitool.com\/#website","url":"https:\/\/chemitool.com\/","name":"Chemitool","description":"Chemitool - hardware and tools","publisher":{"@id":"https:\/\/chemitool.com\/#organization"},"potentialAction":[{"@type":"SearchAction","target":{"@type":"EntryPoint","urlTemplate":"https:\/\/chemitool.com\/?s={search_term_string}"},"query-input":"required name=search_term_string"}],"inLanguage":"pt-PT"},{"@type":"ImageObject","@id":"https:\/\/chemitool.com\/pt-pt\/products\/cutting\/folhas-rolos-abrasivos-de-mao\/rolos-e-folhas-de-esfregao-abrasivo-proweb\/folhas-de-esfregao-abrasivo-proweb\/#primaryimage","inLanguage":"pt-PT","url":"https:\/\/chemitool.com\/wp-content\/uploads\/2025\/11\/CHA2707224154X.png","contentUrl":"https:\/\/chemitool.com\/wp-content\/uploads\/2025\/11\/CHA2707224154X.png","width":800,"height":800},{"@type":"WebPage","@id":"https:\/\/chemitool.com\/pt-pt\/products\/cutting\/folhas-rolos-abrasivos-de-mao\/rolos-e-folhas-de-esfregao-abrasivo-proweb\/folhas-de-esfregao-abrasivo-proweb\/#webpage","url":"https:\/\/chemitool.com\/pt-pt\/products\/cutting\/folhas-rolos-abrasivos-de-mao\/rolos-e-folhas-de-esfregao-abrasivo-proweb\/folhas-de-esfregao-abrasivo-proweb\/","name":"FOLHAS DE ESFREG\u00c3O ABRASIVO PROWEB &ndash; Chemitool","isPartOf":{"@id":"https:\/\/chemitool.com\/#website"},"primaryImageOfPage":{"@id":"https:\/\/chemitool.com\/pt-pt\/products\/cutting\/folhas-rolos-abrasivos-de-mao\/rolos-e-folhas-de-esfregao-abrasivo-proweb\/folhas-de-esfregao-abrasivo-proweb\/#primaryimage"},"datePublished":"2023-08-03T11:21:57+00:00","dateModified":"2025-11-12T09:27:51+00:00","description":"As folhas de esfreg\u00e3o (n\u00e3o tecido) abrasivo PROWEB CHEMITOOL de formato retangular foram especialmente desenvolvidas para dar uma extraordin\u00e1ria rentabilidade de trabalho, devido \u00e0 sua composi\u00e7\u00e3o em forma de teia, sendo apropriado para lixagem desde retifica\u00e7\u00e3o at\u00e9 acabamento final.","breadcrumb":{"@id":"https:\/\/chemitool.com\/pt-pt\/products\/cutting\/folhas-rolos-abrasivos-de-mao\/rolos-e-folhas-de-esfregao-abrasivo-proweb\/folhas-de-esfregao-abrasivo-proweb\/#breadcrumb"},"inLanguage":"pt-PT","potentialAction":[{"@type":"ReadAction","target":["https:\/\/chemitool.com\/pt-pt\/products\/cutting\/folhas-rolos-abrasivos-de-mao\/rolos-e-folhas-de-esfregao-abrasivo-proweb\/folhas-de-esfregao-abrasivo-proweb\/"]}]},{"@type":"BreadcrumbList","@id":"https:\/\/chemitool.com\/pt-pt\/products\/cutting\/folhas-rolos-abrasivos-de-mao\/rolos-e-folhas-de-esfregao-abrasivo-proweb\/folhas-de-esfregao-abrasivo-proweb\/#breadcrumb","itemListElement":[{"@type":"ListItem","position":1,"name":"Home","item":"https:\/\/chemitool.com\/pt-pt\/"},{"@type":"ListItem","position":2,"name":"Produtos","item":"https:\/\/chemitool.com\/pt-pt\/produtos\/"},{"@type":"ListItem","position":3,"name":"Cutting","item":"https:\/\/chemitool.com\/product-category\/cutting\/"},{"@type":"ListItem","position":4,"name":"FOLHAS DE ESFREG\u00c3O ABRASIVO PROWEB"}]}]}},"_links":{"self":[{"href":"https:\/\/chemitool.com\/pt-pt\/wp-json\/wp\/v2\/product\/34165"}],"collection":[{"href":"https:\/\/chemitool.com\/pt-pt\/wp-json\/wp\/v2\/product"}],"about":[{"href":"https:\/\/chemitool.com\/pt-pt\/wp-json\/wp\/v2\/types\/product"}],"wp:featuredmedia":[{"embeddable":true,"href":"https:\/\/chemitool.com\/pt-pt\/wp-json\/wp\/v2\/media\/44456"}],"wp:attachment":[{"href":"https:\/\/chemitool.com\/pt-pt\/wp-json\/wp\/v2\/media?parent=34165"}],"wp:term":[{"taxonomy":"product_cat","embeddable":true,"href":"https:\/\/chemitool.com\/pt-pt\/wp-json\/wp\/v2\/product_cat?post=34165"},{"taxonomy":"product_tag","embeddable":true,"href":"https:\/\/chemitool.com\/pt-pt\/wp-json\/wp\/v2\/product_tag?post=34165"}],"curies":[{"name":"wp","href":"https:\/\/api.w.org\/{rel}","templated":true}]}}