{"id":33454,"date":"2023-06-20T09:56:53","date_gmt":"2023-06-20T09:57:06","guid":{"rendered":"https:\/\/chemitool.com\/?post_type=product&#038;p=33454"},"modified":"2023-09-27T10:18:53","modified_gmt":"2023-09-27T10:18:53","slug":"lixadora-pneumatica-roto-orbital","status":"publish","type":"product","link":"https:\/\/chemitool.com\/pt-pt\/products\/tools\/ferramentas-pneumaticas\/lixadora-pneumatica-roto-orbital\/","title":{"rendered":"LIXADORA PNEUM\u00c1TICA ROTO-ORBITAL"},"content":{"rendered":"<p><strong>VANTAGENS<\/strong><\/p>\n<ul>\n<li>Carca\u00e7a em liga de alum\u00ednio<\/li>\n<li>Funcionamento suave, baixo ru\u00eddo, baixa vibra\u00e7\u00e3o e sem fadiga das m\u00e3os ap\u00f3s longo tempo de utiliza\u00e7\u00e3o<\/li>\n<li>Dispositivo colector de p\u00f3 de auto aspira\u00e7\u00e3o para evitar a inala\u00e7\u00e3o e reduzir a polui\u00e7\u00e3o ambiental<\/li>\n<li>P\u00e1 de rotor em baquelite de alta qualidade, dur\u00e1vel e dif\u00edcil de deformar<\/li>\n<li>Inclui: saco colectorde p\u00f3 e mangueira de aspira\u00e7\u00e3o<\/li>\n<\/ul>\n<p><strong>APLICA\u00c7\u00c3O<\/strong><\/p>\n<p>Ideal para lixagem e prepara\u00e7\u00e3o de superf\u00edcies em madeira, metal, fibra de vidro, materiais compostos, e muitos outros substratos.<\/p>\n","protected":false},"excerpt":{"rendered":"<p><b class=\"sap-label\">SAP:<\/b> <span class=\"codesap-label\"> CHT6010011215050 <\/span><\/p>\n<p>A<em> Lixadora Pneum\u00e1tica Roto-Orbital 150 mm CHEMITOOL\u00a0<\/em>\u00e9 ideal para lixagem e prepara\u00e7\u00e3o de superf\u00edcies em madeira, metal, fibra de vidro, materiais compostos, e muitos outros substratos. Tem uma performance prolongada, sem causar fatiga. Foi concebida com o prop\u00f3sito de aumentar a produtividade do operador.<\/p>\n","protected":false},"featured_media":33464,"template":"","meta":[],"product_cat":[1455,4970],"product_tag":[],"yoast_head":"<!-- This site is optimized with the Yoast SEO plugin v17.4 - https:\/\/yoast.com\/wordpress\/plugins\/seo\/ -->\n<title>LIXADORA PNEUM\u00c1TICA ROTO-ORBITAL &ndash; Chemitool<\/title>\n<meta name=\"description\" content=\"SAP: CHT6010011215050   A Lixadora Pneum\u00e1tica Roto-Orbital 150 mm CHEMITOOL\u00a0\u00e9 ideal para lixagem e prepara\u00e7\u00e3o de superf\u00edcies em madeira, metal, fibra de vidro, materiais compostos, e muitos outros substratos. Tem uma performance prolongada, sem causar fatiga. Foi concebida com o prop\u00f3sito de aumentar a produtividade do operador.\" \/>\n<meta name=\"robots\" content=\"index, follow, max-snippet:-1, max-image-preview:large, max-video-preview:-1\" \/>\n<link rel=\"canonical\" href=\"https:\/\/chemitool.com\/pt-pt\/products\/tools\/ferramentas-pneumaticas\/lixadora-pneumatica-roto-orbital\/\" \/>\n<meta property=\"og:locale\" content=\"pt_PT\" \/>\n<meta property=\"og:type\" content=\"article\" \/>\n<meta property=\"og:title\" content=\"LIXADORA PNEUM\u00c1TICA ROTO-ORBITAL &ndash; Chemitool\" \/>\n<meta property=\"og:description\" content=\"SAP: CHT6010011215050   A Lixadora Pneum\u00e1tica Roto-Orbital 150 mm CHEMITOOL\u00a0\u00e9 ideal para lixagem e prepara\u00e7\u00e3o de superf\u00edcies em madeira, metal, fibra de vidro, materiais compostos, e muitos outros substratos. Tem uma performance prolongada, sem causar fatiga. Foi concebida com o prop\u00f3sito de aumentar a produtividade do operador.\" \/>\n<meta property=\"og:url\" content=\"https:\/\/chemitool.com\/pt-pt\/products\/tools\/ferramentas-pneumaticas\/lixadora-pneumatica-roto-orbital\/\" \/>\n<meta property=\"og:site_name\" content=\"Chemitool\" \/>\n<meta property=\"article:publisher\" content=\"https:\/\/www.facebook.com\/chemitool\" \/>\n<meta property=\"article:modified_time\" content=\"2023-09-27T10:18:53+00:00\" \/>\n<meta property=\"og:image\" content=\"https:\/\/chemitool.com\/wp-content\/uploads\/2023\/06\/CHT6010011215050_.png\" \/>\n\t<meta property=\"og:image:width\" content=\"800\" \/>\n\t<meta property=\"og:image:height\" content=\"800\" \/>\n<meta name=\"twitter:card\" content=\"summary_large_image\" \/>\n<script type=\"application\/ld+json\" class=\"yoast-schema-graph\">{\"@context\":\"https:\/\/schema.org\",\"@graph\":[{\"@type\":\"Organization\",\"@id\":\"https:\/\/chemitool.com\/#organization\",\"name\":\"Chemitool\",\"url\":\"https:\/\/chemitool.com\/\",\"sameAs\":[\"https:\/\/www.facebook.com\/chemitool\",\"https:\/\/www.instagram.com\/chemitool\/\"],\"logo\":{\"@type\":\"ImageObject\",\"@id\":\"https:\/\/chemitool.com\/#logo\",\"inLanguage\":\"pt-PT\",\"url\":\"https:\/\/chemitool.com\/wp-content\/uploads\/2020\/10\/logo_chemitool.png\",\"contentUrl\":\"https:\/\/chemitool.com\/wp-content\/uploads\/2020\/10\/logo_chemitool.png\",\"width\":400,\"height\":400,\"caption\":\"Chemitool\"},\"image\":{\"@id\":\"https:\/\/chemitool.com\/#logo\"}},{\"@type\":\"WebSite\",\"@id\":\"https:\/\/chemitool.com\/#website\",\"url\":\"https:\/\/chemitool.com\/\",\"name\":\"Chemitool\",\"description\":\"Chemitool - hardware and tools\",\"publisher\":{\"@id\":\"https:\/\/chemitool.com\/#organization\"},\"potentialAction\":[{\"@type\":\"SearchAction\",\"target\":{\"@type\":\"EntryPoint\",\"urlTemplate\":\"https:\/\/chemitool.com\/?s={search_term_string}\"},\"query-input\":\"required name=search_term_string\"}],\"inLanguage\":\"pt-PT\"},{\"@type\":\"ImageObject\",\"@id\":\"https:\/\/chemitool.com\/pt-pt\/products\/tools\/ferramentas-pneumaticas\/lixadora-pneumatica-roto-orbital\/#primaryimage\",\"inLanguage\":\"pt-PT\",\"url\":\"https:\/\/chemitool.com\/wp-content\/uploads\/2023\/06\/CHT6010011215050_.png\",\"contentUrl\":\"https:\/\/chemitool.com\/wp-content\/uploads\/2023\/06\/CHT6010011215050_.png\",\"width\":800,\"height\":800},{\"@type\":\"WebPage\",\"@id\":\"https:\/\/chemitool.com\/pt-pt\/products\/tools\/ferramentas-pneumaticas\/lixadora-pneumatica-roto-orbital\/#webpage\",\"url\":\"https:\/\/chemitool.com\/pt-pt\/products\/tools\/ferramentas-pneumaticas\/lixadora-pneumatica-roto-orbital\/\",\"name\":\"LIXADORA PNEUM\\u00c1TICA ROTO-ORBITAL &ndash; Chemitool\",\"isPartOf\":{\"@id\":\"https:\/\/chemitool.com\/#website\"},\"primaryImageOfPage\":{\"@id\":\"https:\/\/chemitool.com\/pt-pt\/products\/tools\/ferramentas-pneumaticas\/lixadora-pneumatica-roto-orbital\/#primaryimage\"},\"datePublished\":\"2023-06-20T09:57:06+00:00\",\"dateModified\":\"2023-09-27T10:18:53+00:00\",\"description\":\"SAP: CHT6010011215050 A Lixadora Pneum\\u00e1tica Roto-Orbital 150 mm CHEMITOOL\\u00a0\\u00e9 ideal para lixagem e prepara\\u00e7\\u00e3o de superf\\u00edcies em madeira, metal, fibra de vidro, materiais compostos, e muitos outros substratos. Tem uma performance prolongada, sem causar fatiga. Foi concebida com o prop\\u00f3sito de aumentar a produtividade do operador.\",\"breadcrumb\":{\"@id\":\"https:\/\/chemitool.com\/pt-pt\/products\/tools\/ferramentas-pneumaticas\/lixadora-pneumatica-roto-orbital\/#breadcrumb\"},\"inLanguage\":\"pt-PT\",\"potentialAction\":[{\"@type\":\"ReadAction\",\"target\":[\"https:\/\/chemitool.com\/pt-pt\/products\/tools\/ferramentas-pneumaticas\/lixadora-pneumatica-roto-orbital\/\"]}]},{\"@type\":\"BreadcrumbList\",\"@id\":\"https:\/\/chemitool.com\/pt-pt\/products\/tools\/ferramentas-pneumaticas\/lixadora-pneumatica-roto-orbital\/#breadcrumb\",\"itemListElement\":[{\"@type\":\"ListItem\",\"position\":1,\"name\":\"Home\",\"item\":\"https:\/\/chemitool.com\/pt-pt\/\"},{\"@type\":\"ListItem\",\"position\":2,\"name\":\"Produtos\",\"item\":\"https:\/\/chemitool.com\/pt-pt\/produtos\/\"},{\"@type\":\"ListItem\",\"position\":3,\"name\":\"Tools\",\"item\":\"https:\/\/chemitool.com\/pt-pt\/categoria-produto\/tools\/\"},{\"@type\":\"ListItem\",\"position\":4,\"name\":\"Escadas e Escadotes\",\"item\":\"https:\/\/chemitool.com\/pt-pt\/categoria-produto\/tools\/escadas-e-escadotes\/\"},{\"@type\":\"ListItem\",\"position\":5,\"name\":\"LIXADORA PNEUM\\u00c1TICA ROTO-ORBITAL\"}]}]}<\/script>\n<!-- \/ Yoast SEO plugin. -->","yoast_head_json":{"title":"LIXADORA PNEUM\u00c1TICA ROTO-ORBITAL &ndash; Chemitool","description":"SAP: CHT6010011215050   A Lixadora Pneum\u00e1tica Roto-Orbital 150 mm CHEMITOOL\u00a0\u00e9 ideal para lixagem e prepara\u00e7\u00e3o de superf\u00edcies em madeira, metal, fibra de vidro, materiais compostos, e muitos outros substratos. Tem uma performance prolongada, sem causar fatiga. Foi concebida com o prop\u00f3sito de aumentar a produtividade do operador.","robots":{"index":"index","follow":"follow","max-snippet":"max-snippet:-1","max-image-preview":"max-image-preview:large","max-video-preview":"max-video-preview:-1"},"canonical":"https:\/\/chemitool.com\/pt-pt\/products\/tools\/ferramentas-pneumaticas\/lixadora-pneumatica-roto-orbital\/","og_locale":"pt_PT","og_type":"article","og_title":"LIXADORA PNEUM\u00c1TICA ROTO-ORBITAL &ndash; Chemitool","og_description":"SAP: CHT6010011215050   A Lixadora Pneum\u00e1tica Roto-Orbital 150 mm CHEMITOOL\u00a0\u00e9 ideal para lixagem e prepara\u00e7\u00e3o de superf\u00edcies em madeira, metal, fibra de vidro, materiais compostos, e muitos outros substratos. Tem uma performance prolongada, sem causar fatiga. Foi concebida com o prop\u00f3sito de aumentar a produtividade do operador.","og_url":"https:\/\/chemitool.com\/pt-pt\/products\/tools\/ferramentas-pneumaticas\/lixadora-pneumatica-roto-orbital\/","og_site_name":"Chemitool","article_publisher":"https:\/\/www.facebook.com\/chemitool","article_modified_time":"2023-09-27T10:18:53+00:00","og_image":[{"width":800,"height":800,"url":"https:\/\/chemitool.com\/wp-content\/uploads\/2023\/06\/CHT6010011215050_.png","type":"image\/png"}],"twitter_card":"summary_large_image","schema":{"@context":"https:\/\/schema.org","@graph":[{"@type":"Organization","@id":"https:\/\/chemitool.com\/#organization","name":"Chemitool","url":"https:\/\/chemitool.com\/","sameAs":["https:\/\/www.facebook.com\/chemitool","https:\/\/www.instagram.com\/chemitool\/"],"logo":{"@type":"ImageObject","@id":"https:\/\/chemitool.com\/#logo","inLanguage":"pt-PT","url":"https:\/\/chemitool.com\/wp-content\/uploads\/2020\/10\/logo_chemitool.png","contentUrl":"https:\/\/chemitool.com\/wp-content\/uploads\/2020\/10\/logo_chemitool.png","width":400,"height":400,"caption":"Chemitool"},"image":{"@id":"https:\/\/chemitool.com\/#logo"}},{"@type":"WebSite","@id":"https:\/\/chemitool.com\/#website","url":"https:\/\/chemitool.com\/","name":"Chemitool","description":"Chemitool - hardware and tools","publisher":{"@id":"https:\/\/chemitool.com\/#organization"},"potentialAction":[{"@type":"SearchAction","target":{"@type":"EntryPoint","urlTemplate":"https:\/\/chemitool.com\/?s={search_term_string}"},"query-input":"required name=search_term_string"}],"inLanguage":"pt-PT"},{"@type":"ImageObject","@id":"https:\/\/chemitool.com\/pt-pt\/products\/tools\/ferramentas-pneumaticas\/lixadora-pneumatica-roto-orbital\/#primaryimage","inLanguage":"pt-PT","url":"https:\/\/chemitool.com\/wp-content\/uploads\/2023\/06\/CHT6010011215050_.png","contentUrl":"https:\/\/chemitool.com\/wp-content\/uploads\/2023\/06\/CHT6010011215050_.png","width":800,"height":800},{"@type":"WebPage","@id":"https:\/\/chemitool.com\/pt-pt\/products\/tools\/ferramentas-pneumaticas\/lixadora-pneumatica-roto-orbital\/#webpage","url":"https:\/\/chemitool.com\/pt-pt\/products\/tools\/ferramentas-pneumaticas\/lixadora-pneumatica-roto-orbital\/","name":"LIXADORA PNEUM\u00c1TICA ROTO-ORBITAL &ndash; Chemitool","isPartOf":{"@id":"https:\/\/chemitool.com\/#website"},"primaryImageOfPage":{"@id":"https:\/\/chemitool.com\/pt-pt\/products\/tools\/ferramentas-pneumaticas\/lixadora-pneumatica-roto-orbital\/#primaryimage"},"datePublished":"2023-06-20T09:57:06+00:00","dateModified":"2023-09-27T10:18:53+00:00","description":"SAP: CHT6010011215050 A Lixadora Pneum\u00e1tica Roto-Orbital 150 mm CHEMITOOL\u00a0\u00e9 ideal para lixagem e prepara\u00e7\u00e3o de superf\u00edcies em madeira, metal, fibra de vidro, materiais compostos, e muitos outros substratos. Tem uma performance prolongada, sem causar fatiga. Foi concebida com o prop\u00f3sito de aumentar a produtividade do operador.","breadcrumb":{"@id":"https:\/\/chemitool.com\/pt-pt\/products\/tools\/ferramentas-pneumaticas\/lixadora-pneumatica-roto-orbital\/#breadcrumb"},"inLanguage":"pt-PT","potentialAction":[{"@type":"ReadAction","target":["https:\/\/chemitool.com\/pt-pt\/products\/tools\/ferramentas-pneumaticas\/lixadora-pneumatica-roto-orbital\/"]}]},{"@type":"BreadcrumbList","@id":"https:\/\/chemitool.com\/pt-pt\/products\/tools\/ferramentas-pneumaticas\/lixadora-pneumatica-roto-orbital\/#breadcrumb","itemListElement":[{"@type":"ListItem","position":1,"name":"Home","item":"https:\/\/chemitool.com\/pt-pt\/"},{"@type":"ListItem","position":2,"name":"Produtos","item":"https:\/\/chemitool.com\/pt-pt\/produtos\/"},{"@type":"ListItem","position":3,"name":"Tools","item":"https:\/\/chemitool.com\/pt-pt\/categoria-produto\/tools\/"},{"@type":"ListItem","position":4,"name":"Escadas e Escadotes","item":"https:\/\/chemitool.com\/pt-pt\/categoria-produto\/tools\/escadas-e-escadotes\/"},{"@type":"ListItem","position":5,"name":"LIXADORA PNEUM\u00c1TICA ROTO-ORBITAL"}]}]}},"_links":{"self":[{"href":"https:\/\/chemitool.com\/pt-pt\/wp-json\/wp\/v2\/product\/33454"}],"collection":[{"href":"https:\/\/chemitool.com\/pt-pt\/wp-json\/wp\/v2\/product"}],"about":[{"href":"https:\/\/chemitool.com\/pt-pt\/wp-json\/wp\/v2\/types\/product"}],"wp:featuredmedia":[{"embeddable":true,"href":"https:\/\/chemitool.com\/pt-pt\/wp-json\/wp\/v2\/media\/33464"}],"wp:attachment":[{"href":"https:\/\/chemitool.com\/pt-pt\/wp-json\/wp\/v2\/media?parent=33454"}],"wp:term":[{"taxonomy":"product_cat","embeddable":true,"href":"https:\/\/chemitool.com\/pt-pt\/wp-json\/wp\/v2\/product_cat?post=33454"},{"taxonomy":"product_tag","embeddable":true,"href":"https:\/\/chemitool.com\/pt-pt\/wp-json\/wp\/v2\/product_tag?post=33454"}],"curies":[{"name":"wp","href":"https:\/\/api.w.org\/{rel}","templated":true}]}}