{"id":33316,"date":"2023-06-14T13:54:15","date_gmt":"2023-06-14T13:54:18","guid":{"rendered":"https:\/\/chemitool.com\/?post_type=product&#038;p=33316"},"modified":"2023-07-13T15:07:56","modified_gmt":"2023-07-13T15:07:56","slug":"carro-armazem-reforcado","status":"publish","type":"product","link":"https:\/\/chemitool.com\/pt-pt\/products\/logistics\/carros-de-armazem\/carro-armazem-reforcado\/","title":{"rendered":"CARRO ARMAZ\u00c9M REFOR\u00c7ADO"},"content":{"rendered":"<ul>\n<li>Com a sua robusta estrutura refor\u00e7ada, o nosso carro de armaz\u00e9m \u00e9 constru\u00eddo para resistir a cargas pesadas e proporcionar durabilidade e confiabilidade. N\u00e3o importa o quanto a carga seja pesada, pode contar com a capacidade do equipamento para lidar com ela de forma eficiente e segura.<\/li>\n<li>A inclus\u00e3o de uma b\u00e1scula torna a movimenta\u00e7\u00e3o de cargas ainda mais conveniente.<\/li>\n<li>Com a capacidade de inclinar a plataforma de carga, pode facilmente carregar e descarregar cargas, permitindo um acesso mais ergon\u00f4mico e melhorando a estabilidade durante o transporte. Esta funcionalidade garante uma opera\u00e7\u00e3o mais eficiente e reduz o risco de danos \u00e0s cargas.<\/li>\n<\/ul>\n","protected":false},"excerpt":{"rendered":"<p><b class=\"sap-label\">SAP:<\/b> <span class=\"codesap-label\">CHL010601250002<\/span><\/p>\n<p>O<em> Carro de Armaz\u00e9m Refor\u00e7ado CHEMITOOL <\/em>foi projetado para atender \u00e0s necessidades de movimenta\u00e7\u00e3o de cargas pesadas em ambientes industriais e de armazenagem. A solu\u00e7\u00e3o ideal para facilitar o transporte e o manuseio de cargas no local de trabalho.<\/p>\n","protected":false},"featured_media":33298,"template":"","meta":[],"product_cat":[3972,4961],"product_tag":[],"yoast_head":"<!-- This site is optimized with the Yoast SEO plugin v17.4 - https:\/\/yoast.com\/wordpress\/plugins\/seo\/ -->\n<title>CARRO ARMAZ\u00c9M REFOR\u00c7ADO &ndash; Chemitool<\/title>\n<meta name=\"description\" content=\"SAP: CHL010601250002  O Carro de Armaz\u00e9m Refor\u00e7ado CHEMITOOL foi projetado para atender \u00e0s necessidades de movimenta\u00e7\u00e3o de cargas pesadas em ambientes industriais e de armazenagem. A solu\u00e7\u00e3o ideal para facilitar o transporte e o manuseio de cargas no local de trabalho.\" \/>\n<meta name=\"robots\" content=\"index, follow, max-snippet:-1, max-image-preview:large, max-video-preview:-1\" \/>\n<link rel=\"canonical\" href=\"https:\/\/chemitool.com\/pt-pt\/products\/logistics\/carros-de-armazem\/carro-armazem-reforcado\/\" \/>\n<meta property=\"og:locale\" content=\"pt_PT\" \/>\n<meta property=\"og:type\" content=\"article\" \/>\n<meta property=\"og:title\" content=\"CARRO ARMAZ\u00c9M REFOR\u00c7ADO &ndash; Chemitool\" \/>\n<meta property=\"og:description\" content=\"SAP: CHL010601250002  O Carro de Armaz\u00e9m Refor\u00e7ado CHEMITOOL foi projetado para atender \u00e0s necessidades de movimenta\u00e7\u00e3o de cargas pesadas em ambientes industriais e de armazenagem. A solu\u00e7\u00e3o ideal para facilitar o transporte e o manuseio de cargas no local de trabalho.\" \/>\n<meta property=\"og:url\" content=\"https:\/\/chemitool.com\/pt-pt\/products\/logistics\/carros-de-armazem\/carro-armazem-reforcado\/\" \/>\n<meta property=\"og:site_name\" content=\"Chemitool\" \/>\n<meta property=\"article:publisher\" content=\"https:\/\/www.facebook.com\/chemitool\" \/>\n<meta property=\"article:modified_time\" content=\"2023-07-13T15:07:56+00:00\" \/>\n<meta property=\"og:image\" content=\"https:\/\/chemitool.com\/wp-content\/uploads\/2023\/06\/CHL010601250002.png\" \/>\n\t<meta property=\"og:image:width\" content=\"800\" \/>\n\t<meta property=\"og:image:height\" content=\"800\" \/>\n<meta name=\"twitter:card\" content=\"summary_large_image\" \/>\n<meta name=\"twitter:label1\" content=\"Tempo estimado de leitura\" \/>\n\t<meta name=\"twitter:data1\" content=\"1 minuto\" \/>\n<script type=\"application\/ld+json\" class=\"yoast-schema-graph\">{\"@context\":\"https:\/\/schema.org\",\"@graph\":[{\"@type\":\"Organization\",\"@id\":\"https:\/\/chemitool.com\/#organization\",\"name\":\"Chemitool\",\"url\":\"https:\/\/chemitool.com\/\",\"sameAs\":[\"https:\/\/www.facebook.com\/chemitool\",\"https:\/\/www.instagram.com\/chemitool\/\"],\"logo\":{\"@type\":\"ImageObject\",\"@id\":\"https:\/\/chemitool.com\/#logo\",\"inLanguage\":\"pt-PT\",\"url\":\"https:\/\/chemitool.com\/wp-content\/uploads\/2020\/10\/logo_chemitool.png\",\"contentUrl\":\"https:\/\/chemitool.com\/wp-content\/uploads\/2020\/10\/logo_chemitool.png\",\"width\":400,\"height\":400,\"caption\":\"Chemitool\"},\"image\":{\"@id\":\"https:\/\/chemitool.com\/#logo\"}},{\"@type\":\"WebSite\",\"@id\":\"https:\/\/chemitool.com\/#website\",\"url\":\"https:\/\/chemitool.com\/\",\"name\":\"Chemitool\",\"description\":\"Chemitool - hardware and tools\",\"publisher\":{\"@id\":\"https:\/\/chemitool.com\/#organization\"},\"potentialAction\":[{\"@type\":\"SearchAction\",\"target\":{\"@type\":\"EntryPoint\",\"urlTemplate\":\"https:\/\/chemitool.com\/?s={search_term_string}\"},\"query-input\":\"required name=search_term_string\"}],\"inLanguage\":\"pt-PT\"},{\"@type\":\"ImageObject\",\"@id\":\"https:\/\/chemitool.com\/pt-pt\/products\/logistics\/carros-de-armazem\/carro-armazem-reforcado\/#primaryimage\",\"inLanguage\":\"pt-PT\",\"url\":\"https:\/\/chemitool.com\/wp-content\/uploads\/2023\/06\/CHL010601250002.png\",\"contentUrl\":\"https:\/\/chemitool.com\/wp-content\/uploads\/2023\/06\/CHL010601250002.png\",\"width\":800,\"height\":800},{\"@type\":\"WebPage\",\"@id\":\"https:\/\/chemitool.com\/pt-pt\/products\/logistics\/carros-de-armazem\/carro-armazem-reforcado\/#webpage\",\"url\":\"https:\/\/chemitool.com\/pt-pt\/products\/logistics\/carros-de-armazem\/carro-armazem-reforcado\/\",\"name\":\"CARRO ARMAZ\\u00c9M REFOR\\u00c7ADO &ndash; Chemitool\",\"isPartOf\":{\"@id\":\"https:\/\/chemitool.com\/#website\"},\"primaryImageOfPage\":{\"@id\":\"https:\/\/chemitool.com\/pt-pt\/products\/logistics\/carros-de-armazem\/carro-armazem-reforcado\/#primaryimage\"},\"datePublished\":\"2023-06-14T13:54:18+00:00\",\"dateModified\":\"2023-07-13T15:07:56+00:00\",\"description\":\"SAP: CHL010601250002 O Carro de Armaz\\u00e9m Refor\\u00e7ado CHEMITOOL foi projetado para atender \\u00e0s necessidades de movimenta\\u00e7\\u00e3o de cargas pesadas em ambientes industriais e de armazenagem. A solu\\u00e7\\u00e3o ideal para facilitar o transporte e o manuseio de cargas no local de trabalho.\",\"breadcrumb\":{\"@id\":\"https:\/\/chemitool.com\/pt-pt\/products\/logistics\/carros-de-armazem\/carro-armazem-reforcado\/#breadcrumb\"},\"inLanguage\":\"pt-PT\",\"potentialAction\":[{\"@type\":\"ReadAction\",\"target\":[\"https:\/\/chemitool.com\/pt-pt\/products\/logistics\/carros-de-armazem\/carro-armazem-reforcado\/\"]}]},{\"@type\":\"BreadcrumbList\",\"@id\":\"https:\/\/chemitool.com\/pt-pt\/products\/logistics\/carros-de-armazem\/carro-armazem-reforcado\/#breadcrumb\",\"itemListElement\":[{\"@type\":\"ListItem\",\"position\":1,\"name\":\"Home\",\"item\":\"https:\/\/chemitool.com\/pt-pt\/\"},{\"@type\":\"ListItem\",\"position\":2,\"name\":\"Produtos\",\"item\":\"https:\/\/chemitool.com\/pt-pt\/produtos\/\"},{\"@type\":\"ListItem\",\"position\":3,\"name\":\"Logistics\",\"item\":\"https:\/\/chemitool.com\/pt-pt\/categoria-produto\/logistics\/\"},{\"@type\":\"ListItem\",\"position\":4,\"name\":\"Carros de Armaz\\u00e9m\",\"item\":\"https:\/\/chemitool.com\/pt-pt\/categoria-produto\/logistics\/carros-de-armazem\/\"},{\"@type\":\"ListItem\",\"position\":5,\"name\":\"CARRO ARMAZ\\u00c9M REFOR\\u00c7ADO\"}]}]}<\/script>\n<!-- \/ Yoast SEO plugin. -->","yoast_head_json":{"title":"CARRO ARMAZ\u00c9M REFOR\u00c7ADO &ndash; Chemitool","description":"SAP: CHL010601250002  O Carro de Armaz\u00e9m Refor\u00e7ado CHEMITOOL foi projetado para atender \u00e0s necessidades de movimenta\u00e7\u00e3o de cargas pesadas em ambientes industriais e de armazenagem. A solu\u00e7\u00e3o ideal para facilitar o transporte e o manuseio de cargas no local de trabalho.","robots":{"index":"index","follow":"follow","max-snippet":"max-snippet:-1","max-image-preview":"max-image-preview:large","max-video-preview":"max-video-preview:-1"},"canonical":"https:\/\/chemitool.com\/pt-pt\/products\/logistics\/carros-de-armazem\/carro-armazem-reforcado\/","og_locale":"pt_PT","og_type":"article","og_title":"CARRO ARMAZ\u00c9M REFOR\u00c7ADO &ndash; Chemitool","og_description":"SAP: CHL010601250002  O Carro de Armaz\u00e9m Refor\u00e7ado CHEMITOOL foi projetado para atender \u00e0s necessidades de movimenta\u00e7\u00e3o de cargas pesadas em ambientes industriais e de armazenagem. A solu\u00e7\u00e3o ideal para facilitar o transporte e o manuseio de cargas no local de trabalho.","og_url":"https:\/\/chemitool.com\/pt-pt\/products\/logistics\/carros-de-armazem\/carro-armazem-reforcado\/","og_site_name":"Chemitool","article_publisher":"https:\/\/www.facebook.com\/chemitool","article_modified_time":"2023-07-13T15:07:56+00:00","og_image":[{"width":800,"height":800,"url":"https:\/\/chemitool.com\/wp-content\/uploads\/2023\/06\/CHL010601250002.png","type":"image\/png"}],"twitter_card":"summary_large_image","twitter_misc":{"Tempo estimado de leitura":"1 minuto"},"schema":{"@context":"https:\/\/schema.org","@graph":[{"@type":"Organization","@id":"https:\/\/chemitool.com\/#organization","name":"Chemitool","url":"https:\/\/chemitool.com\/","sameAs":["https:\/\/www.facebook.com\/chemitool","https:\/\/www.instagram.com\/chemitool\/"],"logo":{"@type":"ImageObject","@id":"https:\/\/chemitool.com\/#logo","inLanguage":"pt-PT","url":"https:\/\/chemitool.com\/wp-content\/uploads\/2020\/10\/logo_chemitool.png","contentUrl":"https:\/\/chemitool.com\/wp-content\/uploads\/2020\/10\/logo_chemitool.png","width":400,"height":400,"caption":"Chemitool"},"image":{"@id":"https:\/\/chemitool.com\/#logo"}},{"@type":"WebSite","@id":"https:\/\/chemitool.com\/#website","url":"https:\/\/chemitool.com\/","name":"Chemitool","description":"Chemitool - hardware and tools","publisher":{"@id":"https:\/\/chemitool.com\/#organization"},"potentialAction":[{"@type":"SearchAction","target":{"@type":"EntryPoint","urlTemplate":"https:\/\/chemitool.com\/?s={search_term_string}"},"query-input":"required name=search_term_string"}],"inLanguage":"pt-PT"},{"@type":"ImageObject","@id":"https:\/\/chemitool.com\/pt-pt\/products\/logistics\/carros-de-armazem\/carro-armazem-reforcado\/#primaryimage","inLanguage":"pt-PT","url":"https:\/\/chemitool.com\/wp-content\/uploads\/2023\/06\/CHL010601250002.png","contentUrl":"https:\/\/chemitool.com\/wp-content\/uploads\/2023\/06\/CHL010601250002.png","width":800,"height":800},{"@type":"WebPage","@id":"https:\/\/chemitool.com\/pt-pt\/products\/logistics\/carros-de-armazem\/carro-armazem-reforcado\/#webpage","url":"https:\/\/chemitool.com\/pt-pt\/products\/logistics\/carros-de-armazem\/carro-armazem-reforcado\/","name":"CARRO ARMAZ\u00c9M REFOR\u00c7ADO &ndash; Chemitool","isPartOf":{"@id":"https:\/\/chemitool.com\/#website"},"primaryImageOfPage":{"@id":"https:\/\/chemitool.com\/pt-pt\/products\/logistics\/carros-de-armazem\/carro-armazem-reforcado\/#primaryimage"},"datePublished":"2023-06-14T13:54:18+00:00","dateModified":"2023-07-13T15:07:56+00:00","description":"SAP: CHL010601250002 O Carro de Armaz\u00e9m Refor\u00e7ado CHEMITOOL foi projetado para atender \u00e0s necessidades de movimenta\u00e7\u00e3o de cargas pesadas em ambientes industriais e de armazenagem. A solu\u00e7\u00e3o ideal para facilitar o transporte e o manuseio de cargas no local de trabalho.","breadcrumb":{"@id":"https:\/\/chemitool.com\/pt-pt\/products\/logistics\/carros-de-armazem\/carro-armazem-reforcado\/#breadcrumb"},"inLanguage":"pt-PT","potentialAction":[{"@type":"ReadAction","target":["https:\/\/chemitool.com\/pt-pt\/products\/logistics\/carros-de-armazem\/carro-armazem-reforcado\/"]}]},{"@type":"BreadcrumbList","@id":"https:\/\/chemitool.com\/pt-pt\/products\/logistics\/carros-de-armazem\/carro-armazem-reforcado\/#breadcrumb","itemListElement":[{"@type":"ListItem","position":1,"name":"Home","item":"https:\/\/chemitool.com\/pt-pt\/"},{"@type":"ListItem","position":2,"name":"Produtos","item":"https:\/\/chemitool.com\/pt-pt\/produtos\/"},{"@type":"ListItem","position":3,"name":"Logistics","item":"https:\/\/chemitool.com\/pt-pt\/categoria-produto\/logistics\/"},{"@type":"ListItem","position":4,"name":"Carros de Armaz\u00e9m","item":"https:\/\/chemitool.com\/pt-pt\/categoria-produto\/logistics\/carros-de-armazem\/"},{"@type":"ListItem","position":5,"name":"CARRO ARMAZ\u00c9M REFOR\u00c7ADO"}]}]}},"_links":{"self":[{"href":"https:\/\/chemitool.com\/pt-pt\/wp-json\/wp\/v2\/product\/33316"}],"collection":[{"href":"https:\/\/chemitool.com\/pt-pt\/wp-json\/wp\/v2\/product"}],"about":[{"href":"https:\/\/chemitool.com\/pt-pt\/wp-json\/wp\/v2\/types\/product"}],"wp:featuredmedia":[{"embeddable":true,"href":"https:\/\/chemitool.com\/pt-pt\/wp-json\/wp\/v2\/media\/33298"}],"wp:attachment":[{"href":"https:\/\/chemitool.com\/pt-pt\/wp-json\/wp\/v2\/media?parent=33316"}],"wp:term":[{"taxonomy":"product_cat","embeddable":true,"href":"https:\/\/chemitool.com\/pt-pt\/wp-json\/wp\/v2\/product_cat?post=33316"},{"taxonomy":"product_tag","embeddable":true,"href":"https:\/\/chemitool.com\/pt-pt\/wp-json\/wp\/v2\/product_tag?post=33316"}],"curies":[{"name":"wp","href":"https:\/\/api.w.org\/{rel}","templated":true}]}}