{"id":32424,"date":"2023-04-18T15:56:34","date_gmt":"2023-04-18T15:56:52","guid":{"rendered":"https:\/\/chemitool.com\/?post_type=product&#038;p=32424"},"modified":"2024-09-06T15:59:11","modified_gmt":"2024-09-06T15:59:11","slug":"discos-de-lixa-autoaderentes-progrip-white","status":"publish","type":"product","link":"https:\/\/chemitool.com\/pt-pt\/products\/cutting\/abrasivos-flexiveis\/discos-de-lixa-autoaderentes-progrip\/discos-de-lixa-autoaderentes-progrip-white\/","title":{"rendered":"DISCOS DE LIXA AUTOADERENTES PROGRIP WHITE"},"content":{"rendered":"<p><strong>VANTAGENS<\/strong><\/p>\n<ul>\n<li>Excelente rela\u00e7\u00e3o qualidade\/valor<\/li>\n<li>F\u00e1cil uso<\/li>\n<li>Di\u00e2metro de 125 a 225mm<\/li>\n<li>Sistema autoaderente<\/li>\n<li>Acabamento uniforme<\/li>\n<li>Baixa possibilidade de empapar<\/li>\n<li>Longa vida \u00fatil da ferramenta<\/li>\n<\/ul>\n<p>O disco de lixa autoaderente CHEMITOOL \u00e9 fabricado com gr\u00e3o de \u00f3xido de alum\u00ednio de excelente qualidade, com suporte em papel tipo B (gr\u00e3os mais agressivos) e tipo C (gr\u00e3os mais finos), podendo ser usado nos mais diversos substratos, madeira, comp\u00f3sitos de madeira, revestimentos e at\u00e9 em gesso cartonado.<\/p>\n<p>As vers\u00f5es 225mm (9Furos e 15Furos) s\u00e3o especialmente dedicadas para trabalhos com lixadora de parede \u201cgirafa\u201d, cobrindo uma maior \u00e1rea, aumentando assim a rentabilidade lixagem.<\/p>\n<p>Este disco de lixa de excelente performance, com varia\u00e7\u00f5es de fura\u00e7\u00f5es at\u00e9 17 furos, permite uma f\u00e1cil montagem na grande maioria dos pratos de lixa utilizados, criando um fluxo de absor\u00e7\u00e3o por parte da m\u00e1quina, eliminando a acumula\u00e7\u00e3o de res\u00edduos na lixa, baixando a possibilidade de empapar.<\/p>\n<p>Este tipo de disco permite que sejam utilizadas para lixagem mais agressiva, bem como em lixagem de prepara\u00e7\u00e3o\/etapas.<\/p>\n<p>A CHEMITOOL disponibiliza seis tipos de discos de lixa autoaderente diferentes: sem fura\u00e7\u00e3o, 6, 8, 9, 15 ou 17 furos.<\/p>\n<p>Para usar com o <a href=\"https:\/\/chemitool.com\/pt-pt\/products\/corte\/abrasivos-flexiveis\/discos-de-velcro\/prato-suporte-de-discos-de-lixa-autoaderentes\/\"><em><u>Prato de Suporte de Discos de Lixa Autoaderentes CHEMITOOL<\/u>.<\/em><\/a><\/p>\n","protected":false},"excerpt":{"rendered":"<p><em>O disco de lixa autoaderente PROGRIP WHITE CHEMITOOL<\/em> foi concebido especialmente para o sector da ind\u00fastria de madeiras (brancas e lacadas) e gesso cartonado, garantindo um excelente rendimento, com uma economia de tempo e desgaste para o operador. Contudo pode ser utilizado de forma transversal em todos os setores de atividade.<\/p>\n","protected":false},"featured_media":33670,"template":"","meta":[],"product_cat":[1422,1443],"product_tag":[4894],"yoast_head":"<!-- This site is optimized with the Yoast SEO plugin v17.4 - https:\/\/yoast.com\/wordpress\/plugins\/seo\/ -->\n<title>DISCOS DE LIXA AUTOADERENTES PROGRIP WHITE &ndash; Chemitool<\/title>\n<meta name=\"description\" content=\"O disco de lixa autoaderente PROGRIP WHITE CHEMITOOL foi concebido especialmente para o sector da ind\u00fastria de madeiras (brancas e lacadas) e gesso cartonado, garantindo um excelente rendimento, com uma economia de tempo e desgaste para o operador. Contudo pode ser utilizado de forma transversal em todos os setores de atividade.\" \/>\n<meta name=\"robots\" content=\"index, follow, max-snippet:-1, max-image-preview:large, max-video-preview:-1\" \/>\n<link rel=\"canonical\" href=\"https:\/\/chemitool.com\/pt-pt\/products\/cutting\/abrasivos-flexiveis\/discos-de-lixa-autoaderentes-progrip\/discos-de-lixa-autoaderentes-progrip-white\/\" \/>\n<meta property=\"og:locale\" content=\"pt_PT\" \/>\n<meta property=\"og:type\" content=\"article\" \/>\n<meta property=\"og:title\" content=\"DISCOS DE LIXA AUTOADERENTES PROGRIP WHITE &ndash; Chemitool\" \/>\n<meta property=\"og:description\" content=\"O disco de lixa autoaderente PROGRIP WHITE CHEMITOOL foi concebido especialmente para o sector da ind\u00fastria de madeiras (brancas e lacadas) e gesso cartonado, garantindo um excelente rendimento, com uma economia de tempo e desgaste para o operador. Contudo pode ser utilizado de forma transversal em todos os setores de atividade.\" \/>\n<meta property=\"og:url\" content=\"https:\/\/chemitool.com\/pt-pt\/products\/cutting\/abrasivos-flexiveis\/discos-de-lixa-autoaderentes-progrip\/discos-de-lixa-autoaderentes-progrip-white\/\" \/>\n<meta property=\"og:site_name\" content=\"Chemitool\" \/>\n<meta property=\"article:publisher\" content=\"https:\/\/www.facebook.com\/chemitool\" \/>\n<meta property=\"article:modified_time\" content=\"2024-09-06T15:59:11+00:00\" \/>\n<meta property=\"og:image\" content=\"https:\/\/chemitool.com\/wp-content\/uploads\/2023\/07\/CHA1503.png\" \/>\n\t<meta property=\"og:image:width\" content=\"800\" \/>\n\t<meta property=\"og:image:height\" content=\"800\" \/>\n<meta name=\"twitter:card\" content=\"summary_large_image\" \/>\n<meta name=\"twitter:label1\" content=\"Tempo estimado de leitura\" \/>\n\t<meta name=\"twitter:data1\" content=\"1 minuto\" \/>\n<script type=\"application\/ld+json\" class=\"yoast-schema-graph\">{\"@context\":\"https:\/\/schema.org\",\"@graph\":[{\"@type\":\"Organization\",\"@id\":\"https:\/\/chemitool.com\/#organization\",\"name\":\"Chemitool\",\"url\":\"https:\/\/chemitool.com\/\",\"sameAs\":[\"https:\/\/www.facebook.com\/chemitool\",\"https:\/\/www.instagram.com\/chemitool\/\"],\"logo\":{\"@type\":\"ImageObject\",\"@id\":\"https:\/\/chemitool.com\/#logo\",\"inLanguage\":\"pt-PT\",\"url\":\"https:\/\/chemitool.com\/wp-content\/uploads\/2020\/10\/logo_chemitool.png\",\"contentUrl\":\"https:\/\/chemitool.com\/wp-content\/uploads\/2020\/10\/logo_chemitool.png\",\"width\":400,\"height\":400,\"caption\":\"Chemitool\"},\"image\":{\"@id\":\"https:\/\/chemitool.com\/#logo\"}},{\"@type\":\"WebSite\",\"@id\":\"https:\/\/chemitool.com\/#website\",\"url\":\"https:\/\/chemitool.com\/\",\"name\":\"Chemitool\",\"description\":\"Chemitool - hardware and tools\",\"publisher\":{\"@id\":\"https:\/\/chemitool.com\/#organization\"},\"potentialAction\":[{\"@type\":\"SearchAction\",\"target\":{\"@type\":\"EntryPoint\",\"urlTemplate\":\"https:\/\/chemitool.com\/?s={search_term_string}\"},\"query-input\":\"required name=search_term_string\"}],\"inLanguage\":\"pt-PT\"},{\"@type\":\"ImageObject\",\"@id\":\"https:\/\/chemitool.com\/pt-pt\/products\/cutting\/abrasivos-flexiveis\/discos-de-lixa-autoaderentes-progrip\/discos-de-lixa-autoaderentes-progrip-white\/#primaryimage\",\"inLanguage\":\"pt-PT\",\"url\":\"https:\/\/chemitool.com\/wp-content\/uploads\/2023\/07\/CHA1503.png\",\"contentUrl\":\"https:\/\/chemitool.com\/wp-content\/uploads\/2023\/07\/CHA1503.png\",\"width\":800,\"height\":800},{\"@type\":\"WebPage\",\"@id\":\"https:\/\/chemitool.com\/pt-pt\/products\/cutting\/abrasivos-flexiveis\/discos-de-lixa-autoaderentes-progrip\/discos-de-lixa-autoaderentes-progrip-white\/#webpage\",\"url\":\"https:\/\/chemitool.com\/pt-pt\/products\/cutting\/abrasivos-flexiveis\/discos-de-lixa-autoaderentes-progrip\/discos-de-lixa-autoaderentes-progrip-white\/\",\"name\":\"DISCOS DE LIXA AUTOADERENTES PROGRIP WHITE &ndash; Chemitool\",\"isPartOf\":{\"@id\":\"https:\/\/chemitool.com\/#website\"},\"primaryImageOfPage\":{\"@id\":\"https:\/\/chemitool.com\/pt-pt\/products\/cutting\/abrasivos-flexiveis\/discos-de-lixa-autoaderentes-progrip\/discos-de-lixa-autoaderentes-progrip-white\/#primaryimage\"},\"datePublished\":\"2023-04-18T15:56:52+00:00\",\"dateModified\":\"2024-09-06T15:59:11+00:00\",\"description\":\"O disco de lixa autoaderente PROGRIP WHITE CHEMITOOL foi concebido especialmente para o sector da ind\\u00fastria de madeiras (brancas e lacadas) e gesso cartonado, garantindo um excelente rendimento, com uma economia de tempo e desgaste para o operador. Contudo pode ser utilizado de forma transversal em todos os setores de atividade.\",\"breadcrumb\":{\"@id\":\"https:\/\/chemitool.com\/pt-pt\/products\/cutting\/abrasivos-flexiveis\/discos-de-lixa-autoaderentes-progrip\/discos-de-lixa-autoaderentes-progrip-white\/#breadcrumb\"},\"inLanguage\":\"pt-PT\",\"potentialAction\":[{\"@type\":\"ReadAction\",\"target\":[\"https:\/\/chemitool.com\/pt-pt\/products\/cutting\/abrasivos-flexiveis\/discos-de-lixa-autoaderentes-progrip\/discos-de-lixa-autoaderentes-progrip-white\/\"]}]},{\"@type\":\"BreadcrumbList\",\"@id\":\"https:\/\/chemitool.com\/pt-pt\/products\/cutting\/abrasivos-flexiveis\/discos-de-lixa-autoaderentes-progrip\/discos-de-lixa-autoaderentes-progrip-white\/#breadcrumb\",\"itemListElement\":[{\"@type\":\"ListItem\",\"position\":1,\"name\":\"Home\",\"item\":\"https:\/\/chemitool.com\/pt-pt\/\"},{\"@type\":\"ListItem\",\"position\":2,\"name\":\"Produtos\",\"item\":\"https:\/\/chemitool.com\/pt-pt\/produtos\/\"},{\"@type\":\"ListItem\",\"position\":3,\"name\":\"Cutting\",\"item\":\"https:\/\/chemitool.com\/pt-pt\/categoria-produto\/cutting\/\"},{\"@type\":\"ListItem\",\"position\":4,\"name\":\"Abrasivos Flex\\u00edveis\",\"item\":\"https:\/\/chemitool.com\/pt-pt\/categoria-produto\/cutting\/abrasivos-flexiveis\/\"},{\"@type\":\"ListItem\",\"position\":5,\"name\":\"Discos de Lixa Autoaderentes Progrip\",\"item\":\"https:\/\/chemitool.com\/pt-pt\/categoria-produto\/cutting\/abrasivos-flexiveis\/discos-de-lixa-autoaderentes-progrip\/\"},{\"@type\":\"ListItem\",\"position\":6,\"name\":\"DISCOS DE LIXA AUTOADERENTES PROGRIP WHITE\"}]}]}<\/script>\n<!-- \/ Yoast SEO plugin. -->","yoast_head_json":{"title":"DISCOS DE LIXA AUTOADERENTES PROGRIP WHITE &ndash; Chemitool","description":"O disco de lixa autoaderente PROGRIP WHITE CHEMITOOL foi concebido especialmente para o sector da ind\u00fastria de madeiras (brancas e lacadas) e gesso cartonado, garantindo um excelente rendimento, com uma economia de tempo e desgaste para o operador. Contudo pode ser utilizado de forma transversal em todos os setores de atividade.","robots":{"index":"index","follow":"follow","max-snippet":"max-snippet:-1","max-image-preview":"max-image-preview:large","max-video-preview":"max-video-preview:-1"},"canonical":"https:\/\/chemitool.com\/pt-pt\/products\/cutting\/abrasivos-flexiveis\/discos-de-lixa-autoaderentes-progrip\/discos-de-lixa-autoaderentes-progrip-white\/","og_locale":"pt_PT","og_type":"article","og_title":"DISCOS DE LIXA AUTOADERENTES PROGRIP WHITE &ndash; Chemitool","og_description":"O disco de lixa autoaderente PROGRIP WHITE CHEMITOOL foi concebido especialmente para o sector da ind\u00fastria de madeiras (brancas e lacadas) e gesso cartonado, garantindo um excelente rendimento, com uma economia de tempo e desgaste para o operador. Contudo pode ser utilizado de forma transversal em todos os setores de atividade.","og_url":"https:\/\/chemitool.com\/pt-pt\/products\/cutting\/abrasivos-flexiveis\/discos-de-lixa-autoaderentes-progrip\/discos-de-lixa-autoaderentes-progrip-white\/","og_site_name":"Chemitool","article_publisher":"https:\/\/www.facebook.com\/chemitool","article_modified_time":"2024-09-06T15:59:11+00:00","og_image":[{"width":800,"height":800,"url":"https:\/\/chemitool.com\/wp-content\/uploads\/2023\/07\/CHA1503.png","type":"image\/png"}],"twitter_card":"summary_large_image","twitter_misc":{"Tempo estimado de leitura":"1 minuto"},"schema":{"@context":"https:\/\/schema.org","@graph":[{"@type":"Organization","@id":"https:\/\/chemitool.com\/#organization","name":"Chemitool","url":"https:\/\/chemitool.com\/","sameAs":["https:\/\/www.facebook.com\/chemitool","https:\/\/www.instagram.com\/chemitool\/"],"logo":{"@type":"ImageObject","@id":"https:\/\/chemitool.com\/#logo","inLanguage":"pt-PT","url":"https:\/\/chemitool.com\/wp-content\/uploads\/2020\/10\/logo_chemitool.png","contentUrl":"https:\/\/chemitool.com\/wp-content\/uploads\/2020\/10\/logo_chemitool.png","width":400,"height":400,"caption":"Chemitool"},"image":{"@id":"https:\/\/chemitool.com\/#logo"}},{"@type":"WebSite","@id":"https:\/\/chemitool.com\/#website","url":"https:\/\/chemitool.com\/","name":"Chemitool","description":"Chemitool - hardware and tools","publisher":{"@id":"https:\/\/chemitool.com\/#organization"},"potentialAction":[{"@type":"SearchAction","target":{"@type":"EntryPoint","urlTemplate":"https:\/\/chemitool.com\/?s={search_term_string}"},"query-input":"required name=search_term_string"}],"inLanguage":"pt-PT"},{"@type":"ImageObject","@id":"https:\/\/chemitool.com\/pt-pt\/products\/cutting\/abrasivos-flexiveis\/discos-de-lixa-autoaderentes-progrip\/discos-de-lixa-autoaderentes-progrip-white\/#primaryimage","inLanguage":"pt-PT","url":"https:\/\/chemitool.com\/wp-content\/uploads\/2023\/07\/CHA1503.png","contentUrl":"https:\/\/chemitool.com\/wp-content\/uploads\/2023\/07\/CHA1503.png","width":800,"height":800},{"@type":"WebPage","@id":"https:\/\/chemitool.com\/pt-pt\/products\/cutting\/abrasivos-flexiveis\/discos-de-lixa-autoaderentes-progrip\/discos-de-lixa-autoaderentes-progrip-white\/#webpage","url":"https:\/\/chemitool.com\/pt-pt\/products\/cutting\/abrasivos-flexiveis\/discos-de-lixa-autoaderentes-progrip\/discos-de-lixa-autoaderentes-progrip-white\/","name":"DISCOS DE LIXA AUTOADERENTES PROGRIP WHITE &ndash; Chemitool","isPartOf":{"@id":"https:\/\/chemitool.com\/#website"},"primaryImageOfPage":{"@id":"https:\/\/chemitool.com\/pt-pt\/products\/cutting\/abrasivos-flexiveis\/discos-de-lixa-autoaderentes-progrip\/discos-de-lixa-autoaderentes-progrip-white\/#primaryimage"},"datePublished":"2023-04-18T15:56:52+00:00","dateModified":"2024-09-06T15:59:11+00:00","description":"O disco de lixa autoaderente PROGRIP WHITE CHEMITOOL foi concebido especialmente para o sector da ind\u00fastria de madeiras (brancas e lacadas) e gesso cartonado, garantindo um excelente rendimento, com uma economia de tempo e desgaste para o operador. Contudo pode ser utilizado de forma transversal em todos os setores de atividade.","breadcrumb":{"@id":"https:\/\/chemitool.com\/pt-pt\/products\/cutting\/abrasivos-flexiveis\/discos-de-lixa-autoaderentes-progrip\/discos-de-lixa-autoaderentes-progrip-white\/#breadcrumb"},"inLanguage":"pt-PT","potentialAction":[{"@type":"ReadAction","target":["https:\/\/chemitool.com\/pt-pt\/products\/cutting\/abrasivos-flexiveis\/discos-de-lixa-autoaderentes-progrip\/discos-de-lixa-autoaderentes-progrip-white\/"]}]},{"@type":"BreadcrumbList","@id":"https:\/\/chemitool.com\/pt-pt\/products\/cutting\/abrasivos-flexiveis\/discos-de-lixa-autoaderentes-progrip\/discos-de-lixa-autoaderentes-progrip-white\/#breadcrumb","itemListElement":[{"@type":"ListItem","position":1,"name":"Home","item":"https:\/\/chemitool.com\/pt-pt\/"},{"@type":"ListItem","position":2,"name":"Produtos","item":"https:\/\/chemitool.com\/pt-pt\/produtos\/"},{"@type":"ListItem","position":3,"name":"Cutting","item":"https:\/\/chemitool.com\/pt-pt\/categoria-produto\/cutting\/"},{"@type":"ListItem","position":4,"name":"Abrasivos Flex\u00edveis","item":"https:\/\/chemitool.com\/pt-pt\/categoria-produto\/cutting\/abrasivos-flexiveis\/"},{"@type":"ListItem","position":5,"name":"Discos de Lixa Autoaderentes Progrip","item":"https:\/\/chemitool.com\/pt-pt\/categoria-produto\/cutting\/abrasivos-flexiveis\/discos-de-lixa-autoaderentes-progrip\/"},{"@type":"ListItem","position":6,"name":"DISCOS DE LIXA AUTOADERENTES PROGRIP WHITE"}]}]}},"_links":{"self":[{"href":"https:\/\/chemitool.com\/pt-pt\/wp-json\/wp\/v2\/product\/32424"}],"collection":[{"href":"https:\/\/chemitool.com\/pt-pt\/wp-json\/wp\/v2\/product"}],"about":[{"href":"https:\/\/chemitool.com\/pt-pt\/wp-json\/wp\/v2\/types\/product"}],"wp:featuredmedia":[{"embeddable":true,"href":"https:\/\/chemitool.com\/pt-pt\/wp-json\/wp\/v2\/media\/33670"}],"wp:attachment":[{"href":"https:\/\/chemitool.com\/pt-pt\/wp-json\/wp\/v2\/media?parent=32424"}],"wp:term":[{"taxonomy":"product_cat","embeddable":true,"href":"https:\/\/chemitool.com\/pt-pt\/wp-json\/wp\/v2\/product_cat?post=32424"},{"taxonomy":"product_tag","embeddable":true,"href":"https:\/\/chemitool.com\/pt-pt\/wp-json\/wp\/v2\/product_tag?post=32424"}],"curies":[{"name":"wp","href":"https:\/\/api.w.org\/{rel}","templated":true}]}}