{"id":32092,"date":"2023-03-30T14:56:51","date_gmt":"2023-03-30T14:56:55","guid":{"rendered":"https:\/\/chemitool.com\/?post_type=product&#038;p=32092"},"modified":"2023-04-03T10:05:33","modified_gmt":"2023-04-03T10:05:33","slug":"arvores-para-serras-craneanas","status":"publish","type":"product","link":"https:\/\/chemitool.com\/pt-pt\/products\/cutting\/ferramentas-de-serrar\/serras-craneanas-bimetalicas\/arvores-para-serras-craneanas\/","title":{"rendered":"\u00c1RVORES PARA SERRAS CRANEANAS"},"content":{"rendered":"<p><strong>VANTAGENS<\/strong><\/p>\n<ul>\n<li>\u00d3tima rela\u00e7\u00e3o qualidade\/valor<\/li>\n<li>Dispon\u00edvel em HSS e HSS 8% Co<\/li>\n<li>Dois tipos de rosca<\/li>\n<li>Resistente \u00e0 quebra<\/li>\n<li>F\u00e1cil encaixe \u00e0 serra craneana<\/li>\n<li>Longa vida \u00fatil da ferramenta<\/li>\n<\/ul>\n<p>As arvores com broca-guia para serras craneanas CHEMITOOL est\u00e3o preparadas para praticamente todo o tipo de serras craneanas do mercado, existindo em dois tipos de rece\u00e7\u00f5es, 5\/8\u201d x 18 e 1\/2&#8243; x 20.<\/p>\n<p>S\u00e3o equipadas com dois tipos de broca-guia, a\u00e7o r\u00e1pido e a\u00e7o r\u00e1pido com 8% cobalto, esta \u00faltima, mais indicada para trabalhos em que \u00e9 necess\u00e1rio efetuar a guia em materiais de maior dureza (a\u00e7o inoxid\u00e1vel, por exemplo).<\/p>\n<p>Os encaixes\/encabadouro s\u00e3o constru\u00eddos de forma solida para sustentar a press\u00e3o exercida pela ferramenta el\u00e9trica, fazendo com que n\u00e3o exista perca de energia na fura\u00e7\u00e3o e que o processo de corte seja continuo.<\/p>\n<p>Importante ter em aten\u00e7\u00e3o que as serras craneanas devem ser aplicadas em angulo de 90\u00ba face \u00e0 superf\u00edcie de contacto.<\/p>\n<p>Em situa\u00e7\u00f5es em que a pe\u00e7a de trabalho n\u00e3o tenha apoio, a mesma deve ser mantida firmemente num grampo ou torno, para evitar que haja o deslocamento da mesma, evitando assim a sua quebra ou rota\u00e7\u00e3o juntamente com a serra craneana.<\/p>\n<p>Embalado em pendurador individual com fura\u00e7\u00e3o para exposi\u00e7\u00e3o.<\/p>\n","protected":false},"excerpt":{"rendered":"<p><em>As \u00e1rvores com broca-guia para adapta\u00e7\u00e3o \u00e0s serras craneanas bimet\u00e1licas CHEMITOOL<\/em>\u00a0foram desenvolvidas para complementar as serras craneanas, oferecendo alternativas de encabadouro e formato de encaixe.<\/p>\n","protected":false},"featured_media":32141,"template":"","meta":[],"product_cat":[1422,4290,4826],"product_tag":[],"yoast_head":"<!-- This site is optimized with the Yoast SEO plugin v17.4 - https:\/\/yoast.com\/wordpress\/plugins\/seo\/ -->\n<title>\u00c1RVORES PARA SERRAS CRANEANAS &ndash; Chemitool<\/title>\n<meta name=\"description\" content=\"As \u00e1rvores com broca-guia para adapta\u00e7\u00e3o \u00e0s serras craneanas bimet\u00e1licas CHEMITOOL\u00a0foram desenvolvidas para complementar as serras craneanas, oferecendo alternativas de encabadouro e formato de encaixe.\" \/>\n<meta name=\"robots\" content=\"index, follow, max-snippet:-1, max-image-preview:large, max-video-preview:-1\" \/>\n<link rel=\"canonical\" href=\"https:\/\/chemitool.com\/pt-pt\/products\/cutting\/ferramentas-de-serrar\/serras-craneanas-bimetalicas\/arvores-para-serras-craneanas\/\" \/>\n<meta property=\"og:locale\" content=\"pt_PT\" \/>\n<meta property=\"og:type\" content=\"article\" \/>\n<meta property=\"og:title\" content=\"\u00c1RVORES PARA SERRAS CRANEANAS &ndash; Chemitool\" \/>\n<meta property=\"og:description\" content=\"As \u00e1rvores com broca-guia para adapta\u00e7\u00e3o \u00e0s serras craneanas bimet\u00e1licas CHEMITOOL\u00a0foram desenvolvidas para complementar as serras craneanas, oferecendo alternativas de encabadouro e formato de encaixe.\" \/>\n<meta property=\"og:url\" content=\"https:\/\/chemitool.com\/pt-pt\/products\/cutting\/ferramentas-de-serrar\/serras-craneanas-bimetalicas\/arvores-para-serras-craneanas\/\" \/>\n<meta property=\"og:site_name\" content=\"Chemitool\" \/>\n<meta property=\"article:publisher\" content=\"https:\/\/www.facebook.com\/chemitool\" \/>\n<meta property=\"article:modified_time\" content=\"2023-04-03T10:05:33+00:00\" \/>\n<meta property=\"og:image\" content=\"https:\/\/chemitool.com\/wp-content\/uploads\/2023\/03\/arvores-conjunto.png\" \/>\n\t<meta property=\"og:image:width\" content=\"800\" \/>\n\t<meta property=\"og:image:height\" content=\"800\" \/>\n<meta name=\"twitter:card\" content=\"summary_large_image\" \/>\n<meta name=\"twitter:label1\" content=\"Tempo estimado de leitura\" \/>\n\t<meta name=\"twitter:data1\" content=\"1 minuto\" \/>\n<script type=\"application\/ld+json\" class=\"yoast-schema-graph\">{\"@context\":\"https:\/\/schema.org\",\"@graph\":[{\"@type\":\"Organization\",\"@id\":\"https:\/\/chemitool.com\/#organization\",\"name\":\"Chemitool\",\"url\":\"https:\/\/chemitool.com\/\",\"sameAs\":[\"https:\/\/www.facebook.com\/chemitool\",\"https:\/\/www.instagram.com\/chemitool\/\"],\"logo\":{\"@type\":\"ImageObject\",\"@id\":\"https:\/\/chemitool.com\/#logo\",\"inLanguage\":\"pt-PT\",\"url\":\"https:\/\/chemitool.com\/wp-content\/uploads\/2020\/10\/logo_chemitool.png\",\"contentUrl\":\"https:\/\/chemitool.com\/wp-content\/uploads\/2020\/10\/logo_chemitool.png\",\"width\":400,\"height\":400,\"caption\":\"Chemitool\"},\"image\":{\"@id\":\"https:\/\/chemitool.com\/#logo\"}},{\"@type\":\"WebSite\",\"@id\":\"https:\/\/chemitool.com\/#website\",\"url\":\"https:\/\/chemitool.com\/\",\"name\":\"Chemitool\",\"description\":\"Chemitool - hardware and tools\",\"publisher\":{\"@id\":\"https:\/\/chemitool.com\/#organization\"},\"potentialAction\":[{\"@type\":\"SearchAction\",\"target\":{\"@type\":\"EntryPoint\",\"urlTemplate\":\"https:\/\/chemitool.com\/?s={search_term_string}\"},\"query-input\":\"required name=search_term_string\"}],\"inLanguage\":\"pt-PT\"},{\"@type\":\"ImageObject\",\"@id\":\"https:\/\/chemitool.com\/pt-pt\/products\/cutting\/ferramentas-de-serrar\/serras-craneanas-bimetalicas\/arvores-para-serras-craneanas\/#primaryimage\",\"inLanguage\":\"pt-PT\",\"url\":\"https:\/\/chemitool.com\/wp-content\/uploads\/2023\/03\/arvores-conjunto.png\",\"contentUrl\":\"https:\/\/chemitool.com\/wp-content\/uploads\/2023\/03\/arvores-conjunto.png\",\"width\":800,\"height\":800},{\"@type\":\"WebPage\",\"@id\":\"https:\/\/chemitool.com\/pt-pt\/products\/cutting\/ferramentas-de-serrar\/serras-craneanas-bimetalicas\/arvores-para-serras-craneanas\/#webpage\",\"url\":\"https:\/\/chemitool.com\/pt-pt\/products\/cutting\/ferramentas-de-serrar\/serras-craneanas-bimetalicas\/arvores-para-serras-craneanas\/\",\"name\":\"\\u00c1RVORES PARA SERRAS CRANEANAS &ndash; Chemitool\",\"isPartOf\":{\"@id\":\"https:\/\/chemitool.com\/#website\"},\"primaryImageOfPage\":{\"@id\":\"https:\/\/chemitool.com\/pt-pt\/products\/cutting\/ferramentas-de-serrar\/serras-craneanas-bimetalicas\/arvores-para-serras-craneanas\/#primaryimage\"},\"datePublished\":\"2023-03-30T14:56:55+00:00\",\"dateModified\":\"2023-04-03T10:05:33+00:00\",\"description\":\"As \\u00e1rvores com broca-guia para adapta\\u00e7\\u00e3o \\u00e0s serras craneanas bimet\\u00e1licas CHEMITOOL\\u00a0foram desenvolvidas para complementar as serras craneanas, oferecendo alternativas de encabadouro e formato de encaixe.\",\"breadcrumb\":{\"@id\":\"https:\/\/chemitool.com\/pt-pt\/products\/cutting\/ferramentas-de-serrar\/serras-craneanas-bimetalicas\/arvores-para-serras-craneanas\/#breadcrumb\"},\"inLanguage\":\"pt-PT\",\"potentialAction\":[{\"@type\":\"ReadAction\",\"target\":[\"https:\/\/chemitool.com\/pt-pt\/products\/cutting\/ferramentas-de-serrar\/serras-craneanas-bimetalicas\/arvores-para-serras-craneanas\/\"]}]},{\"@type\":\"BreadcrumbList\",\"@id\":\"https:\/\/chemitool.com\/pt-pt\/products\/cutting\/ferramentas-de-serrar\/serras-craneanas-bimetalicas\/arvores-para-serras-craneanas\/#breadcrumb\",\"itemListElement\":[{\"@type\":\"ListItem\",\"position\":1,\"name\":\"Home\",\"item\":\"https:\/\/chemitool.com\/pt-pt\/\"},{\"@type\":\"ListItem\",\"position\":2,\"name\":\"Produtos\",\"item\":\"https:\/\/chemitool.com\/pt-pt\/produtos\/\"},{\"@type\":\"ListItem\",\"position\":3,\"name\":\"Cutting\",\"item\":\"https:\/\/chemitool.com\/pt-pt\/categoria-produto\/cutting\/\"},{\"@type\":\"ListItem\",\"position\":4,\"name\":\"FERRAMENTAS DE SERRAR\",\"item\":\"https:\/\/chemitool.com\/pt-pt\/categoria-produto\/cutting\/ferramentas-de-serrar\/\"},{\"@type\":\"ListItem\",\"position\":5,\"name\":\"SERRAS CRANEANAS BIMET\\u00c1LICAS\",\"item\":\"https:\/\/chemitool.com\/pt-pt\/categoria-produto\/cutting\/ferramentas-de-serrar\/serras-craneanas-bimetalicas\/\"},{\"@type\":\"ListItem\",\"position\":6,\"name\":\"\\u00c1RVORES PARA SERRAS CRANEANAS\"}]}]}<\/script>\n<!-- \/ Yoast SEO plugin. -->","yoast_head_json":{"title":"\u00c1RVORES PARA SERRAS CRANEANAS &ndash; Chemitool","description":"As \u00e1rvores com broca-guia para adapta\u00e7\u00e3o \u00e0s serras craneanas bimet\u00e1licas CHEMITOOL\u00a0foram desenvolvidas para complementar as serras craneanas, oferecendo alternativas de encabadouro e formato de encaixe.","robots":{"index":"index","follow":"follow","max-snippet":"max-snippet:-1","max-image-preview":"max-image-preview:large","max-video-preview":"max-video-preview:-1"},"canonical":"https:\/\/chemitool.com\/pt-pt\/products\/cutting\/ferramentas-de-serrar\/serras-craneanas-bimetalicas\/arvores-para-serras-craneanas\/","og_locale":"pt_PT","og_type":"article","og_title":"\u00c1RVORES PARA SERRAS CRANEANAS &ndash; Chemitool","og_description":"As \u00e1rvores com broca-guia para adapta\u00e7\u00e3o \u00e0s serras craneanas bimet\u00e1licas CHEMITOOL\u00a0foram desenvolvidas para complementar as serras craneanas, oferecendo alternativas de encabadouro e formato de encaixe.","og_url":"https:\/\/chemitool.com\/pt-pt\/products\/cutting\/ferramentas-de-serrar\/serras-craneanas-bimetalicas\/arvores-para-serras-craneanas\/","og_site_name":"Chemitool","article_publisher":"https:\/\/www.facebook.com\/chemitool","article_modified_time":"2023-04-03T10:05:33+00:00","og_image":[{"width":800,"height":800,"url":"https:\/\/chemitool.com\/wp-content\/uploads\/2023\/03\/arvores-conjunto.png","type":"image\/png"}],"twitter_card":"summary_large_image","twitter_misc":{"Tempo estimado de leitura":"1 minuto"},"schema":{"@context":"https:\/\/schema.org","@graph":[{"@type":"Organization","@id":"https:\/\/chemitool.com\/#organization","name":"Chemitool","url":"https:\/\/chemitool.com\/","sameAs":["https:\/\/www.facebook.com\/chemitool","https:\/\/www.instagram.com\/chemitool\/"],"logo":{"@type":"ImageObject","@id":"https:\/\/chemitool.com\/#logo","inLanguage":"pt-PT","url":"https:\/\/chemitool.com\/wp-content\/uploads\/2020\/10\/logo_chemitool.png","contentUrl":"https:\/\/chemitool.com\/wp-content\/uploads\/2020\/10\/logo_chemitool.png","width":400,"height":400,"caption":"Chemitool"},"image":{"@id":"https:\/\/chemitool.com\/#logo"}},{"@type":"WebSite","@id":"https:\/\/chemitool.com\/#website","url":"https:\/\/chemitool.com\/","name":"Chemitool","description":"Chemitool - hardware and tools","publisher":{"@id":"https:\/\/chemitool.com\/#organization"},"potentialAction":[{"@type":"SearchAction","target":{"@type":"EntryPoint","urlTemplate":"https:\/\/chemitool.com\/?s={search_term_string}"},"query-input":"required name=search_term_string"}],"inLanguage":"pt-PT"},{"@type":"ImageObject","@id":"https:\/\/chemitool.com\/pt-pt\/products\/cutting\/ferramentas-de-serrar\/serras-craneanas-bimetalicas\/arvores-para-serras-craneanas\/#primaryimage","inLanguage":"pt-PT","url":"https:\/\/chemitool.com\/wp-content\/uploads\/2023\/03\/arvores-conjunto.png","contentUrl":"https:\/\/chemitool.com\/wp-content\/uploads\/2023\/03\/arvores-conjunto.png","width":800,"height":800},{"@type":"WebPage","@id":"https:\/\/chemitool.com\/pt-pt\/products\/cutting\/ferramentas-de-serrar\/serras-craneanas-bimetalicas\/arvores-para-serras-craneanas\/#webpage","url":"https:\/\/chemitool.com\/pt-pt\/products\/cutting\/ferramentas-de-serrar\/serras-craneanas-bimetalicas\/arvores-para-serras-craneanas\/","name":"\u00c1RVORES PARA SERRAS CRANEANAS &ndash; Chemitool","isPartOf":{"@id":"https:\/\/chemitool.com\/#website"},"primaryImageOfPage":{"@id":"https:\/\/chemitool.com\/pt-pt\/products\/cutting\/ferramentas-de-serrar\/serras-craneanas-bimetalicas\/arvores-para-serras-craneanas\/#primaryimage"},"datePublished":"2023-03-30T14:56:55+00:00","dateModified":"2023-04-03T10:05:33+00:00","description":"As \u00e1rvores com broca-guia para adapta\u00e7\u00e3o \u00e0s serras craneanas bimet\u00e1licas CHEMITOOL\u00a0foram desenvolvidas para complementar as serras craneanas, oferecendo alternativas de encabadouro e formato de encaixe.","breadcrumb":{"@id":"https:\/\/chemitool.com\/pt-pt\/products\/cutting\/ferramentas-de-serrar\/serras-craneanas-bimetalicas\/arvores-para-serras-craneanas\/#breadcrumb"},"inLanguage":"pt-PT","potentialAction":[{"@type":"ReadAction","target":["https:\/\/chemitool.com\/pt-pt\/products\/cutting\/ferramentas-de-serrar\/serras-craneanas-bimetalicas\/arvores-para-serras-craneanas\/"]}]},{"@type":"BreadcrumbList","@id":"https:\/\/chemitool.com\/pt-pt\/products\/cutting\/ferramentas-de-serrar\/serras-craneanas-bimetalicas\/arvores-para-serras-craneanas\/#breadcrumb","itemListElement":[{"@type":"ListItem","position":1,"name":"Home","item":"https:\/\/chemitool.com\/pt-pt\/"},{"@type":"ListItem","position":2,"name":"Produtos","item":"https:\/\/chemitool.com\/pt-pt\/produtos\/"},{"@type":"ListItem","position":3,"name":"Cutting","item":"https:\/\/chemitool.com\/pt-pt\/categoria-produto\/cutting\/"},{"@type":"ListItem","position":4,"name":"FERRAMENTAS DE SERRAR","item":"https:\/\/chemitool.com\/pt-pt\/categoria-produto\/cutting\/ferramentas-de-serrar\/"},{"@type":"ListItem","position":5,"name":"SERRAS CRANEANAS BIMET\u00c1LICAS","item":"https:\/\/chemitool.com\/pt-pt\/categoria-produto\/cutting\/ferramentas-de-serrar\/serras-craneanas-bimetalicas\/"},{"@type":"ListItem","position":6,"name":"\u00c1RVORES PARA SERRAS CRANEANAS"}]}]}},"_links":{"self":[{"href":"https:\/\/chemitool.com\/pt-pt\/wp-json\/wp\/v2\/product\/32092"}],"collection":[{"href":"https:\/\/chemitool.com\/pt-pt\/wp-json\/wp\/v2\/product"}],"about":[{"href":"https:\/\/chemitool.com\/pt-pt\/wp-json\/wp\/v2\/types\/product"}],"wp:featuredmedia":[{"embeddable":true,"href":"https:\/\/chemitool.com\/pt-pt\/wp-json\/wp\/v2\/media\/32141"}],"wp:attachment":[{"href":"https:\/\/chemitool.com\/pt-pt\/wp-json\/wp\/v2\/media?parent=32092"}],"wp:term":[{"taxonomy":"product_cat","embeddable":true,"href":"https:\/\/chemitool.com\/pt-pt\/wp-json\/wp\/v2\/product_cat?post=32092"},{"taxonomy":"product_tag","embeddable":true,"href":"https:\/\/chemitool.com\/pt-pt\/wp-json\/wp\/v2\/product_tag?post=32092"}],"curies":[{"name":"wp","href":"https:\/\/api.w.org\/{rel}","templated":true}]}}