{"id":32083,"date":"2023-03-30T10:58:12","date_gmt":"2023-03-30T10:58:13","guid":{"rendered":"https:\/\/chemitool.com\/?post_type=product&#038;p=32083"},"modified":"2024-11-27T14:33:31","modified_gmt":"2024-11-27T14:33:31","slug":"sapatilha-de-seguranca-daytona-s3-src-hro-esd-cinzento","status":"publish","type":"product","link":"https:\/\/chemitool.com\/pt-pt\/products\/safety\/calcado-de-seguranca\/sapatilhas\/daytona-pt-pt\/sapatilha-de-seguranca-daytona-s3-src-hro-esd-cinzento\/","title":{"rendered":"SAPATILHA DE SEGURAN\u00c7A DAYTONA S3 SRC HRO ESD -Cinzento"},"content":{"rendered":"<ul>\n<li>Biqueira em fibra de vidro 30% mais leve<\/li>\n<li>Entressola anti perfura\u00e7\u00e3o n\u00e3o met\u00e1lica<\/li>\n<li>Camur\u00e7a repelente \u00e0 \u00e1gua<\/li>\n<li>Tecido Air Mesh respir\u00e1vel<\/li>\n<li>Faixas refletoras<\/li>\n<li>Palmilha EVA micro perfurada e substitu\u00edvel<\/li>\n<li>Leve e flex\u00edvel<\/li>\n<\/ul>\n<p><img class=\"alignnone size-full wp-image-32035\" src=\"https:\/\/chemitool.com\/wp-content\/uploads\/2023\/03\/EN-ISO-20345_redimensionado.png\" alt=\"\" width=\"105\" height=\"119\" \/><\/p>\n","protected":false},"excerpt":{"rendered":"<p><em>CHEMITOOL DAYTONA S3 SRC HRO ESD<\/em> \u00e9 uma sapatilha de seguran\u00e7a pensada para os desafios do dia-a-dia. Endurance e Performance s\u00e3o as palavras chave que a definem, permitindo o seu uso durante longas horas com menos cansa\u00e7o. Design desportivo e casual para fugir aos tradicionais sapatos de seguran\u00e7a. A sapatilha DAYTONA \u00e9 100% n\u00e3o met\u00e1lico e ESD o que lhe permite ser usado em ambientes explosivos ou onde se pretenda reduzir o risco de descargas electroest\u00e1ticas como empresas produtoras de componentes eletr\u00f3nicos, laborat\u00f3rios, bombas de combust\u00edvel, manuseamento de produtos inflam\u00e1veis, aeroportos, etc. Al\u00e9m disso, a sua sola confere uma resist\u00eancia at\u00e9 300\u00ba de temperatura \u2013 excelente para quem trabalha em asfalto, ou circula em zonas de ch\u00e3o de f\u00e1brica muito quentes.<\/p>\n","protected":false},"featured_media":37349,"template":"","meta":[],"product_cat":[1453,3035,4286,4886],"product_tag":[],"yoast_head":"<!-- This site is optimized with the Yoast SEO plugin v17.4 - https:\/\/yoast.com\/wordpress\/plugins\/seo\/ -->\n<title>SAPATILHA DE SEGURAN\u00c7A DAYTONA S3 SRC HRO ESD -Cinzento &ndash; Chemitool<\/title>\n<meta name=\"description\" content=\"CHEMITOOL DAYTONA S3 SRC HRO ESD \u00e9 uma sapatilha de seguran\u00e7a pensada para os desafios do dia-a-dia. Endurance e Performance s\u00e3o as palavras chave que a definem, permitindo o seu uso durante longas horas com menos cansa\u00e7o. Design desportivo e casual para fugir aos tradicionais sapatos de seguran\u00e7a. A sapatilha DAYTONA \u00e9 100% n\u00e3o met\u00e1lico e ESD o que lhe permite ser usado em ambientes explosivos ou onde se pretenda reduzir o risco de descargas electroest\u00e1ticas como empresas produtoras de componentes eletr\u00f3nicos, laborat\u00f3rios, bombas de combust\u00edvel, manuseamento de produtos inflam\u00e1veis, aeroportos, etc. Al\u00e9m disso, a sua sola confere uma resist\u00eancia at\u00e9 300\u00ba de temperatura \u2013 excelente para quem trabalha em asfalto, ou circula em zonas de ch\u00e3o de f\u00e1brica muito quentes.\" \/>\n<meta name=\"robots\" content=\"index, follow, max-snippet:-1, max-image-preview:large, max-video-preview:-1\" \/>\n<link rel=\"canonical\" href=\"https:\/\/chemitool.com\/pt-pt\/products\/safety\/calcado-de-seguranca\/sapatilhas\/daytona-pt-pt\/sapatilha-de-seguranca-daytona-s3-src-hro-esd-cinzento\/\" \/>\n<meta property=\"og:locale\" content=\"pt_PT\" \/>\n<meta property=\"og:type\" content=\"article\" \/>\n<meta property=\"og:title\" content=\"SAPATILHA DE SEGURAN\u00c7A DAYTONA S3 SRC HRO ESD -Cinzento &ndash; Chemitool\" \/>\n<meta property=\"og:description\" content=\"CHEMITOOL DAYTONA S3 SRC HRO ESD \u00e9 uma sapatilha de seguran\u00e7a pensada para os desafios do dia-a-dia. Endurance e Performance s\u00e3o as palavras chave que a definem, permitindo o seu uso durante longas horas com menos cansa\u00e7o. Design desportivo e casual para fugir aos tradicionais sapatos de seguran\u00e7a. A sapatilha DAYTONA \u00e9 100% n\u00e3o met\u00e1lico e ESD o que lhe permite ser usado em ambientes explosivos ou onde se pretenda reduzir o risco de descargas electroest\u00e1ticas como empresas produtoras de componentes eletr\u00f3nicos, laborat\u00f3rios, bombas de combust\u00edvel, manuseamento de produtos inflam\u00e1veis, aeroportos, etc. Al\u00e9m disso, a sua sola confere uma resist\u00eancia at\u00e9 300\u00ba de temperatura \u2013 excelente para quem trabalha em asfalto, ou circula em zonas de ch\u00e3o de f\u00e1brica muito quentes.\" \/>\n<meta property=\"og:url\" content=\"https:\/\/chemitool.com\/pt-pt\/products\/safety\/calcado-de-seguranca\/sapatilhas\/daytona-pt-pt\/sapatilha-de-seguranca-daytona-s3-src-hro-esd-cinzento\/\" \/>\n<meta property=\"og:site_name\" content=\"Chemitool\" \/>\n<meta property=\"article:publisher\" content=\"https:\/\/www.facebook.com\/chemitool\" \/>\n<meta property=\"article:modified_time\" content=\"2024-11-27T14:33:31+00:00\" \/>\n<meta property=\"og:image\" content=\"https:\/\/chemitool.com\/wp-content\/uploads\/2023\/03\/CHS010302.png\" \/>\n\t<meta property=\"og:image:width\" content=\"800\" \/>\n\t<meta property=\"og:image:height\" content=\"800\" \/>\n<meta name=\"twitter:card\" content=\"summary_large_image\" \/>\n<script type=\"application\/ld+json\" class=\"yoast-schema-graph\">{\"@context\":\"https:\/\/schema.org\",\"@graph\":[{\"@type\":\"Organization\",\"@id\":\"https:\/\/chemitool.com\/#organization\",\"name\":\"Chemitool\",\"url\":\"https:\/\/chemitool.com\/\",\"sameAs\":[\"https:\/\/www.facebook.com\/chemitool\",\"https:\/\/www.instagram.com\/chemitool\/\"],\"logo\":{\"@type\":\"ImageObject\",\"@id\":\"https:\/\/chemitool.com\/#logo\",\"inLanguage\":\"pt-PT\",\"url\":\"https:\/\/chemitool.com\/wp-content\/uploads\/2020\/10\/logo_chemitool.png\",\"contentUrl\":\"https:\/\/chemitool.com\/wp-content\/uploads\/2020\/10\/logo_chemitool.png\",\"width\":400,\"height\":400,\"caption\":\"Chemitool\"},\"image\":{\"@id\":\"https:\/\/chemitool.com\/#logo\"}},{\"@type\":\"WebSite\",\"@id\":\"https:\/\/chemitool.com\/#website\",\"url\":\"https:\/\/chemitool.com\/\",\"name\":\"Chemitool\",\"description\":\"Chemitool - hardware and tools\",\"publisher\":{\"@id\":\"https:\/\/chemitool.com\/#organization\"},\"potentialAction\":[{\"@type\":\"SearchAction\",\"target\":{\"@type\":\"EntryPoint\",\"urlTemplate\":\"https:\/\/chemitool.com\/?s={search_term_string}\"},\"query-input\":\"required name=search_term_string\"}],\"inLanguage\":\"pt-PT\"},{\"@type\":\"ImageObject\",\"@id\":\"https:\/\/chemitool.com\/pt-pt\/products\/safety\/calcado-de-seguranca\/sapatilhas\/daytona-pt-pt\/sapatilha-de-seguranca-daytona-s3-src-hro-esd-cinzento\/#primaryimage\",\"inLanguage\":\"pt-PT\",\"url\":\"https:\/\/chemitool.com\/wp-content\/uploads\/2023\/03\/CHS010302.png\",\"contentUrl\":\"https:\/\/chemitool.com\/wp-content\/uploads\/2023\/03\/CHS010302.png\",\"width\":800,\"height\":800},{\"@type\":\"WebPage\",\"@id\":\"https:\/\/chemitool.com\/pt-pt\/products\/safety\/calcado-de-seguranca\/sapatilhas\/daytona-pt-pt\/sapatilha-de-seguranca-daytona-s3-src-hro-esd-cinzento\/#webpage\",\"url\":\"https:\/\/chemitool.com\/pt-pt\/products\/safety\/calcado-de-seguranca\/sapatilhas\/daytona-pt-pt\/sapatilha-de-seguranca-daytona-s3-src-hro-esd-cinzento\/\",\"name\":\"SAPATILHA DE SEGURAN\\u00c7A DAYTONA S3 SRC HRO ESD -Cinzento &ndash; Chemitool\",\"isPartOf\":{\"@id\":\"https:\/\/chemitool.com\/#website\"},\"primaryImageOfPage\":{\"@id\":\"https:\/\/chemitool.com\/pt-pt\/products\/safety\/calcado-de-seguranca\/sapatilhas\/daytona-pt-pt\/sapatilha-de-seguranca-daytona-s3-src-hro-esd-cinzento\/#primaryimage\"},\"datePublished\":\"2023-03-30T10:58:13+00:00\",\"dateModified\":\"2024-11-27T14:33:31+00:00\",\"description\":\"CHEMITOOL DAYTONA S3 SRC HRO ESD \\u00e9 uma sapatilha de seguran\\u00e7a pensada para os desafios do dia-a-dia. Endurance e Performance s\\u00e3o as palavras chave que a definem, permitindo o seu uso durante longas horas com menos cansa\\u00e7o. Design desportivo e casual para fugir aos tradicionais sapatos de seguran\\u00e7a. A sapatilha DAYTONA \\u00e9 100% n\\u00e3o met\\u00e1lico e ESD o que lhe permite ser usado em ambientes explosivos ou onde se pretenda reduzir o risco de descargas electroest\\u00e1ticas como empresas produtoras de componentes eletr\\u00f3nicos, laborat\\u00f3rios, bombas de combust\\u00edvel, manuseamento de produtos inflam\\u00e1veis, aeroportos, etc. Al\\u00e9m disso, a sua sola confere uma resist\\u00eancia at\\u00e9 300\\u00ba de temperatura \\u2013 excelente para quem trabalha em asfalto, ou circula em zonas de ch\\u00e3o de f\\u00e1brica muito quentes.\",\"breadcrumb\":{\"@id\":\"https:\/\/chemitool.com\/pt-pt\/products\/safety\/calcado-de-seguranca\/sapatilhas\/daytona-pt-pt\/sapatilha-de-seguranca-daytona-s3-src-hro-esd-cinzento\/#breadcrumb\"},\"inLanguage\":\"pt-PT\",\"potentialAction\":[{\"@type\":\"ReadAction\",\"target\":[\"https:\/\/chemitool.com\/pt-pt\/products\/safety\/calcado-de-seguranca\/sapatilhas\/daytona-pt-pt\/sapatilha-de-seguranca-daytona-s3-src-hro-esd-cinzento\/\"]}]},{\"@type\":\"BreadcrumbList\",\"@id\":\"https:\/\/chemitool.com\/pt-pt\/products\/safety\/calcado-de-seguranca\/sapatilhas\/daytona-pt-pt\/sapatilha-de-seguranca-daytona-s3-src-hro-esd-cinzento\/#breadcrumb\",\"itemListElement\":[{\"@type\":\"ListItem\",\"position\":1,\"name\":\"Home\",\"item\":\"https:\/\/chemitool.com\/pt-pt\/\"},{\"@type\":\"ListItem\",\"position\":2,\"name\":\"Produtos\",\"item\":\"https:\/\/chemitool.com\/pt-pt\/produtos\/\"},{\"@type\":\"ListItem\",\"position\":3,\"name\":\"Safety\",\"item\":\"https:\/\/chemitool.com\/pt-pt\/categoria-produto\/safety\/\"},{\"@type\":\"ListItem\",\"position\":4,\"name\":\"Cal\\u00e7ado de Seguran\\u00e7a\",\"item\":\"https:\/\/chemitool.com\/pt-pt\/categoria-produto\/safety\/calcado-de-seguranca\/\"},{\"@type\":\"ListItem\",\"position\":5,\"name\":\"Sapatilhas\",\"item\":\"https:\/\/chemitool.com\/pt-pt\/categoria-produto\/safety\/calcado-de-seguranca\/sapatilhas\/\"},{\"@type\":\"ListItem\",\"position\":6,\"name\":\"DAYTONA\",\"item\":\"https:\/\/chemitool.com\/pt-pt\/categoria-produto\/safety\/calcado-de-seguranca\/sapatilhas\/daytona-pt-pt\/\"},{\"@type\":\"ListItem\",\"position\":7,\"name\":\"SAPATILHA DE SEGURAN\\u00c7A DAYTONA S3 SRC HRO ESD -Cinzento\"}]}]}<\/script>\n<!-- \/ Yoast SEO plugin. -->","yoast_head_json":{"title":"SAPATILHA DE SEGURAN\u00c7A DAYTONA S3 SRC HRO ESD -Cinzento &ndash; Chemitool","description":"CHEMITOOL DAYTONA S3 SRC HRO ESD \u00e9 uma sapatilha de seguran\u00e7a pensada para os desafios do dia-a-dia. Endurance e Performance s\u00e3o as palavras chave que a definem, permitindo o seu uso durante longas horas com menos cansa\u00e7o. Design desportivo e casual para fugir aos tradicionais sapatos de seguran\u00e7a. A sapatilha DAYTONA \u00e9 100% n\u00e3o met\u00e1lico e ESD o que lhe permite ser usado em ambientes explosivos ou onde se pretenda reduzir o risco de descargas electroest\u00e1ticas como empresas produtoras de componentes eletr\u00f3nicos, laborat\u00f3rios, bombas de combust\u00edvel, manuseamento de produtos inflam\u00e1veis, aeroportos, etc. Al\u00e9m disso, a sua sola confere uma resist\u00eancia at\u00e9 300\u00ba de temperatura \u2013 excelente para quem trabalha em asfalto, ou circula em zonas de ch\u00e3o de f\u00e1brica muito quentes.","robots":{"index":"index","follow":"follow","max-snippet":"max-snippet:-1","max-image-preview":"max-image-preview:large","max-video-preview":"max-video-preview:-1"},"canonical":"https:\/\/chemitool.com\/pt-pt\/products\/safety\/calcado-de-seguranca\/sapatilhas\/daytona-pt-pt\/sapatilha-de-seguranca-daytona-s3-src-hro-esd-cinzento\/","og_locale":"pt_PT","og_type":"article","og_title":"SAPATILHA DE SEGURAN\u00c7A DAYTONA S3 SRC HRO ESD -Cinzento &ndash; Chemitool","og_description":"CHEMITOOL DAYTONA S3 SRC HRO ESD \u00e9 uma sapatilha de seguran\u00e7a pensada para os desafios do dia-a-dia. Endurance e Performance s\u00e3o as palavras chave que a definem, permitindo o seu uso durante longas horas com menos cansa\u00e7o. Design desportivo e casual para fugir aos tradicionais sapatos de seguran\u00e7a. A sapatilha DAYTONA \u00e9 100% n\u00e3o met\u00e1lico e ESD o que lhe permite ser usado em ambientes explosivos ou onde se pretenda reduzir o risco de descargas electroest\u00e1ticas como empresas produtoras de componentes eletr\u00f3nicos, laborat\u00f3rios, bombas de combust\u00edvel, manuseamento de produtos inflam\u00e1veis, aeroportos, etc. Al\u00e9m disso, a sua sola confere uma resist\u00eancia at\u00e9 300\u00ba de temperatura \u2013 excelente para quem trabalha em asfalto, ou circula em zonas de ch\u00e3o de f\u00e1brica muito quentes.","og_url":"https:\/\/chemitool.com\/pt-pt\/products\/safety\/calcado-de-seguranca\/sapatilhas\/daytona-pt-pt\/sapatilha-de-seguranca-daytona-s3-src-hro-esd-cinzento\/","og_site_name":"Chemitool","article_publisher":"https:\/\/www.facebook.com\/chemitool","article_modified_time":"2024-11-27T14:33:31+00:00","og_image":[{"width":800,"height":800,"url":"https:\/\/chemitool.com\/wp-content\/uploads\/2023\/03\/CHS010302.png","type":"image\/png"}],"twitter_card":"summary_large_image","schema":{"@context":"https:\/\/schema.org","@graph":[{"@type":"Organization","@id":"https:\/\/chemitool.com\/#organization","name":"Chemitool","url":"https:\/\/chemitool.com\/","sameAs":["https:\/\/www.facebook.com\/chemitool","https:\/\/www.instagram.com\/chemitool\/"],"logo":{"@type":"ImageObject","@id":"https:\/\/chemitool.com\/#logo","inLanguage":"pt-PT","url":"https:\/\/chemitool.com\/wp-content\/uploads\/2020\/10\/logo_chemitool.png","contentUrl":"https:\/\/chemitool.com\/wp-content\/uploads\/2020\/10\/logo_chemitool.png","width":400,"height":400,"caption":"Chemitool"},"image":{"@id":"https:\/\/chemitool.com\/#logo"}},{"@type":"WebSite","@id":"https:\/\/chemitool.com\/#website","url":"https:\/\/chemitool.com\/","name":"Chemitool","description":"Chemitool - hardware and tools","publisher":{"@id":"https:\/\/chemitool.com\/#organization"},"potentialAction":[{"@type":"SearchAction","target":{"@type":"EntryPoint","urlTemplate":"https:\/\/chemitool.com\/?s={search_term_string}"},"query-input":"required name=search_term_string"}],"inLanguage":"pt-PT"},{"@type":"ImageObject","@id":"https:\/\/chemitool.com\/pt-pt\/products\/safety\/calcado-de-seguranca\/sapatilhas\/daytona-pt-pt\/sapatilha-de-seguranca-daytona-s3-src-hro-esd-cinzento\/#primaryimage","inLanguage":"pt-PT","url":"https:\/\/chemitool.com\/wp-content\/uploads\/2023\/03\/CHS010302.png","contentUrl":"https:\/\/chemitool.com\/wp-content\/uploads\/2023\/03\/CHS010302.png","width":800,"height":800},{"@type":"WebPage","@id":"https:\/\/chemitool.com\/pt-pt\/products\/safety\/calcado-de-seguranca\/sapatilhas\/daytona-pt-pt\/sapatilha-de-seguranca-daytona-s3-src-hro-esd-cinzento\/#webpage","url":"https:\/\/chemitool.com\/pt-pt\/products\/safety\/calcado-de-seguranca\/sapatilhas\/daytona-pt-pt\/sapatilha-de-seguranca-daytona-s3-src-hro-esd-cinzento\/","name":"SAPATILHA DE SEGURAN\u00c7A DAYTONA S3 SRC HRO ESD -Cinzento &ndash; Chemitool","isPartOf":{"@id":"https:\/\/chemitool.com\/#website"},"primaryImageOfPage":{"@id":"https:\/\/chemitool.com\/pt-pt\/products\/safety\/calcado-de-seguranca\/sapatilhas\/daytona-pt-pt\/sapatilha-de-seguranca-daytona-s3-src-hro-esd-cinzento\/#primaryimage"},"datePublished":"2023-03-30T10:58:13+00:00","dateModified":"2024-11-27T14:33:31+00:00","description":"CHEMITOOL DAYTONA S3 SRC HRO ESD \u00e9 uma sapatilha de seguran\u00e7a pensada para os desafios do dia-a-dia. Endurance e Performance s\u00e3o as palavras chave que a definem, permitindo o seu uso durante longas horas com menos cansa\u00e7o. Design desportivo e casual para fugir aos tradicionais sapatos de seguran\u00e7a. A sapatilha DAYTONA \u00e9 100% n\u00e3o met\u00e1lico e ESD o que lhe permite ser usado em ambientes explosivos ou onde se pretenda reduzir o risco de descargas electroest\u00e1ticas como empresas produtoras de componentes eletr\u00f3nicos, laborat\u00f3rios, bombas de combust\u00edvel, manuseamento de produtos inflam\u00e1veis, aeroportos, etc. Al\u00e9m disso, a sua sola confere uma resist\u00eancia at\u00e9 300\u00ba de temperatura \u2013 excelente para quem trabalha em asfalto, ou circula em zonas de ch\u00e3o de f\u00e1brica muito quentes.","breadcrumb":{"@id":"https:\/\/chemitool.com\/pt-pt\/products\/safety\/calcado-de-seguranca\/sapatilhas\/daytona-pt-pt\/sapatilha-de-seguranca-daytona-s3-src-hro-esd-cinzento\/#breadcrumb"},"inLanguage":"pt-PT","potentialAction":[{"@type":"ReadAction","target":["https:\/\/chemitool.com\/pt-pt\/products\/safety\/calcado-de-seguranca\/sapatilhas\/daytona-pt-pt\/sapatilha-de-seguranca-daytona-s3-src-hro-esd-cinzento\/"]}]},{"@type":"BreadcrumbList","@id":"https:\/\/chemitool.com\/pt-pt\/products\/safety\/calcado-de-seguranca\/sapatilhas\/daytona-pt-pt\/sapatilha-de-seguranca-daytona-s3-src-hro-esd-cinzento\/#breadcrumb","itemListElement":[{"@type":"ListItem","position":1,"name":"Home","item":"https:\/\/chemitool.com\/pt-pt\/"},{"@type":"ListItem","position":2,"name":"Produtos","item":"https:\/\/chemitool.com\/pt-pt\/produtos\/"},{"@type":"ListItem","position":3,"name":"Safety","item":"https:\/\/chemitool.com\/pt-pt\/categoria-produto\/safety\/"},{"@type":"ListItem","position":4,"name":"Cal\u00e7ado de Seguran\u00e7a","item":"https:\/\/chemitool.com\/pt-pt\/categoria-produto\/safety\/calcado-de-seguranca\/"},{"@type":"ListItem","position":5,"name":"Sapatilhas","item":"https:\/\/chemitool.com\/pt-pt\/categoria-produto\/safety\/calcado-de-seguranca\/sapatilhas\/"},{"@type":"ListItem","position":6,"name":"DAYTONA","item":"https:\/\/chemitool.com\/pt-pt\/categoria-produto\/safety\/calcado-de-seguranca\/sapatilhas\/daytona-pt-pt\/"},{"@type":"ListItem","position":7,"name":"SAPATILHA DE SEGURAN\u00c7A DAYTONA S3 SRC HRO ESD -Cinzento"}]}]}},"_links":{"self":[{"href":"https:\/\/chemitool.com\/pt-pt\/wp-json\/wp\/v2\/product\/32083"}],"collection":[{"href":"https:\/\/chemitool.com\/pt-pt\/wp-json\/wp\/v2\/product"}],"about":[{"href":"https:\/\/chemitool.com\/pt-pt\/wp-json\/wp\/v2\/types\/product"}],"wp:featuredmedia":[{"embeddable":true,"href":"https:\/\/chemitool.com\/pt-pt\/wp-json\/wp\/v2\/media\/37349"}],"wp:attachment":[{"href":"https:\/\/chemitool.com\/pt-pt\/wp-json\/wp\/v2\/media?parent=32083"}],"wp:term":[{"taxonomy":"product_cat","embeddable":true,"href":"https:\/\/chemitool.com\/pt-pt\/wp-json\/wp\/v2\/product_cat?post=32083"},{"taxonomy":"product_tag","embeddable":true,"href":"https:\/\/chemitool.com\/pt-pt\/wp-json\/wp\/v2\/product_tag?post=32083"}],"curies":[{"name":"wp","href":"https:\/\/api.w.org\/{rel}","templated":true}]}}