{"id":31999,"date":"2023-03-29T08:29:34","date_gmt":"2023-03-29T08:29:40","guid":{"rendered":"https:\/\/chemitool.com\/?post_type=product&#038;p=31999"},"modified":"2023-03-29T10:39:28","modified_gmt":"2023-03-29T10:39:28","slug":"cola-de-montagem-multi-fibras-d4-chemimount","status":"publish","type":"product","link":"https:\/\/chemitool.com\/pt-pt\/products\/chemicals\/colas-de-montagem\/cola-de-montagem-multi-fibras-d4-chemimount\/","title":{"rendered":"COLA DE MONTAGEM MULTI-FIBRAS D4 CHEMIMOUNT"},"content":{"rendered":"<p><strong>VANTAGENS<\/strong><\/p>\n<ul>\n<li>Qualidade profissional<\/li>\n<li>Refor\u00e7ada a fibra<\/li>\n<li>Elevada resist\u00eancia \u00e0 \u00e1gua (EN 204 D4)<\/li>\n<li>Cura r\u00e1pida e excelente for\u00e7a de agarre<\/li>\n<li>Excelente resist\u00eancia t\u00e9rmica ( EN 14257 \u2013 Watt 91)<\/li>\n<li>Ades\u00e3o em v\u00e1rios tipos de substratos de madeira e de constru\u00e7\u00e3o, cer\u00e2mica, metais, diferentes tipos de pl\u00e1sticos<\/li>\n<li>Junta de colagem semirr\u00edgida<\/li>\n<li>Livre de solventes<\/li>\n<li>Pode ser pintado e lixado<\/li>\n<li>Resistente a intemp\u00e9ries e envelhecimento<\/li>\n<li>Tixotr\u00f3pica, n\u00e3o escorre<\/li>\n<li>N\u00e3o perde volume e expande ligeiramente durante a cura<\/li>\n<\/ul>\n","protected":false},"excerpt":{"rendered":"<p><b class=\"sap-label\">SAP:<\/b> <span class=\"codesap-label\">CH07010001<\/span><br \/>\n<em>A Cola de Montagem Multi-Fibras CHEMIMOUNT D4<\/em> \u00e9 um adesivo de alta resist\u00eancia, de base poliuretano, refor\u00e7ada com fibras de vidro, com alto poder de colagem.<\/p>\n","protected":false},"featured_media":32002,"template":"","meta":[],"product_cat":[109,1526],"product_tag":[116],"yoast_head":"<!-- This site is optimized with the Yoast SEO plugin v17.4 - https:\/\/yoast.com\/wordpress\/plugins\/seo\/ -->\n<title>COLA DE MONTAGEM MULTI-FIBRAS D4 CHEMIMOUNT &ndash; Chemitool<\/title>\n<meta name=\"description\" content=\"SAP: CH07010001 A Cola de Montagem Multi-Fibras CHEMIMOUNT D4 \u00e9 um adesivo de alta resist\u00eancia, de base poliuretano, refor\u00e7ada com fibras de vidro, com alto poder de colagem.\" \/>\n<meta name=\"robots\" content=\"index, follow, max-snippet:-1, max-image-preview:large, max-video-preview:-1\" \/>\n<link rel=\"canonical\" href=\"https:\/\/chemitool.com\/pt-pt\/products\/chemical-products\/assembly-adhesives\/chemimount-multi-fibre-mounting-adhesive-d4\/\" \/>\n<meta property=\"og:locale\" content=\"pt_PT\" \/>\n<meta property=\"og:type\" content=\"article\" \/>\n<meta property=\"og:title\" content=\"COLA DE MONTAGEM MULTI-FIBRAS D4 CHEMIMOUNT &ndash; Chemitool\" \/>\n<meta property=\"og:description\" content=\"SAP: CH07010001 A Cola de Montagem Multi-Fibras CHEMIMOUNT D4 \u00e9 um adesivo de alta resist\u00eancia, de base poliuretano, refor\u00e7ada com fibras de vidro, com alto poder de colagem.\" \/>\n<meta property=\"og:url\" content=\"https:\/\/chemitool.com\/products\/chemical-products\/assembly-adhesives\/chemimount-multi-fibre-mounting-adhesive-d4\/\" \/>\n<meta property=\"og:site_name\" content=\"Chemitool\" \/>\n<meta property=\"article:publisher\" content=\"https:\/\/www.facebook.com\/chemitool\" \/>\n<meta property=\"article:modified_time\" content=\"2023-03-29T10:39:28+00:00\" \/>\n<meta property=\"og:image\" content=\"https:\/\/chemitool.com\/wp-content\/uploads\/2023\/03\/CH07010001-MULTI-FIBER-MOUNTING-ADHESIVE.png\" \/>\n\t<meta property=\"og:image:width\" content=\"800\" \/>\n\t<meta property=\"og:image:height\" content=\"800\" \/>\n<meta name=\"twitter:card\" content=\"summary_large_image\" \/>\n<script type=\"application\/ld+json\" class=\"yoast-schema-graph\">{\"@context\":\"https:\/\/schema.org\",\"@graph\":[{\"@type\":\"Organization\",\"@id\":\"https:\/\/chemitool.com\/#organization\",\"name\":\"Chemitool\",\"url\":\"https:\/\/chemitool.com\/\",\"sameAs\":[\"https:\/\/www.facebook.com\/chemitool\",\"https:\/\/www.instagram.com\/chemitool\/\"],\"logo\":{\"@type\":\"ImageObject\",\"@id\":\"https:\/\/chemitool.com\/#logo\",\"inLanguage\":\"pt-PT\",\"url\":\"https:\/\/chemitool.com\/wp-content\/uploads\/2020\/10\/logo_chemitool.png\",\"contentUrl\":\"https:\/\/chemitool.com\/wp-content\/uploads\/2020\/10\/logo_chemitool.png\",\"width\":400,\"height\":400,\"caption\":\"Chemitool\"},\"image\":{\"@id\":\"https:\/\/chemitool.com\/#logo\"}},{\"@type\":\"WebSite\",\"@id\":\"https:\/\/chemitool.com\/#website\",\"url\":\"https:\/\/chemitool.com\/\",\"name\":\"Chemitool\",\"description\":\"Chemitool - hardware and tools\",\"publisher\":{\"@id\":\"https:\/\/chemitool.com\/#organization\"},\"potentialAction\":[{\"@type\":\"SearchAction\",\"target\":{\"@type\":\"EntryPoint\",\"urlTemplate\":\"https:\/\/chemitool.com\/?s={search_term_string}\"},\"query-input\":\"required name=search_term_string\"}],\"inLanguage\":\"pt-PT\"},{\"@type\":\"ImageObject\",\"@id\":\"https:\/\/chemitool.com\/products\/chemical-products\/assembly-adhesives\/chemimount-multi-fibre-mounting-adhesive-d4\/#primaryimage\",\"inLanguage\":\"pt-PT\",\"url\":\"https:\/\/chemitool.com\/wp-content\/uploads\/2023\/03\/CH07010001-MULTI-FIBER-MOUNTING-ADHESIVE.png\",\"contentUrl\":\"https:\/\/chemitool.com\/wp-content\/uploads\/2023\/03\/CH07010001-MULTI-FIBER-MOUNTING-ADHESIVE.png\",\"width\":800,\"height\":800},{\"@type\":\"WebPage\",\"@id\":\"https:\/\/chemitool.com\/products\/chemical-products\/assembly-adhesives\/chemimount-multi-fibre-mounting-adhesive-d4\/#webpage\",\"url\":\"https:\/\/chemitool.com\/products\/chemical-products\/assembly-adhesives\/chemimount-multi-fibre-mounting-adhesive-d4\/\",\"name\":\"COLA DE MONTAGEM MULTI-FIBRAS D4 CHEMIMOUNT &ndash; Chemitool\",\"isPartOf\":{\"@id\":\"https:\/\/chemitool.com\/#website\"},\"primaryImageOfPage\":{\"@id\":\"https:\/\/chemitool.com\/products\/chemical-products\/assembly-adhesives\/chemimount-multi-fibre-mounting-adhesive-d4\/#primaryimage\"},\"datePublished\":\"2023-03-29T08:29:40+00:00\",\"dateModified\":\"2023-03-29T10:39:28+00:00\",\"description\":\"SAP: CH07010001 A Cola de Montagem Multi-Fibras CHEMIMOUNT D4 \\u00e9 um adesivo de alta resist\\u00eancia, de base poliuretano, refor\\u00e7ada com fibras de vidro, com alto poder de colagem.\",\"breadcrumb\":{\"@id\":\"https:\/\/chemitool.com\/products\/chemical-products\/assembly-adhesives\/chemimount-multi-fibre-mounting-adhesive-d4\/#breadcrumb\"},\"inLanguage\":\"pt-PT\",\"potentialAction\":[{\"@type\":\"ReadAction\",\"target\":[\"https:\/\/chemitool.com\/products\/chemical-products\/assembly-adhesives\/chemimount-multi-fibre-mounting-adhesive-d4\/\"]}]},{\"@type\":\"BreadcrumbList\",\"@id\":\"https:\/\/chemitool.com\/products\/chemical-products\/assembly-adhesives\/chemimount-multi-fibre-mounting-adhesive-d4\/#breadcrumb\",\"itemListElement\":[{\"@type\":\"ListItem\",\"position\":1,\"name\":\"Home\",\"item\":\"https:\/\/chemitool.com\/pt-pt\/\"},{\"@type\":\"ListItem\",\"position\":2,\"name\":\"Produtos\",\"item\":\"https:\/\/chemitool.com\/pt-pt\/produtos\/\"},{\"@type\":\"ListItem\",\"position\":3,\"name\":\"Chemicals\",\"item\":\"https:\/\/chemitool.com\/product-category\/chemical-products\/\"},{\"@type\":\"ListItem\",\"position\":4,\"name\":\"COLA DE MONTAGEM MULTI-FIBRAS D4 CHEMIMOUNT\"}]}]}<\/script>\n<!-- \/ Yoast SEO plugin. -->","yoast_head_json":{"title":"COLA DE MONTAGEM MULTI-FIBRAS D4 CHEMIMOUNT &ndash; Chemitool","description":"SAP: CH07010001 A Cola de Montagem Multi-Fibras CHEMIMOUNT D4 \u00e9 um adesivo de alta resist\u00eancia, de base poliuretano, refor\u00e7ada com fibras de vidro, com alto poder de colagem.","robots":{"index":"index","follow":"follow","max-snippet":"max-snippet:-1","max-image-preview":"max-image-preview:large","max-video-preview":"max-video-preview:-1"},"canonical":"https:\/\/chemitool.com\/pt-pt\/products\/chemical-products\/assembly-adhesives\/chemimount-multi-fibre-mounting-adhesive-d4\/","og_locale":"pt_PT","og_type":"article","og_title":"COLA DE MONTAGEM MULTI-FIBRAS D4 CHEMIMOUNT &ndash; Chemitool","og_description":"SAP: CH07010001 A Cola de Montagem Multi-Fibras CHEMIMOUNT D4 \u00e9 um adesivo de alta resist\u00eancia, de base poliuretano, refor\u00e7ada com fibras de vidro, com alto poder de colagem.","og_url":"https:\/\/chemitool.com\/products\/chemical-products\/assembly-adhesives\/chemimount-multi-fibre-mounting-adhesive-d4\/","og_site_name":"Chemitool","article_publisher":"https:\/\/www.facebook.com\/chemitool","article_modified_time":"2023-03-29T10:39:28+00:00","og_image":[{"width":800,"height":800,"url":"https:\/\/chemitool.com\/wp-content\/uploads\/2023\/03\/CH07010001-MULTI-FIBER-MOUNTING-ADHESIVE.png","type":"image\/png"}],"twitter_card":"summary_large_image","schema":{"@context":"https:\/\/schema.org","@graph":[{"@type":"Organization","@id":"https:\/\/chemitool.com\/#organization","name":"Chemitool","url":"https:\/\/chemitool.com\/","sameAs":["https:\/\/www.facebook.com\/chemitool","https:\/\/www.instagram.com\/chemitool\/"],"logo":{"@type":"ImageObject","@id":"https:\/\/chemitool.com\/#logo","inLanguage":"pt-PT","url":"https:\/\/chemitool.com\/wp-content\/uploads\/2020\/10\/logo_chemitool.png","contentUrl":"https:\/\/chemitool.com\/wp-content\/uploads\/2020\/10\/logo_chemitool.png","width":400,"height":400,"caption":"Chemitool"},"image":{"@id":"https:\/\/chemitool.com\/#logo"}},{"@type":"WebSite","@id":"https:\/\/chemitool.com\/#website","url":"https:\/\/chemitool.com\/","name":"Chemitool","description":"Chemitool - hardware and tools","publisher":{"@id":"https:\/\/chemitool.com\/#organization"},"potentialAction":[{"@type":"SearchAction","target":{"@type":"EntryPoint","urlTemplate":"https:\/\/chemitool.com\/?s={search_term_string}"},"query-input":"required name=search_term_string"}],"inLanguage":"pt-PT"},{"@type":"ImageObject","@id":"https:\/\/chemitool.com\/products\/chemical-products\/assembly-adhesives\/chemimount-multi-fibre-mounting-adhesive-d4\/#primaryimage","inLanguage":"pt-PT","url":"https:\/\/chemitool.com\/wp-content\/uploads\/2023\/03\/CH07010001-MULTI-FIBER-MOUNTING-ADHESIVE.png","contentUrl":"https:\/\/chemitool.com\/wp-content\/uploads\/2023\/03\/CH07010001-MULTI-FIBER-MOUNTING-ADHESIVE.png","width":800,"height":800},{"@type":"WebPage","@id":"https:\/\/chemitool.com\/products\/chemical-products\/assembly-adhesives\/chemimount-multi-fibre-mounting-adhesive-d4\/#webpage","url":"https:\/\/chemitool.com\/products\/chemical-products\/assembly-adhesives\/chemimount-multi-fibre-mounting-adhesive-d4\/","name":"COLA DE MONTAGEM MULTI-FIBRAS D4 CHEMIMOUNT &ndash; Chemitool","isPartOf":{"@id":"https:\/\/chemitool.com\/#website"},"primaryImageOfPage":{"@id":"https:\/\/chemitool.com\/products\/chemical-products\/assembly-adhesives\/chemimount-multi-fibre-mounting-adhesive-d4\/#primaryimage"},"datePublished":"2023-03-29T08:29:40+00:00","dateModified":"2023-03-29T10:39:28+00:00","description":"SAP: CH07010001 A Cola de Montagem Multi-Fibras CHEMIMOUNT D4 \u00e9 um adesivo de alta resist\u00eancia, de base poliuretano, refor\u00e7ada com fibras de vidro, com alto poder de colagem.","breadcrumb":{"@id":"https:\/\/chemitool.com\/products\/chemical-products\/assembly-adhesives\/chemimount-multi-fibre-mounting-adhesive-d4\/#breadcrumb"},"inLanguage":"pt-PT","potentialAction":[{"@type":"ReadAction","target":["https:\/\/chemitool.com\/products\/chemical-products\/assembly-adhesives\/chemimount-multi-fibre-mounting-adhesive-d4\/"]}]},{"@type":"BreadcrumbList","@id":"https:\/\/chemitool.com\/products\/chemical-products\/assembly-adhesives\/chemimount-multi-fibre-mounting-adhesive-d4\/#breadcrumb","itemListElement":[{"@type":"ListItem","position":1,"name":"Home","item":"https:\/\/chemitool.com\/pt-pt\/"},{"@type":"ListItem","position":2,"name":"Produtos","item":"https:\/\/chemitool.com\/pt-pt\/produtos\/"},{"@type":"ListItem","position":3,"name":"Chemicals","item":"https:\/\/chemitool.com\/product-category\/chemical-products\/"},{"@type":"ListItem","position":4,"name":"COLA DE MONTAGEM MULTI-FIBRAS D4 CHEMIMOUNT"}]}]}},"_links":{"self":[{"href":"https:\/\/chemitool.com\/pt-pt\/wp-json\/wp\/v2\/product\/31999"}],"collection":[{"href":"https:\/\/chemitool.com\/pt-pt\/wp-json\/wp\/v2\/product"}],"about":[{"href":"https:\/\/chemitool.com\/pt-pt\/wp-json\/wp\/v2\/types\/product"}],"wp:featuredmedia":[{"embeddable":true,"href":"https:\/\/chemitool.com\/pt-pt\/wp-json\/wp\/v2\/media\/32002"}],"wp:attachment":[{"href":"https:\/\/chemitool.com\/pt-pt\/wp-json\/wp\/v2\/media?parent=31999"}],"wp:term":[{"taxonomy":"product_cat","embeddable":true,"href":"https:\/\/chemitool.com\/pt-pt\/wp-json\/wp\/v2\/product_cat?post=31999"},{"taxonomy":"product_tag","embeddable":true,"href":"https:\/\/chemitool.com\/pt-pt\/wp-json\/wp\/v2\/product_tag?post=31999"}],"curies":[{"name":"wp","href":"https:\/\/api.w.org\/{rel}","templated":true}]}}