{"id":31746,"date":"2023-03-10T15:14:41","date_gmt":"2023-03-10T15:14:45","guid":{"rendered":"https:\/\/chemitool.com\/?post_type=product&#038;p=31746"},"modified":"2023-03-10T16:54:06","modified_gmt":"2023-03-10T16:54:06","slug":"chemiclean-creme-limpeza-industrial","status":"publish","type":"product","link":"https:\/\/chemitool.com\/pt-pt\/products\/chemicals\/limpeza-e-manutencao\/higiene-de-maos\/chemiclean-creme-limpeza-industrial\/","title":{"rendered":"CHEMICLEAN CREME LIMPEZA INDUSTRIAL"},"content":{"rendered":"<p><strong>VANTAGENS<\/strong><\/p>\n<ul>\n<li>Elevado poder de limpeza com alto poder desengordurante<\/li>\n<li>Excelentes propriedades de limpeza<\/li>\n<li>Cont\u00e9m microesferas minerais que conferem maior for\u00e7a \u00e0 sua a\u00e7\u00e3o de limpeza<\/li>\n<li>Agrad\u00e1vel consist\u00eancia cremosa com aroma de s\u00e2ndalo<\/li>\n<li>Enriquecido com sericina, a prote\u00edna da seda, com efeito hidratante que mant\u00e9m a pele suave<\/li>\n<li>Com subst\u00e2ncias emolientes e hidratantes<\/li>\n<li>Isento de silicone e solventes<\/li>\n<li>Produto biodegrad\u00e1vel<\/li>\n<li>Higi\u00e9nico, pois se dosifica atrav\u00e9s de um dispensador<\/li>\n<li>Aconselhado para uso frequente.<\/li>\n<li>Microesferas minerais (Plastic-free)<\/li>\n<li>Super concentrado<\/li>\n<li>Alta compatibilidade cut\u00e2nea. Testado dermatologicamente<\/li>\n<li>Elimina os maus cheiros, deixando as m\u00e3os agradavelmente perfumadas<\/li>\n<li>N\u00e3o entope os canos<\/li>\n<li>Elevada rentabilidade, disponibiliza aproximadamente 1670 doses<\/li>\n<\/ul>\n","protected":false},"excerpt":{"rendered":"<p><b class=\"sap-label\">SAP:<\/b> <span class=\"codesap-label\">CH24000006<\/span><\/p>\n<p><em>CHEMICLEAN Creme de Limpeza Industrial<\/em> &#8211; Creme lava m\u00e3os concentrado com microesferas minerais e enriquecido com sericina, para remover sujidades secas e gordurosas, deixando as m\u00e3os macias. Com excelentes propriedades de limpeza e amolecimento, sendo esta \u00faltima ditada pela presen\u00e7a de sericina, uma prote\u00edna natural derivada da seda.<\/p>\n","protected":false},"featured_media":31749,"template":"","meta":[],"product_cat":[109,1556,4232],"product_tag":[],"yoast_head":"<!-- This site is optimized with the Yoast SEO plugin v17.4 - https:\/\/yoast.com\/wordpress\/plugins\/seo\/ -->\n<title>CHEMICLEAN CREME LIMPEZA INDUSTRIAL &ndash; Chemitool<\/title>\n<meta name=\"description\" content=\"SAP: CH24000006  CHEMICLEAN Creme de Limpeza Industrial - Creme lava m\u00e3os concentrado com microesferas minerais e enriquecido com sericina, para remover sujidades secas e gordurosas, deixando as m\u00e3os macias. Com excelentes propriedades de limpeza e amolecimento, sendo esta \u00faltima ditada pela presen\u00e7a de sericina, uma prote\u00edna natural derivada da seda.\" \/>\n<meta name=\"robots\" content=\"index, follow, max-snippet:-1, max-image-preview:large, max-video-preview:-1\" \/>\n<link rel=\"canonical\" href=\"https:\/\/chemitool.com\/pt-pt\/products\/chemicals\/limpeza-e-manutencao\/higiene-de-maos\/chemiclean-creme-limpeza-industrial\/\" \/>\n<meta property=\"og:locale\" content=\"pt_PT\" \/>\n<meta property=\"og:type\" content=\"article\" \/>\n<meta property=\"og:title\" content=\"CHEMICLEAN CREME LIMPEZA INDUSTRIAL &ndash; Chemitool\" \/>\n<meta property=\"og:description\" content=\"SAP: CH24000006  CHEMICLEAN Creme de Limpeza Industrial - Creme lava m\u00e3os concentrado com microesferas minerais e enriquecido com sericina, para remover sujidades secas e gordurosas, deixando as m\u00e3os macias. Com excelentes propriedades de limpeza e amolecimento, sendo esta \u00faltima ditada pela presen\u00e7a de sericina, uma prote\u00edna natural derivada da seda.\" \/>\n<meta property=\"og:url\" content=\"https:\/\/chemitool.com\/pt-pt\/products\/chemicals\/limpeza-e-manutencao\/higiene-de-maos\/chemiclean-creme-limpeza-industrial\/\" \/>\n<meta property=\"og:site_name\" content=\"Chemitool\" \/>\n<meta property=\"article:publisher\" content=\"https:\/\/www.facebook.com\/chemitool\" \/>\n<meta property=\"article:modified_time\" content=\"2023-03-10T16:54:06+00:00\" \/>\n<meta property=\"og:image\" content=\"https:\/\/chemitool.com\/wp-content\/uploads\/2023\/03\/CH24000006.png\" \/>\n\t<meta property=\"og:image:width\" content=\"800\" \/>\n\t<meta property=\"og:image:height\" content=\"800\" \/>\n<meta name=\"twitter:card\" content=\"summary_large_image\" \/>\n<meta name=\"twitter:label1\" content=\"Tempo estimado de leitura\" \/>\n\t<meta name=\"twitter:data1\" content=\"1 minuto\" \/>\n<script type=\"application\/ld+json\" class=\"yoast-schema-graph\">{\"@context\":\"https:\/\/schema.org\",\"@graph\":[{\"@type\":\"Organization\",\"@id\":\"https:\/\/chemitool.com\/#organization\",\"name\":\"Chemitool\",\"url\":\"https:\/\/chemitool.com\/\",\"sameAs\":[\"https:\/\/www.facebook.com\/chemitool\",\"https:\/\/www.instagram.com\/chemitool\/\"],\"logo\":{\"@type\":\"ImageObject\",\"@id\":\"https:\/\/chemitool.com\/#logo\",\"inLanguage\":\"pt-PT\",\"url\":\"https:\/\/chemitool.com\/wp-content\/uploads\/2020\/10\/logo_chemitool.png\",\"contentUrl\":\"https:\/\/chemitool.com\/wp-content\/uploads\/2020\/10\/logo_chemitool.png\",\"width\":400,\"height\":400,\"caption\":\"Chemitool\"},\"image\":{\"@id\":\"https:\/\/chemitool.com\/#logo\"}},{\"@type\":\"WebSite\",\"@id\":\"https:\/\/chemitool.com\/#website\",\"url\":\"https:\/\/chemitool.com\/\",\"name\":\"Chemitool\",\"description\":\"Chemitool - hardware and tools\",\"publisher\":{\"@id\":\"https:\/\/chemitool.com\/#organization\"},\"potentialAction\":[{\"@type\":\"SearchAction\",\"target\":{\"@type\":\"EntryPoint\",\"urlTemplate\":\"https:\/\/chemitool.com\/?s={search_term_string}\"},\"query-input\":\"required name=search_term_string\"}],\"inLanguage\":\"pt-PT\"},{\"@type\":\"ImageObject\",\"@id\":\"https:\/\/chemitool.com\/pt-pt\/products\/chemicals\/limpeza-e-manutencao\/higiene-de-maos\/chemiclean-creme-limpeza-industrial\/#primaryimage\",\"inLanguage\":\"pt-PT\",\"url\":\"https:\/\/chemitool.com\/wp-content\/uploads\/2023\/03\/CH24000006.png\",\"contentUrl\":\"https:\/\/chemitool.com\/wp-content\/uploads\/2023\/03\/CH24000006.png\",\"width\":800,\"height\":800},{\"@type\":\"WebPage\",\"@id\":\"https:\/\/chemitool.com\/pt-pt\/products\/chemicals\/limpeza-e-manutencao\/higiene-de-maos\/chemiclean-creme-limpeza-industrial\/#webpage\",\"url\":\"https:\/\/chemitool.com\/pt-pt\/products\/chemicals\/limpeza-e-manutencao\/higiene-de-maos\/chemiclean-creme-limpeza-industrial\/\",\"name\":\"CHEMICLEAN CREME LIMPEZA INDUSTRIAL &ndash; Chemitool\",\"isPartOf\":{\"@id\":\"https:\/\/chemitool.com\/#website\"},\"primaryImageOfPage\":{\"@id\":\"https:\/\/chemitool.com\/pt-pt\/products\/chemicals\/limpeza-e-manutencao\/higiene-de-maos\/chemiclean-creme-limpeza-industrial\/#primaryimage\"},\"datePublished\":\"2023-03-10T15:14:45+00:00\",\"dateModified\":\"2023-03-10T16:54:06+00:00\",\"description\":\"SAP: CH24000006 CHEMICLEAN Creme de Limpeza Industrial - Creme lava m\\u00e3os concentrado com microesferas minerais e enriquecido com sericina, para remover sujidades secas e gordurosas, deixando as m\\u00e3os macias. Com excelentes propriedades de limpeza e amolecimento, sendo esta \\u00faltima ditada pela presen\\u00e7a de sericina, uma prote\\u00edna natural derivada da seda.\",\"breadcrumb\":{\"@id\":\"https:\/\/chemitool.com\/pt-pt\/products\/chemicals\/limpeza-e-manutencao\/higiene-de-maos\/chemiclean-creme-limpeza-industrial\/#breadcrumb\"},\"inLanguage\":\"pt-PT\",\"potentialAction\":[{\"@type\":\"ReadAction\",\"target\":[\"https:\/\/chemitool.com\/pt-pt\/products\/chemicals\/limpeza-e-manutencao\/higiene-de-maos\/chemiclean-creme-limpeza-industrial\/\"]}]},{\"@type\":\"BreadcrumbList\",\"@id\":\"https:\/\/chemitool.com\/pt-pt\/products\/chemicals\/limpeza-e-manutencao\/higiene-de-maos\/chemiclean-creme-limpeza-industrial\/#breadcrumb\",\"itemListElement\":[{\"@type\":\"ListItem\",\"position\":1,\"name\":\"Home\",\"item\":\"https:\/\/chemitool.com\/pt-pt\/\"},{\"@type\":\"ListItem\",\"position\":2,\"name\":\"Produtos\",\"item\":\"https:\/\/chemitool.com\/pt-pt\/produtos\/\"},{\"@type\":\"ListItem\",\"position\":3,\"name\":\"Tools\",\"item\":\"https:\/\/chemitool.com\/pt-pt\/categoria-produto\/tools\/\"},{\"@type\":\"ListItem\",\"position\":4,\"name\":\"Escadas e Escadotes\",\"item\":\"https:\/\/chemitool.com\/pt-pt\/categoria-produto\/tools\/escadas-e-escadotes\/\"},{\"@type\":\"ListItem\",\"position\":5,\"name\":\"CHEMICLEAN CREME LIMPEZA INDUSTRIAL\"}]}]}<\/script>\n<!-- \/ Yoast SEO plugin. -->","yoast_head_json":{"title":"CHEMICLEAN CREME LIMPEZA INDUSTRIAL &ndash; Chemitool","description":"SAP: CH24000006  CHEMICLEAN Creme de Limpeza Industrial - Creme lava m\u00e3os concentrado com microesferas minerais e enriquecido com sericina, para remover sujidades secas e gordurosas, deixando as m\u00e3os macias. Com excelentes propriedades de limpeza e amolecimento, sendo esta \u00faltima ditada pela presen\u00e7a de sericina, uma prote\u00edna natural derivada da seda.","robots":{"index":"index","follow":"follow","max-snippet":"max-snippet:-1","max-image-preview":"max-image-preview:large","max-video-preview":"max-video-preview:-1"},"canonical":"https:\/\/chemitool.com\/pt-pt\/products\/chemicals\/limpeza-e-manutencao\/higiene-de-maos\/chemiclean-creme-limpeza-industrial\/","og_locale":"pt_PT","og_type":"article","og_title":"CHEMICLEAN CREME LIMPEZA INDUSTRIAL &ndash; Chemitool","og_description":"SAP: CH24000006  CHEMICLEAN Creme de Limpeza Industrial - Creme lava m\u00e3os concentrado com microesferas minerais e enriquecido com sericina, para remover sujidades secas e gordurosas, deixando as m\u00e3os macias. Com excelentes propriedades de limpeza e amolecimento, sendo esta \u00faltima ditada pela presen\u00e7a de sericina, uma prote\u00edna natural derivada da seda.","og_url":"https:\/\/chemitool.com\/pt-pt\/products\/chemicals\/limpeza-e-manutencao\/higiene-de-maos\/chemiclean-creme-limpeza-industrial\/","og_site_name":"Chemitool","article_publisher":"https:\/\/www.facebook.com\/chemitool","article_modified_time":"2023-03-10T16:54:06+00:00","og_image":[{"width":800,"height":800,"url":"https:\/\/chemitool.com\/wp-content\/uploads\/2023\/03\/CH24000006.png","type":"image\/png"}],"twitter_card":"summary_large_image","twitter_misc":{"Tempo estimado de leitura":"1 minuto"},"schema":{"@context":"https:\/\/schema.org","@graph":[{"@type":"Organization","@id":"https:\/\/chemitool.com\/#organization","name":"Chemitool","url":"https:\/\/chemitool.com\/","sameAs":["https:\/\/www.facebook.com\/chemitool","https:\/\/www.instagram.com\/chemitool\/"],"logo":{"@type":"ImageObject","@id":"https:\/\/chemitool.com\/#logo","inLanguage":"pt-PT","url":"https:\/\/chemitool.com\/wp-content\/uploads\/2020\/10\/logo_chemitool.png","contentUrl":"https:\/\/chemitool.com\/wp-content\/uploads\/2020\/10\/logo_chemitool.png","width":400,"height":400,"caption":"Chemitool"},"image":{"@id":"https:\/\/chemitool.com\/#logo"}},{"@type":"WebSite","@id":"https:\/\/chemitool.com\/#website","url":"https:\/\/chemitool.com\/","name":"Chemitool","description":"Chemitool - hardware and tools","publisher":{"@id":"https:\/\/chemitool.com\/#organization"},"potentialAction":[{"@type":"SearchAction","target":{"@type":"EntryPoint","urlTemplate":"https:\/\/chemitool.com\/?s={search_term_string}"},"query-input":"required name=search_term_string"}],"inLanguage":"pt-PT"},{"@type":"ImageObject","@id":"https:\/\/chemitool.com\/pt-pt\/products\/chemicals\/limpeza-e-manutencao\/higiene-de-maos\/chemiclean-creme-limpeza-industrial\/#primaryimage","inLanguage":"pt-PT","url":"https:\/\/chemitool.com\/wp-content\/uploads\/2023\/03\/CH24000006.png","contentUrl":"https:\/\/chemitool.com\/wp-content\/uploads\/2023\/03\/CH24000006.png","width":800,"height":800},{"@type":"WebPage","@id":"https:\/\/chemitool.com\/pt-pt\/products\/chemicals\/limpeza-e-manutencao\/higiene-de-maos\/chemiclean-creme-limpeza-industrial\/#webpage","url":"https:\/\/chemitool.com\/pt-pt\/products\/chemicals\/limpeza-e-manutencao\/higiene-de-maos\/chemiclean-creme-limpeza-industrial\/","name":"CHEMICLEAN CREME LIMPEZA INDUSTRIAL &ndash; Chemitool","isPartOf":{"@id":"https:\/\/chemitool.com\/#website"},"primaryImageOfPage":{"@id":"https:\/\/chemitool.com\/pt-pt\/products\/chemicals\/limpeza-e-manutencao\/higiene-de-maos\/chemiclean-creme-limpeza-industrial\/#primaryimage"},"datePublished":"2023-03-10T15:14:45+00:00","dateModified":"2023-03-10T16:54:06+00:00","description":"SAP: CH24000006 CHEMICLEAN Creme de Limpeza Industrial - Creme lava m\u00e3os concentrado com microesferas minerais e enriquecido com sericina, para remover sujidades secas e gordurosas, deixando as m\u00e3os macias. Com excelentes propriedades de limpeza e amolecimento, sendo esta \u00faltima ditada pela presen\u00e7a de sericina, uma prote\u00edna natural derivada da seda.","breadcrumb":{"@id":"https:\/\/chemitool.com\/pt-pt\/products\/chemicals\/limpeza-e-manutencao\/higiene-de-maos\/chemiclean-creme-limpeza-industrial\/#breadcrumb"},"inLanguage":"pt-PT","potentialAction":[{"@type":"ReadAction","target":["https:\/\/chemitool.com\/pt-pt\/products\/chemicals\/limpeza-e-manutencao\/higiene-de-maos\/chemiclean-creme-limpeza-industrial\/"]}]},{"@type":"BreadcrumbList","@id":"https:\/\/chemitool.com\/pt-pt\/products\/chemicals\/limpeza-e-manutencao\/higiene-de-maos\/chemiclean-creme-limpeza-industrial\/#breadcrumb","itemListElement":[{"@type":"ListItem","position":1,"name":"Home","item":"https:\/\/chemitool.com\/pt-pt\/"},{"@type":"ListItem","position":2,"name":"Produtos","item":"https:\/\/chemitool.com\/pt-pt\/produtos\/"},{"@type":"ListItem","position":3,"name":"Tools","item":"https:\/\/chemitool.com\/pt-pt\/categoria-produto\/tools\/"},{"@type":"ListItem","position":4,"name":"Escadas e Escadotes","item":"https:\/\/chemitool.com\/pt-pt\/categoria-produto\/tools\/escadas-e-escadotes\/"},{"@type":"ListItem","position":5,"name":"CHEMICLEAN CREME LIMPEZA INDUSTRIAL"}]}]}},"_links":{"self":[{"href":"https:\/\/chemitool.com\/pt-pt\/wp-json\/wp\/v2\/product\/31746"}],"collection":[{"href":"https:\/\/chemitool.com\/pt-pt\/wp-json\/wp\/v2\/product"}],"about":[{"href":"https:\/\/chemitool.com\/pt-pt\/wp-json\/wp\/v2\/types\/product"}],"wp:featuredmedia":[{"embeddable":true,"href":"https:\/\/chemitool.com\/pt-pt\/wp-json\/wp\/v2\/media\/31749"}],"wp:attachment":[{"href":"https:\/\/chemitool.com\/pt-pt\/wp-json\/wp\/v2\/media?parent=31746"}],"wp:term":[{"taxonomy":"product_cat","embeddable":true,"href":"https:\/\/chemitool.com\/pt-pt\/wp-json\/wp\/v2\/product_cat?post=31746"},{"taxonomy":"product_tag","embeddable":true,"href":"https:\/\/chemitool.com\/pt-pt\/wp-json\/wp\/v2\/product_tag?post=31746"}],"curies":[{"name":"wp","href":"https:\/\/api.w.org\/{rel}","templated":true}]}}