{"id":31653,"date":"2023-03-07T11:21:41","date_gmt":"2023-03-07T11:21:42","guid":{"rendered":"https:\/\/chemitool.com\/?post_type=product&#038;p=31653"},"modified":"2023-03-07T14:36:41","modified_gmt":"2023-03-07T14:36:41","slug":"serras-craneanas-bimetalicas-hss-m42","status":"publish","type":"product","link":"https:\/\/chemitool.com\/pt-pt\/products\/cutting\/ferramentas-de-serrar\/serras-craneanas-bimetalicas\/serras-craneanas-bimetalicas-hss-m42\/","title":{"rendered":"SERRAS CRANEANAS BIMET\u00c1LICAS HSS M42"},"content":{"rendered":"<p><strong>VANTAGENS<\/strong><\/p>\n<ul>\n<li>\u00d3tima rela\u00e7\u00e3o qualidade\/valor<\/li>\n<li>Dispon\u00edvel do di\u00e2metro 14 a 152mm<\/li>\n<li>Dentado vari\u00e1vel (10TPI)<\/li>\n<li>Altura de 38mm<\/li>\n<li>Resistente \u00e0 quebra<\/li>\n<li>Excelente performance de corte<\/li>\n<li>Longa vida \u00fatil da ferramenta<\/li>\n<\/ul>\n<p>As serras cranenas CHEMITOOL est\u00e3o preparadas para todo o tipo de fura\u00e7\u00f5es, sendo este o produto indicado para perfura\u00e7\u00f5es r\u00e1pidas e com excelente remo\u00e7\u00e3o de material.<\/p>\n<p>A quantidade de dentes por polegada em formato constante\/fino (10 dentes por polegada) permite que sejam realizados furos com um acabamento perfeito, especialmente em metais, tais como, a\u00e7o inoxid\u00e1vel, a\u00e7o, alum\u00ednio e metais n\u00e3o ferrosos. Esta serra \u00e9 adequada para trabalhos de abertura de furos de grande dimens\u00e3o em locais mais confinados. <\/p>\n<p>As serras craneanas bimet\u00e1licas foram desenvolvidas de forma a suportar elevadas press\u00f5es durante o processo de trabalho, ajudando assim a garantir um corte constante. <\/p>\n<p>A adequada velocidade de trabalho\/rota\u00e7\u00f5es por minuto \u00e9 fundamental para um aumento da longevidade da serra craneana, devendo ser sempre usada em angulo de 90\u00ba face \u00e0 superf\u00edcie de contato. <\/p>\n<p>Em situa\u00e7\u00f5es em que a pe\u00e7a de trabalho n\u00e3o tenha apoio, a mesma deve ser mantida firmemente num grampo ou torno, para evitar que haja o deslocamento da mesma, evitando assim a sua quebra ou rota\u00e7\u00e3o juntamente com a serra craneana. <\/p>\n<p>O uso de lubrifica\u00e7\u00e3o para as aplica\u00e7\u00f5es em metais, n\u00e3o deve ser descorada, pois auxilia a dissipa\u00e7\u00e3o do calor provocado pela fric\u00e7\u00e3o dos dentes na pe\u00e7a, elevando a qualidade final do trabalho e a longevidade da serra craneana. <\/p>\n<p>Embalada em blister selado com fura\u00e7\u00e3o para exposi\u00e7\u00e3o.<\/p>\n","protected":false},"excerpt":{"rendered":"<p><em>As Serras Craneanas Bimet\u00e1licas CHEMITOOL<\/em> produzidas em a\u00e7o r\u00e1pido M42 (8% Cobalto), oferecendo assim uma excelente capacidade de corte em materiais com uma dureza mais elevada, dando ao profissional um \u00f3timo rendimento. Estas serras craneanas, distinguem-se pela \u00f3tima rela\u00e7\u00e3o qualidade\/valor.<\/p>\n","protected":false},"featured_media":31671,"template":"","meta":[],"product_cat":[1422,4290,4826],"product_tag":[],"yoast_head":"<!-- This site is optimized with the Yoast SEO plugin v17.4 - https:\/\/yoast.com\/wordpress\/plugins\/seo\/ -->\n<title>SERRAS CRANEANAS BIMET\u00c1LICAS HSS M42 &ndash; Chemitool<\/title>\n<meta name=\"description\" content=\"As Serras Craneanas Bimet\u00e1licas CHEMITOOL produzidas em a\u00e7o r\u00e1pido M42 (8% Cobalto), oferecendo assim uma excelente capacidade de corte em materiais com uma dureza mais elevada, dando ao profissional um \u00f3timo rendimento. Estas serras craneanas, distinguem-se pela \u00f3tima rela\u00e7\u00e3o qualidade\/valor.\" \/>\n<meta name=\"robots\" content=\"index, follow, max-snippet:-1, max-image-preview:large, max-video-preview:-1\" \/>\n<link rel=\"canonical\" href=\"https:\/\/chemitool.com\/pt-pt\/products\/cutting\/ferramentas-de-serrar\/serras-craneanas-bimetalicas\/serras-craneanas-bimetalicas-hss-m42\/\" \/>\n<meta property=\"og:locale\" content=\"pt_PT\" \/>\n<meta property=\"og:type\" content=\"article\" \/>\n<meta property=\"og:title\" content=\"SERRAS CRANEANAS BIMET\u00c1LICAS HSS M42 &ndash; Chemitool\" \/>\n<meta property=\"og:description\" content=\"As Serras Craneanas Bimet\u00e1licas CHEMITOOL produzidas em a\u00e7o r\u00e1pido M42 (8% Cobalto), oferecendo assim uma excelente capacidade de corte em materiais com uma dureza mais elevada, dando ao profissional um \u00f3timo rendimento. Estas serras craneanas, distinguem-se pela \u00f3tima rela\u00e7\u00e3o qualidade\/valor.\" \/>\n<meta property=\"og:url\" content=\"https:\/\/chemitool.com\/pt-pt\/products\/cutting\/ferramentas-de-serrar\/serras-craneanas-bimetalicas\/serras-craneanas-bimetalicas-hss-m42\/\" \/>\n<meta property=\"og:site_name\" content=\"Chemitool\" \/>\n<meta property=\"article:publisher\" content=\"https:\/\/www.facebook.com\/chemitool\" \/>\n<meta property=\"article:modified_time\" content=\"2023-03-07T14:36:41+00:00\" \/>\n<meta property=\"og:image\" content=\"https:\/\/chemitool.com\/wp-content\/uploads\/2023\/03\/CHA1501_M42.png\" \/>\n\t<meta property=\"og:image:width\" content=\"800\" \/>\n\t<meta property=\"og:image:height\" content=\"800\" \/>\n<meta name=\"twitter:card\" content=\"summary_large_image\" \/>\n<meta name=\"twitter:label1\" content=\"Tempo estimado de leitura\" \/>\n\t<meta name=\"twitter:data1\" content=\"1 minuto\" \/>\n<script type=\"application\/ld+json\" class=\"yoast-schema-graph\">{\"@context\":\"https:\/\/schema.org\",\"@graph\":[{\"@type\":\"Organization\",\"@id\":\"https:\/\/chemitool.com\/#organization\",\"name\":\"Chemitool\",\"url\":\"https:\/\/chemitool.com\/\",\"sameAs\":[\"https:\/\/www.facebook.com\/chemitool\",\"https:\/\/www.instagram.com\/chemitool\/\"],\"logo\":{\"@type\":\"ImageObject\",\"@id\":\"https:\/\/chemitool.com\/#logo\",\"inLanguage\":\"pt-PT\",\"url\":\"https:\/\/chemitool.com\/wp-content\/uploads\/2020\/10\/logo_chemitool.png\",\"contentUrl\":\"https:\/\/chemitool.com\/wp-content\/uploads\/2020\/10\/logo_chemitool.png\",\"width\":400,\"height\":400,\"caption\":\"Chemitool\"},\"image\":{\"@id\":\"https:\/\/chemitool.com\/#logo\"}},{\"@type\":\"WebSite\",\"@id\":\"https:\/\/chemitool.com\/#website\",\"url\":\"https:\/\/chemitool.com\/\",\"name\":\"Chemitool\",\"description\":\"Chemitool - hardware and tools\",\"publisher\":{\"@id\":\"https:\/\/chemitool.com\/#organization\"},\"potentialAction\":[{\"@type\":\"SearchAction\",\"target\":{\"@type\":\"EntryPoint\",\"urlTemplate\":\"https:\/\/chemitool.com\/?s={search_term_string}\"},\"query-input\":\"required name=search_term_string\"}],\"inLanguage\":\"pt-PT\"},{\"@type\":\"ImageObject\",\"@id\":\"https:\/\/chemitool.com\/pt-pt\/products\/cutting\/ferramentas-de-serrar\/serras-craneanas-bimetalicas\/serras-craneanas-bimetalicas-hss-m42\/#primaryimage\",\"inLanguage\":\"pt-PT\",\"url\":\"https:\/\/chemitool.com\/wp-content\/uploads\/2023\/03\/CHA1501_M42.png\",\"contentUrl\":\"https:\/\/chemitool.com\/wp-content\/uploads\/2023\/03\/CHA1501_M42.png\",\"width\":800,\"height\":800},{\"@type\":\"WebPage\",\"@id\":\"https:\/\/chemitool.com\/pt-pt\/products\/cutting\/ferramentas-de-serrar\/serras-craneanas-bimetalicas\/serras-craneanas-bimetalicas-hss-m42\/#webpage\",\"url\":\"https:\/\/chemitool.com\/pt-pt\/products\/cutting\/ferramentas-de-serrar\/serras-craneanas-bimetalicas\/serras-craneanas-bimetalicas-hss-m42\/\",\"name\":\"SERRAS CRANEANAS BIMET\\u00c1LICAS HSS M42 &ndash; Chemitool\",\"isPartOf\":{\"@id\":\"https:\/\/chemitool.com\/#website\"},\"primaryImageOfPage\":{\"@id\":\"https:\/\/chemitool.com\/pt-pt\/products\/cutting\/ferramentas-de-serrar\/serras-craneanas-bimetalicas\/serras-craneanas-bimetalicas-hss-m42\/#primaryimage\"},\"datePublished\":\"2023-03-07T11:21:42+00:00\",\"dateModified\":\"2023-03-07T14:36:41+00:00\",\"description\":\"As Serras Craneanas Bimet\\u00e1licas CHEMITOOL produzidas em a\\u00e7o r\\u00e1pido M42 (8% Cobalto), oferecendo assim uma excelente capacidade de corte em materiais com uma dureza mais elevada, dando ao profissional um \\u00f3timo rendimento. Estas serras craneanas, distinguem-se pela \\u00f3tima rela\\u00e7\\u00e3o qualidade\/valor.\",\"breadcrumb\":{\"@id\":\"https:\/\/chemitool.com\/pt-pt\/products\/cutting\/ferramentas-de-serrar\/serras-craneanas-bimetalicas\/serras-craneanas-bimetalicas-hss-m42\/#breadcrumb\"},\"inLanguage\":\"pt-PT\",\"potentialAction\":[{\"@type\":\"ReadAction\",\"target\":[\"https:\/\/chemitool.com\/pt-pt\/products\/cutting\/ferramentas-de-serrar\/serras-craneanas-bimetalicas\/serras-craneanas-bimetalicas-hss-m42\/\"]}]},{\"@type\":\"BreadcrumbList\",\"@id\":\"https:\/\/chemitool.com\/pt-pt\/products\/cutting\/ferramentas-de-serrar\/serras-craneanas-bimetalicas\/serras-craneanas-bimetalicas-hss-m42\/#breadcrumb\",\"itemListElement\":[{\"@type\":\"ListItem\",\"position\":1,\"name\":\"Home\",\"item\":\"https:\/\/chemitool.com\/pt-pt\/\"},{\"@type\":\"ListItem\",\"position\":2,\"name\":\"Produtos\",\"item\":\"https:\/\/chemitool.com\/pt-pt\/produtos\/\"},{\"@type\":\"ListItem\",\"position\":3,\"name\":\"Cutting\",\"item\":\"https:\/\/chemitool.com\/pt-pt\/categoria-produto\/cutting\/\"},{\"@type\":\"ListItem\",\"position\":4,\"name\":\"FERRAMENTAS DE SERRAR\",\"item\":\"https:\/\/chemitool.com\/pt-pt\/categoria-produto\/cutting\/ferramentas-de-serrar\/\"},{\"@type\":\"ListItem\",\"position\":5,\"name\":\"SERRAS CRANEANAS BIMET\\u00c1LICAS\",\"item\":\"https:\/\/chemitool.com\/pt-pt\/categoria-produto\/cutting\/ferramentas-de-serrar\/serras-craneanas-bimetalicas\/\"},{\"@type\":\"ListItem\",\"position\":6,\"name\":\"SERRAS CRANEANAS BIMET\\u00c1LICAS HSS M42\"}]}]}<\/script>\n<!-- \/ Yoast SEO plugin. -->","yoast_head_json":{"title":"SERRAS CRANEANAS BIMET\u00c1LICAS HSS M42 &ndash; Chemitool","description":"As Serras Craneanas Bimet\u00e1licas CHEMITOOL produzidas em a\u00e7o r\u00e1pido M42 (8% Cobalto), oferecendo assim uma excelente capacidade de corte em materiais com uma dureza mais elevada, dando ao profissional um \u00f3timo rendimento. Estas serras craneanas, distinguem-se pela \u00f3tima rela\u00e7\u00e3o qualidade\/valor.","robots":{"index":"index","follow":"follow","max-snippet":"max-snippet:-1","max-image-preview":"max-image-preview:large","max-video-preview":"max-video-preview:-1"},"canonical":"https:\/\/chemitool.com\/pt-pt\/products\/cutting\/ferramentas-de-serrar\/serras-craneanas-bimetalicas\/serras-craneanas-bimetalicas-hss-m42\/","og_locale":"pt_PT","og_type":"article","og_title":"SERRAS CRANEANAS BIMET\u00c1LICAS HSS M42 &ndash; Chemitool","og_description":"As Serras Craneanas Bimet\u00e1licas CHEMITOOL produzidas em a\u00e7o r\u00e1pido M42 (8% Cobalto), oferecendo assim uma excelente capacidade de corte em materiais com uma dureza mais elevada, dando ao profissional um \u00f3timo rendimento. Estas serras craneanas, distinguem-se pela \u00f3tima rela\u00e7\u00e3o qualidade\/valor.","og_url":"https:\/\/chemitool.com\/pt-pt\/products\/cutting\/ferramentas-de-serrar\/serras-craneanas-bimetalicas\/serras-craneanas-bimetalicas-hss-m42\/","og_site_name":"Chemitool","article_publisher":"https:\/\/www.facebook.com\/chemitool","article_modified_time":"2023-03-07T14:36:41+00:00","og_image":[{"width":800,"height":800,"url":"https:\/\/chemitool.com\/wp-content\/uploads\/2023\/03\/CHA1501_M42.png","type":"image\/png"}],"twitter_card":"summary_large_image","twitter_misc":{"Tempo estimado de leitura":"1 minuto"},"schema":{"@context":"https:\/\/schema.org","@graph":[{"@type":"Organization","@id":"https:\/\/chemitool.com\/#organization","name":"Chemitool","url":"https:\/\/chemitool.com\/","sameAs":["https:\/\/www.facebook.com\/chemitool","https:\/\/www.instagram.com\/chemitool\/"],"logo":{"@type":"ImageObject","@id":"https:\/\/chemitool.com\/#logo","inLanguage":"pt-PT","url":"https:\/\/chemitool.com\/wp-content\/uploads\/2020\/10\/logo_chemitool.png","contentUrl":"https:\/\/chemitool.com\/wp-content\/uploads\/2020\/10\/logo_chemitool.png","width":400,"height":400,"caption":"Chemitool"},"image":{"@id":"https:\/\/chemitool.com\/#logo"}},{"@type":"WebSite","@id":"https:\/\/chemitool.com\/#website","url":"https:\/\/chemitool.com\/","name":"Chemitool","description":"Chemitool - hardware and tools","publisher":{"@id":"https:\/\/chemitool.com\/#organization"},"potentialAction":[{"@type":"SearchAction","target":{"@type":"EntryPoint","urlTemplate":"https:\/\/chemitool.com\/?s={search_term_string}"},"query-input":"required name=search_term_string"}],"inLanguage":"pt-PT"},{"@type":"ImageObject","@id":"https:\/\/chemitool.com\/pt-pt\/products\/cutting\/ferramentas-de-serrar\/serras-craneanas-bimetalicas\/serras-craneanas-bimetalicas-hss-m42\/#primaryimage","inLanguage":"pt-PT","url":"https:\/\/chemitool.com\/wp-content\/uploads\/2023\/03\/CHA1501_M42.png","contentUrl":"https:\/\/chemitool.com\/wp-content\/uploads\/2023\/03\/CHA1501_M42.png","width":800,"height":800},{"@type":"WebPage","@id":"https:\/\/chemitool.com\/pt-pt\/products\/cutting\/ferramentas-de-serrar\/serras-craneanas-bimetalicas\/serras-craneanas-bimetalicas-hss-m42\/#webpage","url":"https:\/\/chemitool.com\/pt-pt\/products\/cutting\/ferramentas-de-serrar\/serras-craneanas-bimetalicas\/serras-craneanas-bimetalicas-hss-m42\/","name":"SERRAS CRANEANAS BIMET\u00c1LICAS HSS M42 &ndash; Chemitool","isPartOf":{"@id":"https:\/\/chemitool.com\/#website"},"primaryImageOfPage":{"@id":"https:\/\/chemitool.com\/pt-pt\/products\/cutting\/ferramentas-de-serrar\/serras-craneanas-bimetalicas\/serras-craneanas-bimetalicas-hss-m42\/#primaryimage"},"datePublished":"2023-03-07T11:21:42+00:00","dateModified":"2023-03-07T14:36:41+00:00","description":"As Serras Craneanas Bimet\u00e1licas CHEMITOOL produzidas em a\u00e7o r\u00e1pido M42 (8% Cobalto), oferecendo assim uma excelente capacidade de corte em materiais com uma dureza mais elevada, dando ao profissional um \u00f3timo rendimento. Estas serras craneanas, distinguem-se pela \u00f3tima rela\u00e7\u00e3o qualidade\/valor.","breadcrumb":{"@id":"https:\/\/chemitool.com\/pt-pt\/products\/cutting\/ferramentas-de-serrar\/serras-craneanas-bimetalicas\/serras-craneanas-bimetalicas-hss-m42\/#breadcrumb"},"inLanguage":"pt-PT","potentialAction":[{"@type":"ReadAction","target":["https:\/\/chemitool.com\/pt-pt\/products\/cutting\/ferramentas-de-serrar\/serras-craneanas-bimetalicas\/serras-craneanas-bimetalicas-hss-m42\/"]}]},{"@type":"BreadcrumbList","@id":"https:\/\/chemitool.com\/pt-pt\/products\/cutting\/ferramentas-de-serrar\/serras-craneanas-bimetalicas\/serras-craneanas-bimetalicas-hss-m42\/#breadcrumb","itemListElement":[{"@type":"ListItem","position":1,"name":"Home","item":"https:\/\/chemitool.com\/pt-pt\/"},{"@type":"ListItem","position":2,"name":"Produtos","item":"https:\/\/chemitool.com\/pt-pt\/produtos\/"},{"@type":"ListItem","position":3,"name":"Cutting","item":"https:\/\/chemitool.com\/pt-pt\/categoria-produto\/cutting\/"},{"@type":"ListItem","position":4,"name":"FERRAMENTAS DE SERRAR","item":"https:\/\/chemitool.com\/pt-pt\/categoria-produto\/cutting\/ferramentas-de-serrar\/"},{"@type":"ListItem","position":5,"name":"SERRAS CRANEANAS BIMET\u00c1LICAS","item":"https:\/\/chemitool.com\/pt-pt\/categoria-produto\/cutting\/ferramentas-de-serrar\/serras-craneanas-bimetalicas\/"},{"@type":"ListItem","position":6,"name":"SERRAS CRANEANAS BIMET\u00c1LICAS HSS M42"}]}]}},"_links":{"self":[{"href":"https:\/\/chemitool.com\/pt-pt\/wp-json\/wp\/v2\/product\/31653"}],"collection":[{"href":"https:\/\/chemitool.com\/pt-pt\/wp-json\/wp\/v2\/product"}],"about":[{"href":"https:\/\/chemitool.com\/pt-pt\/wp-json\/wp\/v2\/types\/product"}],"wp:featuredmedia":[{"embeddable":true,"href":"https:\/\/chemitool.com\/pt-pt\/wp-json\/wp\/v2\/media\/31671"}],"wp:attachment":[{"href":"https:\/\/chemitool.com\/pt-pt\/wp-json\/wp\/v2\/media?parent=31653"}],"wp:term":[{"taxonomy":"product_cat","embeddable":true,"href":"https:\/\/chemitool.com\/pt-pt\/wp-json\/wp\/v2\/product_cat?post=31653"},{"taxonomy":"product_tag","embeddable":true,"href":"https:\/\/chemitool.com\/pt-pt\/wp-json\/wp\/v2\/product_tag?post=31653"}],"curies":[{"name":"wp","href":"https:\/\/api.w.org\/{rel}","templated":true}]}}