{"id":31428,"date":"2023-03-03T11:59:18","date_gmt":"2023-03-03T11:59:19","guid":{"rendered":"https:\/\/chemitool.com\/?post_type=product&#038;p=31428"},"modified":"2023-05-15T14:24:23","modified_gmt":"2023-05-15T14:24:23","slug":"c2-spade-broca-vidro-ceramica","status":"publish","type":"product","link":"https:\/\/chemitool.com\/pt-pt\/products\/cutting\/ferramentas-de-perfuracao-betao-alvenaria\/c2-spade-broca-vidro-ceramica\/","title":{"rendered":"C2 SPADE BROCA VIDRO\/CER\u00c2MICA"},"content":{"rendered":"<p><strong>VANTAGENS<\/strong><\/p>\n<ul>\n<li>\u00d3tima rela\u00e7\u00e3o qualidade\/valor<\/li>\n<li>Cabe\u00e7a em carboneto tungst\u00e9nio<\/li>\n<li>2 cortantes<\/li>\n<li>Excelente performance de perfura\u00e7\u00e3o<\/li>\n<li>Dispon\u00edvel do di\u00e2metro 3,0 at\u00e9 12mm<\/li>\n<li>Longa vida \u00fatil da ferramenta<\/li>\n<\/ul>\n<p>A broca C2 SPADE CHEMITOOL est\u00e1 preparada para perfura\u00e7\u00f5es em vidro e cer\u00e2mica.<\/p>\n<p>A excelente qualidade da ponta da broca de dois cortantes, faz com que n\u00e3o seja necess\u00e1ria muita press\u00e3o para efetuar o furo, permitindo assim efetuar um furo de excelente qualidade em materiais sens\u00edveis e com vidrado. <\/p>\n<p>Este tipo de broca deve ser utilizada em berbequins sem percuss\u00e3o ativa, bem como a utiliza\u00e7\u00e3o de refrigera\u00e7\u00e3o a h\u00famido deve ser tida em aten\u00e7\u00e3o, aumentando a vida \u00fatil da broca.<\/p>\n<p>Embalada em blister individual com fura\u00e7\u00e3o para exposi\u00e7\u00e3o.<\/p>\n","protected":false},"excerpt":{"rendered":"<p><em>As Brocas para Vidro e Cer\u00e2mica C2 SPADE CHEMITOOL<\/em>\u00a0foram projetadas para fornecer ao profissional um excelente rendimento de perfura\u00e7\u00e3o nas situa\u00e7\u00f5es mais dif\u00edceis. Esta broca distingue-se pela excelente rela\u00e7\u00e3o qualidade\/valor.<\/p>\n","protected":false},"featured_media":31430,"template":"","meta":[],"product_cat":[1422,4798],"product_tag":[],"yoast_head":"<!-- This site is optimized with the Yoast SEO plugin v17.4 - https:\/\/yoast.com\/wordpress\/plugins\/seo\/ -->\n<title>C2 SPADE BROCA VIDRO\/CER\u00c2MICA &ndash; Chemitool<\/title>\n<meta name=\"description\" content=\"As Brocas para Vidro e Cer\u00e2mica C2 SPADE CHEMITOOL\u00a0foram projetadas para fornecer ao profissional um excelente rendimento de perfura\u00e7\u00e3o nas situa\u00e7\u00f5es mais dif\u00edceis. Esta broca distingue-se pela excelente rela\u00e7\u00e3o qualidade\/valor.\" \/>\n<meta name=\"robots\" content=\"index, follow, max-snippet:-1, max-image-preview:large, max-video-preview:-1\" \/>\n<link rel=\"canonical\" href=\"https:\/\/chemitool.com\/pt-pt\/products\/cutting\/ferramentas-de-perfuracao-metal\/c2-spade-broca-vidro-ceramica\/\" \/>\n<meta property=\"og:locale\" content=\"pt_PT\" \/>\n<meta property=\"og:type\" content=\"article\" \/>\n<meta property=\"og:title\" content=\"C2 SPADE BROCA VIDRO\/CER\u00c2MICA &ndash; Chemitool\" \/>\n<meta property=\"og:description\" content=\"As Brocas para Vidro e Cer\u00e2mica C2 SPADE CHEMITOOL\u00a0foram projetadas para fornecer ao profissional um excelente rendimento de perfura\u00e7\u00e3o nas situa\u00e7\u00f5es mais dif\u00edceis. Esta broca distingue-se pela excelente rela\u00e7\u00e3o qualidade\/valor.\" \/>\n<meta property=\"og:url\" content=\"https:\/\/chemitool.com\/pt-pt\/products\/cutting\/ferramentas-de-perfuracao-metal\/c2-spade-broca-vidro-ceramica\/\" \/>\n<meta property=\"og:site_name\" content=\"Chemitool\" \/>\n<meta property=\"article:publisher\" content=\"https:\/\/www.facebook.com\/chemitool\" \/>\n<meta property=\"article:modified_time\" content=\"2023-05-15T14:24:23+00:00\" \/>\n<meta property=\"og:image\" content=\"https:\/\/chemitool.com\/wp-content\/uploads\/2023\/03\/CHA2501.png\" \/>\n\t<meta property=\"og:image:width\" content=\"800\" \/>\n\t<meta property=\"og:image:height\" content=\"800\" \/>\n<meta name=\"twitter:card\" content=\"summary_large_image\" \/>\n<meta name=\"twitter:label1\" content=\"Tempo estimado de leitura\" \/>\n\t<meta name=\"twitter:data1\" content=\"1 minuto\" \/>\n<script type=\"application\/ld+json\" class=\"yoast-schema-graph\">{\"@context\":\"https:\/\/schema.org\",\"@graph\":[{\"@type\":\"Organization\",\"@id\":\"https:\/\/chemitool.com\/#organization\",\"name\":\"Chemitool\",\"url\":\"https:\/\/chemitool.com\/\",\"sameAs\":[\"https:\/\/www.facebook.com\/chemitool\",\"https:\/\/www.instagram.com\/chemitool\/\"],\"logo\":{\"@type\":\"ImageObject\",\"@id\":\"https:\/\/chemitool.com\/#logo\",\"inLanguage\":\"pt-PT\",\"url\":\"https:\/\/chemitool.com\/wp-content\/uploads\/2020\/10\/logo_chemitool.png\",\"contentUrl\":\"https:\/\/chemitool.com\/wp-content\/uploads\/2020\/10\/logo_chemitool.png\",\"width\":400,\"height\":400,\"caption\":\"Chemitool\"},\"image\":{\"@id\":\"https:\/\/chemitool.com\/#logo\"}},{\"@type\":\"WebSite\",\"@id\":\"https:\/\/chemitool.com\/#website\",\"url\":\"https:\/\/chemitool.com\/\",\"name\":\"Chemitool\",\"description\":\"Chemitool - hardware and tools\",\"publisher\":{\"@id\":\"https:\/\/chemitool.com\/#organization\"},\"potentialAction\":[{\"@type\":\"SearchAction\",\"target\":{\"@type\":\"EntryPoint\",\"urlTemplate\":\"https:\/\/chemitool.com\/?s={search_term_string}\"},\"query-input\":\"required name=search_term_string\"}],\"inLanguage\":\"pt-PT\"},{\"@type\":\"ImageObject\",\"@id\":\"https:\/\/chemitool.com\/pt-pt\/products\/cutting\/ferramentas-de-perfuracao-metal\/c2-spade-broca-vidro-ceramica\/#primaryimage\",\"inLanguage\":\"pt-PT\",\"url\":\"https:\/\/chemitool.com\/wp-content\/uploads\/2023\/03\/CHA2501.png\",\"contentUrl\":\"https:\/\/chemitool.com\/wp-content\/uploads\/2023\/03\/CHA2501.png\",\"width\":800,\"height\":800},{\"@type\":\"WebPage\",\"@id\":\"https:\/\/chemitool.com\/pt-pt\/products\/cutting\/ferramentas-de-perfuracao-metal\/c2-spade-broca-vidro-ceramica\/#webpage\",\"url\":\"https:\/\/chemitool.com\/pt-pt\/products\/cutting\/ferramentas-de-perfuracao-metal\/c2-spade-broca-vidro-ceramica\/\",\"name\":\"C2 SPADE BROCA VIDRO\/CER\\u00c2MICA &ndash; Chemitool\",\"isPartOf\":{\"@id\":\"https:\/\/chemitool.com\/#website\"},\"primaryImageOfPage\":{\"@id\":\"https:\/\/chemitool.com\/pt-pt\/products\/cutting\/ferramentas-de-perfuracao-metal\/c2-spade-broca-vidro-ceramica\/#primaryimage\"},\"datePublished\":\"2023-03-03T11:59:19+00:00\",\"dateModified\":\"2023-05-15T14:24:23+00:00\",\"description\":\"As Brocas para Vidro e Cer\\u00e2mica C2 SPADE CHEMITOOL\\u00a0foram projetadas para fornecer ao profissional um excelente rendimento de perfura\\u00e7\\u00e3o nas situa\\u00e7\\u00f5es mais dif\\u00edceis. Esta broca distingue-se pela excelente rela\\u00e7\\u00e3o qualidade\/valor.\",\"breadcrumb\":{\"@id\":\"https:\/\/chemitool.com\/pt-pt\/products\/cutting\/ferramentas-de-perfuracao-metal\/c2-spade-broca-vidro-ceramica\/#breadcrumb\"},\"inLanguage\":\"pt-PT\",\"potentialAction\":[{\"@type\":\"ReadAction\",\"target\":[\"https:\/\/chemitool.com\/pt-pt\/products\/cutting\/ferramentas-de-perfuracao-metal\/c2-spade-broca-vidro-ceramica\/\"]}]},{\"@type\":\"BreadcrumbList\",\"@id\":\"https:\/\/chemitool.com\/pt-pt\/products\/cutting\/ferramentas-de-perfuracao-metal\/c2-spade-broca-vidro-ceramica\/#breadcrumb\",\"itemListElement\":[{\"@type\":\"ListItem\",\"position\":1,\"name\":\"Home\",\"item\":\"https:\/\/chemitool.com\/pt-pt\/\"},{\"@type\":\"ListItem\",\"position\":2,\"name\":\"Produtos\",\"item\":\"https:\/\/chemitool.com\/pt-pt\/produtos\/\"},{\"@type\":\"ListItem\",\"position\":3,\"name\":\"Cutting\",\"item\":\"https:\/\/chemitool.com\/pt-pt\/categoria-produto\/cutting\/\"},{\"@type\":\"ListItem\",\"position\":4,\"name\":\"FERRAMENTAS DE PERFURA\\u00c7\\u00c3O BET\\u00c3O\/ALVENARIA\",\"item\":\"https:\/\/chemitool.com\/pt-pt\/categoria-produto\/cutting\/ferramentas-de-perfuracao-betao-alvenaria\/\"},{\"@type\":\"ListItem\",\"position\":5,\"name\":\"C2 SPADE BROCA VIDRO\/CER\\u00c2MICA\"}]}]}<\/script>\n<!-- \/ Yoast SEO plugin. -->","yoast_head_json":{"title":"C2 SPADE BROCA VIDRO\/CER\u00c2MICA &ndash; Chemitool","description":"As Brocas para Vidro e Cer\u00e2mica C2 SPADE CHEMITOOL\u00a0foram projetadas para fornecer ao profissional um excelente rendimento de perfura\u00e7\u00e3o nas situa\u00e7\u00f5es mais dif\u00edceis. Esta broca distingue-se pela excelente rela\u00e7\u00e3o qualidade\/valor.","robots":{"index":"index","follow":"follow","max-snippet":"max-snippet:-1","max-image-preview":"max-image-preview:large","max-video-preview":"max-video-preview:-1"},"canonical":"https:\/\/chemitool.com\/pt-pt\/products\/cutting\/ferramentas-de-perfuracao-metal\/c2-spade-broca-vidro-ceramica\/","og_locale":"pt_PT","og_type":"article","og_title":"C2 SPADE BROCA VIDRO\/CER\u00c2MICA &ndash; Chemitool","og_description":"As Brocas para Vidro e Cer\u00e2mica C2 SPADE CHEMITOOL\u00a0foram projetadas para fornecer ao profissional um excelente rendimento de perfura\u00e7\u00e3o nas situa\u00e7\u00f5es mais dif\u00edceis. Esta broca distingue-se pela excelente rela\u00e7\u00e3o qualidade\/valor.","og_url":"https:\/\/chemitool.com\/pt-pt\/products\/cutting\/ferramentas-de-perfuracao-metal\/c2-spade-broca-vidro-ceramica\/","og_site_name":"Chemitool","article_publisher":"https:\/\/www.facebook.com\/chemitool","article_modified_time":"2023-05-15T14:24:23+00:00","og_image":[{"width":800,"height":800,"url":"https:\/\/chemitool.com\/wp-content\/uploads\/2023\/03\/CHA2501.png","type":"image\/png"}],"twitter_card":"summary_large_image","twitter_misc":{"Tempo estimado de leitura":"1 minuto"},"schema":{"@context":"https:\/\/schema.org","@graph":[{"@type":"Organization","@id":"https:\/\/chemitool.com\/#organization","name":"Chemitool","url":"https:\/\/chemitool.com\/","sameAs":["https:\/\/www.facebook.com\/chemitool","https:\/\/www.instagram.com\/chemitool\/"],"logo":{"@type":"ImageObject","@id":"https:\/\/chemitool.com\/#logo","inLanguage":"pt-PT","url":"https:\/\/chemitool.com\/wp-content\/uploads\/2020\/10\/logo_chemitool.png","contentUrl":"https:\/\/chemitool.com\/wp-content\/uploads\/2020\/10\/logo_chemitool.png","width":400,"height":400,"caption":"Chemitool"},"image":{"@id":"https:\/\/chemitool.com\/#logo"}},{"@type":"WebSite","@id":"https:\/\/chemitool.com\/#website","url":"https:\/\/chemitool.com\/","name":"Chemitool","description":"Chemitool - hardware and tools","publisher":{"@id":"https:\/\/chemitool.com\/#organization"},"potentialAction":[{"@type":"SearchAction","target":{"@type":"EntryPoint","urlTemplate":"https:\/\/chemitool.com\/?s={search_term_string}"},"query-input":"required name=search_term_string"}],"inLanguage":"pt-PT"},{"@type":"ImageObject","@id":"https:\/\/chemitool.com\/pt-pt\/products\/cutting\/ferramentas-de-perfuracao-metal\/c2-spade-broca-vidro-ceramica\/#primaryimage","inLanguage":"pt-PT","url":"https:\/\/chemitool.com\/wp-content\/uploads\/2023\/03\/CHA2501.png","contentUrl":"https:\/\/chemitool.com\/wp-content\/uploads\/2023\/03\/CHA2501.png","width":800,"height":800},{"@type":"WebPage","@id":"https:\/\/chemitool.com\/pt-pt\/products\/cutting\/ferramentas-de-perfuracao-metal\/c2-spade-broca-vidro-ceramica\/#webpage","url":"https:\/\/chemitool.com\/pt-pt\/products\/cutting\/ferramentas-de-perfuracao-metal\/c2-spade-broca-vidro-ceramica\/","name":"C2 SPADE BROCA VIDRO\/CER\u00c2MICA &ndash; Chemitool","isPartOf":{"@id":"https:\/\/chemitool.com\/#website"},"primaryImageOfPage":{"@id":"https:\/\/chemitool.com\/pt-pt\/products\/cutting\/ferramentas-de-perfuracao-metal\/c2-spade-broca-vidro-ceramica\/#primaryimage"},"datePublished":"2023-03-03T11:59:19+00:00","dateModified":"2023-05-15T14:24:23+00:00","description":"As Brocas para Vidro e Cer\u00e2mica C2 SPADE CHEMITOOL\u00a0foram projetadas para fornecer ao profissional um excelente rendimento de perfura\u00e7\u00e3o nas situa\u00e7\u00f5es mais dif\u00edceis. Esta broca distingue-se pela excelente rela\u00e7\u00e3o qualidade\/valor.","breadcrumb":{"@id":"https:\/\/chemitool.com\/pt-pt\/products\/cutting\/ferramentas-de-perfuracao-metal\/c2-spade-broca-vidro-ceramica\/#breadcrumb"},"inLanguage":"pt-PT","potentialAction":[{"@type":"ReadAction","target":["https:\/\/chemitool.com\/pt-pt\/products\/cutting\/ferramentas-de-perfuracao-metal\/c2-spade-broca-vidro-ceramica\/"]}]},{"@type":"BreadcrumbList","@id":"https:\/\/chemitool.com\/pt-pt\/products\/cutting\/ferramentas-de-perfuracao-metal\/c2-spade-broca-vidro-ceramica\/#breadcrumb","itemListElement":[{"@type":"ListItem","position":1,"name":"Home","item":"https:\/\/chemitool.com\/pt-pt\/"},{"@type":"ListItem","position":2,"name":"Produtos","item":"https:\/\/chemitool.com\/pt-pt\/produtos\/"},{"@type":"ListItem","position":3,"name":"Cutting","item":"https:\/\/chemitool.com\/pt-pt\/categoria-produto\/cutting\/"},{"@type":"ListItem","position":4,"name":"FERRAMENTAS DE PERFURA\u00c7\u00c3O BET\u00c3O\/ALVENARIA","item":"https:\/\/chemitool.com\/pt-pt\/categoria-produto\/cutting\/ferramentas-de-perfuracao-betao-alvenaria\/"},{"@type":"ListItem","position":5,"name":"C2 SPADE BROCA VIDRO\/CER\u00c2MICA"}]}]}},"_links":{"self":[{"href":"https:\/\/chemitool.com\/pt-pt\/wp-json\/wp\/v2\/product\/31428"}],"collection":[{"href":"https:\/\/chemitool.com\/pt-pt\/wp-json\/wp\/v2\/product"}],"about":[{"href":"https:\/\/chemitool.com\/pt-pt\/wp-json\/wp\/v2\/types\/product"}],"wp:featuredmedia":[{"embeddable":true,"href":"https:\/\/chemitool.com\/pt-pt\/wp-json\/wp\/v2\/media\/31430"}],"wp:attachment":[{"href":"https:\/\/chemitool.com\/pt-pt\/wp-json\/wp\/v2\/media?parent=31428"}],"wp:term":[{"taxonomy":"product_cat","embeddable":true,"href":"https:\/\/chemitool.com\/pt-pt\/wp-json\/wp\/v2\/product_cat?post=31428"},{"taxonomy":"product_tag","embeddable":true,"href":"https:\/\/chemitool.com\/pt-pt\/wp-json\/wp\/v2\/product_tag?post=31428"}],"curies":[{"name":"wp","href":"https:\/\/api.w.org\/{rel}","templated":true}]}}