{"id":31203,"date":"2023-02-27T10:46:02","date_gmt":"2023-02-27T10:46:06","guid":{"rendered":"https:\/\/chemitool.com\/?post_type=product&#038;p=31203"},"modified":"2023-03-17T16:12:43","modified_gmt":"2023-03-17T16:12:43","slug":"kit-de-protecao-antiquedas-com-absorvedor-de-energia","status":"publish","type":"product","link":"https:\/\/chemitool.com\/pt-pt\/products\/safety\/protecao-anti-queda\/kit-de-protecao-antiquedas-com-absorvedor-de-energia\/","title":{"rendered":"KIT DE PROTE\u00c7\u00c3O ANTIQUEDAS COM ABSORVEDOR DE ENERGIA"},"content":{"rendered":"<ul>\n<li>Arn\u00eas com fivela de a\u00e7o em D com 8 mm<\/li>\n<li>Arn\u00eas com um ponto de fixa\u00e7\u00e3o dorsal<\/li>\n<li>Arn\u00eas com fivelas de ajuste das pernas<\/li>\n<li>Absorvedor de energia<\/li>\n<li>2 Conectores direcionais de a\u00e7o<\/li>\n<li>Bolsa de armazenamento e transporte<\/li>\n<\/ul>\n<p><img class=\"alignnone size-full wp-image-31283\" src=\"https:\/\/chemitool.com\/wp-content\/uploads\/2023\/02\/Prancheta-180.png\" alt=\"\" width=\"106\" height=\"122\" \/>\u00a0<img class=\"alignnone size-full wp-image-31287\" src=\"https:\/\/chemitool.com\/wp-content\/uploads\/2023\/02\/Prancheta-181.png\" alt=\"\" width=\"106\" height=\"122\" \/>\u00a0<img class=\"alignnone size-full wp-image-31279\" src=\"https:\/\/chemitool.com\/wp-content\/uploads\/2023\/02\/Prancheta-179.png\" alt=\"\" width=\"106\" height=\"122\" \/>\u00a0<img class=\"alignnone size-full wp-image-31290\" src=\"https:\/\/chemitool.com\/wp-content\/uploads\/2023\/02\/Prancheta-183.png\" alt=\"\" width=\"106\" height=\"122\" \/><\/p>\n","protected":false},"excerpt":{"rendered":"<p><b class=\"sap-label\">SAP:<\/b> <span class=\"codesap-label\">CHS09010104<\/span><\/p>\n<p><em>Kit de Prote\u00e7\u00e3o Antiquedas com Absorvedor de Energia CHEMITOOL<\/em> \u00e9 indicado para trabalhos em altura, este kit \u00e9 composto por um arn\u00eas anti quedas 10 BASIC PLUS com um ponto de ancoragem anti queda dorsal (A) em fivela D de a\u00e7o de 8 mm, outro frontal (B) constitu\u00eddo por duas presilhas e fivelas de ajuste de perna. E um absorvedor de energia modelo 31-A 30\/30 &#8211; um componente essencial para formar um sistema anti queda seguro capaz de suportar as mais exigentes situa\u00e7\u00f5es de trabalho, concebido para ser ligado, atrav\u00e9s de um conector apropriado, a um arn\u00eas anti queda, sem a necessidade da utiliza\u00e7\u00e3o de cord\u00f5es. A vida \u00fatil te\u00f3rica do equipamento \u00e9 de 10 anos a partir da data de fabrica\u00e7\u00e3o e 5 anos a partir do primeiro uso.<\/p>\n","protected":false},"featured_media":31297,"template":"","meta":[],"product_cat":[1453,3499],"product_tag":[],"yoast_head":"<!-- This site is optimized with the Yoast SEO plugin v17.4 - https:\/\/yoast.com\/wordpress\/plugins\/seo\/ -->\n<title>KIT DE PROTE\u00c7\u00c3O ANTIQUEDAS COM ABSORVEDOR DE ENERGIA &ndash; Chemitool<\/title>\n<meta name=\"description\" content=\"SAP: CHS09010104  Kit de Prote\u00e7\u00e3o Antiquedas com Absorvedor de Energia CHEMITOOL \u00e9 indicado para trabalhos em altura, este kit \u00e9 composto por um arn\u00eas anti quedas 10 BASIC PLUS com um ponto de ancoragem anti queda dorsal (A) em fivela D de a\u00e7o de 8 mm, outro frontal (B) constitu\u00eddo por duas presilhas e fivelas de ajuste de perna. E um absorvedor de energia modelo 31-A 30\/30 - um componente essencial para formar um sistema anti queda seguro capaz de suportar as mais exigentes situa\u00e7\u00f5es de trabalho, concebido para ser ligado, atrav\u00e9s de um conector apropriado, a um arn\u00eas anti queda, sem a necessidade da utiliza\u00e7\u00e3o de cord\u00f5es. A vida \u00fatil te\u00f3rica do equipamento \u00e9 de 10 anos a partir da data de fabrica\u00e7\u00e3o e 5 anos a partir do primeiro uso.\" \/>\n<meta name=\"robots\" content=\"index, follow, max-snippet:-1, max-image-preview:large, max-video-preview:-1\" \/>\n<link rel=\"canonical\" href=\"https:\/\/chemitool.com\/pt-pt\/products\/safety\/fall-protection\/fall-protection-kit-with-energy-absorber\/\" \/>\n<meta property=\"og:locale\" content=\"pt_PT\" \/>\n<meta property=\"og:type\" content=\"article\" \/>\n<meta property=\"og:title\" content=\"KIT DE PROTE\u00c7\u00c3O ANTIQUEDAS COM ABSORVEDOR DE ENERGIA &ndash; Chemitool\" \/>\n<meta property=\"og:description\" content=\"SAP: CHS09010104  Kit de Prote\u00e7\u00e3o Antiquedas com Absorvedor de Energia CHEMITOOL \u00e9 indicado para trabalhos em altura, este kit \u00e9 composto por um arn\u00eas anti quedas 10 BASIC PLUS com um ponto de ancoragem anti queda dorsal (A) em fivela D de a\u00e7o de 8 mm, outro frontal (B) constitu\u00eddo por duas presilhas e fivelas de ajuste de perna. E um absorvedor de energia modelo 31-A 30\/30 - um componente essencial para formar um sistema anti queda seguro capaz de suportar as mais exigentes situa\u00e7\u00f5es de trabalho, concebido para ser ligado, atrav\u00e9s de um conector apropriado, a um arn\u00eas anti queda, sem a necessidade da utiliza\u00e7\u00e3o de cord\u00f5es. A vida \u00fatil te\u00f3rica do equipamento \u00e9 de 10 anos a partir da data de fabrica\u00e7\u00e3o e 5 anos a partir do primeiro uso.\" \/>\n<meta property=\"og:url\" content=\"https:\/\/chemitool.com\/products\/safety\/fall-protection\/fall-protection-kit-with-energy-absorber\/\" \/>\n<meta property=\"og:site_name\" content=\"Chemitool\" \/>\n<meta property=\"article:publisher\" content=\"https:\/\/www.facebook.com\/chemitool\" \/>\n<meta property=\"article:modified_time\" content=\"2023-03-17T16:12:43+00:00\" \/>\n<meta property=\"og:image\" content=\"https:\/\/chemitool.com\/wp-content\/uploads\/2023\/02\/CHS09010104-.png\" \/>\n\t<meta property=\"og:image:width\" content=\"800\" \/>\n\t<meta property=\"og:image:height\" content=\"800\" \/>\n<meta name=\"twitter:card\" content=\"summary_large_image\" \/>\n<meta name=\"twitter:label1\" content=\"Tempo estimado de leitura\" \/>\n\t<meta name=\"twitter:data1\" content=\"1 minuto\" \/>\n<script type=\"application\/ld+json\" class=\"yoast-schema-graph\">{\"@context\":\"https:\/\/schema.org\",\"@graph\":[{\"@type\":\"Organization\",\"@id\":\"https:\/\/chemitool.com\/#organization\",\"name\":\"Chemitool\",\"url\":\"https:\/\/chemitool.com\/\",\"sameAs\":[\"https:\/\/www.facebook.com\/chemitool\",\"https:\/\/www.instagram.com\/chemitool\/\"],\"logo\":{\"@type\":\"ImageObject\",\"@id\":\"https:\/\/chemitool.com\/#logo\",\"inLanguage\":\"pt-PT\",\"url\":\"https:\/\/chemitool.com\/wp-content\/uploads\/2020\/10\/logo_chemitool.png\",\"contentUrl\":\"https:\/\/chemitool.com\/wp-content\/uploads\/2020\/10\/logo_chemitool.png\",\"width\":400,\"height\":400,\"caption\":\"Chemitool\"},\"image\":{\"@id\":\"https:\/\/chemitool.com\/#logo\"}},{\"@type\":\"WebSite\",\"@id\":\"https:\/\/chemitool.com\/#website\",\"url\":\"https:\/\/chemitool.com\/\",\"name\":\"Chemitool\",\"description\":\"Chemitool - hardware and tools\",\"publisher\":{\"@id\":\"https:\/\/chemitool.com\/#organization\"},\"potentialAction\":[{\"@type\":\"SearchAction\",\"target\":{\"@type\":\"EntryPoint\",\"urlTemplate\":\"https:\/\/chemitool.com\/?s={search_term_string}\"},\"query-input\":\"required name=search_term_string\"}],\"inLanguage\":\"pt-PT\"},{\"@type\":\"ImageObject\",\"@id\":\"https:\/\/chemitool.com\/products\/safety\/fall-protection\/fall-protection-kit-with-energy-absorber\/#primaryimage\",\"inLanguage\":\"pt-PT\",\"url\":\"https:\/\/chemitool.com\/wp-content\/uploads\/2023\/02\/CHS09010104-.png\",\"contentUrl\":\"https:\/\/chemitool.com\/wp-content\/uploads\/2023\/02\/CHS09010104-.png\",\"width\":800,\"height\":800},{\"@type\":\"WebPage\",\"@id\":\"https:\/\/chemitool.com\/products\/safety\/fall-protection\/fall-protection-kit-with-energy-absorber\/#webpage\",\"url\":\"https:\/\/chemitool.com\/products\/safety\/fall-protection\/fall-protection-kit-with-energy-absorber\/\",\"name\":\"KIT DE PROTE\\u00c7\\u00c3O ANTIQUEDAS COM ABSORVEDOR DE ENERGIA &ndash; Chemitool\",\"isPartOf\":{\"@id\":\"https:\/\/chemitool.com\/#website\"},\"primaryImageOfPage\":{\"@id\":\"https:\/\/chemitool.com\/products\/safety\/fall-protection\/fall-protection-kit-with-energy-absorber\/#primaryimage\"},\"datePublished\":\"2023-02-27T10:46:06+00:00\",\"dateModified\":\"2023-03-17T16:12:43+00:00\",\"description\":\"SAP: CHS09010104 Kit de Prote\\u00e7\\u00e3o Antiquedas com Absorvedor de Energia CHEMITOOL \\u00e9 indicado para trabalhos em altura, este kit \\u00e9 composto por um arn\\u00eas anti quedas 10 BASIC PLUS com um ponto de ancoragem anti queda dorsal (A) em fivela D de a\\u00e7o de 8 mm, outro frontal (B) constitu\\u00eddo por duas presilhas e fivelas de ajuste de perna. E um absorvedor de energia modelo 31-A 30\/30 - um componente essencial para formar um sistema anti queda seguro capaz de suportar as mais exigentes situa\\u00e7\\u00f5es de trabalho, concebido para ser ligado, atrav\\u00e9s de um conector apropriado, a um arn\\u00eas anti queda, sem a necessidade da utiliza\\u00e7\\u00e3o de cord\\u00f5es. A vida \\u00fatil te\\u00f3rica do equipamento \\u00e9 de 10 anos a partir da data de fabrica\\u00e7\\u00e3o e 5 anos a partir do primeiro uso.\",\"breadcrumb\":{\"@id\":\"https:\/\/chemitool.com\/products\/safety\/fall-protection\/fall-protection-kit-with-energy-absorber\/#breadcrumb\"},\"inLanguage\":\"pt-PT\",\"potentialAction\":[{\"@type\":\"ReadAction\",\"target\":[\"https:\/\/chemitool.com\/products\/safety\/fall-protection\/fall-protection-kit-with-energy-absorber\/\"]}]},{\"@type\":\"BreadcrumbList\",\"@id\":\"https:\/\/chemitool.com\/products\/safety\/fall-protection\/fall-protection-kit-with-energy-absorber\/#breadcrumb\",\"itemListElement\":[{\"@type\":\"ListItem\",\"position\":1,\"name\":\"Home\",\"item\":\"https:\/\/chemitool.com\/pt-pt\/\"},{\"@type\":\"ListItem\",\"position\":2,\"name\":\"Produtos\",\"item\":\"https:\/\/chemitool.com\/pt-pt\/produtos\/\"},{\"@type\":\"ListItem\",\"position\":3,\"name\":\"Safety\",\"item\":\"https:\/\/chemitool.com\/pt-pt\/categoria-produto\/safety\/\"},{\"@type\":\"ListItem\",\"position\":4,\"name\":\"Prote\\u00e7\\u00e3o Antiqueda\",\"item\":\"https:\/\/chemitool.com\/pt-pt\/categoria-produto\/safety\/protecao-anti-queda\/\"},{\"@type\":\"ListItem\",\"position\":5,\"name\":\"KIT DE PROTE\\u00c7\\u00c3O ANTIQUEDAS COM ABSORVEDOR DE ENERGIA\"}]}]}<\/script>\n<!-- \/ Yoast SEO plugin. -->","yoast_head_json":{"title":"KIT DE PROTE\u00c7\u00c3O ANTIQUEDAS COM ABSORVEDOR DE ENERGIA &ndash; Chemitool","description":"SAP: CHS09010104  Kit de Prote\u00e7\u00e3o Antiquedas com Absorvedor de Energia CHEMITOOL \u00e9 indicado para trabalhos em altura, este kit \u00e9 composto por um arn\u00eas anti quedas 10 BASIC PLUS com um ponto de ancoragem anti queda dorsal (A) em fivela D de a\u00e7o de 8 mm, outro frontal (B) constitu\u00eddo por duas presilhas e fivelas de ajuste de perna. E um absorvedor de energia modelo 31-A 30\/30 - um componente essencial para formar um sistema anti queda seguro capaz de suportar as mais exigentes situa\u00e7\u00f5es de trabalho, concebido para ser ligado, atrav\u00e9s de um conector apropriado, a um arn\u00eas anti queda, sem a necessidade da utiliza\u00e7\u00e3o de cord\u00f5es. A vida \u00fatil te\u00f3rica do equipamento \u00e9 de 10 anos a partir da data de fabrica\u00e7\u00e3o e 5 anos a partir do primeiro uso.","robots":{"index":"index","follow":"follow","max-snippet":"max-snippet:-1","max-image-preview":"max-image-preview:large","max-video-preview":"max-video-preview:-1"},"canonical":"https:\/\/chemitool.com\/pt-pt\/products\/safety\/fall-protection\/fall-protection-kit-with-energy-absorber\/","og_locale":"pt_PT","og_type":"article","og_title":"KIT DE PROTE\u00c7\u00c3O ANTIQUEDAS COM ABSORVEDOR DE ENERGIA &ndash; Chemitool","og_description":"SAP: CHS09010104  Kit de Prote\u00e7\u00e3o Antiquedas com Absorvedor de Energia CHEMITOOL \u00e9 indicado para trabalhos em altura, este kit \u00e9 composto por um arn\u00eas anti quedas 10 BASIC PLUS com um ponto de ancoragem anti queda dorsal (A) em fivela D de a\u00e7o de 8 mm, outro frontal (B) constitu\u00eddo por duas presilhas e fivelas de ajuste de perna. E um absorvedor de energia modelo 31-A 30\/30 - um componente essencial para formar um sistema anti queda seguro capaz de suportar as mais exigentes situa\u00e7\u00f5es de trabalho, concebido para ser ligado, atrav\u00e9s de um conector apropriado, a um arn\u00eas anti queda, sem a necessidade da utiliza\u00e7\u00e3o de cord\u00f5es. A vida \u00fatil te\u00f3rica do equipamento \u00e9 de 10 anos a partir da data de fabrica\u00e7\u00e3o e 5 anos a partir do primeiro uso.","og_url":"https:\/\/chemitool.com\/products\/safety\/fall-protection\/fall-protection-kit-with-energy-absorber\/","og_site_name":"Chemitool","article_publisher":"https:\/\/www.facebook.com\/chemitool","article_modified_time":"2023-03-17T16:12:43+00:00","og_image":[{"width":800,"height":800,"url":"https:\/\/chemitool.com\/wp-content\/uploads\/2023\/02\/CHS09010104-.png","type":"image\/png"}],"twitter_card":"summary_large_image","twitter_misc":{"Tempo estimado de leitura":"1 minuto"},"schema":{"@context":"https:\/\/schema.org","@graph":[{"@type":"Organization","@id":"https:\/\/chemitool.com\/#organization","name":"Chemitool","url":"https:\/\/chemitool.com\/","sameAs":["https:\/\/www.facebook.com\/chemitool","https:\/\/www.instagram.com\/chemitool\/"],"logo":{"@type":"ImageObject","@id":"https:\/\/chemitool.com\/#logo","inLanguage":"pt-PT","url":"https:\/\/chemitool.com\/wp-content\/uploads\/2020\/10\/logo_chemitool.png","contentUrl":"https:\/\/chemitool.com\/wp-content\/uploads\/2020\/10\/logo_chemitool.png","width":400,"height":400,"caption":"Chemitool"},"image":{"@id":"https:\/\/chemitool.com\/#logo"}},{"@type":"WebSite","@id":"https:\/\/chemitool.com\/#website","url":"https:\/\/chemitool.com\/","name":"Chemitool","description":"Chemitool - hardware and tools","publisher":{"@id":"https:\/\/chemitool.com\/#organization"},"potentialAction":[{"@type":"SearchAction","target":{"@type":"EntryPoint","urlTemplate":"https:\/\/chemitool.com\/?s={search_term_string}"},"query-input":"required name=search_term_string"}],"inLanguage":"pt-PT"},{"@type":"ImageObject","@id":"https:\/\/chemitool.com\/products\/safety\/fall-protection\/fall-protection-kit-with-energy-absorber\/#primaryimage","inLanguage":"pt-PT","url":"https:\/\/chemitool.com\/wp-content\/uploads\/2023\/02\/CHS09010104-.png","contentUrl":"https:\/\/chemitool.com\/wp-content\/uploads\/2023\/02\/CHS09010104-.png","width":800,"height":800},{"@type":"WebPage","@id":"https:\/\/chemitool.com\/products\/safety\/fall-protection\/fall-protection-kit-with-energy-absorber\/#webpage","url":"https:\/\/chemitool.com\/products\/safety\/fall-protection\/fall-protection-kit-with-energy-absorber\/","name":"KIT DE PROTE\u00c7\u00c3O ANTIQUEDAS COM ABSORVEDOR DE ENERGIA &ndash; Chemitool","isPartOf":{"@id":"https:\/\/chemitool.com\/#website"},"primaryImageOfPage":{"@id":"https:\/\/chemitool.com\/products\/safety\/fall-protection\/fall-protection-kit-with-energy-absorber\/#primaryimage"},"datePublished":"2023-02-27T10:46:06+00:00","dateModified":"2023-03-17T16:12:43+00:00","description":"SAP: CHS09010104 Kit de Prote\u00e7\u00e3o Antiquedas com Absorvedor de Energia CHEMITOOL \u00e9 indicado para trabalhos em altura, este kit \u00e9 composto por um arn\u00eas anti quedas 10 BASIC PLUS com um ponto de ancoragem anti queda dorsal (A) em fivela D de a\u00e7o de 8 mm, outro frontal (B) constitu\u00eddo por duas presilhas e fivelas de ajuste de perna. E um absorvedor de energia modelo 31-A 30\/30 - um componente essencial para formar um sistema anti queda seguro capaz de suportar as mais exigentes situa\u00e7\u00f5es de trabalho, concebido para ser ligado, atrav\u00e9s de um conector apropriado, a um arn\u00eas anti queda, sem a necessidade da utiliza\u00e7\u00e3o de cord\u00f5es. A vida \u00fatil te\u00f3rica do equipamento \u00e9 de 10 anos a partir da data de fabrica\u00e7\u00e3o e 5 anos a partir do primeiro uso.","breadcrumb":{"@id":"https:\/\/chemitool.com\/products\/safety\/fall-protection\/fall-protection-kit-with-energy-absorber\/#breadcrumb"},"inLanguage":"pt-PT","potentialAction":[{"@type":"ReadAction","target":["https:\/\/chemitool.com\/products\/safety\/fall-protection\/fall-protection-kit-with-energy-absorber\/"]}]},{"@type":"BreadcrumbList","@id":"https:\/\/chemitool.com\/products\/safety\/fall-protection\/fall-protection-kit-with-energy-absorber\/#breadcrumb","itemListElement":[{"@type":"ListItem","position":1,"name":"Home","item":"https:\/\/chemitool.com\/pt-pt\/"},{"@type":"ListItem","position":2,"name":"Produtos","item":"https:\/\/chemitool.com\/pt-pt\/produtos\/"},{"@type":"ListItem","position":3,"name":"Safety","item":"https:\/\/chemitool.com\/pt-pt\/categoria-produto\/safety\/"},{"@type":"ListItem","position":4,"name":"Prote\u00e7\u00e3o Antiqueda","item":"https:\/\/chemitool.com\/pt-pt\/categoria-produto\/safety\/protecao-anti-queda\/"},{"@type":"ListItem","position":5,"name":"KIT DE PROTE\u00c7\u00c3O ANTIQUEDAS COM ABSORVEDOR DE ENERGIA"}]}]}},"_links":{"self":[{"href":"https:\/\/chemitool.com\/pt-pt\/wp-json\/wp\/v2\/product\/31203"}],"collection":[{"href":"https:\/\/chemitool.com\/pt-pt\/wp-json\/wp\/v2\/product"}],"about":[{"href":"https:\/\/chemitool.com\/pt-pt\/wp-json\/wp\/v2\/types\/product"}],"wp:featuredmedia":[{"embeddable":true,"href":"https:\/\/chemitool.com\/pt-pt\/wp-json\/wp\/v2\/media\/31297"}],"wp:attachment":[{"href":"https:\/\/chemitool.com\/pt-pt\/wp-json\/wp\/v2\/media?parent=31203"}],"wp:term":[{"taxonomy":"product_cat","embeddable":true,"href":"https:\/\/chemitool.com\/pt-pt\/wp-json\/wp\/v2\/product_cat?post=31203"},{"taxonomy":"product_tag","embeddable":true,"href":"https:\/\/chemitool.com\/pt-pt\/wp-json\/wp\/v2\/product_tag?post=31203"}],"curies":[{"name":"wp","href":"https:\/\/api.w.org\/{rel}","templated":true}]}}