{"id":30747,"date":"2023-02-07T11:38:12","date_gmt":"2023-02-07T11:38:16","guid":{"rendered":"https:\/\/chemitool.com\/?post_type=product&#038;p=30747"},"modified":"2023-07-13T13:46:01","modified_gmt":"2023-07-13T13:46:01","slug":"fita-de-serra-hercules-50-plus","status":"publish","type":"product","link":"https:\/\/chemitool.com\/pt-pt\/products\/cutting\/ferramentas-de-serrar\/fita-de-serra-metal-duro\/fita-de-serra-hercules-50-plus\/","title":{"rendered":"FITA DE SERRA HERCULES 50 PLUS"},"content":{"rendered":"<p><strong>VANTAGENS<\/strong><\/p>\n<ul>\n<li>Dentes em Metal Duro<\/li>\n<li>Elevada performance de corte<\/li>\n<li>Altura de 27 a 54mm<\/li>\n<li>Espessura de 0,9 a 1,6mm<\/li>\n<li>Soldadura uniforme<\/li>\n<li>Resist\u00eancia \u00e0 quebra<\/li>\n<li>Longa vida \u00fatil da ferramenta<\/li>\n<\/ul>\n<p>A fita de serra bimet\u00e1lica CHEMITOOL \u00e9 desenvolvida com a mais avan\u00e7ada tecnologia para aumentar a resist\u00eancia e minimizar as quebras.<\/p>\n<p>A geometria dos dentes de metal duro, fabricado com dentes em metal duro de alta qualidade proporciona uma grande resist\u00eancia ao aquecimento e desgaste.<\/p>\n<p>Geometria do dente especial para chapas e tubos, com ataque neutro de 0\u00ba. Permitindo assim uma maior longevidade e melhor acabamento superficial no corte de materiais dif\u00edceis de cortar, ajudando a minimizar o ru\u00eddo e a vibra\u00e7\u00e3o desde o primeiro corte na aplica\u00e7\u00e3o correta.<\/p>\n<p>Dente Neutro (0\u00ba), indicado para sec\u00e7\u00f5es maci\u00e7os e ocos.<\/p>\n<p>Extremamente vers\u00e1til, corta uma ampla variedade de materiais, desde a\u00e7os de baixo carbono e ligas de alta resist\u00eancia. O desenho avan\u00e7ado da fita, faz com que seja poss\u00edvel o corte em diversas aplica\u00e7\u00f5es, tais como: tubo quadrado, chapas, tubos de parede grossa, barras s\u00f3lidas e s\u00f3lidos redondos.<\/p>\n<p>A utiliza\u00e7\u00e3o de lubrifica\u00e7\u00e3o no processo de corte, aumentar\u00e1 a vida \u00fatil e reduz o aquecimento da fita, n\u00e3o devendo nunca ser descorada.<\/p>\n<p><img class=\"alignnone wp-image-26619\" src=\"https:\/\/chemitool.com\/wp-content\/uploads\/2022\/07\/Prancheta-8_SITE-300x300.png\" alt=\"\" width=\"69\" height=\"69\" srcset=\"https:\/\/chemitool.com\/wp-content\/uploads\/2022\/07\/Prancheta-8_SITE-300x300.png 300w, https:\/\/chemitool.com\/wp-content\/uploads\/2022\/07\/Prancheta-8_SITE-150x150.png 150w, https:\/\/chemitool.com\/wp-content\/uploads\/2022\/07\/Prancheta-8_SITE-768x768.png 768w, https:\/\/chemitool.com\/wp-content\/uploads\/2022\/07\/Prancheta-8_SITE-650x650.png 650w, https:\/\/chemitool.com\/wp-content\/uploads\/2022\/07\/Prancheta-8_SITE-600x600.png 600w, https:\/\/chemitool.com\/wp-content\/uploads\/2022\/07\/Prancheta-8_SITE-100x100.png 100w, https:\/\/chemitool.com\/wp-content\/uploads\/2022\/07\/Prancheta-8_SITE.png 908w\" sizes=\"(max-width: 69px) 100vw, 69px\" \/><img class=\"alignnone wp-image-26610\" src=\"https:\/\/chemitool.com\/wp-content\/uploads\/2022\/07\/Artboard-3-300x300.png\" alt=\"\" width=\"70\" height=\"70\" srcset=\"https:\/\/chemitool.com\/wp-content\/uploads\/2022\/07\/Artboard-3-300x300.png 300w, https:\/\/chemitool.com\/wp-content\/uploads\/2022\/07\/Artboard-3-150x150.png 150w, https:\/\/chemitool.com\/wp-content\/uploads\/2022\/07\/Artboard-3-768x768.png 768w, https:\/\/chemitool.com\/wp-content\/uploads\/2022\/07\/Artboard-3-650x650.png 650w, https:\/\/chemitool.com\/wp-content\/uploads\/2022\/07\/Artboard-3-600x600.png 600w, https:\/\/chemitool.com\/wp-content\/uploads\/2022\/07\/Artboard-3-100x100.png 100w, https:\/\/chemitool.com\/wp-content\/uploads\/2022\/07\/Artboard-3.png 908w\" sizes=\"(max-width: 70px) 100vw, 70px\" \/><img class=\"alignnone wp-image-26607\" src=\"https:\/\/chemitool.com\/wp-content\/uploads\/2022\/07\/Artboard-4_SITE-300x300.png\" alt=\"\" width=\"67\" height=\"67\" srcset=\"https:\/\/chemitool.com\/wp-content\/uploads\/2022\/07\/Artboard-4_SITE-300x300.png 300w, https:\/\/chemitool.com\/wp-content\/uploads\/2022\/07\/Artboard-4_SITE-150x150.png 150w, https:\/\/chemitool.com\/wp-content\/uploads\/2022\/07\/Artboard-4_SITE-768x768.png 768w, https:\/\/chemitool.com\/wp-content\/uploads\/2022\/07\/Artboard-4_SITE-650x650.png 650w, https:\/\/chemitool.com\/wp-content\/uploads\/2022\/07\/Artboard-4_SITE-600x600.png 600w, https:\/\/chemitool.com\/wp-content\/uploads\/2022\/07\/Artboard-4_SITE-100x100.png 100w, https:\/\/chemitool.com\/wp-content\/uploads\/2022\/07\/Artboard-4_SITE.png 908w\" sizes=\"(max-width: 67px) 100vw, 67px\" \/><img class=\"alignnone wp-image-26604\" src=\"https:\/\/chemitool.com\/wp-content\/uploads\/2022\/07\/Artboard-4-300x300.png\" alt=\"\" width=\"69\" height=\"69\" srcset=\"https:\/\/chemitool.com\/wp-content\/uploads\/2022\/07\/Artboard-4-300x300.png 300w, https:\/\/chemitool.com\/wp-content\/uploads\/2022\/07\/Artboard-4-150x150.png 150w, https:\/\/chemitool.com\/wp-content\/uploads\/2022\/07\/Artboard-4-768x768.png 768w, https:\/\/chemitool.com\/wp-content\/uploads\/2022\/07\/Artboard-4-650x650.png 650w, https:\/\/chemitool.com\/wp-content\/uploads\/2022\/07\/Artboard-4-600x600.png 600w, https:\/\/chemitool.com\/wp-content\/uploads\/2022\/07\/Artboard-4-100x100.png 100w, https:\/\/chemitool.com\/wp-content\/uploads\/2022\/07\/Artboard-4.png 908w\" sizes=\"(max-width: 69px) 100vw, 69px\" \/><img class=\"alignnone wp-image-26616\" src=\"https:\/\/chemitool.com\/wp-content\/uploads\/2022\/07\/Prancheta-10_SITE-300x300.png\" alt=\"\" width=\"69\" height=\"69\" srcset=\"https:\/\/chemitool.com\/wp-content\/uploads\/2022\/07\/Prancheta-10_SITE-300x300.png 300w, https:\/\/chemitool.com\/wp-content\/uploads\/2022\/07\/Prancheta-10_SITE-150x150.png 150w, https:\/\/chemitool.com\/wp-content\/uploads\/2022\/07\/Prancheta-10_SITE-768x768.png 768w, https:\/\/chemitool.com\/wp-content\/uploads\/2022\/07\/Prancheta-10_SITE-650x650.png 650w, https:\/\/chemitool.com\/wp-content\/uploads\/2022\/07\/Prancheta-10_SITE-600x600.png 600w, https:\/\/chemitool.com\/wp-content\/uploads\/2022\/07\/Prancheta-10_SITE-100x100.png 100w, https:\/\/chemitool.com\/wp-content\/uploads\/2022\/07\/Prancheta-10_SITE.png 908w\" sizes=\"(max-width: 69px) 100vw, 69px\" \/><img class=\"alignnone wp-image-26613\" src=\"https:\/\/chemitool.com\/wp-content\/uploads\/2022\/07\/Prancheta-9_SITE-300x300.png\" alt=\"\" width=\"69\" height=\"69\" srcset=\"https:\/\/chemitool.com\/wp-content\/uploads\/2022\/07\/Prancheta-9_SITE-300x300.png 300w, https:\/\/chemitool.com\/wp-content\/uploads\/2022\/07\/Prancheta-9_SITE-150x150.png 150w, https:\/\/chemitool.com\/wp-content\/uploads\/2022\/07\/Prancheta-9_SITE-768x768.png 768w, https:\/\/chemitool.com\/wp-content\/uploads\/2022\/07\/Prancheta-9_SITE-650x650.png 650w, https:\/\/chemitool.com\/wp-content\/uploads\/2022\/07\/Prancheta-9_SITE-600x600.png 600w, https:\/\/chemitool.com\/wp-content\/uploads\/2022\/07\/Prancheta-9_SITE-100x100.png 100w, https:\/\/chemitool.com\/wp-content\/uploads\/2022\/07\/Prancheta-9_SITE.png 908w\" sizes=\"(max-width: 69px) 100vw, 69px\" \/><\/p>\n","protected":false},"excerpt":{"rendered":"<p><em>Fitas de serra CHEMITOOL<\/em> produzidas em a\u00e7o liga bimet\u00e1lico, com dentes em pastilhas de metal duro, para trabalhos de dureza extrema.<\/p>\n","protected":false},"featured_media":33597,"template":"","meta":[],"product_cat":[1422,4290,4739],"product_tag":[4293],"yoast_head":"<!-- This site is optimized with the Yoast SEO plugin v17.4 - https:\/\/yoast.com\/wordpress\/plugins\/seo\/ -->\n<title>FITA DE SERRA HERCULES 50 PLUS &ndash; Chemitool<\/title>\n<meta name=\"description\" content=\"Fitas de serra CHEMITOOL produzidas em a\u00e7o liga bimet\u00e1lico, com dentes em pastilhas de metal duro, para trabalhos de dureza extrema.\" \/>\n<meta name=\"robots\" content=\"index, follow, max-snippet:-1, max-image-preview:large, max-video-preview:-1\" \/>\n<link rel=\"canonical\" href=\"https:\/\/chemitool.com\/pt-pt\/products\/cutting\/ferramentas-de-serrar\/fita-de-serra-metal-duro\/fita-de-serra-hercules-50-plus\/\" \/>\n<meta property=\"og:locale\" content=\"pt_PT\" \/>\n<meta property=\"og:type\" content=\"article\" \/>\n<meta property=\"og:title\" content=\"FITA DE SERRA HERCULES 50 PLUS &ndash; Chemitool\" \/>\n<meta property=\"og:description\" content=\"Fitas de serra CHEMITOOL produzidas em a\u00e7o liga bimet\u00e1lico, com dentes em pastilhas de metal duro, para trabalhos de dureza extrema.\" \/>\n<meta property=\"og:url\" content=\"https:\/\/chemitool.com\/pt-pt\/products\/cutting\/ferramentas-de-serrar\/fita-de-serra-metal-duro\/fita-de-serra-hercules-50-plus\/\" \/>\n<meta property=\"og:site_name\" content=\"Chemitool\" \/>\n<meta property=\"article:publisher\" content=\"https:\/\/www.facebook.com\/chemitool\" \/>\n<meta property=\"article:modified_time\" content=\"2023-07-13T13:46:01+00:00\" \/>\n<meta property=\"og:image\" content=\"https:\/\/chemitool.com\/wp-content\/uploads\/2023\/02\/CHA148.png\" \/>\n\t<meta property=\"og:image:width\" content=\"800\" \/>\n\t<meta property=\"og:image:height\" content=\"800\" \/>\n<meta name=\"twitter:card\" content=\"summary_large_image\" \/>\n<meta name=\"twitter:label1\" content=\"Tempo estimado de leitura\" \/>\n\t<meta name=\"twitter:data1\" content=\"1 minuto\" \/>\n<script type=\"application\/ld+json\" class=\"yoast-schema-graph\">{\"@context\":\"https:\/\/schema.org\",\"@graph\":[{\"@type\":\"Organization\",\"@id\":\"https:\/\/chemitool.com\/#organization\",\"name\":\"Chemitool\",\"url\":\"https:\/\/chemitool.com\/\",\"sameAs\":[\"https:\/\/www.facebook.com\/chemitool\",\"https:\/\/www.instagram.com\/chemitool\/\"],\"logo\":{\"@type\":\"ImageObject\",\"@id\":\"https:\/\/chemitool.com\/#logo\",\"inLanguage\":\"pt-PT\",\"url\":\"https:\/\/chemitool.com\/wp-content\/uploads\/2020\/10\/logo_chemitool.png\",\"contentUrl\":\"https:\/\/chemitool.com\/wp-content\/uploads\/2020\/10\/logo_chemitool.png\",\"width\":400,\"height\":400,\"caption\":\"Chemitool\"},\"image\":{\"@id\":\"https:\/\/chemitool.com\/#logo\"}},{\"@type\":\"WebSite\",\"@id\":\"https:\/\/chemitool.com\/#website\",\"url\":\"https:\/\/chemitool.com\/\",\"name\":\"Chemitool\",\"description\":\"Chemitool - hardware and tools\",\"publisher\":{\"@id\":\"https:\/\/chemitool.com\/#organization\"},\"potentialAction\":[{\"@type\":\"SearchAction\",\"target\":{\"@type\":\"EntryPoint\",\"urlTemplate\":\"https:\/\/chemitool.com\/?s={search_term_string}\"},\"query-input\":\"required name=search_term_string\"}],\"inLanguage\":\"pt-PT\"},{\"@type\":\"ImageObject\",\"@id\":\"https:\/\/chemitool.com\/pt-pt\/products\/cutting\/ferramentas-de-serrar\/fita-de-serra-metal-duro\/fita-de-serra-hercules-50-plus\/#primaryimage\",\"inLanguage\":\"pt-PT\",\"url\":\"https:\/\/chemitool.com\/wp-content\/uploads\/2023\/02\/CHA148.png\",\"contentUrl\":\"https:\/\/chemitool.com\/wp-content\/uploads\/2023\/02\/CHA148.png\",\"width\":800,\"height\":800},{\"@type\":\"WebPage\",\"@id\":\"https:\/\/chemitool.com\/pt-pt\/products\/cutting\/ferramentas-de-serrar\/fita-de-serra-metal-duro\/fita-de-serra-hercules-50-plus\/#webpage\",\"url\":\"https:\/\/chemitool.com\/pt-pt\/products\/cutting\/ferramentas-de-serrar\/fita-de-serra-metal-duro\/fita-de-serra-hercules-50-plus\/\",\"name\":\"FITA DE SERRA HERCULES 50 PLUS &ndash; Chemitool\",\"isPartOf\":{\"@id\":\"https:\/\/chemitool.com\/#website\"},\"primaryImageOfPage\":{\"@id\":\"https:\/\/chemitool.com\/pt-pt\/products\/cutting\/ferramentas-de-serrar\/fita-de-serra-metal-duro\/fita-de-serra-hercules-50-plus\/#primaryimage\"},\"datePublished\":\"2023-02-07T11:38:16+00:00\",\"dateModified\":\"2023-07-13T13:46:01+00:00\",\"description\":\"Fitas de serra CHEMITOOL produzidas em a\\u00e7o liga bimet\\u00e1lico, com dentes em pastilhas de metal duro, para trabalhos de dureza extrema.\",\"breadcrumb\":{\"@id\":\"https:\/\/chemitool.com\/pt-pt\/products\/cutting\/ferramentas-de-serrar\/fita-de-serra-metal-duro\/fita-de-serra-hercules-50-plus\/#breadcrumb\"},\"inLanguage\":\"pt-PT\",\"potentialAction\":[{\"@type\":\"ReadAction\",\"target\":[\"https:\/\/chemitool.com\/pt-pt\/products\/cutting\/ferramentas-de-serrar\/fita-de-serra-metal-duro\/fita-de-serra-hercules-50-plus\/\"]}]},{\"@type\":\"BreadcrumbList\",\"@id\":\"https:\/\/chemitool.com\/pt-pt\/products\/cutting\/ferramentas-de-serrar\/fita-de-serra-metal-duro\/fita-de-serra-hercules-50-plus\/#breadcrumb\",\"itemListElement\":[{\"@type\":\"ListItem\",\"position\":1,\"name\":\"Home\",\"item\":\"https:\/\/chemitool.com\/pt-pt\/\"},{\"@type\":\"ListItem\",\"position\":2,\"name\":\"Produtos\",\"item\":\"https:\/\/chemitool.com\/pt-pt\/produtos\/\"},{\"@type\":\"ListItem\",\"position\":3,\"name\":\"Cutting\",\"item\":\"https:\/\/chemitool.com\/pt-pt\/categoria-produto\/cutting\/\"},{\"@type\":\"ListItem\",\"position\":4,\"name\":\"FERRAMENTAS DE SERRAR\",\"item\":\"https:\/\/chemitool.com\/pt-pt\/categoria-produto\/cutting\/ferramentas-de-serrar\/\"},{\"@type\":\"ListItem\",\"position\":5,\"name\":\"FITA DE SERRA METAL DURO\",\"item\":\"https:\/\/chemitool.com\/pt-pt\/categoria-produto\/cutting\/ferramentas-de-serrar\/fita-de-serra-metal-duro\/\"},{\"@type\":\"ListItem\",\"position\":6,\"name\":\"FITA DE SERRA HERCULES 50 PLUS\"}]}]}<\/script>\n<!-- \/ Yoast SEO plugin. -->","yoast_head_json":{"title":"FITA DE SERRA HERCULES 50 PLUS &ndash; Chemitool","description":"Fitas de serra CHEMITOOL produzidas em a\u00e7o liga bimet\u00e1lico, com dentes em pastilhas de metal duro, para trabalhos de dureza extrema.","robots":{"index":"index","follow":"follow","max-snippet":"max-snippet:-1","max-image-preview":"max-image-preview:large","max-video-preview":"max-video-preview:-1"},"canonical":"https:\/\/chemitool.com\/pt-pt\/products\/cutting\/ferramentas-de-serrar\/fita-de-serra-metal-duro\/fita-de-serra-hercules-50-plus\/","og_locale":"pt_PT","og_type":"article","og_title":"FITA DE SERRA HERCULES 50 PLUS &ndash; Chemitool","og_description":"Fitas de serra CHEMITOOL produzidas em a\u00e7o liga bimet\u00e1lico, com dentes em pastilhas de metal duro, para trabalhos de dureza extrema.","og_url":"https:\/\/chemitool.com\/pt-pt\/products\/cutting\/ferramentas-de-serrar\/fita-de-serra-metal-duro\/fita-de-serra-hercules-50-plus\/","og_site_name":"Chemitool","article_publisher":"https:\/\/www.facebook.com\/chemitool","article_modified_time":"2023-07-13T13:46:01+00:00","og_image":[{"width":800,"height":800,"url":"https:\/\/chemitool.com\/wp-content\/uploads\/2023\/02\/CHA148.png","type":"image\/png"}],"twitter_card":"summary_large_image","twitter_misc":{"Tempo estimado de leitura":"1 minuto"},"schema":{"@context":"https:\/\/schema.org","@graph":[{"@type":"Organization","@id":"https:\/\/chemitool.com\/#organization","name":"Chemitool","url":"https:\/\/chemitool.com\/","sameAs":["https:\/\/www.facebook.com\/chemitool","https:\/\/www.instagram.com\/chemitool\/"],"logo":{"@type":"ImageObject","@id":"https:\/\/chemitool.com\/#logo","inLanguage":"pt-PT","url":"https:\/\/chemitool.com\/wp-content\/uploads\/2020\/10\/logo_chemitool.png","contentUrl":"https:\/\/chemitool.com\/wp-content\/uploads\/2020\/10\/logo_chemitool.png","width":400,"height":400,"caption":"Chemitool"},"image":{"@id":"https:\/\/chemitool.com\/#logo"}},{"@type":"WebSite","@id":"https:\/\/chemitool.com\/#website","url":"https:\/\/chemitool.com\/","name":"Chemitool","description":"Chemitool - hardware and tools","publisher":{"@id":"https:\/\/chemitool.com\/#organization"},"potentialAction":[{"@type":"SearchAction","target":{"@type":"EntryPoint","urlTemplate":"https:\/\/chemitool.com\/?s={search_term_string}"},"query-input":"required name=search_term_string"}],"inLanguage":"pt-PT"},{"@type":"ImageObject","@id":"https:\/\/chemitool.com\/pt-pt\/products\/cutting\/ferramentas-de-serrar\/fita-de-serra-metal-duro\/fita-de-serra-hercules-50-plus\/#primaryimage","inLanguage":"pt-PT","url":"https:\/\/chemitool.com\/wp-content\/uploads\/2023\/02\/CHA148.png","contentUrl":"https:\/\/chemitool.com\/wp-content\/uploads\/2023\/02\/CHA148.png","width":800,"height":800},{"@type":"WebPage","@id":"https:\/\/chemitool.com\/pt-pt\/products\/cutting\/ferramentas-de-serrar\/fita-de-serra-metal-duro\/fita-de-serra-hercules-50-plus\/#webpage","url":"https:\/\/chemitool.com\/pt-pt\/products\/cutting\/ferramentas-de-serrar\/fita-de-serra-metal-duro\/fita-de-serra-hercules-50-plus\/","name":"FITA DE SERRA HERCULES 50 PLUS &ndash; Chemitool","isPartOf":{"@id":"https:\/\/chemitool.com\/#website"},"primaryImageOfPage":{"@id":"https:\/\/chemitool.com\/pt-pt\/products\/cutting\/ferramentas-de-serrar\/fita-de-serra-metal-duro\/fita-de-serra-hercules-50-plus\/#primaryimage"},"datePublished":"2023-02-07T11:38:16+00:00","dateModified":"2023-07-13T13:46:01+00:00","description":"Fitas de serra CHEMITOOL produzidas em a\u00e7o liga bimet\u00e1lico, com dentes em pastilhas de metal duro, para trabalhos de dureza extrema.","breadcrumb":{"@id":"https:\/\/chemitool.com\/pt-pt\/products\/cutting\/ferramentas-de-serrar\/fita-de-serra-metal-duro\/fita-de-serra-hercules-50-plus\/#breadcrumb"},"inLanguage":"pt-PT","potentialAction":[{"@type":"ReadAction","target":["https:\/\/chemitool.com\/pt-pt\/products\/cutting\/ferramentas-de-serrar\/fita-de-serra-metal-duro\/fita-de-serra-hercules-50-plus\/"]}]},{"@type":"BreadcrumbList","@id":"https:\/\/chemitool.com\/pt-pt\/products\/cutting\/ferramentas-de-serrar\/fita-de-serra-metal-duro\/fita-de-serra-hercules-50-plus\/#breadcrumb","itemListElement":[{"@type":"ListItem","position":1,"name":"Home","item":"https:\/\/chemitool.com\/pt-pt\/"},{"@type":"ListItem","position":2,"name":"Produtos","item":"https:\/\/chemitool.com\/pt-pt\/produtos\/"},{"@type":"ListItem","position":3,"name":"Cutting","item":"https:\/\/chemitool.com\/pt-pt\/categoria-produto\/cutting\/"},{"@type":"ListItem","position":4,"name":"FERRAMENTAS DE SERRAR","item":"https:\/\/chemitool.com\/pt-pt\/categoria-produto\/cutting\/ferramentas-de-serrar\/"},{"@type":"ListItem","position":5,"name":"FITA DE SERRA METAL DURO","item":"https:\/\/chemitool.com\/pt-pt\/categoria-produto\/cutting\/ferramentas-de-serrar\/fita-de-serra-metal-duro\/"},{"@type":"ListItem","position":6,"name":"FITA DE SERRA HERCULES 50 PLUS"}]}]}},"_links":{"self":[{"href":"https:\/\/chemitool.com\/pt-pt\/wp-json\/wp\/v2\/product\/30747"}],"collection":[{"href":"https:\/\/chemitool.com\/pt-pt\/wp-json\/wp\/v2\/product"}],"about":[{"href":"https:\/\/chemitool.com\/pt-pt\/wp-json\/wp\/v2\/types\/product"}],"wp:featuredmedia":[{"embeddable":true,"href":"https:\/\/chemitool.com\/pt-pt\/wp-json\/wp\/v2\/media\/33597"}],"wp:attachment":[{"href":"https:\/\/chemitool.com\/pt-pt\/wp-json\/wp\/v2\/media?parent=30747"}],"wp:term":[{"taxonomy":"product_cat","embeddable":true,"href":"https:\/\/chemitool.com\/pt-pt\/wp-json\/wp\/v2\/product_cat?post=30747"},{"taxonomy":"product_tag","embeddable":true,"href":"https:\/\/chemitool.com\/pt-pt\/wp-json\/wp\/v2\/product_tag?post=30747"}],"curies":[{"name":"wp","href":"https:\/\/api.w.org\/{rel}","templated":true}]}}