{"id":30290,"date":"2023-01-30T17:49:48","date_gmt":"2023-01-30T17:49:53","guid":{"rendered":"https:\/\/chemitool.com\/?post_type=product&#038;p=30290"},"modified":"2023-02-06T10:01:51","modified_gmt":"2023-02-06T10:01:51","slug":"enrolador-com-termico-pro-2-5-mm%c2%b2","status":"publish","type":"product","link":"https:\/\/chemitool.com\/pt-pt\/products\/electric-pt-pt\/enroladores\/enrolador-com-termico-pro-2-5-mm%c2%b2\/","title":{"rendered":"Enrolador com T\u00e9rmico Pro 2.5 mm\u00b2"},"content":{"rendered":"<p><strong>VANTAGENS<\/strong><\/p>\n<ul>\n<li>Bobine robusta e de alta qualidade.<\/li>\n<li>Corpo de pl\u00e1stico, com base de a\u00e7o tubular.<\/li>\n<li>Cabo H05RN-F 3G2,5 mm\u00b2.<\/li>\n<li>Ficha de liga\u00e7\u00e3o \u00e0 terra de 230 V, para tomadas alem\u00e3s Schuko ou tomadas francesas.<\/li>\n<li>Elevada seguran\u00e7a.<\/li>\n<li>Protec\u00e7\u00e3o contra sobrecarga.<\/li>\n<li>Para utiliza\u00e7\u00e3o permanente no exterior.<\/li>\n<li>Classifica\u00e7\u00e3o de protec\u00e7\u00e3o IP44.<\/li>\n<li>Equipada com 4 tomadas com liga\u00e7\u00e3o terra de 230 V, protegidas com obturador e contra salpicos de \u00e1gua.<\/li>\n<li>F\u00e1cil de transportar.<\/li>\n<li>Asa ergon\u00f3mica.<\/li>\n<\/ul>\n<p><strong>\u00c1reas de aplica\u00e7\u00e3o<\/strong><br \/>\nPara utiliza\u00e7\u00e3o permanente no interior\/exterior, em locais de constru\u00e7\u00e3o e no setor industrial.<\/p>\n","protected":false},"excerpt":{"rendered":"<p><em>Enrolador com T\u00e9rmico Pro CHEMITOOL <\/em>\u00e9 uma bobine de cabo robusto e de alta qualidade, para tomadas tipo Schuko. Produto com excelentes caracter\u00edsticas de seguran\u00e7a. Fabricado para utiliza\u00e7\u00e3o permanente no interior\/exterior.<\/p>\n","protected":false},"featured_media":30275,"template":"","meta":[],"product_cat":[4712,4715],"product_tag":[],"yoast_head":"<!-- This site is optimized with the Yoast SEO plugin v17.4 - https:\/\/yoast.com\/wordpress\/plugins\/seo\/ -->\n<title>Enrolador com T\u00e9rmico Pro 2.5 mm\u00b2 &ndash; Chemitool<\/title>\n<meta name=\"description\" content=\"Enrolador com T\u00e9rmico Pro CHEMITOOL \u00e9 uma bobine de cabo robusto e de alta qualidade, para tomadas tipo Schuko. Produto com excelentes caracter\u00edsticas de seguran\u00e7a. Fabricado para utiliza\u00e7\u00e3o permanente no interior\/exterior.\" \/>\n<meta name=\"robots\" content=\"index, follow, max-snippet:-1, max-image-preview:large, max-video-preview:-1\" \/>\n<link rel=\"canonical\" href=\"https:\/\/chemitool.com\/pt-pt\/products\/electric\/cable-reels\/2-5-mm\u00b2-cable-reel-with-thermic-cut-pro\/\" \/>\n<meta property=\"og:locale\" content=\"pt_PT\" \/>\n<meta property=\"og:type\" content=\"article\" \/>\n<meta property=\"og:title\" content=\"Enrolador com T\u00e9rmico Pro 2.5 mm\u00b2 &ndash; Chemitool\" \/>\n<meta property=\"og:description\" content=\"Enrolador com T\u00e9rmico Pro CHEMITOOL \u00e9 uma bobine de cabo robusto e de alta qualidade, para tomadas tipo Schuko. Produto com excelentes caracter\u00edsticas de seguran\u00e7a. Fabricado para utiliza\u00e7\u00e3o permanente no interior\/exterior.\" \/>\n<meta property=\"og:url\" content=\"https:\/\/chemitool.com\/products\/electric\/cable-reels\/2-5-mm\u00b2-cable-reel-with-thermic-cut-pro\/\" \/>\n<meta property=\"og:site_name\" content=\"Chemitool\" \/>\n<meta property=\"article:publisher\" content=\"https:\/\/www.facebook.com\/chemitool\" \/>\n<meta property=\"article:modified_time\" content=\"2023-02-06T10:01:51+00:00\" \/>\n<meta property=\"og:image\" content=\"https:\/\/chemitool.com\/wp-content\/uploads\/2023\/01\/CHT01010101.png\" \/>\n\t<meta property=\"og:image:width\" content=\"800\" \/>\n\t<meta property=\"og:image:height\" content=\"800\" \/>\n<meta name=\"twitter:card\" content=\"summary_large_image\" \/>\n<meta name=\"twitter:label1\" content=\"Tempo estimado de leitura\" \/>\n\t<meta name=\"twitter:data1\" content=\"2 minutos\" \/>\n<script type=\"application\/ld+json\" class=\"yoast-schema-graph\">{\"@context\":\"https:\/\/schema.org\",\"@graph\":[{\"@type\":\"Organization\",\"@id\":\"https:\/\/chemitool.com\/#organization\",\"name\":\"Chemitool\",\"url\":\"https:\/\/chemitool.com\/\",\"sameAs\":[\"https:\/\/www.facebook.com\/chemitool\",\"https:\/\/www.instagram.com\/chemitool\/\"],\"logo\":{\"@type\":\"ImageObject\",\"@id\":\"https:\/\/chemitool.com\/#logo\",\"inLanguage\":\"pt-PT\",\"url\":\"https:\/\/chemitool.com\/wp-content\/uploads\/2020\/10\/logo_chemitool.png\",\"contentUrl\":\"https:\/\/chemitool.com\/wp-content\/uploads\/2020\/10\/logo_chemitool.png\",\"width\":400,\"height\":400,\"caption\":\"Chemitool\"},\"image\":{\"@id\":\"https:\/\/chemitool.com\/#logo\"}},{\"@type\":\"WebSite\",\"@id\":\"https:\/\/chemitool.com\/#website\",\"url\":\"https:\/\/chemitool.com\/\",\"name\":\"Chemitool\",\"description\":\"Chemitool - hardware and tools\",\"publisher\":{\"@id\":\"https:\/\/chemitool.com\/#organization\"},\"potentialAction\":[{\"@type\":\"SearchAction\",\"target\":{\"@type\":\"EntryPoint\",\"urlTemplate\":\"https:\/\/chemitool.com\/?s={search_term_string}\"},\"query-input\":\"required name=search_term_string\"}],\"inLanguage\":\"pt-PT\"},{\"@type\":\"ImageObject\",\"@id\":\"https:\/\/chemitool.com\/products\/electric\/cable-reels\/2-5-mm%c2%b2-cable-reel-with-thermic-cut-pro\/#primaryimage\",\"inLanguage\":\"pt-PT\",\"url\":\"https:\/\/chemitool.com\/wp-content\/uploads\/2023\/01\/CHT01010101.png\",\"contentUrl\":\"https:\/\/chemitool.com\/wp-content\/uploads\/2023\/01\/CHT01010101.png\",\"width\":800,\"height\":800},{\"@type\":\"WebPage\",\"@id\":\"https:\/\/chemitool.com\/products\/electric\/cable-reels\/2-5-mm%c2%b2-cable-reel-with-thermic-cut-pro\/#webpage\",\"url\":\"https:\/\/chemitool.com\/products\/electric\/cable-reels\/2-5-mm%c2%b2-cable-reel-with-thermic-cut-pro\/\",\"name\":\"Enrolador com T\\u00e9rmico Pro 2.5 mm\\u00b2 &ndash; Chemitool\",\"isPartOf\":{\"@id\":\"https:\/\/chemitool.com\/#website\"},\"primaryImageOfPage\":{\"@id\":\"https:\/\/chemitool.com\/products\/electric\/cable-reels\/2-5-mm%c2%b2-cable-reel-with-thermic-cut-pro\/#primaryimage\"},\"datePublished\":\"2023-01-30T17:49:53+00:00\",\"dateModified\":\"2023-02-06T10:01:51+00:00\",\"description\":\"Enrolador com T\\u00e9rmico Pro CHEMITOOL \\u00e9 uma bobine de cabo robusto e de alta qualidade, para tomadas tipo Schuko. Produto com excelentes caracter\\u00edsticas de seguran\\u00e7a. Fabricado para utiliza\\u00e7\\u00e3o permanente no interior\/exterior.\",\"breadcrumb\":{\"@id\":\"https:\/\/chemitool.com\/products\/electric\/cable-reels\/2-5-mm%c2%b2-cable-reel-with-thermic-cut-pro\/#breadcrumb\"},\"inLanguage\":\"pt-PT\",\"potentialAction\":[{\"@type\":\"ReadAction\",\"target\":[\"https:\/\/chemitool.com\/products\/electric\/cable-reels\/2-5-mm%c2%b2-cable-reel-with-thermic-cut-pro\/\"]}]},{\"@type\":\"BreadcrumbList\",\"@id\":\"https:\/\/chemitool.com\/products\/electric\/cable-reels\/2-5-mm%c2%b2-cable-reel-with-thermic-cut-pro\/#breadcrumb\",\"itemListElement\":[{\"@type\":\"ListItem\",\"position\":1,\"name\":\"Home\",\"item\":\"https:\/\/chemitool.com\/pt-pt\/\"},{\"@type\":\"ListItem\",\"position\":2,\"name\":\"Produtos\",\"item\":\"https:\/\/chemitool.com\/pt-pt\/produtos\/\"},{\"@type\":\"ListItem\",\"position\":3,\"name\":\"Welding\",\"item\":\"https:\/\/chemitool.com\/pt-pt\/categoria-produto\/welding\/\"},{\"@type\":\"ListItem\",\"position\":4,\"name\":\"Enrolador com T\\u00e9rmico Pro 2.5 mm\\u00b2\"}]}]}<\/script>\n<!-- \/ Yoast SEO plugin. -->","yoast_head_json":{"title":"Enrolador com T\u00e9rmico Pro 2.5 mm\u00b2 &ndash; Chemitool","description":"Enrolador com T\u00e9rmico Pro CHEMITOOL \u00e9 uma bobine de cabo robusto e de alta qualidade, para tomadas tipo Schuko. Produto com excelentes caracter\u00edsticas de seguran\u00e7a. Fabricado para utiliza\u00e7\u00e3o permanente no interior\/exterior.","robots":{"index":"index","follow":"follow","max-snippet":"max-snippet:-1","max-image-preview":"max-image-preview:large","max-video-preview":"max-video-preview:-1"},"canonical":"https:\/\/chemitool.com\/pt-pt\/products\/electric\/cable-reels\/2-5-mm\u00b2-cable-reel-with-thermic-cut-pro\/","og_locale":"pt_PT","og_type":"article","og_title":"Enrolador com T\u00e9rmico Pro 2.5 mm\u00b2 &ndash; Chemitool","og_description":"Enrolador com T\u00e9rmico Pro CHEMITOOL \u00e9 uma bobine de cabo robusto e de alta qualidade, para tomadas tipo Schuko. Produto com excelentes caracter\u00edsticas de seguran\u00e7a. Fabricado para utiliza\u00e7\u00e3o permanente no interior\/exterior.","og_url":"https:\/\/chemitool.com\/products\/electric\/cable-reels\/2-5-mm\u00b2-cable-reel-with-thermic-cut-pro\/","og_site_name":"Chemitool","article_publisher":"https:\/\/www.facebook.com\/chemitool","article_modified_time":"2023-02-06T10:01:51+00:00","og_image":[{"width":800,"height":800,"url":"https:\/\/chemitool.com\/wp-content\/uploads\/2023\/01\/CHT01010101.png","type":"image\/png"}],"twitter_card":"summary_large_image","twitter_misc":{"Tempo estimado de leitura":"2 minutos"},"schema":{"@context":"https:\/\/schema.org","@graph":[{"@type":"Organization","@id":"https:\/\/chemitool.com\/#organization","name":"Chemitool","url":"https:\/\/chemitool.com\/","sameAs":["https:\/\/www.facebook.com\/chemitool","https:\/\/www.instagram.com\/chemitool\/"],"logo":{"@type":"ImageObject","@id":"https:\/\/chemitool.com\/#logo","inLanguage":"pt-PT","url":"https:\/\/chemitool.com\/wp-content\/uploads\/2020\/10\/logo_chemitool.png","contentUrl":"https:\/\/chemitool.com\/wp-content\/uploads\/2020\/10\/logo_chemitool.png","width":400,"height":400,"caption":"Chemitool"},"image":{"@id":"https:\/\/chemitool.com\/#logo"}},{"@type":"WebSite","@id":"https:\/\/chemitool.com\/#website","url":"https:\/\/chemitool.com\/","name":"Chemitool","description":"Chemitool - hardware and tools","publisher":{"@id":"https:\/\/chemitool.com\/#organization"},"potentialAction":[{"@type":"SearchAction","target":{"@type":"EntryPoint","urlTemplate":"https:\/\/chemitool.com\/?s={search_term_string}"},"query-input":"required name=search_term_string"}],"inLanguage":"pt-PT"},{"@type":"ImageObject","@id":"https:\/\/chemitool.com\/products\/electric\/cable-reels\/2-5-mm%c2%b2-cable-reel-with-thermic-cut-pro\/#primaryimage","inLanguage":"pt-PT","url":"https:\/\/chemitool.com\/wp-content\/uploads\/2023\/01\/CHT01010101.png","contentUrl":"https:\/\/chemitool.com\/wp-content\/uploads\/2023\/01\/CHT01010101.png","width":800,"height":800},{"@type":"WebPage","@id":"https:\/\/chemitool.com\/products\/electric\/cable-reels\/2-5-mm%c2%b2-cable-reel-with-thermic-cut-pro\/#webpage","url":"https:\/\/chemitool.com\/products\/electric\/cable-reels\/2-5-mm%c2%b2-cable-reel-with-thermic-cut-pro\/","name":"Enrolador com T\u00e9rmico Pro 2.5 mm\u00b2 &ndash; Chemitool","isPartOf":{"@id":"https:\/\/chemitool.com\/#website"},"primaryImageOfPage":{"@id":"https:\/\/chemitool.com\/products\/electric\/cable-reels\/2-5-mm%c2%b2-cable-reel-with-thermic-cut-pro\/#primaryimage"},"datePublished":"2023-01-30T17:49:53+00:00","dateModified":"2023-02-06T10:01:51+00:00","description":"Enrolador com T\u00e9rmico Pro CHEMITOOL \u00e9 uma bobine de cabo robusto e de alta qualidade, para tomadas tipo Schuko. Produto com excelentes caracter\u00edsticas de seguran\u00e7a. Fabricado para utiliza\u00e7\u00e3o permanente no interior\/exterior.","breadcrumb":{"@id":"https:\/\/chemitool.com\/products\/electric\/cable-reels\/2-5-mm%c2%b2-cable-reel-with-thermic-cut-pro\/#breadcrumb"},"inLanguage":"pt-PT","potentialAction":[{"@type":"ReadAction","target":["https:\/\/chemitool.com\/products\/electric\/cable-reels\/2-5-mm%c2%b2-cable-reel-with-thermic-cut-pro\/"]}]},{"@type":"BreadcrumbList","@id":"https:\/\/chemitool.com\/products\/electric\/cable-reels\/2-5-mm%c2%b2-cable-reel-with-thermic-cut-pro\/#breadcrumb","itemListElement":[{"@type":"ListItem","position":1,"name":"Home","item":"https:\/\/chemitool.com\/pt-pt\/"},{"@type":"ListItem","position":2,"name":"Produtos","item":"https:\/\/chemitool.com\/pt-pt\/produtos\/"},{"@type":"ListItem","position":3,"name":"Welding","item":"https:\/\/chemitool.com\/pt-pt\/categoria-produto\/welding\/"},{"@type":"ListItem","position":4,"name":"Enrolador com T\u00e9rmico Pro 2.5 mm\u00b2"}]}]}},"_links":{"self":[{"href":"https:\/\/chemitool.com\/pt-pt\/wp-json\/wp\/v2\/product\/30290"}],"collection":[{"href":"https:\/\/chemitool.com\/pt-pt\/wp-json\/wp\/v2\/product"}],"about":[{"href":"https:\/\/chemitool.com\/pt-pt\/wp-json\/wp\/v2\/types\/product"}],"wp:featuredmedia":[{"embeddable":true,"href":"https:\/\/chemitool.com\/pt-pt\/wp-json\/wp\/v2\/media\/30275"}],"wp:attachment":[{"href":"https:\/\/chemitool.com\/pt-pt\/wp-json\/wp\/v2\/media?parent=30290"}],"wp:term":[{"taxonomy":"product_cat","embeddable":true,"href":"https:\/\/chemitool.com\/pt-pt\/wp-json\/wp\/v2\/product_cat?post=30290"},{"taxonomy":"product_tag","embeddable":true,"href":"https:\/\/chemitool.com\/pt-pt\/wp-json\/wp\/v2\/product_tag?post=30290"}],"curies":[{"name":"wp","href":"https:\/\/api.w.org\/{rel}","templated":true}]}}