{"id":29791,"date":"2023-01-25T14:13:37","date_gmt":"2023-01-25T14:13:41","guid":{"rendered":"https:\/\/chemitool.com\/?post_type=product&#038;p=29791"},"modified":"2023-01-26T14:56:35","modified_gmt":"2023-01-26T14:56:35","slug":"silicone-neutro-ultimate-mf-chemisil","status":"publish","type":"product","link":"https:\/\/chemitool.com\/pt-pt\/products\/chemicals\/silicones-pt\/silicone-neutro-ultimate-mf-chemisil\/","title":{"rendered":"SILICONE NEUTRO ULTIMATE MF CHEMISIL"},"content":{"rendered":"<p><strong>VANTAGENS<\/strong><\/p>\n<ul>\n<li>Elasticidade permanente e excelente ader\u00eancia a todos os materiais de constru\u00e7\u00e3o.<\/li>\n<li>Excelentes propriedades mec\u00e2nicas.<\/li>\n<li>Acomoda\u00e7\u00e3o do movimento at\u00e9 25%.<\/li>\n<li>Resistente aos efeitos atmosf\u00e9ricos, raios U.V. e ao envelhecimento.<\/li>\n<li>Resistente a v\u00e1rios produtos qu\u00edmicos.<\/li>\n<li>N\u00e3o causa corros\u00e3o.<\/li>\n<li>N\u00e3o escorre em juntas verticais.<\/li>\n<li>Evita a forma\u00e7\u00e3o de bolor no silicone devido \u00e0 mistura especial.<\/li>\n<li>Cumpre com a norma ISO 11 600.<\/li>\n<\/ul>\n<p><strong>APLICA\u00c7\u00d5ES<\/strong><\/p>\n<p>O produto \u00e9 recomendado para a veda\u00e7\u00e3o de juntas em ambientes onde pode haver forma\u00e7\u00e3o de mofo (casas de banho e cozinhas), pois impede a forma\u00e7\u00e3o de bolores.<\/p>\n<p>Devido \u00e0 sua excelente ader\u00eancia, o produto \u00e9 adequado para veda\u00e7\u00e3o e colagem de diversos materiais de constru\u00e7\u00e3o (concreto, tijolo, madeira, a\u00e7o, alum\u00ednio, diversos tipos de pl\u00e1stico, concreto espumado, cer\u00e2mica, gesso cartonado, vidro, metal, porcelana, isopor e esmalte).<\/p>\n<p>Tamb\u00e9m pode ser usado para envidra\u00e7amento, instala\u00e7\u00e3o de vidro em esquadrias de madeira, alum\u00ednio e PVC, para montagem de clarab\u00f3ias, veda\u00e7\u00e3o de juntas de dilata\u00e7\u00e3o em fachadas e pavimentos, para juntas finais entre caixilharias, soleiras e paredes, caixilhos de persianas, entre outros.<\/p>\n<p>O produto tamb\u00e9m \u00e9 adequado para veda\u00e7\u00e3o el\u00e1stica e colagem na ind\u00fastria de gera\u00e7\u00e3o de energia, m\u00e1quinas, ve\u00edculos e na constru\u00e7\u00e3o naval.<\/p>\n","protected":false},"excerpt":{"rendered":"<p><em>Silicone Neutro Ultimate MFCHEMISIL <\/em>\u00e9 um selante monocomponente de base neutra, que cura em contacto com a humidade atmosf\u00e9rica e n\u00e3o tem MEKO (produto prejudicial ao meio ambiente e \u00e0 sa\u00fade). Selante com efeito elasticidade permanente e excelente ader\u00eancia na maioria dos materiais de constru\u00e7\u00e3o.<\/p>\n","protected":false},"featured_media":29794,"template":"","meta":[],"product_cat":[109,1219],"product_tag":[111],"yoast_head":"<!-- This site is optimized with the Yoast SEO plugin v17.4 - https:\/\/yoast.com\/wordpress\/plugins\/seo\/ -->\n<title>SILICONE NEUTRO ULTIMATE MF CHEMISIL &ndash; Chemitool<\/title>\n<meta name=\"description\" content=\"Silicone Neutro Ultimate MFCHEMISIL \u00e9 um selante monocomponente de base neutra, que cura em contacto com a humidade atmosf\u00e9rica e n\u00e3o tem MEKO (produto prejudicial ao meio ambiente e \u00e0 sa\u00fade). Selante com efeito elasticidade permanente e excelente ader\u00eancia na maioria dos materiais de constru\u00e7\u00e3o.\" \/>\n<meta name=\"robots\" content=\"index, follow, max-snippet:-1, max-image-preview:large, max-video-preview:-1\" \/>\n<link rel=\"canonical\" href=\"https:\/\/chemitool.com\/pt-pt\/products\/chemicals\/silicones-pt\/silicone-neutro-ultimate-mf-chemisil\/\" \/>\n<meta property=\"og:locale\" content=\"pt_PT\" \/>\n<meta property=\"og:type\" content=\"article\" \/>\n<meta property=\"og:title\" content=\"SILICONE NEUTRO ULTIMATE MF CHEMISIL &ndash; Chemitool\" \/>\n<meta property=\"og:description\" content=\"Silicone Neutro Ultimate MFCHEMISIL \u00e9 um selante monocomponente de base neutra, que cura em contacto com a humidade atmosf\u00e9rica e n\u00e3o tem MEKO (produto prejudicial ao meio ambiente e \u00e0 sa\u00fade). Selante com efeito elasticidade permanente e excelente ader\u00eancia na maioria dos materiais de constru\u00e7\u00e3o.\" \/>\n<meta property=\"og:url\" content=\"https:\/\/chemitool.com\/pt-pt\/products\/chemicals\/silicones-pt\/silicone-neutro-ultimate-mf-chemisil\/\" \/>\n<meta property=\"og:site_name\" content=\"Chemitool\" \/>\n<meta property=\"article:publisher\" content=\"https:\/\/www.facebook.com\/chemitool\" \/>\n<meta property=\"article:modified_time\" content=\"2023-01-26T14:56:35+00:00\" \/>\n<meta property=\"og:image\" content=\"https:\/\/chemitool.com\/wp-content\/uploads\/2023\/01\/NEUTRAL-ULTIMATE-MF.png\" \/>\n\t<meta property=\"og:image:width\" content=\"800\" \/>\n\t<meta property=\"og:image:height\" content=\"800\" \/>\n<meta name=\"twitter:card\" content=\"summary_large_image\" \/>\n<meta name=\"twitter:label1\" content=\"Tempo estimado de leitura\" \/>\n\t<meta name=\"twitter:data1\" content=\"1 minuto\" \/>\n<script type=\"application\/ld+json\" class=\"yoast-schema-graph\">{\"@context\":\"https:\/\/schema.org\",\"@graph\":[{\"@type\":\"Organization\",\"@id\":\"https:\/\/chemitool.com\/#organization\",\"name\":\"Chemitool\",\"url\":\"https:\/\/chemitool.com\/\",\"sameAs\":[\"https:\/\/www.facebook.com\/chemitool\",\"https:\/\/www.instagram.com\/chemitool\/\"],\"logo\":{\"@type\":\"ImageObject\",\"@id\":\"https:\/\/chemitool.com\/#logo\",\"inLanguage\":\"pt-PT\",\"url\":\"https:\/\/chemitool.com\/wp-content\/uploads\/2020\/10\/logo_chemitool.png\",\"contentUrl\":\"https:\/\/chemitool.com\/wp-content\/uploads\/2020\/10\/logo_chemitool.png\",\"width\":400,\"height\":400,\"caption\":\"Chemitool\"},\"image\":{\"@id\":\"https:\/\/chemitool.com\/#logo\"}},{\"@type\":\"WebSite\",\"@id\":\"https:\/\/chemitool.com\/#website\",\"url\":\"https:\/\/chemitool.com\/\",\"name\":\"Chemitool\",\"description\":\"Chemitool - hardware and tools\",\"publisher\":{\"@id\":\"https:\/\/chemitool.com\/#organization\"},\"potentialAction\":[{\"@type\":\"SearchAction\",\"target\":{\"@type\":\"EntryPoint\",\"urlTemplate\":\"https:\/\/chemitool.com\/?s={search_term_string}\"},\"query-input\":\"required name=search_term_string\"}],\"inLanguage\":\"pt-PT\"},{\"@type\":\"ImageObject\",\"@id\":\"https:\/\/chemitool.com\/pt-pt\/products\/chemicals\/silicones-pt\/silicone-neutro-ultimate-mf-chemisil\/#primaryimage\",\"inLanguage\":\"pt-PT\",\"url\":\"https:\/\/chemitool.com\/wp-content\/uploads\/2023\/01\/NEUTRAL-ULTIMATE-MF.png\",\"contentUrl\":\"https:\/\/chemitool.com\/wp-content\/uploads\/2023\/01\/NEUTRAL-ULTIMATE-MF.png\",\"width\":800,\"height\":800},{\"@type\":\"WebPage\",\"@id\":\"https:\/\/chemitool.com\/pt-pt\/products\/chemicals\/silicones-pt\/silicone-neutro-ultimate-mf-chemisil\/#webpage\",\"url\":\"https:\/\/chemitool.com\/pt-pt\/products\/chemicals\/silicones-pt\/silicone-neutro-ultimate-mf-chemisil\/\",\"name\":\"SILICONE NEUTRO ULTIMATE MF CHEMISIL &ndash; Chemitool\",\"isPartOf\":{\"@id\":\"https:\/\/chemitool.com\/#website\"},\"primaryImageOfPage\":{\"@id\":\"https:\/\/chemitool.com\/pt-pt\/products\/chemicals\/silicones-pt\/silicone-neutro-ultimate-mf-chemisil\/#primaryimage\"},\"datePublished\":\"2023-01-25T14:13:41+00:00\",\"dateModified\":\"2023-01-26T14:56:35+00:00\",\"description\":\"Silicone Neutro Ultimate MFCHEMISIL \\u00e9 um selante monocomponente de base neutra, que cura em contacto com a humidade atmosf\\u00e9rica e n\\u00e3o tem MEKO (produto prejudicial ao meio ambiente e \\u00e0 sa\\u00fade). Selante com efeito elasticidade permanente e excelente ader\\u00eancia na maioria dos materiais de constru\\u00e7\\u00e3o.\",\"breadcrumb\":{\"@id\":\"https:\/\/chemitool.com\/pt-pt\/products\/chemicals\/silicones-pt\/silicone-neutro-ultimate-mf-chemisil\/#breadcrumb\"},\"inLanguage\":\"pt-PT\",\"potentialAction\":[{\"@type\":\"ReadAction\",\"target\":[\"https:\/\/chemitool.com\/pt-pt\/products\/chemicals\/silicones-pt\/silicone-neutro-ultimate-mf-chemisil\/\"]}]},{\"@type\":\"BreadcrumbList\",\"@id\":\"https:\/\/chemitool.com\/pt-pt\/products\/chemicals\/silicones-pt\/silicone-neutro-ultimate-mf-chemisil\/#breadcrumb\",\"itemListElement\":[{\"@type\":\"ListItem\",\"position\":1,\"name\":\"Home\",\"item\":\"https:\/\/chemitool.com\/pt-pt\/\"},{\"@type\":\"ListItem\",\"position\":2,\"name\":\"Produtos\",\"item\":\"https:\/\/chemitool.com\/pt-pt\/produtos\/\"},{\"@type\":\"ListItem\",\"position\":3,\"name\":\"Chemicals\",\"item\":\"https:\/\/chemitool.com\/product-category\/chemical-products\/\"},{\"@type\":\"ListItem\",\"position\":4,\"name\":\"SILICONE NEUTRO ULTIMATE MF CHEMISIL\"}]}]}<\/script>\n<!-- \/ Yoast SEO plugin. -->","yoast_head_json":{"title":"SILICONE NEUTRO ULTIMATE MF CHEMISIL &ndash; Chemitool","description":"Silicone Neutro Ultimate MFCHEMISIL \u00e9 um selante monocomponente de base neutra, que cura em contacto com a humidade atmosf\u00e9rica e n\u00e3o tem MEKO (produto prejudicial ao meio ambiente e \u00e0 sa\u00fade). Selante com efeito elasticidade permanente e excelente ader\u00eancia na maioria dos materiais de constru\u00e7\u00e3o.","robots":{"index":"index","follow":"follow","max-snippet":"max-snippet:-1","max-image-preview":"max-image-preview:large","max-video-preview":"max-video-preview:-1"},"canonical":"https:\/\/chemitool.com\/pt-pt\/products\/chemicals\/silicones-pt\/silicone-neutro-ultimate-mf-chemisil\/","og_locale":"pt_PT","og_type":"article","og_title":"SILICONE NEUTRO ULTIMATE MF CHEMISIL &ndash; Chemitool","og_description":"Silicone Neutro Ultimate MFCHEMISIL \u00e9 um selante monocomponente de base neutra, que cura em contacto com a humidade atmosf\u00e9rica e n\u00e3o tem MEKO (produto prejudicial ao meio ambiente e \u00e0 sa\u00fade). Selante com efeito elasticidade permanente e excelente ader\u00eancia na maioria dos materiais de constru\u00e7\u00e3o.","og_url":"https:\/\/chemitool.com\/pt-pt\/products\/chemicals\/silicones-pt\/silicone-neutro-ultimate-mf-chemisil\/","og_site_name":"Chemitool","article_publisher":"https:\/\/www.facebook.com\/chemitool","article_modified_time":"2023-01-26T14:56:35+00:00","og_image":[{"width":800,"height":800,"url":"https:\/\/chemitool.com\/wp-content\/uploads\/2023\/01\/NEUTRAL-ULTIMATE-MF.png","type":"image\/png"}],"twitter_card":"summary_large_image","twitter_misc":{"Tempo estimado de leitura":"1 minuto"},"schema":{"@context":"https:\/\/schema.org","@graph":[{"@type":"Organization","@id":"https:\/\/chemitool.com\/#organization","name":"Chemitool","url":"https:\/\/chemitool.com\/","sameAs":["https:\/\/www.facebook.com\/chemitool","https:\/\/www.instagram.com\/chemitool\/"],"logo":{"@type":"ImageObject","@id":"https:\/\/chemitool.com\/#logo","inLanguage":"pt-PT","url":"https:\/\/chemitool.com\/wp-content\/uploads\/2020\/10\/logo_chemitool.png","contentUrl":"https:\/\/chemitool.com\/wp-content\/uploads\/2020\/10\/logo_chemitool.png","width":400,"height":400,"caption":"Chemitool"},"image":{"@id":"https:\/\/chemitool.com\/#logo"}},{"@type":"WebSite","@id":"https:\/\/chemitool.com\/#website","url":"https:\/\/chemitool.com\/","name":"Chemitool","description":"Chemitool - hardware and tools","publisher":{"@id":"https:\/\/chemitool.com\/#organization"},"potentialAction":[{"@type":"SearchAction","target":{"@type":"EntryPoint","urlTemplate":"https:\/\/chemitool.com\/?s={search_term_string}"},"query-input":"required name=search_term_string"}],"inLanguage":"pt-PT"},{"@type":"ImageObject","@id":"https:\/\/chemitool.com\/pt-pt\/products\/chemicals\/silicones-pt\/silicone-neutro-ultimate-mf-chemisil\/#primaryimage","inLanguage":"pt-PT","url":"https:\/\/chemitool.com\/wp-content\/uploads\/2023\/01\/NEUTRAL-ULTIMATE-MF.png","contentUrl":"https:\/\/chemitool.com\/wp-content\/uploads\/2023\/01\/NEUTRAL-ULTIMATE-MF.png","width":800,"height":800},{"@type":"WebPage","@id":"https:\/\/chemitool.com\/pt-pt\/products\/chemicals\/silicones-pt\/silicone-neutro-ultimate-mf-chemisil\/#webpage","url":"https:\/\/chemitool.com\/pt-pt\/products\/chemicals\/silicones-pt\/silicone-neutro-ultimate-mf-chemisil\/","name":"SILICONE NEUTRO ULTIMATE MF CHEMISIL &ndash; Chemitool","isPartOf":{"@id":"https:\/\/chemitool.com\/#website"},"primaryImageOfPage":{"@id":"https:\/\/chemitool.com\/pt-pt\/products\/chemicals\/silicones-pt\/silicone-neutro-ultimate-mf-chemisil\/#primaryimage"},"datePublished":"2023-01-25T14:13:41+00:00","dateModified":"2023-01-26T14:56:35+00:00","description":"Silicone Neutro Ultimate MFCHEMISIL \u00e9 um selante monocomponente de base neutra, que cura em contacto com a humidade atmosf\u00e9rica e n\u00e3o tem MEKO (produto prejudicial ao meio ambiente e \u00e0 sa\u00fade). Selante com efeito elasticidade permanente e excelente ader\u00eancia na maioria dos materiais de constru\u00e7\u00e3o.","breadcrumb":{"@id":"https:\/\/chemitool.com\/pt-pt\/products\/chemicals\/silicones-pt\/silicone-neutro-ultimate-mf-chemisil\/#breadcrumb"},"inLanguage":"pt-PT","potentialAction":[{"@type":"ReadAction","target":["https:\/\/chemitool.com\/pt-pt\/products\/chemicals\/silicones-pt\/silicone-neutro-ultimate-mf-chemisil\/"]}]},{"@type":"BreadcrumbList","@id":"https:\/\/chemitool.com\/pt-pt\/products\/chemicals\/silicones-pt\/silicone-neutro-ultimate-mf-chemisil\/#breadcrumb","itemListElement":[{"@type":"ListItem","position":1,"name":"Home","item":"https:\/\/chemitool.com\/pt-pt\/"},{"@type":"ListItem","position":2,"name":"Produtos","item":"https:\/\/chemitool.com\/pt-pt\/produtos\/"},{"@type":"ListItem","position":3,"name":"Chemicals","item":"https:\/\/chemitool.com\/product-category\/chemical-products\/"},{"@type":"ListItem","position":4,"name":"SILICONE NEUTRO ULTIMATE MF CHEMISIL"}]}]}},"_links":{"self":[{"href":"https:\/\/chemitool.com\/pt-pt\/wp-json\/wp\/v2\/product\/29791"}],"collection":[{"href":"https:\/\/chemitool.com\/pt-pt\/wp-json\/wp\/v2\/product"}],"about":[{"href":"https:\/\/chemitool.com\/pt-pt\/wp-json\/wp\/v2\/types\/product"}],"wp:featuredmedia":[{"embeddable":true,"href":"https:\/\/chemitool.com\/pt-pt\/wp-json\/wp\/v2\/media\/29794"}],"wp:attachment":[{"href":"https:\/\/chemitool.com\/pt-pt\/wp-json\/wp\/v2\/media?parent=29791"}],"wp:term":[{"taxonomy":"product_cat","embeddable":true,"href":"https:\/\/chemitool.com\/pt-pt\/wp-json\/wp\/v2\/product_cat?post=29791"},{"taxonomy":"product_tag","embeddable":true,"href":"https:\/\/chemitool.com\/pt-pt\/wp-json\/wp\/v2\/product_tag?post=29791"}],"curies":[{"name":"wp","href":"https:\/\/api.w.org\/{rel}","templated":true}]}}