{"id":29713,"date":"2023-01-23T15:57:32","date_gmt":"2023-01-23T15:57:36","guid":{"rendered":"https:\/\/chemitool.com\/?post_type=product&#038;p=29713"},"modified":"2023-01-26T12:15:23","modified_gmt":"2023-01-26T12:15:23","slug":"aparelho-de-soldar-mig-mag-200a","status":"publish","type":"product","link":"https:\/\/chemitool.com\/pt-pt\/products\/welding\/mig-pt-pt\/aparelho-de-soldar-mig-mag-200a\/","title":{"rendered":"APARELHO DE SOLDAR MIG\/MAG 200A"},"content":{"rendered":"<p><strong>VANTAGENS<\/strong><\/p>\n<ul>\n<li>Alimenta\u00e7\u00e3o monof\u00e1sica<\/li>\n<li>Corrente cont\u00ednua (DC)<\/li>\n<li>Controlador de tens\u00e3o de 4 etapas<\/li>\n<li>Controlo de velocidade de arame com v\u00e1lvula de g\u00e1s eletr\u00f3nico<\/li>\n<li>Com tocha MIG e alicate de massa incorporados<\/li>\n<li>Acess\u00f3rios inclu\u00eddos: tocha, alicate de massa, escova e martelo<\/li>\n<\/ul>\n<p><img class=\"alignnone size-full wp-image-10690\" src=\"https:\/\/chemitool.com\/wp-content\/uploads\/2021\/03\/icones-soldadura-87.png\" alt=\"\" width=\"103\" height=\"102\" srcset=\"https:\/\/chemitool.com\/wp-content\/uploads\/2021\/03\/icones-soldadura-87.png 103w, https:\/\/chemitool.com\/wp-content\/uploads\/2021\/03\/icones-soldadura-87-100x100.png 100w\" sizes=\"(max-width: 103px) 100vw, 103px\" \/><img class=\"alignnone size-full wp-image-10164\" src=\"https:\/\/chemitool.com\/wp-content\/uploads\/2021\/02\/icones-soldadura-38.png\" alt=\"\" width=\"104\" height=\"102\" \/><img class=\"alignnone size-medium wp-image-10143\" src=\"https:\/\/chemitool.com\/wp-content\/uploads\/2021\/02\/icones-soldadura-27.png\" alt=\"\" width=\"103\" height=\"102\" srcset=\"https:\/\/chemitool.com\/wp-content\/uploads\/2021\/02\/icones-soldadura-27.png 103w, https:\/\/chemitool.com\/wp-content\/uploads\/2021\/02\/icones-soldadura-27-100x100.png 100w\" sizes=\"(max-width: 103px) 100vw, 103px\" \/><img class=\"alignnone size-medium wp-image-10523\" src=\"https:\/\/chemitool.com\/wp-content\/uploads\/2021\/03\/icones-soldadura-17.png\" alt=\"\" width=\"104\" height=\"102\" \/><img class=\"alignnone size-full wp-image-10531\" src=\"https:\/\/chemitool.com\/wp-content\/uploads\/2021\/03\/icones-soldadura-32.png\" alt=\"\" width=\"104\" height=\"102\" \/><\/p>\n","protected":false},"excerpt":{"rendered":"<p><b class=\"sap-label\">SAP:<\/b> <span class=\"codesap-label\">CHW0102020000<\/span><\/p>\n<p><em>Aparelho de Soldar MIG\/MAG 200A CHEMITOOL\u00a0<\/em>para soldar com ou sem g\u00e1s. Tem um controlador de tens\u00e3o de 4 etapas para melhor controlo do calor de soldadura. Permite controlar a velocidade de arame com v\u00e1lvula de g\u00e1s eletr\u00f3nico.<\/p>\n","protected":false},"featured_media":29887,"template":"","meta":[],"product_cat":[1461,2084],"product_tag":[4686],"yoast_head":"<!-- This site is optimized with the Yoast SEO plugin v17.4 - https:\/\/yoast.com\/wordpress\/plugins\/seo\/ -->\n<title>APARELHO DE SOLDAR MIG\/MAG 200A &ndash; Chemitool<\/title>\n<meta name=\"description\" content=\"SAP: CHW0102020000  Aparelho de Soldar MIG\/MAG 200A CHEMITOOL\u00a0para soldar com ou sem g\u00e1s. Tem um controlador de tens\u00e3o de 4 etapas para melhor controlo do calor de soldadura. Permite controlar a velocidade de arame com v\u00e1lvula de g\u00e1s eletr\u00f3nico.\" \/>\n<meta name=\"robots\" content=\"index, follow, max-snippet:-1, max-image-preview:large, max-video-preview:-1\" \/>\n<link rel=\"canonical\" href=\"https:\/\/chemitool.com\/pt-pt\/products\/welding\/mig-pt-pt\/aparelho-de-soldar-mig-mag-200a\/\" \/>\n<meta property=\"og:locale\" content=\"pt_PT\" \/>\n<meta property=\"og:type\" content=\"article\" \/>\n<meta property=\"og:title\" content=\"APARELHO DE SOLDAR MIG\/MAG 200A &ndash; Chemitool\" \/>\n<meta property=\"og:description\" content=\"SAP: CHW0102020000  Aparelho de Soldar MIG\/MAG 200A CHEMITOOL\u00a0para soldar com ou sem g\u00e1s. Tem um controlador de tens\u00e3o de 4 etapas para melhor controlo do calor de soldadura. Permite controlar a velocidade de arame com v\u00e1lvula de g\u00e1s eletr\u00f3nico.\" \/>\n<meta property=\"og:url\" content=\"https:\/\/chemitool.com\/pt-pt\/products\/welding\/mig-pt-pt\/aparelho-de-soldar-mig-mag-200a\/\" \/>\n<meta property=\"og:site_name\" content=\"Chemitool\" \/>\n<meta property=\"article:publisher\" content=\"https:\/\/www.facebook.com\/chemitool\" \/>\n<meta property=\"article:modified_time\" content=\"2023-01-26T12:15:23+00:00\" \/>\n<meta property=\"og:image\" content=\"https:\/\/chemitool.com\/wp-content\/uploads\/2023\/01\/CHW0102020000-1.png\" \/>\n\t<meta property=\"og:image:width\" content=\"800\" \/>\n\t<meta property=\"og:image:height\" content=\"800\" \/>\n<meta name=\"twitter:card\" content=\"summary_large_image\" \/>\n<meta name=\"twitter:label1\" content=\"Tempo estimado de leitura\" \/>\n\t<meta name=\"twitter:data1\" content=\"2 minutos\" \/>\n<script type=\"application\/ld+json\" class=\"yoast-schema-graph\">{\"@context\":\"https:\/\/schema.org\",\"@graph\":[{\"@type\":\"Organization\",\"@id\":\"https:\/\/chemitool.com\/#organization\",\"name\":\"Chemitool\",\"url\":\"https:\/\/chemitool.com\/\",\"sameAs\":[\"https:\/\/www.facebook.com\/chemitool\",\"https:\/\/www.instagram.com\/chemitool\/\"],\"logo\":{\"@type\":\"ImageObject\",\"@id\":\"https:\/\/chemitool.com\/#logo\",\"inLanguage\":\"pt-PT\",\"url\":\"https:\/\/chemitool.com\/wp-content\/uploads\/2020\/10\/logo_chemitool.png\",\"contentUrl\":\"https:\/\/chemitool.com\/wp-content\/uploads\/2020\/10\/logo_chemitool.png\",\"width\":400,\"height\":400,\"caption\":\"Chemitool\"},\"image\":{\"@id\":\"https:\/\/chemitool.com\/#logo\"}},{\"@type\":\"WebSite\",\"@id\":\"https:\/\/chemitool.com\/#website\",\"url\":\"https:\/\/chemitool.com\/\",\"name\":\"Chemitool\",\"description\":\"Chemitool - hardware and tools\",\"publisher\":{\"@id\":\"https:\/\/chemitool.com\/#organization\"},\"potentialAction\":[{\"@type\":\"SearchAction\",\"target\":{\"@type\":\"EntryPoint\",\"urlTemplate\":\"https:\/\/chemitool.com\/?s={search_term_string}\"},\"query-input\":\"required name=search_term_string\"}],\"inLanguage\":\"pt-PT\"},{\"@type\":\"ImageObject\",\"@id\":\"https:\/\/chemitool.com\/pt-pt\/products\/welding\/mig-pt-pt\/aparelho-de-soldar-mig-mag-200a\/#primaryimage\",\"inLanguage\":\"pt-PT\",\"url\":\"https:\/\/chemitool.com\/wp-content\/uploads\/2023\/01\/CHW0102020000-1.png\",\"contentUrl\":\"https:\/\/chemitool.com\/wp-content\/uploads\/2023\/01\/CHW0102020000-1.png\",\"width\":800,\"height\":800},{\"@type\":\"WebPage\",\"@id\":\"https:\/\/chemitool.com\/pt-pt\/products\/welding\/mig-pt-pt\/aparelho-de-soldar-mig-mag-200a\/#webpage\",\"url\":\"https:\/\/chemitool.com\/pt-pt\/products\/welding\/mig-pt-pt\/aparelho-de-soldar-mig-mag-200a\/\",\"name\":\"APARELHO DE SOLDAR MIG\/MAG 200A &ndash; Chemitool\",\"isPartOf\":{\"@id\":\"https:\/\/chemitool.com\/#website\"},\"primaryImageOfPage\":{\"@id\":\"https:\/\/chemitool.com\/pt-pt\/products\/welding\/mig-pt-pt\/aparelho-de-soldar-mig-mag-200a\/#primaryimage\"},\"datePublished\":\"2023-01-23T15:57:36+00:00\",\"dateModified\":\"2023-01-26T12:15:23+00:00\",\"description\":\"SAP: CHW0102020000 Aparelho de Soldar MIG\/MAG 200A CHEMITOOL\\u00a0para soldar com ou sem g\\u00e1s. Tem um controlador de tens\\u00e3o de 4 etapas para melhor controlo do calor de soldadura. Permite controlar a velocidade de arame com v\\u00e1lvula de g\\u00e1s eletr\\u00f3nico.\",\"breadcrumb\":{\"@id\":\"https:\/\/chemitool.com\/pt-pt\/products\/welding\/mig-pt-pt\/aparelho-de-soldar-mig-mag-200a\/#breadcrumb\"},\"inLanguage\":\"pt-PT\",\"potentialAction\":[{\"@type\":\"ReadAction\",\"target\":[\"https:\/\/chemitool.com\/pt-pt\/products\/welding\/mig-pt-pt\/aparelho-de-soldar-mig-mag-200a\/\"]}]},{\"@type\":\"BreadcrumbList\",\"@id\":\"https:\/\/chemitool.com\/pt-pt\/products\/welding\/mig-pt-pt\/aparelho-de-soldar-mig-mag-200a\/#breadcrumb\",\"itemListElement\":[{\"@type\":\"ListItem\",\"position\":1,\"name\":\"Home\",\"item\":\"https:\/\/chemitool.com\/pt-pt\/\"},{\"@type\":\"ListItem\",\"position\":2,\"name\":\"Produtos\",\"item\":\"https:\/\/chemitool.com\/pt-pt\/produtos\/\"},{\"@type\":\"ListItem\",\"position\":3,\"name\":\"Welding\",\"item\":\"https:\/\/chemitool.com\/pt-pt\/categoria-produto\/welding\/\"},{\"@type\":\"ListItem\",\"position\":4,\"name\":\"APARELHO DE SOLDAR MIG\/MAG 200A\"}]}]}<\/script>\n<!-- \/ Yoast SEO plugin. -->","yoast_head_json":{"title":"APARELHO DE SOLDAR MIG\/MAG 200A &ndash; Chemitool","description":"SAP: CHW0102020000  Aparelho de Soldar MIG\/MAG 200A CHEMITOOL\u00a0para soldar com ou sem g\u00e1s. Tem um controlador de tens\u00e3o de 4 etapas para melhor controlo do calor de soldadura. Permite controlar a velocidade de arame com v\u00e1lvula de g\u00e1s eletr\u00f3nico.","robots":{"index":"index","follow":"follow","max-snippet":"max-snippet:-1","max-image-preview":"max-image-preview:large","max-video-preview":"max-video-preview:-1"},"canonical":"https:\/\/chemitool.com\/pt-pt\/products\/welding\/mig-pt-pt\/aparelho-de-soldar-mig-mag-200a\/","og_locale":"pt_PT","og_type":"article","og_title":"APARELHO DE SOLDAR MIG\/MAG 200A &ndash; Chemitool","og_description":"SAP: CHW0102020000  Aparelho de Soldar MIG\/MAG 200A CHEMITOOL\u00a0para soldar com ou sem g\u00e1s. Tem um controlador de tens\u00e3o de 4 etapas para melhor controlo do calor de soldadura. Permite controlar a velocidade de arame com v\u00e1lvula de g\u00e1s eletr\u00f3nico.","og_url":"https:\/\/chemitool.com\/pt-pt\/products\/welding\/mig-pt-pt\/aparelho-de-soldar-mig-mag-200a\/","og_site_name":"Chemitool","article_publisher":"https:\/\/www.facebook.com\/chemitool","article_modified_time":"2023-01-26T12:15:23+00:00","og_image":[{"width":800,"height":800,"url":"https:\/\/chemitool.com\/wp-content\/uploads\/2023\/01\/CHW0102020000-1.png","type":"image\/png"}],"twitter_card":"summary_large_image","twitter_misc":{"Tempo estimado de leitura":"2 minutos"},"schema":{"@context":"https:\/\/schema.org","@graph":[{"@type":"Organization","@id":"https:\/\/chemitool.com\/#organization","name":"Chemitool","url":"https:\/\/chemitool.com\/","sameAs":["https:\/\/www.facebook.com\/chemitool","https:\/\/www.instagram.com\/chemitool\/"],"logo":{"@type":"ImageObject","@id":"https:\/\/chemitool.com\/#logo","inLanguage":"pt-PT","url":"https:\/\/chemitool.com\/wp-content\/uploads\/2020\/10\/logo_chemitool.png","contentUrl":"https:\/\/chemitool.com\/wp-content\/uploads\/2020\/10\/logo_chemitool.png","width":400,"height":400,"caption":"Chemitool"},"image":{"@id":"https:\/\/chemitool.com\/#logo"}},{"@type":"WebSite","@id":"https:\/\/chemitool.com\/#website","url":"https:\/\/chemitool.com\/","name":"Chemitool","description":"Chemitool - hardware and tools","publisher":{"@id":"https:\/\/chemitool.com\/#organization"},"potentialAction":[{"@type":"SearchAction","target":{"@type":"EntryPoint","urlTemplate":"https:\/\/chemitool.com\/?s={search_term_string}"},"query-input":"required name=search_term_string"}],"inLanguage":"pt-PT"},{"@type":"ImageObject","@id":"https:\/\/chemitool.com\/pt-pt\/products\/welding\/mig-pt-pt\/aparelho-de-soldar-mig-mag-200a\/#primaryimage","inLanguage":"pt-PT","url":"https:\/\/chemitool.com\/wp-content\/uploads\/2023\/01\/CHW0102020000-1.png","contentUrl":"https:\/\/chemitool.com\/wp-content\/uploads\/2023\/01\/CHW0102020000-1.png","width":800,"height":800},{"@type":"WebPage","@id":"https:\/\/chemitool.com\/pt-pt\/products\/welding\/mig-pt-pt\/aparelho-de-soldar-mig-mag-200a\/#webpage","url":"https:\/\/chemitool.com\/pt-pt\/products\/welding\/mig-pt-pt\/aparelho-de-soldar-mig-mag-200a\/","name":"APARELHO DE SOLDAR MIG\/MAG 200A &ndash; Chemitool","isPartOf":{"@id":"https:\/\/chemitool.com\/#website"},"primaryImageOfPage":{"@id":"https:\/\/chemitool.com\/pt-pt\/products\/welding\/mig-pt-pt\/aparelho-de-soldar-mig-mag-200a\/#primaryimage"},"datePublished":"2023-01-23T15:57:36+00:00","dateModified":"2023-01-26T12:15:23+00:00","description":"SAP: CHW0102020000 Aparelho de Soldar MIG\/MAG 200A CHEMITOOL\u00a0para soldar com ou sem g\u00e1s. Tem um controlador de tens\u00e3o de 4 etapas para melhor controlo do calor de soldadura. Permite controlar a velocidade de arame com v\u00e1lvula de g\u00e1s eletr\u00f3nico.","breadcrumb":{"@id":"https:\/\/chemitool.com\/pt-pt\/products\/welding\/mig-pt-pt\/aparelho-de-soldar-mig-mag-200a\/#breadcrumb"},"inLanguage":"pt-PT","potentialAction":[{"@type":"ReadAction","target":["https:\/\/chemitool.com\/pt-pt\/products\/welding\/mig-pt-pt\/aparelho-de-soldar-mig-mag-200a\/"]}]},{"@type":"BreadcrumbList","@id":"https:\/\/chemitool.com\/pt-pt\/products\/welding\/mig-pt-pt\/aparelho-de-soldar-mig-mag-200a\/#breadcrumb","itemListElement":[{"@type":"ListItem","position":1,"name":"Home","item":"https:\/\/chemitool.com\/pt-pt\/"},{"@type":"ListItem","position":2,"name":"Produtos","item":"https:\/\/chemitool.com\/pt-pt\/produtos\/"},{"@type":"ListItem","position":3,"name":"Welding","item":"https:\/\/chemitool.com\/pt-pt\/categoria-produto\/welding\/"},{"@type":"ListItem","position":4,"name":"APARELHO DE SOLDAR MIG\/MAG 200A"}]}]}},"_links":{"self":[{"href":"https:\/\/chemitool.com\/pt-pt\/wp-json\/wp\/v2\/product\/29713"}],"collection":[{"href":"https:\/\/chemitool.com\/pt-pt\/wp-json\/wp\/v2\/product"}],"about":[{"href":"https:\/\/chemitool.com\/pt-pt\/wp-json\/wp\/v2\/types\/product"}],"wp:featuredmedia":[{"embeddable":true,"href":"https:\/\/chemitool.com\/pt-pt\/wp-json\/wp\/v2\/media\/29887"}],"wp:attachment":[{"href":"https:\/\/chemitool.com\/pt-pt\/wp-json\/wp\/v2\/media?parent=29713"}],"wp:term":[{"taxonomy":"product_cat","embeddable":true,"href":"https:\/\/chemitool.com\/pt-pt\/wp-json\/wp\/v2\/product_cat?post=29713"},{"taxonomy":"product_tag","embeddable":true,"href":"https:\/\/chemitool.com\/pt-pt\/wp-json\/wp\/v2\/product_tag?post=29713"}],"curies":[{"name":"wp","href":"https:\/\/api.w.org\/{rel}","templated":true}]}}