{"id":29566,"date":"2023-01-16T12:01:37","date_gmt":"2023-01-16T12:01:41","guid":{"rendered":"https:\/\/chemitool.com\/?post_type=product&#038;p=29566"},"modified":"2023-02-20T11:49:30","modified_gmt":"2023-02-20T11:49:30","slug":"rolo-papel-branco","status":"publish","type":"product","link":"https:\/\/chemitool.com\/pt-pt\/products\/automotive-3\/dispensadores-de-rolos-de-papel-pt-pt-automovel\/rolo-papel-branco\/","title":{"rendered":"ROLO PAPEL BRANCO"},"content":{"rendered":"<p>Este produto \u00e9 ideal para remover sujidade de \u00f3leos, gorduras e outros qu\u00edmicos, de modo a deixar as superf\u00edcies e as m\u00e3os limpas.<\/p>\n<p>Certifica\u00e7\u00f5es:<\/p>\n<ul>\n<li>Contacto Alimentar;<\/li>\n<li>Product awarded with EU Ecolabel: PT\/004\/002;<\/li>\n<li>FSC Certified Material &#8211; (NC-COC-0014433);<\/li>\n<\/ul>\n","protected":false},"excerpt":{"rendered":"<p><b class=\"sap-label\">SAP:<\/b> <span class=\"codesap-label\"> CH12000001 <\/span><\/p>\n<p><em>Rolo Papel Branco CHEMITOOL <\/em>garante uma limpeza perfeita em qualquer situa\u00e7\u00e3o. Produzidos em pasta virgem e com duas folhas. Com uma elevada capacidade de absor\u00e7\u00e3o, permite concluir as tarefas de forma r\u00e1pida e eficiente.<\/p>\n","protected":false},"featured_media":29546,"template":"","meta":[],"product_cat":[1430,4199],"product_tag":[3679],"yoast_head":"<!-- This site is optimized with the Yoast SEO plugin v17.4 - https:\/\/yoast.com\/wordpress\/plugins\/seo\/ -->\n<title>ROLO PAPEL BRANCO &ndash; Chemitool<\/title>\n<meta name=\"description\" content=\"SAP: CH12000001   Rolo Papel Branco CHEMITOOL garante uma limpeza perfeita em qualquer situa\u00e7\u00e3o. Produzidos em pasta virgem e com duas folhas. Com uma elevada capacidade de absor\u00e7\u00e3o, permite concluir as tarefas de forma r\u00e1pida e eficiente.\" \/>\n<meta name=\"robots\" content=\"index, follow, max-snippet:-1, max-image-preview:large, max-video-preview:-1\" \/>\n<link rel=\"canonical\" href=\"https:\/\/chemitool.com\/pt-pt\/products\/automotive-3\/dispensadores-de-rolos-de-papel-pt-pt-automovel\/rolo-papel-branco\/\" \/>\n<meta property=\"og:locale\" content=\"pt_PT\" \/>\n<meta property=\"og:type\" content=\"article\" \/>\n<meta property=\"og:title\" content=\"ROLO PAPEL BRANCO &ndash; Chemitool\" \/>\n<meta property=\"og:description\" content=\"SAP: CH12000001   Rolo Papel Branco CHEMITOOL garante uma limpeza perfeita em qualquer situa\u00e7\u00e3o. Produzidos em pasta virgem e com duas folhas. Com uma elevada capacidade de absor\u00e7\u00e3o, permite concluir as tarefas de forma r\u00e1pida e eficiente.\" \/>\n<meta property=\"og:url\" content=\"https:\/\/chemitool.com\/pt-pt\/products\/automotive-3\/dispensadores-de-rolos-de-papel-pt-pt-automovel\/rolo-papel-branco\/\" \/>\n<meta property=\"og:site_name\" content=\"Chemitool\" \/>\n<meta property=\"article:publisher\" content=\"https:\/\/www.facebook.com\/chemitool\" \/>\n<meta property=\"article:modified_time\" content=\"2023-02-20T11:49:30+00:00\" \/>\n<meta property=\"og:image\" content=\"https:\/\/chemitool.com\/wp-content\/uploads\/2023\/01\/CH12000001.png\" \/>\n\t<meta property=\"og:image:width\" content=\"800\" \/>\n\t<meta property=\"og:image:height\" content=\"800\" \/>\n<meta name=\"twitter:card\" content=\"summary_large_image\" \/>\n<script type=\"application\/ld+json\" class=\"yoast-schema-graph\">{\"@context\":\"https:\/\/schema.org\",\"@graph\":[{\"@type\":\"Organization\",\"@id\":\"https:\/\/chemitool.com\/#organization\",\"name\":\"Chemitool\",\"url\":\"https:\/\/chemitool.com\/\",\"sameAs\":[\"https:\/\/www.facebook.com\/chemitool\",\"https:\/\/www.instagram.com\/chemitool\/\"],\"logo\":{\"@type\":\"ImageObject\",\"@id\":\"https:\/\/chemitool.com\/#logo\",\"inLanguage\":\"pt-PT\",\"url\":\"https:\/\/chemitool.com\/wp-content\/uploads\/2020\/10\/logo_chemitool.png\",\"contentUrl\":\"https:\/\/chemitool.com\/wp-content\/uploads\/2020\/10\/logo_chemitool.png\",\"width\":400,\"height\":400,\"caption\":\"Chemitool\"},\"image\":{\"@id\":\"https:\/\/chemitool.com\/#logo\"}},{\"@type\":\"WebSite\",\"@id\":\"https:\/\/chemitool.com\/#website\",\"url\":\"https:\/\/chemitool.com\/\",\"name\":\"Chemitool\",\"description\":\"Chemitool - hardware and tools\",\"publisher\":{\"@id\":\"https:\/\/chemitool.com\/#organization\"},\"potentialAction\":[{\"@type\":\"SearchAction\",\"target\":{\"@type\":\"EntryPoint\",\"urlTemplate\":\"https:\/\/chemitool.com\/?s={search_term_string}\"},\"query-input\":\"required name=search_term_string\"}],\"inLanguage\":\"pt-PT\"},{\"@type\":\"ImageObject\",\"@id\":\"https:\/\/chemitool.com\/pt-pt\/products\/automotive-3\/dispensadores-de-rolos-de-papel-pt-pt-automovel\/rolo-papel-branco\/#primaryimage\",\"inLanguage\":\"pt-PT\",\"url\":\"https:\/\/chemitool.com\/wp-content\/uploads\/2023\/01\/CH12000001.png\",\"contentUrl\":\"https:\/\/chemitool.com\/wp-content\/uploads\/2023\/01\/CH12000001.png\",\"width\":800,\"height\":800},{\"@type\":\"WebPage\",\"@id\":\"https:\/\/chemitool.com\/pt-pt\/products\/automotive-3\/dispensadores-de-rolos-de-papel-pt-pt-automovel\/rolo-papel-branco\/#webpage\",\"url\":\"https:\/\/chemitool.com\/pt-pt\/products\/automotive-3\/dispensadores-de-rolos-de-papel-pt-pt-automovel\/rolo-papel-branco\/\",\"name\":\"ROLO PAPEL BRANCO &ndash; Chemitool\",\"isPartOf\":{\"@id\":\"https:\/\/chemitool.com\/#website\"},\"primaryImageOfPage\":{\"@id\":\"https:\/\/chemitool.com\/pt-pt\/products\/automotive-3\/dispensadores-de-rolos-de-papel-pt-pt-automovel\/rolo-papel-branco\/#primaryimage\"},\"datePublished\":\"2023-01-16T12:01:41+00:00\",\"dateModified\":\"2023-02-20T11:49:30+00:00\",\"description\":\"SAP: CH12000001 Rolo Papel Branco CHEMITOOL garante uma limpeza perfeita em qualquer situa\\u00e7\\u00e3o. Produzidos em pasta virgem e com duas folhas. Com uma elevada capacidade de absor\\u00e7\\u00e3o, permite concluir as tarefas de forma r\\u00e1pida e eficiente.\",\"breadcrumb\":{\"@id\":\"https:\/\/chemitool.com\/pt-pt\/products\/automotive-3\/dispensadores-de-rolos-de-papel-pt-pt-automovel\/rolo-papel-branco\/#breadcrumb\"},\"inLanguage\":\"pt-PT\",\"potentialAction\":[{\"@type\":\"ReadAction\",\"target\":[\"https:\/\/chemitool.com\/pt-pt\/products\/automotive-3\/dispensadores-de-rolos-de-papel-pt-pt-automovel\/rolo-papel-branco\/\"]}]},{\"@type\":\"BreadcrumbList\",\"@id\":\"https:\/\/chemitool.com\/pt-pt\/products\/automotive-3\/dispensadores-de-rolos-de-papel-pt-pt-automovel\/rolo-papel-branco\/#breadcrumb\",\"itemListElement\":[{\"@type\":\"ListItem\",\"position\":1,\"name\":\"Home\",\"item\":\"https:\/\/chemitool.com\/pt-pt\/\"},{\"@type\":\"ListItem\",\"position\":2,\"name\":\"Produtos\",\"item\":\"https:\/\/chemitool.com\/pt-pt\/produtos\/\"},{\"@type\":\"ListItem\",\"position\":3,\"name\":\"Automotive\",\"item\":\"https:\/\/chemitool.com\/pt-pt\/categoria-produto\/automotive-3\/\"},{\"@type\":\"ListItem\",\"position\":4,\"name\":\"Dispensadores e Rolos de Papel\",\"item\":\"https:\/\/chemitool.com\/pt-pt\/categoria-produto\/automotive-3\/dispensadores-de-rolos-de-papel-pt-pt-automovel\/\"},{\"@type\":\"ListItem\",\"position\":5,\"name\":\"ROLO PAPEL BRANCO\"}]}]}<\/script>\n<!-- \/ Yoast SEO plugin. -->","yoast_head_json":{"title":"ROLO PAPEL BRANCO &ndash; Chemitool","description":"SAP: CH12000001   Rolo Papel Branco CHEMITOOL garante uma limpeza perfeita em qualquer situa\u00e7\u00e3o. Produzidos em pasta virgem e com duas folhas. Com uma elevada capacidade de absor\u00e7\u00e3o, permite concluir as tarefas de forma r\u00e1pida e eficiente.","robots":{"index":"index","follow":"follow","max-snippet":"max-snippet:-1","max-image-preview":"max-image-preview:large","max-video-preview":"max-video-preview:-1"},"canonical":"https:\/\/chemitool.com\/pt-pt\/products\/automotive-3\/dispensadores-de-rolos-de-papel-pt-pt-automovel\/rolo-papel-branco\/","og_locale":"pt_PT","og_type":"article","og_title":"ROLO PAPEL BRANCO &ndash; Chemitool","og_description":"SAP: CH12000001   Rolo Papel Branco CHEMITOOL garante uma limpeza perfeita em qualquer situa\u00e7\u00e3o. Produzidos em pasta virgem e com duas folhas. Com uma elevada capacidade de absor\u00e7\u00e3o, permite concluir as tarefas de forma r\u00e1pida e eficiente.","og_url":"https:\/\/chemitool.com\/pt-pt\/products\/automotive-3\/dispensadores-de-rolos-de-papel-pt-pt-automovel\/rolo-papel-branco\/","og_site_name":"Chemitool","article_publisher":"https:\/\/www.facebook.com\/chemitool","article_modified_time":"2023-02-20T11:49:30+00:00","og_image":[{"width":800,"height":800,"url":"https:\/\/chemitool.com\/wp-content\/uploads\/2023\/01\/CH12000001.png","type":"image\/png"}],"twitter_card":"summary_large_image","schema":{"@context":"https:\/\/schema.org","@graph":[{"@type":"Organization","@id":"https:\/\/chemitool.com\/#organization","name":"Chemitool","url":"https:\/\/chemitool.com\/","sameAs":["https:\/\/www.facebook.com\/chemitool","https:\/\/www.instagram.com\/chemitool\/"],"logo":{"@type":"ImageObject","@id":"https:\/\/chemitool.com\/#logo","inLanguage":"pt-PT","url":"https:\/\/chemitool.com\/wp-content\/uploads\/2020\/10\/logo_chemitool.png","contentUrl":"https:\/\/chemitool.com\/wp-content\/uploads\/2020\/10\/logo_chemitool.png","width":400,"height":400,"caption":"Chemitool"},"image":{"@id":"https:\/\/chemitool.com\/#logo"}},{"@type":"WebSite","@id":"https:\/\/chemitool.com\/#website","url":"https:\/\/chemitool.com\/","name":"Chemitool","description":"Chemitool - hardware and tools","publisher":{"@id":"https:\/\/chemitool.com\/#organization"},"potentialAction":[{"@type":"SearchAction","target":{"@type":"EntryPoint","urlTemplate":"https:\/\/chemitool.com\/?s={search_term_string}"},"query-input":"required name=search_term_string"}],"inLanguage":"pt-PT"},{"@type":"ImageObject","@id":"https:\/\/chemitool.com\/pt-pt\/products\/automotive-3\/dispensadores-de-rolos-de-papel-pt-pt-automovel\/rolo-papel-branco\/#primaryimage","inLanguage":"pt-PT","url":"https:\/\/chemitool.com\/wp-content\/uploads\/2023\/01\/CH12000001.png","contentUrl":"https:\/\/chemitool.com\/wp-content\/uploads\/2023\/01\/CH12000001.png","width":800,"height":800},{"@type":"WebPage","@id":"https:\/\/chemitool.com\/pt-pt\/products\/automotive-3\/dispensadores-de-rolos-de-papel-pt-pt-automovel\/rolo-papel-branco\/#webpage","url":"https:\/\/chemitool.com\/pt-pt\/products\/automotive-3\/dispensadores-de-rolos-de-papel-pt-pt-automovel\/rolo-papel-branco\/","name":"ROLO PAPEL BRANCO &ndash; Chemitool","isPartOf":{"@id":"https:\/\/chemitool.com\/#website"},"primaryImageOfPage":{"@id":"https:\/\/chemitool.com\/pt-pt\/products\/automotive-3\/dispensadores-de-rolos-de-papel-pt-pt-automovel\/rolo-papel-branco\/#primaryimage"},"datePublished":"2023-01-16T12:01:41+00:00","dateModified":"2023-02-20T11:49:30+00:00","description":"SAP: CH12000001 Rolo Papel Branco CHEMITOOL garante uma limpeza perfeita em qualquer situa\u00e7\u00e3o. Produzidos em pasta virgem e com duas folhas. Com uma elevada capacidade de absor\u00e7\u00e3o, permite concluir as tarefas de forma r\u00e1pida e eficiente.","breadcrumb":{"@id":"https:\/\/chemitool.com\/pt-pt\/products\/automotive-3\/dispensadores-de-rolos-de-papel-pt-pt-automovel\/rolo-papel-branco\/#breadcrumb"},"inLanguage":"pt-PT","potentialAction":[{"@type":"ReadAction","target":["https:\/\/chemitool.com\/pt-pt\/products\/automotive-3\/dispensadores-de-rolos-de-papel-pt-pt-automovel\/rolo-papel-branco\/"]}]},{"@type":"BreadcrumbList","@id":"https:\/\/chemitool.com\/pt-pt\/products\/automotive-3\/dispensadores-de-rolos-de-papel-pt-pt-automovel\/rolo-papel-branco\/#breadcrumb","itemListElement":[{"@type":"ListItem","position":1,"name":"Home","item":"https:\/\/chemitool.com\/pt-pt\/"},{"@type":"ListItem","position":2,"name":"Produtos","item":"https:\/\/chemitool.com\/pt-pt\/produtos\/"},{"@type":"ListItem","position":3,"name":"Automotive","item":"https:\/\/chemitool.com\/pt-pt\/categoria-produto\/automotive-3\/"},{"@type":"ListItem","position":4,"name":"Dispensadores e Rolos de Papel","item":"https:\/\/chemitool.com\/pt-pt\/categoria-produto\/automotive-3\/dispensadores-de-rolos-de-papel-pt-pt-automovel\/"},{"@type":"ListItem","position":5,"name":"ROLO PAPEL BRANCO"}]}]}},"_links":{"self":[{"href":"https:\/\/chemitool.com\/pt-pt\/wp-json\/wp\/v2\/product\/29566"}],"collection":[{"href":"https:\/\/chemitool.com\/pt-pt\/wp-json\/wp\/v2\/product"}],"about":[{"href":"https:\/\/chemitool.com\/pt-pt\/wp-json\/wp\/v2\/types\/product"}],"wp:featuredmedia":[{"embeddable":true,"href":"https:\/\/chemitool.com\/pt-pt\/wp-json\/wp\/v2\/media\/29546"}],"wp:attachment":[{"href":"https:\/\/chemitool.com\/pt-pt\/wp-json\/wp\/v2\/media?parent=29566"}],"wp:term":[{"taxonomy":"product_cat","embeddable":true,"href":"https:\/\/chemitool.com\/pt-pt\/wp-json\/wp\/v2\/product_cat?post=29566"},{"taxonomy":"product_tag","embeddable":true,"href":"https:\/\/chemitool.com\/pt-pt\/wp-json\/wp\/v2\/product_tag?post=29566"}],"curies":[{"name":"wp","href":"https:\/\/api.w.org\/{rel}","templated":true}]}}