{"id":29484,"date":"2023-01-13T09:53:02","date_gmt":"2023-01-13T09:53:03","guid":{"rendered":"https:\/\/chemitool.com\/?post_type=product&#038;p=29484"},"modified":"2025-05-05T08:02:43","modified_gmt":"2025-05-05T08:02:43","slug":"aspirador-solidos-e-liquidos-industrial","status":"publish","type":"product","link":"https:\/\/chemitool.com\/pt-pt\/products\/tools\/aspiradores\/aspiradores-solidos-e-liquidos\/aspirador-solidos-e-liquidos-industrial\/","title":{"rendered":"ASPIRADOR S\u00d3LIDOS E L\u00cdQUIDOS INDUSTRIAL"},"content":{"rendered":"<ul>\n<li>Aspirador de s\u00f3lidos e l\u00edquidos<\/li>\n<li>Fun\u00e7\u00e3o soprador<\/li>\n<li>Sistema manual de limpeza do filtro<\/li>\n<li>Motor eficiente e silencioso<\/li>\n<li>Sistema de descarga de s\u00f3lidos por b\u00e1scula<\/li>\n<li>Sistema de descarga de l\u00edquidos por dreno<\/li>\n<\/ul>\n<p><strong>CAMPOS DE APLICA\u00c7\u00c3O<\/strong><\/p>\n<ul>\n<li>Limpeza de escrit\u00f3rios<\/li>\n<li>Limpeza de pavilh\u00f5es e armaz\u00e9ns<\/li>\n<li>Limpeza autom\u00f3vel<\/li>\n<\/ul>\n<p><strong>ACESS\u00d3RIOS INCLU\u00cdDOS<\/strong><\/p>\n<ul>\n<li>Mangueira de pl\u00e1stico<\/li>\n<li>Tubo de metal (2x)<\/li>\n<li>Filtro de esponja<\/li>\n<li>Filtro de algod\u00e3o lav\u00e1vel<\/li>\n<li>Escova s\u00f3lidos e l\u00edquidos<\/li>\n<li>Bocal para fendas<\/li>\n<li>Escova redonda<\/li>\n<li>Estrutura de suporte do filtro<\/li>\n<\/ul>\n","protected":false},"excerpt":{"rendered":"<p><em>Aspirador S\u00f3lidos e L\u00edquidos Industrial CHEMITOOL<\/em> concebido para garantir uma\u00a0 limpeza profissional em ambientes com elevado grau de exig\u00eancia.<\/p>\n","protected":false},"featured_media":29480,"template":"","meta":[],"product_cat":[1455,2505,2553],"product_tag":[4678,4679,3710],"yoast_head":"<!-- This site is optimized with the Yoast SEO plugin v17.4 - https:\/\/yoast.com\/wordpress\/plugins\/seo\/ -->\n<title>ASPIRADOR S\u00d3LIDOS E L\u00cdQUIDOS INDUSTRIAL &ndash; Chemitool<\/title>\n<meta name=\"description\" content=\"Aspirador S\u00f3lidos e L\u00edquidos Industrial CHEMITOOL concebido para garantir uma\u00a0 limpeza profissional em ambientes com elevado grau de exig\u00eancia.\" \/>\n<meta name=\"robots\" content=\"index, follow, max-snippet:-1, max-image-preview:large, max-video-preview:-1\" \/>\n<link rel=\"canonical\" href=\"https:\/\/chemitool.com\/pt-pt\/products\/tools\/aspiradores\/aspiradores-solidos-e-liquidos\/aspirador-solidos-e-liquidos-industrial\/\" \/>\n<meta property=\"og:locale\" content=\"pt_PT\" \/>\n<meta property=\"og:type\" content=\"article\" \/>\n<meta property=\"og:title\" content=\"ASPIRADOR S\u00d3LIDOS E L\u00cdQUIDOS INDUSTRIAL &ndash; Chemitool\" \/>\n<meta property=\"og:description\" content=\"Aspirador S\u00f3lidos e L\u00edquidos Industrial CHEMITOOL concebido para garantir uma\u00a0 limpeza profissional em ambientes com elevado grau de exig\u00eancia.\" \/>\n<meta property=\"og:url\" content=\"https:\/\/chemitool.com\/pt-pt\/products\/tools\/aspiradores\/aspiradores-solidos-e-liquidos\/aspirador-solidos-e-liquidos-industrial\/\" \/>\n<meta property=\"og:site_name\" content=\"Chemitool\" \/>\n<meta property=\"article:publisher\" content=\"https:\/\/www.facebook.com\/chemitool\" \/>\n<meta property=\"article:modified_time\" content=\"2025-05-05T08:02:43+00:00\" \/>\n<meta property=\"og:image\" content=\"https:\/\/chemitool.com\/wp-content\/uploads\/2023\/01\/CHT10070221275WD0_site.png\" \/>\n\t<meta property=\"og:image:width\" content=\"800\" \/>\n\t<meta property=\"og:image:height\" content=\"800\" \/>\n<meta name=\"twitter:card\" content=\"summary_large_image\" \/>\n<meta name=\"twitter:label1\" content=\"Tempo estimado de leitura\" \/>\n\t<meta name=\"twitter:data1\" content=\"2 minutos\" \/>\n<script type=\"application\/ld+json\" class=\"yoast-schema-graph\">{\"@context\":\"https:\/\/schema.org\",\"@graph\":[{\"@type\":\"Organization\",\"@id\":\"https:\/\/chemitool.com\/#organization\",\"name\":\"Chemitool\",\"url\":\"https:\/\/chemitool.com\/\",\"sameAs\":[\"https:\/\/www.facebook.com\/chemitool\",\"https:\/\/www.instagram.com\/chemitool\/\"],\"logo\":{\"@type\":\"ImageObject\",\"@id\":\"https:\/\/chemitool.com\/#logo\",\"inLanguage\":\"pt-PT\",\"url\":\"https:\/\/chemitool.com\/wp-content\/uploads\/2020\/10\/logo_chemitool.png\",\"contentUrl\":\"https:\/\/chemitool.com\/wp-content\/uploads\/2020\/10\/logo_chemitool.png\",\"width\":400,\"height\":400,\"caption\":\"Chemitool\"},\"image\":{\"@id\":\"https:\/\/chemitool.com\/#logo\"}},{\"@type\":\"WebSite\",\"@id\":\"https:\/\/chemitool.com\/#website\",\"url\":\"https:\/\/chemitool.com\/\",\"name\":\"Chemitool\",\"description\":\"Chemitool - hardware and tools\",\"publisher\":{\"@id\":\"https:\/\/chemitool.com\/#organization\"},\"potentialAction\":[{\"@type\":\"SearchAction\",\"target\":{\"@type\":\"EntryPoint\",\"urlTemplate\":\"https:\/\/chemitool.com\/?s={search_term_string}\"},\"query-input\":\"required name=search_term_string\"}],\"inLanguage\":\"pt-PT\"},{\"@type\":\"ImageObject\",\"@id\":\"https:\/\/chemitool.com\/pt-pt\/products\/tools\/aspiradores\/aspiradores-solidos-e-liquidos\/aspirador-solidos-e-liquidos-industrial\/#primaryimage\",\"inLanguage\":\"pt-PT\",\"url\":\"https:\/\/chemitool.com\/wp-content\/uploads\/2023\/01\/CHT10070221275WD0_site.png\",\"contentUrl\":\"https:\/\/chemitool.com\/wp-content\/uploads\/2023\/01\/CHT10070221275WD0_site.png\",\"width\":800,\"height\":800},{\"@type\":\"WebPage\",\"@id\":\"https:\/\/chemitool.com\/pt-pt\/products\/tools\/aspiradores\/aspiradores-solidos-e-liquidos\/aspirador-solidos-e-liquidos-industrial\/#webpage\",\"url\":\"https:\/\/chemitool.com\/pt-pt\/products\/tools\/aspiradores\/aspiradores-solidos-e-liquidos\/aspirador-solidos-e-liquidos-industrial\/\",\"name\":\"ASPIRADOR S\\u00d3LIDOS E L\\u00cdQUIDOS INDUSTRIAL &ndash; Chemitool\",\"isPartOf\":{\"@id\":\"https:\/\/chemitool.com\/#website\"},\"primaryImageOfPage\":{\"@id\":\"https:\/\/chemitool.com\/pt-pt\/products\/tools\/aspiradores\/aspiradores-solidos-e-liquidos\/aspirador-solidos-e-liquidos-industrial\/#primaryimage\"},\"datePublished\":\"2023-01-13T09:53:03+00:00\",\"dateModified\":\"2025-05-05T08:02:43+00:00\",\"description\":\"Aspirador S\\u00f3lidos e L\\u00edquidos Industrial CHEMITOOL concebido para garantir uma\\u00a0 limpeza profissional em ambientes com elevado grau de exig\\u00eancia.\",\"breadcrumb\":{\"@id\":\"https:\/\/chemitool.com\/pt-pt\/products\/tools\/aspiradores\/aspiradores-solidos-e-liquidos\/aspirador-solidos-e-liquidos-industrial\/#breadcrumb\"},\"inLanguage\":\"pt-PT\",\"potentialAction\":[{\"@type\":\"ReadAction\",\"target\":[\"https:\/\/chemitool.com\/pt-pt\/products\/tools\/aspiradores\/aspiradores-solidos-e-liquidos\/aspirador-solidos-e-liquidos-industrial\/\"]}]},{\"@type\":\"BreadcrumbList\",\"@id\":\"https:\/\/chemitool.com\/pt-pt\/products\/tools\/aspiradores\/aspiradores-solidos-e-liquidos\/aspirador-solidos-e-liquidos-industrial\/#breadcrumb\",\"itemListElement\":[{\"@type\":\"ListItem\",\"position\":1,\"name\":\"Home\",\"item\":\"https:\/\/chemitool.com\/pt-pt\/\"},{\"@type\":\"ListItem\",\"position\":2,\"name\":\"Produtos\",\"item\":\"https:\/\/chemitool.com\/pt-pt\/produtos\/\"},{\"@type\":\"ListItem\",\"position\":3,\"name\":\"Tools\",\"item\":\"https:\/\/chemitool.com\/product-category\/tools\/\"},{\"@type\":\"ListItem\",\"position\":4,\"name\":\"ASPIRADOR S\\u00d3LIDOS E L\\u00cdQUIDOS INDUSTRIAL\"}]}]}<\/script>\n<!-- \/ Yoast SEO plugin. -->","yoast_head_json":{"title":"ASPIRADOR S\u00d3LIDOS E L\u00cdQUIDOS INDUSTRIAL &ndash; Chemitool","description":"Aspirador S\u00f3lidos e L\u00edquidos Industrial CHEMITOOL concebido para garantir uma\u00a0 limpeza profissional em ambientes com elevado grau de exig\u00eancia.","robots":{"index":"index","follow":"follow","max-snippet":"max-snippet:-1","max-image-preview":"max-image-preview:large","max-video-preview":"max-video-preview:-1"},"canonical":"https:\/\/chemitool.com\/pt-pt\/products\/tools\/aspiradores\/aspiradores-solidos-e-liquidos\/aspirador-solidos-e-liquidos-industrial\/","og_locale":"pt_PT","og_type":"article","og_title":"ASPIRADOR S\u00d3LIDOS E L\u00cdQUIDOS INDUSTRIAL &ndash; Chemitool","og_description":"Aspirador S\u00f3lidos e L\u00edquidos Industrial CHEMITOOL concebido para garantir uma\u00a0 limpeza profissional em ambientes com elevado grau de exig\u00eancia.","og_url":"https:\/\/chemitool.com\/pt-pt\/products\/tools\/aspiradores\/aspiradores-solidos-e-liquidos\/aspirador-solidos-e-liquidos-industrial\/","og_site_name":"Chemitool","article_publisher":"https:\/\/www.facebook.com\/chemitool","article_modified_time":"2025-05-05T08:02:43+00:00","og_image":[{"width":800,"height":800,"url":"https:\/\/chemitool.com\/wp-content\/uploads\/2023\/01\/CHT10070221275WD0_site.png","type":"image\/png"}],"twitter_card":"summary_large_image","twitter_misc":{"Tempo estimado de leitura":"2 minutos"},"schema":{"@context":"https:\/\/schema.org","@graph":[{"@type":"Organization","@id":"https:\/\/chemitool.com\/#organization","name":"Chemitool","url":"https:\/\/chemitool.com\/","sameAs":["https:\/\/www.facebook.com\/chemitool","https:\/\/www.instagram.com\/chemitool\/"],"logo":{"@type":"ImageObject","@id":"https:\/\/chemitool.com\/#logo","inLanguage":"pt-PT","url":"https:\/\/chemitool.com\/wp-content\/uploads\/2020\/10\/logo_chemitool.png","contentUrl":"https:\/\/chemitool.com\/wp-content\/uploads\/2020\/10\/logo_chemitool.png","width":400,"height":400,"caption":"Chemitool"},"image":{"@id":"https:\/\/chemitool.com\/#logo"}},{"@type":"WebSite","@id":"https:\/\/chemitool.com\/#website","url":"https:\/\/chemitool.com\/","name":"Chemitool","description":"Chemitool - hardware and tools","publisher":{"@id":"https:\/\/chemitool.com\/#organization"},"potentialAction":[{"@type":"SearchAction","target":{"@type":"EntryPoint","urlTemplate":"https:\/\/chemitool.com\/?s={search_term_string}"},"query-input":"required name=search_term_string"}],"inLanguage":"pt-PT"},{"@type":"ImageObject","@id":"https:\/\/chemitool.com\/pt-pt\/products\/tools\/aspiradores\/aspiradores-solidos-e-liquidos\/aspirador-solidos-e-liquidos-industrial\/#primaryimage","inLanguage":"pt-PT","url":"https:\/\/chemitool.com\/wp-content\/uploads\/2023\/01\/CHT10070221275WD0_site.png","contentUrl":"https:\/\/chemitool.com\/wp-content\/uploads\/2023\/01\/CHT10070221275WD0_site.png","width":800,"height":800},{"@type":"WebPage","@id":"https:\/\/chemitool.com\/pt-pt\/products\/tools\/aspiradores\/aspiradores-solidos-e-liquidos\/aspirador-solidos-e-liquidos-industrial\/#webpage","url":"https:\/\/chemitool.com\/pt-pt\/products\/tools\/aspiradores\/aspiradores-solidos-e-liquidos\/aspirador-solidos-e-liquidos-industrial\/","name":"ASPIRADOR S\u00d3LIDOS E L\u00cdQUIDOS INDUSTRIAL &ndash; Chemitool","isPartOf":{"@id":"https:\/\/chemitool.com\/#website"},"primaryImageOfPage":{"@id":"https:\/\/chemitool.com\/pt-pt\/products\/tools\/aspiradores\/aspiradores-solidos-e-liquidos\/aspirador-solidos-e-liquidos-industrial\/#primaryimage"},"datePublished":"2023-01-13T09:53:03+00:00","dateModified":"2025-05-05T08:02:43+00:00","description":"Aspirador S\u00f3lidos e L\u00edquidos Industrial CHEMITOOL concebido para garantir uma\u00a0 limpeza profissional em ambientes com elevado grau de exig\u00eancia.","breadcrumb":{"@id":"https:\/\/chemitool.com\/pt-pt\/products\/tools\/aspiradores\/aspiradores-solidos-e-liquidos\/aspirador-solidos-e-liquidos-industrial\/#breadcrumb"},"inLanguage":"pt-PT","potentialAction":[{"@type":"ReadAction","target":["https:\/\/chemitool.com\/pt-pt\/products\/tools\/aspiradores\/aspiradores-solidos-e-liquidos\/aspirador-solidos-e-liquidos-industrial\/"]}]},{"@type":"BreadcrumbList","@id":"https:\/\/chemitool.com\/pt-pt\/products\/tools\/aspiradores\/aspiradores-solidos-e-liquidos\/aspirador-solidos-e-liquidos-industrial\/#breadcrumb","itemListElement":[{"@type":"ListItem","position":1,"name":"Home","item":"https:\/\/chemitool.com\/pt-pt\/"},{"@type":"ListItem","position":2,"name":"Produtos","item":"https:\/\/chemitool.com\/pt-pt\/produtos\/"},{"@type":"ListItem","position":3,"name":"Tools","item":"https:\/\/chemitool.com\/product-category\/tools\/"},{"@type":"ListItem","position":4,"name":"ASPIRADOR S\u00d3LIDOS E L\u00cdQUIDOS INDUSTRIAL"}]}]}},"_links":{"self":[{"href":"https:\/\/chemitool.com\/pt-pt\/wp-json\/wp\/v2\/product\/29484"}],"collection":[{"href":"https:\/\/chemitool.com\/pt-pt\/wp-json\/wp\/v2\/product"}],"about":[{"href":"https:\/\/chemitool.com\/pt-pt\/wp-json\/wp\/v2\/types\/product"}],"wp:featuredmedia":[{"embeddable":true,"href":"https:\/\/chemitool.com\/pt-pt\/wp-json\/wp\/v2\/media\/29480"}],"wp:attachment":[{"href":"https:\/\/chemitool.com\/pt-pt\/wp-json\/wp\/v2\/media?parent=29484"}],"wp:term":[{"taxonomy":"product_cat","embeddable":true,"href":"https:\/\/chemitool.com\/pt-pt\/wp-json\/wp\/v2\/product_cat?post=29484"},{"taxonomy":"product_tag","embeddable":true,"href":"https:\/\/chemitool.com\/pt-pt\/wp-json\/wp\/v2\/product_tag?post=29484"}],"curies":[{"name":"wp","href":"https:\/\/api.w.org\/{rel}","templated":true}]}}