{"id":29398,"date":"2023-01-10T17:07:11","date_gmt":"2023-01-10T17:07:12","guid":{"rendered":"https:\/\/chemitool.com\/?post_type=product&#038;p=29398"},"modified":"2023-01-11T09:47:23","modified_gmt":"2023-01-11T09:47:23","slug":"aspirador-lava-carpetes","status":"publish","type":"product","link":"https:\/\/chemitool.com\/pt-pt\/products\/tools\/lavadoras-de-estofos\/aspirador-lava-carpetes\/","title":{"rendered":"ASPIRADOR LAVA CARPETES"},"content":{"rendered":"<p><strong>Campos de aplica\u00e7\u00e3o<\/strong><\/p>\n<p>Para uso profissional na limpeza de escrit\u00f3rios, pavilh\u00f5es, armaz\u00e9ns assim como na limpeza de estofos e alcatifas.<\/p>\n<p><strong>Acess\u00f3rios inclu\u00eddos<\/strong><\/p>\n<ul>\n<li>Mangueira flex\u00edvel<\/li>\n<li>Tubos extensores em alum\u00ednio<\/li>\n<li>Filtro HEPA + filtro de esponja<\/li>\n<li>Saco de aspira\u00e7\u00e3o de s\u00f3lidos<\/li>\n<li>Escova pulverizadora para aspira\u00e7\u00e3o\/limpeza<\/li>\n<li>Escova para carpetes<\/li>\n<li>Escova para sof\u00e1s<\/li>\n<li>Escovas para pisos<\/li>\n<li>Bocal de aspira\u00e7\u00e3o<\/li>\n<\/ul>\n","protected":false},"excerpt":{"rendered":"<p><b class=\"sap-label\">SAP:<\/b> <span class=\"codesap-label\"> CHT10070211220WD0 <\/span><\/p>\n<p><em>Aspirador Lava Carpetes CHEMITOOL <\/em>com sistema limpa estofos e carpetes. Indicado para limpeza de carpetes, poltronas e alcatifas. Equipado com dep\u00f3sito de res\u00edduos de 20 litros e dep\u00f3sito de detergentes de 3 litros<\/p>\n","protected":false},"featured_media":29400,"template":"","meta":[],"product_cat":[1455,2560],"product_tag":[4678,4679,3710],"yoast_head":"<!-- This site is optimized with the Yoast SEO plugin v17.4 - https:\/\/yoast.com\/wordpress\/plugins\/seo\/ -->\n<title>ASPIRADOR LAVA CARPETES &ndash; Chemitool<\/title>\n<meta name=\"description\" content=\"SAP: CHT10070211220WD0   Aspirador Lava Carpetes CHEMITOOL com sistema limpa estofos e carpetes. Indicado para limpeza de carpetes, poltronas e alcatifas. Equipado com dep\u00f3sito de res\u00edduos de 20 litros e dep\u00f3sito de detergentes de 3 litros\" \/>\n<meta name=\"robots\" content=\"index, follow, max-snippet:-1, max-image-preview:large, max-video-preview:-1\" \/>\n<link rel=\"canonical\" href=\"https:\/\/chemitool.com\/pt-pt\/products\/tools\/lavadoras-de-estofos\/aspirador-lava-carpetes\/\" \/>\n<meta property=\"og:locale\" content=\"pt_PT\" \/>\n<meta property=\"og:type\" content=\"article\" \/>\n<meta property=\"og:title\" content=\"ASPIRADOR LAVA CARPETES &ndash; Chemitool\" \/>\n<meta property=\"og:description\" content=\"SAP: CHT10070211220WD0   Aspirador Lava Carpetes CHEMITOOL com sistema limpa estofos e carpetes. Indicado para limpeza de carpetes, poltronas e alcatifas. Equipado com dep\u00f3sito de res\u00edduos de 20 litros e dep\u00f3sito de detergentes de 3 litros\" \/>\n<meta property=\"og:url\" content=\"https:\/\/chemitool.com\/pt-pt\/products\/tools\/lavadoras-de-estofos\/aspirador-lava-carpetes\/\" \/>\n<meta property=\"og:site_name\" content=\"Chemitool\" \/>\n<meta property=\"article:publisher\" content=\"https:\/\/www.facebook.com\/chemitool\" \/>\n<meta property=\"article:modified_time\" content=\"2023-01-11T09:47:23+00:00\" \/>\n<meta property=\"og:image\" content=\"https:\/\/chemitool.com\/wp-content\/uploads\/2023\/01\/CHT10070211220WD0_site.png\" \/>\n\t<meta property=\"og:image:width\" content=\"800\" \/>\n\t<meta property=\"og:image:height\" content=\"800\" \/>\n<meta name=\"twitter:card\" content=\"summary_large_image\" \/>\n<meta name=\"twitter:label1\" content=\"Tempo estimado de leitura\" \/>\n\t<meta name=\"twitter:data1\" content=\"2 minutos\" \/>\n<script type=\"application\/ld+json\" class=\"yoast-schema-graph\">{\"@context\":\"https:\/\/schema.org\",\"@graph\":[{\"@type\":\"Organization\",\"@id\":\"https:\/\/chemitool.com\/#organization\",\"name\":\"Chemitool\",\"url\":\"https:\/\/chemitool.com\/\",\"sameAs\":[\"https:\/\/www.facebook.com\/chemitool\",\"https:\/\/www.instagram.com\/chemitool\/\"],\"logo\":{\"@type\":\"ImageObject\",\"@id\":\"https:\/\/chemitool.com\/#logo\",\"inLanguage\":\"pt-PT\",\"url\":\"https:\/\/chemitool.com\/wp-content\/uploads\/2020\/10\/logo_chemitool.png\",\"contentUrl\":\"https:\/\/chemitool.com\/wp-content\/uploads\/2020\/10\/logo_chemitool.png\",\"width\":400,\"height\":400,\"caption\":\"Chemitool\"},\"image\":{\"@id\":\"https:\/\/chemitool.com\/#logo\"}},{\"@type\":\"WebSite\",\"@id\":\"https:\/\/chemitool.com\/#website\",\"url\":\"https:\/\/chemitool.com\/\",\"name\":\"Chemitool\",\"description\":\"Chemitool - hardware and tools\",\"publisher\":{\"@id\":\"https:\/\/chemitool.com\/#organization\"},\"potentialAction\":[{\"@type\":\"SearchAction\",\"target\":{\"@type\":\"EntryPoint\",\"urlTemplate\":\"https:\/\/chemitool.com\/?s={search_term_string}\"},\"query-input\":\"required name=search_term_string\"}],\"inLanguage\":\"pt-PT\"},{\"@type\":\"ImageObject\",\"@id\":\"https:\/\/chemitool.com\/pt-pt\/products\/tools\/lavadoras-de-estofos\/aspirador-lava-carpetes\/#primaryimage\",\"inLanguage\":\"pt-PT\",\"url\":\"https:\/\/chemitool.com\/wp-content\/uploads\/2023\/01\/CHT10070211220WD0_site.png\",\"contentUrl\":\"https:\/\/chemitool.com\/wp-content\/uploads\/2023\/01\/CHT10070211220WD0_site.png\",\"width\":800,\"height\":800},{\"@type\":\"WebPage\",\"@id\":\"https:\/\/chemitool.com\/pt-pt\/products\/tools\/lavadoras-de-estofos\/aspirador-lava-carpetes\/#webpage\",\"url\":\"https:\/\/chemitool.com\/pt-pt\/products\/tools\/lavadoras-de-estofos\/aspirador-lava-carpetes\/\",\"name\":\"ASPIRADOR LAVA CARPETES &ndash; Chemitool\",\"isPartOf\":{\"@id\":\"https:\/\/chemitool.com\/#website\"},\"primaryImageOfPage\":{\"@id\":\"https:\/\/chemitool.com\/pt-pt\/products\/tools\/lavadoras-de-estofos\/aspirador-lava-carpetes\/#primaryimage\"},\"datePublished\":\"2023-01-10T17:07:12+00:00\",\"dateModified\":\"2023-01-11T09:47:23+00:00\",\"description\":\"SAP: CHT10070211220WD0 Aspirador Lava Carpetes CHEMITOOL com sistema limpa estofos e carpetes. Indicado para limpeza de carpetes, poltronas e alcatifas. Equipado com dep\\u00f3sito de res\\u00edduos de 20 litros e dep\\u00f3sito de detergentes de 3 litros\",\"breadcrumb\":{\"@id\":\"https:\/\/chemitool.com\/pt-pt\/products\/tools\/lavadoras-de-estofos\/aspirador-lava-carpetes\/#breadcrumb\"},\"inLanguage\":\"pt-PT\",\"potentialAction\":[{\"@type\":\"ReadAction\",\"target\":[\"https:\/\/chemitool.com\/pt-pt\/products\/tools\/lavadoras-de-estofos\/aspirador-lava-carpetes\/\"]}]},{\"@type\":\"BreadcrumbList\",\"@id\":\"https:\/\/chemitool.com\/pt-pt\/products\/tools\/lavadoras-de-estofos\/aspirador-lava-carpetes\/#breadcrumb\",\"itemListElement\":[{\"@type\":\"ListItem\",\"position\":1,\"name\":\"Home\",\"item\":\"https:\/\/chemitool.com\/pt-pt\/\"},{\"@type\":\"ListItem\",\"position\":2,\"name\":\"Produtos\",\"item\":\"https:\/\/chemitool.com\/pt-pt\/produtos\/\"},{\"@type\":\"ListItem\",\"position\":3,\"name\":\"Tools\",\"item\":\"https:\/\/chemitool.com\/pt-pt\/categoria-produto\/tools\/\"},{\"@type\":\"ListItem\",\"position\":4,\"name\":\"Lavadoras de Estofos\",\"item\":\"https:\/\/chemitool.com\/pt-pt\/categoria-produto\/tools\/lavadoras-de-estofos\/\"},{\"@type\":\"ListItem\",\"position\":5,\"name\":\"ASPIRADOR LAVA CARPETES\"}]}]}<\/script>\n<!-- \/ Yoast SEO plugin. -->","yoast_head_json":{"title":"ASPIRADOR LAVA CARPETES &ndash; Chemitool","description":"SAP: CHT10070211220WD0   Aspirador Lava Carpetes CHEMITOOL com sistema limpa estofos e carpetes. Indicado para limpeza de carpetes, poltronas e alcatifas. Equipado com dep\u00f3sito de res\u00edduos de 20 litros e dep\u00f3sito de detergentes de 3 litros","robots":{"index":"index","follow":"follow","max-snippet":"max-snippet:-1","max-image-preview":"max-image-preview:large","max-video-preview":"max-video-preview:-1"},"canonical":"https:\/\/chemitool.com\/pt-pt\/products\/tools\/lavadoras-de-estofos\/aspirador-lava-carpetes\/","og_locale":"pt_PT","og_type":"article","og_title":"ASPIRADOR LAVA CARPETES &ndash; Chemitool","og_description":"SAP: CHT10070211220WD0   Aspirador Lava Carpetes CHEMITOOL com sistema limpa estofos e carpetes. Indicado para limpeza de carpetes, poltronas e alcatifas. Equipado com dep\u00f3sito de res\u00edduos de 20 litros e dep\u00f3sito de detergentes de 3 litros","og_url":"https:\/\/chemitool.com\/pt-pt\/products\/tools\/lavadoras-de-estofos\/aspirador-lava-carpetes\/","og_site_name":"Chemitool","article_publisher":"https:\/\/www.facebook.com\/chemitool","article_modified_time":"2023-01-11T09:47:23+00:00","og_image":[{"width":800,"height":800,"url":"https:\/\/chemitool.com\/wp-content\/uploads\/2023\/01\/CHT10070211220WD0_site.png","type":"image\/png"}],"twitter_card":"summary_large_image","twitter_misc":{"Tempo estimado de leitura":"2 minutos"},"schema":{"@context":"https:\/\/schema.org","@graph":[{"@type":"Organization","@id":"https:\/\/chemitool.com\/#organization","name":"Chemitool","url":"https:\/\/chemitool.com\/","sameAs":["https:\/\/www.facebook.com\/chemitool","https:\/\/www.instagram.com\/chemitool\/"],"logo":{"@type":"ImageObject","@id":"https:\/\/chemitool.com\/#logo","inLanguage":"pt-PT","url":"https:\/\/chemitool.com\/wp-content\/uploads\/2020\/10\/logo_chemitool.png","contentUrl":"https:\/\/chemitool.com\/wp-content\/uploads\/2020\/10\/logo_chemitool.png","width":400,"height":400,"caption":"Chemitool"},"image":{"@id":"https:\/\/chemitool.com\/#logo"}},{"@type":"WebSite","@id":"https:\/\/chemitool.com\/#website","url":"https:\/\/chemitool.com\/","name":"Chemitool","description":"Chemitool - hardware and tools","publisher":{"@id":"https:\/\/chemitool.com\/#organization"},"potentialAction":[{"@type":"SearchAction","target":{"@type":"EntryPoint","urlTemplate":"https:\/\/chemitool.com\/?s={search_term_string}"},"query-input":"required name=search_term_string"}],"inLanguage":"pt-PT"},{"@type":"ImageObject","@id":"https:\/\/chemitool.com\/pt-pt\/products\/tools\/lavadoras-de-estofos\/aspirador-lava-carpetes\/#primaryimage","inLanguage":"pt-PT","url":"https:\/\/chemitool.com\/wp-content\/uploads\/2023\/01\/CHT10070211220WD0_site.png","contentUrl":"https:\/\/chemitool.com\/wp-content\/uploads\/2023\/01\/CHT10070211220WD0_site.png","width":800,"height":800},{"@type":"WebPage","@id":"https:\/\/chemitool.com\/pt-pt\/products\/tools\/lavadoras-de-estofos\/aspirador-lava-carpetes\/#webpage","url":"https:\/\/chemitool.com\/pt-pt\/products\/tools\/lavadoras-de-estofos\/aspirador-lava-carpetes\/","name":"ASPIRADOR LAVA CARPETES &ndash; Chemitool","isPartOf":{"@id":"https:\/\/chemitool.com\/#website"},"primaryImageOfPage":{"@id":"https:\/\/chemitool.com\/pt-pt\/products\/tools\/lavadoras-de-estofos\/aspirador-lava-carpetes\/#primaryimage"},"datePublished":"2023-01-10T17:07:12+00:00","dateModified":"2023-01-11T09:47:23+00:00","description":"SAP: CHT10070211220WD0 Aspirador Lava Carpetes CHEMITOOL com sistema limpa estofos e carpetes. Indicado para limpeza de carpetes, poltronas e alcatifas. Equipado com dep\u00f3sito de res\u00edduos de 20 litros e dep\u00f3sito de detergentes de 3 litros","breadcrumb":{"@id":"https:\/\/chemitool.com\/pt-pt\/products\/tools\/lavadoras-de-estofos\/aspirador-lava-carpetes\/#breadcrumb"},"inLanguage":"pt-PT","potentialAction":[{"@type":"ReadAction","target":["https:\/\/chemitool.com\/pt-pt\/products\/tools\/lavadoras-de-estofos\/aspirador-lava-carpetes\/"]}]},{"@type":"BreadcrumbList","@id":"https:\/\/chemitool.com\/pt-pt\/products\/tools\/lavadoras-de-estofos\/aspirador-lava-carpetes\/#breadcrumb","itemListElement":[{"@type":"ListItem","position":1,"name":"Home","item":"https:\/\/chemitool.com\/pt-pt\/"},{"@type":"ListItem","position":2,"name":"Produtos","item":"https:\/\/chemitool.com\/pt-pt\/produtos\/"},{"@type":"ListItem","position":3,"name":"Tools","item":"https:\/\/chemitool.com\/pt-pt\/categoria-produto\/tools\/"},{"@type":"ListItem","position":4,"name":"Lavadoras de Estofos","item":"https:\/\/chemitool.com\/pt-pt\/categoria-produto\/tools\/lavadoras-de-estofos\/"},{"@type":"ListItem","position":5,"name":"ASPIRADOR LAVA CARPETES"}]}]}},"_links":{"self":[{"href":"https:\/\/chemitool.com\/pt-pt\/wp-json\/wp\/v2\/product\/29398"}],"collection":[{"href":"https:\/\/chemitool.com\/pt-pt\/wp-json\/wp\/v2\/product"}],"about":[{"href":"https:\/\/chemitool.com\/pt-pt\/wp-json\/wp\/v2\/types\/product"}],"wp:featuredmedia":[{"embeddable":true,"href":"https:\/\/chemitool.com\/pt-pt\/wp-json\/wp\/v2\/media\/29400"}],"wp:attachment":[{"href":"https:\/\/chemitool.com\/pt-pt\/wp-json\/wp\/v2\/media?parent=29398"}],"wp:term":[{"taxonomy":"product_cat","embeddable":true,"href":"https:\/\/chemitool.com\/pt-pt\/wp-json\/wp\/v2\/product_cat?post=29398"},{"taxonomy":"product_tag","embeddable":true,"href":"https:\/\/chemitool.com\/pt-pt\/wp-json\/wp\/v2\/product_tag?post=29398"}],"curies":[{"name":"wp","href":"https:\/\/api.w.org\/{rel}","templated":true}]}}