{"id":29208,"date":"2022-12-21T11:18:58","date_gmt":"2022-12-21T11:19:15","guid":{"rendered":"https:\/\/chemitool.com\/?post_type=product&#038;p=29208"},"modified":"2023-01-10T17:04:09","modified_gmt":"2023-01-10T17:04:09","slug":"jogo-roquete-%c2%bd","status":"publish","type":"product","link":"https:\/\/chemitool.com\/pt-pt\/products\/tools\/jogos-de-ferramentas\/jogos-de-roquete\/jogo-roquete-%c2%bd\/","title":{"rendered":"JOGO ROQUETE \u00bd\u201d"},"content":{"rendered":"<p>Inclui:<\/p>\n<ul>\n<li>Chaves de caixa 1\/2\u201d: 8, 9, 10, 11, 12, 13, 14, 15, 16, 17, 18, 19, 20, 21, 22, 24mm<\/li>\n<li>Roquete 1\/2&#8243;, 72 dentes<\/li>\n<li>Cardan articulado 1\/2&#8243;<\/li>\n<li>Barras de extens\u00e3o: 75mm e 125mm<\/li>\n<li>Barra de extens\u00e3o antideslizante 250mm<\/li>\n<li>Chave velas 16 e 21mm<\/li>\n<\/ul>\n","protected":false},"excerpt":{"rendered":"<p><b class=\"sap-label\">SAP:<\/b> <span class=\"codesap-label\">CHT200401010004<\/span><\/p>\n<p><em>O conjunto de Chaves de Roquete CHEMITOOL <\/em>cont\u00e9m 24 pe\u00e7as. \u00c9 um set multifuncional, com diversas ferramentas que satisfazem todas as necessidades. Em a\u00e7o cromo van\u00e1dio, estas chaves s\u00e3o de elevada qualidade. A sua mala, permite um armazenamento seguro das ferramentas e a sua transportabilidade de forma simples.<\/p>\n","protected":false},"featured_media":29211,"template":"","meta":[],"product_cat":[1455,4670,4677],"product_tag":[],"yoast_head":"<!-- This site is optimized with the Yoast SEO plugin v17.4 - https:\/\/yoast.com\/wordpress\/plugins\/seo\/ -->\n<title>JOGO ROQUETE \u00bd\u201d &ndash; Chemitool<\/title>\n<meta name=\"description\" content=\"SAP: CHT200401010004  O conjunto de Chaves de Roquete CHEMITOOL cont\u00e9m 24 pe\u00e7as. \u00c9 um set multifuncional, com diversas ferramentas que satisfazem todas as necessidades. Em a\u00e7o cromo van\u00e1dio, estas chaves s\u00e3o de elevada qualidade. A sua mala, permite um armazenamento seguro das ferramentas e a sua transportabilidade de forma simples.\" \/>\n<meta name=\"robots\" content=\"index, follow, max-snippet:-1, max-image-preview:large, max-video-preview:-1\" \/>\n<link rel=\"canonical\" href=\"https:\/\/chemitool.com\/pt-pt\/products\/tools\/jogos-de-ferramentas\/jogos-de-roquete\/jogo-roquete-\u00bd\/\" \/>\n<meta property=\"og:locale\" content=\"pt_PT\" \/>\n<meta property=\"og:type\" content=\"article\" \/>\n<meta property=\"og:title\" content=\"JOGO ROQUETE \u00bd\u201d &ndash; Chemitool\" \/>\n<meta property=\"og:description\" content=\"SAP: CHT200401010004  O conjunto de Chaves de Roquete CHEMITOOL cont\u00e9m 24 pe\u00e7as. \u00c9 um set multifuncional, com diversas ferramentas que satisfazem todas as necessidades. Em a\u00e7o cromo van\u00e1dio, estas chaves s\u00e3o de elevada qualidade. A sua mala, permite um armazenamento seguro das ferramentas e a sua transportabilidade de forma simples.\" \/>\n<meta property=\"og:url\" content=\"https:\/\/chemitool.com\/pt-pt\/products\/tools\/jogos-de-ferramentas\/jogos-de-roquete\/jogo-roquete-\u00bd\/\" \/>\n<meta property=\"og:site_name\" content=\"Chemitool\" \/>\n<meta property=\"article:publisher\" content=\"https:\/\/www.facebook.com\/chemitool\" \/>\n<meta property=\"article:modified_time\" content=\"2023-01-10T17:04:09+00:00\" \/>\n<meta property=\"og:image\" content=\"https:\/\/chemitool.com\/wp-content\/uploads\/2022\/12\/CHT200401010004_site.png\" \/>\n\t<meta property=\"og:image:width\" content=\"800\" \/>\n\t<meta property=\"og:image:height\" content=\"800\" \/>\n<meta name=\"twitter:card\" content=\"summary_large_image\" \/>\n<script type=\"application\/ld+json\" class=\"yoast-schema-graph\">{\"@context\":\"https:\/\/schema.org\",\"@graph\":[{\"@type\":\"Organization\",\"@id\":\"https:\/\/chemitool.com\/#organization\",\"name\":\"Chemitool\",\"url\":\"https:\/\/chemitool.com\/\",\"sameAs\":[\"https:\/\/www.facebook.com\/chemitool\",\"https:\/\/www.instagram.com\/chemitool\/\"],\"logo\":{\"@type\":\"ImageObject\",\"@id\":\"https:\/\/chemitool.com\/#logo\",\"inLanguage\":\"pt-PT\",\"url\":\"https:\/\/chemitool.com\/wp-content\/uploads\/2020\/10\/logo_chemitool.png\",\"contentUrl\":\"https:\/\/chemitool.com\/wp-content\/uploads\/2020\/10\/logo_chemitool.png\",\"width\":400,\"height\":400,\"caption\":\"Chemitool\"},\"image\":{\"@id\":\"https:\/\/chemitool.com\/#logo\"}},{\"@type\":\"WebSite\",\"@id\":\"https:\/\/chemitool.com\/#website\",\"url\":\"https:\/\/chemitool.com\/\",\"name\":\"Chemitool\",\"description\":\"Chemitool - hardware and tools\",\"publisher\":{\"@id\":\"https:\/\/chemitool.com\/#organization\"},\"potentialAction\":[{\"@type\":\"SearchAction\",\"target\":{\"@type\":\"EntryPoint\",\"urlTemplate\":\"https:\/\/chemitool.com\/?s={search_term_string}\"},\"query-input\":\"required name=search_term_string\"}],\"inLanguage\":\"pt-PT\"},{\"@type\":\"ImageObject\",\"@id\":\"https:\/\/chemitool.com\/pt-pt\/products\/tools\/jogos-de-ferramentas\/jogos-de-roquete\/jogo-roquete-%c2%bd\/#primaryimage\",\"inLanguage\":\"pt-PT\",\"url\":\"https:\/\/chemitool.com\/wp-content\/uploads\/2022\/12\/CHT200401010004_site.png\",\"contentUrl\":\"https:\/\/chemitool.com\/wp-content\/uploads\/2022\/12\/CHT200401010004_site.png\",\"width\":800,\"height\":800},{\"@type\":\"WebPage\",\"@id\":\"https:\/\/chemitool.com\/pt-pt\/products\/tools\/jogos-de-ferramentas\/jogos-de-roquete\/jogo-roquete-%c2%bd\/#webpage\",\"url\":\"https:\/\/chemitool.com\/pt-pt\/products\/tools\/jogos-de-ferramentas\/jogos-de-roquete\/jogo-roquete-%c2%bd\/\",\"name\":\"JOGO ROQUETE \\u00bd\\u201d &ndash; Chemitool\",\"isPartOf\":{\"@id\":\"https:\/\/chemitool.com\/#website\"},\"primaryImageOfPage\":{\"@id\":\"https:\/\/chemitool.com\/pt-pt\/products\/tools\/jogos-de-ferramentas\/jogos-de-roquete\/jogo-roquete-%c2%bd\/#primaryimage\"},\"datePublished\":\"2022-12-21T11:19:15+00:00\",\"dateModified\":\"2023-01-10T17:04:09+00:00\",\"description\":\"SAP: CHT200401010004 O conjunto de Chaves de Roquete CHEMITOOL cont\\u00e9m 24 pe\\u00e7as. \\u00c9 um set multifuncional, com diversas ferramentas que satisfazem todas as necessidades. Em a\\u00e7o cromo van\\u00e1dio, estas chaves s\\u00e3o de elevada qualidade. A sua mala, permite um armazenamento seguro das ferramentas e a sua transportabilidade de forma simples.\",\"breadcrumb\":{\"@id\":\"https:\/\/chemitool.com\/pt-pt\/products\/tools\/jogos-de-ferramentas\/jogos-de-roquete\/jogo-roquete-%c2%bd\/#breadcrumb\"},\"inLanguage\":\"pt-PT\",\"potentialAction\":[{\"@type\":\"ReadAction\",\"target\":[\"https:\/\/chemitool.com\/pt-pt\/products\/tools\/jogos-de-ferramentas\/jogos-de-roquete\/jogo-roquete-%c2%bd\/\"]}]},{\"@type\":\"BreadcrumbList\",\"@id\":\"https:\/\/chemitool.com\/pt-pt\/products\/tools\/jogos-de-ferramentas\/jogos-de-roquete\/jogo-roquete-%c2%bd\/#breadcrumb\",\"itemListElement\":[{\"@type\":\"ListItem\",\"position\":1,\"name\":\"Home\",\"item\":\"https:\/\/chemitool.com\/pt-pt\/\"},{\"@type\":\"ListItem\",\"position\":2,\"name\":\"Produtos\",\"item\":\"https:\/\/chemitool.com\/pt-pt\/produtos\/\"},{\"@type\":\"ListItem\",\"position\":3,\"name\":\"Tools\",\"item\":\"https:\/\/chemitool.com\/pt-pt\/categoria-produto\/tools\/\"},{\"@type\":\"ListItem\",\"position\":4,\"name\":\"JOGOS DE FERRAMENTAS\",\"item\":\"https:\/\/chemitool.com\/pt-pt\/categoria-produto\/tools\/jogos-de-ferramentas\/\"},{\"@type\":\"ListItem\",\"position\":5,\"name\":\"JOGOS DE ROQUETE\",\"item\":\"https:\/\/chemitool.com\/pt-pt\/categoria-produto\/tools\/jogos-de-ferramentas\/jogos-de-roquete\/\"},{\"@type\":\"ListItem\",\"position\":6,\"name\":\"JOGO ROQUETE \\u00bd\\u201d\"}]}]}<\/script>\n<!-- \/ Yoast SEO plugin. -->","yoast_head_json":{"title":"JOGO ROQUETE \u00bd\u201d &ndash; Chemitool","description":"SAP: CHT200401010004  O conjunto de Chaves de Roquete CHEMITOOL cont\u00e9m 24 pe\u00e7as. \u00c9 um set multifuncional, com diversas ferramentas que satisfazem todas as necessidades. Em a\u00e7o cromo van\u00e1dio, estas chaves s\u00e3o de elevada qualidade. A sua mala, permite um armazenamento seguro das ferramentas e a sua transportabilidade de forma simples.","robots":{"index":"index","follow":"follow","max-snippet":"max-snippet:-1","max-image-preview":"max-image-preview:large","max-video-preview":"max-video-preview:-1"},"canonical":"https:\/\/chemitool.com\/pt-pt\/products\/tools\/jogos-de-ferramentas\/jogos-de-roquete\/jogo-roquete-\u00bd\/","og_locale":"pt_PT","og_type":"article","og_title":"JOGO ROQUETE \u00bd\u201d &ndash; Chemitool","og_description":"SAP: CHT200401010004  O conjunto de Chaves de Roquete CHEMITOOL cont\u00e9m 24 pe\u00e7as. \u00c9 um set multifuncional, com diversas ferramentas que satisfazem todas as necessidades. Em a\u00e7o cromo van\u00e1dio, estas chaves s\u00e3o de elevada qualidade. A sua mala, permite um armazenamento seguro das ferramentas e a sua transportabilidade de forma simples.","og_url":"https:\/\/chemitool.com\/pt-pt\/products\/tools\/jogos-de-ferramentas\/jogos-de-roquete\/jogo-roquete-\u00bd\/","og_site_name":"Chemitool","article_publisher":"https:\/\/www.facebook.com\/chemitool","article_modified_time":"2023-01-10T17:04:09+00:00","og_image":[{"width":800,"height":800,"url":"https:\/\/chemitool.com\/wp-content\/uploads\/2022\/12\/CHT200401010004_site.png","type":"image\/png"}],"twitter_card":"summary_large_image","schema":{"@context":"https:\/\/schema.org","@graph":[{"@type":"Organization","@id":"https:\/\/chemitool.com\/#organization","name":"Chemitool","url":"https:\/\/chemitool.com\/","sameAs":["https:\/\/www.facebook.com\/chemitool","https:\/\/www.instagram.com\/chemitool\/"],"logo":{"@type":"ImageObject","@id":"https:\/\/chemitool.com\/#logo","inLanguage":"pt-PT","url":"https:\/\/chemitool.com\/wp-content\/uploads\/2020\/10\/logo_chemitool.png","contentUrl":"https:\/\/chemitool.com\/wp-content\/uploads\/2020\/10\/logo_chemitool.png","width":400,"height":400,"caption":"Chemitool"},"image":{"@id":"https:\/\/chemitool.com\/#logo"}},{"@type":"WebSite","@id":"https:\/\/chemitool.com\/#website","url":"https:\/\/chemitool.com\/","name":"Chemitool","description":"Chemitool - hardware and tools","publisher":{"@id":"https:\/\/chemitool.com\/#organization"},"potentialAction":[{"@type":"SearchAction","target":{"@type":"EntryPoint","urlTemplate":"https:\/\/chemitool.com\/?s={search_term_string}"},"query-input":"required name=search_term_string"}],"inLanguage":"pt-PT"},{"@type":"ImageObject","@id":"https:\/\/chemitool.com\/pt-pt\/products\/tools\/jogos-de-ferramentas\/jogos-de-roquete\/jogo-roquete-%c2%bd\/#primaryimage","inLanguage":"pt-PT","url":"https:\/\/chemitool.com\/wp-content\/uploads\/2022\/12\/CHT200401010004_site.png","contentUrl":"https:\/\/chemitool.com\/wp-content\/uploads\/2022\/12\/CHT200401010004_site.png","width":800,"height":800},{"@type":"WebPage","@id":"https:\/\/chemitool.com\/pt-pt\/products\/tools\/jogos-de-ferramentas\/jogos-de-roquete\/jogo-roquete-%c2%bd\/#webpage","url":"https:\/\/chemitool.com\/pt-pt\/products\/tools\/jogos-de-ferramentas\/jogos-de-roquete\/jogo-roquete-%c2%bd\/","name":"JOGO ROQUETE \u00bd\u201d &ndash; Chemitool","isPartOf":{"@id":"https:\/\/chemitool.com\/#website"},"primaryImageOfPage":{"@id":"https:\/\/chemitool.com\/pt-pt\/products\/tools\/jogos-de-ferramentas\/jogos-de-roquete\/jogo-roquete-%c2%bd\/#primaryimage"},"datePublished":"2022-12-21T11:19:15+00:00","dateModified":"2023-01-10T17:04:09+00:00","description":"SAP: CHT200401010004 O conjunto de Chaves de Roquete CHEMITOOL cont\u00e9m 24 pe\u00e7as. \u00c9 um set multifuncional, com diversas ferramentas que satisfazem todas as necessidades. Em a\u00e7o cromo van\u00e1dio, estas chaves s\u00e3o de elevada qualidade. A sua mala, permite um armazenamento seguro das ferramentas e a sua transportabilidade de forma simples.","breadcrumb":{"@id":"https:\/\/chemitool.com\/pt-pt\/products\/tools\/jogos-de-ferramentas\/jogos-de-roquete\/jogo-roquete-%c2%bd\/#breadcrumb"},"inLanguage":"pt-PT","potentialAction":[{"@type":"ReadAction","target":["https:\/\/chemitool.com\/pt-pt\/products\/tools\/jogos-de-ferramentas\/jogos-de-roquete\/jogo-roquete-%c2%bd\/"]}]},{"@type":"BreadcrumbList","@id":"https:\/\/chemitool.com\/pt-pt\/products\/tools\/jogos-de-ferramentas\/jogos-de-roquete\/jogo-roquete-%c2%bd\/#breadcrumb","itemListElement":[{"@type":"ListItem","position":1,"name":"Home","item":"https:\/\/chemitool.com\/pt-pt\/"},{"@type":"ListItem","position":2,"name":"Produtos","item":"https:\/\/chemitool.com\/pt-pt\/produtos\/"},{"@type":"ListItem","position":3,"name":"Tools","item":"https:\/\/chemitool.com\/pt-pt\/categoria-produto\/tools\/"},{"@type":"ListItem","position":4,"name":"JOGOS DE FERRAMENTAS","item":"https:\/\/chemitool.com\/pt-pt\/categoria-produto\/tools\/jogos-de-ferramentas\/"},{"@type":"ListItem","position":5,"name":"JOGOS DE ROQUETE","item":"https:\/\/chemitool.com\/pt-pt\/categoria-produto\/tools\/jogos-de-ferramentas\/jogos-de-roquete\/"},{"@type":"ListItem","position":6,"name":"JOGO ROQUETE \u00bd\u201d"}]}]}},"_links":{"self":[{"href":"https:\/\/chemitool.com\/pt-pt\/wp-json\/wp\/v2\/product\/29208"}],"collection":[{"href":"https:\/\/chemitool.com\/pt-pt\/wp-json\/wp\/v2\/product"}],"about":[{"href":"https:\/\/chemitool.com\/pt-pt\/wp-json\/wp\/v2\/types\/product"}],"wp:featuredmedia":[{"embeddable":true,"href":"https:\/\/chemitool.com\/pt-pt\/wp-json\/wp\/v2\/media\/29211"}],"wp:attachment":[{"href":"https:\/\/chemitool.com\/pt-pt\/wp-json\/wp\/v2\/media?parent=29208"}],"wp:term":[{"taxonomy":"product_cat","embeddable":true,"href":"https:\/\/chemitool.com\/pt-pt\/wp-json\/wp\/v2\/product_cat?post=29208"},{"taxonomy":"product_tag","embeddable":true,"href":"https:\/\/chemitool.com\/pt-pt\/wp-json\/wp\/v2\/product_tag?post=29208"}],"curies":[{"name":"wp","href":"https:\/\/api.w.org\/{rel}","templated":true}]}}