{"id":29155,"date":"2022-12-19T15:38:50","date_gmt":"2022-12-19T15:39:10","guid":{"rendered":"https:\/\/chemitool.com\/?post_type=product&#038;p=29155"},"modified":"2022-12-22T16:37:12","modified_gmt":"2022-12-22T16:37:12","slug":"mala-de-ferramentas-plastica","status":"publish","type":"product","link":"https:\/\/chemitool.com\/pt-pt\/products\/tools\/jogos-de-ferramentas\/mala-de-ferramentas\/mala-de-ferramentas-plastica\/","title":{"rendered":"Mala de Ferramentas Pl\u00e1stica"},"content":{"rendered":"<p>Inclui:<\/p>\n<ul>\n<li>Alicate universal 7&#8243;(180mm)<\/li>\n<li>Alicate de pontas direitas 6&#8243;(150mm)<\/li>\n<li>Alicate bomba de \u00e1gua 9.5&#8243; (245mm)<\/li>\n<li>Chave de fendas: 6&#215;100,PH2x100<\/li>\n<li>Chave porta pontas 150mm<\/li>\n<li>Chave busca-p\u00f3los 100-250V, CE.<\/li>\n<li>Chaves combinadas: 6,8,10,11,12,13,14,17mm<\/li>\n<li>X-Acto 18mm com 3 l\u00e2minas<\/li>\n<li>Fita m\u00e9trica 3M<\/li>\n<li>Chaves de caixa 1\/2&#8243;: 10,11,12,13,14,15,16,17,18,19,21,22,24mm<\/li>\n<li>Roquete 1\/2&#8243;, 72 dentes<\/li>\n<li>Barra de extens\u00e3o 1\/2&#8243;<\/li>\n<li>Adaptador 3 vias<\/li>\n<li>Cardan universal 1\/2&#8243;<\/li>\n<li>Chave de velas 1\/2&#8243;: 16x21mm<\/li>\n<li>Chaves de caixa 1\/4&#8243;:4,4.5,5,5.5,6,7,8,9,10,11,12,13<\/li>\n<li>Adaptador de bits 1\/4&#8243;<\/li>\n<li>Chaves de caixa 1\/4&#8243; Longas: 8,9,10,11,12,13mm<\/li>\n<li>Roquete 1\/4&#8243;, 72 dentes<\/li>\n<li>Barra de extens\u00e3o 1\/4&#8243; 75mm<\/li>\n<li>Cardan universal 1\/4&#8243;<\/li>\n<li>Barra deslizante 110mm<\/li>\n<li>Martelo 300gr com cabo fibra de vidro<\/li>\n<li>Bits 1\/4&#8243; 25mm<\/li>\n<\/ul>\n","protected":false},"excerpt":{"rendered":"<p><b class=\"sap-label\">SAP:<\/b> <span class=\"codesap-label\">CHT200401010002<\/span><\/p>\n<p>A<em> Mala de Ferramentas em Pl\u00e1stico <\/em><em>CHEMITOOL <\/em>\u00e9 o kit de ferramentas perfeito para utilizadores vers\u00e1teis e exigentes capazes de realizar qualquer tarefa. Este conjunto de 81 pe\u00e7as em a\u00e7o cromo van\u00e1dio inclui martelos, alicates, chaves e outros acess\u00f3rios de alta qualidade. \u00c9 ideal para realizar todo o tipo de trabalhos e repara\u00e7\u00f5es. Inclui uma mala de seguran\u00e7a compacta, resistente e de f\u00e1cil transporte capaz de armazenar todo o material necess\u00e1rio. Excelente rela\u00e7\u00e3o qualidade e pre\u00e7o.<\/p>\n","protected":false},"featured_media":29158,"template":"","meta":[],"product_cat":[1455,4670,4673],"product_tag":[],"yoast_head":"<!-- This site is optimized with the Yoast SEO plugin v17.4 - https:\/\/yoast.com\/wordpress\/plugins\/seo\/ -->\n<title>Mala de Ferramentas Pl\u00e1stica &ndash; Chemitool<\/title>\n<meta name=\"description\" content=\"SAP: CHT200401010002  A Mala de Ferramentas em Pl\u00e1stico CHEMITOOL \u00e9 o kit de ferramentas perfeito para utilizadores vers\u00e1teis e exigentes capazes de realizar qualquer tarefa. Este conjunto de 81 pe\u00e7as em a\u00e7o cromo van\u00e1dio inclui martelos, alicates, chaves e outros acess\u00f3rios de alta qualidade. \u00c9 ideal para realizar todo o tipo de trabalhos e repara\u00e7\u00f5es. Inclui uma mala de seguran\u00e7a compacta, resistente e de f\u00e1cil transporte capaz de armazenar todo o material necess\u00e1rio. Excelente rela\u00e7\u00e3o qualidade e pre\u00e7o.\" \/>\n<meta name=\"robots\" content=\"index, follow, max-snippet:-1, max-image-preview:large, max-video-preview:-1\" \/>\n<link rel=\"canonical\" href=\"https:\/\/chemitool.com\/pt-pt\/products\/tools\/jogos-de-ferramentas\/mala-de-ferramentas\/mala-de-ferramentas-plastica\/\" \/>\n<meta property=\"og:locale\" content=\"pt_PT\" \/>\n<meta property=\"og:type\" content=\"article\" \/>\n<meta property=\"og:title\" content=\"Mala de Ferramentas Pl\u00e1stica &ndash; Chemitool\" \/>\n<meta property=\"og:description\" content=\"SAP: CHT200401010002  A Mala de Ferramentas em Pl\u00e1stico CHEMITOOL \u00e9 o kit de ferramentas perfeito para utilizadores vers\u00e1teis e exigentes capazes de realizar qualquer tarefa. Este conjunto de 81 pe\u00e7as em a\u00e7o cromo van\u00e1dio inclui martelos, alicates, chaves e outros acess\u00f3rios de alta qualidade. \u00c9 ideal para realizar todo o tipo de trabalhos e repara\u00e7\u00f5es. Inclui uma mala de seguran\u00e7a compacta, resistente e de f\u00e1cil transporte capaz de armazenar todo o material necess\u00e1rio. Excelente rela\u00e7\u00e3o qualidade e pre\u00e7o.\" \/>\n<meta property=\"og:url\" content=\"https:\/\/chemitool.com\/pt-pt\/products\/tools\/jogos-de-ferramentas\/mala-de-ferramentas\/mala-de-ferramentas-plastica\/\" \/>\n<meta property=\"og:site_name\" content=\"Chemitool\" \/>\n<meta property=\"article:publisher\" content=\"https:\/\/www.facebook.com\/chemitool\" \/>\n<meta property=\"article:modified_time\" content=\"2022-12-22T16:37:12+00:00\" \/>\n<meta property=\"og:image\" content=\"https:\/\/chemitool.com\/wp-content\/uploads\/2022\/12\/CHT200401010002_site.png\" \/>\n\t<meta property=\"og:image:width\" content=\"800\" \/>\n\t<meta property=\"og:image:height\" content=\"800\" \/>\n<meta name=\"twitter:card\" content=\"summary_large_image\" \/>\n<script type=\"application\/ld+json\" class=\"yoast-schema-graph\">{\"@context\":\"https:\/\/schema.org\",\"@graph\":[{\"@type\":\"Organization\",\"@id\":\"https:\/\/chemitool.com\/#organization\",\"name\":\"Chemitool\",\"url\":\"https:\/\/chemitool.com\/\",\"sameAs\":[\"https:\/\/www.facebook.com\/chemitool\",\"https:\/\/www.instagram.com\/chemitool\/\"],\"logo\":{\"@type\":\"ImageObject\",\"@id\":\"https:\/\/chemitool.com\/#logo\",\"inLanguage\":\"pt-PT\",\"url\":\"https:\/\/chemitool.com\/wp-content\/uploads\/2020\/10\/logo_chemitool.png\",\"contentUrl\":\"https:\/\/chemitool.com\/wp-content\/uploads\/2020\/10\/logo_chemitool.png\",\"width\":400,\"height\":400,\"caption\":\"Chemitool\"},\"image\":{\"@id\":\"https:\/\/chemitool.com\/#logo\"}},{\"@type\":\"WebSite\",\"@id\":\"https:\/\/chemitool.com\/#website\",\"url\":\"https:\/\/chemitool.com\/\",\"name\":\"Chemitool\",\"description\":\"Chemitool - hardware and tools\",\"publisher\":{\"@id\":\"https:\/\/chemitool.com\/#organization\"},\"potentialAction\":[{\"@type\":\"SearchAction\",\"target\":{\"@type\":\"EntryPoint\",\"urlTemplate\":\"https:\/\/chemitool.com\/?s={search_term_string}\"},\"query-input\":\"required name=search_term_string\"}],\"inLanguage\":\"pt-PT\"},{\"@type\":\"ImageObject\",\"@id\":\"https:\/\/chemitool.com\/pt-pt\/products\/tools\/jogos-de-ferramentas\/mala-de-ferramentas\/mala-de-ferramentas-plastica\/#primaryimage\",\"inLanguage\":\"pt-PT\",\"url\":\"https:\/\/chemitool.com\/wp-content\/uploads\/2022\/12\/CHT200401010002_site.png\",\"contentUrl\":\"https:\/\/chemitool.com\/wp-content\/uploads\/2022\/12\/CHT200401010002_site.png\",\"width\":800,\"height\":800},{\"@type\":\"WebPage\",\"@id\":\"https:\/\/chemitool.com\/pt-pt\/products\/tools\/jogos-de-ferramentas\/mala-de-ferramentas\/mala-de-ferramentas-plastica\/#webpage\",\"url\":\"https:\/\/chemitool.com\/pt-pt\/products\/tools\/jogos-de-ferramentas\/mala-de-ferramentas\/mala-de-ferramentas-plastica\/\",\"name\":\"Mala de Ferramentas Pl\\u00e1stica &ndash; Chemitool\",\"isPartOf\":{\"@id\":\"https:\/\/chemitool.com\/#website\"},\"primaryImageOfPage\":{\"@id\":\"https:\/\/chemitool.com\/pt-pt\/products\/tools\/jogos-de-ferramentas\/mala-de-ferramentas\/mala-de-ferramentas-plastica\/#primaryimage\"},\"datePublished\":\"2022-12-19T15:39:10+00:00\",\"dateModified\":\"2022-12-22T16:37:12+00:00\",\"description\":\"SAP: CHT200401010002 A Mala de Ferramentas em Pl\\u00e1stico CHEMITOOL \\u00e9 o kit de ferramentas perfeito para utilizadores vers\\u00e1teis e exigentes capazes de realizar qualquer tarefa. Este conjunto de 81 pe\\u00e7as em a\\u00e7o cromo van\\u00e1dio inclui martelos, alicates, chaves e outros acess\\u00f3rios de alta qualidade. \\u00c9 ideal para realizar todo o tipo de trabalhos e repara\\u00e7\\u00f5es. Inclui uma mala de seguran\\u00e7a compacta, resistente e de f\\u00e1cil transporte capaz de armazenar todo o material necess\\u00e1rio. Excelente rela\\u00e7\\u00e3o qualidade e pre\\u00e7o.\",\"breadcrumb\":{\"@id\":\"https:\/\/chemitool.com\/pt-pt\/products\/tools\/jogos-de-ferramentas\/mala-de-ferramentas\/mala-de-ferramentas-plastica\/#breadcrumb\"},\"inLanguage\":\"pt-PT\",\"potentialAction\":[{\"@type\":\"ReadAction\",\"target\":[\"https:\/\/chemitool.com\/pt-pt\/products\/tools\/jogos-de-ferramentas\/mala-de-ferramentas\/mala-de-ferramentas-plastica\/\"]}]},{\"@type\":\"BreadcrumbList\",\"@id\":\"https:\/\/chemitool.com\/pt-pt\/products\/tools\/jogos-de-ferramentas\/mala-de-ferramentas\/mala-de-ferramentas-plastica\/#breadcrumb\",\"itemListElement\":[{\"@type\":\"ListItem\",\"position\":1,\"name\":\"Home\",\"item\":\"https:\/\/chemitool.com\/pt-pt\/\"},{\"@type\":\"ListItem\",\"position\":2,\"name\":\"Produtos\",\"item\":\"https:\/\/chemitool.com\/pt-pt\/produtos\/\"},{\"@type\":\"ListItem\",\"position\":3,\"name\":\"Tools\",\"item\":\"https:\/\/chemitool.com\/pt-pt\/categoria-produto\/tools\/\"},{\"@type\":\"ListItem\",\"position\":4,\"name\":\"JOGOS DE FERRAMENTAS\",\"item\":\"https:\/\/chemitool.com\/pt-pt\/categoria-produto\/tools\/jogos-de-ferramentas\/\"},{\"@type\":\"ListItem\",\"position\":5,\"name\":\"MALA DE FERRAMENTAS\",\"item\":\"https:\/\/chemitool.com\/pt-pt\/categoria-produto\/tools\/jogos-de-ferramentas\/mala-de-ferramentas\/\"},{\"@type\":\"ListItem\",\"position\":6,\"name\":\"Mala de Ferramentas Pl\\u00e1stica\"}]}]}<\/script>\n<!-- \/ Yoast SEO plugin. -->","yoast_head_json":{"title":"Mala de Ferramentas Pl\u00e1stica &ndash; Chemitool","description":"SAP: CHT200401010002  A Mala de Ferramentas em Pl\u00e1stico CHEMITOOL \u00e9 o kit de ferramentas perfeito para utilizadores vers\u00e1teis e exigentes capazes de realizar qualquer tarefa. Este conjunto de 81 pe\u00e7as em a\u00e7o cromo van\u00e1dio inclui martelos, alicates, chaves e outros acess\u00f3rios de alta qualidade. \u00c9 ideal para realizar todo o tipo de trabalhos e repara\u00e7\u00f5es. Inclui uma mala de seguran\u00e7a compacta, resistente e de f\u00e1cil transporte capaz de armazenar todo o material necess\u00e1rio. Excelente rela\u00e7\u00e3o qualidade e pre\u00e7o.","robots":{"index":"index","follow":"follow","max-snippet":"max-snippet:-1","max-image-preview":"max-image-preview:large","max-video-preview":"max-video-preview:-1"},"canonical":"https:\/\/chemitool.com\/pt-pt\/products\/tools\/jogos-de-ferramentas\/mala-de-ferramentas\/mala-de-ferramentas-plastica\/","og_locale":"pt_PT","og_type":"article","og_title":"Mala de Ferramentas Pl\u00e1stica &ndash; Chemitool","og_description":"SAP: CHT200401010002  A Mala de Ferramentas em Pl\u00e1stico CHEMITOOL \u00e9 o kit de ferramentas perfeito para utilizadores vers\u00e1teis e exigentes capazes de realizar qualquer tarefa. Este conjunto de 81 pe\u00e7as em a\u00e7o cromo van\u00e1dio inclui martelos, alicates, chaves e outros acess\u00f3rios de alta qualidade. \u00c9 ideal para realizar todo o tipo de trabalhos e repara\u00e7\u00f5es. Inclui uma mala de seguran\u00e7a compacta, resistente e de f\u00e1cil transporte capaz de armazenar todo o material necess\u00e1rio. Excelente rela\u00e7\u00e3o qualidade e pre\u00e7o.","og_url":"https:\/\/chemitool.com\/pt-pt\/products\/tools\/jogos-de-ferramentas\/mala-de-ferramentas\/mala-de-ferramentas-plastica\/","og_site_name":"Chemitool","article_publisher":"https:\/\/www.facebook.com\/chemitool","article_modified_time":"2022-12-22T16:37:12+00:00","og_image":[{"width":800,"height":800,"url":"https:\/\/chemitool.com\/wp-content\/uploads\/2022\/12\/CHT200401010002_site.png","type":"image\/png"}],"twitter_card":"summary_large_image","schema":{"@context":"https:\/\/schema.org","@graph":[{"@type":"Organization","@id":"https:\/\/chemitool.com\/#organization","name":"Chemitool","url":"https:\/\/chemitool.com\/","sameAs":["https:\/\/www.facebook.com\/chemitool","https:\/\/www.instagram.com\/chemitool\/"],"logo":{"@type":"ImageObject","@id":"https:\/\/chemitool.com\/#logo","inLanguage":"pt-PT","url":"https:\/\/chemitool.com\/wp-content\/uploads\/2020\/10\/logo_chemitool.png","contentUrl":"https:\/\/chemitool.com\/wp-content\/uploads\/2020\/10\/logo_chemitool.png","width":400,"height":400,"caption":"Chemitool"},"image":{"@id":"https:\/\/chemitool.com\/#logo"}},{"@type":"WebSite","@id":"https:\/\/chemitool.com\/#website","url":"https:\/\/chemitool.com\/","name":"Chemitool","description":"Chemitool - hardware and tools","publisher":{"@id":"https:\/\/chemitool.com\/#organization"},"potentialAction":[{"@type":"SearchAction","target":{"@type":"EntryPoint","urlTemplate":"https:\/\/chemitool.com\/?s={search_term_string}"},"query-input":"required name=search_term_string"}],"inLanguage":"pt-PT"},{"@type":"ImageObject","@id":"https:\/\/chemitool.com\/pt-pt\/products\/tools\/jogos-de-ferramentas\/mala-de-ferramentas\/mala-de-ferramentas-plastica\/#primaryimage","inLanguage":"pt-PT","url":"https:\/\/chemitool.com\/wp-content\/uploads\/2022\/12\/CHT200401010002_site.png","contentUrl":"https:\/\/chemitool.com\/wp-content\/uploads\/2022\/12\/CHT200401010002_site.png","width":800,"height":800},{"@type":"WebPage","@id":"https:\/\/chemitool.com\/pt-pt\/products\/tools\/jogos-de-ferramentas\/mala-de-ferramentas\/mala-de-ferramentas-plastica\/#webpage","url":"https:\/\/chemitool.com\/pt-pt\/products\/tools\/jogos-de-ferramentas\/mala-de-ferramentas\/mala-de-ferramentas-plastica\/","name":"Mala de Ferramentas Pl\u00e1stica &ndash; Chemitool","isPartOf":{"@id":"https:\/\/chemitool.com\/#website"},"primaryImageOfPage":{"@id":"https:\/\/chemitool.com\/pt-pt\/products\/tools\/jogos-de-ferramentas\/mala-de-ferramentas\/mala-de-ferramentas-plastica\/#primaryimage"},"datePublished":"2022-12-19T15:39:10+00:00","dateModified":"2022-12-22T16:37:12+00:00","description":"SAP: CHT200401010002 A Mala de Ferramentas em Pl\u00e1stico CHEMITOOL \u00e9 o kit de ferramentas perfeito para utilizadores vers\u00e1teis e exigentes capazes de realizar qualquer tarefa. Este conjunto de 81 pe\u00e7as em a\u00e7o cromo van\u00e1dio inclui martelos, alicates, chaves e outros acess\u00f3rios de alta qualidade. \u00c9 ideal para realizar todo o tipo de trabalhos e repara\u00e7\u00f5es. Inclui uma mala de seguran\u00e7a compacta, resistente e de f\u00e1cil transporte capaz de armazenar todo o material necess\u00e1rio. Excelente rela\u00e7\u00e3o qualidade e pre\u00e7o.","breadcrumb":{"@id":"https:\/\/chemitool.com\/pt-pt\/products\/tools\/jogos-de-ferramentas\/mala-de-ferramentas\/mala-de-ferramentas-plastica\/#breadcrumb"},"inLanguage":"pt-PT","potentialAction":[{"@type":"ReadAction","target":["https:\/\/chemitool.com\/pt-pt\/products\/tools\/jogos-de-ferramentas\/mala-de-ferramentas\/mala-de-ferramentas-plastica\/"]}]},{"@type":"BreadcrumbList","@id":"https:\/\/chemitool.com\/pt-pt\/products\/tools\/jogos-de-ferramentas\/mala-de-ferramentas\/mala-de-ferramentas-plastica\/#breadcrumb","itemListElement":[{"@type":"ListItem","position":1,"name":"Home","item":"https:\/\/chemitool.com\/pt-pt\/"},{"@type":"ListItem","position":2,"name":"Produtos","item":"https:\/\/chemitool.com\/pt-pt\/produtos\/"},{"@type":"ListItem","position":3,"name":"Tools","item":"https:\/\/chemitool.com\/pt-pt\/categoria-produto\/tools\/"},{"@type":"ListItem","position":4,"name":"JOGOS DE FERRAMENTAS","item":"https:\/\/chemitool.com\/pt-pt\/categoria-produto\/tools\/jogos-de-ferramentas\/"},{"@type":"ListItem","position":5,"name":"MALA DE FERRAMENTAS","item":"https:\/\/chemitool.com\/pt-pt\/categoria-produto\/tools\/jogos-de-ferramentas\/mala-de-ferramentas\/"},{"@type":"ListItem","position":6,"name":"Mala de Ferramentas Pl\u00e1stica"}]}]}},"_links":{"self":[{"href":"https:\/\/chemitool.com\/pt-pt\/wp-json\/wp\/v2\/product\/29155"}],"collection":[{"href":"https:\/\/chemitool.com\/pt-pt\/wp-json\/wp\/v2\/product"}],"about":[{"href":"https:\/\/chemitool.com\/pt-pt\/wp-json\/wp\/v2\/types\/product"}],"wp:featuredmedia":[{"embeddable":true,"href":"https:\/\/chemitool.com\/pt-pt\/wp-json\/wp\/v2\/media\/29158"}],"wp:attachment":[{"href":"https:\/\/chemitool.com\/pt-pt\/wp-json\/wp\/v2\/media?parent=29155"}],"wp:term":[{"taxonomy":"product_cat","embeddable":true,"href":"https:\/\/chemitool.com\/pt-pt\/wp-json\/wp\/v2\/product_cat?post=29155"},{"taxonomy":"product_tag","embeddable":true,"href":"https:\/\/chemitool.com\/pt-pt\/wp-json\/wp\/v2\/product_tag?post=29155"}],"curies":[{"name":"wp","href":"https:\/\/api.w.org\/{rel}","templated":true}]}}