{"id":28356,"date":"2022-12-02T11:35:10","date_gmt":"2022-12-02T11:35:29","guid":{"rendered":"https:\/\/chemitool.com\/?post_type=product&#038;p=28356"},"modified":"2024-09-05T08:45:03","modified_gmt":"2024-09-05T08:45:03","slug":"disco-diamantado-segmentado-blacklabel","status":"publish","type":"product","link":"https:\/\/chemitool.com\/pt-pt\/products\/cutting\/ferramentas-diamantadas-pt-pt\/discos-diamantados\/disco-diamantado-segmentado-blacklabel\/","title":{"rendered":"DISCO DIAMANTADO SEGMENTADO \u2013 BLACKLABEL"},"content":{"rendered":"<p><strong>VANTAGENS<\/strong><\/p>\n<ul>\n<li>Certifica\u00e7\u00e3o oSa<\/li>\n<li>Segmento com 12mm de altura<\/li>\n<li>Elevado desempenho de corte<\/li>\n<li>Grande estabilidade e seguran\u00e7a de trabalho<\/li>\n<li>Resist\u00eancia \u00e0 quebra<\/li>\n<li>Baixa vibra\u00e7\u00e3o<\/li>\n<\/ul>\n<p>O disco diamantado <strong>CHEMITOOL BLACKLABEL<\/strong> \u00e9 composto por uma densa concentra\u00e7\u00e3o de gr\u00e3o diamante de elevada qualidade e performance. Conta com uma altura de segmento de 12mm, permitindo assim uma maior longevidade de trabalho.<\/p>\n<p>O disco segmentado tem como principal caracter\u00edstica, a rapidez no corte, com utiliza\u00e7\u00e3o em aplica\u00e7\u00e3o a h\u00famido ou a seco. Os segmentos permitem que os detritos sejam libertados mais facilmente, ajudando a n\u00e3o empapar, porem criando um corte mais grosseiro.<\/p>\n<p>Embalado em blister individual.<\/p>\n<p><img class=\"alignnone wp-image-25899\" src=\"https:\/\/chemitool.com\/wp-content\/uploads\/2022\/09\/Artboard-2-300x300.png\" alt=\"\" width=\"69\" height=\"69\" srcset=\"https:\/\/chemitool.com\/wp-content\/uploads\/2022\/09\/Artboard-2-300x300.png 300w, https:\/\/chemitool.com\/wp-content\/uploads\/2022\/09\/Artboard-2-150x150.png 150w, https:\/\/chemitool.com\/wp-content\/uploads\/2022\/09\/Artboard-2-768x767.png 768w, https:\/\/chemitool.com\/wp-content\/uploads\/2022\/09\/Artboard-2-650x650.png 650w, https:\/\/chemitool.com\/wp-content\/uploads\/2022\/09\/Artboard-2-600x599.png 600w, https:\/\/chemitool.com\/wp-content\/uploads\/2022\/09\/Artboard-2-100x100.png 100w, https:\/\/chemitool.com\/wp-content\/uploads\/2022\/09\/Artboard-2.png 801w\" sizes=\"(max-width: 69px) 100vw, 69px\" \/><img class=\"alignnone wp-image-26182\" src=\"https:\/\/chemitool.com\/wp-content\/uploads\/2022\/09\/calcadoprotecao-1-300x300.png\" alt=\"\" width=\"67\" height=\"67\" srcset=\"https:\/\/chemitool.com\/wp-content\/uploads\/2022\/09\/calcadoprotecao-1-300x300.png 300w, https:\/\/chemitool.com\/wp-content\/uploads\/2022\/09\/calcadoprotecao-1-150x150.png 150w, https:\/\/chemitool.com\/wp-content\/uploads\/2022\/09\/calcadoprotecao-1-100x100.png 100w, https:\/\/chemitool.com\/wp-content\/uploads\/2022\/09\/calcadoprotecao-1.png 395w\" sizes=\"(max-width: 67px) 100vw, 67px\" \/><img class=\"alignnone wp-image-21338\" src=\"https:\/\/chemitool.com\/wp-content\/uploads\/2022\/04\/Artboard-3-1-300x300.png\" alt=\"\" width=\"69\" height=\"69\" srcset=\"https:\/\/chemitool.com\/wp-content\/uploads\/2022\/04\/Artboard-3-1-300x300.png 300w, https:\/\/chemitool.com\/wp-content\/uploads\/2022\/04\/Artboard-3-1-150x150.png 150w, https:\/\/chemitool.com\/wp-content\/uploads\/2022\/04\/Artboard-3-1-768x767.png 768w, https:\/\/chemitool.com\/wp-content\/uploads\/2022\/04\/Artboard-3-1-650x650.png 650w, https:\/\/chemitool.com\/wp-content\/uploads\/2022\/04\/Artboard-3-1-600x599.png 600w, https:\/\/chemitool.com\/wp-content\/uploads\/2022\/04\/Artboard-3-1-100x100.png 100w, https:\/\/chemitool.com\/wp-content\/uploads\/2022\/04\/Artboard-3-1.png 801w\" sizes=\"(max-width: 69px) 100vw, 69px\" \/>\u00a0<img class=\"alignnone wp-image-21344\" src=\"https:\/\/chemitool.com\/wp-content\/uploads\/2022\/04\/Artboard-5-1-300x300.png\" alt=\"\" width=\"69\" height=\"69\" srcset=\"https:\/\/chemitool.com\/wp-content\/uploads\/2022\/04\/Artboard-5-1-300x300.png 300w, https:\/\/chemitool.com\/wp-content\/uploads\/2022\/04\/Artboard-5-1-150x150.png 150w, https:\/\/chemitool.com\/wp-content\/uploads\/2022\/04\/Artboard-5-1-768x767.png 768w, https:\/\/chemitool.com\/wp-content\/uploads\/2022\/04\/Artboard-5-1-650x650.png 650w, https:\/\/chemitool.com\/wp-content\/uploads\/2022\/04\/Artboard-5-1-600x599.png 600w, https:\/\/chemitool.com\/wp-content\/uploads\/2022\/04\/Artboard-5-1-100x100.png 100w, https:\/\/chemitool.com\/wp-content\/uploads\/2022\/04\/Artboard-5-1.png 801w\" sizes=\"(max-width: 69px) 100vw, 69px\" \/><img class=\"alignnone wp-image-21341\" src=\"https:\/\/chemitool.com\/wp-content\/uploads\/2022\/04\/Artboard-4-1-300x300.png\" alt=\"\" width=\"69\" height=\"69\" srcset=\"https:\/\/chemitool.com\/wp-content\/uploads\/2022\/04\/Artboard-4-1-300x300.png 300w, https:\/\/chemitool.com\/wp-content\/uploads\/2022\/04\/Artboard-4-1-150x150.png 150w, https:\/\/chemitool.com\/wp-content\/uploads\/2022\/04\/Artboard-4-1-768x767.png 768w, https:\/\/chemitool.com\/wp-content\/uploads\/2022\/04\/Artboard-4-1-650x650.png 650w, https:\/\/chemitool.com\/wp-content\/uploads\/2022\/04\/Artboard-4-1-600x599.png 600w, https:\/\/chemitool.com\/wp-content\/uploads\/2022\/04\/Artboard-4-1-100x100.png 100w, https:\/\/chemitool.com\/wp-content\/uploads\/2022\/04\/Artboard-4-1.png 801w\" sizes=\"(max-width: 69px) 100vw, 69px\" \/><img class=\"alignnone wp-image-25928\" src=\"https:\/\/chemitool.com\/wp-content\/uploads\/2022\/09\/Artboard-6-300x300.png\" alt=\"\" width=\"69\" height=\"69\" srcset=\"https:\/\/chemitool.com\/wp-content\/uploads\/2022\/09\/Artboard-6-300x300.png 300w, https:\/\/chemitool.com\/wp-content\/uploads\/2022\/09\/Artboard-6-150x150.png 150w, https:\/\/chemitool.com\/wp-content\/uploads\/2022\/09\/Artboard-6-768x767.png 768w, https:\/\/chemitool.com\/wp-content\/uploads\/2022\/09\/Artboard-6-650x650.png 650w, https:\/\/chemitool.com\/wp-content\/uploads\/2022\/09\/Artboard-6-600x599.png 600w, https:\/\/chemitool.com\/wp-content\/uploads\/2022\/09\/Artboard-6-100x100.png 100w, https:\/\/chemitool.com\/wp-content\/uploads\/2022\/09\/Artboard-6.png 801w\" sizes=\"(max-width: 69px) 100vw, 69px\" \/><img class=\"alignnone wp-image-26120\" src=\"https:\/\/chemitool.com\/wp-content\/uploads\/2022\/09\/Artboard-8-300x300.png\" alt=\"\" width=\"69\" height=\"69\" srcset=\"https:\/\/chemitool.com\/wp-content\/uploads\/2022\/09\/Artboard-8-300x300.png 300w, https:\/\/chemitool.com\/wp-content\/uploads\/2022\/09\/Artboard-8-150x150.png 150w, https:\/\/chemitool.com\/wp-content\/uploads\/2022\/09\/Artboard-8-768x767.png 768w, https:\/\/chemitool.com\/wp-content\/uploads\/2022\/09\/Artboard-8-650x650.png 650w, https:\/\/chemitool.com\/wp-content\/uploads\/2022\/09\/Artboard-8-600x599.png 600w, https:\/\/chemitool.com\/wp-content\/uploads\/2022\/09\/Artboard-8-100x100.png 100w, https:\/\/chemitool.com\/wp-content\/uploads\/2022\/09\/Artboard-8.png 801w\" sizes=\"(max-width: 69px) 100vw, 69px\" \/>\u00a0<img class=\"alignnone wp-image-26117\" src=\"https:\/\/chemitool.com\/wp-content\/uploads\/2022\/09\/Artboard-7-300x300.png\" alt=\"\" width=\"69\" height=\"69\" srcset=\"https:\/\/chemitool.com\/wp-content\/uploads\/2022\/09\/Artboard-7-300x300.png 300w, https:\/\/chemitool.com\/wp-content\/uploads\/2022\/09\/Artboard-7-150x150.png 150w, https:\/\/chemitool.com\/wp-content\/uploads\/2022\/09\/Artboard-7-768x767.png 768w, https:\/\/chemitool.com\/wp-content\/uploads\/2022\/09\/Artboard-7-650x650.png 650w, https:\/\/chemitool.com\/wp-content\/uploads\/2022\/09\/Artboard-7-600x599.png 600w, https:\/\/chemitool.com\/wp-content\/uploads\/2022\/09\/Artboard-7-100x100.png 100w, https:\/\/chemitool.com\/wp-content\/uploads\/2022\/09\/Artboard-7.png 801w\" sizes=\"(max-width: 69px) 100vw, 69px\" \/><\/p>\n<p>Os discos diamantados <strong>CHEMITOOL<\/strong> <strong>BLACKLABEL<\/strong> cumprem as normas Europeias (EN 13326) juntamente com a certifica\u00e7\u00e3o oSa.<\/p>\n","protected":false},"excerpt":{"rendered":"<p>O <em>disco diamantado CHEMITOOL BLACKLABEL<\/em> foi projetado para garantir uma maior rentabilidade e performance de corte, com a mais r\u00edgida certifica\u00e7\u00e3o de seguran\u00e7a. A gama BLACKLABEL, distingue-se pela excel\u00eancia dos materiais utilizados no seu processo de fabrico, oferecendo assim um produto de elevada qualidade e seguran\u00e7a.<\/p>\n","protected":false},"featured_media":28386,"template":"","meta":[],"product_cat":[1422,4388,4391],"product_tag":[4395],"yoast_head":"<!-- This site is optimized with the Yoast SEO plugin v17.4 - https:\/\/yoast.com\/wordpress\/plugins\/seo\/ -->\n<title>DISCO DIAMANTADO SEGMENTADO \u2013 BLACKLABEL &ndash; Chemitool<\/title>\n<meta name=\"description\" content=\"O disco diamantado CHEMITOOL BLACKLABEL foi projetado para garantir uma maior rentabilidade e performance de corte, com a mais r\u00edgida certifica\u00e7\u00e3o de seguran\u00e7a. A gama BLACKLABEL, distingue-se pela excel\u00eancia dos materiais utilizados no seu processo de fabrico, oferecendo assim um produto de elevada qualidade e seguran\u00e7a.\" \/>\n<meta name=\"robots\" content=\"index, follow, max-snippet:-1, max-image-preview:large, max-video-preview:-1\" \/>\n<link rel=\"canonical\" href=\"https:\/\/chemitool.com\/pt-pt\/products\/cutting\/ferramentas-diamantadas-pt-pt\/discos-diamantados\/disco-diamantado-segmentado-blacklabel\/\" \/>\n<meta property=\"og:locale\" content=\"pt_PT\" \/>\n<meta property=\"og:type\" content=\"article\" \/>\n<meta property=\"og:title\" content=\"DISCO DIAMANTADO SEGMENTADO \u2013 BLACKLABEL &ndash; Chemitool\" \/>\n<meta property=\"og:description\" content=\"O disco diamantado CHEMITOOL BLACKLABEL foi projetado para garantir uma maior rentabilidade e performance de corte, com a mais r\u00edgida certifica\u00e7\u00e3o de seguran\u00e7a. A gama BLACKLABEL, distingue-se pela excel\u00eancia dos materiais utilizados no seu processo de fabrico, oferecendo assim um produto de elevada qualidade e seguran\u00e7a.\" \/>\n<meta property=\"og:url\" content=\"https:\/\/chemitool.com\/pt-pt\/products\/cutting\/ferramentas-diamantadas-pt-pt\/discos-diamantados\/disco-diamantado-segmentado-blacklabel\/\" \/>\n<meta property=\"og:site_name\" content=\"Chemitool\" \/>\n<meta property=\"article:publisher\" content=\"https:\/\/www.facebook.com\/chemitool\" \/>\n<meta property=\"article:modified_time\" content=\"2024-09-05T08:45:03+00:00\" \/>\n<meta property=\"og:image\" content=\"https:\/\/chemitool.com\/wp-content\/uploads\/2022\/12\/CHA0301OSA_5604630110488_site.png\" \/>\n\t<meta property=\"og:image:width\" content=\"800\" \/>\n\t<meta property=\"og:image:height\" content=\"800\" \/>\n<meta name=\"twitter:card\" content=\"summary_large_image\" \/>\n<meta name=\"twitter:label1\" content=\"Tempo estimado de leitura\" \/>\n\t<meta name=\"twitter:data1\" content=\"1 minuto\" \/>\n<script type=\"application\/ld+json\" class=\"yoast-schema-graph\">{\"@context\":\"https:\/\/schema.org\",\"@graph\":[{\"@type\":\"Organization\",\"@id\":\"https:\/\/chemitool.com\/#organization\",\"name\":\"Chemitool\",\"url\":\"https:\/\/chemitool.com\/\",\"sameAs\":[\"https:\/\/www.facebook.com\/chemitool\",\"https:\/\/www.instagram.com\/chemitool\/\"],\"logo\":{\"@type\":\"ImageObject\",\"@id\":\"https:\/\/chemitool.com\/#logo\",\"inLanguage\":\"pt-PT\",\"url\":\"https:\/\/chemitool.com\/wp-content\/uploads\/2020\/10\/logo_chemitool.png\",\"contentUrl\":\"https:\/\/chemitool.com\/wp-content\/uploads\/2020\/10\/logo_chemitool.png\",\"width\":400,\"height\":400,\"caption\":\"Chemitool\"},\"image\":{\"@id\":\"https:\/\/chemitool.com\/#logo\"}},{\"@type\":\"WebSite\",\"@id\":\"https:\/\/chemitool.com\/#website\",\"url\":\"https:\/\/chemitool.com\/\",\"name\":\"Chemitool\",\"description\":\"Chemitool - hardware and tools\",\"publisher\":{\"@id\":\"https:\/\/chemitool.com\/#organization\"},\"potentialAction\":[{\"@type\":\"SearchAction\",\"target\":{\"@type\":\"EntryPoint\",\"urlTemplate\":\"https:\/\/chemitool.com\/?s={search_term_string}\"},\"query-input\":\"required name=search_term_string\"}],\"inLanguage\":\"pt-PT\"},{\"@type\":\"ImageObject\",\"@id\":\"https:\/\/chemitool.com\/pt-pt\/products\/cutting\/ferramentas-diamantadas-pt-pt\/discos-diamantados\/disco-diamantado-segmentado-blacklabel\/#primaryimage\",\"inLanguage\":\"pt-PT\",\"url\":\"https:\/\/chemitool.com\/wp-content\/uploads\/2022\/12\/CHA0301OSA_5604630110488_site.png\",\"contentUrl\":\"https:\/\/chemitool.com\/wp-content\/uploads\/2022\/12\/CHA0301OSA_5604630110488_site.png\",\"width\":800,\"height\":800},{\"@type\":\"WebPage\",\"@id\":\"https:\/\/chemitool.com\/pt-pt\/products\/cutting\/ferramentas-diamantadas-pt-pt\/discos-diamantados\/disco-diamantado-segmentado-blacklabel\/#webpage\",\"url\":\"https:\/\/chemitool.com\/pt-pt\/products\/cutting\/ferramentas-diamantadas-pt-pt\/discos-diamantados\/disco-diamantado-segmentado-blacklabel\/\",\"name\":\"DISCO DIAMANTADO SEGMENTADO \\u2013 BLACKLABEL &ndash; Chemitool\",\"isPartOf\":{\"@id\":\"https:\/\/chemitool.com\/#website\"},\"primaryImageOfPage\":{\"@id\":\"https:\/\/chemitool.com\/pt-pt\/products\/cutting\/ferramentas-diamantadas-pt-pt\/discos-diamantados\/disco-diamantado-segmentado-blacklabel\/#primaryimage\"},\"datePublished\":\"2022-12-02T11:35:29+00:00\",\"dateModified\":\"2024-09-05T08:45:03+00:00\",\"description\":\"O disco diamantado CHEMITOOL BLACKLABEL foi projetado para garantir uma maior rentabilidade e performance de corte, com a mais r\\u00edgida certifica\\u00e7\\u00e3o de seguran\\u00e7a. A gama BLACKLABEL, distingue-se pela excel\\u00eancia dos materiais utilizados no seu processo de fabrico, oferecendo assim um produto de elevada qualidade e seguran\\u00e7a.\",\"breadcrumb\":{\"@id\":\"https:\/\/chemitool.com\/pt-pt\/products\/cutting\/ferramentas-diamantadas-pt-pt\/discos-diamantados\/disco-diamantado-segmentado-blacklabel\/#breadcrumb\"},\"inLanguage\":\"pt-PT\",\"potentialAction\":[{\"@type\":\"ReadAction\",\"target\":[\"https:\/\/chemitool.com\/pt-pt\/products\/cutting\/ferramentas-diamantadas-pt-pt\/discos-diamantados\/disco-diamantado-segmentado-blacklabel\/\"]}]},{\"@type\":\"BreadcrumbList\",\"@id\":\"https:\/\/chemitool.com\/pt-pt\/products\/cutting\/ferramentas-diamantadas-pt-pt\/discos-diamantados\/disco-diamantado-segmentado-blacklabel\/#breadcrumb\",\"itemListElement\":[{\"@type\":\"ListItem\",\"position\":1,\"name\":\"Home\",\"item\":\"https:\/\/chemitool.com\/pt-pt\/\"},{\"@type\":\"ListItem\",\"position\":2,\"name\":\"Produtos\",\"item\":\"https:\/\/chemitool.com\/pt-pt\/produtos\/\"},{\"@type\":\"ListItem\",\"position\":3,\"name\":\"Tools\",\"item\":\"https:\/\/chemitool.com\/pt-pt\/categoria-produto\/tools\/\"},{\"@type\":\"ListItem\",\"position\":4,\"name\":\"Escadas e Escadotes\",\"item\":\"https:\/\/chemitool.com\/pt-pt\/categoria-produto\/tools\/escadas-e-escadotes\/\"},{\"@type\":\"ListItem\",\"position\":5,\"name\":\"DISCO DIAMANTADO SEGMENTADO \\u2013 BLACKLABEL\"}]}]}<\/script>\n<!-- \/ Yoast SEO plugin. -->","yoast_head_json":{"title":"DISCO DIAMANTADO SEGMENTADO \u2013 BLACKLABEL &ndash; Chemitool","description":"O disco diamantado CHEMITOOL BLACKLABEL foi projetado para garantir uma maior rentabilidade e performance de corte, com a mais r\u00edgida certifica\u00e7\u00e3o de seguran\u00e7a. A gama BLACKLABEL, distingue-se pela excel\u00eancia dos materiais utilizados no seu processo de fabrico, oferecendo assim um produto de elevada qualidade e seguran\u00e7a.","robots":{"index":"index","follow":"follow","max-snippet":"max-snippet:-1","max-image-preview":"max-image-preview:large","max-video-preview":"max-video-preview:-1"},"canonical":"https:\/\/chemitool.com\/pt-pt\/products\/cutting\/ferramentas-diamantadas-pt-pt\/discos-diamantados\/disco-diamantado-segmentado-blacklabel\/","og_locale":"pt_PT","og_type":"article","og_title":"DISCO DIAMANTADO SEGMENTADO \u2013 BLACKLABEL &ndash; Chemitool","og_description":"O disco diamantado CHEMITOOL BLACKLABEL foi projetado para garantir uma maior rentabilidade e performance de corte, com a mais r\u00edgida certifica\u00e7\u00e3o de seguran\u00e7a. A gama BLACKLABEL, distingue-se pela excel\u00eancia dos materiais utilizados no seu processo de fabrico, oferecendo assim um produto de elevada qualidade e seguran\u00e7a.","og_url":"https:\/\/chemitool.com\/pt-pt\/products\/cutting\/ferramentas-diamantadas-pt-pt\/discos-diamantados\/disco-diamantado-segmentado-blacklabel\/","og_site_name":"Chemitool","article_publisher":"https:\/\/www.facebook.com\/chemitool","article_modified_time":"2024-09-05T08:45:03+00:00","og_image":[{"width":800,"height":800,"url":"https:\/\/chemitool.com\/wp-content\/uploads\/2022\/12\/CHA0301OSA_5604630110488_site.png","type":"image\/png"}],"twitter_card":"summary_large_image","twitter_misc":{"Tempo estimado de leitura":"1 minuto"},"schema":{"@context":"https:\/\/schema.org","@graph":[{"@type":"Organization","@id":"https:\/\/chemitool.com\/#organization","name":"Chemitool","url":"https:\/\/chemitool.com\/","sameAs":["https:\/\/www.facebook.com\/chemitool","https:\/\/www.instagram.com\/chemitool\/"],"logo":{"@type":"ImageObject","@id":"https:\/\/chemitool.com\/#logo","inLanguage":"pt-PT","url":"https:\/\/chemitool.com\/wp-content\/uploads\/2020\/10\/logo_chemitool.png","contentUrl":"https:\/\/chemitool.com\/wp-content\/uploads\/2020\/10\/logo_chemitool.png","width":400,"height":400,"caption":"Chemitool"},"image":{"@id":"https:\/\/chemitool.com\/#logo"}},{"@type":"WebSite","@id":"https:\/\/chemitool.com\/#website","url":"https:\/\/chemitool.com\/","name":"Chemitool","description":"Chemitool - hardware and tools","publisher":{"@id":"https:\/\/chemitool.com\/#organization"},"potentialAction":[{"@type":"SearchAction","target":{"@type":"EntryPoint","urlTemplate":"https:\/\/chemitool.com\/?s={search_term_string}"},"query-input":"required name=search_term_string"}],"inLanguage":"pt-PT"},{"@type":"ImageObject","@id":"https:\/\/chemitool.com\/pt-pt\/products\/cutting\/ferramentas-diamantadas-pt-pt\/discos-diamantados\/disco-diamantado-segmentado-blacklabel\/#primaryimage","inLanguage":"pt-PT","url":"https:\/\/chemitool.com\/wp-content\/uploads\/2022\/12\/CHA0301OSA_5604630110488_site.png","contentUrl":"https:\/\/chemitool.com\/wp-content\/uploads\/2022\/12\/CHA0301OSA_5604630110488_site.png","width":800,"height":800},{"@type":"WebPage","@id":"https:\/\/chemitool.com\/pt-pt\/products\/cutting\/ferramentas-diamantadas-pt-pt\/discos-diamantados\/disco-diamantado-segmentado-blacklabel\/#webpage","url":"https:\/\/chemitool.com\/pt-pt\/products\/cutting\/ferramentas-diamantadas-pt-pt\/discos-diamantados\/disco-diamantado-segmentado-blacklabel\/","name":"DISCO DIAMANTADO SEGMENTADO \u2013 BLACKLABEL &ndash; Chemitool","isPartOf":{"@id":"https:\/\/chemitool.com\/#website"},"primaryImageOfPage":{"@id":"https:\/\/chemitool.com\/pt-pt\/products\/cutting\/ferramentas-diamantadas-pt-pt\/discos-diamantados\/disco-diamantado-segmentado-blacklabel\/#primaryimage"},"datePublished":"2022-12-02T11:35:29+00:00","dateModified":"2024-09-05T08:45:03+00:00","description":"O disco diamantado CHEMITOOL BLACKLABEL foi projetado para garantir uma maior rentabilidade e performance de corte, com a mais r\u00edgida certifica\u00e7\u00e3o de seguran\u00e7a. A gama BLACKLABEL, distingue-se pela excel\u00eancia dos materiais utilizados no seu processo de fabrico, oferecendo assim um produto de elevada qualidade e seguran\u00e7a.","breadcrumb":{"@id":"https:\/\/chemitool.com\/pt-pt\/products\/cutting\/ferramentas-diamantadas-pt-pt\/discos-diamantados\/disco-diamantado-segmentado-blacklabel\/#breadcrumb"},"inLanguage":"pt-PT","potentialAction":[{"@type":"ReadAction","target":["https:\/\/chemitool.com\/pt-pt\/products\/cutting\/ferramentas-diamantadas-pt-pt\/discos-diamantados\/disco-diamantado-segmentado-blacklabel\/"]}]},{"@type":"BreadcrumbList","@id":"https:\/\/chemitool.com\/pt-pt\/products\/cutting\/ferramentas-diamantadas-pt-pt\/discos-diamantados\/disco-diamantado-segmentado-blacklabel\/#breadcrumb","itemListElement":[{"@type":"ListItem","position":1,"name":"Home","item":"https:\/\/chemitool.com\/pt-pt\/"},{"@type":"ListItem","position":2,"name":"Produtos","item":"https:\/\/chemitool.com\/pt-pt\/produtos\/"},{"@type":"ListItem","position":3,"name":"Tools","item":"https:\/\/chemitool.com\/pt-pt\/categoria-produto\/tools\/"},{"@type":"ListItem","position":4,"name":"Escadas e Escadotes","item":"https:\/\/chemitool.com\/pt-pt\/categoria-produto\/tools\/escadas-e-escadotes\/"},{"@type":"ListItem","position":5,"name":"DISCO DIAMANTADO SEGMENTADO \u2013 BLACKLABEL"}]}]}},"_links":{"self":[{"href":"https:\/\/chemitool.com\/pt-pt\/wp-json\/wp\/v2\/product\/28356"}],"collection":[{"href":"https:\/\/chemitool.com\/pt-pt\/wp-json\/wp\/v2\/product"}],"about":[{"href":"https:\/\/chemitool.com\/pt-pt\/wp-json\/wp\/v2\/types\/product"}],"wp:featuredmedia":[{"embeddable":true,"href":"https:\/\/chemitool.com\/pt-pt\/wp-json\/wp\/v2\/media\/28386"}],"wp:attachment":[{"href":"https:\/\/chemitool.com\/pt-pt\/wp-json\/wp\/v2\/media?parent=28356"}],"wp:term":[{"taxonomy":"product_cat","embeddable":true,"href":"https:\/\/chemitool.com\/pt-pt\/wp-json\/wp\/v2\/product_cat?post=28356"},{"taxonomy":"product_tag","embeddable":true,"href":"https:\/\/chemitool.com\/pt-pt\/wp-json\/wp\/v2\/product_tag?post=28356"}],"curies":[{"name":"wp","href":"https:\/\/api.w.org\/{rel}","templated":true}]}}