{"id":28176,"date":"2022-11-29T15:49:54","date_gmt":"2022-11-29T15:50:04","guid":{"rendered":"https:\/\/chemitool.com\/?post_type=product&#038;p=28176"},"modified":"2022-11-30T17:39:17","modified_gmt":"2022-11-30T17:39:17","slug":"zya","status":"publish","type":"product","link":"https:\/\/chemitool.com\/pt-pt\/products\/cutting\/ferramentas-de-fresagem-e-desbaste\/fresas-de-metal-duro\/zya\/","title":{"rendered":"ZYA"},"content":{"rendered":"<p><strong>VANTAGENS<\/strong><\/p>\n<ul>\n<li>Cabe\u00e7a totalmente em tungst\u00e9nio<\/li>\n<li>Soldadura profissional<\/li>\n<li>Elevada capacidade de remo\u00e7\u00e3o de material<\/li>\n<li>Dispon\u00edvel do di\u00e2metro 3 a 16mm<\/li>\n<li>Comprimento de 33 a 163mm<\/li>\n<li>Resist\u00eancia \u00e0 quebra<\/li>\n<li>Longa vida \u00fatil da ferramenta<\/li>\n<\/ul>\n<p>A fresa de metal duro <strong>CHEMITOOL<\/strong> \u00e9 constitu\u00edda por uma cabe\u00e7a s\u00f3lida totalmente formada em tungst\u00e9nio, preparada especialmente para a remo\u00e7\u00e3o, nivelamento e trabalhos em cord\u00f5es de soldadura. Maioritariamente destinada \u00e0 remo\u00e7\u00e3o r\u00e1pida de material, esta caracter\u00edstica faz com que o operador diminua o tempo de utiliza\u00e7\u00e3o e poupe energia.<\/p>\n<p>As fresas de metal duro possuem dois tipos de cortantes com base na norma DIN8033, corte cruzado (uso universal), corte simples (uso para acabamento) e corte simples espa\u00e7ado (alum\u00ednio).<\/p>\n<p>Na gama <strong>CHEMITOOL <\/strong>temos dispon\u00edveis as seguintes formas de acordo com a normativa DIN8032:<\/p>\n<p>Forma A (ZYA)<br \/>\nForma B c\/ dentado frontal (ZYAS)<br \/>\nForma C (WRC)<br \/>\nForma D (KUD)<br \/>\nForma E (TRE)<br \/>\nForma F (RBF)<br \/>\nForma G (SPG)<br \/>\nForma H (FLH)<br \/>\nForma J (KSJ)<br \/>\nForma K (KSK)<br \/>\nForma M (SKM)<br \/>\nForma L (KEL)<br \/>\nForma N (WKN)<br \/>\nForma DISCO<\/p>\n<p>Dispon\u00edvel tamb\u00e9m em conjunto de 5unidades de 10mm de di\u00e2metro em caixa (ZYAS, WRC, SPG, RBF e KUD).<\/p>\n<p><img class=\"alignnone wp-image-23608\" src=\"https:\/\/chemitool.com\/wp-content\/uploads\/2022\/06\/Condutividade-300x300.png\" alt=\"\" width=\"60\" height=\"60\" srcset=\"https:\/\/chemitool.com\/wp-content\/uploads\/2022\/06\/Condutividade-300x300.png 300w, https:\/\/chemitool.com\/wp-content\/uploads\/2022\/06\/Condutividade-150x150.png 150w, https:\/\/chemitool.com\/wp-content\/uploads\/2022\/06\/Condutividade-100x100.png 100w, https:\/\/chemitool.com\/wp-content\/uploads\/2022\/06\/Condutividade.png 377w\" sizes=\"(max-width: 60px) 100vw, 60px\" \/><img class=\"alignnone wp-image-21338\" src=\"https:\/\/chemitool.com\/wp-content\/uploads\/2022\/04\/Artboard-3-1-300x300.png\" alt=\"\" width=\"67\" height=\"67\" srcset=\"https:\/\/chemitool.com\/wp-content\/uploads\/2022\/04\/Artboard-3-1-300x300.png 300w, https:\/\/chemitool.com\/wp-content\/uploads\/2022\/04\/Artboard-3-1-150x150.png 150w, https:\/\/chemitool.com\/wp-content\/uploads\/2022\/04\/Artboard-3-1-768x767.png 768w, https:\/\/chemitool.com\/wp-content\/uploads\/2022\/04\/Artboard-3-1-650x650.png 650w, https:\/\/chemitool.com\/wp-content\/uploads\/2022\/04\/Artboard-3-1-600x599.png 600w, https:\/\/chemitool.com\/wp-content\/uploads\/2022\/04\/Artboard-3-1-100x100.png 100w, https:\/\/chemitool.com\/wp-content\/uploads\/2022\/04\/Artboard-3-1.png 801w\" sizes=\"(max-width: 67px) 100vw, 67px\" \/><img class=\"alignnone wp-image-21344\" src=\"https:\/\/chemitool.com\/wp-content\/uploads\/2022\/04\/Artboard-5-1-300x300.png\" alt=\"\" width=\"68\" height=\"68\" srcset=\"https:\/\/chemitool.com\/wp-content\/uploads\/2022\/04\/Artboard-5-1-300x300.png 300w, https:\/\/chemitool.com\/wp-content\/uploads\/2022\/04\/Artboard-5-1-150x150.png 150w, https:\/\/chemitool.com\/wp-content\/uploads\/2022\/04\/Artboard-5-1-768x767.png 768w, https:\/\/chemitool.com\/wp-content\/uploads\/2022\/04\/Artboard-5-1-650x650.png 650w, https:\/\/chemitool.com\/wp-content\/uploads\/2022\/04\/Artboard-5-1-600x599.png 600w, https:\/\/chemitool.com\/wp-content\/uploads\/2022\/04\/Artboard-5-1-100x100.png 100w, https:\/\/chemitool.com\/wp-content\/uploads\/2022\/04\/Artboard-5-1.png 801w\" sizes=\"(max-width: 68px) 100vw, 68px\" \/><img class=\"alignnone wp-image-21341\" src=\"https:\/\/chemitool.com\/wp-content\/uploads\/2022\/04\/Artboard-4-1-300x300.png\" alt=\"\" width=\"64\" height=\"64\" srcset=\"https:\/\/chemitool.com\/wp-content\/uploads\/2022\/04\/Artboard-4-1-300x300.png 300w, https:\/\/chemitool.com\/wp-content\/uploads\/2022\/04\/Artboard-4-1-150x150.png 150w, https:\/\/chemitool.com\/wp-content\/uploads\/2022\/04\/Artboard-4-1-768x767.png 768w, https:\/\/chemitool.com\/wp-content\/uploads\/2022\/04\/Artboard-4-1-650x650.png 650w, https:\/\/chemitool.com\/wp-content\/uploads\/2022\/04\/Artboard-4-1-600x599.png 600w, https:\/\/chemitool.com\/wp-content\/uploads\/2022\/04\/Artboard-4-1-100x100.png 100w, https:\/\/chemitool.com\/wp-content\/uploads\/2022\/04\/Artboard-4-1.png 801w\" sizes=\"(max-width: 64px) 100vw, 64px\" \/><img class=\"alignnone wp-image-23605\" src=\"https:\/\/chemitool.com\/wp-content\/uploads\/2022\/06\/CorteMao-300x300.png\" alt=\"\" width=\"60\" height=\"60\" srcset=\"https:\/\/chemitool.com\/wp-content\/uploads\/2022\/06\/CorteMao-300x300.png 300w, https:\/\/chemitool.com\/wp-content\/uploads\/2022\/06\/CorteMao-150x150.png 150w, https:\/\/chemitool.com\/wp-content\/uploads\/2022\/06\/CorteMao-100x100.png 100w, https:\/\/chemitool.com\/wp-content\/uploads\/2022\/06\/CorteMao.png 378w\" sizes=\"(max-width: 60px) 100vw, 60px\" \/><\/p>\n","protected":false},"excerpt":{"rendered":"<p>As<em> fresas de metal duro CHEMITOOL<\/em> foram projetadas para os trabalhos mais exigentes e de longa dura\u00e7\u00e3o, permitindo assim ao profissional uma excelente rela\u00e7\u00e3o de qualidade e performance no desbaste e retifica\u00e7\u00e3o de metais.<\/p>\n","protected":false},"featured_media":28344,"template":"","meta":[],"product_cat":[1422,4607,4610],"product_tag":[],"yoast_head":"<!-- This site is optimized with the Yoast SEO plugin v17.4 - https:\/\/yoast.com\/wordpress\/plugins\/seo\/ -->\n<title>ZYA &ndash; Chemitool<\/title>\n<meta name=\"description\" content=\"As fresas de metal duro CHEMITOOL foram projetadas para os trabalhos mais exigentes e de longa dura\u00e7\u00e3o, permitindo assim ao profissional uma excelente rela\u00e7\u00e3o de qualidade e performance no desbaste e retifica\u00e7\u00e3o de metais.\" \/>\n<meta name=\"robots\" content=\"index, follow, max-snippet:-1, max-image-preview:large, max-video-preview:-1\" \/>\n<link rel=\"canonical\" href=\"https:\/\/chemitool.com\/pt-pt\/products\/cutting\/ferramentas-de-fresagem-e-desbaste\/fresas-de-metal-duro\/zya\/\" \/>\n<meta property=\"og:locale\" content=\"pt_PT\" \/>\n<meta property=\"og:type\" content=\"article\" \/>\n<meta property=\"og:title\" content=\"ZYA &ndash; Chemitool\" \/>\n<meta property=\"og:description\" content=\"As fresas de metal duro CHEMITOOL foram projetadas para os trabalhos mais exigentes e de longa dura\u00e7\u00e3o, permitindo assim ao profissional uma excelente rela\u00e7\u00e3o de qualidade e performance no desbaste e retifica\u00e7\u00e3o de metais.\" \/>\n<meta property=\"og:url\" content=\"https:\/\/chemitool.com\/pt-pt\/products\/cutting\/ferramentas-de-fresagem-e-desbaste\/fresas-de-metal-duro\/zya\/\" \/>\n<meta property=\"og:site_name\" content=\"Chemitool\" \/>\n<meta property=\"article:publisher\" content=\"https:\/\/www.facebook.com\/chemitool\" \/>\n<meta property=\"article:modified_time\" content=\"2022-11-30T17:39:17+00:00\" \/>\n<meta property=\"og:image\" content=\"https:\/\/chemitool.com\/wp-content\/uploads\/2022\/11\/CHA23A_ZYA.png\" \/>\n\t<meta property=\"og:image:width\" content=\"800\" \/>\n\t<meta property=\"og:image:height\" content=\"800\" \/>\n<meta name=\"twitter:card\" content=\"summary_large_image\" \/>\n<meta name=\"twitter:label1\" content=\"Tempo estimado de leitura\" \/>\n\t<meta name=\"twitter:data1\" content=\"1 minuto\" \/>\n<script type=\"application\/ld+json\" class=\"yoast-schema-graph\">{\"@context\":\"https:\/\/schema.org\",\"@graph\":[{\"@type\":\"Organization\",\"@id\":\"https:\/\/chemitool.com\/#organization\",\"name\":\"Chemitool\",\"url\":\"https:\/\/chemitool.com\/\",\"sameAs\":[\"https:\/\/www.facebook.com\/chemitool\",\"https:\/\/www.instagram.com\/chemitool\/\"],\"logo\":{\"@type\":\"ImageObject\",\"@id\":\"https:\/\/chemitool.com\/#logo\",\"inLanguage\":\"pt-PT\",\"url\":\"https:\/\/chemitool.com\/wp-content\/uploads\/2020\/10\/logo_chemitool.png\",\"contentUrl\":\"https:\/\/chemitool.com\/wp-content\/uploads\/2020\/10\/logo_chemitool.png\",\"width\":400,\"height\":400,\"caption\":\"Chemitool\"},\"image\":{\"@id\":\"https:\/\/chemitool.com\/#logo\"}},{\"@type\":\"WebSite\",\"@id\":\"https:\/\/chemitool.com\/#website\",\"url\":\"https:\/\/chemitool.com\/\",\"name\":\"Chemitool\",\"description\":\"Chemitool - hardware and tools\",\"publisher\":{\"@id\":\"https:\/\/chemitool.com\/#organization\"},\"potentialAction\":[{\"@type\":\"SearchAction\",\"target\":{\"@type\":\"EntryPoint\",\"urlTemplate\":\"https:\/\/chemitool.com\/?s={search_term_string}\"},\"query-input\":\"required name=search_term_string\"}],\"inLanguage\":\"pt-PT\"},{\"@type\":\"ImageObject\",\"@id\":\"https:\/\/chemitool.com\/pt-pt\/products\/cutting\/ferramentas-de-fresagem-e-desbaste\/fresas-de-metal-duro\/zya\/#primaryimage\",\"inLanguage\":\"pt-PT\",\"url\":\"https:\/\/chemitool.com\/wp-content\/uploads\/2022\/11\/CHA23A_ZYA-1.png\",\"contentUrl\":\"https:\/\/chemitool.com\/wp-content\/uploads\/2022\/11\/CHA23A_ZYA-1.png\",\"width\":800,\"height\":800},{\"@type\":\"WebPage\",\"@id\":\"https:\/\/chemitool.com\/pt-pt\/products\/cutting\/ferramentas-de-fresagem-e-desbaste\/fresas-de-metal-duro\/zya\/#webpage\",\"url\":\"https:\/\/chemitool.com\/pt-pt\/products\/cutting\/ferramentas-de-fresagem-e-desbaste\/fresas-de-metal-duro\/zya\/\",\"name\":\"ZYA &ndash; Chemitool\",\"isPartOf\":{\"@id\":\"https:\/\/chemitool.com\/#website\"},\"primaryImageOfPage\":{\"@id\":\"https:\/\/chemitool.com\/pt-pt\/products\/cutting\/ferramentas-de-fresagem-e-desbaste\/fresas-de-metal-duro\/zya\/#primaryimage\"},\"datePublished\":\"2022-11-29T15:50:04+00:00\",\"dateModified\":\"2022-11-30T17:39:17+00:00\",\"description\":\"As fresas de metal duro CHEMITOOL foram projetadas para os trabalhos mais exigentes e de longa dura\\u00e7\\u00e3o, permitindo assim ao profissional uma excelente rela\\u00e7\\u00e3o de qualidade e performance no desbaste e retifica\\u00e7\\u00e3o de metais.\",\"breadcrumb\":{\"@id\":\"https:\/\/chemitool.com\/pt-pt\/products\/cutting\/ferramentas-de-fresagem-e-desbaste\/fresas-de-metal-duro\/zya\/#breadcrumb\"},\"inLanguage\":\"pt-PT\",\"potentialAction\":[{\"@type\":\"ReadAction\",\"target\":[\"https:\/\/chemitool.com\/pt-pt\/products\/cutting\/ferramentas-de-fresagem-e-desbaste\/fresas-de-metal-duro\/zya\/\"]}]},{\"@type\":\"BreadcrumbList\",\"@id\":\"https:\/\/chemitool.com\/pt-pt\/products\/cutting\/ferramentas-de-fresagem-e-desbaste\/fresas-de-metal-duro\/zya\/#breadcrumb\",\"itemListElement\":[{\"@type\":\"ListItem\",\"position\":1,\"name\":\"Home\",\"item\":\"https:\/\/chemitool.com\/pt-pt\/\"},{\"@type\":\"ListItem\",\"position\":2,\"name\":\"Produtos\",\"item\":\"https:\/\/chemitool.com\/pt-pt\/produtos\/\"},{\"@type\":\"ListItem\",\"position\":3,\"name\":\"Cutting\",\"item\":\"https:\/\/chemitool.com\/pt-pt\/categoria-produto\/cutting\/\"},{\"@type\":\"ListItem\",\"position\":4,\"name\":\"FERRAMENTAS DE FRESAGEM E DESBASTE\",\"item\":\"https:\/\/chemitool.com\/pt-pt\/categoria-produto\/cutting\/ferramentas-de-fresagem-e-desbaste\/\"},{\"@type\":\"ListItem\",\"position\":5,\"name\":\"FRESAS DE METAL DURO\",\"item\":\"https:\/\/chemitool.com\/pt-pt\/categoria-produto\/cutting\/ferramentas-de-fresagem-e-desbaste\/fresas-de-metal-duro\/\"},{\"@type\":\"ListItem\",\"position\":6,\"name\":\"ZYA\"}]}]}<\/script>\n<!-- \/ Yoast SEO plugin. -->","yoast_head_json":{"title":"ZYA &ndash; Chemitool","description":"As fresas de metal duro CHEMITOOL foram projetadas para os trabalhos mais exigentes e de longa dura\u00e7\u00e3o, permitindo assim ao profissional uma excelente rela\u00e7\u00e3o de qualidade e performance no desbaste e retifica\u00e7\u00e3o de metais.","robots":{"index":"index","follow":"follow","max-snippet":"max-snippet:-1","max-image-preview":"max-image-preview:large","max-video-preview":"max-video-preview:-1"},"canonical":"https:\/\/chemitool.com\/pt-pt\/products\/cutting\/ferramentas-de-fresagem-e-desbaste\/fresas-de-metal-duro\/zya\/","og_locale":"pt_PT","og_type":"article","og_title":"ZYA &ndash; Chemitool","og_description":"As fresas de metal duro CHEMITOOL foram projetadas para os trabalhos mais exigentes e de longa dura\u00e7\u00e3o, permitindo assim ao profissional uma excelente rela\u00e7\u00e3o de qualidade e performance no desbaste e retifica\u00e7\u00e3o de metais.","og_url":"https:\/\/chemitool.com\/pt-pt\/products\/cutting\/ferramentas-de-fresagem-e-desbaste\/fresas-de-metal-duro\/zya\/","og_site_name":"Chemitool","article_publisher":"https:\/\/www.facebook.com\/chemitool","article_modified_time":"2022-11-30T17:39:17+00:00","og_image":[{"width":800,"height":800,"url":"https:\/\/chemitool.com\/wp-content\/uploads\/2022\/11\/CHA23A_ZYA.png","type":"image\/png"}],"twitter_card":"summary_large_image","twitter_misc":{"Tempo estimado de leitura":"1 minuto"},"schema":{"@context":"https:\/\/schema.org","@graph":[{"@type":"Organization","@id":"https:\/\/chemitool.com\/#organization","name":"Chemitool","url":"https:\/\/chemitool.com\/","sameAs":["https:\/\/www.facebook.com\/chemitool","https:\/\/www.instagram.com\/chemitool\/"],"logo":{"@type":"ImageObject","@id":"https:\/\/chemitool.com\/#logo","inLanguage":"pt-PT","url":"https:\/\/chemitool.com\/wp-content\/uploads\/2020\/10\/logo_chemitool.png","contentUrl":"https:\/\/chemitool.com\/wp-content\/uploads\/2020\/10\/logo_chemitool.png","width":400,"height":400,"caption":"Chemitool"},"image":{"@id":"https:\/\/chemitool.com\/#logo"}},{"@type":"WebSite","@id":"https:\/\/chemitool.com\/#website","url":"https:\/\/chemitool.com\/","name":"Chemitool","description":"Chemitool - hardware and tools","publisher":{"@id":"https:\/\/chemitool.com\/#organization"},"potentialAction":[{"@type":"SearchAction","target":{"@type":"EntryPoint","urlTemplate":"https:\/\/chemitool.com\/?s={search_term_string}"},"query-input":"required name=search_term_string"}],"inLanguage":"pt-PT"},{"@type":"ImageObject","@id":"https:\/\/chemitool.com\/pt-pt\/products\/cutting\/ferramentas-de-fresagem-e-desbaste\/fresas-de-metal-duro\/zya\/#primaryimage","inLanguage":"pt-PT","url":"https:\/\/chemitool.com\/wp-content\/uploads\/2022\/11\/CHA23A_ZYA-1.png","contentUrl":"https:\/\/chemitool.com\/wp-content\/uploads\/2022\/11\/CHA23A_ZYA-1.png","width":800,"height":800},{"@type":"WebPage","@id":"https:\/\/chemitool.com\/pt-pt\/products\/cutting\/ferramentas-de-fresagem-e-desbaste\/fresas-de-metal-duro\/zya\/#webpage","url":"https:\/\/chemitool.com\/pt-pt\/products\/cutting\/ferramentas-de-fresagem-e-desbaste\/fresas-de-metal-duro\/zya\/","name":"ZYA &ndash; Chemitool","isPartOf":{"@id":"https:\/\/chemitool.com\/#website"},"primaryImageOfPage":{"@id":"https:\/\/chemitool.com\/pt-pt\/products\/cutting\/ferramentas-de-fresagem-e-desbaste\/fresas-de-metal-duro\/zya\/#primaryimage"},"datePublished":"2022-11-29T15:50:04+00:00","dateModified":"2022-11-30T17:39:17+00:00","description":"As fresas de metal duro CHEMITOOL foram projetadas para os trabalhos mais exigentes e de longa dura\u00e7\u00e3o, permitindo assim ao profissional uma excelente rela\u00e7\u00e3o de qualidade e performance no desbaste e retifica\u00e7\u00e3o de metais.","breadcrumb":{"@id":"https:\/\/chemitool.com\/pt-pt\/products\/cutting\/ferramentas-de-fresagem-e-desbaste\/fresas-de-metal-duro\/zya\/#breadcrumb"},"inLanguage":"pt-PT","potentialAction":[{"@type":"ReadAction","target":["https:\/\/chemitool.com\/pt-pt\/products\/cutting\/ferramentas-de-fresagem-e-desbaste\/fresas-de-metal-duro\/zya\/"]}]},{"@type":"BreadcrumbList","@id":"https:\/\/chemitool.com\/pt-pt\/products\/cutting\/ferramentas-de-fresagem-e-desbaste\/fresas-de-metal-duro\/zya\/#breadcrumb","itemListElement":[{"@type":"ListItem","position":1,"name":"Home","item":"https:\/\/chemitool.com\/pt-pt\/"},{"@type":"ListItem","position":2,"name":"Produtos","item":"https:\/\/chemitool.com\/pt-pt\/produtos\/"},{"@type":"ListItem","position":3,"name":"Cutting","item":"https:\/\/chemitool.com\/pt-pt\/categoria-produto\/cutting\/"},{"@type":"ListItem","position":4,"name":"FERRAMENTAS DE FRESAGEM E DESBASTE","item":"https:\/\/chemitool.com\/pt-pt\/categoria-produto\/cutting\/ferramentas-de-fresagem-e-desbaste\/"},{"@type":"ListItem","position":5,"name":"FRESAS DE METAL DURO","item":"https:\/\/chemitool.com\/pt-pt\/categoria-produto\/cutting\/ferramentas-de-fresagem-e-desbaste\/fresas-de-metal-duro\/"},{"@type":"ListItem","position":6,"name":"ZYA"}]}]}},"_links":{"self":[{"href":"https:\/\/chemitool.com\/pt-pt\/wp-json\/wp\/v2\/product\/28176"}],"collection":[{"href":"https:\/\/chemitool.com\/pt-pt\/wp-json\/wp\/v2\/product"}],"about":[{"href":"https:\/\/chemitool.com\/pt-pt\/wp-json\/wp\/v2\/types\/product"}],"wp:featuredmedia":[{"embeddable":true,"href":"https:\/\/chemitool.com\/pt-pt\/wp-json\/wp\/v2\/media\/28344"}],"wp:attachment":[{"href":"https:\/\/chemitool.com\/pt-pt\/wp-json\/wp\/v2\/media?parent=28176"}],"wp:term":[{"taxonomy":"product_cat","embeddable":true,"href":"https:\/\/chemitool.com\/pt-pt\/wp-json\/wp\/v2\/product_cat?post=28176"},{"taxonomy":"product_tag","embeddable":true,"href":"https:\/\/chemitool.com\/pt-pt\/wp-json\/wp\/v2\/product_tag?post=28176"}],"curies":[{"name":"wp","href":"https:\/\/api.w.org\/{rel}","templated":true}]}}